{"id":29235,"date":"2024-10-03T15:08:36","date_gmt":"2024-10-03T15:08:36","guid":{"rendered":"https:\/\/safetysourcefire.ca\/?post_type=product&#038;p=29235"},"modified":"2024-10-03T15:16:08","modified_gmt":"2024-10-03T15:16:08","slug":"bullseye-digital-fire-extinguisher-training-system","status":"publish","type":"product","link":"https:\/\/staging.safetysourcefire.ca\/fr_ca\/produit\/bullseye-digital-fire-extinguisher-training-system\/","title":{"rendered":"Syst\u00e8me de formation \u00e0 l&#039;extinction d&#039;incendie num\u00e9rique BullsEye\u2122"},"content":{"rendered":"<p>Entra\u00eenez-vous n'importe o\u00f9<\/p>\n<ul>\n<li>Organisez des formations dans tout environnement o\u00f9 des incendies se produisent r\u00e9ellement : un immeuble de bureaux, une \u00e9cole, un h\u00f4pital, etc.<\/li>\n<\/ul>\n<p>\u00c9vitez le nettoyage salissant<\/p>\n<ul>\n<li>Ne d\u00e9pendez pas d\u2019un extincteur \u00e0 poudre chimique ou au CO2, ce syst\u00e8me ne laisse aucun d\u00e9g\u00e2t \u00e0 nettoyer.<\/li>\n<\/ul>\n<p>Caract\u00e9ristiques r\u00e9alistes<\/p>\n<ul>\n<li>Les flammes r\u00e9agissent comme un vrai feu pour une intensit\u00e9 accrue.<\/li>\n<\/ul>\n<p>Connectez-vous sans fil avec plusieurs accessoires<\/p>\n<ul>\n<li>Cr\u00e9ez le sc\u00e9nario de formation ultime en vous connectant \u00e0 un <a href=\"https:\/\/staging.safetysourcefire.ca\/fr_ca\/produit\/sg1000-smoke-generator\/\">G\u00e9n\u00e9rateur de fum\u00e9e SG1000\u2122<\/a> ou la Station RACE.<\/li>\n<\/ul>\n<p><a href=\"https:\/\/www.lionprotects.com\/cs\/c\/?cta_guid=44b48ffb-30de-41eb-a190-3e7eed0677ac&amp;signature=AAH58kHWMsAksaUtKKWpLLnoMcObPrDAVg&amp;portal_id=3475623&amp;pageId=5526828383&amp;placement_guid=97bc734a-e088-497a-97ec-e6ebf6145133&amp;click=c6750f19-23e8-4af3-b4aa-c38808e635a3&amp;redirect_url=APefjpEYR7FUGYF7hBOMqWF0VWMndxj9z7Nn88atK1wygb5A7pkuEeZTAJdlNKDk_0mVcx_gl_2lTUEGCyrUk_68FWDmMIsPA3VlIWHGBvk4yb1gb_ycqta34TzIM09YgIWNX8BO09cv8ypBvniwDxowYK3pbE0vtDLycMhUyJHkvIQ_-Z7PrfVOgcNnH1zdg-QpGDLJEGhrgZFdO-IYZNZfPAyup-aGtN4BsFSI0f4CPkNjyXj-GTLxChuDMrz-ju-CjhhOzFUD&amp;hsutk=cc30ec5c4b9619ec152efe6fe743385c&amp;canon=https%3A%2F%2Fwww.lionprotects.com%2Ffire-extinguisher-trainer-bullseye-simulator&amp;ts=1727964697490&amp;__hstc=47088440.cc30ec5c4b9619ec152efe6fe743385c.1727964697668.1727964697668.1727964697668.1&amp;__hssc=47088440.1.1727964697668&amp;__hsfp=3990537976&amp;contentType=standard-page\">T\u00e9l\u00e9charger la fiche technique de Bullseye\u2122<\/a><\/p>\n<p><a href=\"https:\/\/www.lionprotects.com\/cs\/c\/?cta_guid=30d82b6b-c8d4-4e14-a8c9-691146b546f8&amp;signature=AAH58kHtOghOJcxhqXgvvuu6X3fmPXCjSg&amp;utm_referrer=https%3A%2F%2Fwww.lionprotects.com%2Fsearch-results%3Fsearch%3DRACE+station&amp;portal_id=3475623&amp;pageId=5725845564&amp;placement_guid=56ac8ab5-9a25-4819-b178-5b956cc3c2e3&amp;click=5bd535a3-f570-4bfe-b777-1860497c26b0&amp;redirect_url=APefjpEyTGmUwYVggj08afr8KP7PzCuVkZCSye3H2CsTdT_GRq61Pbd9Eh9xd6jK8Dkws8kXogog5hjnKK4203iETixBhjwEmN6-M4zAUtZeDwidSVW5gWBvQyfSPScnhJLm6qXg2fSfBQdr80h0dnzTiYUCWgQ6NxjkV4RhD649LGT7Y7hX-zw7LSgvny7-iDL_vjNeJTrhr2TTjqqYwwthbWIpNPPtxSqFuchPSa-ozAgWYGKwDpLJjZL1S3ehH_qMVnpXEkoKKOlPpioT24OAjw8FhYxKzFsEmQsLNMLfwusR_T729d8QAm7ZzRfYyB7XOgZXgx0Oq6RZj_HvO-IuDTcvl4pTvdAD3MqVkMNPPWjsOgOYnauBhs23Ed3TxOF6FZt51XxWsn-mY0qethYKrJCs1o66NA&amp;hsutk=cc30ec5c4b9619ec152efe6fe743385c&amp;canon=https%3A%2F%2Fwww.lionprotects.com%2Frace-station&amp;ts=1727968296006&amp;__hstc=47088440.cc30ec5c4b9619ec152efe6fe743385c.1727964697668.1727964697668.1727964697668.1&amp;__hssc=47088440.9.1727964697668&amp;__hsfp=3990537976&amp;contentType=standard-page\">T\u00e9l\u00e9charger la fiche technique de RACE Station\u2122<\/a><\/p>\n<p>&nbsp;<\/p>\n<p style=\"text-align: center;\"><iframe class=\"youtube-video\" title=\"lecteur vid\u00e9o YouTube\" src=\"https:\/\/www.youtube.com\/embed\/r-39yRjiyp4?si=fBJailPL3CfrGtla\" frameborder=\"0\" allowfullscreen=\"allowfullscreen\"><br \/>\n<\/iframe><\/p>\n<p style=\"text-align: center;\"><iframe class=\"youtube-video\" title=\"lecteur vid\u00e9o YouTube\" src=\"https:\/\/www.youtube.com\/embed\/OQDKcgxBGK4?si=T23JaI2kDqlQd4b7\" frameborder=\"0\" allowfullscreen=\"allowfullscreen\"><br \/>\n<\/iframe><\/p>","protected":false},"excerpt":{"rendered":"<p>Formation sur l&#039;utilisation d&#039;un extincteur \u00e0 laser<\/p>","protected":false},"featured_media":29237,"template":"","meta":[],"product_brand":[421],"product_cat":[139,509,57],"product_tag":[493],"class_list":{"0":"post-29235","1":"product","2":"type-product","3":"status-publish","4":"has-post-thumbnail","6":"product_brand-lion","7":"product_cat-digital","8":"product_cat-lion-firefighter-training-props","9":"product_cat-training-products","10":"product_tag-lion","12":"first","13":"instock","14":"shipping-taxable","15":"product-type-simple"},"yoast_head":"<!-- This site is optimized with the Yoast SEO plugin v27.4 - https:\/\/yoast.com\/product\/yoast-seo-wordpress\/ -->\n<title>BullsEye\u2122 Digital Fire Extinguisher Training System - Safety Source Fire<\/title>\n<meta name=\"robots\" content=\"noindex, follow, max-snippet:-1, max-image-preview:large, max-video-preview:-1\" \/>\n<meta property=\"og:locale\" content=\"fr_CA\" \/>\n<meta property=\"og:type\" content=\"article\" \/>\n<meta property=\"og:title\" content=\"BullsEye\u2122 Digital Fire Extinguisher Training System - Safety Source Fire\" \/>\n<meta property=\"og:description\" content=\"Laser-driven fire extinguisher training\" \/>\n<meta property=\"og:url\" content=\"https:\/\/staging.safetysourcefire.ca\/fr_ca\/produit\/bullseye-digital-fire-extinguisher-training-system\/\" \/>\n<meta property=\"og:site_name\" content=\"Safety Source Fire\" \/>\n<meta property=\"article:publisher\" content=\"https:\/\/www.facebook.com\/mmfssca\" \/>\n<meta property=\"article:modified_time\" content=\"2024-10-03T15:16:08+00:00\" \/>\n<meta property=\"og:image\" content=\"https:\/\/staging.safetysourcefire.ca\/wp-content\/uploads\/2024\/10\/bullseye_fd.jpg\" \/>\n\t<meta property=\"og:image:width\" content=\"600\" \/>\n\t<meta property=\"og:image:height\" content=\"600\" \/>\n\t<meta property=\"og:image:type\" content=\"image\/jpeg\" \/>\n<meta name=\"twitter:card\" content=\"summary_large_image\" \/>\n<meta name=\"twitter:site\" content=\"@mmfssca\" \/>\n<meta name=\"twitter:label1\" content=\"Estimation du temps de lecture\" \/>\n\t<meta name=\"twitter:data1\" content=\"1 minute\" \/>\n<script type=\"application\/ld+json\" class=\"yoast-schema-graph\">{\"@context\":\"https:\\\/\\\/schema.org\",\"@graph\":[{\"@type\":\"WebPage\",\"@id\":\"https:\\\/\\\/staging.safetysourcefire.ca\\\/product\\\/bullseye-digital-fire-extinguisher-training-system\\\/\",\"url\":\"https:\\\/\\\/staging.safetysourcefire.ca\\\/product\\\/bullseye-digital-fire-extinguisher-training-system\\\/\",\"name\":\"BullsEye\u2122 Digital Fire Extinguisher Training System - Safety Source Fire\",\"isPartOf\":{\"@id\":\"https:\\\/\\\/staging.safetysourcefire.ca\\\/#website\"},\"primaryImageOfPage\":{\"@id\":\"https:\\\/\\\/staging.safetysourcefire.ca\\\/product\\\/bullseye-digital-fire-extinguisher-training-system\\\/#primaryimage\"},\"image\":{\"@id\":\"https:\\\/\\\/staging.safetysourcefire.ca\\\/product\\\/bullseye-digital-fire-extinguisher-training-system\\\/#primaryimage\"},\"thumbnailUrl\":\"https:\\\/\\\/staging.safetysourcefire.ca\\\/wp-content\\\/uploads\\\/2024\\\/10\\\/bullseye_fd.jpg\",\"datePublished\":\"2024-10-03T15:08:36+00:00\",\"dateModified\":\"2024-10-03T15:16:08+00:00\",\"breadcrumb\":{\"@id\":\"https:\\\/\\\/staging.safetysourcefire.ca\\\/product\\\/bullseye-digital-fire-extinguisher-training-system\\\/#breadcrumb\"},\"inLanguage\":\"fr-CA\",\"potentialAction\":[{\"@type\":\"ReadAction\",\"target\":[\"https:\\\/\\\/staging.safetysourcefire.ca\\\/product\\\/bullseye-digital-fire-extinguisher-training-system\\\/\"]}]},{\"@type\":\"ImageObject\",\"inLanguage\":\"fr-CA\",\"@id\":\"https:\\\/\\\/staging.safetysourcefire.ca\\\/product\\\/bullseye-digital-fire-extinguisher-training-system\\\/#primaryimage\",\"url\":\"https:\\\/\\\/staging.safetysourcefire.ca\\\/wp-content\\\/uploads\\\/2024\\\/10\\\/bullseye_fd.jpg\",\"contentUrl\":\"https:\\\/\\\/staging.safetysourcefire.ca\\\/wp-content\\\/uploads\\\/2024\\\/10\\\/bullseye_fd.jpg\",\"width\":600,\"height\":600,\"caption\":\"Bullseye training in fire hall\"},{\"@type\":\"BreadcrumbList\",\"@id\":\"https:\\\/\\\/staging.safetysourcefire.ca\\\/product\\\/bullseye-digital-fire-extinguisher-training-system\\\/#breadcrumb\",\"itemListElement\":[{\"@type\":\"ListItem\",\"position\":1,\"name\":\"Home\",\"item\":\"https:\\\/\\\/staging.safetysourcefire.ca\\\/\"},{\"@type\":\"ListItem\",\"position\":2,\"name\":\"Products\",\"item\":\"https:\\\/\\\/staging.safetysourcefire.ca\\\/shop\\\/\"},{\"@type\":\"ListItem\",\"position\":3,\"name\":\"BullsEye\u2122 Digital Fire Extinguisher Training System\"}]},{\"@type\":\"WebSite\",\"@id\":\"https:\\\/\\\/staging.safetysourcefire.ca\\\/#website\",\"url\":\"https:\\\/\\\/staging.safetysourcefire.ca\\\/\",\"name\":\"Safety Source Fire\",\"description\":\"\",\"publisher\":{\"@id\":\"https:\\\/\\\/staging.safetysourcefire.ca\\\/#organization\"},\"potentialAction\":[{\"@type\":\"SearchAction\",\"target\":{\"@type\":\"EntryPoint\",\"urlTemplate\":\"https:\\\/\\\/staging.safetysourcefire.ca\\\/?s={search_term_string}\"},\"query-input\":{\"@type\":\"PropertyValueSpecification\",\"valueRequired\":true,\"valueName\":\"search_term_string\"}}],\"inLanguage\":\"fr-CA\"},{\"@type\":\"Organization\",\"@id\":\"https:\\\/\\\/staging.safetysourcefire.ca\\\/#organization\",\"name\":\"Safety Source Fire\",\"url\":\"https:\\\/\\\/staging.safetysourcefire.ca\\\/\",\"logo\":{\"@type\":\"ImageObject\",\"inLanguage\":\"fr-CA\",\"@id\":\"https:\\\/\\\/staging.safetysourcefire.ca\\\/#\\\/schema\\\/logo\\\/image\\\/\",\"url\":\"https:\\\/\\\/staging.safetysourcefire.ca\\\/wp-content\\\/uploads\\\/2021\\\/01\\\/SSF_logo_CC0000-3.png\",\"contentUrl\":\"https:\\\/\\\/staging.safetysourcefire.ca\\\/wp-content\\\/uploads\\\/2021\\\/01\\\/SSF_logo_CC0000-3.png\",\"width\":1107,\"height\":365,\"caption\":\"Safety Source Fire\"},\"image\":{\"@id\":\"https:\\\/\\\/staging.safetysourcefire.ca\\\/#\\\/schema\\\/logo\\\/image\\\/\"},\"sameAs\":[\"https:\\\/\\\/www.facebook.com\\\/mmfssca\",\"https:\\\/\\\/x.com\\\/mmfssca\"]}]}<\/script>\n<!-- \/ Yoast SEO plugin. -->","yoast_head_json":{"title":"Syst\u00e8me de formation \u00e0 l&#039;extinction d&#039;incendie num\u00e9rique BullsEye\u2122 - Safety Source Fire","robots":{"index":"noindex","follow":"follow","max-snippet":"max-snippet:-1","max-image-preview":"max-image-preview:large","max-video-preview":"max-video-preview:-1"},"og_locale":"fr_CA","og_type":"article","og_title":"BullsEye\u2122 Digital Fire Extinguisher Training System - Safety Source Fire","og_description":"Laser-driven fire extinguisher training","og_url":"https:\/\/staging.safetysourcefire.ca\/fr_ca\/produit\/bullseye-digital-fire-extinguisher-training-system\/","og_site_name":"Safety Source Fire","article_publisher":"https:\/\/www.facebook.com\/mmfssca","article_modified_time":"2024-10-03T15:16:08+00:00","og_image":[{"width":600,"height":600,"url":"https:\/\/staging.safetysourcefire.ca\/wp-content\/uploads\/2024\/10\/bullseye_fd.jpg","type":"image\/jpeg"}],"twitter_card":"summary_large_image","twitter_site":"@mmfssca","twitter_misc":{"Estimation du temps de lecture":"1 minute"},"schema":{"@context":"https:\/\/schema.org","@graph":[{"@type":"WebPage","@id":"https:\/\/staging.safetysourcefire.ca\/product\/bullseye-digital-fire-extinguisher-training-system\/","url":"https:\/\/staging.safetysourcefire.ca\/product\/bullseye-digital-fire-extinguisher-training-system\/","name":"Syst\u00e8me de formation \u00e0 l&#039;extinction d&#039;incendie num\u00e9rique BullsEye\u2122 - Safety Source Fire","isPartOf":{"@id":"https:\/\/staging.safetysourcefire.ca\/#website"},"primaryImageOfPage":{"@id":"https:\/\/staging.safetysourcefire.ca\/product\/bullseye-digital-fire-extinguisher-training-system\/#primaryimage"},"image":{"@id":"https:\/\/staging.safetysourcefire.ca\/product\/bullseye-digital-fire-extinguisher-training-system\/#primaryimage"},"thumbnailUrl":"https:\/\/staging.safetysourcefire.ca\/wp-content\/uploads\/2024\/10\/bullseye_fd.jpg","datePublished":"2024-10-03T15:08:36+00:00","dateModified":"2024-10-03T15:16:08+00:00","breadcrumb":{"@id":"https:\/\/staging.safetysourcefire.ca\/product\/bullseye-digital-fire-extinguisher-training-system\/#breadcrumb"},"inLanguage":"fr-CA","potentialAction":[{"@type":"ReadAction","target":["https:\/\/staging.safetysourcefire.ca\/product\/bullseye-digital-fire-extinguisher-training-system\/"]}]},{"@type":"ImageObject","inLanguage":"fr-CA","@id":"https:\/\/staging.safetysourcefire.ca\/product\/bullseye-digital-fire-extinguisher-training-system\/#primaryimage","url":"https:\/\/staging.safetysourcefire.ca\/wp-content\/uploads\/2024\/10\/bullseye_fd.jpg","contentUrl":"https:\/\/staging.safetysourcefire.ca\/wp-content\/uploads\/2024\/10\/bullseye_fd.jpg","width":600,"height":600,"caption":"Bullseye training in fire hall"},{"@type":"BreadcrumbList","@id":"https:\/\/staging.safetysourcefire.ca\/product\/bullseye-digital-fire-extinguisher-training-system\/#breadcrumb","itemListElement":[{"@type":"ListItem","position":1,"name":"Home","item":"https:\/\/staging.safetysourcefire.ca\/"},{"@type":"ListItem","position":2,"name":"Products","item":"https:\/\/staging.safetysourcefire.ca\/shop\/"},{"@type":"ListItem","position":3,"name":"BullsEye\u2122 Digital Fire Extinguisher Training System"}]},{"@type":"WebSite","@id":"https:\/\/staging.safetysourcefire.ca\/#website","url":"https:\/\/staging.safetysourcefire.ca\/","name":"Safety Source Fire","description":"","publisher":{"@id":"https:\/\/staging.safetysourcefire.ca\/#organization"},"potentialAction":[{"@type":"SearchAction","target":{"@type":"EntryPoint","urlTemplate":"https:\/\/staging.safetysourcefire.ca\/?s={search_term_string}"},"query-input":{"@type":"PropertyValueSpecification","valueRequired":true,"valueName":"search_term_string"}}],"inLanguage":"fr-CA"},{"@type":"Organization","@id":"https:\/\/staging.safetysourcefire.ca\/#organization","name":"Safety Source Fire","url":"https:\/\/staging.safetysourcefire.ca\/","logo":{"@type":"ImageObject","inLanguage":"fr-CA","@id":"https:\/\/staging.safetysourcefire.ca\/#\/schema\/logo\/image\/","url":"https:\/\/staging.safetysourcefire.ca\/wp-content\/uploads\/2021\/01\/SSF_logo_CC0000-3.png","contentUrl":"https:\/\/staging.safetysourcefire.ca\/wp-content\/uploads\/2021\/01\/SSF_logo_CC0000-3.png","width":1107,"height":365,"caption":"Safety Source Fire"},"image":{"@id":"https:\/\/staging.safetysourcefire.ca\/#\/schema\/logo\/image\/"},"sameAs":["https:\/\/www.facebook.com\/mmfssca","https:\/\/x.com\/mmfssca"]}]}},"_links":{"self":[{"href":"https:\/\/staging.safetysourcefire.ca\/fr_ca\/wp-json\/wp\/v2\/product\/29235","targetHints":{"allow":["GET"]}}],"collection":[{"href":"https:\/\/staging.safetysourcefire.ca\/fr_ca\/wp-json\/wp\/v2\/product"}],"about":[{"href":"https:\/\/staging.safetysourcefire.ca\/fr_ca\/wp-json\/wp\/v2\/types\/product"}],"wp:featuredmedia":[{"embeddable":true,"href":"https:\/\/staging.safetysourcefire.ca\/fr_ca\/wp-json\/wp\/v2\/media\/29237"}],"wp:attachment":[{"href":"https:\/\/staging.safetysourcefire.ca\/fr_ca\/wp-json\/wp\/v2\/media?parent=29235"}],"wp:term":[{"taxonomy":"product_brand","embeddable":true,"href":"https:\/\/staging.safetysourcefire.ca\/fr_ca\/wp-json\/wp\/v2\/product_brand?post=29235"},{"taxonomy":"product_cat","embeddable":true,"href":"https:\/\/staging.safetysourcefire.ca\/fr_ca\/wp-json\/wp\/v2\/product_cat?post=29235"},{"taxonomy":"product_tag","embeddable":true,"href":"https:\/\/staging.safetysourcefire.ca\/fr_ca\/wp-json\/wp\/v2\/product_tag?post=29235"}],"curies":[{"name":"wp","href":"https:\/\/api.w.org\/{rel}","templated":true}]}}