{"id":29221,"date":"2024-09-30T14:45:10","date_gmt":"2024-09-30T14:45:10","guid":{"rendered":"https:\/\/safetysourcefire.ca\/?post_type=product&#038;p=29221"},"modified":"2024-10-01T17:52:37","modified_gmt":"2024-10-01T17:52:37","slug":"dxt-thermal-imager","status":"publish","type":"product","link":"https:\/\/staging.safetysourcefire.ca\/fr_ca\/produit\/dxt-thermal-imager\/","title":{"rendered":"Imageur thermique DXT"},"content":{"rendered":"<p><strong>\u00c0 VENIR!<\/strong> Bullard DXT est un imageur thermique avanc\u00e9 de prise de d\u00e9cision \u00e0 haute r\u00e9solution. Votre \u00e9quipe peut partir en toute confiance, car DXT est dot\u00e9 de la derni\u00e8re technologie d&#039;am\u00e9lioration d&#039;image X-Factor 2.0, qui aide les pompiers \u00e0 reconna\u00eetre les objets plus rapidement et \u00e0 identifier les sch\u00e9mas de flux plus rapidement pour comprendre la sc\u00e8ne. Des fonctionnalit\u00e9s optionnelles permettent aux pompiers de se sentir plus autonomes et peuvent aider \u00e0 fournir des informations critiques, transformant DXT en un outil polyvalent pour de nombreuses applications.<\/p>\n<p><strong>Performances de pointe<\/strong><br \/>\nOffrant une r\u00e9solution d&#039;image \u00e9lev\u00e9e de 320 X 240 pixels et un taux de rafra\u00eechissement rapide de 60 Hertz, DXT offre des performances de pointe en mati\u00e8re de qualit\u00e9 d&#039;image et de mouvement fluide \u00e0 l&#039;\u00e9cran.<\/p>\n<p><strong>Transition de gain transparente<\/strong><br \/>\nFonctionnement fluide. Passez en douceur des sc\u00e8nes \u00e0 haute temp\u00e9rature aux sc\u00e8nes \u00e0 basse temp\u00e9rature gr\u00e2ce \u00e0 la transition de gain fluide. Pas d&#039;obturation forc\u00e9e.<\/p>\n<p><strong>Durabilit\u00e9 \u00e9prouv\u00e9e et ergonomie optimis\u00e9e<\/strong><br \/>\nCon\u00e7u et fabriqu\u00e9 par Bullard Tough pour les conditions de travail difficiles, le DXT est livr\u00e9 avec une garantie CareFree de 5 ans sur l&#039;imageur et la batterie. Le format compact et ergonomique optimise l&#039;angle de vision tout en r\u00e9duisant les tensions au niveau du poignet et du coude et la fatigue musculaire localis\u00e9e.<\/p>\n<p><strong>Des d\u00e9tails clairs et utiles \u00e0 la prise de d\u00e9cision<\/strong><br \/>\nDot\u00e9 de la technologie d&#039;am\u00e9lioration d&#039;image X-Factor 2.0, le DXT permet d&#039;identifier les d\u00e9tails de la sc\u00e8ne de mani\u00e8re \u00e9clatante. D\u00e9tectez les personnes m\u00eame en cas de forte chaleur. Visualisez les d\u00e9tails gr\u00e2ce \u00e0 une colorisation transparente.<\/p>\n<p><strong>\u00a0Pack de fonctionnalit\u00e9s de base<\/strong><br \/>\nCe pack de fonctionnalit\u00e9s optionnelles comprend les \u00e9l\u00e9ments suivants\u00a0:<\/p>\n<ul>\n<li>Manette des gaz thermique<\/li>\n<li>D\u00e9tecteur de zone chaude<\/li>\n<li>D\u00e9tecteur de zone froide<\/li>\n<li>Zoom<\/li>\n<\/ul>\n<p><strong>Pack de fonctionnalit\u00e9s avanc\u00e9es<\/strong><br \/>\nCe pack de fonctionnalit\u00e9s optionnelles comprend les \u00e9l\u00e9ments suivants\u00a0:<\/p>\n<ul>\n<li>Manette des gaz thermique<\/li>\n<li>D\u00e9tecteur de zone chaude<\/li>\n<li>D\u00e9tecteur de zone froide<\/li>\n<li>Zoom<\/li>\n<li>Capture d&#039;image<\/li>\n<li>Enregistrement vid\u00e9o<\/li>\n<li>Lecture \u00e0 l&#039;\u00e9cran<\/li>\n<\/ul>\n<p><strong>Manette des gaz thermique<\/strong><br \/>\nD\u00e9tectez les sources de chaleur cach\u00e9es lors de la r\u00e9vision. La technologie brevet\u00e9e permet aux utilisateurs d&#039;augmenter ou de diminuer la sensibilit\u00e9 pour isoler visuellement les \u00e9l\u00e9ments les plus chauds.<\/p>\n<p><strong>D\u00e9tecteur de zone chaude et d\u00e9tecteur de zone froide<\/strong><br \/>\nGagnez du temps gr\u00e2ce \u00e0 des informations instantan\u00e9es. Identifiez instantan\u00e9ment la zone la plus chaude de la sc\u00e8ne gr\u00e2ce au d\u00e9tecteur de zone chaude, indiqu\u00e9 par un indicateur carr\u00e9 rouge. Utilisez le d\u00e9tecteur de zone froide, indiqu\u00e9 par un indicateur carr\u00e9 bleu.<\/p>\n<p><strong>Zoom<\/strong><br \/>\nRapprochez-vous des d\u00e9tails de la sc\u00e8ne. Acc\u00e9dez aux d\u00e9tails m\u00eame \u00e0 distance gr\u00e2ce \u00e0 la fonction Zoom. Utile pour localiser un point chaud ou effectuer une recherche en ext\u00e9rieur.<\/p>\n<p><strong>Capture d&#039;image<\/strong><br \/>\nCapturez rapidement des instantan\u00e9s thermiques. Utile pour cr\u00e9er des supports de formation personnalis\u00e9s.<\/p>\n<p><strong>Enregistrement vid\u00e9o<\/strong><br \/>\nEnregistrez des vid\u00e9os thermiques. Facilement t\u00e9l\u00e9chargeables pour une utilisation lors de sessions de formation.<\/p>\n<p><strong>Lecture \u00e0 l&#039;\u00e9cran<\/strong><br \/>\nFacilitez la formation et les discussions techniques en temps opportun. Cette fonctionnalit\u00e9 est une mine d&#039;or pour la formation. Apr\u00e8s avoir captur\u00e9 des images thermiques ou des vid\u00e9os pendant la formation, utilisez la lecture \u00e0 l&#039;\u00e9cran pour des sessions de formation instantan\u00e9es.<\/p>\n<p><a href=\"https:\/\/staging.safetysourcefire.ca\/wp-content\/uploads\/2024\/09\/TI_Catalog_DXT_F.pdf\">T\u00e9l\u00e9charger la fiche technique<\/a><\/p>\n<p style=\"text-align: center;\"><iframe class=\"youtube-video\" title=\"lecteur vid\u00e9o YouTube\" src=\"https:\/\/www.youtube.com\/embed\/PSv6yx2oA14?si=M5bKmbwULhOsTdso\" frameborder=\"0\" allowfullscreen=\"allowfullscreen\"><br \/>\n<\/iframe><\/p>","protected":false},"excerpt":{"rendered":"<p>Images d\u00e9taill\u00e9es. \u00c9quilibre budget et performances.<\/p>","protected":false},"featured_media":29222,"template":"","meta":[],"product_brand":[201],"product_cat":[51,134],"product_tag":[265],"class_list":{"0":"post-29221","1":"product","2":"type-product","3":"status-publish","4":"has-post-thumbnail","6":"product_brand-bullard","7":"product_cat-rescue","8":"product_cat-thermal-imaging","9":"product_tag-bullard","11":"first","12":"instock","13":"featured","14":"shipping-taxable","15":"product-type-simple"},"yoast_head":"<!-- This site is optimized with the Yoast SEO plugin v27.4 - https:\/\/yoast.com\/product\/yoast-seo-wordpress\/ -->\n<title>DXT Thermal Imager - Safety Source Fire<\/title>\n<meta name=\"robots\" content=\"noindex, follow, max-snippet:-1, max-image-preview:large, max-video-preview:-1\" \/>\n<meta property=\"og:locale\" content=\"fr_CA\" \/>\n<meta property=\"og:type\" content=\"article\" \/>\n<meta property=\"og:title\" content=\"DXT Thermal Imager - Safety Source Fire\" \/>\n<meta property=\"og:description\" content=\"Detailed images. Balances budget and performance.\" \/>\n<meta property=\"og:url\" content=\"https:\/\/staging.safetysourcefire.ca\/fr_ca\/produit\/dxt-thermal-imager\/\" \/>\n<meta property=\"og:site_name\" content=\"Safety Source Fire\" \/>\n<meta property=\"article:publisher\" content=\"https:\/\/www.facebook.com\/mmfssca\" \/>\n<meta property=\"article:modified_time\" content=\"2024-10-01T17:52:37+00:00\" \/>\n<meta property=\"og:image\" content=\"https:\/\/staging.safetysourcefire.ca\/wp-content\/uploads\/2024\/09\/DXT.jpg\" \/>\n\t<meta property=\"og:image:width\" content=\"600\" \/>\n\t<meta property=\"og:image:height\" content=\"600\" \/>\n\t<meta property=\"og:image:type\" content=\"image\/jpeg\" \/>\n<meta name=\"twitter:card\" content=\"summary_large_image\" \/>\n<meta name=\"twitter:site\" content=\"@mmfssca\" \/>\n<meta name=\"twitter:label1\" content=\"Estimation du temps de lecture\" \/>\n\t<meta name=\"twitter:data1\" content=\"2 minutes\" \/>\n<script type=\"application\/ld+json\" class=\"yoast-schema-graph\">{\"@context\":\"https:\\\/\\\/schema.org\",\"@graph\":[{\"@type\":\"WebPage\",\"@id\":\"https:\\\/\\\/staging.safetysourcefire.ca\\\/product\\\/dxt-thermal-imager\\\/\",\"url\":\"https:\\\/\\\/staging.safetysourcefire.ca\\\/product\\\/dxt-thermal-imager\\\/\",\"name\":\"DXT Thermal Imager - Safety Source Fire\",\"isPartOf\":{\"@id\":\"https:\\\/\\\/staging.safetysourcefire.ca\\\/#website\"},\"primaryImageOfPage\":{\"@id\":\"https:\\\/\\\/staging.safetysourcefire.ca\\\/product\\\/dxt-thermal-imager\\\/#primaryimage\"},\"image\":{\"@id\":\"https:\\\/\\\/staging.safetysourcefire.ca\\\/product\\\/dxt-thermal-imager\\\/#primaryimage\"},\"thumbnailUrl\":\"https:\\\/\\\/staging.safetysourcefire.ca\\\/wp-content\\\/uploads\\\/2024\\\/09\\\/DXT.jpg\",\"datePublished\":\"2024-09-30T14:45:10+00:00\",\"dateModified\":\"2024-10-01T17:52:37+00:00\",\"breadcrumb\":{\"@id\":\"https:\\\/\\\/staging.safetysourcefire.ca\\\/product\\\/dxt-thermal-imager\\\/#breadcrumb\"},\"inLanguage\":\"fr-CA\",\"potentialAction\":[{\"@type\":\"ReadAction\",\"target\":[\"https:\\\/\\\/staging.safetysourcefire.ca\\\/product\\\/dxt-thermal-imager\\\/\"]}]},{\"@type\":\"ImageObject\",\"inLanguage\":\"fr-CA\",\"@id\":\"https:\\\/\\\/staging.safetysourcefire.ca\\\/product\\\/dxt-thermal-imager\\\/#primaryimage\",\"url\":\"https:\\\/\\\/staging.safetysourcefire.ca\\\/wp-content\\\/uploads\\\/2024\\\/09\\\/DXT.jpg\",\"contentUrl\":\"https:\\\/\\\/staging.safetysourcefire.ca\\\/wp-content\\\/uploads\\\/2024\\\/09\\\/DXT.jpg\",\"width\":600,\"height\":600,\"caption\":\"DXT thermal imager\"},{\"@type\":\"BreadcrumbList\",\"@id\":\"https:\\\/\\\/staging.safetysourcefire.ca\\\/product\\\/dxt-thermal-imager\\\/#breadcrumb\",\"itemListElement\":[{\"@type\":\"ListItem\",\"position\":1,\"name\":\"Home\",\"item\":\"https:\\\/\\\/staging.safetysourcefire.ca\\\/\"},{\"@type\":\"ListItem\",\"position\":2,\"name\":\"Products\",\"item\":\"https:\\\/\\\/staging.safetysourcefire.ca\\\/shop\\\/\"},{\"@type\":\"ListItem\",\"position\":3,\"name\":\"DXT Thermal Imager\"}]},{\"@type\":\"WebSite\",\"@id\":\"https:\\\/\\\/staging.safetysourcefire.ca\\\/#website\",\"url\":\"https:\\\/\\\/staging.safetysourcefire.ca\\\/\",\"name\":\"Safety Source Fire\",\"description\":\"\",\"publisher\":{\"@id\":\"https:\\\/\\\/staging.safetysourcefire.ca\\\/#organization\"},\"potentialAction\":[{\"@type\":\"SearchAction\",\"target\":{\"@type\":\"EntryPoint\",\"urlTemplate\":\"https:\\\/\\\/staging.safetysourcefire.ca\\\/?s={search_term_string}\"},\"query-input\":{\"@type\":\"PropertyValueSpecification\",\"valueRequired\":true,\"valueName\":\"search_term_string\"}}],\"inLanguage\":\"fr-CA\"},{\"@type\":\"Organization\",\"@id\":\"https:\\\/\\\/staging.safetysourcefire.ca\\\/#organization\",\"name\":\"Safety Source Fire\",\"url\":\"https:\\\/\\\/staging.safetysourcefire.ca\\\/\",\"logo\":{\"@type\":\"ImageObject\",\"inLanguage\":\"fr-CA\",\"@id\":\"https:\\\/\\\/staging.safetysourcefire.ca\\\/#\\\/schema\\\/logo\\\/image\\\/\",\"url\":\"https:\\\/\\\/staging.safetysourcefire.ca\\\/wp-content\\\/uploads\\\/2021\\\/01\\\/SSF_logo_CC0000-3.png\",\"contentUrl\":\"https:\\\/\\\/staging.safetysourcefire.ca\\\/wp-content\\\/uploads\\\/2021\\\/01\\\/SSF_logo_CC0000-3.png\",\"width\":1107,\"height\":365,\"caption\":\"Safety Source Fire\"},\"image\":{\"@id\":\"https:\\\/\\\/staging.safetysourcefire.ca\\\/#\\\/schema\\\/logo\\\/image\\\/\"},\"sameAs\":[\"https:\\\/\\\/www.facebook.com\\\/mmfssca\",\"https:\\\/\\\/x.com\\\/mmfssca\"]}]}<\/script>\n<!-- \/ Yoast SEO plugin. -->","yoast_head_json":{"title":"Imageur thermique DXT - Incendie \u00e0 source de s\u00e9curit\u00e9","robots":{"index":"noindex","follow":"follow","max-snippet":"max-snippet:-1","max-image-preview":"max-image-preview:large","max-video-preview":"max-video-preview:-1"},"og_locale":"fr_CA","og_type":"article","og_title":"DXT Thermal Imager - Safety Source Fire","og_description":"Detailed images. Balances budget and performance.","og_url":"https:\/\/staging.safetysourcefire.ca\/fr_ca\/produit\/dxt-thermal-imager\/","og_site_name":"Safety Source Fire","article_publisher":"https:\/\/www.facebook.com\/mmfssca","article_modified_time":"2024-10-01T17:52:37+00:00","og_image":[{"width":600,"height":600,"url":"https:\/\/staging.safetysourcefire.ca\/wp-content\/uploads\/2024\/09\/DXT.jpg","type":"image\/jpeg"}],"twitter_card":"summary_large_image","twitter_site":"@mmfssca","twitter_misc":{"Estimation du temps de lecture":"2 minutes"},"schema":{"@context":"https:\/\/schema.org","@graph":[{"@type":"WebPage","@id":"https:\/\/staging.safetysourcefire.ca\/product\/dxt-thermal-imager\/","url":"https:\/\/staging.safetysourcefire.ca\/product\/dxt-thermal-imager\/","name":"Imageur thermique DXT - Incendie \u00e0 source de s\u00e9curit\u00e9","isPartOf":{"@id":"https:\/\/staging.safetysourcefire.ca\/#website"},"primaryImageOfPage":{"@id":"https:\/\/staging.safetysourcefire.ca\/product\/dxt-thermal-imager\/#primaryimage"},"image":{"@id":"https:\/\/staging.safetysourcefire.ca\/product\/dxt-thermal-imager\/#primaryimage"},"thumbnailUrl":"https:\/\/staging.safetysourcefire.ca\/wp-content\/uploads\/2024\/09\/DXT.jpg","datePublished":"2024-09-30T14:45:10+00:00","dateModified":"2024-10-01T17:52:37+00:00","breadcrumb":{"@id":"https:\/\/staging.safetysourcefire.ca\/product\/dxt-thermal-imager\/#breadcrumb"},"inLanguage":"fr-CA","potentialAction":[{"@type":"ReadAction","target":["https:\/\/staging.safetysourcefire.ca\/product\/dxt-thermal-imager\/"]}]},{"@type":"ImageObject","inLanguage":"fr-CA","@id":"https:\/\/staging.safetysourcefire.ca\/product\/dxt-thermal-imager\/#primaryimage","url":"https:\/\/staging.safetysourcefire.ca\/wp-content\/uploads\/2024\/09\/DXT.jpg","contentUrl":"https:\/\/staging.safetysourcefire.ca\/wp-content\/uploads\/2024\/09\/DXT.jpg","width":600,"height":600,"caption":"DXT thermal imager"},{"@type":"BreadcrumbList","@id":"https:\/\/staging.safetysourcefire.ca\/product\/dxt-thermal-imager\/#breadcrumb","itemListElement":[{"@type":"ListItem","position":1,"name":"Home","item":"https:\/\/staging.safetysourcefire.ca\/"},{"@type":"ListItem","position":2,"name":"Products","item":"https:\/\/staging.safetysourcefire.ca\/shop\/"},{"@type":"ListItem","position":3,"name":"DXT Thermal Imager"}]},{"@type":"WebSite","@id":"https:\/\/staging.safetysourcefire.ca\/#website","url":"https:\/\/staging.safetysourcefire.ca\/","name":"Safety Source Fire","description":"","publisher":{"@id":"https:\/\/staging.safetysourcefire.ca\/#organization"},"potentialAction":[{"@type":"SearchAction","target":{"@type":"EntryPoint","urlTemplate":"https:\/\/staging.safetysourcefire.ca\/?s={search_term_string}"},"query-input":{"@type":"PropertyValueSpecification","valueRequired":true,"valueName":"search_term_string"}}],"inLanguage":"fr-CA"},{"@type":"Organization","@id":"https:\/\/staging.safetysourcefire.ca\/#organization","name":"Safety Source Fire","url":"https:\/\/staging.safetysourcefire.ca\/","logo":{"@type":"ImageObject","inLanguage":"fr-CA","@id":"https:\/\/staging.safetysourcefire.ca\/#\/schema\/logo\/image\/","url":"https:\/\/staging.safetysourcefire.ca\/wp-content\/uploads\/2021\/01\/SSF_logo_CC0000-3.png","contentUrl":"https:\/\/staging.safetysourcefire.ca\/wp-content\/uploads\/2021\/01\/SSF_logo_CC0000-3.png","width":1107,"height":365,"caption":"Safety Source Fire"},"image":{"@id":"https:\/\/staging.safetysourcefire.ca\/#\/schema\/logo\/image\/"},"sameAs":["https:\/\/www.facebook.com\/mmfssca","https:\/\/x.com\/mmfssca"]}]}},"_links":{"self":[{"href":"https:\/\/staging.safetysourcefire.ca\/fr_ca\/wp-json\/wp\/v2\/product\/29221","targetHints":{"allow":["GET"]}}],"collection":[{"href":"https:\/\/staging.safetysourcefire.ca\/fr_ca\/wp-json\/wp\/v2\/product"}],"about":[{"href":"https:\/\/staging.safetysourcefire.ca\/fr_ca\/wp-json\/wp\/v2\/types\/product"}],"wp:featuredmedia":[{"embeddable":true,"href":"https:\/\/staging.safetysourcefire.ca\/fr_ca\/wp-json\/wp\/v2\/media\/29222"}],"wp:attachment":[{"href":"https:\/\/staging.safetysourcefire.ca\/fr_ca\/wp-json\/wp\/v2\/media?parent=29221"}],"wp:term":[{"taxonomy":"product_brand","embeddable":true,"href":"https:\/\/staging.safetysourcefire.ca\/fr_ca\/wp-json\/wp\/v2\/product_brand?post=29221"},{"taxonomy":"product_cat","embeddable":true,"href":"https:\/\/staging.safetysourcefire.ca\/fr_ca\/wp-json\/wp\/v2\/product_cat?post=29221"},{"taxonomy":"product_tag","embeddable":true,"href":"https:\/\/staging.safetysourcefire.ca\/fr_ca\/wp-json\/wp\/v2\/product_tag?post=29221"}],"curies":[{"name":"wp","href":"https:\/\/api.w.org\/{rel}","templated":true}]}}