{"id":2919,"date":"2017-06-14T17:29:03","date_gmt":"2017-06-14T17:29:03","guid":{"rendered":"http:\/\/mmfss.ca\/?post_type=product&#038;p=2919"},"modified":"2018-03-19T14:32:06","modified_gmt":"2018-03-19T14:32:06","slug":"rancher-125-gal","status":"publish","type":"product","link":"https:\/\/staging.safetysourcefire.ca\/fr_ca\/produit\/rancher-125-gal\/","title":{"rendered":"Pompe Rancher\u00ae 125 gal"},"content":{"rendered":"<p>Une unit\u00e9 compacte et l\u00e9g\u00e8re con\u00e7ue pour \u00eatre utilis\u00e9e sur les VTT et les petits v\u00e9hicules utilitaires.\u00a0<strong>Couramment utilis\u00e9 dans l&#039;interface urbaine sauvage<\/strong>\u00a0zones \u00e0\u00a0<strong>acc\u00e9der rapidement aux zones recul\u00e9es<\/strong>\u00a0hors de port\u00e9e des unit\u00e9s de d\u00e9rapage standard.<\/p>\n<p>UN \u00c9LEVEUR<sup>\u00ae<\/sup>\u00a0peut \u00eatre utilis\u00e9 pour une vari\u00e9t\u00e9 d&#039;applications de traitement de l&#039;eau telles que\u00a0<strong>parc et patrouille d&#039;incendie<\/strong>,\u00a0<strong>br\u00fblages dirig\u00e9s<\/strong>,\u00a0<strong>op\u00e9rations de ratissage<\/strong>, et\u00a0<strong>travail agricole g\u00e9n\u00e9ral et communautaire rural<\/strong>. Ce\u00a0<strong>est facile \u00e0 utiliser et \u00e0 entretenir<\/strong>\u00a0et peut\u00a0<strong>sans effort<\/strong>\u00a0<strong>glisser sur et hors d&#039;un v\u00e9hicule<\/strong>\u00a0comme requis.<\/p>\n<p>Aliment\u00e9 par une pompe WATERAX; les\u00a0<strong>poids l\u00e9ger<\/strong>\u00a0MINI-GRAVEUR<sup>\u00ae<\/sup>\u00a0la pompe associe une extr\u00e9mit\u00e9 de pompe fiable \u00e0 un \u00e9tage\u00a0<strong>conduit par une Honda<\/strong>\u00a0Moteur 4 temps 2,5 CV. Il garantit la qualit\u00e9, la fiabilit\u00e9 et la durabilit\u00e9 tandis que la tuyauterie non corrosive constitue un syst\u00e8me de plomberie robuste et durable. L&#039;ensemble est solidement mont\u00e9 sur une base en polypropyl\u00e8ne copolym\u00e8re mat avec des rails et des d\u00e9coupes pour\u00a0<strong>levage facile<\/strong>.<\/p>\n<p>\u00c9galement disponible en NPSH, NH avec \u00e9jecteur de mousse et NPSH avec \u00e9jecteur de mousse.<\/p>\n<p>Conforme aux \u00e9missions\u00a0; le moteur est certifi\u00e9 CARB et EPA.<\/p>\n<p><strong>CARACT\u00c9RISTIQUES\u00a0<\/strong><\/p>\n<p><strong>D\u00c9BIT \u00c0 LA PRESSION SP\u00c9CIFI\u00c9E<\/strong><\/p>\n<p>Pression maximale\u00a0: 85\u00a0psi (5,9\u00a0bars)<br \/>\nD\u00e9bit maximum : 80 gals\/min (303 L\/min)<br \/>\nHauteur maximale : 196&#039; (60 m)<\/p>\n<p><strong>PERFORMANCE<\/strong><\/p>\n<p>68 GPM (257 lpm) @ 25 PSI (1.7 BAR)<br \/>\n42 GPM (159 lpm) @ 50 PSI (3.4 BAR)<br \/>\n12 GPM (45 lpm) @ 75 PSI (5,2 BAR)<\/p>\n<p><strong>MOTEUR<\/strong><\/p>\n<p>Mod\u00e8le et type : Honda GXH50, 4 temps, arbre horizontal, monocylindre, OHV<br \/>\nPuissance maximale : 2,1 HP (1,6 kW) \u00e0 7 000 tr\/min<br \/>\nCouple maximal\u00a0: 2,0 lb-pi (2,7 Nm) \u00e0 4\u00a0500 tr\/min<br \/>\nSyst\u00e8me de d\u00e9part\u00a0: recul<\/p>\n<p><strong>POMPE<\/strong><\/p>\n<p>Type\u00a0: Centrifuge \u00e0 1 \u00e9tage<\/p>\n<p><strong>BASE<\/strong><\/p>\n<p>Base en polypropyl\u00e8ne copolym\u00e8re avec rails et d\u00e9coupes<\/p>\n<p><strong>DIMENSIONS<\/strong><\/p>\n<p>L x l x H : 51\u2033 x 42\u2033 x 37\u2033<\/p>\n<p><strong>POIDS<\/strong><\/p>\n<p>Poids : 202 lb (92 kg)<br \/>\nPoids humide : 1245 lb (564 kg)<\/p>\n<p><strong>AUTRES SP\u00c9CIFICATIONS<\/strong><\/p>\n<p>Filetages d&#039;aspiration de d\u00e9charge et d&#039;overboard\u00a0: 1-1\/2\u2033 (standard)<\/p>","protected":false},"excerpt":{"rendered":"<p>Le RANCHER am\u00e9lior\u00e9<sup>\u00ae<\/sup>\u00a0avec un d\u00e9vidoir Hannay!<\/p>","protected":false},"featured_media":2904,"template":"","meta":[],"product_brand":[185],"product_cat":[44,68],"product_tag":[358],"class_list":{"0":"post-2919","1":"product","2":"type-product","3":"status-publish","4":"has-post-thumbnail","6":"product_brand-waterax","7":"product_cat-fire-suppression","8":"product_cat-portable-pumps","9":"product_tag-waterax","11":"first","12":"instock","13":"shipping-taxable","14":"product-type-simple"},"yoast_head":"<!-- This site is optimized with the Yoast SEO plugin v27.4 - https:\/\/yoast.com\/product\/yoast-seo-wordpress\/ -->\n<title>Rancher\u00ae\u00a0125 Gal Pump - Safety Source Fire<\/title>\n<meta name=\"robots\" content=\"noindex, follow, max-snippet:-1, max-image-preview:large, max-video-preview:-1\" \/>\n<meta property=\"og:locale\" content=\"fr_CA\" \/>\n<meta property=\"og:type\" content=\"article\" \/>\n<meta property=\"og:title\" content=\"Rancher\u00ae\u00a0125 Gal Pump - Safety Source Fire\" \/>\n<meta property=\"og:description\" content=\"The improved RANCHER\u00ae\u00a0with a\u00a0Hannay Hose Reel!\" \/>\n<meta property=\"og:url\" content=\"https:\/\/staging.safetysourcefire.ca\/fr_ca\/produit\/rancher-125-gal\/\" \/>\n<meta property=\"og:site_name\" content=\"Safety Source Fire\" \/>\n<meta property=\"article:publisher\" content=\"https:\/\/www.facebook.com\/mmfssca\" \/>\n<meta property=\"article:modified_time\" content=\"2018-03-19T14:32:06+00:00\" \/>\n<meta property=\"og:image\" content=\"https:\/\/staging.safetysourcefire.ca\/wp-content\/uploads\/2017\/06\/RNCH125N.jpg\" \/>\n\t<meta property=\"og:image:width\" content=\"600\" \/>\n\t<meta property=\"og:image:height\" content=\"600\" \/>\n\t<meta property=\"og:image:type\" content=\"image\/jpeg\" \/>\n<meta name=\"twitter:card\" content=\"summary_large_image\" \/>\n<meta name=\"twitter:site\" content=\"@mmfssca\" \/>\n<meta name=\"twitter:label1\" content=\"Estimation du temps de lecture\" \/>\n\t<meta name=\"twitter:data1\" content=\"1 minute\" \/>\n<script type=\"application\/ld+json\" class=\"yoast-schema-graph\">{\"@context\":\"https:\\\/\\\/schema.org\",\"@graph\":[{\"@type\":\"WebPage\",\"@id\":\"https:\\\/\\\/staging.safetysourcefire.ca\\\/product\\\/rancher-125-gal\\\/\",\"url\":\"https:\\\/\\\/staging.safetysourcefire.ca\\\/product\\\/rancher-125-gal\\\/\",\"name\":\"Rancher\u00ae\u00a0125 Gal Pump - Safety Source Fire\",\"isPartOf\":{\"@id\":\"https:\\\/\\\/staging.safetysourcefire.ca\\\/#website\"},\"primaryImageOfPage\":{\"@id\":\"https:\\\/\\\/staging.safetysourcefire.ca\\\/product\\\/rancher-125-gal\\\/#primaryimage\"},\"image\":{\"@id\":\"https:\\\/\\\/staging.safetysourcefire.ca\\\/product\\\/rancher-125-gal\\\/#primaryimage\"},\"thumbnailUrl\":\"https:\\\/\\\/staging.safetysourcefire.ca\\\/wp-content\\\/uploads\\\/2017\\\/06\\\/RNCH125N.jpg\",\"datePublished\":\"2017-06-14T17:29:03+00:00\",\"dateModified\":\"2018-03-19T14:32:06+00:00\",\"breadcrumb\":{\"@id\":\"https:\\\/\\\/staging.safetysourcefire.ca\\\/product\\\/rancher-125-gal\\\/#breadcrumb\"},\"inLanguage\":\"fr-CA\",\"potentialAction\":[{\"@type\":\"ReadAction\",\"target\":[\"https:\\\/\\\/staging.safetysourcefire.ca\\\/product\\\/rancher-125-gal\\\/\"]}]},{\"@type\":\"ImageObject\",\"inLanguage\":\"fr-CA\",\"@id\":\"https:\\\/\\\/staging.safetysourcefire.ca\\\/product\\\/rancher-125-gal\\\/#primaryimage\",\"url\":\"https:\\\/\\\/staging.safetysourcefire.ca\\\/wp-content\\\/uploads\\\/2017\\\/06\\\/RNCH125N.jpg\",\"contentUrl\":\"https:\\\/\\\/staging.safetysourcefire.ca\\\/wp-content\\\/uploads\\\/2017\\\/06\\\/RNCH125N.jpg\",\"width\":600,\"height\":600,\"caption\":\"portable pump\"},{\"@type\":\"BreadcrumbList\",\"@id\":\"https:\\\/\\\/staging.safetysourcefire.ca\\\/product\\\/rancher-125-gal\\\/#breadcrumb\",\"itemListElement\":[{\"@type\":\"ListItem\",\"position\":1,\"name\":\"Home\",\"item\":\"https:\\\/\\\/staging.safetysourcefire.ca\\\/\"},{\"@type\":\"ListItem\",\"position\":2,\"name\":\"Products\",\"item\":\"https:\\\/\\\/staging.safetysourcefire.ca\\\/shop\\\/\"},{\"@type\":\"ListItem\",\"position\":3,\"name\":\"Rancher\u00ae\u00a0125 Gal Pump\"}]},{\"@type\":\"WebSite\",\"@id\":\"https:\\\/\\\/staging.safetysourcefire.ca\\\/#website\",\"url\":\"https:\\\/\\\/staging.safetysourcefire.ca\\\/\",\"name\":\"Safety Source Fire\",\"description\":\"\",\"publisher\":{\"@id\":\"https:\\\/\\\/staging.safetysourcefire.ca\\\/#organization\"},\"potentialAction\":[{\"@type\":\"SearchAction\",\"target\":{\"@type\":\"EntryPoint\",\"urlTemplate\":\"https:\\\/\\\/staging.safetysourcefire.ca\\\/?s={search_term_string}\"},\"query-input\":{\"@type\":\"PropertyValueSpecification\",\"valueRequired\":true,\"valueName\":\"search_term_string\"}}],\"inLanguage\":\"fr-CA\"},{\"@type\":\"Organization\",\"@id\":\"https:\\\/\\\/staging.safetysourcefire.ca\\\/#organization\",\"name\":\"Safety Source Fire\",\"url\":\"https:\\\/\\\/staging.safetysourcefire.ca\\\/\",\"logo\":{\"@type\":\"ImageObject\",\"inLanguage\":\"fr-CA\",\"@id\":\"https:\\\/\\\/staging.safetysourcefire.ca\\\/#\\\/schema\\\/logo\\\/image\\\/\",\"url\":\"https:\\\/\\\/staging.safetysourcefire.ca\\\/wp-content\\\/uploads\\\/2021\\\/01\\\/SSF_logo_CC0000-3.png\",\"contentUrl\":\"https:\\\/\\\/staging.safetysourcefire.ca\\\/wp-content\\\/uploads\\\/2021\\\/01\\\/SSF_logo_CC0000-3.png\",\"width\":1107,\"height\":365,\"caption\":\"Safety Source Fire\"},\"image\":{\"@id\":\"https:\\\/\\\/staging.safetysourcefire.ca\\\/#\\\/schema\\\/logo\\\/image\\\/\"},\"sameAs\":[\"https:\\\/\\\/www.facebook.com\\\/mmfssca\",\"https:\\\/\\\/x.com\\\/mmfssca\"]}]}<\/script>\n<!-- \/ Yoast SEO plugin. -->","yoast_head_json":{"title":"Rancher\u00ae\u00a0125 Gal Pump - Safety Source Fire","robots":{"index":"noindex","follow":"follow","max-snippet":"max-snippet:-1","max-image-preview":"max-image-preview:large","max-video-preview":"max-video-preview:-1"},"og_locale":"fr_CA","og_type":"article","og_title":"Rancher\u00ae\u00a0125 Gal Pump - Safety Source Fire","og_description":"The improved RANCHER\u00ae\u00a0with a\u00a0Hannay Hose Reel!","og_url":"https:\/\/staging.safetysourcefire.ca\/fr_ca\/produit\/rancher-125-gal\/","og_site_name":"Safety Source Fire","article_publisher":"https:\/\/www.facebook.com\/mmfssca","article_modified_time":"2018-03-19T14:32:06+00:00","og_image":[{"width":600,"height":600,"url":"https:\/\/staging.safetysourcefire.ca\/wp-content\/uploads\/2017\/06\/RNCH125N.jpg","type":"image\/jpeg"}],"twitter_card":"summary_large_image","twitter_site":"@mmfssca","twitter_misc":{"Estimation du temps de lecture":"1 minute"},"schema":{"@context":"https:\/\/schema.org","@graph":[{"@type":"WebPage","@id":"https:\/\/staging.safetysourcefire.ca\/product\/rancher-125-gal\/","url":"https:\/\/staging.safetysourcefire.ca\/product\/rancher-125-gal\/","name":"Rancher\u00ae\u00a0125 Gal Pump - Safety Source Fire","isPartOf":{"@id":"https:\/\/staging.safetysourcefire.ca\/#website"},"primaryImageOfPage":{"@id":"https:\/\/staging.safetysourcefire.ca\/product\/rancher-125-gal\/#primaryimage"},"image":{"@id":"https:\/\/staging.safetysourcefire.ca\/product\/rancher-125-gal\/#primaryimage"},"thumbnailUrl":"https:\/\/staging.safetysourcefire.ca\/wp-content\/uploads\/2017\/06\/RNCH125N.jpg","datePublished":"2017-06-14T17:29:03+00:00","dateModified":"2018-03-19T14:32:06+00:00","breadcrumb":{"@id":"https:\/\/staging.safetysourcefire.ca\/product\/rancher-125-gal\/#breadcrumb"},"inLanguage":"fr-CA","potentialAction":[{"@type":"ReadAction","target":["https:\/\/staging.safetysourcefire.ca\/product\/rancher-125-gal\/"]}]},{"@type":"ImageObject","inLanguage":"fr-CA","@id":"https:\/\/staging.safetysourcefire.ca\/product\/rancher-125-gal\/#primaryimage","url":"https:\/\/staging.safetysourcefire.ca\/wp-content\/uploads\/2017\/06\/RNCH125N.jpg","contentUrl":"https:\/\/staging.safetysourcefire.ca\/wp-content\/uploads\/2017\/06\/RNCH125N.jpg","width":600,"height":600,"caption":"portable pump"},{"@type":"BreadcrumbList","@id":"https:\/\/staging.safetysourcefire.ca\/product\/rancher-125-gal\/#breadcrumb","itemListElement":[{"@type":"ListItem","position":1,"name":"Home","item":"https:\/\/staging.safetysourcefire.ca\/"},{"@type":"ListItem","position":2,"name":"Products","item":"https:\/\/staging.safetysourcefire.ca\/shop\/"},{"@type":"ListItem","position":3,"name":"Rancher\u00ae\u00a0125 Gal Pump"}]},{"@type":"WebSite","@id":"https:\/\/staging.safetysourcefire.ca\/#website","url":"https:\/\/staging.safetysourcefire.ca\/","name":"Safety Source Fire","description":"","publisher":{"@id":"https:\/\/staging.safetysourcefire.ca\/#organization"},"potentialAction":[{"@type":"SearchAction","target":{"@type":"EntryPoint","urlTemplate":"https:\/\/staging.safetysourcefire.ca\/?s={search_term_string}"},"query-input":{"@type":"PropertyValueSpecification","valueRequired":true,"valueName":"search_term_string"}}],"inLanguage":"fr-CA"},{"@type":"Organization","@id":"https:\/\/staging.safetysourcefire.ca\/#organization","name":"Safety Source Fire","url":"https:\/\/staging.safetysourcefire.ca\/","logo":{"@type":"ImageObject","inLanguage":"fr-CA","@id":"https:\/\/staging.safetysourcefire.ca\/#\/schema\/logo\/image\/","url":"https:\/\/staging.safetysourcefire.ca\/wp-content\/uploads\/2021\/01\/SSF_logo_CC0000-3.png","contentUrl":"https:\/\/staging.safetysourcefire.ca\/wp-content\/uploads\/2021\/01\/SSF_logo_CC0000-3.png","width":1107,"height":365,"caption":"Safety Source Fire"},"image":{"@id":"https:\/\/staging.safetysourcefire.ca\/#\/schema\/logo\/image\/"},"sameAs":["https:\/\/www.facebook.com\/mmfssca","https:\/\/x.com\/mmfssca"]}]}},"_links":{"self":[{"href":"https:\/\/staging.safetysourcefire.ca\/fr_ca\/wp-json\/wp\/v2\/product\/2919","targetHints":{"allow":["GET"]}}],"collection":[{"href":"https:\/\/staging.safetysourcefire.ca\/fr_ca\/wp-json\/wp\/v2\/product"}],"about":[{"href":"https:\/\/staging.safetysourcefire.ca\/fr_ca\/wp-json\/wp\/v2\/types\/product"}],"wp:featuredmedia":[{"embeddable":true,"href":"https:\/\/staging.safetysourcefire.ca\/fr_ca\/wp-json\/wp\/v2\/media\/2904"}],"wp:attachment":[{"href":"https:\/\/staging.safetysourcefire.ca\/fr_ca\/wp-json\/wp\/v2\/media?parent=2919"}],"wp:term":[{"taxonomy":"product_brand","embeddable":true,"href":"https:\/\/staging.safetysourcefire.ca\/fr_ca\/wp-json\/wp\/v2\/product_brand?post=2919"},{"taxonomy":"product_cat","embeddable":true,"href":"https:\/\/staging.safetysourcefire.ca\/fr_ca\/wp-json\/wp\/v2\/product_cat?post=2919"},{"taxonomy":"product_tag","embeddable":true,"href":"https:\/\/staging.safetysourcefire.ca\/fr_ca\/wp-json\/wp\/v2\/product_tag?post=2919"}],"curies":[{"name":"wp","href":"https:\/\/api.w.org\/{rel}","templated":true}]}}