{"id":2918,"date":"2017-06-14T17:27:49","date_gmt":"2017-06-14T17:27:49","guid":{"rendered":"http:\/\/mmfss.ca\/?post_type=product&#038;p=2918"},"modified":"2023-06-09T20:48:22","modified_gmt":"2023-06-09T20:48:22","slug":"mini-striker-lightweight-high-pressure-fire-pump-skid-deck","status":"publish","type":"product","link":"https:\/\/staging.safetysourcefire.ca\/fr_ca\/produit\/mini-striker-lightweight-high-pressure-fire-pump-skid-deck\/","title":{"rendered":"Plate-forme de protection l\u00e9g\u00e8re pour pompe \u00e0 incendie \u00e0 haute pression MINI-STRIKER\u00ae"},"content":{"rendered":"<p>MSTR-SD<\/p>\n<p>Le MINI-STRIKER\u00ae est disponible en version <a href=\"https:\/\/staging.safetysourcefire.ca\/fr_ca\/produit\/mini-striker-lightweight-high-pressure-fire-pump\/\">pompe portable, une unit\u00e9 de montage sur v\u00e9hicule<\/a> et comme plate-forme de d\u00e9rapage de lutte contre les incendies pour construire votre propre unit\u00e9 de d\u00e9rapage. Les attaques initiales et les patrouilles ponctuelles sur les incendies, en particulier les feux ruraux, de champ, de for\u00eat et de broussailles, ainsi que les br\u00fblages dirig\u00e9s, sont souvent mieux combattus avec un v\u00e9hicule tr\u00e8s mobile, qui peut atteindre les op\u00e9rations au sol sur des terrains accident\u00e9s et des zones \u00e9loign\u00e9es. De nombreux incendies urbains et d&#039;interface faune-urbain sont mieux affront\u00e9s, m\u00eame si ce n&#039;est que pour l&#039;attaque initiale, avec la polyvalence et la maniabilit\u00e9 d&#039;une unit\u00e9 \u00e0 patins sur un VTT ou une camionnette.<\/p>\n<p>La pompe WATERAX MINI-STRIKER\u00ae associe une extr\u00e9mit\u00e9 de pompe fiable \u00e0 un \u00e9tage avec le moteur Honda 4 temps 2,5 HP pour atteindre des pressions allant jusqu&#039;\u00e0 85 PSI (5,9 BAR) et offrir un volume d&#039;alimentation allant jusqu&#039;\u00e0 80 GPM (303 L\/Min) . Extr\u00eamement portable et l\u00e9g\u00e8re, cette mini centrale fonctionne bien lorsqu&#039;elle est utilis\u00e9e seule ou en tandem avec d&#039;autres pompes, et est un choix tr\u00e8s populaire pour les applications d&#039;entr\u00e9e de gamme. Il est \u00e9galement particuli\u00e8rement adapt\u00e9 \u00e0 certaines des derni\u00e8res techniques de lutte contre l&#039;incendie o\u00f9 un \u00e9quipement petit et l\u00e9ger est une exigence. Le moteur Honda 4 temps de 2,5 HP largement disponible facilite l&#039;utilisation et l&#039;approvisionnement en pi\u00e8ces de moteur.<\/p>\n<p>Conforme aux \u00e9missions\u00a0; le moteur est certifi\u00e9 CARB et EPA<br \/>\nD\u00e9bit \u00e0 la pression sp\u00e9cifi\u00e9e<br \/>\nPression maximale : 85 PSI (5,9 bars)<br \/>\nD\u00e9bit libre : 80 US gals\/min (303 L\/min)<br \/>\nHauteur maximale\u00a0: 196\u00a0pi (60\u00a0m)<br \/>\nPoids\u00a0: 101\u00a0lb (45,9\u00a0kg)<\/p>\n<p><iframe loading=\"lazy\" title=\"Vid\u00e9o de d\u00e9monstration de la pompe l\u00e9g\u00e8re MINI-STRIKER\u00ae\" width=\"980\" height=\"551\" src=\"https:\/\/www.youtube.com\/embed\/0MoX0BUs-gM?feature=oembed&#038;enablejsapi=1&#038;origin=https:\/\/staging.safetysourcefire.ca\" frameborder=\"0\" allow=\"accelerometer; autoplay; clipboard-write; encrypted-media; gyroscope; picture-in-picture; web-share\" allowfullscreen><\/iframe><\/p>\n<p>&nbsp;<\/p>","protected":false},"excerpt":{"rendered":"<p>Cette configuration skid-deck combine la pompe \u00e0 incendie haute pression MINI-STRIKER\u00ae avec une tuyauterie non corrosive mont\u00e9e sur un copolym\u00e8re de polypropyl\u00e8ne. C&#039;est une combinaison robuste con\u00e7ue pour un levage facile.<\/p>","protected":false},"featured_media":27826,"template":"","meta":[],"product_brand":[185],"product_cat":[44,68],"product_tag":[358],"class_list":{"0":"post-2918","1":"product","2":"type-product","3":"status-publish","4":"has-post-thumbnail","6":"product_brand-waterax","7":"product_cat-fire-suppression","8":"product_cat-portable-pumps","9":"product_tag-waterax","11":"first","12":"instock","13":"shipping-taxable","14":"product-type-simple"},"yoast_head":"<!-- This site is optimized with the Yoast SEO plugin v27.4 - https:\/\/yoast.com\/product\/yoast-seo-wordpress\/ -->\n<title>MINI-STRIKER\u00ae Lightweight High-Pressure Fire Pump Skid Deck - Safety Source Fire<\/title>\n<meta name=\"robots\" content=\"noindex, follow, max-snippet:-1, max-image-preview:large, max-video-preview:-1\" \/>\n<meta property=\"og:locale\" content=\"fr_CA\" \/>\n<meta property=\"og:type\" content=\"article\" \/>\n<meta property=\"og:title\" content=\"MINI-STRIKER\u00ae Lightweight High-Pressure Fire Pump Skid Deck - Safety Source Fire\" \/>\n<meta property=\"og:description\" content=\"This skid-deck configuration combines the MINI-STRIKER\u00ae high-pressure fire pump with non-corrosive piping mounted on polypropylene copolymer. It\u2019s a robust combination designed for easy lifting.\" \/>\n<meta property=\"og:url\" content=\"https:\/\/staging.safetysourcefire.ca\/fr_ca\/produit\/mini-striker-lightweight-high-pressure-fire-pump-skid-deck\/\" \/>\n<meta property=\"og:site_name\" content=\"Safety Source Fire\" \/>\n<meta property=\"article:publisher\" content=\"https:\/\/www.facebook.com\/mmfssca\" \/>\n<meta property=\"article:modified_time\" content=\"2023-06-09T20:48:22+00:00\" \/>\n<meta property=\"og:image\" content=\"https:\/\/staging.safetysourcefire.ca\/wp-content\/uploads\/2017\/06\/MSTR-SD-1.jpg\" \/>\n\t<meta property=\"og:image:width\" content=\"600\" \/>\n\t<meta property=\"og:image:height\" content=\"600\" \/>\n\t<meta property=\"og:image:type\" content=\"image\/jpeg\" \/>\n<meta name=\"twitter:card\" content=\"summary_large_image\" \/>\n<meta name=\"twitter:site\" content=\"@mmfssca\" \/>\n<meta name=\"twitter:label1\" content=\"Estimation du temps de lecture\" \/>\n\t<meta name=\"twitter:data1\" content=\"2 minutes\" \/>\n<script type=\"application\/ld+json\" class=\"yoast-schema-graph\">{\"@context\":\"https:\\\/\\\/schema.org\",\"@graph\":[{\"@type\":\"WebPage\",\"@id\":\"https:\\\/\\\/staging.safetysourcefire.ca\\\/product\\\/mini-striker-lightweight-high-pressure-fire-pump-skid-deck\\\/\",\"url\":\"https:\\\/\\\/staging.safetysourcefire.ca\\\/product\\\/mini-striker-lightweight-high-pressure-fire-pump-skid-deck\\\/\",\"name\":\"MINI-STRIKER\u00ae Lightweight High-Pressure Fire Pump Skid Deck - Safety Source Fire\",\"isPartOf\":{\"@id\":\"https:\\\/\\\/staging.safetysourcefire.ca\\\/#website\"},\"primaryImageOfPage\":{\"@id\":\"https:\\\/\\\/staging.safetysourcefire.ca\\\/product\\\/mini-striker-lightweight-high-pressure-fire-pump-skid-deck\\\/#primaryimage\"},\"image\":{\"@id\":\"https:\\\/\\\/staging.safetysourcefire.ca\\\/product\\\/mini-striker-lightweight-high-pressure-fire-pump-skid-deck\\\/#primaryimage\"},\"thumbnailUrl\":\"https:\\\/\\\/staging.safetysourcefire.ca\\\/wp-content\\\/uploads\\\/2017\\\/06\\\/MSTR-SD-1.jpg\",\"datePublished\":\"2017-06-14T17:27:49+00:00\",\"dateModified\":\"2023-06-09T20:48:22+00:00\",\"breadcrumb\":{\"@id\":\"https:\\\/\\\/staging.safetysourcefire.ca\\\/product\\\/mini-striker-lightweight-high-pressure-fire-pump-skid-deck\\\/#breadcrumb\"},\"inLanguage\":\"fr-CA\",\"potentialAction\":[{\"@type\":\"ReadAction\",\"target\":[\"https:\\\/\\\/staging.safetysourcefire.ca\\\/product\\\/mini-striker-lightweight-high-pressure-fire-pump-skid-deck\\\/\"]}]},{\"@type\":\"ImageObject\",\"inLanguage\":\"fr-CA\",\"@id\":\"https:\\\/\\\/staging.safetysourcefire.ca\\\/product\\\/mini-striker-lightweight-high-pressure-fire-pump-skid-deck\\\/#primaryimage\",\"url\":\"https:\\\/\\\/staging.safetysourcefire.ca\\\/wp-content\\\/uploads\\\/2017\\\/06\\\/MSTR-SD-1.jpg\",\"contentUrl\":\"https:\\\/\\\/staging.safetysourcefire.ca\\\/wp-content\\\/uploads\\\/2017\\\/06\\\/MSTR-SD-1.jpg\",\"width\":600,\"height\":600,\"caption\":\"mini-striker skid deck\"},{\"@type\":\"BreadcrumbList\",\"@id\":\"https:\\\/\\\/staging.safetysourcefire.ca\\\/product\\\/mini-striker-lightweight-high-pressure-fire-pump-skid-deck\\\/#breadcrumb\",\"itemListElement\":[{\"@type\":\"ListItem\",\"position\":1,\"name\":\"Home\",\"item\":\"https:\\\/\\\/staging.safetysourcefire.ca\\\/\"},{\"@type\":\"ListItem\",\"position\":2,\"name\":\"Products\",\"item\":\"https:\\\/\\\/staging.safetysourcefire.ca\\\/shop\\\/\"},{\"@type\":\"ListItem\",\"position\":3,\"name\":\"MINI-STRIKER\u00ae Lightweight High-Pressure Fire Pump Skid Deck\"}]},{\"@type\":\"WebSite\",\"@id\":\"https:\\\/\\\/staging.safetysourcefire.ca\\\/#website\",\"url\":\"https:\\\/\\\/staging.safetysourcefire.ca\\\/\",\"name\":\"Safety Source Fire\",\"description\":\"\",\"publisher\":{\"@id\":\"https:\\\/\\\/staging.safetysourcefire.ca\\\/#organization\"},\"potentialAction\":[{\"@type\":\"SearchAction\",\"target\":{\"@type\":\"EntryPoint\",\"urlTemplate\":\"https:\\\/\\\/staging.safetysourcefire.ca\\\/?s={search_term_string}\"},\"query-input\":{\"@type\":\"PropertyValueSpecification\",\"valueRequired\":true,\"valueName\":\"search_term_string\"}}],\"inLanguage\":\"fr-CA\"},{\"@type\":\"Organization\",\"@id\":\"https:\\\/\\\/staging.safetysourcefire.ca\\\/#organization\",\"name\":\"Safety Source Fire\",\"url\":\"https:\\\/\\\/staging.safetysourcefire.ca\\\/\",\"logo\":{\"@type\":\"ImageObject\",\"inLanguage\":\"fr-CA\",\"@id\":\"https:\\\/\\\/staging.safetysourcefire.ca\\\/#\\\/schema\\\/logo\\\/image\\\/\",\"url\":\"https:\\\/\\\/staging.safetysourcefire.ca\\\/wp-content\\\/uploads\\\/2021\\\/01\\\/SSF_logo_CC0000-3.png\",\"contentUrl\":\"https:\\\/\\\/staging.safetysourcefire.ca\\\/wp-content\\\/uploads\\\/2021\\\/01\\\/SSF_logo_CC0000-3.png\",\"width\":1107,\"height\":365,\"caption\":\"Safety Source Fire\"},\"image\":{\"@id\":\"https:\\\/\\\/staging.safetysourcefire.ca\\\/#\\\/schema\\\/logo\\\/image\\\/\"},\"sameAs\":[\"https:\\\/\\\/www.facebook.com\\\/mmfssca\",\"https:\\\/\\\/x.com\\\/mmfssca\"]}]}<\/script>\n<!-- \/ Yoast SEO plugin. -->","yoast_head_json":{"title":"MINI-STRIKER\u00ae Pompe \u00e0 incendie haute pression l\u00e9g\u00e8re sur ch\u00e2ssis - Source de s\u00e9curit\u00e9 incendie","robots":{"index":"noindex","follow":"follow","max-snippet":"max-snippet:-1","max-image-preview":"max-image-preview:large","max-video-preview":"max-video-preview:-1"},"og_locale":"fr_CA","og_type":"article","og_title":"MINI-STRIKER\u00ae Lightweight High-Pressure Fire Pump Skid Deck - Safety Source Fire","og_description":"This skid-deck configuration combines the MINI-STRIKER\u00ae high-pressure fire pump with non-corrosive piping mounted on polypropylene copolymer. It\u2019s a robust combination designed for easy lifting.","og_url":"https:\/\/staging.safetysourcefire.ca\/fr_ca\/produit\/mini-striker-lightweight-high-pressure-fire-pump-skid-deck\/","og_site_name":"Safety Source Fire","article_publisher":"https:\/\/www.facebook.com\/mmfssca","article_modified_time":"2023-06-09T20:48:22+00:00","og_image":[{"width":600,"height":600,"url":"https:\/\/staging.safetysourcefire.ca\/wp-content\/uploads\/2017\/06\/MSTR-SD-1.jpg","type":"image\/jpeg"}],"twitter_card":"summary_large_image","twitter_site":"@mmfssca","twitter_misc":{"Estimation du temps de lecture":"2 minutes"},"schema":{"@context":"https:\/\/schema.org","@graph":[{"@type":"WebPage","@id":"https:\/\/staging.safetysourcefire.ca\/product\/mini-striker-lightweight-high-pressure-fire-pump-skid-deck\/","url":"https:\/\/staging.safetysourcefire.ca\/product\/mini-striker-lightweight-high-pressure-fire-pump-skid-deck\/","name":"MINI-STRIKER\u00ae Pompe \u00e0 incendie haute pression l\u00e9g\u00e8re sur ch\u00e2ssis - Source de s\u00e9curit\u00e9 incendie","isPartOf":{"@id":"https:\/\/staging.safetysourcefire.ca\/#website"},"primaryImageOfPage":{"@id":"https:\/\/staging.safetysourcefire.ca\/product\/mini-striker-lightweight-high-pressure-fire-pump-skid-deck\/#primaryimage"},"image":{"@id":"https:\/\/staging.safetysourcefire.ca\/product\/mini-striker-lightweight-high-pressure-fire-pump-skid-deck\/#primaryimage"},"thumbnailUrl":"https:\/\/staging.safetysourcefire.ca\/wp-content\/uploads\/2017\/06\/MSTR-SD-1.jpg","datePublished":"2017-06-14T17:27:49+00:00","dateModified":"2023-06-09T20:48:22+00:00","breadcrumb":{"@id":"https:\/\/staging.safetysourcefire.ca\/product\/mini-striker-lightweight-high-pressure-fire-pump-skid-deck\/#breadcrumb"},"inLanguage":"fr-CA","potentialAction":[{"@type":"ReadAction","target":["https:\/\/staging.safetysourcefire.ca\/product\/mini-striker-lightweight-high-pressure-fire-pump-skid-deck\/"]}]},{"@type":"ImageObject","inLanguage":"fr-CA","@id":"https:\/\/staging.safetysourcefire.ca\/product\/mini-striker-lightweight-high-pressure-fire-pump-skid-deck\/#primaryimage","url":"https:\/\/staging.safetysourcefire.ca\/wp-content\/uploads\/2017\/06\/MSTR-SD-1.jpg","contentUrl":"https:\/\/staging.safetysourcefire.ca\/wp-content\/uploads\/2017\/06\/MSTR-SD-1.jpg","width":600,"height":600,"caption":"mini-striker skid deck"},{"@type":"BreadcrumbList","@id":"https:\/\/staging.safetysourcefire.ca\/product\/mini-striker-lightweight-high-pressure-fire-pump-skid-deck\/#breadcrumb","itemListElement":[{"@type":"ListItem","position":1,"name":"Home","item":"https:\/\/staging.safetysourcefire.ca\/"},{"@type":"ListItem","position":2,"name":"Products","item":"https:\/\/staging.safetysourcefire.ca\/shop\/"},{"@type":"ListItem","position":3,"name":"MINI-STRIKER\u00ae Lightweight High-Pressure Fire Pump Skid Deck"}]},{"@type":"WebSite","@id":"https:\/\/staging.safetysourcefire.ca\/#website","url":"https:\/\/staging.safetysourcefire.ca\/","name":"Safety Source Fire","description":"","publisher":{"@id":"https:\/\/staging.safetysourcefire.ca\/#organization"},"potentialAction":[{"@type":"SearchAction","target":{"@type":"EntryPoint","urlTemplate":"https:\/\/staging.safetysourcefire.ca\/?s={search_term_string}"},"query-input":{"@type":"PropertyValueSpecification","valueRequired":true,"valueName":"search_term_string"}}],"inLanguage":"fr-CA"},{"@type":"Organization","@id":"https:\/\/staging.safetysourcefire.ca\/#organization","name":"Safety Source Fire","url":"https:\/\/staging.safetysourcefire.ca\/","logo":{"@type":"ImageObject","inLanguage":"fr-CA","@id":"https:\/\/staging.safetysourcefire.ca\/#\/schema\/logo\/image\/","url":"https:\/\/staging.safetysourcefire.ca\/wp-content\/uploads\/2021\/01\/SSF_logo_CC0000-3.png","contentUrl":"https:\/\/staging.safetysourcefire.ca\/wp-content\/uploads\/2021\/01\/SSF_logo_CC0000-3.png","width":1107,"height":365,"caption":"Safety Source Fire"},"image":{"@id":"https:\/\/staging.safetysourcefire.ca\/#\/schema\/logo\/image\/"},"sameAs":["https:\/\/www.facebook.com\/mmfssca","https:\/\/x.com\/mmfssca"]}]}},"_links":{"self":[{"href":"https:\/\/staging.safetysourcefire.ca\/fr_ca\/wp-json\/wp\/v2\/product\/2918","targetHints":{"allow":["GET"]}}],"collection":[{"href":"https:\/\/staging.safetysourcefire.ca\/fr_ca\/wp-json\/wp\/v2\/product"}],"about":[{"href":"https:\/\/staging.safetysourcefire.ca\/fr_ca\/wp-json\/wp\/v2\/types\/product"}],"wp:featuredmedia":[{"embeddable":true,"href":"https:\/\/staging.safetysourcefire.ca\/fr_ca\/wp-json\/wp\/v2\/media\/27826"}],"wp:attachment":[{"href":"https:\/\/staging.safetysourcefire.ca\/fr_ca\/wp-json\/wp\/v2\/media?parent=2918"}],"wp:term":[{"taxonomy":"product_brand","embeddable":true,"href":"https:\/\/staging.safetysourcefire.ca\/fr_ca\/wp-json\/wp\/v2\/product_brand?post=2918"},{"taxonomy":"product_cat","embeddable":true,"href":"https:\/\/staging.safetysourcefire.ca\/fr_ca\/wp-json\/wp\/v2\/product_cat?post=2918"},{"taxonomy":"product_tag","embeddable":true,"href":"https:\/\/staging.safetysourcefire.ca\/fr_ca\/wp-json\/wp\/v2\/product_tag?post=2918"}],"curies":[{"name":"wp","href":"https:\/\/api.w.org\/{rel}","templated":true}]}}