{"id":2916,"date":"2017-06-14T17:25:41","date_gmt":"2017-06-14T17:25:41","guid":{"rendered":"http:\/\/mmfss.ca\/?post_type=product&#038;p=2916"},"modified":"2018-03-19T14:33:16","modified_gmt":"2018-03-19T14:33:16","slug":"versax-9-hp-portable-wrap-around-frame","status":"publish","type":"product","link":"https:\/\/staging.safetysourcefire.ca\/fr_ca\/produit\/versax-9-hp-portable-wrap-around-frame\/","title":{"rendered":"Pompe portative Versax\u00ae 9 hp, ch\u00e2ssis enveloppant"},"content":{"rendered":"<p>Ce bourreau de travail peut \u00eatre utilis\u00e9 comme pompe portable ou sur une unit\u00e9 \u00e0 enfiler. Leur conception compacte les rend id\u00e9ales pour une vari\u00e9t\u00e9 d&#039;applications telles que la lutte contre les incendies, le remplissage de r\u00e9servoirs et les transferts d&#039;eau.<\/p>\n<p>Disponible avec un cadre enveloppant pour plus de protection et de facilit\u00e9 de transport.<\/p>\n<p><strong>CARACT\u00c9RISTIQUES\u00a0<\/strong><\/p>\n<p><strong>D\u00c9BIT \u00c0 LA PRESSION SP\u00c9CIFI\u00c9E<\/strong><\/p>\n<p>Pression maximale : 150 PSI (10,3 bars)<br \/>\nD\u00e9bit maximum : 105 gals US\/min (397 L\/min)<br \/>\nHauteur maximale\u00a0: 347\u00a0\u2032 (106\u00a0m)<\/p>\n<p><strong>PERFORMANCE<\/strong><\/p>\n<p>92 gal\/min (348 l\/min) \u00e0 50 psi (3,4 bars)<br \/>\n80 gal\/min (303 l\/min) \u00e0 75 psi (5,2 bars)<br \/>\n64 gal\/min (242 l\/min) \u00e0 100 psi (6,9 bars)<\/p>\n<p><strong>MOTEUR<\/strong><\/p>\n<p>Mod\u00e8le et type : S\u00e9rie Honda GX270, arbre horizontal 4 temps, OHV, essence refroidie par air<br \/>\nPuissance maximale\u00a0: 8,5\u00a0CV (6,3\u00a0kW) \u00e0 3\u00a0600\u00a0tr\/min<br \/>\nCouple maximal : 14,1 lb-pi (19,1 Nm) \u00e0 2\u00a0500 tr\/min<br \/>\nSyst\u00e8me de d\u00e9marrage\u00a0: manuel\u00a0; Recul<\/p>\n<p><strong>POMPE<\/strong><\/p>\n<p>Type : Centrifuge \u00e0 2 \u00e9tages auto-amor\u00e7ante<br \/>\nAdmission\u00a0: 2\u2033 m\u00e2le NPT<br \/>\nD\u00e9charge : 1-1\/2\u2033, 1\u2033, 1\u2033 M\u00e2le NPT<\/p>\n<p><strong>POIDS<\/strong><\/p>\n<p>Poids\u00a0:\u00a083\u00a0lb (37,6\u00a0kg)<\/p>\n<p><strong>CADRE<\/strong><\/p>\n<p>Cadre enveloppant<\/p>\n<p><strong>AUTRES SP\u00c9CIFICATIONS<\/strong><\/p>\n<p>Bouchons de d\u00e9charge : 2x Bouchon 1&quot; NPSH &amp; Bouchon 1-1\/2&quot; NPSH (N\/A)<\/p>","protected":false},"excerpt":{"rendered":"<p>La WATERAX VS2-9W avec cadre enveloppant est une pompe auto-amor\u00e7ante \u00e0 double roue polyvalente, robuste et \u00e9conomique.<\/p>","protected":false},"featured_media":2908,"template":"","meta":[],"product_brand":[185],"product_cat":[44,68],"product_tag":[358],"class_list":{"0":"post-2916","1":"product","2":"type-product","3":"status-publish","4":"has-post-thumbnail","6":"product_brand-waterax","7":"product_cat-fire-suppression","8":"product_cat-portable-pumps","9":"product_tag-waterax","11":"first","12":"instock","13":"shipping-taxable","14":"product-type-simple"},"yoast_head":"<!-- This site is optimized with the Yoast SEO plugin v27.4 - https:\/\/yoast.com\/product\/yoast-seo-wordpress\/ -->\n<title>Versax\u00ae\u00a09 hp Portable Pump, Wrap-Around Frame - Safety Source Fire<\/title>\n<meta name=\"robots\" content=\"noindex, follow, max-snippet:-1, max-image-preview:large, max-video-preview:-1\" \/>\n<meta property=\"og:locale\" content=\"fr_CA\" \/>\n<meta property=\"og:type\" content=\"article\" \/>\n<meta property=\"og:title\" content=\"Versax\u00ae\u00a09 hp Portable Pump, Wrap-Around Frame - Safety Source Fire\" \/>\n<meta property=\"og:description\" content=\"The\u00a0WATERAX\u00a0VS2-9W with wrap-around frame\u00a0is a versatile, rugged, and economical twin impeller self-priming pump.\" \/>\n<meta property=\"og:url\" content=\"https:\/\/staging.safetysourcefire.ca\/fr_ca\/produit\/versax-9-hp-portable-wrap-around-frame\/\" \/>\n<meta property=\"og:site_name\" content=\"Safety Source Fire\" \/>\n<meta property=\"article:publisher\" content=\"https:\/\/www.facebook.com\/mmfssca\" \/>\n<meta property=\"article:modified_time\" content=\"2018-03-19T14:33:16+00:00\" \/>\n<meta property=\"og:image\" content=\"https:\/\/staging.safetysourcefire.ca\/wp-content\/uploads\/2017\/06\/VS2-9W.jpg\" \/>\n\t<meta property=\"og:image:width\" content=\"600\" \/>\n\t<meta property=\"og:image:height\" content=\"600\" \/>\n\t<meta property=\"og:image:type\" content=\"image\/jpeg\" \/>\n<meta name=\"twitter:card\" content=\"summary_large_image\" \/>\n<meta name=\"twitter:site\" content=\"@mmfssca\" \/>\n<meta name=\"twitter:label1\" content=\"Estimation du temps de lecture\" \/>\n\t<meta name=\"twitter:data1\" content=\"1 minute\" \/>\n<script type=\"application\/ld+json\" class=\"yoast-schema-graph\">{\"@context\":\"https:\\\/\\\/schema.org\",\"@graph\":[{\"@type\":\"WebPage\",\"@id\":\"https:\\\/\\\/staging.safetysourcefire.ca\\\/product\\\/versax-9-hp-portable-wrap-around-frame\\\/\",\"url\":\"https:\\\/\\\/staging.safetysourcefire.ca\\\/product\\\/versax-9-hp-portable-wrap-around-frame\\\/\",\"name\":\"Versax\u00ae\u00a09 hp Portable Pump, Wrap-Around Frame - Safety Source Fire\",\"isPartOf\":{\"@id\":\"https:\\\/\\\/staging.safetysourcefire.ca\\\/#website\"},\"primaryImageOfPage\":{\"@id\":\"https:\\\/\\\/staging.safetysourcefire.ca\\\/product\\\/versax-9-hp-portable-wrap-around-frame\\\/#primaryimage\"},\"image\":{\"@id\":\"https:\\\/\\\/staging.safetysourcefire.ca\\\/product\\\/versax-9-hp-portable-wrap-around-frame\\\/#primaryimage\"},\"thumbnailUrl\":\"https:\\\/\\\/staging.safetysourcefire.ca\\\/wp-content\\\/uploads\\\/2017\\\/06\\\/VS2-9W.jpg\",\"datePublished\":\"2017-06-14T17:25:41+00:00\",\"dateModified\":\"2018-03-19T14:33:16+00:00\",\"breadcrumb\":{\"@id\":\"https:\\\/\\\/staging.safetysourcefire.ca\\\/product\\\/versax-9-hp-portable-wrap-around-frame\\\/#breadcrumb\"},\"inLanguage\":\"fr-CA\",\"potentialAction\":[{\"@type\":\"ReadAction\",\"target\":[\"https:\\\/\\\/staging.safetysourcefire.ca\\\/product\\\/versax-9-hp-portable-wrap-around-frame\\\/\"]}]},{\"@type\":\"ImageObject\",\"inLanguage\":\"fr-CA\",\"@id\":\"https:\\\/\\\/staging.safetysourcefire.ca\\\/product\\\/versax-9-hp-portable-wrap-around-frame\\\/#primaryimage\",\"url\":\"https:\\\/\\\/staging.safetysourcefire.ca\\\/wp-content\\\/uploads\\\/2017\\\/06\\\/VS2-9W.jpg\",\"contentUrl\":\"https:\\\/\\\/staging.safetysourcefire.ca\\\/wp-content\\\/uploads\\\/2017\\\/06\\\/VS2-9W.jpg\",\"width\":600,\"height\":600,\"caption\":\"portable pump\"},{\"@type\":\"BreadcrumbList\",\"@id\":\"https:\\\/\\\/staging.safetysourcefire.ca\\\/product\\\/versax-9-hp-portable-wrap-around-frame\\\/#breadcrumb\",\"itemListElement\":[{\"@type\":\"ListItem\",\"position\":1,\"name\":\"Home\",\"item\":\"https:\\\/\\\/staging.safetysourcefire.ca\\\/\"},{\"@type\":\"ListItem\",\"position\":2,\"name\":\"Products\",\"item\":\"https:\\\/\\\/staging.safetysourcefire.ca\\\/shop\\\/\"},{\"@type\":\"ListItem\",\"position\":3,\"name\":\"Versax\u00ae\u00a09 hp Portable Pump, Wrap-Around Frame\"}]},{\"@type\":\"WebSite\",\"@id\":\"https:\\\/\\\/staging.safetysourcefire.ca\\\/#website\",\"url\":\"https:\\\/\\\/staging.safetysourcefire.ca\\\/\",\"name\":\"Safety Source Fire\",\"description\":\"\",\"publisher\":{\"@id\":\"https:\\\/\\\/staging.safetysourcefire.ca\\\/#organization\"},\"potentialAction\":[{\"@type\":\"SearchAction\",\"target\":{\"@type\":\"EntryPoint\",\"urlTemplate\":\"https:\\\/\\\/staging.safetysourcefire.ca\\\/?s={search_term_string}\"},\"query-input\":{\"@type\":\"PropertyValueSpecification\",\"valueRequired\":true,\"valueName\":\"search_term_string\"}}],\"inLanguage\":\"fr-CA\"},{\"@type\":\"Organization\",\"@id\":\"https:\\\/\\\/staging.safetysourcefire.ca\\\/#organization\",\"name\":\"Safety Source Fire\",\"url\":\"https:\\\/\\\/staging.safetysourcefire.ca\\\/\",\"logo\":{\"@type\":\"ImageObject\",\"inLanguage\":\"fr-CA\",\"@id\":\"https:\\\/\\\/staging.safetysourcefire.ca\\\/#\\\/schema\\\/logo\\\/image\\\/\",\"url\":\"https:\\\/\\\/staging.safetysourcefire.ca\\\/wp-content\\\/uploads\\\/2021\\\/01\\\/SSF_logo_CC0000-3.png\",\"contentUrl\":\"https:\\\/\\\/staging.safetysourcefire.ca\\\/wp-content\\\/uploads\\\/2021\\\/01\\\/SSF_logo_CC0000-3.png\",\"width\":1107,\"height\":365,\"caption\":\"Safety Source Fire\"},\"image\":{\"@id\":\"https:\\\/\\\/staging.safetysourcefire.ca\\\/#\\\/schema\\\/logo\\\/image\\\/\"},\"sameAs\":[\"https:\\\/\\\/www.facebook.com\\\/mmfssca\",\"https:\\\/\\\/x.com\\\/mmfssca\"]}]}<\/script>\n<!-- \/ Yoast SEO plugin. -->","yoast_head_json":{"title":"Versax\u00ae\u00a09 hp Portable Pump, Wrap-Around Frame - Safety Source Fire","robots":{"index":"noindex","follow":"follow","max-snippet":"max-snippet:-1","max-image-preview":"max-image-preview:large","max-video-preview":"max-video-preview:-1"},"og_locale":"fr_CA","og_type":"article","og_title":"Versax\u00ae\u00a09 hp Portable Pump, Wrap-Around Frame - Safety Source Fire","og_description":"The\u00a0WATERAX\u00a0VS2-9W with wrap-around frame\u00a0is a versatile, rugged, and economical twin impeller self-priming pump.","og_url":"https:\/\/staging.safetysourcefire.ca\/fr_ca\/produit\/versax-9-hp-portable-wrap-around-frame\/","og_site_name":"Safety Source Fire","article_publisher":"https:\/\/www.facebook.com\/mmfssca","article_modified_time":"2018-03-19T14:33:16+00:00","og_image":[{"width":600,"height":600,"url":"https:\/\/staging.safetysourcefire.ca\/wp-content\/uploads\/2017\/06\/VS2-9W.jpg","type":"image\/jpeg"}],"twitter_card":"summary_large_image","twitter_site":"@mmfssca","twitter_misc":{"Estimation du temps de lecture":"1 minute"},"schema":{"@context":"https:\/\/schema.org","@graph":[{"@type":"WebPage","@id":"https:\/\/staging.safetysourcefire.ca\/product\/versax-9-hp-portable-wrap-around-frame\/","url":"https:\/\/staging.safetysourcefire.ca\/product\/versax-9-hp-portable-wrap-around-frame\/","name":"Versax\u00ae\u00a09 hp Portable Pump, Wrap-Around Frame - Safety Source Fire","isPartOf":{"@id":"https:\/\/staging.safetysourcefire.ca\/#website"},"primaryImageOfPage":{"@id":"https:\/\/staging.safetysourcefire.ca\/product\/versax-9-hp-portable-wrap-around-frame\/#primaryimage"},"image":{"@id":"https:\/\/staging.safetysourcefire.ca\/product\/versax-9-hp-portable-wrap-around-frame\/#primaryimage"},"thumbnailUrl":"https:\/\/staging.safetysourcefire.ca\/wp-content\/uploads\/2017\/06\/VS2-9W.jpg","datePublished":"2017-06-14T17:25:41+00:00","dateModified":"2018-03-19T14:33:16+00:00","breadcrumb":{"@id":"https:\/\/staging.safetysourcefire.ca\/product\/versax-9-hp-portable-wrap-around-frame\/#breadcrumb"},"inLanguage":"fr-CA","potentialAction":[{"@type":"ReadAction","target":["https:\/\/staging.safetysourcefire.ca\/product\/versax-9-hp-portable-wrap-around-frame\/"]}]},{"@type":"ImageObject","inLanguage":"fr-CA","@id":"https:\/\/staging.safetysourcefire.ca\/product\/versax-9-hp-portable-wrap-around-frame\/#primaryimage","url":"https:\/\/staging.safetysourcefire.ca\/wp-content\/uploads\/2017\/06\/VS2-9W.jpg","contentUrl":"https:\/\/staging.safetysourcefire.ca\/wp-content\/uploads\/2017\/06\/VS2-9W.jpg","width":600,"height":600,"caption":"portable pump"},{"@type":"BreadcrumbList","@id":"https:\/\/staging.safetysourcefire.ca\/product\/versax-9-hp-portable-wrap-around-frame\/#breadcrumb","itemListElement":[{"@type":"ListItem","position":1,"name":"Home","item":"https:\/\/staging.safetysourcefire.ca\/"},{"@type":"ListItem","position":2,"name":"Products","item":"https:\/\/staging.safetysourcefire.ca\/shop\/"},{"@type":"ListItem","position":3,"name":"Versax\u00ae\u00a09 hp Portable Pump, Wrap-Around Frame"}]},{"@type":"WebSite","@id":"https:\/\/staging.safetysourcefire.ca\/#website","url":"https:\/\/staging.safetysourcefire.ca\/","name":"Safety Source Fire","description":"","publisher":{"@id":"https:\/\/staging.safetysourcefire.ca\/#organization"},"potentialAction":[{"@type":"SearchAction","target":{"@type":"EntryPoint","urlTemplate":"https:\/\/staging.safetysourcefire.ca\/?s={search_term_string}"},"query-input":{"@type":"PropertyValueSpecification","valueRequired":true,"valueName":"search_term_string"}}],"inLanguage":"fr-CA"},{"@type":"Organization","@id":"https:\/\/staging.safetysourcefire.ca\/#organization","name":"Safety Source Fire","url":"https:\/\/staging.safetysourcefire.ca\/","logo":{"@type":"ImageObject","inLanguage":"fr-CA","@id":"https:\/\/staging.safetysourcefire.ca\/#\/schema\/logo\/image\/","url":"https:\/\/staging.safetysourcefire.ca\/wp-content\/uploads\/2021\/01\/SSF_logo_CC0000-3.png","contentUrl":"https:\/\/staging.safetysourcefire.ca\/wp-content\/uploads\/2021\/01\/SSF_logo_CC0000-3.png","width":1107,"height":365,"caption":"Safety Source Fire"},"image":{"@id":"https:\/\/staging.safetysourcefire.ca\/#\/schema\/logo\/image\/"},"sameAs":["https:\/\/www.facebook.com\/mmfssca","https:\/\/x.com\/mmfssca"]}]}},"_links":{"self":[{"href":"https:\/\/staging.safetysourcefire.ca\/fr_ca\/wp-json\/wp\/v2\/product\/2916","targetHints":{"allow":["GET"]}}],"collection":[{"href":"https:\/\/staging.safetysourcefire.ca\/fr_ca\/wp-json\/wp\/v2\/product"}],"about":[{"href":"https:\/\/staging.safetysourcefire.ca\/fr_ca\/wp-json\/wp\/v2\/types\/product"}],"wp:featuredmedia":[{"embeddable":true,"href":"https:\/\/staging.safetysourcefire.ca\/fr_ca\/wp-json\/wp\/v2\/media\/2908"}],"wp:attachment":[{"href":"https:\/\/staging.safetysourcefire.ca\/fr_ca\/wp-json\/wp\/v2\/media?parent=2916"}],"wp:term":[{"taxonomy":"product_brand","embeddable":true,"href":"https:\/\/staging.safetysourcefire.ca\/fr_ca\/wp-json\/wp\/v2\/product_brand?post=2916"},{"taxonomy":"product_cat","embeddable":true,"href":"https:\/\/staging.safetysourcefire.ca\/fr_ca\/wp-json\/wp\/v2\/product_cat?post=2916"},{"taxonomy":"product_tag","embeddable":true,"href":"https:\/\/staging.safetysourcefire.ca\/fr_ca\/wp-json\/wp\/v2\/product_tag?post=2916"}],"curies":[{"name":"wp","href":"https:\/\/api.w.org\/{rel}","templated":true}]}}