{"id":2911,"date":"2017-06-14T17:18:48","date_gmt":"2017-06-14T17:18:48","guid":{"rendered":"http:\/\/mmfss.ca\/?post_type=product&#038;p=2911"},"modified":"2018-05-10T15:04:12","modified_gmt":"2018-05-10T15:04:12","slug":"bb-4-23hp-portable","status":"publish","type":"product","link":"https:\/\/staging.safetysourcefire.ca\/fr_ca\/produit\/bb-4-23hp-portable\/","title":{"rendered":"Pompe portative BB-4\u00ae 23hp"},"content":{"rendered":"<p>Une haute pression -allant jusqu'\u00e0 440 PSI (30 bar) - est possible afin d'assurer un fonctionnement optimal, m\u00eame avec les longs boyaux. La pompe peut surmonter les pertes de pression dues aux grands changements d'altitude souvent rencontr\u00e9s dans les op\u00e9rations d'incendie en for\u00eat accident\u00e9es.<\/p>\n<p>La puissance plus \u00e9lev\u00e9e fournie par le moteur Briggs &amp; Stratton 23 CV le rend id\u00e9al pour le pompage \u00e0 haute altitude.<\/p>\n<p>Une caract\u00e9ristique unique de la pompe BB-4<sup>\u00ae<\/sup>\u00a0est son extr\u00e9mit\u00e9 \u00e0 d\u00e9gagement rapide qui est interchangeable avec notre <a href=\"https:\/\/staging.safetysourcefire.ca\/fr_ca\/produit\/mark-3-wfuel-tank-qk-con-suct-prot\/\">MARQUE-3<sup>\u00ae<\/sup>\u00a0pompe<\/a>. Cette capacit\u00e9 permet des \u00e9changes rapides d'extr\u00e9mit\u00e9 sur le terrain, \u00e9liminant ainsi les longs temps d'arr\u00eat et r\u00e9duisant consid\u00e9rablement le nombre de pi\u00e8ces requises dans les ateliers d'entretien des \u00e9quipements.<\/p>\n<p><strong>CARACT\u00c9RISTIQUES\u00a0<\/strong><\/p>\n<p><strong>D\u00c9BIT \u00c0 LA PRESSION SP\u00c9CIFI\u00c9E<\/strong><\/p>\n<p>Pression maximale\u00a0: 440\u00a0psi (30,3\u00a0bars)<br \/>\nD\u00e9bit maximum\u00a0: 106 gals\/min (401\u00a0L\/min)<br \/>\nHauteur maximale\u00a0:\u00a01016\u00a0 (310\u00a0m)<\/p>\n<p><strong>PERFORMANCE<\/strong><\/p>\n<p>103 GPM (390 lpm) @ 150 PSI (10,3 BAR)<br \/>\n94 GPM (356 lpm) @ 250 PSI (17,2 BAR)<br \/>\n65 GPM (246 lpm) @ 350 PSI (24,1 BAR)<\/p>\n<p><strong>MOTEUR<\/strong><\/p>\n<p>Mod\u00e8le et type : Briggs &amp; Stratton Vanguard, 4 temps, puit horizontal, bicylindre, OHV<br \/>\nPuissance maximale\u00a0: 23\u00a0hp (17,2\u00a0KW) \u00e0 3\u00a0600 tr\/min<br \/>\nCouple maximal\u00a0: 32,75 lb-pi (44,4 Nm) \u00e0 2\u00a0600 tr\/min<br \/>\nSyst\u00e8me de d\u00e9marrage\u00a0: d\u00e9marrage \u00e0 rappel avec option de d\u00e9marrage \u00e9lectrique 12\u00a0VDC<\/p>\n<p><strong>POMPE<\/strong><\/p>\n<p>Type : Pompe centrifuge amovible \u00e0 4 \u00e9tages<br \/>\nApport\u00a0: 2\u2033 NPSH m\u00e2le<br \/>\nD\u00e9charge\u00a0: 1-1\/2\u2033 m\u00e2le NPSH<\/p>\n<p><strong>POIDS<\/strong><\/p>\n<p>Poids : 195 lb (88 kg)<\/p>\n<p><strong>CADRE<\/strong><\/p>\n<p>Cadre de transport<\/p>\n<p><strong>UNIT\u00c9 D&#039;ENTRA\u00ceNEMENT<\/strong><\/p>\n<p>Courroie de distribution et poulie\u00a0; Acc\u00e9l\u00e9rateur de vitesse 1.88:1<\/p>\n<p><strong>AUTRES SP\u00c9CIFICATIONS<\/strong><\/p>\n<p>Amorce\u00a0: Ensemble \u00e9lectrique\u00a0\u2013\u00a0Amorce \u00e9lectrique, lampe de travail \u00e0 DEL et batterie (standard)<br \/>\nSilencieux\u00a0: silencieux d&#039;amorce d&#039;\u00e9chappement (standard)<br \/>\nCollecteur de clapet anti-retour\u00a0: 1-1\/2&quot; NPSH (standard)<br \/>\nJauge de d\u00e9charge : 0-600 psi, cadran 2-1\/2\u2033 (standard)<br \/>\nCommandes\u00a0: panneau de commande du support moteur (standard)<br \/>\nR\u00e9servoir de carburant : Int\u00e9gral \/ 1,75 gal US (6,6 L) (standard)<\/p>","protected":false},"excerpt":{"rendered":"<p>BB-4:<sup>\u00ae<\/sup>\u00a0La pompe \u00e0 incendie portative id\u00e9ale pour le transfert d'eau \u00e0 distance, les attaques initiales, les syst\u00e8mes de gicleurs et les syst\u00e8mes d'extinction d'incendie dans les environnements forestiers et ruraux.<\/p>","protected":false},"featured_media":2898,"template":"","meta":[],"product_brand":[185],"product_cat":[44,68],"product_tag":[358],"class_list":{"0":"post-2911","1":"product","2":"type-product","3":"status-publish","4":"has-post-thumbnail","6":"product_brand-waterax","7":"product_cat-fire-suppression","8":"product_cat-portable-pumps","9":"product_tag-waterax","11":"first","12":"instock","13":"shipping-taxable","14":"product-type-simple"},"yoast_head":"<!-- This site is optimized with the Yoast SEO plugin v27.4 - https:\/\/yoast.com\/product\/yoast-seo-wordpress\/ -->\n<title>BB-4\u00ae\u00a023hp Portable Pump - Safety Source Fire<\/title>\n<meta name=\"robots\" content=\"noindex, follow, max-snippet:-1, max-image-preview:large, max-video-preview:-1\" \/>\n<meta property=\"og:locale\" content=\"fr_CA\" \/>\n<meta property=\"og:type\" content=\"article\" \/>\n<meta property=\"og:title\" content=\"BB-4\u00ae\u00a023hp Portable Pump - Safety Source Fire\" \/>\n<meta property=\"og:description\" content=\"The BB-4\u00ae\u00a0portable fire pump is an ideal unit for remote water transfer, initial attack, sprinkler systems, brush truck and slip-on firefighting systems in forestry and rural fire environments.\" \/>\n<meta property=\"og:url\" content=\"https:\/\/staging.safetysourcefire.ca\/fr_ca\/produit\/bb-4-23hp-portable\/\" \/>\n<meta property=\"og:site_name\" content=\"Safety Source Fire\" \/>\n<meta property=\"article:publisher\" content=\"https:\/\/www.facebook.com\/mmfssca\" \/>\n<meta property=\"article:modified_time\" content=\"2018-05-10T15:04:12+00:00\" \/>\n<meta property=\"og:image\" content=\"https:\/\/staging.safetysourcefire.ca\/wp-content\/uploads\/2017\/06\/BB-4-23PETC.jpg\" \/>\n\t<meta property=\"og:image:width\" content=\"600\" \/>\n\t<meta property=\"og:image:height\" content=\"600\" \/>\n\t<meta property=\"og:image:type\" content=\"image\/jpeg\" \/>\n<meta name=\"twitter:card\" content=\"summary_large_image\" \/>\n<meta name=\"twitter:site\" content=\"@mmfssca\" \/>\n<meta name=\"twitter:label1\" content=\"Estimation du temps de lecture\" \/>\n\t<meta name=\"twitter:data1\" content=\"1 minute\" \/>\n<script type=\"application\/ld+json\" class=\"yoast-schema-graph\">{\"@context\":\"https:\\\/\\\/schema.org\",\"@graph\":[{\"@type\":\"WebPage\",\"@id\":\"https:\\\/\\\/staging.safetysourcefire.ca\\\/product\\\/bb-4-23hp-portable\\\/\",\"url\":\"https:\\\/\\\/staging.safetysourcefire.ca\\\/product\\\/bb-4-23hp-portable\\\/\",\"name\":\"BB-4\u00ae\u00a023hp Portable Pump - Safety Source Fire\",\"isPartOf\":{\"@id\":\"https:\\\/\\\/staging.safetysourcefire.ca\\\/#website\"},\"primaryImageOfPage\":{\"@id\":\"https:\\\/\\\/staging.safetysourcefire.ca\\\/product\\\/bb-4-23hp-portable\\\/#primaryimage\"},\"image\":{\"@id\":\"https:\\\/\\\/staging.safetysourcefire.ca\\\/product\\\/bb-4-23hp-portable\\\/#primaryimage\"},\"thumbnailUrl\":\"https:\\\/\\\/staging.safetysourcefire.ca\\\/wp-content\\\/uploads\\\/2017\\\/06\\\/BB-4-23PETC.jpg\",\"datePublished\":\"2017-06-14T17:18:48+00:00\",\"dateModified\":\"2018-05-10T15:04:12+00:00\",\"breadcrumb\":{\"@id\":\"https:\\\/\\\/staging.safetysourcefire.ca\\\/product\\\/bb-4-23hp-portable\\\/#breadcrumb\"},\"inLanguage\":\"fr-CA\",\"potentialAction\":[{\"@type\":\"ReadAction\",\"target\":[\"https:\\\/\\\/staging.safetysourcefire.ca\\\/product\\\/bb-4-23hp-portable\\\/\"]}]},{\"@type\":\"ImageObject\",\"inLanguage\":\"fr-CA\",\"@id\":\"https:\\\/\\\/staging.safetysourcefire.ca\\\/product\\\/bb-4-23hp-portable\\\/#primaryimage\",\"url\":\"https:\\\/\\\/staging.safetysourcefire.ca\\\/wp-content\\\/uploads\\\/2017\\\/06\\\/BB-4-23PETC.jpg\",\"contentUrl\":\"https:\\\/\\\/staging.safetysourcefire.ca\\\/wp-content\\\/uploads\\\/2017\\\/06\\\/BB-4-23PETC.jpg\",\"width\":600,\"height\":600,\"caption\":\"portable pump\"},{\"@type\":\"BreadcrumbList\",\"@id\":\"https:\\\/\\\/staging.safetysourcefire.ca\\\/product\\\/bb-4-23hp-portable\\\/#breadcrumb\",\"itemListElement\":[{\"@type\":\"ListItem\",\"position\":1,\"name\":\"Home\",\"item\":\"https:\\\/\\\/staging.safetysourcefire.ca\\\/\"},{\"@type\":\"ListItem\",\"position\":2,\"name\":\"Products\",\"item\":\"https:\\\/\\\/staging.safetysourcefire.ca\\\/shop\\\/\"},{\"@type\":\"ListItem\",\"position\":3,\"name\":\"BB-4\u00ae\u00a023hp Portable Pump\"}]},{\"@type\":\"WebSite\",\"@id\":\"https:\\\/\\\/staging.safetysourcefire.ca\\\/#website\",\"url\":\"https:\\\/\\\/staging.safetysourcefire.ca\\\/\",\"name\":\"Safety Source Fire\",\"description\":\"\",\"publisher\":{\"@id\":\"https:\\\/\\\/staging.safetysourcefire.ca\\\/#organization\"},\"potentialAction\":[{\"@type\":\"SearchAction\",\"target\":{\"@type\":\"EntryPoint\",\"urlTemplate\":\"https:\\\/\\\/staging.safetysourcefire.ca\\\/?s={search_term_string}\"},\"query-input\":{\"@type\":\"PropertyValueSpecification\",\"valueRequired\":true,\"valueName\":\"search_term_string\"}}],\"inLanguage\":\"fr-CA\"},{\"@type\":\"Organization\",\"@id\":\"https:\\\/\\\/staging.safetysourcefire.ca\\\/#organization\",\"name\":\"Safety Source Fire\",\"url\":\"https:\\\/\\\/staging.safetysourcefire.ca\\\/\",\"logo\":{\"@type\":\"ImageObject\",\"inLanguage\":\"fr-CA\",\"@id\":\"https:\\\/\\\/staging.safetysourcefire.ca\\\/#\\\/schema\\\/logo\\\/image\\\/\",\"url\":\"https:\\\/\\\/staging.safetysourcefire.ca\\\/wp-content\\\/uploads\\\/2021\\\/01\\\/SSF_logo_CC0000-3.png\",\"contentUrl\":\"https:\\\/\\\/staging.safetysourcefire.ca\\\/wp-content\\\/uploads\\\/2021\\\/01\\\/SSF_logo_CC0000-3.png\",\"width\":1107,\"height\":365,\"caption\":\"Safety Source Fire\"},\"image\":{\"@id\":\"https:\\\/\\\/staging.safetysourcefire.ca\\\/#\\\/schema\\\/logo\\\/image\\\/\"},\"sameAs\":[\"https:\\\/\\\/www.facebook.com\\\/mmfssca\",\"https:\\\/\\\/x.com\\\/mmfssca\"]}]}<\/script>\n<!-- \/ Yoast SEO plugin. -->","yoast_head_json":{"title":"BB-4\u00ae\u00a023hp Portable Pump - Safety Source Fire","robots":{"index":"noindex","follow":"follow","max-snippet":"max-snippet:-1","max-image-preview":"max-image-preview:large","max-video-preview":"max-video-preview:-1"},"og_locale":"fr_CA","og_type":"article","og_title":"BB-4\u00ae\u00a023hp Portable Pump - Safety Source Fire","og_description":"The BB-4\u00ae\u00a0portable fire pump is an ideal unit for remote water transfer, initial attack, sprinkler systems, brush truck and slip-on firefighting systems in forestry and rural fire environments.","og_url":"https:\/\/staging.safetysourcefire.ca\/fr_ca\/produit\/bb-4-23hp-portable\/","og_site_name":"Safety Source Fire","article_publisher":"https:\/\/www.facebook.com\/mmfssca","article_modified_time":"2018-05-10T15:04:12+00:00","og_image":[{"width":600,"height":600,"url":"https:\/\/staging.safetysourcefire.ca\/wp-content\/uploads\/2017\/06\/BB-4-23PETC.jpg","type":"image\/jpeg"}],"twitter_card":"summary_large_image","twitter_site":"@mmfssca","twitter_misc":{"Estimation du temps de lecture":"1 minute"},"schema":{"@context":"https:\/\/schema.org","@graph":[{"@type":"WebPage","@id":"https:\/\/staging.safetysourcefire.ca\/product\/bb-4-23hp-portable\/","url":"https:\/\/staging.safetysourcefire.ca\/product\/bb-4-23hp-portable\/","name":"BB-4\u00ae\u00a023hp Portable Pump - Safety Source Fire","isPartOf":{"@id":"https:\/\/staging.safetysourcefire.ca\/#website"},"primaryImageOfPage":{"@id":"https:\/\/staging.safetysourcefire.ca\/product\/bb-4-23hp-portable\/#primaryimage"},"image":{"@id":"https:\/\/staging.safetysourcefire.ca\/product\/bb-4-23hp-portable\/#primaryimage"},"thumbnailUrl":"https:\/\/staging.safetysourcefire.ca\/wp-content\/uploads\/2017\/06\/BB-4-23PETC.jpg","datePublished":"2017-06-14T17:18:48+00:00","dateModified":"2018-05-10T15:04:12+00:00","breadcrumb":{"@id":"https:\/\/staging.safetysourcefire.ca\/product\/bb-4-23hp-portable\/#breadcrumb"},"inLanguage":"fr-CA","potentialAction":[{"@type":"ReadAction","target":["https:\/\/staging.safetysourcefire.ca\/product\/bb-4-23hp-portable\/"]}]},{"@type":"ImageObject","inLanguage":"fr-CA","@id":"https:\/\/staging.safetysourcefire.ca\/product\/bb-4-23hp-portable\/#primaryimage","url":"https:\/\/staging.safetysourcefire.ca\/wp-content\/uploads\/2017\/06\/BB-4-23PETC.jpg","contentUrl":"https:\/\/staging.safetysourcefire.ca\/wp-content\/uploads\/2017\/06\/BB-4-23PETC.jpg","width":600,"height":600,"caption":"portable pump"},{"@type":"BreadcrumbList","@id":"https:\/\/staging.safetysourcefire.ca\/product\/bb-4-23hp-portable\/#breadcrumb","itemListElement":[{"@type":"ListItem","position":1,"name":"Home","item":"https:\/\/staging.safetysourcefire.ca\/"},{"@type":"ListItem","position":2,"name":"Products","item":"https:\/\/staging.safetysourcefire.ca\/shop\/"},{"@type":"ListItem","position":3,"name":"BB-4\u00ae\u00a023hp Portable Pump"}]},{"@type":"WebSite","@id":"https:\/\/staging.safetysourcefire.ca\/#website","url":"https:\/\/staging.safetysourcefire.ca\/","name":"Safety Source Fire","description":"","publisher":{"@id":"https:\/\/staging.safetysourcefire.ca\/#organization"},"potentialAction":[{"@type":"SearchAction","target":{"@type":"EntryPoint","urlTemplate":"https:\/\/staging.safetysourcefire.ca\/?s={search_term_string}"},"query-input":{"@type":"PropertyValueSpecification","valueRequired":true,"valueName":"search_term_string"}}],"inLanguage":"fr-CA"},{"@type":"Organization","@id":"https:\/\/staging.safetysourcefire.ca\/#organization","name":"Safety Source Fire","url":"https:\/\/staging.safetysourcefire.ca\/","logo":{"@type":"ImageObject","inLanguage":"fr-CA","@id":"https:\/\/staging.safetysourcefire.ca\/#\/schema\/logo\/image\/","url":"https:\/\/staging.safetysourcefire.ca\/wp-content\/uploads\/2021\/01\/SSF_logo_CC0000-3.png","contentUrl":"https:\/\/staging.safetysourcefire.ca\/wp-content\/uploads\/2021\/01\/SSF_logo_CC0000-3.png","width":1107,"height":365,"caption":"Safety Source Fire"},"image":{"@id":"https:\/\/staging.safetysourcefire.ca\/#\/schema\/logo\/image\/"},"sameAs":["https:\/\/www.facebook.com\/mmfssca","https:\/\/x.com\/mmfssca"]}]}},"_links":{"self":[{"href":"https:\/\/staging.safetysourcefire.ca\/fr_ca\/wp-json\/wp\/v2\/product\/2911","targetHints":{"allow":["GET"]}}],"collection":[{"href":"https:\/\/staging.safetysourcefire.ca\/fr_ca\/wp-json\/wp\/v2\/product"}],"about":[{"href":"https:\/\/staging.safetysourcefire.ca\/fr_ca\/wp-json\/wp\/v2\/types\/product"}],"wp:featuredmedia":[{"embeddable":true,"href":"https:\/\/staging.safetysourcefire.ca\/fr_ca\/wp-json\/wp\/v2\/media\/2898"}],"wp:attachment":[{"href":"https:\/\/staging.safetysourcefire.ca\/fr_ca\/wp-json\/wp\/v2\/media?parent=2911"}],"wp:term":[{"taxonomy":"product_brand","embeddable":true,"href":"https:\/\/staging.safetysourcefire.ca\/fr_ca\/wp-json\/wp\/v2\/product_brand?post=2911"},{"taxonomy":"product_cat","embeddable":true,"href":"https:\/\/staging.safetysourcefire.ca\/fr_ca\/wp-json\/wp\/v2\/product_cat?post=2911"},{"taxonomy":"product_tag","embeddable":true,"href":"https:\/\/staging.safetysourcefire.ca\/fr_ca\/wp-json\/wp\/v2\/product_tag?post=2911"}],"curies":[{"name":"wp","href":"https:\/\/api.w.org\/{rel}","templated":true}]}}