{"id":29072,"date":"2024-08-01T02:59:27","date_gmt":"2024-08-01T02:59:27","guid":{"rendered":"https:\/\/safetysourcefire.ca\/?post_type=product&#038;p=29072"},"modified":"2024-08-01T12:26:24","modified_gmt":"2024-08-01T12:26:24","slug":"munif3-green-plus-3","status":"publish","type":"product","link":"https:\/\/staging.safetysourcefire.ca\/fr_ca\/produit\/munif3-green-plus-3\/","title":{"rendered":"Muni\u00aeF3 Vert Plus 3%"},"content":{"rendered":"<p>La liste UL\/ULC pour Muni\u00aeF3 Green Plus 3% couvre divers m\u00e9langes d&#039;essence allant du non m\u00e9lang\u00e9 (c&#039;est-\u00e0-dire pour la course sportive) au E5, E10 et jusqu&#039;\u00e0 E15 (c&#039;est-\u00e0-dire le m\u00e9lange \u00e9thanol\/essence 15%).<\/p>\n<p>Muni\u00aeF3 Green Plus est certifi\u00e9 GreenScreen*, ce qui garantit qu&#039;aucun substitut chimique regrettable n&#039;a \u00e9t\u00e9 utilis\u00e9 dans la formulation. MuniF3 Green Plus 3% est une formulation brevet\u00e9e produisant une couche de mousse \u00e9tanche \u00e0 la vapeur qui s&#039;\u00e9tale rapidement sur la surface du carburant pour assurer un contr\u00f4le et une extinction rapides.<\/p>\n<ul>\n<li>Formule brevet\u00e9e unique disponible uniquement chez National Foam.<\/li>\n<li>Con\u00e7u sp\u00e9cifiquement pour les intervenants municipaux<\/li>\n<li>Sans fluor \u2013 peut \u00eatre utilis\u00e9 l\u00e0 o\u00f9 les produits fluor\u00e9s traditionnels ne peuvent pas \u00eatre utilis\u00e9s.<\/li>\n<li>Aucun produit chimique PFAS (PFOA, PFOS) ajout\u00e9 intentionnellement<\/li>\n<li>Homologu\u00e9 UL \/ ULC<\/li>\n<li>Homologu\u00e9 UL\/ULC avec la buse \u00e0 mousse manuelle JS-10<\/li>\n<li>Certifi\u00e9 GreenScreen garantissant qu&#039;aucun produit chimique pr\u00e9occupant n&#039;a \u00e9t\u00e9 utilis\u00e9 dans la formulation.<\/li>\n<li>Faible viscosit\u00e9 pour assurer une induction facile<\/li>\n<li>100% biod\u00e9gradable<\/li>\n<\/ul>\n<p>*<a href=\"https:\/\/www.greenscreenchemicals.org\/\">Certifi\u00e9 GreenScreen<\/a>\u2122 est une certification ind\u00e9pendante \u00e0 but non lucratif qui promeut l\u2019utilisation de produits chimiques intrins\u00e8quement plus s\u00fbrs dans les produits et la fabrication.<\/p>\n<p><a href=\"https:\/\/nationalfoam.com\/wp-content\/uploads\/sites\/4\/NFC511-Muni-F3-Green-Plus-3-Rev-E-1.pdf\">Fiche technique du Muni F3 Green Plus 3%<\/a><\/p>\n<p><a href=\"https:\/\/nationalfoam.com\/wp-content\/uploads\/sites\/4\/NMS511_Muni-Green-Plus-3-AR-FFF-Concentrate_09262022.pdf\">Fiche signal\u00e9tique Muni Green Plus<\/a><\/p>","protected":false},"excerpt":{"rendered":"<p>Muni\u00aeF3 Green Plus 3% est un \u00e9mulseur synth\u00e9tique de qualit\u00e9 sup\u00e9rieure sans fluor, con\u00e7u pour les pompiers municipaux sur les incendies de classes A et B.<\/p>","protected":false},"featured_media":29058,"template":"","meta":[],"product_brand":[630],"product_cat":[44,63],"product_tag":[631],"class_list":{"0":"post-29072","1":"product","2":"type-product","3":"status-publish","4":"has-post-thumbnail","6":"product_brand-national-foam","7":"product_cat-fire-suppression","8":"product_cat-foam","9":"product_tag-national-foam","11":"first","12":"instock","13":"shipping-taxable","14":"product-type-simple"},"yoast_head":"<!-- This site is optimized with the Yoast SEO plugin v27.4 - https:\/\/yoast.com\/product\/yoast-seo-wordpress\/ -->\n<title>Muni\u00aeF3 Green Plus 3% - Safety Source Fire<\/title>\n<meta name=\"robots\" content=\"noindex, follow, max-snippet:-1, max-image-preview:large, max-video-preview:-1\" \/>\n<meta property=\"og:locale\" content=\"fr_CA\" \/>\n<meta property=\"og:type\" content=\"article\" \/>\n<meta property=\"og:title\" content=\"Muni\u00aeF3 Green Plus 3% - Safety Source Fire\" \/>\n<meta property=\"og:description\" content=\"Muni\u00aeF3 Green Plus 3% is a superior synthetic fluorine free foam concentrate, designed for municipal firefighters on Class A and B fires.\" \/>\n<meta property=\"og:url\" content=\"https:\/\/staging.safetysourcefire.ca\/fr_ca\/produit\/munif3-green-plus-3\/\" \/>\n<meta property=\"og:site_name\" content=\"Safety Source Fire\" \/>\n<meta property=\"article:publisher\" content=\"https:\/\/www.facebook.com\/mmfssca\" \/>\n<meta property=\"article:modified_time\" content=\"2024-08-01T12:26:24+00:00\" \/>\n<meta property=\"og:image\" content=\"https:\/\/staging.safetysourcefire.ca\/wp-content\/uploads\/2024\/08\/Muni-Green-Plus-Banner.jpg\" \/>\n\t<meta property=\"og:image:width\" content=\"600\" \/>\n\t<meta property=\"og:image:height\" content=\"600\" \/>\n\t<meta property=\"og:image:type\" content=\"image\/jpeg\" \/>\n<meta name=\"twitter:card\" content=\"summary_large_image\" \/>\n<meta name=\"twitter:site\" content=\"@mmfssca\" \/>\n<meta name=\"twitter:label1\" content=\"Estimation du temps de lecture\" \/>\n\t<meta name=\"twitter:data1\" content=\"1 minute\" \/>\n<script type=\"application\/ld+json\" class=\"yoast-schema-graph\">{\"@context\":\"https:\\\/\\\/schema.org\",\"@graph\":[{\"@type\":\"WebPage\",\"@id\":\"https:\\\/\\\/staging.safetysourcefire.ca\\\/product\\\/munif3-green-plus-3\\\/\",\"url\":\"https:\\\/\\\/staging.safetysourcefire.ca\\\/product\\\/munif3-green-plus-3\\\/\",\"name\":\"Muni\u00aeF3 Green Plus 3% - Safety Source Fire\",\"isPartOf\":{\"@id\":\"https:\\\/\\\/staging.safetysourcefire.ca\\\/#website\"},\"primaryImageOfPage\":{\"@id\":\"https:\\\/\\\/staging.safetysourcefire.ca\\\/product\\\/munif3-green-plus-3\\\/#primaryimage\"},\"image\":{\"@id\":\"https:\\\/\\\/staging.safetysourcefire.ca\\\/product\\\/munif3-green-plus-3\\\/#primaryimage\"},\"thumbnailUrl\":\"https:\\\/\\\/staging.safetysourcefire.ca\\\/wp-content\\\/uploads\\\/2024\\\/08\\\/Muni-Green-Plus-Banner.jpg\",\"datePublished\":\"2024-08-01T02:59:27+00:00\",\"dateModified\":\"2024-08-01T12:26:24+00:00\",\"breadcrumb\":{\"@id\":\"https:\\\/\\\/staging.safetysourcefire.ca\\\/product\\\/munif3-green-plus-3\\\/#breadcrumb\"},\"inLanguage\":\"fr-CA\",\"potentialAction\":[{\"@type\":\"ReadAction\",\"target\":[\"https:\\\/\\\/staging.safetysourcefire.ca\\\/product\\\/munif3-green-plus-3\\\/\"]}]},{\"@type\":\"ImageObject\",\"inLanguage\":\"fr-CA\",\"@id\":\"https:\\\/\\\/staging.safetysourcefire.ca\\\/product\\\/munif3-green-plus-3\\\/#primaryimage\",\"url\":\"https:\\\/\\\/staging.safetysourcefire.ca\\\/wp-content\\\/uploads\\\/2024\\\/08\\\/Muni-Green-Plus-Banner.jpg\",\"contentUrl\":\"https:\\\/\\\/staging.safetysourcefire.ca\\\/wp-content\\\/uploads\\\/2024\\\/08\\\/Muni-Green-Plus-Banner.jpg\",\"width\":600,\"height\":600,\"caption\":\"Muni F3 Green Plus\"},{\"@type\":\"BreadcrumbList\",\"@id\":\"https:\\\/\\\/staging.safetysourcefire.ca\\\/product\\\/munif3-green-plus-3\\\/#breadcrumb\",\"itemListElement\":[{\"@type\":\"ListItem\",\"position\":1,\"name\":\"Home\",\"item\":\"https:\\\/\\\/staging.safetysourcefire.ca\\\/\"},{\"@type\":\"ListItem\",\"position\":2,\"name\":\"Products\",\"item\":\"https:\\\/\\\/staging.safetysourcefire.ca\\\/shop\\\/\"},{\"@type\":\"ListItem\",\"position\":3,\"name\":\"Muni\u00aeF3 Green Plus 3%\"}]},{\"@type\":\"WebSite\",\"@id\":\"https:\\\/\\\/staging.safetysourcefire.ca\\\/#website\",\"url\":\"https:\\\/\\\/staging.safetysourcefire.ca\\\/\",\"name\":\"Safety Source Fire\",\"description\":\"\",\"publisher\":{\"@id\":\"https:\\\/\\\/staging.safetysourcefire.ca\\\/#organization\"},\"potentialAction\":[{\"@type\":\"SearchAction\",\"target\":{\"@type\":\"EntryPoint\",\"urlTemplate\":\"https:\\\/\\\/staging.safetysourcefire.ca\\\/?s={search_term_string}\"},\"query-input\":{\"@type\":\"PropertyValueSpecification\",\"valueRequired\":true,\"valueName\":\"search_term_string\"}}],\"inLanguage\":\"fr-CA\"},{\"@type\":\"Organization\",\"@id\":\"https:\\\/\\\/staging.safetysourcefire.ca\\\/#organization\",\"name\":\"Safety Source Fire\",\"url\":\"https:\\\/\\\/staging.safetysourcefire.ca\\\/\",\"logo\":{\"@type\":\"ImageObject\",\"inLanguage\":\"fr-CA\",\"@id\":\"https:\\\/\\\/staging.safetysourcefire.ca\\\/#\\\/schema\\\/logo\\\/image\\\/\",\"url\":\"https:\\\/\\\/staging.safetysourcefire.ca\\\/wp-content\\\/uploads\\\/2021\\\/01\\\/SSF_logo_CC0000-3.png\",\"contentUrl\":\"https:\\\/\\\/staging.safetysourcefire.ca\\\/wp-content\\\/uploads\\\/2021\\\/01\\\/SSF_logo_CC0000-3.png\",\"width\":1107,\"height\":365,\"caption\":\"Safety Source Fire\"},\"image\":{\"@id\":\"https:\\\/\\\/staging.safetysourcefire.ca\\\/#\\\/schema\\\/logo\\\/image\\\/\"},\"sameAs\":[\"https:\\\/\\\/www.facebook.com\\\/mmfssca\",\"https:\\\/\\\/x.com\\\/mmfssca\"]}]}<\/script>\n<!-- \/ Yoast SEO plugin. -->","yoast_head_json":{"title":"Muni\u00aeF3 Green Plus 3% - Source de s\u00e9curit\u00e9 incendie","robots":{"index":"noindex","follow":"follow","max-snippet":"max-snippet:-1","max-image-preview":"max-image-preview:large","max-video-preview":"max-video-preview:-1"},"og_locale":"fr_CA","og_type":"article","og_title":"Muni\u00aeF3 Green Plus 3% - Safety Source Fire","og_description":"Muni\u00aeF3 Green Plus 3% is a superior synthetic fluorine free foam concentrate, designed for municipal firefighters on Class A and B fires.","og_url":"https:\/\/staging.safetysourcefire.ca\/fr_ca\/produit\/munif3-green-plus-3\/","og_site_name":"Safety Source Fire","article_publisher":"https:\/\/www.facebook.com\/mmfssca","article_modified_time":"2024-08-01T12:26:24+00:00","og_image":[{"width":600,"height":600,"url":"https:\/\/staging.safetysourcefire.ca\/wp-content\/uploads\/2024\/08\/Muni-Green-Plus-Banner.jpg","type":"image\/jpeg"}],"twitter_card":"summary_large_image","twitter_site":"@mmfssca","twitter_misc":{"Estimation du temps de lecture":"1 minute"},"schema":{"@context":"https:\/\/schema.org","@graph":[{"@type":"WebPage","@id":"https:\/\/staging.safetysourcefire.ca\/product\/munif3-green-plus-3\/","url":"https:\/\/staging.safetysourcefire.ca\/product\/munif3-green-plus-3\/","name":"Muni\u00aeF3 Green Plus 3% - Source de s\u00e9curit\u00e9 incendie","isPartOf":{"@id":"https:\/\/staging.safetysourcefire.ca\/#website"},"primaryImageOfPage":{"@id":"https:\/\/staging.safetysourcefire.ca\/product\/munif3-green-plus-3\/#primaryimage"},"image":{"@id":"https:\/\/staging.safetysourcefire.ca\/product\/munif3-green-plus-3\/#primaryimage"},"thumbnailUrl":"https:\/\/staging.safetysourcefire.ca\/wp-content\/uploads\/2024\/08\/Muni-Green-Plus-Banner.jpg","datePublished":"2024-08-01T02:59:27+00:00","dateModified":"2024-08-01T12:26:24+00:00","breadcrumb":{"@id":"https:\/\/staging.safetysourcefire.ca\/product\/munif3-green-plus-3\/#breadcrumb"},"inLanguage":"fr-CA","potentialAction":[{"@type":"ReadAction","target":["https:\/\/staging.safetysourcefire.ca\/product\/munif3-green-plus-3\/"]}]},{"@type":"ImageObject","inLanguage":"fr-CA","@id":"https:\/\/staging.safetysourcefire.ca\/product\/munif3-green-plus-3\/#primaryimage","url":"https:\/\/staging.safetysourcefire.ca\/wp-content\/uploads\/2024\/08\/Muni-Green-Plus-Banner.jpg","contentUrl":"https:\/\/staging.safetysourcefire.ca\/wp-content\/uploads\/2024\/08\/Muni-Green-Plus-Banner.jpg","width":600,"height":600,"caption":"Muni F3 Green Plus"},{"@type":"BreadcrumbList","@id":"https:\/\/staging.safetysourcefire.ca\/product\/munif3-green-plus-3\/#breadcrumb","itemListElement":[{"@type":"ListItem","position":1,"name":"Home","item":"https:\/\/staging.safetysourcefire.ca\/"},{"@type":"ListItem","position":2,"name":"Products","item":"https:\/\/staging.safetysourcefire.ca\/shop\/"},{"@type":"ListItem","position":3,"name":"Muni\u00aeF3 Green Plus 3%"}]},{"@type":"WebSite","@id":"https:\/\/staging.safetysourcefire.ca\/#website","url":"https:\/\/staging.safetysourcefire.ca\/","name":"Safety Source Fire","description":"","publisher":{"@id":"https:\/\/staging.safetysourcefire.ca\/#organization"},"potentialAction":[{"@type":"SearchAction","target":{"@type":"EntryPoint","urlTemplate":"https:\/\/staging.safetysourcefire.ca\/?s={search_term_string}"},"query-input":{"@type":"PropertyValueSpecification","valueRequired":true,"valueName":"search_term_string"}}],"inLanguage":"fr-CA"},{"@type":"Organization","@id":"https:\/\/staging.safetysourcefire.ca\/#organization","name":"Safety Source Fire","url":"https:\/\/staging.safetysourcefire.ca\/","logo":{"@type":"ImageObject","inLanguage":"fr-CA","@id":"https:\/\/staging.safetysourcefire.ca\/#\/schema\/logo\/image\/","url":"https:\/\/staging.safetysourcefire.ca\/wp-content\/uploads\/2021\/01\/SSF_logo_CC0000-3.png","contentUrl":"https:\/\/staging.safetysourcefire.ca\/wp-content\/uploads\/2021\/01\/SSF_logo_CC0000-3.png","width":1107,"height":365,"caption":"Safety Source Fire"},"image":{"@id":"https:\/\/staging.safetysourcefire.ca\/#\/schema\/logo\/image\/"},"sameAs":["https:\/\/www.facebook.com\/mmfssca","https:\/\/x.com\/mmfssca"]}]}},"_links":{"self":[{"href":"https:\/\/staging.safetysourcefire.ca\/fr_ca\/wp-json\/wp\/v2\/product\/29072","targetHints":{"allow":["GET"]}}],"collection":[{"href":"https:\/\/staging.safetysourcefire.ca\/fr_ca\/wp-json\/wp\/v2\/product"}],"about":[{"href":"https:\/\/staging.safetysourcefire.ca\/fr_ca\/wp-json\/wp\/v2\/types\/product"}],"wp:featuredmedia":[{"embeddable":true,"href":"https:\/\/staging.safetysourcefire.ca\/fr_ca\/wp-json\/wp\/v2\/media\/29058"}],"wp:attachment":[{"href":"https:\/\/staging.safetysourcefire.ca\/fr_ca\/wp-json\/wp\/v2\/media?parent=29072"}],"wp:term":[{"taxonomy":"product_brand","embeddable":true,"href":"https:\/\/staging.safetysourcefire.ca\/fr_ca\/wp-json\/wp\/v2\/product_brand?post=29072"},{"taxonomy":"product_cat","embeddable":true,"href":"https:\/\/staging.safetysourcefire.ca\/fr_ca\/wp-json\/wp\/v2\/product_cat?post=29072"},{"taxonomy":"product_tag","embeddable":true,"href":"https:\/\/staging.safetysourcefire.ca\/fr_ca\/wp-json\/wp\/v2\/product_tag?post=29072"}],"curies":[{"name":"wp","href":"https:\/\/api.w.org\/{rel}","templated":true}]}}