{"id":29069,"date":"2024-08-01T02:49:11","date_gmt":"2024-08-01T02:49:11","guid":{"rendered":"https:\/\/safetysourcefire.ca\/?post_type=product&#038;p=29069"},"modified":"2024-08-01T03:08:42","modified_gmt":"2024-08-01T03:08:42","slug":"universalf3-green","status":"publish","type":"product","link":"https:\/\/staging.safetysourcefire.ca\/fr_ca\/produit\/universalf3-green\/","title":{"rendered":"Universel\u00aeF3 Vert"},"content":{"rendered":"<p>Universel<sup>\u00aeF3<\/sup> Green 3%-3% est un \u00e9mulseur synth\u00e9tique sans fluor (FF) 3% de qualit\u00e9 sup\u00e9rieure, con\u00e7u pour \u00e9teindre et s\u00e9curiser les incendies chimiques de classe A et de classe B. Universal Green 3%-3% a \u00e9t\u00e9 con\u00e7u sp\u00e9cifiquement pour les intervenants d&#039;urgence g\u00e9n\u00e9raux qui sont confront\u00e9s \u00e0 une vari\u00e9t\u00e9 de risques dans diverses situations.<\/p>\n<p>Universel<sup>\u00aeF3<\/sup> Le Green 3%-3% est une combinaison brevet\u00e9e de tensioactifs et d\u2019autres ingr\u00e9dients pour produire une couverture de mousse \u00e9tanche \u00e0 la vapeur qui se propage rapidement sur la surface du carburant pour assurer un contr\u00f4le et une extinction rapides.<\/p>\n<ul>\n<li>Formule brevet\u00e9e unique disponible uniquement chez National Foam.<\/li>\n<li>Sp\u00e9cialement con\u00e7u pour les autorit\u00e9s locales et les intervenants municipaux.<\/li>\n<li>Homologu\u00e9 UL<\/li>\n<li>Dernier feu<\/li>\n<li>Homologu\u00e9 EN1568 parties 3 et 4 sur tous les carburants et tous les types d&#039;eau<\/li>\n<\/ul>\n<p>Universal\u00aeF3 Green a obtenu <a href=\"https:\/\/nationalfoam.com\/wp-content\/uploads\/sites\/4\/Universal-Green-GreenScreen.pdf\">Certification GreenScreen<\/a>. GreenScreen Certified\u2122 est une certification ind\u00e9pendante \u00e0 but non lucratif qui promeut l&#039;utilisation de produits chimiques intrins\u00e8quement plus s\u00fbrs dans les produits et la fabrication.<\/p>\n<p><a href=\"https:\/\/nationalfoam.com\/wp-content\/uploads\/sites\/4\/Universal-Green-Brochure-4-pages.pdf\">Brochure Verte Universelle<\/a><\/p>\n<p><a href=\"https:\/\/nationalfoam.com\/wp-content\/uploads\/sites\/4\/NFC510-Univ-Grn-F3-3-3-AR-Syn-Rev-Q-1.pdf\">Fiche technique universelle verte<\/a><\/p>\n<p><a href=\"https:\/\/nationalfoam.com\/wp-content\/uploads\/sites\/4\/NMS510-Universal-Green-3-3-AR-Syn-Concentrate_09262022.pdf\">FDS Vert Universel<\/a><\/p>","protected":false},"excerpt":{"rendered":"<p>Universal Green 3%-3% a \u00e9t\u00e9 con\u00e7u sp\u00e9cifiquement pour les intervenants d&#039;urgence g\u00e9n\u00e9raux confront\u00e9s \u00e0 divers risques dans diverses situations.<\/p>","protected":false},"featured_media":29061,"template":"","meta":[],"product_brand":[630],"product_cat":[44,63],"product_tag":[631],"class_list":{"0":"post-29069","1":"product","2":"type-product","3":"status-publish","4":"has-post-thumbnail","6":"product_brand-national-foam","7":"product_cat-fire-suppression","8":"product_cat-foam","9":"product_tag-national-foam","11":"first","12":"instock","13":"shipping-taxable","14":"product-type-simple"},"yoast_head":"<!-- This site is optimized with the Yoast SEO plugin v27.4 - https:\/\/yoast.com\/product\/yoast-seo-wordpress\/ -->\n<title>Universal\u00aeF3 Green - Safety Source Fire<\/title>\n<meta name=\"robots\" content=\"noindex, follow, max-snippet:-1, max-image-preview:large, max-video-preview:-1\" \/>\n<meta property=\"og:locale\" content=\"fr_CA\" \/>\n<meta property=\"og:type\" content=\"article\" \/>\n<meta property=\"og:title\" content=\"Universal\u00aeF3 Green - Safety Source Fire\" \/>\n<meta property=\"og:description\" content=\"Universal Green 3%-3% has been designed specifically for general emergency responders who are faced with a variety of risks in a range of situations.\" \/>\n<meta property=\"og:url\" content=\"https:\/\/staging.safetysourcefire.ca\/fr_ca\/produit\/universalf3-green\/\" \/>\n<meta property=\"og:site_name\" content=\"Safety Source Fire\" \/>\n<meta property=\"article:publisher\" content=\"https:\/\/www.facebook.com\/mmfssca\" \/>\n<meta property=\"article:modified_time\" content=\"2024-08-01T03:08:42+00:00\" \/>\n<meta property=\"og:image\" content=\"https:\/\/staging.safetysourcefire.ca\/wp-content\/uploads\/2024\/08\/Uni-Green-Banner.jpg\" \/>\n\t<meta property=\"og:image:width\" content=\"600\" \/>\n\t<meta property=\"og:image:height\" content=\"600\" \/>\n\t<meta property=\"og:image:type\" content=\"image\/jpeg\" \/>\n<meta name=\"twitter:card\" content=\"summary_large_image\" \/>\n<meta name=\"twitter:site\" content=\"@mmfssca\" \/>\n<meta name=\"twitter:label1\" content=\"Estimation du temps de lecture\" \/>\n\t<meta name=\"twitter:data1\" content=\"1 minute\" \/>\n<script type=\"application\/ld+json\" class=\"yoast-schema-graph\">{\"@context\":\"https:\\\/\\\/schema.org\",\"@graph\":[{\"@type\":\"WebPage\",\"@id\":\"https:\\\/\\\/staging.safetysourcefire.ca\\\/product\\\/universalf3-green\\\/\",\"url\":\"https:\\\/\\\/staging.safetysourcefire.ca\\\/product\\\/universalf3-green\\\/\",\"name\":\"Universal\u00aeF3 Green - Safety Source Fire\",\"isPartOf\":{\"@id\":\"https:\\\/\\\/staging.safetysourcefire.ca\\\/#website\"},\"primaryImageOfPage\":{\"@id\":\"https:\\\/\\\/staging.safetysourcefire.ca\\\/product\\\/universalf3-green\\\/#primaryimage\"},\"image\":{\"@id\":\"https:\\\/\\\/staging.safetysourcefire.ca\\\/product\\\/universalf3-green\\\/#primaryimage\"},\"thumbnailUrl\":\"https:\\\/\\\/staging.safetysourcefire.ca\\\/wp-content\\\/uploads\\\/2024\\\/08\\\/Uni-Green-Banner.jpg\",\"datePublished\":\"2024-08-01T02:49:11+00:00\",\"dateModified\":\"2024-08-01T03:08:42+00:00\",\"breadcrumb\":{\"@id\":\"https:\\\/\\\/staging.safetysourcefire.ca\\\/product\\\/universalf3-green\\\/#breadcrumb\"},\"inLanguage\":\"fr-CA\",\"potentialAction\":[{\"@type\":\"ReadAction\",\"target\":[\"https:\\\/\\\/staging.safetysourcefire.ca\\\/product\\\/universalf3-green\\\/\"]}]},{\"@type\":\"ImageObject\",\"inLanguage\":\"fr-CA\",\"@id\":\"https:\\\/\\\/staging.safetysourcefire.ca\\\/product\\\/universalf3-green\\\/#primaryimage\",\"url\":\"https:\\\/\\\/staging.safetysourcefire.ca\\\/wp-content\\\/uploads\\\/2024\\\/08\\\/Uni-Green-Banner.jpg\",\"contentUrl\":\"https:\\\/\\\/staging.safetysourcefire.ca\\\/wp-content\\\/uploads\\\/2024\\\/08\\\/Uni-Green-Banner.jpg\",\"width\":600,\"height\":600,\"caption\":\"Universal Green\"},{\"@type\":\"BreadcrumbList\",\"@id\":\"https:\\\/\\\/staging.safetysourcefire.ca\\\/product\\\/universalf3-green\\\/#breadcrumb\",\"itemListElement\":[{\"@type\":\"ListItem\",\"position\":1,\"name\":\"Home\",\"item\":\"https:\\\/\\\/staging.safetysourcefire.ca\\\/\"},{\"@type\":\"ListItem\",\"position\":2,\"name\":\"Products\",\"item\":\"https:\\\/\\\/staging.safetysourcefire.ca\\\/shop\\\/\"},{\"@type\":\"ListItem\",\"position\":3,\"name\":\"Universal\u00aeF3 Green\"}]},{\"@type\":\"WebSite\",\"@id\":\"https:\\\/\\\/staging.safetysourcefire.ca\\\/#website\",\"url\":\"https:\\\/\\\/staging.safetysourcefire.ca\\\/\",\"name\":\"Safety Source Fire\",\"description\":\"\",\"publisher\":{\"@id\":\"https:\\\/\\\/staging.safetysourcefire.ca\\\/#organization\"},\"potentialAction\":[{\"@type\":\"SearchAction\",\"target\":{\"@type\":\"EntryPoint\",\"urlTemplate\":\"https:\\\/\\\/staging.safetysourcefire.ca\\\/?s={search_term_string}\"},\"query-input\":{\"@type\":\"PropertyValueSpecification\",\"valueRequired\":true,\"valueName\":\"search_term_string\"}}],\"inLanguage\":\"fr-CA\"},{\"@type\":\"Organization\",\"@id\":\"https:\\\/\\\/staging.safetysourcefire.ca\\\/#organization\",\"name\":\"Safety Source Fire\",\"url\":\"https:\\\/\\\/staging.safetysourcefire.ca\\\/\",\"logo\":{\"@type\":\"ImageObject\",\"inLanguage\":\"fr-CA\",\"@id\":\"https:\\\/\\\/staging.safetysourcefire.ca\\\/#\\\/schema\\\/logo\\\/image\\\/\",\"url\":\"https:\\\/\\\/staging.safetysourcefire.ca\\\/wp-content\\\/uploads\\\/2021\\\/01\\\/SSF_logo_CC0000-3.png\",\"contentUrl\":\"https:\\\/\\\/staging.safetysourcefire.ca\\\/wp-content\\\/uploads\\\/2021\\\/01\\\/SSF_logo_CC0000-3.png\",\"width\":1107,\"height\":365,\"caption\":\"Safety Source Fire\"},\"image\":{\"@id\":\"https:\\\/\\\/staging.safetysourcefire.ca\\\/#\\\/schema\\\/logo\\\/image\\\/\"},\"sameAs\":[\"https:\\\/\\\/www.facebook.com\\\/mmfssca\",\"https:\\\/\\\/x.com\\\/mmfssca\"]}]}<\/script>\n<!-- \/ Yoast SEO plugin. -->","yoast_head_json":{"title":"Universal\u00aeF3 Green - Source de s\u00e9curit\u00e9 incendie","robots":{"index":"noindex","follow":"follow","max-snippet":"max-snippet:-1","max-image-preview":"max-image-preview:large","max-video-preview":"max-video-preview:-1"},"og_locale":"fr_CA","og_type":"article","og_title":"Universal\u00aeF3 Green - Safety Source Fire","og_description":"Universal Green 3%-3% has been designed specifically for general emergency responders who are faced with a variety of risks in a range of situations.","og_url":"https:\/\/staging.safetysourcefire.ca\/fr_ca\/produit\/universalf3-green\/","og_site_name":"Safety Source Fire","article_publisher":"https:\/\/www.facebook.com\/mmfssca","article_modified_time":"2024-08-01T03:08:42+00:00","og_image":[{"width":600,"height":600,"url":"https:\/\/staging.safetysourcefire.ca\/wp-content\/uploads\/2024\/08\/Uni-Green-Banner.jpg","type":"image\/jpeg"}],"twitter_card":"summary_large_image","twitter_site":"@mmfssca","twitter_misc":{"Estimation du temps de lecture":"1 minute"},"schema":{"@context":"https:\/\/schema.org","@graph":[{"@type":"WebPage","@id":"https:\/\/staging.safetysourcefire.ca\/product\/universalf3-green\/","url":"https:\/\/staging.safetysourcefire.ca\/product\/universalf3-green\/","name":"Universal\u00aeF3 Green - Source de s\u00e9curit\u00e9 incendie","isPartOf":{"@id":"https:\/\/staging.safetysourcefire.ca\/#website"},"primaryImageOfPage":{"@id":"https:\/\/staging.safetysourcefire.ca\/product\/universalf3-green\/#primaryimage"},"image":{"@id":"https:\/\/staging.safetysourcefire.ca\/product\/universalf3-green\/#primaryimage"},"thumbnailUrl":"https:\/\/staging.safetysourcefire.ca\/wp-content\/uploads\/2024\/08\/Uni-Green-Banner.jpg","datePublished":"2024-08-01T02:49:11+00:00","dateModified":"2024-08-01T03:08:42+00:00","breadcrumb":{"@id":"https:\/\/staging.safetysourcefire.ca\/product\/universalf3-green\/#breadcrumb"},"inLanguage":"fr-CA","potentialAction":[{"@type":"ReadAction","target":["https:\/\/staging.safetysourcefire.ca\/product\/universalf3-green\/"]}]},{"@type":"ImageObject","inLanguage":"fr-CA","@id":"https:\/\/staging.safetysourcefire.ca\/product\/universalf3-green\/#primaryimage","url":"https:\/\/staging.safetysourcefire.ca\/wp-content\/uploads\/2024\/08\/Uni-Green-Banner.jpg","contentUrl":"https:\/\/staging.safetysourcefire.ca\/wp-content\/uploads\/2024\/08\/Uni-Green-Banner.jpg","width":600,"height":600,"caption":"Universal Green"},{"@type":"BreadcrumbList","@id":"https:\/\/staging.safetysourcefire.ca\/product\/universalf3-green\/#breadcrumb","itemListElement":[{"@type":"ListItem","position":1,"name":"Home","item":"https:\/\/staging.safetysourcefire.ca\/"},{"@type":"ListItem","position":2,"name":"Products","item":"https:\/\/staging.safetysourcefire.ca\/shop\/"},{"@type":"ListItem","position":3,"name":"Universal\u00aeF3 Green"}]},{"@type":"WebSite","@id":"https:\/\/staging.safetysourcefire.ca\/#website","url":"https:\/\/staging.safetysourcefire.ca\/","name":"Safety Source Fire","description":"","publisher":{"@id":"https:\/\/staging.safetysourcefire.ca\/#organization"},"potentialAction":[{"@type":"SearchAction","target":{"@type":"EntryPoint","urlTemplate":"https:\/\/staging.safetysourcefire.ca\/?s={search_term_string}"},"query-input":{"@type":"PropertyValueSpecification","valueRequired":true,"valueName":"search_term_string"}}],"inLanguage":"fr-CA"},{"@type":"Organization","@id":"https:\/\/staging.safetysourcefire.ca\/#organization","name":"Safety Source Fire","url":"https:\/\/staging.safetysourcefire.ca\/","logo":{"@type":"ImageObject","inLanguage":"fr-CA","@id":"https:\/\/staging.safetysourcefire.ca\/#\/schema\/logo\/image\/","url":"https:\/\/staging.safetysourcefire.ca\/wp-content\/uploads\/2021\/01\/SSF_logo_CC0000-3.png","contentUrl":"https:\/\/staging.safetysourcefire.ca\/wp-content\/uploads\/2021\/01\/SSF_logo_CC0000-3.png","width":1107,"height":365,"caption":"Safety Source Fire"},"image":{"@id":"https:\/\/staging.safetysourcefire.ca\/#\/schema\/logo\/image\/"},"sameAs":["https:\/\/www.facebook.com\/mmfssca","https:\/\/x.com\/mmfssca"]}]}},"_links":{"self":[{"href":"https:\/\/staging.safetysourcefire.ca\/fr_ca\/wp-json\/wp\/v2\/product\/29069","targetHints":{"allow":["GET"]}}],"collection":[{"href":"https:\/\/staging.safetysourcefire.ca\/fr_ca\/wp-json\/wp\/v2\/product"}],"about":[{"href":"https:\/\/staging.safetysourcefire.ca\/fr_ca\/wp-json\/wp\/v2\/types\/product"}],"wp:featuredmedia":[{"embeddable":true,"href":"https:\/\/staging.safetysourcefire.ca\/fr_ca\/wp-json\/wp\/v2\/media\/29061"}],"wp:attachment":[{"href":"https:\/\/staging.safetysourcefire.ca\/fr_ca\/wp-json\/wp\/v2\/media?parent=29069"}],"wp:term":[{"taxonomy":"product_brand","embeddable":true,"href":"https:\/\/staging.safetysourcefire.ca\/fr_ca\/wp-json\/wp\/v2\/product_brand?post=29069"},{"taxonomy":"product_cat","embeddable":true,"href":"https:\/\/staging.safetysourcefire.ca\/fr_ca\/wp-json\/wp\/v2\/product_cat?post=29069"},{"taxonomy":"product_tag","embeddable":true,"href":"https:\/\/staging.safetysourcefire.ca\/fr_ca\/wp-json\/wp\/v2\/product_tag?post=29069"}],"curies":[{"name":"wp","href":"https:\/\/api.w.org\/{rel}","templated":true}]}}