{"id":29066,"date":"2024-08-01T02:38:38","date_gmt":"2024-08-01T02:38:38","guid":{"rendered":"https:\/\/safetysourcefire.ca\/?post_type=product&#038;p=29066"},"modified":"2024-08-01T03:06:31","modified_gmt":"2024-08-01T03:06:31","slug":"knockdown-class-a-foam","status":"publish","type":"product","link":"https:\/\/staging.safetysourcefire.ca\/fr_ca\/produit\/knockdown-class-a-foam\/","title":{"rendered":"Mousse Knockdown\u00ae Classe A"},"content":{"rendered":"<ul>\n<li>Conforme aux exigences du service forestier de l&#039;USDA selon la sp\u00e9cification 5100-307<\/li>\n<li>Formulation \u00e9co-responsable<\/li>\n<li>Homologu\u00e9 UL comme agent mouillant, \u00e0 des taux d&#039;utilisation nettement inf\u00e9rieurs \u00e0 la plupart des agents mouillants<\/li>\n<li>Le pr\u00e9m\u00e9lange est stable pendant plus de 30 jours (en utilisant de l\u2019eau potable), ce qui est nettement plus long que les solutions de mousse de classe A traditionnelles.<\/li>\n<li>\u00c9mulsionne les carburants \u00e0 base d&#039;hydrocarbures de classe B<\/li>\n<li>Ne contient AUCUN alcool pour un point d&#039;\u00e9clair plus \u00e9lev\u00e9 et une compatibilit\u00e9 avec les syst\u00e8mes de classe A\/B<\/li>\n<li>Peut \u00eatre utilis\u00e9 avec de l&#039;eau douce, saum\u00e2tre et de l&#039;eau de mer, et pr\u00e9sente une bonne capacit\u00e9 de moussage, m\u00eame dans l&#039;eau froide<\/li>\n<\/ul>\n<p>Knockdown\u00ae, \u00e9mulseur de classe A respectueux de l&#039;environnement, est une nouvelle formulation unique offrant des performances et une flexibilit\u00e9 in\u00e9gal\u00e9es en mati\u00e8re de lutte contre les incendies. Knockdown est sp\u00e9cialement con\u00e7u pour \u00eatre utilis\u00e9 dans les syst\u00e8mes de mousse de classe A\/B et est excellent pour les syst\u00e8mes de mousse \u00e0 air comprim\u00e9 (CAFS). Cette formulation respectueuse de l&#039;environnement ne contient pas de composants \u00e0 d\u00e9clarer en vertu du titre III de la SARA, section 313 du 40 CFR-372 ou du CERCLA.<\/p>\n<p>Le Knockdown agit de deux mani\u00e8res. D&#039;abord, il am\u00e9liore la capacit\u00e9 de p\u00e9n\u00e9tration de l&#039;eau. Il r\u00e9duit la tension superficielle de l&#039;eau ordinaire, ce qui lui permet de p\u00e9n\u00e9trer les surfaces o\u00f9 l&#039;eau s&#039;\u00e9coulerait normalement, pour atteindre les feux en profondeur.<br \/>\nCela permet de r\u00e9duire la quantit\u00e9 d\u2019eau n\u00e9cessaire pour \u00e9teindre l\u2019incendie et permet \u00e9galement de l\u2019\u00e9teindre plus rapidement.<\/p>\n<p>Deuxi\u00e8mement, Knockdown augmente les capacit\u00e9s d&#039;absorption de chaleur de l&#039;eau. Les ingr\u00e9dients moussants donnent \u00e0 l&#039;eau la capacit\u00e9 d&#039;adh\u00e9rer aux surfaces verticales, ce qui permet \u00e0 l&#039;eau de rester en contact plus longtemps avec le carburant. Plus l&#039;eau est en contact avec le carburant, plus elle est capable d&#039;absorber de chaleur. Un rev\u00eatement de mousse de classe A peut \u00e9galement \u00eatre utilis\u00e9 pour la protection contre l&#039;exposition afin d&#039;emp\u00eacher les carburants de s&#039;enflammer en augmentant leur teneur en humidit\u00e9 et en fournissant une barri\u00e8re protectrice solide contre un front de flamme approchant.<\/p>\n<p><a href=\"https:\/\/nationalfoam.com\/wp-content\/uploads\/sites\/4\/NFC700-Knockdown.pdf\">Fiche technique de Knockdown<\/a><\/p>","protected":false},"excerpt":{"rendered":"<p>KnockDown\u00ae, un \u00e9mulseur de classe A respectueux de l&#039;environnement, est une formulation unique offrant des performances et une flexibilit\u00e9 de lutte contre les incendies in\u00e9gal\u00e9es.  Qualifi\u00e9 selon la norme USDA Forest Service 5011-307a et approuv\u00e9 UL pour une utilisation comme agent mouillant pour les applications de classe A\/B.<\/p>","protected":false},"featured_media":29056,"template":"","meta":[],"product_brand":[630],"product_cat":[44,63],"product_tag":[631],"class_list":{"0":"post-29066","1":"product","2":"type-product","3":"status-publish","4":"has-post-thumbnail","6":"product_brand-national-foam","7":"product_cat-fire-suppression","8":"product_cat-foam","9":"product_tag-national-foam","11":"first","12":"instock","13":"shipping-taxable","14":"product-type-simple"},"yoast_head":"<!-- This site is optimized with the Yoast SEO plugin v27.4 - https:\/\/yoast.com\/product\/yoast-seo-wordpress\/ -->\n<title>Knockdown\u00ae Class A Foam - Safety Source Fire<\/title>\n<meta name=\"robots\" content=\"noindex, follow, max-snippet:-1, max-image-preview:large, max-video-preview:-1\" \/>\n<meta property=\"og:locale\" content=\"fr_CA\" \/>\n<meta property=\"og:type\" content=\"article\" \/>\n<meta property=\"og:title\" content=\"Knockdown\u00ae Class A Foam - Safety Source Fire\" \/>\n<meta property=\"og:description\" content=\"Environmentally responsible KnockDown,\u00ae a Class A foam concentrate, is a unique formulation providing unmatched firefighting performance and flexibility. \u00a0Qualified to USDA Forest Service 5011-307a and UL approved for use as a wetting agent for Class A\/B applications.\" \/>\n<meta property=\"og:url\" content=\"https:\/\/staging.safetysourcefire.ca\/fr_ca\/produit\/knockdown-class-a-foam\/\" \/>\n<meta property=\"og:site_name\" content=\"Safety Source Fire\" \/>\n<meta property=\"article:publisher\" content=\"https:\/\/www.facebook.com\/mmfssca\" \/>\n<meta property=\"article:modified_time\" content=\"2024-08-01T03:06:31+00:00\" \/>\n<meta property=\"og:image\" content=\"https:\/\/staging.safetysourcefire.ca\/wp-content\/uploads\/2024\/08\/Knockdown-Banner.jpg\" \/>\n\t<meta property=\"og:image:width\" content=\"600\" \/>\n\t<meta property=\"og:image:height\" content=\"600\" \/>\n\t<meta property=\"og:image:type\" content=\"image\/jpeg\" \/>\n<meta name=\"twitter:card\" content=\"summary_large_image\" \/>\n<meta name=\"twitter:site\" content=\"@mmfssca\" \/>\n<meta name=\"twitter:label1\" content=\"Estimation du temps de lecture\" \/>\n\t<meta name=\"twitter:data1\" content=\"2 minutes\" \/>\n<script type=\"application\/ld+json\" class=\"yoast-schema-graph\">{\"@context\":\"https:\\\/\\\/schema.org\",\"@graph\":[{\"@type\":\"WebPage\",\"@id\":\"https:\\\/\\\/staging.safetysourcefire.ca\\\/product\\\/knockdown-class-a-foam\\\/\",\"url\":\"https:\\\/\\\/staging.safetysourcefire.ca\\\/product\\\/knockdown-class-a-foam\\\/\",\"name\":\"Knockdown\u00ae Class A Foam - Safety Source Fire\",\"isPartOf\":{\"@id\":\"https:\\\/\\\/staging.safetysourcefire.ca\\\/#website\"},\"primaryImageOfPage\":{\"@id\":\"https:\\\/\\\/staging.safetysourcefire.ca\\\/product\\\/knockdown-class-a-foam\\\/#primaryimage\"},\"image\":{\"@id\":\"https:\\\/\\\/staging.safetysourcefire.ca\\\/product\\\/knockdown-class-a-foam\\\/#primaryimage\"},\"thumbnailUrl\":\"https:\\\/\\\/staging.safetysourcefire.ca\\\/wp-content\\\/uploads\\\/2024\\\/08\\\/Knockdown-Banner.jpg\",\"datePublished\":\"2024-08-01T02:38:38+00:00\",\"dateModified\":\"2024-08-01T03:06:31+00:00\",\"breadcrumb\":{\"@id\":\"https:\\\/\\\/staging.safetysourcefire.ca\\\/product\\\/knockdown-class-a-foam\\\/#breadcrumb\"},\"inLanguage\":\"fr-CA\",\"potentialAction\":[{\"@type\":\"ReadAction\",\"target\":[\"https:\\\/\\\/staging.safetysourcefire.ca\\\/product\\\/knockdown-class-a-foam\\\/\"]}]},{\"@type\":\"ImageObject\",\"inLanguage\":\"fr-CA\",\"@id\":\"https:\\\/\\\/staging.safetysourcefire.ca\\\/product\\\/knockdown-class-a-foam\\\/#primaryimage\",\"url\":\"https:\\\/\\\/staging.safetysourcefire.ca\\\/wp-content\\\/uploads\\\/2024\\\/08\\\/Knockdown-Banner.jpg\",\"contentUrl\":\"https:\\\/\\\/staging.safetysourcefire.ca\\\/wp-content\\\/uploads\\\/2024\\\/08\\\/Knockdown-Banner.jpg\",\"width\":600,\"height\":600,\"caption\":\"Knockdown\"},{\"@type\":\"BreadcrumbList\",\"@id\":\"https:\\\/\\\/staging.safetysourcefire.ca\\\/product\\\/knockdown-class-a-foam\\\/#breadcrumb\",\"itemListElement\":[{\"@type\":\"ListItem\",\"position\":1,\"name\":\"Home\",\"item\":\"https:\\\/\\\/staging.safetysourcefire.ca\\\/\"},{\"@type\":\"ListItem\",\"position\":2,\"name\":\"Products\",\"item\":\"https:\\\/\\\/staging.safetysourcefire.ca\\\/shop\\\/\"},{\"@type\":\"ListItem\",\"position\":3,\"name\":\"Knockdown\u00ae Class A Foam\"}]},{\"@type\":\"WebSite\",\"@id\":\"https:\\\/\\\/staging.safetysourcefire.ca\\\/#website\",\"url\":\"https:\\\/\\\/staging.safetysourcefire.ca\\\/\",\"name\":\"Safety Source Fire\",\"description\":\"\",\"publisher\":{\"@id\":\"https:\\\/\\\/staging.safetysourcefire.ca\\\/#organization\"},\"potentialAction\":[{\"@type\":\"SearchAction\",\"target\":{\"@type\":\"EntryPoint\",\"urlTemplate\":\"https:\\\/\\\/staging.safetysourcefire.ca\\\/?s={search_term_string}\"},\"query-input\":{\"@type\":\"PropertyValueSpecification\",\"valueRequired\":true,\"valueName\":\"search_term_string\"}}],\"inLanguage\":\"fr-CA\"},{\"@type\":\"Organization\",\"@id\":\"https:\\\/\\\/staging.safetysourcefire.ca\\\/#organization\",\"name\":\"Safety Source Fire\",\"url\":\"https:\\\/\\\/staging.safetysourcefire.ca\\\/\",\"logo\":{\"@type\":\"ImageObject\",\"inLanguage\":\"fr-CA\",\"@id\":\"https:\\\/\\\/staging.safetysourcefire.ca\\\/#\\\/schema\\\/logo\\\/image\\\/\",\"url\":\"https:\\\/\\\/staging.safetysourcefire.ca\\\/wp-content\\\/uploads\\\/2021\\\/01\\\/SSF_logo_CC0000-3.png\",\"contentUrl\":\"https:\\\/\\\/staging.safetysourcefire.ca\\\/wp-content\\\/uploads\\\/2021\\\/01\\\/SSF_logo_CC0000-3.png\",\"width\":1107,\"height\":365,\"caption\":\"Safety Source Fire\"},\"image\":{\"@id\":\"https:\\\/\\\/staging.safetysourcefire.ca\\\/#\\\/schema\\\/logo\\\/image\\\/\"},\"sameAs\":[\"https:\\\/\\\/www.facebook.com\\\/mmfssca\",\"https:\\\/\\\/x.com\\\/mmfssca\"]}]}<\/script>\n<!-- \/ Yoast SEO plugin. -->","yoast_head_json":{"title":"Mousse Knockdown\u00ae Classe A - S\u00e9curit\u00e9 incendie","robots":{"index":"noindex","follow":"follow","max-snippet":"max-snippet:-1","max-image-preview":"max-image-preview:large","max-video-preview":"max-video-preview:-1"},"og_locale":"fr_CA","og_type":"article","og_title":"Knockdown\u00ae Class A Foam - Safety Source Fire","og_description":"Environmentally responsible KnockDown,\u00ae a Class A foam concentrate, is a unique formulation providing unmatched firefighting performance and flexibility. \u00a0Qualified to USDA Forest Service 5011-307a and UL approved for use as a wetting agent for Class A\/B applications.","og_url":"https:\/\/staging.safetysourcefire.ca\/fr_ca\/produit\/knockdown-class-a-foam\/","og_site_name":"Safety Source Fire","article_publisher":"https:\/\/www.facebook.com\/mmfssca","article_modified_time":"2024-08-01T03:06:31+00:00","og_image":[{"width":600,"height":600,"url":"https:\/\/staging.safetysourcefire.ca\/wp-content\/uploads\/2024\/08\/Knockdown-Banner.jpg","type":"image\/jpeg"}],"twitter_card":"summary_large_image","twitter_site":"@mmfssca","twitter_misc":{"Estimation du temps de lecture":"2 minutes"},"schema":{"@context":"https:\/\/schema.org","@graph":[{"@type":"WebPage","@id":"https:\/\/staging.safetysourcefire.ca\/product\/knockdown-class-a-foam\/","url":"https:\/\/staging.safetysourcefire.ca\/product\/knockdown-class-a-foam\/","name":"Mousse Knockdown\u00ae Classe A - S\u00e9curit\u00e9 incendie","isPartOf":{"@id":"https:\/\/staging.safetysourcefire.ca\/#website"},"primaryImageOfPage":{"@id":"https:\/\/staging.safetysourcefire.ca\/product\/knockdown-class-a-foam\/#primaryimage"},"image":{"@id":"https:\/\/staging.safetysourcefire.ca\/product\/knockdown-class-a-foam\/#primaryimage"},"thumbnailUrl":"https:\/\/staging.safetysourcefire.ca\/wp-content\/uploads\/2024\/08\/Knockdown-Banner.jpg","datePublished":"2024-08-01T02:38:38+00:00","dateModified":"2024-08-01T03:06:31+00:00","breadcrumb":{"@id":"https:\/\/staging.safetysourcefire.ca\/product\/knockdown-class-a-foam\/#breadcrumb"},"inLanguage":"fr-CA","potentialAction":[{"@type":"ReadAction","target":["https:\/\/staging.safetysourcefire.ca\/product\/knockdown-class-a-foam\/"]}]},{"@type":"ImageObject","inLanguage":"fr-CA","@id":"https:\/\/staging.safetysourcefire.ca\/product\/knockdown-class-a-foam\/#primaryimage","url":"https:\/\/staging.safetysourcefire.ca\/wp-content\/uploads\/2024\/08\/Knockdown-Banner.jpg","contentUrl":"https:\/\/staging.safetysourcefire.ca\/wp-content\/uploads\/2024\/08\/Knockdown-Banner.jpg","width":600,"height":600,"caption":"Knockdown"},{"@type":"BreadcrumbList","@id":"https:\/\/staging.safetysourcefire.ca\/product\/knockdown-class-a-foam\/#breadcrumb","itemListElement":[{"@type":"ListItem","position":1,"name":"Home","item":"https:\/\/staging.safetysourcefire.ca\/"},{"@type":"ListItem","position":2,"name":"Products","item":"https:\/\/staging.safetysourcefire.ca\/shop\/"},{"@type":"ListItem","position":3,"name":"Knockdown\u00ae Class A Foam"}]},{"@type":"WebSite","@id":"https:\/\/staging.safetysourcefire.ca\/#website","url":"https:\/\/staging.safetysourcefire.ca\/","name":"Safety Source Fire","description":"","publisher":{"@id":"https:\/\/staging.safetysourcefire.ca\/#organization"},"potentialAction":[{"@type":"SearchAction","target":{"@type":"EntryPoint","urlTemplate":"https:\/\/staging.safetysourcefire.ca\/?s={search_term_string}"},"query-input":{"@type":"PropertyValueSpecification","valueRequired":true,"valueName":"search_term_string"}}],"inLanguage":"fr-CA"},{"@type":"Organization","@id":"https:\/\/staging.safetysourcefire.ca\/#organization","name":"Safety Source Fire","url":"https:\/\/staging.safetysourcefire.ca\/","logo":{"@type":"ImageObject","inLanguage":"fr-CA","@id":"https:\/\/staging.safetysourcefire.ca\/#\/schema\/logo\/image\/","url":"https:\/\/staging.safetysourcefire.ca\/wp-content\/uploads\/2021\/01\/SSF_logo_CC0000-3.png","contentUrl":"https:\/\/staging.safetysourcefire.ca\/wp-content\/uploads\/2021\/01\/SSF_logo_CC0000-3.png","width":1107,"height":365,"caption":"Safety Source Fire"},"image":{"@id":"https:\/\/staging.safetysourcefire.ca\/#\/schema\/logo\/image\/"},"sameAs":["https:\/\/www.facebook.com\/mmfssca","https:\/\/x.com\/mmfssca"]}]}},"_links":{"self":[{"href":"https:\/\/staging.safetysourcefire.ca\/fr_ca\/wp-json\/wp\/v2\/product\/29066","targetHints":{"allow":["GET"]}}],"collection":[{"href":"https:\/\/staging.safetysourcefire.ca\/fr_ca\/wp-json\/wp\/v2\/product"}],"about":[{"href":"https:\/\/staging.safetysourcefire.ca\/fr_ca\/wp-json\/wp\/v2\/types\/product"}],"wp:featuredmedia":[{"embeddable":true,"href":"https:\/\/staging.safetysourcefire.ca\/fr_ca\/wp-json\/wp\/v2\/media\/29056"}],"wp:attachment":[{"href":"https:\/\/staging.safetysourcefire.ca\/fr_ca\/wp-json\/wp\/v2\/media?parent=29066"}],"wp:term":[{"taxonomy":"product_brand","embeddable":true,"href":"https:\/\/staging.safetysourcefire.ca\/fr_ca\/wp-json\/wp\/v2\/product_brand?post=29066"},{"taxonomy":"product_cat","embeddable":true,"href":"https:\/\/staging.safetysourcefire.ca\/fr_ca\/wp-json\/wp\/v2\/product_cat?post=29066"},{"taxonomy":"product_tag","embeddable":true,"href":"https:\/\/staging.safetysourcefire.ca\/fr_ca\/wp-json\/wp\/v2\/product_tag?post=29066"}],"curies":[{"name":"wp","href":"https:\/\/api.w.org\/{rel}","templated":true}]}}