{"id":28503,"date":"2024-01-18T22:01:12","date_gmt":"2024-01-18T22:01:12","guid":{"rendered":"https:\/\/safetysourcefire.ca\/?post_type=product&#038;p=28503"},"modified":"2024-02-06T15:07:09","modified_gmt":"2024-02-06T15:07:09","slug":"fire-hunter-pro","status":"publish","type":"product","link":"https:\/\/staging.safetysourcefire.ca\/fr_ca\/produit\/fire-hunter-pro\/","title":{"rendered":"Chasseur de Feu Pro"},"content":{"rendered":"<p><strong>Quand la qualit\u00e9 rencontre l&#039;abordabilit\u00e9<\/strong><br \/>\nVous vous concentrez sur ce qui compte. Sauver des vies et lutter contre les incendies. Le Fire Hunter Pro vous assure de rentrer chez vous en toute s\u00e9curit\u00e9 \u00e0 la fin de la journ\u00e9e.<\/p>\n<p><strong>Protection maximale certifi\u00e9e pour la lutte contre l&#039;incendie des structures<\/strong><br \/>\nAssurer votre s\u00e9curit\u00e9 n\u2019est pas n\u00e9gociable. Le Fire Hunter Pro garantit une protection de premier ordre contre les diff\u00e9rents dangers auxquels vous \u00eates confront\u00e9 au travail. Il agit comme une barri\u00e8re contre les flammes et vous prot\u00e8ge des fluides potentiellement nocifs. Avec du cuir de taureau europ\u00e9en robuste, cette botte assurera la stabilit\u00e9 (plus de bascule de la botte), emp\u00eachera l&#039;affaissement de la botte et assurera une durabilit\u00e9 \u00e0 long terme.<\/p>\n<p><strong>Protection in\u00e9gal\u00e9e des orteils<\/strong><br \/>\nL&#039;embout de s\u00e9curit\u00e9 composite l\u00e9ger offre un confort spacieux et le plus haut niveau de protection des orteils. Son poids plus l\u00e9ger vous permet de ressentir moins de fatigue des pieds et des jambes.<\/p>\n<p><strong>\u00c9tanche avec un niveau de protection suppl\u00e9mentaire<\/strong><br \/>\nGr\u00e2ce \u00e0 la technologie CROSSTECH, votre Fire Hunter Pro gardera non seulement votre botte enti\u00e8rement \u00e9tanche, mais elle vous prot\u00e9gera \u00e9galement des produits chimiques, du sang et des fluides corporels.<\/p>\n<p><strong>Restez debout gr\u00e2ce \u00e0 notre semelle hautement antid\u00e9rapante<\/strong><br \/>\nLa semelle athl\u00e9tique du Fire Hunter Pro est tr\u00e8s r\u00e9sistante \u00e0 la chaleur et antid\u00e9rapante, que ce soit sur l&#039;eau, la glace ou la neige. La semelle bicolore offre une grande visibilit\u00e9 dans des conditions sombres et enfum\u00e9es et isole vos pieds des terrains de feu chauds et froids. Le Fire Hunter Pro est \u00e9galement class\u00e9 EH au-dessus de la norme NFPA de 18 kv.<\/p>\n<p><strong>Un confort fiable quand vous en avez besoin<\/strong><br \/>\nNous savons que vous occupez l&#039;un des emplois les plus exigeants physiquement au monde, c&#039;est pourquoi nous veillons \u00e0 ce que vos pieds n&#039;en aient pas envie.<\/p>\n<p><strong>Coupe athl\u00e9tique et sensation qui ne vous ruineront pas<\/strong><br \/>\nEn tant que pompier, vous devez r\u00e9agir rapidement. Le design athl\u00e9tique du Fire Hunter Pro d\u00e9passe de loin les bottes en caoutchouc encombrantes. Son design \u00e9l\u00e9gant vous permet de vous d\u00e9placer rapidement et efficacement, ressemblant davantage \u00e0 une chaussure de sport qu&#039;\u00e0 une botte de feu.<\/p>\n<p><strong>Meilleur ajustement et meilleur soutien que les bottes en caoutchouc<\/strong><br \/>\nLe Fire Hunter Pro est dot\u00e9 de notre syst\u00e8me unique Ankle Flex, offrant un ajustement ph\u00e9nom\u00e9nal avec des capacit\u00e9s d&#039;entr\u00e9e et de sortie rapides. Avec un soutien sup\u00e9rieur, il y a moins de risques de se tordre la cheville en courant ou en sautant du camion de pompiers. Les zones de flexion int\u00e9gr\u00e9es autour de votre cheville garantissent une plus grande libert\u00e9 de mouvement lors de la mont\u00e9e des escaliers, de l&#039;agenouillement et de la conduite.<\/p>\n<p><strong>Semelle int\u00e9rieure rembourr\u00e9e et performante<\/strong><br \/>\nLes semelles Fire Hunter Pro font double emploi pendant que vous \u00eates au travail. Gr\u00e2ce \u00e0 une absorption de l&#039;humidit\u00e9 et une respirabilit\u00e9 exceptionnelles, vos pieds resteront au sec et confortables, quelle que soit la chaleur du travail. Le rembourrage en PU ajout\u00e9 vous procurera un confort amorti \u00e0 chaque pas.<\/p>\n<p><strong>Confort respirant avec notre syst\u00e8me climatique<\/strong><br \/>\nLe Fire Hunter Pro est dot\u00e9 d&#039;un syst\u00e8me climatique de r\u00e9gulation de la temp\u00e9rature qui garde les pieds au chaud en hiver et au frais en \u00e9t\u00e9. \u00c0 chaque pas, de l&#039;air frais p\u00e9n\u00e8tre tandis que l&#039;air humide s&#039;\u00e9chappe par les trous d&#039;a\u00e9ration situ\u00e9s en haut de la botte.<\/p>\n<p><a href=\"https:\/\/staging.safetysourcefire.ca\/wp-content\/uploads\/2024\/02\/507528-29_fire-hunter-pro.pdf\">T\u00e9l\u00e9charger la fiche technique<\/a><\/p>","protected":false},"excerpt":{"rendered":"<p>Vous sauvez des vies et des biens des dommages caus\u00e9s par le feu. Nous veillons \u00e0 ce que vous restiez en s\u00e9curit\u00e9 avec notre Fire Hunter Pro doublement certifi\u00e9 NFPA.<\/p>","protected":false},"featured_media":28505,"template":"","meta":[],"product_brand":[243],"product_cat":[121,50],"product_tag":[304],"class_list":{"0":"post-28503","1":"product","2":"type-product","3":"status-publish","4":"has-post-thumbnail","6":"product_brand-haix","7":"product_cat-boots","8":"product_cat-personal-protective-equipment","9":"product_tag-haix","11":"first","12":"instock","13":"shipping-taxable","14":"product-type-simple"},"yoast_head":"<!-- This site is optimized with the Yoast SEO plugin v27.4 - https:\/\/yoast.com\/product\/yoast-seo-wordpress\/ -->\n<title>Fire Hunter Pro - Safety Source Fire<\/title>\n<meta name=\"robots\" content=\"noindex, follow, max-snippet:-1, max-image-preview:large, max-video-preview:-1\" \/>\n<meta property=\"og:locale\" content=\"fr_CA\" \/>\n<meta property=\"og:type\" content=\"article\" \/>\n<meta property=\"og:title\" content=\"Fire Hunter Pro - Safety Source Fire\" \/>\n<meta property=\"og:description\" content=\"You save lives and property from fire&#039;s harm. We make sure you stay safe with our NFPA dual-certified Fire Hunter Pro.\" \/>\n<meta property=\"og:url\" content=\"https:\/\/staging.safetysourcefire.ca\/fr_ca\/produit\/fire-hunter-pro\/\" \/>\n<meta property=\"og:site_name\" content=\"Safety Source Fire\" \/>\n<meta property=\"article:publisher\" content=\"https:\/\/www.facebook.com\/mmfssca\" \/>\n<meta property=\"article:modified_time\" content=\"2024-02-06T15:07:09+00:00\" \/>\n<meta property=\"og:image\" content=\"https:\/\/staging.safetysourcefire.ca\/wp-content\/uploads\/2024\/01\/507528M_fire-hunter-pro_medium_web.jpg\" \/>\n\t<meta property=\"og:image:width\" content=\"600\" \/>\n\t<meta property=\"og:image:height\" content=\"600\" \/>\n\t<meta property=\"og:image:type\" content=\"image\/jpeg\" \/>\n<meta name=\"twitter:card\" content=\"summary_large_image\" \/>\n<meta name=\"twitter:site\" content=\"@mmfssca\" \/>\n<meta name=\"twitter:label1\" content=\"Estimation du temps de lecture\" \/>\n\t<meta name=\"twitter:data1\" content=\"3 minutes\" \/>\n<script type=\"application\/ld+json\" class=\"yoast-schema-graph\">{\"@context\":\"https:\\\/\\\/schema.org\",\"@graph\":[{\"@type\":\"WebPage\",\"@id\":\"https:\\\/\\\/staging.safetysourcefire.ca\\\/product\\\/fire-hunter-pro\\\/\",\"url\":\"https:\\\/\\\/staging.safetysourcefire.ca\\\/product\\\/fire-hunter-pro\\\/\",\"name\":\"Fire Hunter Pro - Safety Source Fire\",\"isPartOf\":{\"@id\":\"https:\\\/\\\/staging.safetysourcefire.ca\\\/#website\"},\"primaryImageOfPage\":{\"@id\":\"https:\\\/\\\/staging.safetysourcefire.ca\\\/product\\\/fire-hunter-pro\\\/#primaryimage\"},\"image\":{\"@id\":\"https:\\\/\\\/staging.safetysourcefire.ca\\\/product\\\/fire-hunter-pro\\\/#primaryimage\"},\"thumbnailUrl\":\"https:\\\/\\\/staging.safetysourcefire.ca\\\/wp-content\\\/uploads\\\/2024\\\/01\\\/507528M_fire-hunter-pro_medium_web.jpg\",\"datePublished\":\"2024-01-18T22:01:12+00:00\",\"dateModified\":\"2024-02-06T15:07:09+00:00\",\"breadcrumb\":{\"@id\":\"https:\\\/\\\/staging.safetysourcefire.ca\\\/product\\\/fire-hunter-pro\\\/#breadcrumb\"},\"inLanguage\":\"fr-CA\",\"potentialAction\":[{\"@type\":\"ReadAction\",\"target\":[\"https:\\\/\\\/staging.safetysourcefire.ca\\\/product\\\/fire-hunter-pro\\\/\"]}]},{\"@type\":\"ImageObject\",\"inLanguage\":\"fr-CA\",\"@id\":\"https:\\\/\\\/staging.safetysourcefire.ca\\\/product\\\/fire-hunter-pro\\\/#primaryimage\",\"url\":\"https:\\\/\\\/staging.safetysourcefire.ca\\\/wp-content\\\/uploads\\\/2024\\\/01\\\/507528M_fire-hunter-pro_medium_web.jpg\",\"contentUrl\":\"https:\\\/\\\/staging.safetysourcefire.ca\\\/wp-content\\\/uploads\\\/2024\\\/01\\\/507528M_fire-hunter-pro_medium_web.jpg\",\"width\":600,\"height\":600,\"caption\":\"fire hunter boot\"},{\"@type\":\"BreadcrumbList\",\"@id\":\"https:\\\/\\\/staging.safetysourcefire.ca\\\/product\\\/fire-hunter-pro\\\/#breadcrumb\",\"itemListElement\":[{\"@type\":\"ListItem\",\"position\":1,\"name\":\"Home\",\"item\":\"https:\\\/\\\/staging.safetysourcefire.ca\\\/\"},{\"@type\":\"ListItem\",\"position\":2,\"name\":\"Products\",\"item\":\"https:\\\/\\\/staging.safetysourcefire.ca\\\/shop\\\/\"},{\"@type\":\"ListItem\",\"position\":3,\"name\":\"Fire Hunter Pro\"}]},{\"@type\":\"WebSite\",\"@id\":\"https:\\\/\\\/staging.safetysourcefire.ca\\\/#website\",\"url\":\"https:\\\/\\\/staging.safetysourcefire.ca\\\/\",\"name\":\"Safety Source Fire\",\"description\":\"\",\"publisher\":{\"@id\":\"https:\\\/\\\/staging.safetysourcefire.ca\\\/#organization\"},\"potentialAction\":[{\"@type\":\"SearchAction\",\"target\":{\"@type\":\"EntryPoint\",\"urlTemplate\":\"https:\\\/\\\/staging.safetysourcefire.ca\\\/?s={search_term_string}\"},\"query-input\":{\"@type\":\"PropertyValueSpecification\",\"valueRequired\":true,\"valueName\":\"search_term_string\"}}],\"inLanguage\":\"fr-CA\"},{\"@type\":\"Organization\",\"@id\":\"https:\\\/\\\/staging.safetysourcefire.ca\\\/#organization\",\"name\":\"Safety Source Fire\",\"url\":\"https:\\\/\\\/staging.safetysourcefire.ca\\\/\",\"logo\":{\"@type\":\"ImageObject\",\"inLanguage\":\"fr-CA\",\"@id\":\"https:\\\/\\\/staging.safetysourcefire.ca\\\/#\\\/schema\\\/logo\\\/image\\\/\",\"url\":\"https:\\\/\\\/staging.safetysourcefire.ca\\\/wp-content\\\/uploads\\\/2021\\\/01\\\/SSF_logo_CC0000-3.png\",\"contentUrl\":\"https:\\\/\\\/staging.safetysourcefire.ca\\\/wp-content\\\/uploads\\\/2021\\\/01\\\/SSF_logo_CC0000-3.png\",\"width\":1107,\"height\":365,\"caption\":\"Safety Source Fire\"},\"image\":{\"@id\":\"https:\\\/\\\/staging.safetysourcefire.ca\\\/#\\\/schema\\\/logo\\\/image\\\/\"},\"sameAs\":[\"https:\\\/\\\/www.facebook.com\\\/mmfssca\",\"https:\\\/\\\/x.com\\\/mmfssca\"]}]}<\/script>\n<!-- \/ Yoast SEO plugin. -->","yoast_head_json":{"title":"Fire Hunter Pro - Source de s\u00e9curit\u00e9 incendie","robots":{"index":"noindex","follow":"follow","max-snippet":"max-snippet:-1","max-image-preview":"max-image-preview:large","max-video-preview":"max-video-preview:-1"},"og_locale":"fr_CA","og_type":"article","og_title":"Fire Hunter Pro - Safety Source Fire","og_description":"You save lives and property from fire's harm. We make sure you stay safe with our NFPA dual-certified Fire Hunter Pro.","og_url":"https:\/\/staging.safetysourcefire.ca\/fr_ca\/produit\/fire-hunter-pro\/","og_site_name":"Safety Source Fire","article_publisher":"https:\/\/www.facebook.com\/mmfssca","article_modified_time":"2024-02-06T15:07:09+00:00","og_image":[{"width":600,"height":600,"url":"https:\/\/staging.safetysourcefire.ca\/wp-content\/uploads\/2024\/01\/507528M_fire-hunter-pro_medium_web.jpg","type":"image\/jpeg"}],"twitter_card":"summary_large_image","twitter_site":"@mmfssca","twitter_misc":{"Estimation du temps de lecture":"3 minutes"},"schema":{"@context":"https:\/\/schema.org","@graph":[{"@type":"WebPage","@id":"https:\/\/staging.safetysourcefire.ca\/product\/fire-hunter-pro\/","url":"https:\/\/staging.safetysourcefire.ca\/product\/fire-hunter-pro\/","name":"Fire Hunter Pro - Source de s\u00e9curit\u00e9 incendie","isPartOf":{"@id":"https:\/\/staging.safetysourcefire.ca\/#website"},"primaryImageOfPage":{"@id":"https:\/\/staging.safetysourcefire.ca\/product\/fire-hunter-pro\/#primaryimage"},"image":{"@id":"https:\/\/staging.safetysourcefire.ca\/product\/fire-hunter-pro\/#primaryimage"},"thumbnailUrl":"https:\/\/staging.safetysourcefire.ca\/wp-content\/uploads\/2024\/01\/507528M_fire-hunter-pro_medium_web.jpg","datePublished":"2024-01-18T22:01:12+00:00","dateModified":"2024-02-06T15:07:09+00:00","breadcrumb":{"@id":"https:\/\/staging.safetysourcefire.ca\/product\/fire-hunter-pro\/#breadcrumb"},"inLanguage":"fr-CA","potentialAction":[{"@type":"ReadAction","target":["https:\/\/staging.safetysourcefire.ca\/product\/fire-hunter-pro\/"]}]},{"@type":"ImageObject","inLanguage":"fr-CA","@id":"https:\/\/staging.safetysourcefire.ca\/product\/fire-hunter-pro\/#primaryimage","url":"https:\/\/staging.safetysourcefire.ca\/wp-content\/uploads\/2024\/01\/507528M_fire-hunter-pro_medium_web.jpg","contentUrl":"https:\/\/staging.safetysourcefire.ca\/wp-content\/uploads\/2024\/01\/507528M_fire-hunter-pro_medium_web.jpg","width":600,"height":600,"caption":"fire hunter boot"},{"@type":"BreadcrumbList","@id":"https:\/\/staging.safetysourcefire.ca\/product\/fire-hunter-pro\/#breadcrumb","itemListElement":[{"@type":"ListItem","position":1,"name":"Home","item":"https:\/\/staging.safetysourcefire.ca\/"},{"@type":"ListItem","position":2,"name":"Products","item":"https:\/\/staging.safetysourcefire.ca\/shop\/"},{"@type":"ListItem","position":3,"name":"Fire Hunter Pro"}]},{"@type":"WebSite","@id":"https:\/\/staging.safetysourcefire.ca\/#website","url":"https:\/\/staging.safetysourcefire.ca\/","name":"Safety Source Fire","description":"","publisher":{"@id":"https:\/\/staging.safetysourcefire.ca\/#organization"},"potentialAction":[{"@type":"SearchAction","target":{"@type":"EntryPoint","urlTemplate":"https:\/\/staging.safetysourcefire.ca\/?s={search_term_string}"},"query-input":{"@type":"PropertyValueSpecification","valueRequired":true,"valueName":"search_term_string"}}],"inLanguage":"fr-CA"},{"@type":"Organization","@id":"https:\/\/staging.safetysourcefire.ca\/#organization","name":"Safety Source Fire","url":"https:\/\/staging.safetysourcefire.ca\/","logo":{"@type":"ImageObject","inLanguage":"fr-CA","@id":"https:\/\/staging.safetysourcefire.ca\/#\/schema\/logo\/image\/","url":"https:\/\/staging.safetysourcefire.ca\/wp-content\/uploads\/2021\/01\/SSF_logo_CC0000-3.png","contentUrl":"https:\/\/staging.safetysourcefire.ca\/wp-content\/uploads\/2021\/01\/SSF_logo_CC0000-3.png","width":1107,"height":365,"caption":"Safety Source Fire"},"image":{"@id":"https:\/\/staging.safetysourcefire.ca\/#\/schema\/logo\/image\/"},"sameAs":["https:\/\/www.facebook.com\/mmfssca","https:\/\/x.com\/mmfssca"]}]}},"_links":{"self":[{"href":"https:\/\/staging.safetysourcefire.ca\/fr_ca\/wp-json\/wp\/v2\/product\/28503","targetHints":{"allow":["GET"]}}],"collection":[{"href":"https:\/\/staging.safetysourcefire.ca\/fr_ca\/wp-json\/wp\/v2\/product"}],"about":[{"href":"https:\/\/staging.safetysourcefire.ca\/fr_ca\/wp-json\/wp\/v2\/types\/product"}],"wp:featuredmedia":[{"embeddable":true,"href":"https:\/\/staging.safetysourcefire.ca\/fr_ca\/wp-json\/wp\/v2\/media\/28505"}],"wp:attachment":[{"href":"https:\/\/staging.safetysourcefire.ca\/fr_ca\/wp-json\/wp\/v2\/media?parent=28503"}],"wp:term":[{"taxonomy":"product_brand","embeddable":true,"href":"https:\/\/staging.safetysourcefire.ca\/fr_ca\/wp-json\/wp\/v2\/product_brand?post=28503"},{"taxonomy":"product_cat","embeddable":true,"href":"https:\/\/staging.safetysourcefire.ca\/fr_ca\/wp-json\/wp\/v2\/product_cat?post=28503"},{"taxonomy":"product_tag","embeddable":true,"href":"https:\/\/staging.safetysourcefire.ca\/fr_ca\/wp-json\/wp\/v2\/product_tag?post=28503"}],"curies":[{"name":"wp","href":"https:\/\/api.w.org\/{rel}","templated":true}]}}