{"id":28499,"date":"2024-01-18T21:50:33","date_gmt":"2024-01-18T21:50:33","guid":{"rendered":"https:\/\/safetysourcefire.ca\/?post_type=product&#038;p=28499"},"modified":"2024-02-06T15:08:27","modified_gmt":"2024-02-06T15:08:27","slug":"fire-hunter-xtreme","status":"publish","type":"product","link":"https:\/\/staging.safetysourcefire.ca\/fr_ca\/produit\/fire-hunter-xtreme\/","title":{"rendered":"Chasseur de Feu Xtreme"},"content":{"rendered":"<p><strong>S\u00e9curit\u00e9 maximale pour les pompiers avec une fiabilit\u00e9 \u00e9prouv\u00e9e \u00e0 laquelle vous pouvez faire confiance<\/strong><br \/>\nVous vous concentrez sur ce qui compte. Sauver des vies et lutter contre les incendies. Fire Hunter Xtreme vous assure de rentrer chez vous en toute s\u00e9curit\u00e9 \u00e0 la fin de la journ\u00e9e.<\/p>\n<p><strong>Protection maximale certifi\u00e9e pour la lutte contre les incendies de structures<\/strong><br \/>\nVotre s\u00e9curit\u00e9 est la priorit\u00e9. Fire Hunter Xtreme vous prot\u00e8ge de la chaleur et des flammes, offre le plus haut niveau de r\u00e9sistance \u00e0 la perforation des semelles, prot\u00e8ge vos orteils et vous prot\u00e8ge des fluides dangereux auxquels vous pouvez \u00eatre expos\u00e9 au travail. Notre cuir de taureau europ\u00e9en durable offre non seulement plus de protection, mais il offre plus de stabilit\u00e9 (plus de bottes qui basculent) et une durabilit\u00e9 \u00e0 long terme.<\/p>\n<p><strong>Prot\u00e9gez vos orteils avec notre embout en acier<\/strong><br \/>\nL\u2019int\u00e9grit\u00e9 de vos pieds, et surtout de vos orteils, est importante. L&#039;embout en acier int\u00e9gr\u00e9 du Fire Hunter Xtreme offrira un maximum d&#039;espace dans la zone des orteils tout en gardant vos orteils prot\u00e9g\u00e9s selon les exigences de s\u00e9curit\u00e9 les plus \u00e9lev\u00e9es.<\/p>\n<p><strong>Prot\u00e9gez-vous des fluides dangereux gr\u00e2ce \u00e0 la technologie CROSSTECH\u00ae<\/strong><br \/>\nVotre travail peut vous exposer \u00e0 des situations dangereuses. La technologie CROSSTECH\u00ae de la doublure int\u00e9rieure de votre Fire Hunter Xtreme maintient non seulement votre botte imperm\u00e9able, mais elle vous prot\u00e8ge \u00e9galement des fluides potentiellement dangereux comme le sang, les fluides corporels et les produits chimiques. Vos pieds restent au sec, vous restez en s\u00e9curit\u00e9.<\/p>\n<p><strong>Restez debout gr\u00e2ce \u00e0 notre semelle antid\u00e9rapante durable<\/strong><br \/>\nLa semelle Fire Hunter Xtreme poss\u00e8de un palmar\u00e8s de longue date en mati\u00e8re de s\u00e9curit\u00e9 et de durabilit\u00e9. La mousse Micro Soft Light inject\u00e9e dans la semelle de la Fire Hunter Xtreme offre une absorption optimale des chocs tout en vous isolant des temp\u00e9ratures extr\u00eames chaudes et froides. Une plaque perfor\u00e9e en acier bien isol\u00e9e offre le plus haut niveau de protection contre toute mauvaise surprise. La semelle antid\u00e9rapante et hautement r\u00e9sistante \u00e0 la chaleur vous gardera en s\u00e9curit\u00e9 toute la journ\u00e9e, tous les jours.<\/p>\n<p><strong>Un confort fiable pour supporter les heures les plus longues<\/strong><br \/>\nVous passez de longues heures debout \u00e0 effectuer l&#039;un des travaux les plus exigeants physiquement au monde, assurez-vous que vos pieds n&#039;en ont pas envie.<\/p>\n<p><strong>Confort \u00e9prouv\u00e9 avec un ajustement et une sensation stables<\/strong><br \/>\nEn tant que pompier, vous voyez beaucoup de chaleur. Vous voulez que vos bottes soient solides et robustes, tout en \u00e9tant confortables. Fire Hunter Xtreme offre tout ce que vous attendez en termes de performances et de confort. Il vous soutient lorsque l&#039;alarme se d\u00e9clenche, vous offrant une protection fiable qui vous permet \u00e9galement d&#039;\u00eatre performant.<\/p>\n<p><strong>Meilleur ajustement et plus de flexibilit\u00e9 avec le syst\u00e8me HAIX Ankle Flex<\/strong><br \/>\nContrairement \u00e0 d&#039;autres bottes de bunker \u00e0 enfiler qui peuvent sembler l\u00e2ches et b\u00e2cl\u00e9es au fil du temps, la Fire Hunter Xtreme est dot\u00e9e de notre syst\u00e8me Ankle Flex qui offre non seulement un ajustement ph\u00e9nom\u00e9nal, mais \u00e9galement des capacit\u00e9s d&#039;entr\u00e9e et de sortie rapides. L&#039;int\u00e9rieur offre un ajustement parfait qui soutient vos pieds et vos chevilles, donc plus de soucis de vous tordre la cheville lorsque vous courez ou sautez du camion de pompiers. Les zones de flexion int\u00e9gr\u00e9es qui entourent votre cheville garantissent plus de flexibilit\u00e9 et de libert\u00e9 de mouvement lors de la mont\u00e9e des escaliers, de l&#039;agenouillement et de la conduite.<\/p>\n<p><strong>Ajustement confortable avec semelle int\u00e9rieure coussin\u00e9e HAIX\u00ae<\/strong><br \/>\nLes semelles int\u00e9rieures HAIX gardent vos pieds et vos bottes plus frais et plus confortables au travail. Nos semelles absorbent la transpiration pour garder vos pieds au sec m\u00eame dans les conditions les plus rigoureuses. Un rembourrage suppl\u00e9mentaire offre un confort suppl\u00e9mentaire. La conception en microfibre est l\u00e9g\u00e8re, respirante et lavable en machine. Remplacez-les de temps en temps pour garder vos bottes fra\u00eeches et confortables.<\/p>\n<p><strong>Confort respirant avec HAIX\u00ae Climate System<\/strong><br \/>\nLa Fire Hunter Xtreme permet \u00e0 vos pieds de respirer en absorbant l&#039;humidit\u00e9 de vos pieds dans des mousses sp\u00e9ciales entre la doublure int\u00e9rieure et le cuir. \u00c0 chaque pas que vous faites, de l&#039;air humide est lib\u00e9r\u00e9 et de l&#039;air frais entre par les trous d&#039;a\u00e9ration situ\u00e9s en haut de la botte. Le syst\u00e8me climatique fonctionne essentiellement comme un syst\u00e8me de climatisation dans votre coffre.<\/p>\n<p><a href=\"https:\/\/staging.safetysourcefire.ca\/wp-content\/uploads\/2024\/02\/501605-6_Fire-Hunter-Xtreme_usa.pdf\">T\u00e9l\u00e9charger la fiche technique<\/a><\/p>","protected":false},"excerpt":{"rendered":"<p>Vous sauvez des vies et des biens des dommages caus\u00e9s par le feu, nous veillons \u00e0 ce que vous restiez en s\u00e9curit\u00e9 avec notre Fire Hunter Xtreme doublement certifi\u00e9 NFPA.<\/p>","protected":false},"featured_media":28501,"template":"","meta":[],"product_brand":[243],"product_cat":[121,50],"product_tag":[304],"class_list":{"0":"post-28499","1":"product","2":"type-product","3":"status-publish","4":"has-post-thumbnail","6":"product_brand-haix","7":"product_cat-boots","8":"product_cat-personal-protective-equipment","9":"product_tag-haix","11":"first","12":"instock","13":"shipping-taxable","14":"product-type-simple"},"yoast_head":"<!-- This site is optimized with the Yoast SEO plugin v27.4 - https:\/\/yoast.com\/product\/yoast-seo-wordpress\/ -->\n<title>Fire Hunter Xtreme - Safety Source Fire<\/title>\n<meta name=\"robots\" content=\"noindex, follow, max-snippet:-1, max-image-preview:large, max-video-preview:-1\" \/>\n<meta property=\"og:locale\" content=\"fr_CA\" \/>\n<meta property=\"og:type\" content=\"article\" \/>\n<meta property=\"og:title\" content=\"Fire Hunter Xtreme - Safety Source Fire\" \/>\n<meta property=\"og:description\" content=\"You save lives and property from fire&#039;s harm, we make sure you stay safe with our NFPA dual certified Fire Hunter Xtreme.\" \/>\n<meta property=\"og:url\" content=\"https:\/\/staging.safetysourcefire.ca\/fr_ca\/produit\/fire-hunter-xtreme\/\" \/>\n<meta property=\"og:site_name\" content=\"Safety Source Fire\" \/>\n<meta property=\"article:publisher\" content=\"https:\/\/www.facebook.com\/mmfssca\" \/>\n<meta property=\"article:modified_time\" content=\"2024-02-06T15:08:27+00:00\" \/>\n<meta property=\"og:image\" content=\"https:\/\/staging.safetysourcefire.ca\/wp-content\/uploads\/2024\/01\/501605_fire_hunter_xtreme_cmyk560993f55f65e.jpg\" \/>\n\t<meta property=\"og:image:width\" content=\"600\" \/>\n\t<meta property=\"og:image:height\" content=\"600\" \/>\n\t<meta property=\"og:image:type\" content=\"image\/jpeg\" \/>\n<meta name=\"twitter:card\" content=\"summary_large_image\" \/>\n<meta name=\"twitter:site\" content=\"@mmfssca\" \/>\n<meta name=\"twitter:label1\" content=\"Estimation du temps de lecture\" \/>\n\t<meta name=\"twitter:data1\" content=\"3 minutes\" \/>\n<script type=\"application\/ld+json\" class=\"yoast-schema-graph\">{\"@context\":\"https:\\\/\\\/schema.org\",\"@graph\":[{\"@type\":\"WebPage\",\"@id\":\"https:\\\/\\\/staging.safetysourcefire.ca\\\/product\\\/fire-hunter-xtreme\\\/\",\"url\":\"https:\\\/\\\/staging.safetysourcefire.ca\\\/product\\\/fire-hunter-xtreme\\\/\",\"name\":\"Fire Hunter Xtreme - Safety Source Fire\",\"isPartOf\":{\"@id\":\"https:\\\/\\\/staging.safetysourcefire.ca\\\/#website\"},\"primaryImageOfPage\":{\"@id\":\"https:\\\/\\\/staging.safetysourcefire.ca\\\/product\\\/fire-hunter-xtreme\\\/#primaryimage\"},\"image\":{\"@id\":\"https:\\\/\\\/staging.safetysourcefire.ca\\\/product\\\/fire-hunter-xtreme\\\/#primaryimage\"},\"thumbnailUrl\":\"https:\\\/\\\/staging.safetysourcefire.ca\\\/wp-content\\\/uploads\\\/2024\\\/01\\\/501605_fire_hunter_xtreme_cmyk560993f55f65e.jpg\",\"datePublished\":\"2024-01-18T21:50:33+00:00\",\"dateModified\":\"2024-02-06T15:08:27+00:00\",\"breadcrumb\":{\"@id\":\"https:\\\/\\\/staging.safetysourcefire.ca\\\/product\\\/fire-hunter-xtreme\\\/#breadcrumb\"},\"inLanguage\":\"fr-CA\",\"potentialAction\":[{\"@type\":\"ReadAction\",\"target\":[\"https:\\\/\\\/staging.safetysourcefire.ca\\\/product\\\/fire-hunter-xtreme\\\/\"]}]},{\"@type\":\"ImageObject\",\"inLanguage\":\"fr-CA\",\"@id\":\"https:\\\/\\\/staging.safetysourcefire.ca\\\/product\\\/fire-hunter-xtreme\\\/#primaryimage\",\"url\":\"https:\\\/\\\/staging.safetysourcefire.ca\\\/wp-content\\\/uploads\\\/2024\\\/01\\\/501605_fire_hunter_xtreme_cmyk560993f55f65e.jpg\",\"contentUrl\":\"https:\\\/\\\/staging.safetysourcefire.ca\\\/wp-content\\\/uploads\\\/2024\\\/01\\\/501605_fire_hunter_xtreme_cmyk560993f55f65e.jpg\",\"width\":600,\"height\":600,\"caption\":\"fire hunter boot\"},{\"@type\":\"BreadcrumbList\",\"@id\":\"https:\\\/\\\/staging.safetysourcefire.ca\\\/product\\\/fire-hunter-xtreme\\\/#breadcrumb\",\"itemListElement\":[{\"@type\":\"ListItem\",\"position\":1,\"name\":\"Home\",\"item\":\"https:\\\/\\\/staging.safetysourcefire.ca\\\/\"},{\"@type\":\"ListItem\",\"position\":2,\"name\":\"Products\",\"item\":\"https:\\\/\\\/staging.safetysourcefire.ca\\\/shop\\\/\"},{\"@type\":\"ListItem\",\"position\":3,\"name\":\"Fire Hunter Xtreme\"}]},{\"@type\":\"WebSite\",\"@id\":\"https:\\\/\\\/staging.safetysourcefire.ca\\\/#website\",\"url\":\"https:\\\/\\\/staging.safetysourcefire.ca\\\/\",\"name\":\"Safety Source Fire\",\"description\":\"\",\"publisher\":{\"@id\":\"https:\\\/\\\/staging.safetysourcefire.ca\\\/#organization\"},\"potentialAction\":[{\"@type\":\"SearchAction\",\"target\":{\"@type\":\"EntryPoint\",\"urlTemplate\":\"https:\\\/\\\/staging.safetysourcefire.ca\\\/?s={search_term_string}\"},\"query-input\":{\"@type\":\"PropertyValueSpecification\",\"valueRequired\":true,\"valueName\":\"search_term_string\"}}],\"inLanguage\":\"fr-CA\"},{\"@type\":\"Organization\",\"@id\":\"https:\\\/\\\/staging.safetysourcefire.ca\\\/#organization\",\"name\":\"Safety Source Fire\",\"url\":\"https:\\\/\\\/staging.safetysourcefire.ca\\\/\",\"logo\":{\"@type\":\"ImageObject\",\"inLanguage\":\"fr-CA\",\"@id\":\"https:\\\/\\\/staging.safetysourcefire.ca\\\/#\\\/schema\\\/logo\\\/image\\\/\",\"url\":\"https:\\\/\\\/staging.safetysourcefire.ca\\\/wp-content\\\/uploads\\\/2021\\\/01\\\/SSF_logo_CC0000-3.png\",\"contentUrl\":\"https:\\\/\\\/staging.safetysourcefire.ca\\\/wp-content\\\/uploads\\\/2021\\\/01\\\/SSF_logo_CC0000-3.png\",\"width\":1107,\"height\":365,\"caption\":\"Safety Source Fire\"},\"image\":{\"@id\":\"https:\\\/\\\/staging.safetysourcefire.ca\\\/#\\\/schema\\\/logo\\\/image\\\/\"},\"sameAs\":[\"https:\\\/\\\/www.facebook.com\\\/mmfssca\",\"https:\\\/\\\/x.com\\\/mmfssca\"]}]}<\/script>\n<!-- \/ Yoast SEO plugin. -->","yoast_head_json":{"title":"Fire Hunter Xtreme - Source de s\u00e9curit\u00e9 incendie","robots":{"index":"noindex","follow":"follow","max-snippet":"max-snippet:-1","max-image-preview":"max-image-preview:large","max-video-preview":"max-video-preview:-1"},"og_locale":"fr_CA","og_type":"article","og_title":"Fire Hunter Xtreme - Safety Source Fire","og_description":"You save lives and property from fire's harm, we make sure you stay safe with our NFPA dual certified Fire Hunter Xtreme.","og_url":"https:\/\/staging.safetysourcefire.ca\/fr_ca\/produit\/fire-hunter-xtreme\/","og_site_name":"Safety Source Fire","article_publisher":"https:\/\/www.facebook.com\/mmfssca","article_modified_time":"2024-02-06T15:08:27+00:00","og_image":[{"width":600,"height":600,"url":"https:\/\/staging.safetysourcefire.ca\/wp-content\/uploads\/2024\/01\/501605_fire_hunter_xtreme_cmyk560993f55f65e.jpg","type":"image\/jpeg"}],"twitter_card":"summary_large_image","twitter_site":"@mmfssca","twitter_misc":{"Estimation du temps de lecture":"3 minutes"},"schema":{"@context":"https:\/\/schema.org","@graph":[{"@type":"WebPage","@id":"https:\/\/staging.safetysourcefire.ca\/product\/fire-hunter-xtreme\/","url":"https:\/\/staging.safetysourcefire.ca\/product\/fire-hunter-xtreme\/","name":"Fire Hunter Xtreme - Source de s\u00e9curit\u00e9 incendie","isPartOf":{"@id":"https:\/\/staging.safetysourcefire.ca\/#website"},"primaryImageOfPage":{"@id":"https:\/\/staging.safetysourcefire.ca\/product\/fire-hunter-xtreme\/#primaryimage"},"image":{"@id":"https:\/\/staging.safetysourcefire.ca\/product\/fire-hunter-xtreme\/#primaryimage"},"thumbnailUrl":"https:\/\/staging.safetysourcefire.ca\/wp-content\/uploads\/2024\/01\/501605_fire_hunter_xtreme_cmyk560993f55f65e.jpg","datePublished":"2024-01-18T21:50:33+00:00","dateModified":"2024-02-06T15:08:27+00:00","breadcrumb":{"@id":"https:\/\/staging.safetysourcefire.ca\/product\/fire-hunter-xtreme\/#breadcrumb"},"inLanguage":"fr-CA","potentialAction":[{"@type":"ReadAction","target":["https:\/\/staging.safetysourcefire.ca\/product\/fire-hunter-xtreme\/"]}]},{"@type":"ImageObject","inLanguage":"fr-CA","@id":"https:\/\/staging.safetysourcefire.ca\/product\/fire-hunter-xtreme\/#primaryimage","url":"https:\/\/staging.safetysourcefire.ca\/wp-content\/uploads\/2024\/01\/501605_fire_hunter_xtreme_cmyk560993f55f65e.jpg","contentUrl":"https:\/\/staging.safetysourcefire.ca\/wp-content\/uploads\/2024\/01\/501605_fire_hunter_xtreme_cmyk560993f55f65e.jpg","width":600,"height":600,"caption":"fire hunter boot"},{"@type":"BreadcrumbList","@id":"https:\/\/staging.safetysourcefire.ca\/product\/fire-hunter-xtreme\/#breadcrumb","itemListElement":[{"@type":"ListItem","position":1,"name":"Home","item":"https:\/\/staging.safetysourcefire.ca\/"},{"@type":"ListItem","position":2,"name":"Products","item":"https:\/\/staging.safetysourcefire.ca\/shop\/"},{"@type":"ListItem","position":3,"name":"Fire Hunter Xtreme"}]},{"@type":"WebSite","@id":"https:\/\/staging.safetysourcefire.ca\/#website","url":"https:\/\/staging.safetysourcefire.ca\/","name":"Safety Source Fire","description":"","publisher":{"@id":"https:\/\/staging.safetysourcefire.ca\/#organization"},"potentialAction":[{"@type":"SearchAction","target":{"@type":"EntryPoint","urlTemplate":"https:\/\/staging.safetysourcefire.ca\/?s={search_term_string}"},"query-input":{"@type":"PropertyValueSpecification","valueRequired":true,"valueName":"search_term_string"}}],"inLanguage":"fr-CA"},{"@type":"Organization","@id":"https:\/\/staging.safetysourcefire.ca\/#organization","name":"Safety Source Fire","url":"https:\/\/staging.safetysourcefire.ca\/","logo":{"@type":"ImageObject","inLanguage":"fr-CA","@id":"https:\/\/staging.safetysourcefire.ca\/#\/schema\/logo\/image\/","url":"https:\/\/staging.safetysourcefire.ca\/wp-content\/uploads\/2021\/01\/SSF_logo_CC0000-3.png","contentUrl":"https:\/\/staging.safetysourcefire.ca\/wp-content\/uploads\/2021\/01\/SSF_logo_CC0000-3.png","width":1107,"height":365,"caption":"Safety Source Fire"},"image":{"@id":"https:\/\/staging.safetysourcefire.ca\/#\/schema\/logo\/image\/"},"sameAs":["https:\/\/www.facebook.com\/mmfssca","https:\/\/x.com\/mmfssca"]}]}},"_links":{"self":[{"href":"https:\/\/staging.safetysourcefire.ca\/fr_ca\/wp-json\/wp\/v2\/product\/28499","targetHints":{"allow":["GET"]}}],"collection":[{"href":"https:\/\/staging.safetysourcefire.ca\/fr_ca\/wp-json\/wp\/v2\/product"}],"about":[{"href":"https:\/\/staging.safetysourcefire.ca\/fr_ca\/wp-json\/wp\/v2\/types\/product"}],"wp:featuredmedia":[{"embeddable":true,"href":"https:\/\/staging.safetysourcefire.ca\/fr_ca\/wp-json\/wp\/v2\/media\/28501"}],"wp:attachment":[{"href":"https:\/\/staging.safetysourcefire.ca\/fr_ca\/wp-json\/wp\/v2\/media?parent=28499"}],"wp:term":[{"taxonomy":"product_brand","embeddable":true,"href":"https:\/\/staging.safetysourcefire.ca\/fr_ca\/wp-json\/wp\/v2\/product_brand?post=28499"},{"taxonomy":"product_cat","embeddable":true,"href":"https:\/\/staging.safetysourcefire.ca\/fr_ca\/wp-json\/wp\/v2\/product_cat?post=28499"},{"taxonomy":"product_tag","embeddable":true,"href":"https:\/\/staging.safetysourcefire.ca\/fr_ca\/wp-json\/wp\/v2\/product_tag?post=28499"}],"curies":[{"name":"wp","href":"https:\/\/api.w.org\/{rel}","templated":true}]}}