{"id":28493,"date":"2024-01-18T21:21:57","date_gmt":"2024-01-18T21:21:57","guid":{"rendered":"https:\/\/safetysourcefire.ca\/?post_type=product&#038;p=28493"},"modified":"2024-01-18T22:38:32","modified_gmt":"2024-01-18T22:38:32","slug":"airpower-xr1-pro-grip-xtreme","status":"publish","type":"product","link":"https:\/\/staging.safetysourcefire.ca\/fr_ca\/produit\/airpower-xr1-pro-grip-xtreme\/","title":{"rendered":"Airpower XR1 Pro Grip Xtreme"},"content":{"rendered":"<p><strong>S\u00e9curit\u00e9 maximale pour les premiers intervenants<\/strong><br \/>\nVous vous concentrez sur ce qui compte : sauver des vies ou mettre \u00e0 l\u2019\u00e9preuve vos comp\u00e9tences techniques en mati\u00e8re de sauvetage. Votre Airpower XR1 Pro Grip Xtreme vous assure non seulement votre s\u00e9curit\u00e9 en premi\u00e8re ligne, mais il vous permet \u00e9galement de rester debout par temps hivernal rigoureux.<\/p>\n<p><strong>Une protection maximale pour que vous puissiez faire le travail<\/strong><br \/>\nLa s\u00e9curit\u00e9 au travail est la priorit\u00e9 #1. L&#039;Airpower XR1 Pro Grip Xtreme offre une protection certifi\u00e9e et \u00e9prouv\u00e9e contre de nombreux dangers sur le lieu de travail. De l&#039;exposition potentielle au sang, aux produits chimiques et aux dangers \u00e9lectriques \u00e0 la protection contre les impacts et les perforations, notre produit garantit votre protection.<\/p>\n<p><strong>Protection des orteils l\u00e9g\u00e8re et confortable<\/strong><br \/>\nL&#039;embout composite de l&#039;Airpower XR1 Pro grip Xtreme est non seulement plus l\u00e9ger pour r\u00e9duire la fatigue du pied ; il allie \u00e9galement un confort spacieux avec le plus haut niveau de protection de s\u00e9curit\u00e9.<\/p>\n<p><strong>\u00c9tanche avec un niveau de protection suppl\u00e9mentaire<\/strong><br \/>\nLa doublure int\u00e9rieure CROSSTECH\u00ae de l&#039;Airpower XR1 Pro Grip Xtreme offre la meilleure protection imperm\u00e9able et respirante du march\u00e9 et prot\u00e8ge contre les produits chimiques, le sang et les fluides corporels.<\/p>\n<p><strong>Semelle haute performance con\u00e7ue pour l&#039;hiver<\/strong><br \/>\nQuelle que soit la m\u00e9t\u00e9o, la nouvelle semelle Grip Xtreme de l&#039;Airpower XR1 Pro Grip Xtreme est votre compagnon fiable lorsque le devoir vous appelle. Dot\u00e9 d&#039;\u00e9l\u00e9ments de pr\u00e9hension jaunes int\u00e9gr\u00e9s, il assure une traction sup\u00e9rieure sur la neige et la glace.<\/p>\n<p><strong>Confort pour supporter les heures les plus longues<\/strong><br \/>\nVous passez de longues heures debout. Nous veillons \u00e0 ce que ce ne soit pas le cas.<\/p>\n<p><strong>Semelle int\u00e9rieure performante<\/strong><br \/>\nLes semelles Airpower XR1 Pro Grip Xtreme fonctionnent aussi dur que vous. Avec une absorption de l&#039;humidit\u00e9 et une respirabilit\u00e9 exceptionnelles, vos pieds resteront au sec et confortables toute la journ\u00e9e. Le rembourrage en PU ajout\u00e9 vous fera ressentir le confort dans chaque botte.<\/p>\n<p><strong>Syst\u00e8me de support de vo\u00fbte plantaire<\/strong><br \/>\nAirpower XR1 Pro Grip Xtreme offre un soutien de la vo\u00fbte plantaire indispensable, surtout lorsque vous \u00eates debout toute la journ\u00e9e. Il aide \u00e0 r\u00e9partir le poids du corps plus uniform\u00e9ment, am\u00e9liorant ainsi la stabilit\u00e9 du pied et r\u00e9duisant la fatigue des pieds et des jambes.<\/p>\n<p><strong>Facile \u00e0 mettre et \u00e0 enlever<\/strong><br \/>\nLe syst\u00e8me de fermeture \u00e9clair et de la\u00e7age HAIX de l&#039;Airpower XR1 Pro Grip Xtreme offre un ajustement plus personnalis\u00e9 et facilite l&#039;enfilage et le retrait de vos bottes, surtout lorsque le temps presse. Le bootjack \u00e0 l&#039;arri\u00e8re vous permet d&#039;enlever vos bottes apr\u00e8s une longue journ\u00e9e, \u00e9liminant ainsi le besoin de vous baisser.<\/p>\n<p><strong>Contr\u00f4le climatique int\u00e9gr\u00e9<\/strong><br \/>\nAirpower XR1 Pro Grip Xtreme est dot\u00e9 d&#039;un syst\u00e8me climatique de r\u00e9gulation de la temp\u00e9rature qui garde les pieds au chaud en hiver et au frais en \u00e9t\u00e9. L&#039;air frais est filtr\u00e9 tandis que l&#039;air humide s&#039;\u00e9chappe \u00e0 travers la doublure en maille situ\u00e9e en haut de la botte \u00e0 chaque pas que vous faites.<\/p>\n<p><a href=\"https:\/\/staging.safetysourcefire.ca\/wp-content\/uploads\/2024\/01\/605132M_airpower-xr1-pro-grip-xtreme_medium_en.pdf\">T\u00e9l\u00e9charger la fiche technique<\/a><\/p>","protected":false},"excerpt":{"rendered":"<p>Vous sauvez des vies. Nous veillons \u00e0 ce que vous restiez en s\u00e9curit\u00e9 avec votre Airpower XR1 Pro Grip Xtreme certifi\u00e9 quad NFPA, que ce soit \u00e0 la station, lors d&#039;une course EMS, lors d&#039;une mission de recherche et de sauvetage ou dans la lutte contre les feux de brousse.<\/p>","protected":false},"featured_media":28496,"template":"","meta":[],"product_brand":[243],"product_cat":[121,50],"product_tag":[304],"class_list":{"0":"post-28493","1":"product","2":"type-product","3":"status-publish","4":"has-post-thumbnail","6":"product_brand-haix","7":"product_cat-boots","8":"product_cat-personal-protective-equipment","9":"product_tag-haix","11":"first","12":"instock","13":"shipping-taxable","14":"product-type-simple"},"yoast_head":"<!-- This site is optimized with the Yoast SEO plugin v27.4 - https:\/\/yoast.com\/product\/yoast-seo-wordpress\/ -->\n<title>Airpower XR1 Pro Grip Xtreme - Safety Source Fire<\/title>\n<meta name=\"robots\" content=\"noindex, follow, max-snippet:-1, max-image-preview:large, max-video-preview:-1\" \/>\n<meta property=\"og:locale\" content=\"fr_CA\" \/>\n<meta property=\"og:type\" content=\"article\" \/>\n<meta property=\"og:title\" content=\"Airpower XR1 Pro Grip Xtreme - Safety Source Fire\" \/>\n<meta property=\"og:description\" content=\"You save lives. We make sure you stay safe with your NFPA quad-certified Airpower XR1 Pro Grip Xtreme, whether in the station, on an EMS run, on a search and rescue mission or fighting brush fires.\" \/>\n<meta property=\"og:url\" content=\"https:\/\/staging.safetysourcefire.ca\/fr_ca\/produit\/airpower-xr1-pro-grip-xtreme\/\" \/>\n<meta property=\"og:site_name\" content=\"Safety Source Fire\" \/>\n<meta property=\"article:publisher\" content=\"https:\/\/www.facebook.com\/mmfssca\" \/>\n<meta property=\"article:modified_time\" content=\"2024-01-18T22:38:32+00:00\" \/>\n<meta property=\"og:image\" content=\"https:\/\/staging.safetysourcefire.ca\/wp-content\/uploads\/2024\/01\/605132M_airpower-xr1-pro-grip-xtreme_medium_webrsSbzVULTVgOX.jpg\" \/>\n\t<meta property=\"og:image:width\" content=\"600\" \/>\n\t<meta property=\"og:image:height\" content=\"600\" \/>\n\t<meta property=\"og:image:type\" content=\"image\/jpeg\" \/>\n<meta name=\"twitter:card\" content=\"summary_large_image\" \/>\n<meta name=\"twitter:site\" content=\"@mmfssca\" \/>\n<meta name=\"twitter:label1\" content=\"Estimation du temps de lecture\" \/>\n\t<meta name=\"twitter:data1\" content=\"3 minutes\" \/>\n<script type=\"application\/ld+json\" class=\"yoast-schema-graph\">{\"@context\":\"https:\\\/\\\/schema.org\",\"@graph\":[{\"@type\":\"WebPage\",\"@id\":\"https:\\\/\\\/staging.safetysourcefire.ca\\\/product\\\/airpower-xr1-pro-grip-xtreme\\\/\",\"url\":\"https:\\\/\\\/staging.safetysourcefire.ca\\\/product\\\/airpower-xr1-pro-grip-xtreme\\\/\",\"name\":\"Airpower XR1 Pro Grip Xtreme - Safety Source Fire\",\"isPartOf\":{\"@id\":\"https:\\\/\\\/staging.safetysourcefire.ca\\\/#website\"},\"primaryImageOfPage\":{\"@id\":\"https:\\\/\\\/staging.safetysourcefire.ca\\\/product\\\/airpower-xr1-pro-grip-xtreme\\\/#primaryimage\"},\"image\":{\"@id\":\"https:\\\/\\\/staging.safetysourcefire.ca\\\/product\\\/airpower-xr1-pro-grip-xtreme\\\/#primaryimage\"},\"thumbnailUrl\":\"https:\\\/\\\/staging.safetysourcefire.ca\\\/wp-content\\\/uploads\\\/2024\\\/01\\\/605132M_airpower-xr1-pro-grip-xtreme_medium_webrsSbzVULTVgOX.jpg\",\"datePublished\":\"2024-01-18T21:21:57+00:00\",\"dateModified\":\"2024-01-18T22:38:32+00:00\",\"breadcrumb\":{\"@id\":\"https:\\\/\\\/staging.safetysourcefire.ca\\\/product\\\/airpower-xr1-pro-grip-xtreme\\\/#breadcrumb\"},\"inLanguage\":\"fr-CA\",\"potentialAction\":[{\"@type\":\"ReadAction\",\"target\":[\"https:\\\/\\\/staging.safetysourcefire.ca\\\/product\\\/airpower-xr1-pro-grip-xtreme\\\/\"]}]},{\"@type\":\"ImageObject\",\"inLanguage\":\"fr-CA\",\"@id\":\"https:\\\/\\\/staging.safetysourcefire.ca\\\/product\\\/airpower-xr1-pro-grip-xtreme\\\/#primaryimage\",\"url\":\"https:\\\/\\\/staging.safetysourcefire.ca\\\/wp-content\\\/uploads\\\/2024\\\/01\\\/605132M_airpower-xr1-pro-grip-xtreme_medium_webrsSbzVULTVgOX.jpg\",\"contentUrl\":\"https:\\\/\\\/staging.safetysourcefire.ca\\\/wp-content\\\/uploads\\\/2024\\\/01\\\/605132M_airpower-xr1-pro-grip-xtreme_medium_webrsSbzVULTVgOX.jpg\",\"width\":600,\"height\":600,\"caption\":\"XR1 boot\"},{\"@type\":\"BreadcrumbList\",\"@id\":\"https:\\\/\\\/staging.safetysourcefire.ca\\\/product\\\/airpower-xr1-pro-grip-xtreme\\\/#breadcrumb\",\"itemListElement\":[{\"@type\":\"ListItem\",\"position\":1,\"name\":\"Home\",\"item\":\"https:\\\/\\\/staging.safetysourcefire.ca\\\/\"},{\"@type\":\"ListItem\",\"position\":2,\"name\":\"Products\",\"item\":\"https:\\\/\\\/staging.safetysourcefire.ca\\\/shop\\\/\"},{\"@type\":\"ListItem\",\"position\":3,\"name\":\"Airpower XR1 Pro Grip Xtreme\"}]},{\"@type\":\"WebSite\",\"@id\":\"https:\\\/\\\/staging.safetysourcefire.ca\\\/#website\",\"url\":\"https:\\\/\\\/staging.safetysourcefire.ca\\\/\",\"name\":\"Safety Source Fire\",\"description\":\"\",\"publisher\":{\"@id\":\"https:\\\/\\\/staging.safetysourcefire.ca\\\/#organization\"},\"potentialAction\":[{\"@type\":\"SearchAction\",\"target\":{\"@type\":\"EntryPoint\",\"urlTemplate\":\"https:\\\/\\\/staging.safetysourcefire.ca\\\/?s={search_term_string}\"},\"query-input\":{\"@type\":\"PropertyValueSpecification\",\"valueRequired\":true,\"valueName\":\"search_term_string\"}}],\"inLanguage\":\"fr-CA\"},{\"@type\":\"Organization\",\"@id\":\"https:\\\/\\\/staging.safetysourcefire.ca\\\/#organization\",\"name\":\"Safety Source Fire\",\"url\":\"https:\\\/\\\/staging.safetysourcefire.ca\\\/\",\"logo\":{\"@type\":\"ImageObject\",\"inLanguage\":\"fr-CA\",\"@id\":\"https:\\\/\\\/staging.safetysourcefire.ca\\\/#\\\/schema\\\/logo\\\/image\\\/\",\"url\":\"https:\\\/\\\/staging.safetysourcefire.ca\\\/wp-content\\\/uploads\\\/2021\\\/01\\\/SSF_logo_CC0000-3.png\",\"contentUrl\":\"https:\\\/\\\/staging.safetysourcefire.ca\\\/wp-content\\\/uploads\\\/2021\\\/01\\\/SSF_logo_CC0000-3.png\",\"width\":1107,\"height\":365,\"caption\":\"Safety Source Fire\"},\"image\":{\"@id\":\"https:\\\/\\\/staging.safetysourcefire.ca\\\/#\\\/schema\\\/logo\\\/image\\\/\"},\"sameAs\":[\"https:\\\/\\\/www.facebook.com\\\/mmfssca\",\"https:\\\/\\\/x.com\\\/mmfssca\"]}]}<\/script>\n<!-- \/ Yoast SEO plugin. -->","yoast_head_json":{"title":"Airpower XR1 Pro Grip Xtreme - Source de s\u00e9curit\u00e9 incendie","robots":{"index":"noindex","follow":"follow","max-snippet":"max-snippet:-1","max-image-preview":"max-image-preview:large","max-video-preview":"max-video-preview:-1"},"og_locale":"fr_CA","og_type":"article","og_title":"Airpower XR1 Pro Grip Xtreme - Safety Source Fire","og_description":"You save lives. We make sure you stay safe with your NFPA quad-certified Airpower XR1 Pro Grip Xtreme, whether in the station, on an EMS run, on a search and rescue mission or fighting brush fires.","og_url":"https:\/\/staging.safetysourcefire.ca\/fr_ca\/produit\/airpower-xr1-pro-grip-xtreme\/","og_site_name":"Safety Source Fire","article_publisher":"https:\/\/www.facebook.com\/mmfssca","article_modified_time":"2024-01-18T22:38:32+00:00","og_image":[{"width":600,"height":600,"url":"https:\/\/staging.safetysourcefire.ca\/wp-content\/uploads\/2024\/01\/605132M_airpower-xr1-pro-grip-xtreme_medium_webrsSbzVULTVgOX.jpg","type":"image\/jpeg"}],"twitter_card":"summary_large_image","twitter_site":"@mmfssca","twitter_misc":{"Estimation du temps de lecture":"3 minutes"},"schema":{"@context":"https:\/\/schema.org","@graph":[{"@type":"WebPage","@id":"https:\/\/staging.safetysourcefire.ca\/product\/airpower-xr1-pro-grip-xtreme\/","url":"https:\/\/staging.safetysourcefire.ca\/product\/airpower-xr1-pro-grip-xtreme\/","name":"Airpower XR1 Pro Grip Xtreme - Source de s\u00e9curit\u00e9 incendie","isPartOf":{"@id":"https:\/\/staging.safetysourcefire.ca\/#website"},"primaryImageOfPage":{"@id":"https:\/\/staging.safetysourcefire.ca\/product\/airpower-xr1-pro-grip-xtreme\/#primaryimage"},"image":{"@id":"https:\/\/staging.safetysourcefire.ca\/product\/airpower-xr1-pro-grip-xtreme\/#primaryimage"},"thumbnailUrl":"https:\/\/staging.safetysourcefire.ca\/wp-content\/uploads\/2024\/01\/605132M_airpower-xr1-pro-grip-xtreme_medium_webrsSbzVULTVgOX.jpg","datePublished":"2024-01-18T21:21:57+00:00","dateModified":"2024-01-18T22:38:32+00:00","breadcrumb":{"@id":"https:\/\/staging.safetysourcefire.ca\/product\/airpower-xr1-pro-grip-xtreme\/#breadcrumb"},"inLanguage":"fr-CA","potentialAction":[{"@type":"ReadAction","target":["https:\/\/staging.safetysourcefire.ca\/product\/airpower-xr1-pro-grip-xtreme\/"]}]},{"@type":"ImageObject","inLanguage":"fr-CA","@id":"https:\/\/staging.safetysourcefire.ca\/product\/airpower-xr1-pro-grip-xtreme\/#primaryimage","url":"https:\/\/staging.safetysourcefire.ca\/wp-content\/uploads\/2024\/01\/605132M_airpower-xr1-pro-grip-xtreme_medium_webrsSbzVULTVgOX.jpg","contentUrl":"https:\/\/staging.safetysourcefire.ca\/wp-content\/uploads\/2024\/01\/605132M_airpower-xr1-pro-grip-xtreme_medium_webrsSbzVULTVgOX.jpg","width":600,"height":600,"caption":"XR1 boot"},{"@type":"BreadcrumbList","@id":"https:\/\/staging.safetysourcefire.ca\/product\/airpower-xr1-pro-grip-xtreme\/#breadcrumb","itemListElement":[{"@type":"ListItem","position":1,"name":"Home","item":"https:\/\/staging.safetysourcefire.ca\/"},{"@type":"ListItem","position":2,"name":"Products","item":"https:\/\/staging.safetysourcefire.ca\/shop\/"},{"@type":"ListItem","position":3,"name":"Airpower XR1 Pro Grip Xtreme"}]},{"@type":"WebSite","@id":"https:\/\/staging.safetysourcefire.ca\/#website","url":"https:\/\/staging.safetysourcefire.ca\/","name":"Safety Source Fire","description":"","publisher":{"@id":"https:\/\/staging.safetysourcefire.ca\/#organization"},"potentialAction":[{"@type":"SearchAction","target":{"@type":"EntryPoint","urlTemplate":"https:\/\/staging.safetysourcefire.ca\/?s={search_term_string}"},"query-input":{"@type":"PropertyValueSpecification","valueRequired":true,"valueName":"search_term_string"}}],"inLanguage":"fr-CA"},{"@type":"Organization","@id":"https:\/\/staging.safetysourcefire.ca\/#organization","name":"Safety Source Fire","url":"https:\/\/staging.safetysourcefire.ca\/","logo":{"@type":"ImageObject","inLanguage":"fr-CA","@id":"https:\/\/staging.safetysourcefire.ca\/#\/schema\/logo\/image\/","url":"https:\/\/staging.safetysourcefire.ca\/wp-content\/uploads\/2021\/01\/SSF_logo_CC0000-3.png","contentUrl":"https:\/\/staging.safetysourcefire.ca\/wp-content\/uploads\/2021\/01\/SSF_logo_CC0000-3.png","width":1107,"height":365,"caption":"Safety Source Fire"},"image":{"@id":"https:\/\/staging.safetysourcefire.ca\/#\/schema\/logo\/image\/"},"sameAs":["https:\/\/www.facebook.com\/mmfssca","https:\/\/x.com\/mmfssca"]}]}},"_links":{"self":[{"href":"https:\/\/staging.safetysourcefire.ca\/fr_ca\/wp-json\/wp\/v2\/product\/28493","targetHints":{"allow":["GET"]}}],"collection":[{"href":"https:\/\/staging.safetysourcefire.ca\/fr_ca\/wp-json\/wp\/v2\/product"}],"about":[{"href":"https:\/\/staging.safetysourcefire.ca\/fr_ca\/wp-json\/wp\/v2\/types\/product"}],"wp:featuredmedia":[{"embeddable":true,"href":"https:\/\/staging.safetysourcefire.ca\/fr_ca\/wp-json\/wp\/v2\/media\/28496"}],"wp:attachment":[{"href":"https:\/\/staging.safetysourcefire.ca\/fr_ca\/wp-json\/wp\/v2\/media?parent=28493"}],"wp:term":[{"taxonomy":"product_brand","embeddable":true,"href":"https:\/\/staging.safetysourcefire.ca\/fr_ca\/wp-json\/wp\/v2\/product_brand?post=28493"},{"taxonomy":"product_cat","embeddable":true,"href":"https:\/\/staging.safetysourcefire.ca\/fr_ca\/wp-json\/wp\/v2\/product_cat?post=28493"},{"taxonomy":"product_tag","embeddable":true,"href":"https:\/\/staging.safetysourcefire.ca\/fr_ca\/wp-json\/wp\/v2\/product_tag?post=28493"}],"curies":[{"name":"wp","href":"https:\/\/api.w.org\/{rel}","templated":true}]}}