{"id":28319,"date":"2023-11-15T13:13:45","date_gmt":"2023-11-15T13:13:45","guid":{"rendered":"https:\/\/safetysourcefire.ca\/?post_type=product&#038;p=28319"},"modified":"2025-01-01T19:28:34","modified_gmt":"2025-01-01T19:28:34","slug":"aed-plus-2","status":"publish","type":"product","link":"https:\/\/staging.safetysourcefire.ca\/fr_ca\/produit\/aed-plus-2\/","title":{"rendered":"DAE Plus\u00ae"},"content":{"rendered":"<p>Disponible en anglais et en fran\u00e7ais, versions enti\u00e8rement et semi-automatiques<\/p>\n<p><strong>Donner aux secouristes les moyens d\u2019agir gr\u00e2ce \u00e0 la technologie Real CPR Help<\/strong><\/p>\n<p>Les derni\u00e8res directives des conseils de r\u00e9animation du monde entier sont claires : une d\u00e9fibrillation r\u00e9ussie doit \u00eatre accompagn\u00e9e d&#039;une RCP de haute qualit\u00e9. Le d\u00e9fibrillateur AED Plus\u00ae est dot\u00e9 de Real CPR Help\u00ae, qui guide les sauveteurs dans la r\u00e9alisation d&#039;une RCP de haute qualit\u00e9, et d\u00e9livre un choc si n\u00e9cessaire. Si la premi\u00e8re analyse cardiaque du d\u00e9fibrillateur AED Plus ne n\u00e9cessite aucun choc, seule la RCR peut conduire \u00e0 un rythme pouvant faire l&#039;objet d&#039;un choc lors de l&#039;analyse suivante. Le d\u00e9fibrillateur AED Plus continue de d\u00e9finir la r\u00e9f\u00e9rence en mati\u00e8re de conception, de fiabilit\u00e9, de durabilit\u00e9 et de performances.<\/p>\n<p><strong>La survie a plus que doubl\u00e9<\/strong><\/p>\n<p>Dans une vaste \u00e9tude men\u00e9e avec des prestataires EMS en Arizona, la technologie et la formation ZOLL combin\u00e9es ont permis de plus que doubler la survie \u00e0 la sortie de l&#039;h\u00f4pital pour les patients ayant subi un arr\u00eat cardiaque. Cette \u00e9tude a utilis\u00e9 des d\u00e9fibrillateurs professionnels \u00e9quip\u00e9s de la m\u00eame technologie Real CPR Help que celle du d\u00e9fibrillateur AED Plus.1<\/p>\n<p>L&#039;\u00e9tude a r\u00e9v\u00e9l\u00e9 que l&#039;utilisation de Real CPR Help multipliait presque par trois les taux de survie lorsque l&#039;effondrement de la victime \u00e9tait observ\u00e9 par un spectateur et que son rythme cardiaque irr\u00e9gulier \u00e9tait d\u00fb \u00e0 une fibrillation ventriculaire.<\/p>\n<p><strong>AED Plus pour EMS<\/strong><\/p>\n<p>Un feedback int\u00e9gr\u00e9 en temps r\u00e9el fournit des invites visuelles et audio, conseillant aux sauveteurs de \u00ab pousser plus fort \u00bb ou confirmant \u00ab de bonnes compressions \u00bb pour les aider \u00e0 administrer une RCP potentiellement salvatrice.<\/p>\n<p>Caract\u00e9ristiques du d\u00e9fibrillateur ZOLL AED Plus\u00a0:<\/p>\n<ul>\n<li>Technologie Real CPR Help, qui fournit des informations en temps r\u00e9el sur la fr\u00e9quence et la profondeur des compressions thoraciques et aide les sauveteurs avec des invites textuelles, vocales et visuelles int\u00e9gr\u00e9es.<\/li>\n<li>Batterie et \u00e9lectrodes de cinq ans pour moins de remplacements, une meilleure pr\u00e9paration et un faible co\u00fbt total de possession.<\/li>\n<li>La gestion du programme DAE PlusTrac\u2122 en option garantit que votre DAE est pr\u00eat \u00e0 fonctionner en cas de besoin.<\/li>\n<\/ul>\n<p><a href=\"https:\/\/www.zoll.com\/-\/media\/uploadedfiles\/public_site\/markets\/public_safety\/literature\/zoll-aed-3-brochure-aha-english.ashx\">T\u00e9l\u00e9chargez la brochure<\/a><\/p>\n<p style=\"text-align: center;\"><iframe class=\"youtube-video\" title=\"lecteur vid\u00e9o YouTube\" src=\"https:\/\/www.youtube.com\/embed\/7inIN1HOXWA?si=vCrkwg73WcAA8R-U\" frameborder=\"0\" allowfullscreen=\"allowfullscreen\"><\/iframe><\/p>","protected":false},"excerpt":{"rendered":"<p>Le d\u00e9fibrillateur AED Plus guidera les sauveteurs tout au long du processus de r\u00e9alisation d\u2019une RCP de haute qualit\u00e9 et, si n\u00e9cessaire, d\u00e9livrera un choc cardiaque potentiellement vital.<\/p>","protected":false},"featured_media":28320,"template":"","meta":[],"product_brand":[172],"product_cat":[115,49],"product_tag":[363],"class_list":{"0":"post-28319","1":"product","2":"type-product","3":"status-publish","4":"has-post-thumbnail","6":"product_brand-zoll","7":"product_cat-defibrillators","8":"product_cat-medical","9":"product_tag-zoll","11":"first","12":"instock","13":"featured","14":"shipping-taxable","15":"product-type-simple"},"yoast_head":"<!-- This site is optimized with the Yoast SEO plugin v27.4 - https:\/\/yoast.com\/product\/yoast-seo-wordpress\/ -->\n<title>AED Plus\u00ae - Safety Source Fire<\/title>\n<meta name=\"robots\" content=\"noindex, follow, max-snippet:-1, max-image-preview:large, max-video-preview:-1\" \/>\n<meta property=\"og:locale\" content=\"fr_CA\" \/>\n<meta property=\"og:type\" content=\"article\" \/>\n<meta property=\"og:title\" content=\"AED Plus\u00ae - Safety Source Fire\" \/>\n<meta property=\"og:description\" content=\"The AED Plus defibrillator will guide rescuers through the process of performing high-quality CPR, and if needed, deliver a potentially lifesaving shock to the heart.\" \/>\n<meta property=\"og:url\" content=\"https:\/\/staging.safetysourcefire.ca\/fr_ca\/produit\/aed-plus-2\/\" \/>\n<meta property=\"og:site_name\" content=\"Safety Source Fire\" \/>\n<meta property=\"article:publisher\" content=\"https:\/\/www.facebook.com\/mmfssca\" \/>\n<meta property=\"article:modified_time\" content=\"2025-01-01T19:28:34+00:00\" \/>\n<meta property=\"og:image\" content=\"https:\/\/staging.safetysourcefire.ca\/wp-content\/uploads\/2023\/11\/aedplus_EMS_studio_frontleft_web.jpg\" \/>\n\t<meta property=\"og:image:width\" content=\"600\" \/>\n\t<meta property=\"og:image:height\" content=\"600\" \/>\n\t<meta property=\"og:image:type\" content=\"image\/jpeg\" \/>\n<meta name=\"twitter:card\" content=\"summary_large_image\" \/>\n<meta name=\"twitter:site\" content=\"@mmfssca\" \/>\n<meta name=\"twitter:label1\" content=\"Estimation du temps de lecture\" \/>\n\t<meta name=\"twitter:data1\" content=\"2 minutes\" \/>\n<script type=\"application\/ld+json\" class=\"yoast-schema-graph\">{\"@context\":\"https:\\\/\\\/schema.org\",\"@graph\":[{\"@type\":\"WebPage\",\"@id\":\"https:\\\/\\\/staging.safetysourcefire.ca\\\/product\\\/aed-plus-2\\\/\",\"url\":\"https:\\\/\\\/staging.safetysourcefire.ca\\\/product\\\/aed-plus-2\\\/\",\"name\":\"AED Plus\u00ae - Safety Source Fire\",\"isPartOf\":{\"@id\":\"https:\\\/\\\/staging.safetysourcefire.ca\\\/#website\"},\"primaryImageOfPage\":{\"@id\":\"https:\\\/\\\/staging.safetysourcefire.ca\\\/product\\\/aed-plus-2\\\/#primaryimage\"},\"image\":{\"@id\":\"https:\\\/\\\/staging.safetysourcefire.ca\\\/product\\\/aed-plus-2\\\/#primaryimage\"},\"thumbnailUrl\":\"https:\\\/\\\/staging.safetysourcefire.ca\\\/wp-content\\\/uploads\\\/2023\\\/11\\\/aedplus_EMS_studio_frontleft_web.jpg\",\"datePublished\":\"2023-11-15T13:13:45+00:00\",\"dateModified\":\"2025-01-01T19:28:34+00:00\",\"breadcrumb\":{\"@id\":\"https:\\\/\\\/staging.safetysourcefire.ca\\\/product\\\/aed-plus-2\\\/#breadcrumb\"},\"inLanguage\":\"fr-CA\",\"potentialAction\":[{\"@type\":\"ReadAction\",\"target\":[\"https:\\\/\\\/staging.safetysourcefire.ca\\\/product\\\/aed-plus-2\\\/\"]}]},{\"@type\":\"ImageObject\",\"inLanguage\":\"fr-CA\",\"@id\":\"https:\\\/\\\/staging.safetysourcefire.ca\\\/product\\\/aed-plus-2\\\/#primaryimage\",\"url\":\"https:\\\/\\\/staging.safetysourcefire.ca\\\/wp-content\\\/uploads\\\/2023\\\/11\\\/aedplus_EMS_studio_frontleft_web.jpg\",\"contentUrl\":\"https:\\\/\\\/staging.safetysourcefire.ca\\\/wp-content\\\/uploads\\\/2023\\\/11\\\/aedplus_EMS_studio_frontleft_web.jpg\",\"width\":600,\"height\":600,\"caption\":\"AED Plus\"},{\"@type\":\"BreadcrumbList\",\"@id\":\"https:\\\/\\\/staging.safetysourcefire.ca\\\/product\\\/aed-plus-2\\\/#breadcrumb\",\"itemListElement\":[{\"@type\":\"ListItem\",\"position\":1,\"name\":\"Home\",\"item\":\"https:\\\/\\\/staging.safetysourcefire.ca\\\/\"},{\"@type\":\"ListItem\",\"position\":2,\"name\":\"Products\",\"item\":\"https:\\\/\\\/staging.safetysourcefire.ca\\\/shop\\\/\"},{\"@type\":\"ListItem\",\"position\":3,\"name\":\"AED Plus\u00ae\"}]},{\"@type\":\"WebSite\",\"@id\":\"https:\\\/\\\/staging.safetysourcefire.ca\\\/#website\",\"url\":\"https:\\\/\\\/staging.safetysourcefire.ca\\\/\",\"name\":\"Safety Source Fire\",\"description\":\"\",\"publisher\":{\"@id\":\"https:\\\/\\\/staging.safetysourcefire.ca\\\/#organization\"},\"potentialAction\":[{\"@type\":\"SearchAction\",\"target\":{\"@type\":\"EntryPoint\",\"urlTemplate\":\"https:\\\/\\\/staging.safetysourcefire.ca\\\/?s={search_term_string}\"},\"query-input\":{\"@type\":\"PropertyValueSpecification\",\"valueRequired\":true,\"valueName\":\"search_term_string\"}}],\"inLanguage\":\"fr-CA\"},{\"@type\":\"Organization\",\"@id\":\"https:\\\/\\\/staging.safetysourcefire.ca\\\/#organization\",\"name\":\"Safety Source Fire\",\"url\":\"https:\\\/\\\/staging.safetysourcefire.ca\\\/\",\"logo\":{\"@type\":\"ImageObject\",\"inLanguage\":\"fr-CA\",\"@id\":\"https:\\\/\\\/staging.safetysourcefire.ca\\\/#\\\/schema\\\/logo\\\/image\\\/\",\"url\":\"https:\\\/\\\/staging.safetysourcefire.ca\\\/wp-content\\\/uploads\\\/2021\\\/01\\\/SSF_logo_CC0000-3.png\",\"contentUrl\":\"https:\\\/\\\/staging.safetysourcefire.ca\\\/wp-content\\\/uploads\\\/2021\\\/01\\\/SSF_logo_CC0000-3.png\",\"width\":1107,\"height\":365,\"caption\":\"Safety Source Fire\"},\"image\":{\"@id\":\"https:\\\/\\\/staging.safetysourcefire.ca\\\/#\\\/schema\\\/logo\\\/image\\\/\"},\"sameAs\":[\"https:\\\/\\\/www.facebook.com\\\/mmfssca\",\"https:\\\/\\\/x.com\\\/mmfssca\"]}]}<\/script>\n<!-- \/ Yoast SEO plugin. -->","yoast_head_json":{"title":"AED Plus\u00ae - Source de s\u00e9curit\u00e9 incendie","robots":{"index":"noindex","follow":"follow","max-snippet":"max-snippet:-1","max-image-preview":"max-image-preview:large","max-video-preview":"max-video-preview:-1"},"og_locale":"fr_CA","og_type":"article","og_title":"AED Plus\u00ae - Safety Source Fire","og_description":"The AED Plus defibrillator will guide rescuers through the process of performing high-quality CPR, and if needed, deliver a potentially lifesaving shock to the heart.","og_url":"https:\/\/staging.safetysourcefire.ca\/fr_ca\/produit\/aed-plus-2\/","og_site_name":"Safety Source Fire","article_publisher":"https:\/\/www.facebook.com\/mmfssca","article_modified_time":"2025-01-01T19:28:34+00:00","og_image":[{"width":600,"height":600,"url":"https:\/\/staging.safetysourcefire.ca\/wp-content\/uploads\/2023\/11\/aedplus_EMS_studio_frontleft_web.jpg","type":"image\/jpeg"}],"twitter_card":"summary_large_image","twitter_site":"@mmfssca","twitter_misc":{"Estimation du temps de lecture":"2 minutes"},"schema":{"@context":"https:\/\/schema.org","@graph":[{"@type":"WebPage","@id":"https:\/\/staging.safetysourcefire.ca\/product\/aed-plus-2\/","url":"https:\/\/staging.safetysourcefire.ca\/product\/aed-plus-2\/","name":"AED Plus\u00ae - Source de s\u00e9curit\u00e9 incendie","isPartOf":{"@id":"https:\/\/staging.safetysourcefire.ca\/#website"},"primaryImageOfPage":{"@id":"https:\/\/staging.safetysourcefire.ca\/product\/aed-plus-2\/#primaryimage"},"image":{"@id":"https:\/\/staging.safetysourcefire.ca\/product\/aed-plus-2\/#primaryimage"},"thumbnailUrl":"https:\/\/staging.safetysourcefire.ca\/wp-content\/uploads\/2023\/11\/aedplus_EMS_studio_frontleft_web.jpg","datePublished":"2023-11-15T13:13:45+00:00","dateModified":"2025-01-01T19:28:34+00:00","breadcrumb":{"@id":"https:\/\/staging.safetysourcefire.ca\/product\/aed-plus-2\/#breadcrumb"},"inLanguage":"fr-CA","potentialAction":[{"@type":"ReadAction","target":["https:\/\/staging.safetysourcefire.ca\/product\/aed-plus-2\/"]}]},{"@type":"ImageObject","inLanguage":"fr-CA","@id":"https:\/\/staging.safetysourcefire.ca\/product\/aed-plus-2\/#primaryimage","url":"https:\/\/staging.safetysourcefire.ca\/wp-content\/uploads\/2023\/11\/aedplus_EMS_studio_frontleft_web.jpg","contentUrl":"https:\/\/staging.safetysourcefire.ca\/wp-content\/uploads\/2023\/11\/aedplus_EMS_studio_frontleft_web.jpg","width":600,"height":600,"caption":"AED Plus"},{"@type":"BreadcrumbList","@id":"https:\/\/staging.safetysourcefire.ca\/product\/aed-plus-2\/#breadcrumb","itemListElement":[{"@type":"ListItem","position":1,"name":"Home","item":"https:\/\/staging.safetysourcefire.ca\/"},{"@type":"ListItem","position":2,"name":"Products","item":"https:\/\/staging.safetysourcefire.ca\/shop\/"},{"@type":"ListItem","position":3,"name":"AED Plus\u00ae"}]},{"@type":"WebSite","@id":"https:\/\/staging.safetysourcefire.ca\/#website","url":"https:\/\/staging.safetysourcefire.ca\/","name":"Safety Source Fire","description":"","publisher":{"@id":"https:\/\/staging.safetysourcefire.ca\/#organization"},"potentialAction":[{"@type":"SearchAction","target":{"@type":"EntryPoint","urlTemplate":"https:\/\/staging.safetysourcefire.ca\/?s={search_term_string}"},"query-input":{"@type":"PropertyValueSpecification","valueRequired":true,"valueName":"search_term_string"}}],"inLanguage":"fr-CA"},{"@type":"Organization","@id":"https:\/\/staging.safetysourcefire.ca\/#organization","name":"Safety Source Fire","url":"https:\/\/staging.safetysourcefire.ca\/","logo":{"@type":"ImageObject","inLanguage":"fr-CA","@id":"https:\/\/staging.safetysourcefire.ca\/#\/schema\/logo\/image\/","url":"https:\/\/staging.safetysourcefire.ca\/wp-content\/uploads\/2021\/01\/SSF_logo_CC0000-3.png","contentUrl":"https:\/\/staging.safetysourcefire.ca\/wp-content\/uploads\/2021\/01\/SSF_logo_CC0000-3.png","width":1107,"height":365,"caption":"Safety Source Fire"},"image":{"@id":"https:\/\/staging.safetysourcefire.ca\/#\/schema\/logo\/image\/"},"sameAs":["https:\/\/www.facebook.com\/mmfssca","https:\/\/x.com\/mmfssca"]}]}},"_links":{"self":[{"href":"https:\/\/staging.safetysourcefire.ca\/fr_ca\/wp-json\/wp\/v2\/product\/28319","targetHints":{"allow":["GET"]}}],"collection":[{"href":"https:\/\/staging.safetysourcefire.ca\/fr_ca\/wp-json\/wp\/v2\/product"}],"about":[{"href":"https:\/\/staging.safetysourcefire.ca\/fr_ca\/wp-json\/wp\/v2\/types\/product"}],"wp:featuredmedia":[{"embeddable":true,"href":"https:\/\/staging.safetysourcefire.ca\/fr_ca\/wp-json\/wp\/v2\/media\/28320"}],"wp:attachment":[{"href":"https:\/\/staging.safetysourcefire.ca\/fr_ca\/wp-json\/wp\/v2\/media?parent=28319"}],"wp:term":[{"taxonomy":"product_brand","embeddable":true,"href":"https:\/\/staging.safetysourcefire.ca\/fr_ca\/wp-json\/wp\/v2\/product_brand?post=28319"},{"taxonomy":"product_cat","embeddable":true,"href":"https:\/\/staging.safetysourcefire.ca\/fr_ca\/wp-json\/wp\/v2\/product_cat?post=28319"},{"taxonomy":"product_tag","embeddable":true,"href":"https:\/\/staging.safetysourcefire.ca\/fr_ca\/wp-json\/wp\/v2\/product_tag?post=28319"}],"curies":[{"name":"wp","href":"https:\/\/api.w.org\/{rel}","templated":true}]}}