{"id":28315,"date":"2023-11-15T12:55:01","date_gmt":"2023-11-15T12:55:01","guid":{"rendered":"https:\/\/safetysourcefire.ca\/?post_type=product&#038;p=28315"},"modified":"2023-11-15T13:47:19","modified_gmt":"2023-11-15T13:47:19","slug":"aed-3-bls","status":"publish","type":"product","link":"https:\/\/staging.safetysourcefire.ca\/fr_ca\/produit\/aed-3-bls\/","title":{"rendered":"AED 3\u00ae BLS"},"content":{"rendered":"<p>Disponible en anglais et en fran\u00e7ais, versions enti\u00e8rement et semi-automatiques<\/p>\n<p><strong>Con\u00e7u pour les sauveteurs professionnels<\/strong><\/p>\n<p>Con\u00e7u pour les sauveteurs professionnels, le d\u00e9fibrillateur ZOLL AED 3 BLS offre une assistance de sauvetage approfondie aux adultes et aux enfants victimes d&#039;un arr\u00eat cardiaque soudain (ACS).<\/p>\n<p>Les DAE ZOLL \u00e9tablissent la r\u00e9f\u00e9rence en mati\u00e8re de fiabilit\u00e9 et de fiabilit\u00e9, permettant aux sauveteurs du monde entier de contribuer \u00e0 sauver des vies.<\/p>\n<p><strong>Aide r\u00e9elle pour le RCR<\/strong><\/p>\n<p>Le d\u00e9fibrillateur ZOLL AED 3 BLS fournit Real CPR Help\u00ae, qui aide les prestataires \u00e0 fournir une RCP de haute qualit\u00e9 en fournissant un retour audio et en affichant la profondeur et la fr\u00e9quence r\u00e9elles de chaque compression sur le CPR Dashboard\u2122.<\/p>\n<p>Le tableau de bord de RCP affiche \u00e9galement le temps \u00e9coul\u00e9, le compte \u00e0 rebours du cycle de RCP et les chocs d\u00e9livr\u00e9s. Le retour de RCP en temps r\u00e9el indique de mani\u00e8re visible et audible lorsque les sauveteurs administrent une RCP de haute qualit\u00e9.<\/p>\n<p>&quot;Les d\u00e9fibrillateurs ZOLL \u00e9quip\u00e9s de Real CPR Help - fournissant un retour d&#039;information en temps r\u00e9el sur la profondeur et la fr\u00e9quence des compressions thoraciques - combin\u00e9s \u00e0 un entra\u00eenement ont plus que doubl\u00e9 les chances de survie apr\u00e8s un arr\u00eat cardiaque.&quot;<br \/>\n-Bobrow B, et al. Annales de m\u00e9decine d&#039;urgence. Juillet 2013; 62(1) : 47-56. 31<\/p>\n<p><strong>Secours p\u00e9diatrique int\u00e9gr\u00e9<\/strong><\/p>\n<p>Le r\u00e9glage du mode enfant et les \u00e9lectrodes* du d\u00e9fibrillateur ZOLL AED 3 BLS con\u00e7ues pour la p\u00e9diatrie facilitent les sauvetages p\u00e9diatriques.<\/p>\n<p>L&#039;algorithme sp\u00e9cifique \u00e0 la p\u00e9diatrie de ZOLL analyse et d\u00e9livre une th\u00e9rapie adapt\u00e9e \u00e0 l&#039;enfant sans utiliser d&#039;att\u00e9nuateur.<\/p>\n<p>*\u00c9tats-Unis\u00a0: Pedi-padz<br \/>\nInternational : Unipadz<\/p>\n<p><strong>AED 3 BLS pour EMS<\/strong><\/p>\n<p>La pause de 8 secondes avant le choc entre les cycles de compression du d\u00e9fibrillateur ZOLL AED 3 BLS est parmi les plus courtes de l&#039;industrie, ce qui en fait l&#039;un des appareils les plus rapides \u00e0 d\u00e9livrer un choc. La r\u00e9duction des pauses permet une RCP continue qui sauve des vies, am\u00e9liore la qualit\u00e9 de la RCP et peut am\u00e9liorer les r\u00e9sultats pour les patients en cas d&#039;arr\u00eat cardiaque soudain.<\/p>\n<p><strong>Conception robuste \u2013 con\u00e7ue pour g\u00e9rer les environnements extr\u00eames<\/strong><\/p>\n<p>Le d\u00e9fibrillateur ZOLL AED 3 BLS est con\u00e7u pour r\u00e9sister aux environnements extr\u00eames dans lesquels travaillent souvent les secouristes professionnels. Avec un indice de protection IP (indice de protection) de 55 et un test de chute de 1 m\u00e8tre, le ZOLL AED 3 BLS est hautement imperm\u00e9able \u00e0 l&#039;humidit\u00e9, \u00e0 la poussi\u00e8re et aux manipulations brutales.<\/p>\n<p><strong>Faible co\u00fbt total de possession<\/strong><\/p>\n<p>ZOLL AED 3 BLS comprend une batterie d&#039;une dur\u00e9e de vie de cinq ans et offre une garantie sur l&#039;appareil de huit ans. La garantie standard pour un d\u00e9fibrillateur ZOLL AED 3 BLS est de six ans \u00e0 compter de la date d&#039;exp\u00e9dition originale de ZOLL. Remplir le formulaire d&#039;enregistrement (num\u00e9ro de s\u00e9rie requis) pour votre appareil prolonge la garantie standard de six \u00e0 huit ans sans frais suppl\u00e9mentaires, ce qui entra\u00eene moins de remplacements, une meilleure pr\u00e9paration et un faible co\u00fbt total de possession.<\/p>\n<p>La connectivit\u00e9 WiFi \u00e0 RescueNet CaseReview vous permet de consulter les d\u00e9tails d&#039;un arr\u00eat cardiaque soudain, ainsi que les soins prodigu\u00e9s, alors que les d\u00e9tails sont encore r\u00e9cents.<\/p>\n<p><a href=\"https:\/\/www.zoll.com\/-\/media\/uploadedfiles\/public_site\/markets\/public_safety\/literature\/zoll-aed-3-brochure-aha-english.ashx\">T\u00e9l\u00e9chargez la brochure<\/a><\/p>\n<p style=\"text-align: center;\"><iframe class=\"youtube-video\" title=\"lecteur vid\u00e9o YouTube\" src=\"https:\/\/www.youtube.com\/embed\/7inIN1HOXWA?si=Rf82p4zL7S36c2cS\" frameborder=\"0\" allowfullscreen=\"allowfullscreen\"><\/iframe><\/p>\n<p>&nbsp;<\/p>","protected":false},"excerpt":{"rendered":"<p>Le d\u00e9fibrillateur ZOLL AED 3\u00ae BLS offre une assistance de secours de haute qualit\u00e9 aux victimes d&#039;arr\u00eat cardiaque soudain, adultes et p\u00e9diatriques.<\/p>","protected":false},"featured_media":28316,"template":"","meta":[],"product_brand":[172],"product_cat":[115,49],"product_tag":[363],"class_list":{"0":"post-28315","1":"product","2":"type-product","3":"status-publish","4":"has-post-thumbnail","6":"product_brand-zoll","7":"product_cat-defibrillators","8":"product_cat-medical","9":"product_tag-zoll","11":"first","12":"instock","13":"shipping-taxable","14":"product-type-simple"},"yoast_head":"<!-- This site is optimized with the Yoast SEO plugin v27.4 - https:\/\/yoast.com\/product\/yoast-seo-wordpress\/ -->\n<title>AED 3\u00ae BLS - Safety Source Fire<\/title>\n<meta name=\"robots\" content=\"noindex, follow, max-snippet:-1, max-image-preview:large, max-video-preview:-1\" \/>\n<meta property=\"og:locale\" content=\"fr_CA\" \/>\n<meta property=\"og:type\" content=\"article\" \/>\n<meta property=\"og:title\" content=\"AED 3\u00ae BLS - Safety Source Fire\" \/>\n<meta property=\"og:description\" content=\"The ZOLL AED 3\u00ae BLS defibrillator provides high-quality rescue support for both adult and pediatric sudden cardiac arrest victims.\" \/>\n<meta property=\"og:url\" content=\"https:\/\/staging.safetysourcefire.ca\/fr_ca\/produit\/aed-3-bls\/\" \/>\n<meta property=\"og:site_name\" content=\"Safety Source Fire\" \/>\n<meta property=\"article:publisher\" content=\"https:\/\/www.facebook.com\/mmfssca\" \/>\n<meta property=\"article:modified_time\" content=\"2023-11-15T13:47:19+00:00\" \/>\n<meta property=\"og:image\" content=\"https:\/\/staging.safetysourcefire.ca\/wp-content\/uploads\/2023\/11\/AED3_statpadz_BLS_DV_RT_goodcomp_232x178.jpg\" \/>\n\t<meta property=\"og:image:width\" content=\"600\" \/>\n\t<meta property=\"og:image:height\" content=\"600\" \/>\n\t<meta property=\"og:image:type\" content=\"image\/jpeg\" \/>\n<meta name=\"twitter:card\" content=\"summary_large_image\" \/>\n<meta name=\"twitter:site\" content=\"@mmfssca\" \/>\n<meta name=\"twitter:label1\" content=\"Estimation du temps de lecture\" \/>\n\t<meta name=\"twitter:data1\" content=\"2 minutes\" \/>\n<script type=\"application\/ld+json\" class=\"yoast-schema-graph\">{\"@context\":\"https:\\\/\\\/schema.org\",\"@graph\":[{\"@type\":\"WebPage\",\"@id\":\"https:\\\/\\\/staging.safetysourcefire.ca\\\/product\\\/aed-3-bls\\\/\",\"url\":\"https:\\\/\\\/staging.safetysourcefire.ca\\\/product\\\/aed-3-bls\\\/\",\"name\":\"AED 3\u00ae BLS - Safety Source Fire\",\"isPartOf\":{\"@id\":\"https:\\\/\\\/staging.safetysourcefire.ca\\\/#website\"},\"primaryImageOfPage\":{\"@id\":\"https:\\\/\\\/staging.safetysourcefire.ca\\\/product\\\/aed-3-bls\\\/#primaryimage\"},\"image\":{\"@id\":\"https:\\\/\\\/staging.safetysourcefire.ca\\\/product\\\/aed-3-bls\\\/#primaryimage\"},\"thumbnailUrl\":\"https:\\\/\\\/staging.safetysourcefire.ca\\\/wp-content\\\/uploads\\\/2023\\\/11\\\/AED3_statpadz_BLS_DV_RT_goodcomp_232x178.jpg\",\"datePublished\":\"2023-11-15T12:55:01+00:00\",\"dateModified\":\"2023-11-15T13:47:19+00:00\",\"breadcrumb\":{\"@id\":\"https:\\\/\\\/staging.safetysourcefire.ca\\\/product\\\/aed-3-bls\\\/#breadcrumb\"},\"inLanguage\":\"fr-CA\",\"potentialAction\":[{\"@type\":\"ReadAction\",\"target\":[\"https:\\\/\\\/staging.safetysourcefire.ca\\\/product\\\/aed-3-bls\\\/\"]}]},{\"@type\":\"ImageObject\",\"inLanguage\":\"fr-CA\",\"@id\":\"https:\\\/\\\/staging.safetysourcefire.ca\\\/product\\\/aed-3-bls\\\/#primaryimage\",\"url\":\"https:\\\/\\\/staging.safetysourcefire.ca\\\/wp-content\\\/uploads\\\/2023\\\/11\\\/AED3_statpadz_BLS_DV_RT_goodcomp_232x178.jpg\",\"contentUrl\":\"https:\\\/\\\/staging.safetysourcefire.ca\\\/wp-content\\\/uploads\\\/2023\\\/11\\\/AED3_statpadz_BLS_DV_RT_goodcomp_232x178.jpg\",\"width\":600,\"height\":600,\"caption\":\"AED3\"},{\"@type\":\"BreadcrumbList\",\"@id\":\"https:\\\/\\\/staging.safetysourcefire.ca\\\/product\\\/aed-3-bls\\\/#breadcrumb\",\"itemListElement\":[{\"@type\":\"ListItem\",\"position\":1,\"name\":\"Home\",\"item\":\"https:\\\/\\\/staging.safetysourcefire.ca\\\/\"},{\"@type\":\"ListItem\",\"position\":2,\"name\":\"Products\",\"item\":\"https:\\\/\\\/staging.safetysourcefire.ca\\\/shop\\\/\"},{\"@type\":\"ListItem\",\"position\":3,\"name\":\"AED 3\u00ae BLS\"}]},{\"@type\":\"WebSite\",\"@id\":\"https:\\\/\\\/staging.safetysourcefire.ca\\\/#website\",\"url\":\"https:\\\/\\\/staging.safetysourcefire.ca\\\/\",\"name\":\"Safety Source Fire\",\"description\":\"\",\"publisher\":{\"@id\":\"https:\\\/\\\/staging.safetysourcefire.ca\\\/#organization\"},\"potentialAction\":[{\"@type\":\"SearchAction\",\"target\":{\"@type\":\"EntryPoint\",\"urlTemplate\":\"https:\\\/\\\/staging.safetysourcefire.ca\\\/?s={search_term_string}\"},\"query-input\":{\"@type\":\"PropertyValueSpecification\",\"valueRequired\":true,\"valueName\":\"search_term_string\"}}],\"inLanguage\":\"fr-CA\"},{\"@type\":\"Organization\",\"@id\":\"https:\\\/\\\/staging.safetysourcefire.ca\\\/#organization\",\"name\":\"Safety Source Fire\",\"url\":\"https:\\\/\\\/staging.safetysourcefire.ca\\\/\",\"logo\":{\"@type\":\"ImageObject\",\"inLanguage\":\"fr-CA\",\"@id\":\"https:\\\/\\\/staging.safetysourcefire.ca\\\/#\\\/schema\\\/logo\\\/image\\\/\",\"url\":\"https:\\\/\\\/staging.safetysourcefire.ca\\\/wp-content\\\/uploads\\\/2021\\\/01\\\/SSF_logo_CC0000-3.png\",\"contentUrl\":\"https:\\\/\\\/staging.safetysourcefire.ca\\\/wp-content\\\/uploads\\\/2021\\\/01\\\/SSF_logo_CC0000-3.png\",\"width\":1107,\"height\":365,\"caption\":\"Safety Source Fire\"},\"image\":{\"@id\":\"https:\\\/\\\/staging.safetysourcefire.ca\\\/#\\\/schema\\\/logo\\\/image\\\/\"},\"sameAs\":[\"https:\\\/\\\/www.facebook.com\\\/mmfssca\",\"https:\\\/\\\/x.com\\\/mmfssca\"]}]}<\/script>\n<!-- \/ Yoast SEO plugin. -->","yoast_head_json":{"title":"AED 3\u00ae BLS - Source de s\u00e9curit\u00e9 incendie","robots":{"index":"noindex","follow":"follow","max-snippet":"max-snippet:-1","max-image-preview":"max-image-preview:large","max-video-preview":"max-video-preview:-1"},"og_locale":"fr_CA","og_type":"article","og_title":"AED 3\u00ae BLS - Safety Source Fire","og_description":"The ZOLL AED 3\u00ae BLS defibrillator provides high-quality rescue support for both adult and pediatric sudden cardiac arrest victims.","og_url":"https:\/\/staging.safetysourcefire.ca\/fr_ca\/produit\/aed-3-bls\/","og_site_name":"Safety Source Fire","article_publisher":"https:\/\/www.facebook.com\/mmfssca","article_modified_time":"2023-11-15T13:47:19+00:00","og_image":[{"width":600,"height":600,"url":"https:\/\/staging.safetysourcefire.ca\/wp-content\/uploads\/2023\/11\/AED3_statpadz_BLS_DV_RT_goodcomp_232x178.jpg","type":"image\/jpeg"}],"twitter_card":"summary_large_image","twitter_site":"@mmfssca","twitter_misc":{"Estimation du temps de lecture":"2 minutes"},"schema":{"@context":"https:\/\/schema.org","@graph":[{"@type":"WebPage","@id":"https:\/\/staging.safetysourcefire.ca\/product\/aed-3-bls\/","url":"https:\/\/staging.safetysourcefire.ca\/product\/aed-3-bls\/","name":"AED 3\u00ae BLS - Source de s\u00e9curit\u00e9 incendie","isPartOf":{"@id":"https:\/\/staging.safetysourcefire.ca\/#website"},"primaryImageOfPage":{"@id":"https:\/\/staging.safetysourcefire.ca\/product\/aed-3-bls\/#primaryimage"},"image":{"@id":"https:\/\/staging.safetysourcefire.ca\/product\/aed-3-bls\/#primaryimage"},"thumbnailUrl":"https:\/\/staging.safetysourcefire.ca\/wp-content\/uploads\/2023\/11\/AED3_statpadz_BLS_DV_RT_goodcomp_232x178.jpg","datePublished":"2023-11-15T12:55:01+00:00","dateModified":"2023-11-15T13:47:19+00:00","breadcrumb":{"@id":"https:\/\/staging.safetysourcefire.ca\/product\/aed-3-bls\/#breadcrumb"},"inLanguage":"fr-CA","potentialAction":[{"@type":"ReadAction","target":["https:\/\/staging.safetysourcefire.ca\/product\/aed-3-bls\/"]}]},{"@type":"ImageObject","inLanguage":"fr-CA","@id":"https:\/\/staging.safetysourcefire.ca\/product\/aed-3-bls\/#primaryimage","url":"https:\/\/staging.safetysourcefire.ca\/wp-content\/uploads\/2023\/11\/AED3_statpadz_BLS_DV_RT_goodcomp_232x178.jpg","contentUrl":"https:\/\/staging.safetysourcefire.ca\/wp-content\/uploads\/2023\/11\/AED3_statpadz_BLS_DV_RT_goodcomp_232x178.jpg","width":600,"height":600,"caption":"AED3"},{"@type":"BreadcrumbList","@id":"https:\/\/staging.safetysourcefire.ca\/product\/aed-3-bls\/#breadcrumb","itemListElement":[{"@type":"ListItem","position":1,"name":"Home","item":"https:\/\/staging.safetysourcefire.ca\/"},{"@type":"ListItem","position":2,"name":"Products","item":"https:\/\/staging.safetysourcefire.ca\/shop\/"},{"@type":"ListItem","position":3,"name":"AED 3\u00ae BLS"}]},{"@type":"WebSite","@id":"https:\/\/staging.safetysourcefire.ca\/#website","url":"https:\/\/staging.safetysourcefire.ca\/","name":"Safety Source Fire","description":"","publisher":{"@id":"https:\/\/staging.safetysourcefire.ca\/#organization"},"potentialAction":[{"@type":"SearchAction","target":{"@type":"EntryPoint","urlTemplate":"https:\/\/staging.safetysourcefire.ca\/?s={search_term_string}"},"query-input":{"@type":"PropertyValueSpecification","valueRequired":true,"valueName":"search_term_string"}}],"inLanguage":"fr-CA"},{"@type":"Organization","@id":"https:\/\/staging.safetysourcefire.ca\/#organization","name":"Safety Source Fire","url":"https:\/\/staging.safetysourcefire.ca\/","logo":{"@type":"ImageObject","inLanguage":"fr-CA","@id":"https:\/\/staging.safetysourcefire.ca\/#\/schema\/logo\/image\/","url":"https:\/\/staging.safetysourcefire.ca\/wp-content\/uploads\/2021\/01\/SSF_logo_CC0000-3.png","contentUrl":"https:\/\/staging.safetysourcefire.ca\/wp-content\/uploads\/2021\/01\/SSF_logo_CC0000-3.png","width":1107,"height":365,"caption":"Safety Source Fire"},"image":{"@id":"https:\/\/staging.safetysourcefire.ca\/#\/schema\/logo\/image\/"},"sameAs":["https:\/\/www.facebook.com\/mmfssca","https:\/\/x.com\/mmfssca"]}]}},"_links":{"self":[{"href":"https:\/\/staging.safetysourcefire.ca\/fr_ca\/wp-json\/wp\/v2\/product\/28315","targetHints":{"allow":["GET"]}}],"collection":[{"href":"https:\/\/staging.safetysourcefire.ca\/fr_ca\/wp-json\/wp\/v2\/product"}],"about":[{"href":"https:\/\/staging.safetysourcefire.ca\/fr_ca\/wp-json\/wp\/v2\/types\/product"}],"wp:featuredmedia":[{"embeddable":true,"href":"https:\/\/staging.safetysourcefire.ca\/fr_ca\/wp-json\/wp\/v2\/media\/28316"}],"wp:attachment":[{"href":"https:\/\/staging.safetysourcefire.ca\/fr_ca\/wp-json\/wp\/v2\/media?parent=28315"}],"wp:term":[{"taxonomy":"product_brand","embeddable":true,"href":"https:\/\/staging.safetysourcefire.ca\/fr_ca\/wp-json\/wp\/v2\/product_brand?post=28315"},{"taxonomy":"product_cat","embeddable":true,"href":"https:\/\/staging.safetysourcefire.ca\/fr_ca\/wp-json\/wp\/v2\/product_cat?post=28315"},{"taxonomy":"product_tag","embeddable":true,"href":"https:\/\/staging.safetysourcefire.ca\/fr_ca\/wp-json\/wp\/v2\/product_tag?post=28315"}],"curies":[{"name":"wp","href":"https:\/\/api.w.org\/{rel}","templated":true}]}}