{"id":2828,"date":"2017-06-14T00:48:28","date_gmt":"2017-06-14T00:48:28","guid":{"rendered":"http:\/\/mmfss.ca\/?post_type=product&#038;p=2828"},"modified":"2023-02-15T22:27:51","modified_gmt":"2023-02-15T22:27:51","slug":"floating-low-level-strainer-jet-siphon","status":"publish","type":"product","link":"https:\/\/staging.safetysourcefire.ca\/fr_ca\/produit\/floating-low-level-strainer-jet-siphon\/","title":{"rendered":"Cr\u00e9pine avec jet siphon"},"content":{"rendered":"<p>L'entr\u00e9e de la cr\u00e9pine, en aluminium anodis\u00e9 dur et enduit de poudre, est suspendue \u00e0 18\u2033 sous le niveau de l'eau pour \u00e9viter d'aspirer l'air de surface et les d\u00e9bris du fond. Capable de supporter jusqu'\u00e0 30 pi de tuyau, la cr\u00e9pine s'\u00e9tend bien au-del\u00e0 des rebords de s\u00e9curit\u00e9 des \u00e9tangs r\u00e9sidentiels. Le filtre en acier inoxydable r\u00e9sistant au colmatage a plus de deux fois plus de surface d'\u00e9coulement qu'un tuyau de 6 po. Cela maintient la perte de friction \u00e0 0,5 psi (1\u2033 Hg) \u00e0 1500 gpm et r\u00e9duit le potentiel de formation de vortex d'air. Le pivot scell\u00e9 surdimensionn\u00e9 permet au tuyau de se placer dans un angle de 45\u00b0 degr\u00e9s, sans restreindre l'\u00e9coulement. La technologie Jet Siphon augmente consid\u00e9rablement la capacit\u00e9 d'aspiration et est \u00e9galement utile pour le r\u00e9servoir, le d\u00e9marrage de la pompe et l'ass\u00e8chement de celle-ci sans avoir besoin d'une pompe \u00e0 d\u00e9chets. Jet Siphon est dot\u00e9 d'un raccord filet\u00e9 de tuyau femelle de 1,5 po qui pivote librement dans n'importe quelle direction pour \u00e9viter les entrem\u00ealements de tuyau. Le flotteur en poly\u00e9thyl\u00e8ne robuste est jaune pour une haute visibilit\u00e9 et se niche de mani\u00e8re compacte sur la cr\u00e9pine pour un rangement optimal. Le retrait du flotteur n'est pas n\u00e9cessaire pour une utilisation \u00e0 bas niveau, bien qu'un axe de charni\u00e8re de verrouillage attach\u00e9 permette au flotteur d'\u00eatre retir\u00e9 ou install\u00e9 instantan\u00e9ment si vous le souhaitez.<\/p>","protected":false},"excerpt":{"rendered":"<p>Le dispositif de flottaison permet \u00e0 la cr\u00e9pine  de collecter l'eau propre des \u00e9tangs, des lacs et des rivi\u00e8res.<\/p>","protected":false},"featured_media":2758,"template":"","meta":[],"product_brand":[179],"product_cat":[462,44,64,463],"product_tag":[355,354],"class_list":{"0":"post-2828","1":"product","2":"type-product","3":"status-publish","4":"has-post-thumbnail","6":"product_brand-tft","7":"product_cat-emergency-preparedness","8":"product_cat-fire-suppression","9":"product_cat-hardware-appliances-adapters","10":"product_cat-wildland-fire","11":"product_tag-task-force-tips","12":"product_tag-tft","14":"first","15":"instock","16":"shipping-taxable","17":"product-type-simple"},"yoast_head":"<!-- This site is optimized with the Yoast SEO plugin v27.4 - https:\/\/yoast.com\/product\/yoast-seo-wordpress\/ -->\n<title>Floating Low Level Strainer Jet Siphon - Safety Source Fire<\/title>\n<meta name=\"robots\" content=\"noindex, follow, max-snippet:-1, max-image-preview:large, max-video-preview:-1\" \/>\n<meta property=\"og:locale\" content=\"fr_CA\" \/>\n<meta property=\"og:type\" content=\"article\" \/>\n<meta property=\"og:title\" content=\"Floating Low Level Strainer Jet Siphon - Safety Source Fire\" \/>\n<meta property=\"og:description\" content=\"Flotation device allows TFT high volume low-level strainer to collect clean water from ponds, lakes and rivers.\" \/>\n<meta property=\"og:url\" content=\"https:\/\/staging.safetysourcefire.ca\/fr_ca\/produit\/floating-low-level-strainer-jet-siphon\/\" \/>\n<meta property=\"og:site_name\" content=\"Safety Source Fire\" \/>\n<meta property=\"article:publisher\" content=\"https:\/\/www.facebook.com\/mmfssca\" \/>\n<meta property=\"article:modified_time\" content=\"2023-02-15T22:27:51+00:00\" \/>\n<meta property=\"og:image\" content=\"https:\/\/staging.safetysourcefire.ca\/wp-content\/uploads\/2017\/06\/A03HNX-JET-F.jpg\" \/>\n\t<meta property=\"og:image:width\" content=\"600\" \/>\n\t<meta property=\"og:image:height\" content=\"600\" \/>\n\t<meta property=\"og:image:type\" content=\"image\/jpeg\" \/>\n<meta name=\"twitter:card\" content=\"summary_large_image\" \/>\n<meta name=\"twitter:site\" content=\"@mmfssca\" \/>\n<meta name=\"twitter:label1\" content=\"Estimation du temps de lecture\" \/>\n\t<meta name=\"twitter:data1\" content=\"1 minute\" \/>\n<script type=\"application\/ld+json\" class=\"yoast-schema-graph\">{\"@context\":\"https:\\\/\\\/schema.org\",\"@graph\":[{\"@type\":\"WebPage\",\"@id\":\"https:\\\/\\\/staging.safetysourcefire.ca\\\/product\\\/floating-low-level-strainer-jet-siphon\\\/\",\"url\":\"https:\\\/\\\/staging.safetysourcefire.ca\\\/product\\\/floating-low-level-strainer-jet-siphon\\\/\",\"name\":\"Floating Low Level Strainer Jet Siphon - Safety Source Fire\",\"isPartOf\":{\"@id\":\"https:\\\/\\\/staging.safetysourcefire.ca\\\/#website\"},\"primaryImageOfPage\":{\"@id\":\"https:\\\/\\\/staging.safetysourcefire.ca\\\/product\\\/floating-low-level-strainer-jet-siphon\\\/#primaryimage\"},\"image\":{\"@id\":\"https:\\\/\\\/staging.safetysourcefire.ca\\\/product\\\/floating-low-level-strainer-jet-siphon\\\/#primaryimage\"},\"thumbnailUrl\":\"https:\\\/\\\/staging.safetysourcefire.ca\\\/wp-content\\\/uploads\\\/2017\\\/06\\\/A03HNX-JET-F.jpg\",\"datePublished\":\"2017-06-14T00:48:28+00:00\",\"dateModified\":\"2023-02-15T22:27:51+00:00\",\"breadcrumb\":{\"@id\":\"https:\\\/\\\/staging.safetysourcefire.ca\\\/product\\\/floating-low-level-strainer-jet-siphon\\\/#breadcrumb\"},\"inLanguage\":\"fr-CA\",\"potentialAction\":[{\"@type\":\"ReadAction\",\"target\":[\"https:\\\/\\\/staging.safetysourcefire.ca\\\/product\\\/floating-low-level-strainer-jet-siphon\\\/\"]}]},{\"@type\":\"ImageObject\",\"inLanguage\":\"fr-CA\",\"@id\":\"https:\\\/\\\/staging.safetysourcefire.ca\\\/product\\\/floating-low-level-strainer-jet-siphon\\\/#primaryimage\",\"url\":\"https:\\\/\\\/staging.safetysourcefire.ca\\\/wp-content\\\/uploads\\\/2017\\\/06\\\/A03HNX-JET-F.jpg\",\"contentUrl\":\"https:\\\/\\\/staging.safetysourcefire.ca\\\/wp-content\\\/uploads\\\/2017\\\/06\\\/A03HNX-JET-F.jpg\",\"width\":600,\"height\":600,\"caption\":\"Floating Low Level Strainer\"},{\"@type\":\"BreadcrumbList\",\"@id\":\"https:\\\/\\\/staging.safetysourcefire.ca\\\/product\\\/floating-low-level-strainer-jet-siphon\\\/#breadcrumb\",\"itemListElement\":[{\"@type\":\"ListItem\",\"position\":1,\"name\":\"Home\",\"item\":\"https:\\\/\\\/staging.safetysourcefire.ca\\\/\"},{\"@type\":\"ListItem\",\"position\":2,\"name\":\"Products\",\"item\":\"https:\\\/\\\/staging.safetysourcefire.ca\\\/shop\\\/\"},{\"@type\":\"ListItem\",\"position\":3,\"name\":\"Floating Low Level Strainer Jet Siphon\"}]},{\"@type\":\"WebSite\",\"@id\":\"https:\\\/\\\/staging.safetysourcefire.ca\\\/#website\",\"url\":\"https:\\\/\\\/staging.safetysourcefire.ca\\\/\",\"name\":\"Safety Source Fire\",\"description\":\"\",\"publisher\":{\"@id\":\"https:\\\/\\\/staging.safetysourcefire.ca\\\/#organization\"},\"potentialAction\":[{\"@type\":\"SearchAction\",\"target\":{\"@type\":\"EntryPoint\",\"urlTemplate\":\"https:\\\/\\\/staging.safetysourcefire.ca\\\/?s={search_term_string}\"},\"query-input\":{\"@type\":\"PropertyValueSpecification\",\"valueRequired\":true,\"valueName\":\"search_term_string\"}}],\"inLanguage\":\"fr-CA\"},{\"@type\":\"Organization\",\"@id\":\"https:\\\/\\\/staging.safetysourcefire.ca\\\/#organization\",\"name\":\"Safety Source Fire\",\"url\":\"https:\\\/\\\/staging.safetysourcefire.ca\\\/\",\"logo\":{\"@type\":\"ImageObject\",\"inLanguage\":\"fr-CA\",\"@id\":\"https:\\\/\\\/staging.safetysourcefire.ca\\\/#\\\/schema\\\/logo\\\/image\\\/\",\"url\":\"https:\\\/\\\/staging.safetysourcefire.ca\\\/wp-content\\\/uploads\\\/2021\\\/01\\\/SSF_logo_CC0000-3.png\",\"contentUrl\":\"https:\\\/\\\/staging.safetysourcefire.ca\\\/wp-content\\\/uploads\\\/2021\\\/01\\\/SSF_logo_CC0000-3.png\",\"width\":1107,\"height\":365,\"caption\":\"Safety Source Fire\"},\"image\":{\"@id\":\"https:\\\/\\\/staging.safetysourcefire.ca\\\/#\\\/schema\\\/logo\\\/image\\\/\"},\"sameAs\":[\"https:\\\/\\\/www.facebook.com\\\/mmfssca\",\"https:\\\/\\\/x.com\\\/mmfssca\"]}]}<\/script>\n<!-- \/ Yoast SEO plugin. -->","yoast_head_json":{"title":"Floating Low Level Strainer Jet Siphon - Safety Source Fire","robots":{"index":"noindex","follow":"follow","max-snippet":"max-snippet:-1","max-image-preview":"max-image-preview:large","max-video-preview":"max-video-preview:-1"},"og_locale":"fr_CA","og_type":"article","og_title":"Floating Low Level Strainer Jet Siphon - Safety Source Fire","og_description":"Flotation device allows TFT high volume low-level strainer to collect clean water from ponds, lakes and rivers.","og_url":"https:\/\/staging.safetysourcefire.ca\/fr_ca\/produit\/floating-low-level-strainer-jet-siphon\/","og_site_name":"Safety Source Fire","article_publisher":"https:\/\/www.facebook.com\/mmfssca","article_modified_time":"2023-02-15T22:27:51+00:00","og_image":[{"width":600,"height":600,"url":"https:\/\/staging.safetysourcefire.ca\/wp-content\/uploads\/2017\/06\/A03HNX-JET-F.jpg","type":"image\/jpeg"}],"twitter_card":"summary_large_image","twitter_site":"@mmfssca","twitter_misc":{"Estimation du temps de lecture":"1 minute"},"schema":{"@context":"https:\/\/schema.org","@graph":[{"@type":"WebPage","@id":"https:\/\/staging.safetysourcefire.ca\/product\/floating-low-level-strainer-jet-siphon\/","url":"https:\/\/staging.safetysourcefire.ca\/product\/floating-low-level-strainer-jet-siphon\/","name":"Floating Low Level Strainer Jet Siphon - Safety Source Fire","isPartOf":{"@id":"https:\/\/staging.safetysourcefire.ca\/#website"},"primaryImageOfPage":{"@id":"https:\/\/staging.safetysourcefire.ca\/product\/floating-low-level-strainer-jet-siphon\/#primaryimage"},"image":{"@id":"https:\/\/staging.safetysourcefire.ca\/product\/floating-low-level-strainer-jet-siphon\/#primaryimage"},"thumbnailUrl":"https:\/\/staging.safetysourcefire.ca\/wp-content\/uploads\/2017\/06\/A03HNX-JET-F.jpg","datePublished":"2017-06-14T00:48:28+00:00","dateModified":"2023-02-15T22:27:51+00:00","breadcrumb":{"@id":"https:\/\/staging.safetysourcefire.ca\/product\/floating-low-level-strainer-jet-siphon\/#breadcrumb"},"inLanguage":"fr-CA","potentialAction":[{"@type":"ReadAction","target":["https:\/\/staging.safetysourcefire.ca\/product\/floating-low-level-strainer-jet-siphon\/"]}]},{"@type":"ImageObject","inLanguage":"fr-CA","@id":"https:\/\/staging.safetysourcefire.ca\/product\/floating-low-level-strainer-jet-siphon\/#primaryimage","url":"https:\/\/staging.safetysourcefire.ca\/wp-content\/uploads\/2017\/06\/A03HNX-JET-F.jpg","contentUrl":"https:\/\/staging.safetysourcefire.ca\/wp-content\/uploads\/2017\/06\/A03HNX-JET-F.jpg","width":600,"height":600,"caption":"Floating Low Level Strainer"},{"@type":"BreadcrumbList","@id":"https:\/\/staging.safetysourcefire.ca\/product\/floating-low-level-strainer-jet-siphon\/#breadcrumb","itemListElement":[{"@type":"ListItem","position":1,"name":"Home","item":"https:\/\/staging.safetysourcefire.ca\/"},{"@type":"ListItem","position":2,"name":"Products","item":"https:\/\/staging.safetysourcefire.ca\/shop\/"},{"@type":"ListItem","position":3,"name":"Floating Low Level Strainer Jet Siphon"}]},{"@type":"WebSite","@id":"https:\/\/staging.safetysourcefire.ca\/#website","url":"https:\/\/staging.safetysourcefire.ca\/","name":"Safety Source Fire","description":"","publisher":{"@id":"https:\/\/staging.safetysourcefire.ca\/#organization"},"potentialAction":[{"@type":"SearchAction","target":{"@type":"EntryPoint","urlTemplate":"https:\/\/staging.safetysourcefire.ca\/?s={search_term_string}"},"query-input":{"@type":"PropertyValueSpecification","valueRequired":true,"valueName":"search_term_string"}}],"inLanguage":"fr-CA"},{"@type":"Organization","@id":"https:\/\/staging.safetysourcefire.ca\/#organization","name":"Safety Source Fire","url":"https:\/\/staging.safetysourcefire.ca\/","logo":{"@type":"ImageObject","inLanguage":"fr-CA","@id":"https:\/\/staging.safetysourcefire.ca\/#\/schema\/logo\/image\/","url":"https:\/\/staging.safetysourcefire.ca\/wp-content\/uploads\/2021\/01\/SSF_logo_CC0000-3.png","contentUrl":"https:\/\/staging.safetysourcefire.ca\/wp-content\/uploads\/2021\/01\/SSF_logo_CC0000-3.png","width":1107,"height":365,"caption":"Safety Source Fire"},"image":{"@id":"https:\/\/staging.safetysourcefire.ca\/#\/schema\/logo\/image\/"},"sameAs":["https:\/\/www.facebook.com\/mmfssca","https:\/\/x.com\/mmfssca"]}]}},"_links":{"self":[{"href":"https:\/\/staging.safetysourcefire.ca\/fr_ca\/wp-json\/wp\/v2\/product\/2828","targetHints":{"allow":["GET"]}}],"collection":[{"href":"https:\/\/staging.safetysourcefire.ca\/fr_ca\/wp-json\/wp\/v2\/product"}],"about":[{"href":"https:\/\/staging.safetysourcefire.ca\/fr_ca\/wp-json\/wp\/v2\/types\/product"}],"wp:featuredmedia":[{"embeddable":true,"href":"https:\/\/staging.safetysourcefire.ca\/fr_ca\/wp-json\/wp\/v2\/media\/2758"}],"wp:attachment":[{"href":"https:\/\/staging.safetysourcefire.ca\/fr_ca\/wp-json\/wp\/v2\/media?parent=2828"}],"wp:term":[{"taxonomy":"product_brand","embeddable":true,"href":"https:\/\/staging.safetysourcefire.ca\/fr_ca\/wp-json\/wp\/v2\/product_brand?post=2828"},{"taxonomy":"product_cat","embeddable":true,"href":"https:\/\/staging.safetysourcefire.ca\/fr_ca\/wp-json\/wp\/v2\/product_cat?post=2828"},{"taxonomy":"product_tag","embeddable":true,"href":"https:\/\/staging.safetysourcefire.ca\/fr_ca\/wp-json\/wp\/v2\/product_tag?post=2828"}],"curies":[{"name":"wp","href":"https:\/\/api.w.org\/{rel}","templated":true}]}}