{"id":2809,"date":"2017-06-14T00:26:59","date_gmt":"2017-06-14T00:26:59","guid":{"rendered":"http:\/\/mmfss.ca\/?post_type=product&#038;p=2809"},"modified":"2020-04-27T21:22:47","modified_gmt":"2020-04-27T21:22:47","slug":"water-thief-2-5-65mm-female-x-2-5-65mm-male-dual-1-5-38mm-male-side-ports","status":"publish","type":"product","link":"https:\/\/staging.safetysourcefire.ca\/fr_ca\/produit\/water-thief-2-5-65mm-female-x-2-5-65mm-male-dual-1-5-38mm-male-side-ports\/","title":{"rendered":"Division \u00e0 trois sorties (voleur d'eau)"},"content":{"rendered":"<p>Ce diviseur 2,5\u2033 par 1,5\u2033 de TFT est une vanne l\u00e9g\u00e8re avec des voies d'eau compl\u00e8tes de 2,5\u2033 et 1,5\u2033. Pression de service de 300 psi (20 bar) de chaque c\u00f4t\u00e9 des vannes. Si\u00e8ges de soupape rempla\u00e7ables sur place. Poign\u00e9es de vanne au quart de tour faciles \u00e0 manipuler m\u00eame avec faible force - se d\u00e9placent facilement, m\u00eame sous pression. Le verrouillage automatique de la valve sur la valve 2,5\u2033 garde sa position tout en permettant l'\u00e9coulement gr\u00e2ce \u00e0 des ouvertures partielles. Le contour interne sp\u00e9cialement con\u00e7u des vannes 1,5\u2033 les maintient en position pendant l'\u00e9coulement. Les poign\u00e9es de valve pliantes minimisent l'espace de rangement. Orifice filet\u00e9 pour manom\u00e8tre. La sangle de transport aide \u00e0 transporter et \u00e0 faire glisser le tuyau. Le moulage d'aluminium est anodis\u00e9e \u00e0 rev\u00eatement dur et rev\u00eatue de poudre TFT argent\u00e9e \u00e0 l'int\u00e9rieur et \u00e0 l'ext\u00e9rieur pour une protection maximale contre la corrosion.<\/p>\n<p>Les vannes \u00e0 bille quart de tour en aluminium assurent une fermeture positive. Voie navigable principale de 2,5\u2033 (65 mm) \u00e0 plein d\u00e9bit avec double voie navigable \u00e0 bille de 1,5\u2033 (38 mm) \u00e0 plein d\u00e9bit. Moulage en alliage d'aluminium l\u00e9ger et robuste avec rev\u00eatement en poudre durable \u00e0 l'int\u00e9rieur et \u00e0 l'ext\u00e9rieur, raccords anodis\u00e9s, poign\u00e9es pliantes en nylon super r\u00e9sistantes et sangle de transport int\u00e9gr\u00e9e. Le raccord d'entr\u00e9e \u00e0 longue poign\u00e9e pivotante femelle de 2,5\u2033 (65 mm) est standard.<\/p>","protected":false},"excerpt":{"rendered":"<p>2.5 \"(65MM) Femelle X 2.5\" (65MM) M\u00e2le et Double 1.5 \"(38MM) - Ports lat\u00e9raux m\u00e2les<\/p>\n<p>&nbsp;<\/p>","protected":false},"featured_media":2798,"template":"","meta":[],"product_brand":[179],"product_cat":[44,64],"product_tag":[355,354],"class_list":{"0":"post-2809","1":"product","2":"type-product","3":"status-publish","4":"has-post-thumbnail","6":"product_brand-tft","7":"product_cat-fire-suppression","8":"product_cat-hardware-appliances-adapters","9":"product_tag-task-force-tips","10":"product_tag-tft","12":"first","13":"instock","14":"shipping-taxable","15":"product-type-simple"},"yoast_head":"<!-- This site is optimized with the Yoast SEO plugin v27.4 - https:\/\/yoast.com\/product\/yoast-seo-wordpress\/ -->\n<title>Water Thief - Safety Source Fire<\/title>\n<meta name=\"robots\" content=\"noindex, follow, max-snippet:-1, max-image-preview:large, max-video-preview:-1\" \/>\n<meta property=\"og:locale\" content=\"fr_CA\" \/>\n<meta property=\"og:type\" content=\"article\" \/>\n<meta property=\"og:title\" content=\"Water Thief - Safety Source Fire\" \/>\n<meta property=\"og:description\" content=\"2.5&quot; (65MM) Female X 2.5&quot; (65MM) Male &amp; Dual 1.5&quot; (38MM) Male Side Ports  &nbsp;\" \/>\n<meta property=\"og:url\" content=\"https:\/\/staging.safetysourcefire.ca\/fr_ca\/produit\/water-thief-2-5-65mm-female-x-2-5-65mm-male-dual-1-5-38mm-male-side-ports\/\" \/>\n<meta property=\"og:site_name\" content=\"Safety Source Fire\" \/>\n<meta property=\"article:publisher\" content=\"https:\/\/www.facebook.com\/mmfssca\" \/>\n<meta property=\"article:modified_time\" content=\"2020-04-27T21:22:47+00:00\" \/>\n<meta property=\"og:image\" content=\"https:\/\/staging.safetysourcefire.ca\/wp-content\/uploads\/2017\/06\/WT5HNJ-NJ-NF.jpg\" \/>\n\t<meta property=\"og:image:width\" content=\"600\" \/>\n\t<meta property=\"og:image:height\" content=\"600\" \/>\n\t<meta property=\"og:image:type\" content=\"image\/jpeg\" \/>\n<meta name=\"twitter:card\" content=\"summary_large_image\" \/>\n<meta name=\"twitter:site\" content=\"@mmfssca\" \/>\n<meta name=\"twitter:label1\" content=\"Estimation du temps de lecture\" \/>\n\t<meta name=\"twitter:data1\" content=\"1 minute\" \/>\n<script type=\"application\/ld+json\" class=\"yoast-schema-graph\">{\"@context\":\"https:\\\/\\\/schema.org\",\"@graph\":[{\"@type\":\"WebPage\",\"@id\":\"https:\\\/\\\/staging.safetysourcefire.ca\\\/product\\\/water-thief-2-5-65mm-female-x-2-5-65mm-male-dual-1-5-38mm-male-side-ports\\\/\",\"url\":\"https:\\\/\\\/staging.safetysourcefire.ca\\\/product\\\/water-thief-2-5-65mm-female-x-2-5-65mm-male-dual-1-5-38mm-male-side-ports\\\/\",\"name\":\"Water Thief - Safety Source Fire\",\"isPartOf\":{\"@id\":\"https:\\\/\\\/staging.safetysourcefire.ca\\\/#website\"},\"primaryImageOfPage\":{\"@id\":\"https:\\\/\\\/staging.safetysourcefire.ca\\\/product\\\/water-thief-2-5-65mm-female-x-2-5-65mm-male-dual-1-5-38mm-male-side-ports\\\/#primaryimage\"},\"image\":{\"@id\":\"https:\\\/\\\/staging.safetysourcefire.ca\\\/product\\\/water-thief-2-5-65mm-female-x-2-5-65mm-male-dual-1-5-38mm-male-side-ports\\\/#primaryimage\"},\"thumbnailUrl\":\"https:\\\/\\\/staging.safetysourcefire.ca\\\/wp-content\\\/uploads\\\/2017\\\/06\\\/WT5HNJ-NJ-NF.jpg\",\"datePublished\":\"2017-06-14T00:26:59+00:00\",\"dateModified\":\"2020-04-27T21:22:47+00:00\",\"breadcrumb\":{\"@id\":\"https:\\\/\\\/staging.safetysourcefire.ca\\\/product\\\/water-thief-2-5-65mm-female-x-2-5-65mm-male-dual-1-5-38mm-male-side-ports\\\/#breadcrumb\"},\"inLanguage\":\"fr-CA\",\"potentialAction\":[{\"@type\":\"ReadAction\",\"target\":[\"https:\\\/\\\/staging.safetysourcefire.ca\\\/product\\\/water-thief-2-5-65mm-female-x-2-5-65mm-male-dual-1-5-38mm-male-side-ports\\\/\"]}]},{\"@type\":\"ImageObject\",\"inLanguage\":\"fr-CA\",\"@id\":\"https:\\\/\\\/staging.safetysourcefire.ca\\\/product\\\/water-thief-2-5-65mm-female-x-2-5-65mm-male-dual-1-5-38mm-male-side-ports\\\/#primaryimage\",\"url\":\"https:\\\/\\\/staging.safetysourcefire.ca\\\/wp-content\\\/uploads\\\/2017\\\/06\\\/WT5HNJ-NJ-NF.jpg\",\"contentUrl\":\"https:\\\/\\\/staging.safetysourcefire.ca\\\/wp-content\\\/uploads\\\/2017\\\/06\\\/WT5HNJ-NJ-NF.jpg\",\"width\":600,\"height\":600,\"caption\":\"Water Thief\"},{\"@type\":\"BreadcrumbList\",\"@id\":\"https:\\\/\\\/staging.safetysourcefire.ca\\\/product\\\/water-thief-2-5-65mm-female-x-2-5-65mm-male-dual-1-5-38mm-male-side-ports\\\/#breadcrumb\",\"itemListElement\":[{\"@type\":\"ListItem\",\"position\":1,\"name\":\"Home\",\"item\":\"https:\\\/\\\/staging.safetysourcefire.ca\\\/\"},{\"@type\":\"ListItem\",\"position\":2,\"name\":\"Products\",\"item\":\"https:\\\/\\\/staging.safetysourcefire.ca\\\/shop\\\/\"},{\"@type\":\"ListItem\",\"position\":3,\"name\":\"Water Thief\"}]},{\"@type\":\"WebSite\",\"@id\":\"https:\\\/\\\/staging.safetysourcefire.ca\\\/#website\",\"url\":\"https:\\\/\\\/staging.safetysourcefire.ca\\\/\",\"name\":\"Safety Source Fire\",\"description\":\"\",\"publisher\":{\"@id\":\"https:\\\/\\\/staging.safetysourcefire.ca\\\/#organization\"},\"potentialAction\":[{\"@type\":\"SearchAction\",\"target\":{\"@type\":\"EntryPoint\",\"urlTemplate\":\"https:\\\/\\\/staging.safetysourcefire.ca\\\/?s={search_term_string}\"},\"query-input\":{\"@type\":\"PropertyValueSpecification\",\"valueRequired\":true,\"valueName\":\"search_term_string\"}}],\"inLanguage\":\"fr-CA\"},{\"@type\":\"Organization\",\"@id\":\"https:\\\/\\\/staging.safetysourcefire.ca\\\/#organization\",\"name\":\"Safety Source Fire\",\"url\":\"https:\\\/\\\/staging.safetysourcefire.ca\\\/\",\"logo\":{\"@type\":\"ImageObject\",\"inLanguage\":\"fr-CA\",\"@id\":\"https:\\\/\\\/staging.safetysourcefire.ca\\\/#\\\/schema\\\/logo\\\/image\\\/\",\"url\":\"https:\\\/\\\/staging.safetysourcefire.ca\\\/wp-content\\\/uploads\\\/2021\\\/01\\\/SSF_logo_CC0000-3.png\",\"contentUrl\":\"https:\\\/\\\/staging.safetysourcefire.ca\\\/wp-content\\\/uploads\\\/2021\\\/01\\\/SSF_logo_CC0000-3.png\",\"width\":1107,\"height\":365,\"caption\":\"Safety Source Fire\"},\"image\":{\"@id\":\"https:\\\/\\\/staging.safetysourcefire.ca\\\/#\\\/schema\\\/logo\\\/image\\\/\"},\"sameAs\":[\"https:\\\/\\\/www.facebook.com\\\/mmfssca\",\"https:\\\/\\\/x.com\\\/mmfssca\"]}]}<\/script>\n<!-- \/ Yoast SEO plugin. -->","yoast_head_json":{"title":"Water Thief - Safety Source Fire","robots":{"index":"noindex","follow":"follow","max-snippet":"max-snippet:-1","max-image-preview":"max-image-preview:large","max-video-preview":"max-video-preview:-1"},"og_locale":"fr_CA","og_type":"article","og_title":"Water Thief - Safety Source Fire","og_description":"2.5\" (65MM) Female X 2.5\" (65MM) Male &amp; Dual 1.5\" (38MM) Male Side Ports  &nbsp;","og_url":"https:\/\/staging.safetysourcefire.ca\/fr_ca\/produit\/water-thief-2-5-65mm-female-x-2-5-65mm-male-dual-1-5-38mm-male-side-ports\/","og_site_name":"Safety Source Fire","article_publisher":"https:\/\/www.facebook.com\/mmfssca","article_modified_time":"2020-04-27T21:22:47+00:00","og_image":[{"width":600,"height":600,"url":"https:\/\/staging.safetysourcefire.ca\/wp-content\/uploads\/2017\/06\/WT5HNJ-NJ-NF.jpg","type":"image\/jpeg"}],"twitter_card":"summary_large_image","twitter_site":"@mmfssca","twitter_misc":{"Estimation du temps de lecture":"1 minute"},"schema":{"@context":"https:\/\/schema.org","@graph":[{"@type":"WebPage","@id":"https:\/\/staging.safetysourcefire.ca\/product\/water-thief-2-5-65mm-female-x-2-5-65mm-male-dual-1-5-38mm-male-side-ports\/","url":"https:\/\/staging.safetysourcefire.ca\/product\/water-thief-2-5-65mm-female-x-2-5-65mm-male-dual-1-5-38mm-male-side-ports\/","name":"Water Thief - Safety Source Fire","isPartOf":{"@id":"https:\/\/staging.safetysourcefire.ca\/#website"},"primaryImageOfPage":{"@id":"https:\/\/staging.safetysourcefire.ca\/product\/water-thief-2-5-65mm-female-x-2-5-65mm-male-dual-1-5-38mm-male-side-ports\/#primaryimage"},"image":{"@id":"https:\/\/staging.safetysourcefire.ca\/product\/water-thief-2-5-65mm-female-x-2-5-65mm-male-dual-1-5-38mm-male-side-ports\/#primaryimage"},"thumbnailUrl":"https:\/\/staging.safetysourcefire.ca\/wp-content\/uploads\/2017\/06\/WT5HNJ-NJ-NF.jpg","datePublished":"2017-06-14T00:26:59+00:00","dateModified":"2020-04-27T21:22:47+00:00","breadcrumb":{"@id":"https:\/\/staging.safetysourcefire.ca\/product\/water-thief-2-5-65mm-female-x-2-5-65mm-male-dual-1-5-38mm-male-side-ports\/#breadcrumb"},"inLanguage":"fr-CA","potentialAction":[{"@type":"ReadAction","target":["https:\/\/staging.safetysourcefire.ca\/product\/water-thief-2-5-65mm-female-x-2-5-65mm-male-dual-1-5-38mm-male-side-ports\/"]}]},{"@type":"ImageObject","inLanguage":"fr-CA","@id":"https:\/\/staging.safetysourcefire.ca\/product\/water-thief-2-5-65mm-female-x-2-5-65mm-male-dual-1-5-38mm-male-side-ports\/#primaryimage","url":"https:\/\/staging.safetysourcefire.ca\/wp-content\/uploads\/2017\/06\/WT5HNJ-NJ-NF.jpg","contentUrl":"https:\/\/staging.safetysourcefire.ca\/wp-content\/uploads\/2017\/06\/WT5HNJ-NJ-NF.jpg","width":600,"height":600,"caption":"Water Thief"},{"@type":"BreadcrumbList","@id":"https:\/\/staging.safetysourcefire.ca\/product\/water-thief-2-5-65mm-female-x-2-5-65mm-male-dual-1-5-38mm-male-side-ports\/#breadcrumb","itemListElement":[{"@type":"ListItem","position":1,"name":"Home","item":"https:\/\/staging.safetysourcefire.ca\/"},{"@type":"ListItem","position":2,"name":"Products","item":"https:\/\/staging.safetysourcefire.ca\/shop\/"},{"@type":"ListItem","position":3,"name":"Water Thief"}]},{"@type":"WebSite","@id":"https:\/\/staging.safetysourcefire.ca\/#website","url":"https:\/\/staging.safetysourcefire.ca\/","name":"Safety Source Fire","description":"","publisher":{"@id":"https:\/\/staging.safetysourcefire.ca\/#organization"},"potentialAction":[{"@type":"SearchAction","target":{"@type":"EntryPoint","urlTemplate":"https:\/\/staging.safetysourcefire.ca\/?s={search_term_string}"},"query-input":{"@type":"PropertyValueSpecification","valueRequired":true,"valueName":"search_term_string"}}],"inLanguage":"fr-CA"},{"@type":"Organization","@id":"https:\/\/staging.safetysourcefire.ca\/#organization","name":"Safety Source Fire","url":"https:\/\/staging.safetysourcefire.ca\/","logo":{"@type":"ImageObject","inLanguage":"fr-CA","@id":"https:\/\/staging.safetysourcefire.ca\/#\/schema\/logo\/image\/","url":"https:\/\/staging.safetysourcefire.ca\/wp-content\/uploads\/2021\/01\/SSF_logo_CC0000-3.png","contentUrl":"https:\/\/staging.safetysourcefire.ca\/wp-content\/uploads\/2021\/01\/SSF_logo_CC0000-3.png","width":1107,"height":365,"caption":"Safety Source Fire"},"image":{"@id":"https:\/\/staging.safetysourcefire.ca\/#\/schema\/logo\/image\/"},"sameAs":["https:\/\/www.facebook.com\/mmfssca","https:\/\/x.com\/mmfssca"]}]}},"_links":{"self":[{"href":"https:\/\/staging.safetysourcefire.ca\/fr_ca\/wp-json\/wp\/v2\/product\/2809","targetHints":{"allow":["GET"]}}],"collection":[{"href":"https:\/\/staging.safetysourcefire.ca\/fr_ca\/wp-json\/wp\/v2\/product"}],"about":[{"href":"https:\/\/staging.safetysourcefire.ca\/fr_ca\/wp-json\/wp\/v2\/types\/product"}],"wp:featuredmedia":[{"embeddable":true,"href":"https:\/\/staging.safetysourcefire.ca\/fr_ca\/wp-json\/wp\/v2\/media\/2798"}],"wp:attachment":[{"href":"https:\/\/staging.safetysourcefire.ca\/fr_ca\/wp-json\/wp\/v2\/media?parent=2809"}],"wp:term":[{"taxonomy":"product_brand","embeddable":true,"href":"https:\/\/staging.safetysourcefire.ca\/fr_ca\/wp-json\/wp\/v2\/product_brand?post=2809"},{"taxonomy":"product_cat","embeddable":true,"href":"https:\/\/staging.safetysourcefire.ca\/fr_ca\/wp-json\/wp\/v2\/product_cat?post=2809"},{"taxonomy":"product_tag","embeddable":true,"href":"https:\/\/staging.safetysourcefire.ca\/fr_ca\/wp-json\/wp\/v2\/product_tag?post=2809"}],"curies":[{"name":"wp","href":"https:\/\/api.w.org\/{rel}","templated":true}]}}