{"id":28067,"date":"2023-09-18T18:32:24","date_gmt":"2023-09-18T18:32:24","guid":{"rendered":"https:\/\/safetysourcefire.ca\/?post_type=product&#038;p=28067"},"modified":"2024-01-26T20:22:45","modified_gmt":"2024-01-26T20:22:45","slug":"integrity-hx-flotation-suit","status":"publish","type":"product","link":"https:\/\/staging.safetysourcefire.ca\/fr_ca\/produit\/integrity-hx-flotation-suit\/","title":{"rendered":"Combinaison de flottaison Integrity HX"},"content":{"rendered":"<p>MUS-MUS195<\/p>\n<p>La combinaison anti-exposition et la combinaison de flottaison MS2195 Deluxe de Mustang Survival sont con\u00e7ues avec de la mousse Mustang Airsoft\u2122 pour un ajustement plus l\u00e9ger et plus confortable que la combinaison de flottaison classique. La technologie Comfort Cuff\u2122 cr\u00e9e un ajustement d\u00e9tendu et confortable autour des poignets et est assortie \u00e0 l&#039;ajustement g\u00e9n\u00e9ral d\u00e9tendu et confortable de la conception de la combinaison. Dot\u00e9e de deux poches poitrine, de grandes poches cargo avant et d&#039;un oreiller gonflable pour un soutien et une flottabilit\u00e9 suppl\u00e9mentaires dans l&#039;eau, cette combinaison allie fonctionnalit\u00e9 et caract\u00e9ristiques pour r\u00e9pondre aux exigences d&#039;un large \u00e9ventail d&#039;utilisations professionnelles et industrielles.<\/p>\n<p>Les combinaisons de flottaison Mustang Survival sont con\u00e7ues pour prot\u00e9ger le porteur des intemp\u00e9ries et du froid, et utilisent de la mousse \u00e0 cellules ferm\u00e9es pour offrir une protection contre l'hypothermie et la flottaison en cas d'immersion dans l'eau. La technologie Tug-Tite\u00ae et les fermetures Velcro\u2122 aux poignets et aux chevilles am\u00e9liorent l'ajustement et limitent l'entr\u00e9e d'eau en cas d'immersion.  De plus, le ruban r\u00e9fl\u00e9chissant SOLAS am\u00e9liore la visibilit\u00e9 de la personne qui porte le surv\u00eatement et un capuchon isol\u00e9 se rangeant facilement dans le col est aussi une fonctionnalit\u00e9 int\u00e9ressante de cette combinaison.<\/p>\n<p>FONCTIONNALIT\u00c9S<\/p>\n<ul>\n<li>Approbation : TC Marine \u2013 CAN\/CGSB 65.11 \u2013 VFI pour adultes<\/li>\n<li>Mousse Mustang AirSoft\u2122 pour la flottaison et la protection contre l&#039;hypothermie<\/li>\n<li>Valeur Clo immerg\u00e9e de 0,420<\/li>\n<li>Oreiller de soutien de t\u00eate gonflable pour une flottabilit\u00e9 suppl\u00e9mentaire<\/li>\n<li>Fermetures de poignet en n\u00e9opr\u00e8ne pour une protection contre les intemp\u00e9ries<\/li>\n<li>Tug-Tite\u00ae aux cuisses et aux chevilles pour un meilleur ajustement<\/li>\n<li>Capuche isolante ergonomique qui se replie dans le col<\/li>\n<li>Deux poches poitrine et poches extra larges sur les hanches<\/li>\n<li>La bande r\u00e9fl\u00e9chissante SOLAS am\u00e9liore la visibilit\u00e9<\/li>\n<\/ul>","protected":false},"excerpt":{"rendered":"<p>Les combinaisons de flottaison Mustang Survival sont con\u00e7ues pour prot\u00e9ger le porteur du mauvais temps ou du froid et utilisent de la mousse \u00e0 cellules ferm\u00e9es pour offrir une protection contre la flottaison et l&#039;hypothermie en cas d&#039;immersion dans l&#039;eau.<\/p>","protected":false},"featured_media":28069,"template":"","meta":[],"product_brand":[232],"product_cat":[51,135],"product_tag":[621],"class_list":{"0":"post-28067","1":"product","2":"type-product","3":"status-publish","4":"has-post-thumbnail","6":"product_brand-mustang-survival","7":"product_cat-rescue","8":"product_cat-water-ice-rescue","9":"product_tag-mustang","11":"first","12":"instock","13":"shipping-taxable","14":"product-type-simple"},"yoast_head":"<!-- This site is optimized with the Yoast SEO plugin v27.4 - https:\/\/yoast.com\/product\/yoast-seo-wordpress\/ -->\n<title>Integrity HX Flotation Suit - Safety Source Fire<\/title>\n<meta name=\"robots\" content=\"noindex, follow, max-snippet:-1, max-image-preview:large, max-video-preview:-1\" \/>\n<meta property=\"og:locale\" content=\"fr_CA\" \/>\n<meta property=\"og:type\" content=\"article\" \/>\n<meta property=\"og:title\" content=\"Integrity HX Flotation Suit - Safety Source Fire\" \/>\n<meta property=\"og:description\" content=\"Mustang Survival flotation suits are designed to protect the wearer from foul or cold weather, and use closed-cell foam to offer flotation and hypothermia protection in the event of water immersion.\" \/>\n<meta property=\"og:url\" content=\"https:\/\/staging.safetysourcefire.ca\/fr_ca\/produit\/integrity-hx-flotation-suit\/\" \/>\n<meta property=\"og:site_name\" content=\"Safety Source Fire\" \/>\n<meta property=\"article:publisher\" content=\"https:\/\/www.facebook.com\/mmfssca\" \/>\n<meta property=\"article:modified_time\" content=\"2024-01-26T20:22:45+00:00\" \/>\n<meta property=\"og:image\" content=\"https:\/\/staging.safetysourcefire.ca\/wp-content\/uploads\/2023\/09\/front.jpg\" \/>\n\t<meta property=\"og:image:width\" content=\"600\" \/>\n\t<meta property=\"og:image:height\" content=\"600\" \/>\n\t<meta property=\"og:image:type\" content=\"image\/jpeg\" \/>\n<meta name=\"twitter:card\" content=\"summary_large_image\" \/>\n<meta name=\"twitter:site\" content=\"@mmfssca\" \/>\n<meta name=\"twitter:label1\" content=\"Estimation du temps de lecture\" \/>\n\t<meta name=\"twitter:data1\" content=\"2 minutes\" \/>\n<script type=\"application\/ld+json\" class=\"yoast-schema-graph\">{\"@context\":\"https:\\\/\\\/schema.org\",\"@graph\":[{\"@type\":\"WebPage\",\"@id\":\"https:\\\/\\\/staging.safetysourcefire.ca\\\/product\\\/integrity-hx-flotation-suit\\\/\",\"url\":\"https:\\\/\\\/staging.safetysourcefire.ca\\\/product\\\/integrity-hx-flotation-suit\\\/\",\"name\":\"Integrity HX Flotation Suit - Safety Source Fire\",\"isPartOf\":{\"@id\":\"https:\\\/\\\/staging.safetysourcefire.ca\\\/#website\"},\"primaryImageOfPage\":{\"@id\":\"https:\\\/\\\/staging.safetysourcefire.ca\\\/product\\\/integrity-hx-flotation-suit\\\/#primaryimage\"},\"image\":{\"@id\":\"https:\\\/\\\/staging.safetysourcefire.ca\\\/product\\\/integrity-hx-flotation-suit\\\/#primaryimage\"},\"thumbnailUrl\":\"https:\\\/\\\/staging.safetysourcefire.ca\\\/wp-content\\\/uploads\\\/2023\\\/09\\\/front.jpg\",\"datePublished\":\"2023-09-18T18:32:24+00:00\",\"dateModified\":\"2024-01-26T20:22:45+00:00\",\"breadcrumb\":{\"@id\":\"https:\\\/\\\/staging.safetysourcefire.ca\\\/product\\\/integrity-hx-flotation-suit\\\/#breadcrumb\"},\"inLanguage\":\"fr-CA\",\"potentialAction\":[{\"@type\":\"ReadAction\",\"target\":[\"https:\\\/\\\/staging.safetysourcefire.ca\\\/product\\\/integrity-hx-flotation-suit\\\/\"]}]},{\"@type\":\"ImageObject\",\"inLanguage\":\"fr-CA\",\"@id\":\"https:\\\/\\\/staging.safetysourcefire.ca\\\/product\\\/integrity-hx-flotation-suit\\\/#primaryimage\",\"url\":\"https:\\\/\\\/staging.safetysourcefire.ca\\\/wp-content\\\/uploads\\\/2023\\\/09\\\/front.jpg\",\"contentUrl\":\"https:\\\/\\\/staging.safetysourcefire.ca\\\/wp-content\\\/uploads\\\/2023\\\/09\\\/front.jpg\",\"width\":600,\"height\":600,\"caption\":\"flotation suit front\"},{\"@type\":\"BreadcrumbList\",\"@id\":\"https:\\\/\\\/staging.safetysourcefire.ca\\\/product\\\/integrity-hx-flotation-suit\\\/#breadcrumb\",\"itemListElement\":[{\"@type\":\"ListItem\",\"position\":1,\"name\":\"Home\",\"item\":\"https:\\\/\\\/staging.safetysourcefire.ca\\\/\"},{\"@type\":\"ListItem\",\"position\":2,\"name\":\"Products\",\"item\":\"https:\\\/\\\/staging.safetysourcefire.ca\\\/shop\\\/\"},{\"@type\":\"ListItem\",\"position\":3,\"name\":\"Integrity HX Flotation Suit\"}]},{\"@type\":\"WebSite\",\"@id\":\"https:\\\/\\\/staging.safetysourcefire.ca\\\/#website\",\"url\":\"https:\\\/\\\/staging.safetysourcefire.ca\\\/\",\"name\":\"Safety Source Fire\",\"description\":\"\",\"publisher\":{\"@id\":\"https:\\\/\\\/staging.safetysourcefire.ca\\\/#organization\"},\"potentialAction\":[{\"@type\":\"SearchAction\",\"target\":{\"@type\":\"EntryPoint\",\"urlTemplate\":\"https:\\\/\\\/staging.safetysourcefire.ca\\\/?s={search_term_string}\"},\"query-input\":{\"@type\":\"PropertyValueSpecification\",\"valueRequired\":true,\"valueName\":\"search_term_string\"}}],\"inLanguage\":\"fr-CA\"},{\"@type\":\"Organization\",\"@id\":\"https:\\\/\\\/staging.safetysourcefire.ca\\\/#organization\",\"name\":\"Safety Source Fire\",\"url\":\"https:\\\/\\\/staging.safetysourcefire.ca\\\/\",\"logo\":{\"@type\":\"ImageObject\",\"inLanguage\":\"fr-CA\",\"@id\":\"https:\\\/\\\/staging.safetysourcefire.ca\\\/#\\\/schema\\\/logo\\\/image\\\/\",\"url\":\"https:\\\/\\\/staging.safetysourcefire.ca\\\/wp-content\\\/uploads\\\/2021\\\/01\\\/SSF_logo_CC0000-3.png\",\"contentUrl\":\"https:\\\/\\\/staging.safetysourcefire.ca\\\/wp-content\\\/uploads\\\/2021\\\/01\\\/SSF_logo_CC0000-3.png\",\"width\":1107,\"height\":365,\"caption\":\"Safety Source Fire\"},\"image\":{\"@id\":\"https:\\\/\\\/staging.safetysourcefire.ca\\\/#\\\/schema\\\/logo\\\/image\\\/\"},\"sameAs\":[\"https:\\\/\\\/www.facebook.com\\\/mmfssca\",\"https:\\\/\\\/x.com\\\/mmfssca\"]}]}<\/script>\n<!-- \/ Yoast SEO plugin. -->","yoast_head_json":{"title":"Combinaison de flottaison Integrity HX - Incendie de s\u00e9curit\u00e9","robots":{"index":"noindex","follow":"follow","max-snippet":"max-snippet:-1","max-image-preview":"max-image-preview:large","max-video-preview":"max-video-preview:-1"},"og_locale":"fr_CA","og_type":"article","og_title":"Integrity HX Flotation Suit - Safety Source Fire","og_description":"Mustang Survival flotation suits are designed to protect the wearer from foul or cold weather, and use closed-cell foam to offer flotation and hypothermia protection in the event of water immersion.","og_url":"https:\/\/staging.safetysourcefire.ca\/fr_ca\/produit\/integrity-hx-flotation-suit\/","og_site_name":"Safety Source Fire","article_publisher":"https:\/\/www.facebook.com\/mmfssca","article_modified_time":"2024-01-26T20:22:45+00:00","og_image":[{"width":600,"height":600,"url":"https:\/\/staging.safetysourcefire.ca\/wp-content\/uploads\/2023\/09\/front.jpg","type":"image\/jpeg"}],"twitter_card":"summary_large_image","twitter_site":"@mmfssca","twitter_misc":{"Estimation du temps de lecture":"2 minutes"},"schema":{"@context":"https:\/\/schema.org","@graph":[{"@type":"WebPage","@id":"https:\/\/staging.safetysourcefire.ca\/product\/integrity-hx-flotation-suit\/","url":"https:\/\/staging.safetysourcefire.ca\/product\/integrity-hx-flotation-suit\/","name":"Combinaison de flottaison Integrity HX - Incendie de s\u00e9curit\u00e9","isPartOf":{"@id":"https:\/\/staging.safetysourcefire.ca\/#website"},"primaryImageOfPage":{"@id":"https:\/\/staging.safetysourcefire.ca\/product\/integrity-hx-flotation-suit\/#primaryimage"},"image":{"@id":"https:\/\/staging.safetysourcefire.ca\/product\/integrity-hx-flotation-suit\/#primaryimage"},"thumbnailUrl":"https:\/\/staging.safetysourcefire.ca\/wp-content\/uploads\/2023\/09\/front.jpg","datePublished":"2023-09-18T18:32:24+00:00","dateModified":"2024-01-26T20:22:45+00:00","breadcrumb":{"@id":"https:\/\/staging.safetysourcefire.ca\/product\/integrity-hx-flotation-suit\/#breadcrumb"},"inLanguage":"fr-CA","potentialAction":[{"@type":"ReadAction","target":["https:\/\/staging.safetysourcefire.ca\/product\/integrity-hx-flotation-suit\/"]}]},{"@type":"ImageObject","inLanguage":"fr-CA","@id":"https:\/\/staging.safetysourcefire.ca\/product\/integrity-hx-flotation-suit\/#primaryimage","url":"https:\/\/staging.safetysourcefire.ca\/wp-content\/uploads\/2023\/09\/front.jpg","contentUrl":"https:\/\/staging.safetysourcefire.ca\/wp-content\/uploads\/2023\/09\/front.jpg","width":600,"height":600,"caption":"flotation suit front"},{"@type":"BreadcrumbList","@id":"https:\/\/staging.safetysourcefire.ca\/product\/integrity-hx-flotation-suit\/#breadcrumb","itemListElement":[{"@type":"ListItem","position":1,"name":"Home","item":"https:\/\/staging.safetysourcefire.ca\/"},{"@type":"ListItem","position":2,"name":"Products","item":"https:\/\/staging.safetysourcefire.ca\/shop\/"},{"@type":"ListItem","position":3,"name":"Integrity HX Flotation Suit"}]},{"@type":"WebSite","@id":"https:\/\/staging.safetysourcefire.ca\/#website","url":"https:\/\/staging.safetysourcefire.ca\/","name":"Safety Source Fire","description":"","publisher":{"@id":"https:\/\/staging.safetysourcefire.ca\/#organization"},"potentialAction":[{"@type":"SearchAction","target":{"@type":"EntryPoint","urlTemplate":"https:\/\/staging.safetysourcefire.ca\/?s={search_term_string}"},"query-input":{"@type":"PropertyValueSpecification","valueRequired":true,"valueName":"search_term_string"}}],"inLanguage":"fr-CA"},{"@type":"Organization","@id":"https:\/\/staging.safetysourcefire.ca\/#organization","name":"Safety Source Fire","url":"https:\/\/staging.safetysourcefire.ca\/","logo":{"@type":"ImageObject","inLanguage":"fr-CA","@id":"https:\/\/staging.safetysourcefire.ca\/#\/schema\/logo\/image\/","url":"https:\/\/staging.safetysourcefire.ca\/wp-content\/uploads\/2021\/01\/SSF_logo_CC0000-3.png","contentUrl":"https:\/\/staging.safetysourcefire.ca\/wp-content\/uploads\/2021\/01\/SSF_logo_CC0000-3.png","width":1107,"height":365,"caption":"Safety Source Fire"},"image":{"@id":"https:\/\/staging.safetysourcefire.ca\/#\/schema\/logo\/image\/"},"sameAs":["https:\/\/www.facebook.com\/mmfssca","https:\/\/x.com\/mmfssca"]}]}},"_links":{"self":[{"href":"https:\/\/staging.safetysourcefire.ca\/fr_ca\/wp-json\/wp\/v2\/product\/28067","targetHints":{"allow":["GET"]}}],"collection":[{"href":"https:\/\/staging.safetysourcefire.ca\/fr_ca\/wp-json\/wp\/v2\/product"}],"about":[{"href":"https:\/\/staging.safetysourcefire.ca\/fr_ca\/wp-json\/wp\/v2\/types\/product"}],"wp:featuredmedia":[{"embeddable":true,"href":"https:\/\/staging.safetysourcefire.ca\/fr_ca\/wp-json\/wp\/v2\/media\/28069"}],"wp:attachment":[{"href":"https:\/\/staging.safetysourcefire.ca\/fr_ca\/wp-json\/wp\/v2\/media?parent=28067"}],"wp:term":[{"taxonomy":"product_brand","embeddable":true,"href":"https:\/\/staging.safetysourcefire.ca\/fr_ca\/wp-json\/wp\/v2\/product_brand?post=28067"},{"taxonomy":"product_cat","embeddable":true,"href":"https:\/\/staging.safetysourcefire.ca\/fr_ca\/wp-json\/wp\/v2\/product_cat?post=28067"},{"taxonomy":"product_tag","embeddable":true,"href":"https:\/\/staging.safetysourcefire.ca\/fr_ca\/wp-json\/wp\/v2\/product_tag?post=28067"}],"curies":[{"name":"wp","href":"https:\/\/api.w.org\/{rel}","templated":true}]}}