{"id":28035,"date":"2023-09-12T13:46:41","date_gmt":"2023-09-12T13:46:41","guid":{"rendered":"https:\/\/safetysourcefire.ca\/?post_type=product&#038;p=28035"},"modified":"2025-03-13T11:51:56","modified_gmt":"2025-03-13T11:51:56","slug":"solo-rescue-decon-washer","status":"publish","type":"product","link":"https:\/\/staging.safetysourcefire.ca\/fr_ca\/produit\/solo-rescue-decon-washer\/","title":{"rendered":"Laveuse de d\u00e9contamination Solo Rescue\u00ae"},"content":{"rendered":"<p><strong>D\u00e9velopp\u00e9 pour aider les pompiers \u00e0 lutter contre le cancer<\/strong><\/p>\n<p>Des \u00e9tudes montrent que les pompiers courent un risque significativement plus \u00e9lev\u00e9 de recevoir un diagnostic de diverses formes de cancer et d\u2019en mourir que la population g\u00e9n\u00e9rale. Cela est d\u00fb aux produits chimiques dangereux et aux particules canc\u00e9rig\u00e8nes auxquels ils sont expos\u00e9s dans l\u2019exercice de leurs fonctions. Pour r\u00e9duire cette exposition et le risque de cancer qui en r\u00e9sulte, il est essentiel de nettoyer et de d\u00e9contaminer soigneusement, en toute s\u00e9curit\u00e9 et efficacement tous les \u00e9quipements de protection apr\u00e8s chaque utilisation. C&#039;est exactement ce que fait la laveuse Solo Rescue\u00ae Decon. Nettoyer l&#039;\u00e9quipement dans Solo Rescue signifie moins d&#039;exposition aux particules de HAP canc\u00e9rig\u00e8nes et un environnement de travail plus s\u00fbr pour vous et vos coll\u00e8gues pompiers.<\/p>\n<p><strong>Nettoyage optimis\u00e9 avec un panier rotatif unique<\/strong><\/p>\n<p>La cuve de lavage aux dimensions g\u00e9n\u00e9reuses du Solo Rescue est un \u00e9l\u00e9ment essentiel de sa solidit\u00e9. Associ\u00e9 \u00e0 un syst\u00e8me de panier rotatif unique, cela offre une conception qui optimise le d\u00e9bit d&#039;eau pour atteindre m\u00eame les parties les plus inaccessibles de votre \u00e9quipement sans compromettre sa fonction et sa qualit\u00e9. Ainsi, que vous lavez des ARI, des masques, des bottes, des gants, des casques ou des outils, le Solo Rescue fera un excellent travail en r\u00e9duisant et en extrayant les particules de suie dangereuses, les produits chimiques et les r\u00e9sidus de d\u00e9tergent de votre \u00e9quipement.<\/p>\n<p><strong>Minimiser l\u2019exposition et le risque de contamination crois\u00e9e<\/strong><\/p>\n<p>Lors de la manipulation d&#039;\u00e9quipements de protection contre l&#039;incendie, il est important de r\u00e9duire le temps d&#039;exposition aux toxines dangereuses et aux canc\u00e9rig\u00e8nes. L&#039;\u00e9tablissement de proc\u00e9dures pour manipuler les \u00e9quipements contamin\u00e9s de mani\u00e8re contr\u00f4l\u00e9e et s\u00fbre est un moyen de minimiser ce risque. Avec le Solo Rescue, l&#039;ensemble du processus de nettoyage est effectu\u00e9 \u00e0 l&#039;int\u00e9rieur de la machine, garantissant ainsi une exposition minimale du personnel. Il est dot\u00e9 d&#039;une porte inf\u00e9rieure qui se d\u00e9plie et fait office de table de chargement une fois ouverte. Ce processus ergonomique minimise le contact manuel avec des mat\u00e9riaux contamin\u00e9s. Mettez simplement le mat\u00e9riel contamin\u00e9 dans la machine, fermez la trappe et d\u00e9marrez le programme de nettoyage.<\/p>\n<p><strong>Tout ce dont vous avez besoin pour nettoyer vos ARI, masques, bottes, gants, casques et outils, le tout dans une seule machine<\/strong><\/p>\n<p>La conception spacieuse du Solo Rescue vous permet de laver soit 2 ARI complets, 6 bouteilles d&#039;air autonomes, 8 masques, 3 casques, 3 paires de bottes ou 8 paires de gants par cycle de lavage. En plus de cela, vous pouvez laver de petites pi\u00e8ces, telles que des r\u00e9gulateurs et des connecteurs de pression. Tout cela est possible gr\u00e2ce \u00e0 la conception astucieuse du syst\u00e8me de panier Solo Rescue. L\u2019\u00e9pine dorsale du syst\u00e8me est le panier robuste, utilis\u00e9 \u00e0 tout moment. Ce panier peut ensuite \u00eatre associ\u00e9 \u00e0 plusieurs accessoires diff\u00e9rents, faisant du Solo Rescue la laveuse de d\u00e9contamination la plus polyvalente. Les accessoires comprennent des supports pour les ARI, les masques, les bottes, les gants, les casques et les petites pi\u00e8ces (par exemple, les r\u00e9gulateurs, les connecteurs de pression, etc.).<\/p>\n<p><strong>Nettoyer le mat\u00e9riel en moins de 10 minutes<\/strong><\/p>\n<p>Le Solo Rescue offre le moyen le plus simple, le plus rapide et le plus s\u00fbr de nettoyer votre EPI contamin\u00e9. Le panneau de commande facile \u00e0 utiliser vous permet de choisir entre un cycle de 3 minutes pour les gants et les bottes ou un cycle de 8 minutes pour les ARI, les masques et les casques.<\/p>\n<p><strong>Solo Rescue\u00ae \u2013 Syst\u00e8me de panier et accessoires<\/strong><\/p>\n<p>Tout ce dont vous avez besoin pour nettoyer vos ARI, masques, bottes, gants, casques et pi\u00e8ces encore plus petites telles que les r\u00e9gulateurs et les connecteurs de pression contamin\u00e9s.<\/p>\n<p><a href=\"https:\/\/staging.safetysourcefire.ca\/wp-content\/uploads\/2023\/09\/solo-rescue-brochure-rev-1_2023-en-us.pdf\">T\u00e9l\u00e9charger la brochure<\/a><\/p>\n<p>&nbsp;<\/p>\n<p style=\"text-align: center;\"><iframe class=\"youtube-video\" title=\"lecteur vid\u00e9o YouTube\" src=\"https:\/\/www.youtube.com\/embed\/HepALbnSdCU?si=McseCDo27qV76kdR\" frameborder=\"0\" allowfullscreen=\"allowfullscreen\"><span data-mce-type=\"bookmark\" style=\"display: inline-block; width: 0px; overflow: hidden; line-height: 0;\" class=\"mce_SELRES_start\"><\/span><\/iframe><\/p>\n<p>&nbsp;<\/p>\n<p>&nbsp;<\/p>\n<p style=\"text-align: center;\"><iframe class=\"youtube-video\" title=\"lecteur vid\u00e9o YouTube\" src=\"https:\/\/www.youtube.com\/embed\/cExYud6sR8o?si=nKjC1p4sWbLvTi51\" frameborder=\"0\" allowfullscreen=\"allowfullscreen\"><\/iframe><\/p>\n<p>&nbsp;<\/p>\n<p><strong>DeconFilter\u2122 Pro S<a href=\"https:\/\/staging.safetysourcefire.ca\/wp-content\/uploads\/2023\/09\/deconfilter-pro-s-perspective-backdrop-blurred.jpg\"><img loading=\"lazy\" decoding=\"async\" class=\"wp-image-28040 alignright\" src=\"https:\/\/staging.safetysourcefire.ca\/wp-content\/uploads\/2023\/09\/deconfilter-pro-s-perspective-backdrop-blurred.jpg\" alt=\"decon filter\" width=\"228\" height=\"228\" srcset=\"https:\/\/staging.safetysourcefire.ca\/wp-content\/uploads\/2023\/09\/deconfilter-pro-s-perspective-backdrop-blurred.jpg 600w, https:\/\/staging.safetysourcefire.ca\/wp-content\/uploads\/2023\/09\/deconfilter-pro-s-perspective-backdrop-blurred-300x300.jpg 300w, https:\/\/staging.safetysourcefire.ca\/wp-content\/uploads\/2023\/09\/deconfilter-pro-s-perspective-backdrop-blurred-150x150.jpg 150w, https:\/\/staging.safetysourcefire.ca\/wp-content\/uploads\/2023\/09\/deconfilter-pro-s-perspective-backdrop-blurred-12x12.jpg 12w, https:\/\/staging.safetysourcefire.ca\/wp-content\/uploads\/2023\/09\/deconfilter-pro-s-perspective-backdrop-blurred-324x324.jpg 324w, https:\/\/staging.safetysourcefire.ca\/wp-content\/uploads\/2023\/09\/deconfilter-pro-s-perspective-backdrop-blurred-416x416.jpg 416w, https:\/\/staging.safetysourcefire.ca\/wp-content\/uploads\/2023\/09\/deconfilter-pro-s-perspective-backdrop-blurred-100x100.jpg 100w\" sizes=\"auto, (max-width: 228px) 100vw, 228px\" \/><\/a><\/strong><\/p>\n<p>Le compl\u00e9ment parfait \u00e0 votre Solo Rescue. Un moyen simple et s\u00fbr de r\u00e9duire les substances canc\u00e9rig\u00e8nes provenant de vos eaux us\u00e9es. Le DeconFilter Pro S a \u00e9t\u00e9 d\u00e9velopp\u00e9 pour fonctionner parfaitement avec le Solo Rescue et s&#039;adapte parfaitement sur le c\u00f4t\u00e9 droit des machines \u00e0 l&#039;aide d&#039;un support de filtre sp\u00e9cial. Il est \u00e9galement possible de monter le syst\u00e8me de filtre au mur pour plus de commodit\u00e9 si n\u00e9cessaire. Le syst\u00e8me de filtre Solo Rescue est livr\u00e9 avec un r\u00e9servoir d&#039;eau externe, comprenant un filtre \u00e0 charpie et une pompe de vidange.<\/p>\n<p><strong>Technologie de filtration optimis\u00e9e<\/strong><\/p>\n<p>Le DeconFilter Pro S se concentre sur l\u2019extraction et la r\u00e9duction de la quantit\u00e9 de substances HAP canc\u00e9rig\u00e8nes dans les eaux us\u00e9es Solo Rescue. Lors de tests effectu\u00e9s dans un service d&#039;incendie et un centre de formation de pompiers dans le sud de la Su\u00e8de, des \u00e9chantillons d&#039;eaux us\u00e9es ont \u00e9t\u00e9 pr\u00e9lev\u00e9s sur la laveuse de d\u00e9contamination Solo Rescue apr\u00e8s plusieurs exercices de formation et op\u00e9rations de sauvetage. Ils ont ensuite \u00e9t\u00e9 envoy\u00e9s \u00e0 un laboratoire tiers externe pour tests. Ces tests en laboratoire ont montr\u00e9 que le DeconFilter Pro S r\u00e9duisait la quantit\u00e9 de compos\u00e9s HAP M et HAP (tous deux actuellement class\u00e9s comme canc\u00e9rig\u00e8nes par l&#039;EPA su\u00e9doise) dans les eaux us\u00e9es jusqu&#039;\u00e0 981 TP3T ou en dessous du niveau de d\u00e9tection.<\/p>\n<p>Nous utilisons une filtration personnalis\u00e9e en plusieurs \u00e9tapes pour obtenir ces r\u00e9sultats, comprenant un filtre \u00e0 charpie, des filtres \u00e0 particules et un filtre \u00e0 charbon actif. Cela nous permet de capturer des particules de diff\u00e9rents types et tailles et d\u2019\u00e9viter qu\u2019elles ne soient rejet\u00e9es dans les \u00e9gouts.<\/p>\n<p>&nbsp;<\/p>","protected":false},"excerpt":{"rendered":"<p>D\u00e9contamination facile des ARI, des casques, des masques, des bottes, des gants et des outils. Le premier laveur de d\u00e9contamination ARI au monde.<\/p>","protected":false},"featured_media":28048,"template":"","meta":[],"product_brand":[619],"product_cat":[75,47,50,127],"product_tag":[618],"class_list":{"0":"post-28035","1":"product","2":"type-product","3":"status-publish","4":"has-post-thumbnail","6":"product_brand-rescue-intellitech","7":"product_cat-decontamination","8":"product_cat-hazmat","9":"product_cat-personal-protective-equipment","10":"product_cat-washers-dryers","11":"product_tag-rescue-intellitech","13":"first","14":"instock","15":"featured","16":"shipping-taxable","17":"product-type-simple"},"yoast_head":"<!-- This site is optimized with the Yoast SEO plugin v27.4 - https:\/\/yoast.com\/product\/yoast-seo-wordpress\/ -->\n<title>Solo Rescue\u00ae Decon Washer - Safety Source Fire<\/title>\n<meta name=\"robots\" content=\"noindex, follow, max-snippet:-1, max-image-preview:large, max-video-preview:-1\" \/>\n<meta property=\"og:locale\" content=\"fr_CA\" \/>\n<meta property=\"og:type\" content=\"article\" \/>\n<meta property=\"og:title\" content=\"Solo Rescue\u00ae Decon Washer - Safety Source Fire\" \/>\n<meta property=\"og:description\" content=\"Easy decontamination of SCBA, helmets, facepieces, boots, gloves and tools. The world\u2019s first SCBA decon washer.\" \/>\n<meta property=\"og:url\" content=\"https:\/\/staging.safetysourcefire.ca\/fr_ca\/produit\/solo-rescue-decon-washer\/\" \/>\n<meta property=\"og:site_name\" content=\"Safety Source Fire\" \/>\n<meta property=\"article:publisher\" content=\"https:\/\/www.facebook.com\/mmfssca\" \/>\n<meta property=\"article:modified_time\" content=\"2025-03-13T11:51:56+00:00\" \/>\n<meta property=\"og:image\" content=\"https:\/\/staging.safetysourcefire.ca\/wp-content\/uploads\/2023\/09\/solo-rescue-optimized-cleaning.jpg\" \/>\n\t<meta property=\"og:image:width\" content=\"600\" \/>\n\t<meta property=\"og:image:height\" content=\"600\" \/>\n\t<meta property=\"og:image:type\" content=\"image\/jpeg\" \/>\n<meta name=\"twitter:card\" content=\"summary_large_image\" \/>\n<meta name=\"twitter:site\" content=\"@mmfssca\" \/>\n<meta name=\"twitter:label1\" content=\"Estimation du temps de lecture\" \/>\n\t<meta name=\"twitter:data1\" content=\"4 minutes\" \/>\n<script type=\"application\/ld+json\" class=\"yoast-schema-graph\">{\"@context\":\"https:\\\/\\\/schema.org\",\"@graph\":[{\"@type\":\"WebPage\",\"@id\":\"https:\\\/\\\/staging.safetysourcefire.ca\\\/product\\\/solo-rescue-decon-washer\\\/\",\"url\":\"https:\\\/\\\/staging.safetysourcefire.ca\\\/product\\\/solo-rescue-decon-washer\\\/\",\"name\":\"Solo Rescue\u00ae Decon Washer - Safety Source Fire\",\"isPartOf\":{\"@id\":\"https:\\\/\\\/staging.safetysourcefire.ca\\\/#website\"},\"primaryImageOfPage\":{\"@id\":\"https:\\\/\\\/staging.safetysourcefire.ca\\\/product\\\/solo-rescue-decon-washer\\\/#primaryimage\"},\"image\":{\"@id\":\"https:\\\/\\\/staging.safetysourcefire.ca\\\/product\\\/solo-rescue-decon-washer\\\/#primaryimage\"},\"thumbnailUrl\":\"https:\\\/\\\/staging.safetysourcefire.ca\\\/wp-content\\\/uploads\\\/2023\\\/09\\\/solo-rescue-optimized-cleaning.jpg\",\"datePublished\":\"2023-09-12T13:46:41+00:00\",\"dateModified\":\"2025-03-13T11:51:56+00:00\",\"breadcrumb\":{\"@id\":\"https:\\\/\\\/staging.safetysourcefire.ca\\\/product\\\/solo-rescue-decon-washer\\\/#breadcrumb\"},\"inLanguage\":\"fr-CA\",\"potentialAction\":[{\"@type\":\"ReadAction\",\"target\":[\"https:\\\/\\\/staging.safetysourcefire.ca\\\/product\\\/solo-rescue-decon-washer\\\/\"]}]},{\"@type\":\"ImageObject\",\"inLanguage\":\"fr-CA\",\"@id\":\"https:\\\/\\\/staging.safetysourcefire.ca\\\/product\\\/solo-rescue-decon-washer\\\/#primaryimage\",\"url\":\"https:\\\/\\\/staging.safetysourcefire.ca\\\/wp-content\\\/uploads\\\/2023\\\/09\\\/solo-rescue-optimized-cleaning.jpg\",\"contentUrl\":\"https:\\\/\\\/staging.safetysourcefire.ca\\\/wp-content\\\/uploads\\\/2023\\\/09\\\/solo-rescue-optimized-cleaning.jpg\",\"width\":600,\"height\":600,\"caption\":\"solo rescue\"},{\"@type\":\"BreadcrumbList\",\"@id\":\"https:\\\/\\\/staging.safetysourcefire.ca\\\/product\\\/solo-rescue-decon-washer\\\/#breadcrumb\",\"itemListElement\":[{\"@type\":\"ListItem\",\"position\":1,\"name\":\"Home\",\"item\":\"https:\\\/\\\/staging.safetysourcefire.ca\\\/\"},{\"@type\":\"ListItem\",\"position\":2,\"name\":\"Products\",\"item\":\"https:\\\/\\\/staging.safetysourcefire.ca\\\/shop\\\/\"},{\"@type\":\"ListItem\",\"position\":3,\"name\":\"Solo Rescue\u00ae Decon Washer\"}]},{\"@type\":\"WebSite\",\"@id\":\"https:\\\/\\\/staging.safetysourcefire.ca\\\/#website\",\"url\":\"https:\\\/\\\/staging.safetysourcefire.ca\\\/\",\"name\":\"Safety Source Fire\",\"description\":\"\",\"publisher\":{\"@id\":\"https:\\\/\\\/staging.safetysourcefire.ca\\\/#organization\"},\"potentialAction\":[{\"@type\":\"SearchAction\",\"target\":{\"@type\":\"EntryPoint\",\"urlTemplate\":\"https:\\\/\\\/staging.safetysourcefire.ca\\\/?s={search_term_string}\"},\"query-input\":{\"@type\":\"PropertyValueSpecification\",\"valueRequired\":true,\"valueName\":\"search_term_string\"}}],\"inLanguage\":\"fr-CA\"},{\"@type\":\"Organization\",\"@id\":\"https:\\\/\\\/staging.safetysourcefire.ca\\\/#organization\",\"name\":\"Safety Source Fire\",\"url\":\"https:\\\/\\\/staging.safetysourcefire.ca\\\/\",\"logo\":{\"@type\":\"ImageObject\",\"inLanguage\":\"fr-CA\",\"@id\":\"https:\\\/\\\/staging.safetysourcefire.ca\\\/#\\\/schema\\\/logo\\\/image\\\/\",\"url\":\"https:\\\/\\\/staging.safetysourcefire.ca\\\/wp-content\\\/uploads\\\/2021\\\/01\\\/SSF_logo_CC0000-3.png\",\"contentUrl\":\"https:\\\/\\\/staging.safetysourcefire.ca\\\/wp-content\\\/uploads\\\/2021\\\/01\\\/SSF_logo_CC0000-3.png\",\"width\":1107,\"height\":365,\"caption\":\"Safety Source Fire\"},\"image\":{\"@id\":\"https:\\\/\\\/staging.safetysourcefire.ca\\\/#\\\/schema\\\/logo\\\/image\\\/\"},\"sameAs\":[\"https:\\\/\\\/www.facebook.com\\\/mmfssca\",\"https:\\\/\\\/x.com\\\/mmfssca\"]}]}<\/script>\n<!-- \/ Yoast SEO plugin. -->","yoast_head_json":{"title":"Laveuse Solo Rescue\u00ae Decon - Incendie \u00e0 source de s\u00e9curit\u00e9","robots":{"index":"noindex","follow":"follow","max-snippet":"max-snippet:-1","max-image-preview":"max-image-preview:large","max-video-preview":"max-video-preview:-1"},"og_locale":"fr_CA","og_type":"article","og_title":"Solo Rescue\u00ae Decon Washer - Safety Source Fire","og_description":"Easy decontamination of SCBA, helmets, facepieces, boots, gloves and tools. The world\u2019s first SCBA decon washer.","og_url":"https:\/\/staging.safetysourcefire.ca\/fr_ca\/produit\/solo-rescue-decon-washer\/","og_site_name":"Safety Source Fire","article_publisher":"https:\/\/www.facebook.com\/mmfssca","article_modified_time":"2025-03-13T11:51:56+00:00","og_image":[{"width":600,"height":600,"url":"https:\/\/staging.safetysourcefire.ca\/wp-content\/uploads\/2023\/09\/solo-rescue-optimized-cleaning.jpg","type":"image\/jpeg"}],"twitter_card":"summary_large_image","twitter_site":"@mmfssca","twitter_misc":{"Estimation du temps de lecture":"4 minutes"},"schema":{"@context":"https:\/\/schema.org","@graph":[{"@type":"WebPage","@id":"https:\/\/staging.safetysourcefire.ca\/product\/solo-rescue-decon-washer\/","url":"https:\/\/staging.safetysourcefire.ca\/product\/solo-rescue-decon-washer\/","name":"Laveuse Solo Rescue\u00ae Decon - Incendie \u00e0 source de s\u00e9curit\u00e9","isPartOf":{"@id":"https:\/\/staging.safetysourcefire.ca\/#website"},"primaryImageOfPage":{"@id":"https:\/\/staging.safetysourcefire.ca\/product\/solo-rescue-decon-washer\/#primaryimage"},"image":{"@id":"https:\/\/staging.safetysourcefire.ca\/product\/solo-rescue-decon-washer\/#primaryimage"},"thumbnailUrl":"https:\/\/staging.safetysourcefire.ca\/wp-content\/uploads\/2023\/09\/solo-rescue-optimized-cleaning.jpg","datePublished":"2023-09-12T13:46:41+00:00","dateModified":"2025-03-13T11:51:56+00:00","breadcrumb":{"@id":"https:\/\/staging.safetysourcefire.ca\/product\/solo-rescue-decon-washer\/#breadcrumb"},"inLanguage":"fr-CA","potentialAction":[{"@type":"ReadAction","target":["https:\/\/staging.safetysourcefire.ca\/product\/solo-rescue-decon-washer\/"]}]},{"@type":"ImageObject","inLanguage":"fr-CA","@id":"https:\/\/staging.safetysourcefire.ca\/product\/solo-rescue-decon-washer\/#primaryimage","url":"https:\/\/staging.safetysourcefire.ca\/wp-content\/uploads\/2023\/09\/solo-rescue-optimized-cleaning.jpg","contentUrl":"https:\/\/staging.safetysourcefire.ca\/wp-content\/uploads\/2023\/09\/solo-rescue-optimized-cleaning.jpg","width":600,"height":600,"caption":"solo rescue"},{"@type":"BreadcrumbList","@id":"https:\/\/staging.safetysourcefire.ca\/product\/solo-rescue-decon-washer\/#breadcrumb","itemListElement":[{"@type":"ListItem","position":1,"name":"Home","item":"https:\/\/staging.safetysourcefire.ca\/"},{"@type":"ListItem","position":2,"name":"Products","item":"https:\/\/staging.safetysourcefire.ca\/shop\/"},{"@type":"ListItem","position":3,"name":"Solo Rescue\u00ae Decon Washer"}]},{"@type":"WebSite","@id":"https:\/\/staging.safetysourcefire.ca\/#website","url":"https:\/\/staging.safetysourcefire.ca\/","name":"Safety Source Fire","description":"","publisher":{"@id":"https:\/\/staging.safetysourcefire.ca\/#organization"},"potentialAction":[{"@type":"SearchAction","target":{"@type":"EntryPoint","urlTemplate":"https:\/\/staging.safetysourcefire.ca\/?s={search_term_string}"},"query-input":{"@type":"PropertyValueSpecification","valueRequired":true,"valueName":"search_term_string"}}],"inLanguage":"fr-CA"},{"@type":"Organization","@id":"https:\/\/staging.safetysourcefire.ca\/#organization","name":"Safety Source Fire","url":"https:\/\/staging.safetysourcefire.ca\/","logo":{"@type":"ImageObject","inLanguage":"fr-CA","@id":"https:\/\/staging.safetysourcefire.ca\/#\/schema\/logo\/image\/","url":"https:\/\/staging.safetysourcefire.ca\/wp-content\/uploads\/2021\/01\/SSF_logo_CC0000-3.png","contentUrl":"https:\/\/staging.safetysourcefire.ca\/wp-content\/uploads\/2021\/01\/SSF_logo_CC0000-3.png","width":1107,"height":365,"caption":"Safety Source Fire"},"image":{"@id":"https:\/\/staging.safetysourcefire.ca\/#\/schema\/logo\/image\/"},"sameAs":["https:\/\/www.facebook.com\/mmfssca","https:\/\/x.com\/mmfssca"]}]}},"_links":{"self":[{"href":"https:\/\/staging.safetysourcefire.ca\/fr_ca\/wp-json\/wp\/v2\/product\/28035","targetHints":{"allow":["GET"]}}],"collection":[{"href":"https:\/\/staging.safetysourcefire.ca\/fr_ca\/wp-json\/wp\/v2\/product"}],"about":[{"href":"https:\/\/staging.safetysourcefire.ca\/fr_ca\/wp-json\/wp\/v2\/types\/product"}],"wp:featuredmedia":[{"embeddable":true,"href":"https:\/\/staging.safetysourcefire.ca\/fr_ca\/wp-json\/wp\/v2\/media\/28048"}],"wp:attachment":[{"href":"https:\/\/staging.safetysourcefire.ca\/fr_ca\/wp-json\/wp\/v2\/media?parent=28035"}],"wp:term":[{"taxonomy":"product_brand","embeddable":true,"href":"https:\/\/staging.safetysourcefire.ca\/fr_ca\/wp-json\/wp\/v2\/product_brand?post=28035"},{"taxonomy":"product_cat","embeddable":true,"href":"https:\/\/staging.safetysourcefire.ca\/fr_ca\/wp-json\/wp\/v2\/product_cat?post=28035"},{"taxonomy":"product_tag","embeddable":true,"href":"https:\/\/staging.safetysourcefire.ca\/fr_ca\/wp-json\/wp\/v2\/product_tag?post=28035"}],"curies":[{"name":"wp","href":"https:\/\/api.w.org\/{rel}","templated":true}]}}