{"id":27943,"date":"2023-08-02T14:45:12","date_gmt":"2023-08-02T14:45:12","guid":{"rendered":"https:\/\/safetysourcefire.ca\/?post_type=product&#038;p=27943"},"modified":"2023-09-06T15:48:59","modified_gmt":"2023-09-06T15:48:59","slug":"electric-vehicle-ev-fire-blanket","status":"publish","type":"product","link":"https:\/\/staging.safetysourcefire.ca\/fr_ca\/produit\/electric-vehicle-ev-fire-blanket\/","title":{"rendered":"Couverture anti-feu pour v\u00e9hicules \u00e9lectriques (EV)"},"content":{"rendered":"<p>Les incendies de v\u00e9hicules \u00e9lectriques sont en augmentation aux \u00c9tats-Unis et au Canada. Ces incendies sont difficiles \u00e0 contenir, lib\u00e8rent des toxines et des agents canc\u00e9rig\u00e8nes dans l&#039;air et le sol, et peuvent n\u00e9cessiter des milliers de gallons d&#039;eau pour s&#039;\u00e9teindre. Les services d&#039;incendie re\u00e7oivent une formation sp\u00e9ciale et utilisent de nouvelles techniques pour lutter contre ces incendies.<\/p>\n<p>Fire Cloak USA est une premi\u00e8re ligne de d\u00e9fense pour supprimer un EV Fire.<\/p>\n<p>Au premier signe de danger, le Fire Cloak USA peut \u00eatre drap\u00e9 sur le v\u00e9hicule pour contenir un incendie potentiel. Si le v\u00e9hicule est d\u00e9j\u00e0 en feu, la couverture anti-feu EV peut \u00eatre utilis\u00e9e pour couvrir la voiture et \u00e9teindre les flammes. Fire Cloak USA n&#039;est pas seulement une solution d&#039;extinction d&#039;incendie mais aussi un dispositif de confinement.<\/p>\n<p>Les feux EV peuvent atteindre jusqu&#039;\u00e0 5000\u00ba par rapport \u00e0 1500\u00ba dans un feu ICE. Non seulement ils br\u00fblent plus chaud, mais les v\u00e9hicules \u00e9lectriques peuvent \u00e9galement se rallumer jusqu&#039;\u00e0 un mois plus tard en raison de \u00abl&#039;\u00e9nergie bloqu\u00e9e\u00bb dans la batterie lithium-ion.<\/p>\n<p>La forme d&#039;incendie la plus courante dans les v\u00e9hicules \u00e9lectriques ou hybrides est lorsque la batterie \u00e0 haute \u00e9nergie est endommag\u00e9e ou qu&#039;un d\u00e9faut de fabrication provoque l&#039;emballement de la batterie. C&#039;est \u00e0 ce moment qu&#039;une cellule court-circuite et que la chaleur g\u00e9n\u00e9r\u00e9e d\u00e9clenche un incendie. Ceci, \u00e0 son tour, cr\u00e9e un \u00ab effet domino \u00bb et le feu se propage de cellule en cellule.<\/p>\n<p>\u00c0 l&#039;heure actuelle, de nombreux services d&#039;incendie laissent simplement br\u00fbler le v\u00e9hicule \u00e9lectrique. Mais ce n&#039;est pas toujours une solution. Si un v\u00e9hicule \u00e9lectrique en charge dans un parking, une maison ou un terrain prend feu, cela pourrait entra\u00eener une d\u00e9vastation totale.<\/p>\n<p><em>Mallette de transport vendue s\u00e9par\u00e9ment.<\/em><\/p>\n<p><a href=\"https:\/\/staging.safetysourcefire.ca\/wp-content\/uploads\/2023\/08\/FireCloakBrochure.pdf\">T\u00e9l\u00e9chargez la brochure<\/a><\/p>\n<p style=\"text-align: center;\"><iframe class=\"youtube-video\" title=\"lecteur vid\u00e9o YouTube\" src=\"https:\/\/www.youtube.com\/embed\/7QYtZN3QmjU\" frameborder=\"0\" allowfullscreen=\"allowfullscreen\"><\/iframe><\/p>","protected":false},"excerpt":{"rendered":"<p>Fire Cloak USA est une premi\u00e8re ligne de d\u00e9fense pour supprimer un EV Fire.<\/p>","protected":false},"featured_media":27951,"template":"","meta":[],"product_brand":[613],"product_cat":[615,44],"product_tag":[614],"class_list":{"0":"post-27943","1":"product","2":"type-product","3":"status-publish","4":"has-post-thumbnail","6":"product_brand-fire-cloak-usa","7":"product_cat-fire-blankets","8":"product_cat-fire-suppression","9":"product_tag-fire-cloak","11":"first","12":"instock","13":"featured","14":"shipping-taxable","15":"product-type-simple"},"yoast_head":"<!-- This site is optimized with the Yoast SEO plugin v27.4 - https:\/\/yoast.com\/product\/yoast-seo-wordpress\/ -->\n<title>Electric Vehicle (EV) Fire Blanket - Safety Source Fire<\/title>\n<meta name=\"robots\" content=\"noindex, follow, max-snippet:-1, max-image-preview:large, max-video-preview:-1\" \/>\n<meta property=\"og:locale\" content=\"fr_CA\" \/>\n<meta property=\"og:type\" content=\"article\" \/>\n<meta property=\"og:title\" content=\"Electric Vehicle (EV) Fire Blanket - Safety Source Fire\" \/>\n<meta property=\"og:description\" content=\"Fire Cloak USA is a first line of defense in suppressing an EV Fire.\" \/>\n<meta property=\"og:url\" content=\"https:\/\/staging.safetysourcefire.ca\/fr_ca\/produit\/electric-vehicle-ev-fire-blanket\/\" \/>\n<meta property=\"og:site_name\" content=\"Safety Source Fire\" \/>\n<meta property=\"article:publisher\" content=\"https:\/\/www.facebook.com\/mmfssca\" \/>\n<meta property=\"article:modified_time\" content=\"2023-09-06T15:48:59+00:00\" \/>\n<meta property=\"og:image\" content=\"https:\/\/staging.safetysourcefire.ca\/wp-content\/uploads\/2023\/08\/bag_and_blanket.jpg\" \/>\n\t<meta property=\"og:image:width\" content=\"600\" \/>\n\t<meta property=\"og:image:height\" content=\"600\" \/>\n\t<meta property=\"og:image:type\" content=\"image\/jpeg\" \/>\n<meta name=\"twitter:card\" content=\"summary_large_image\" \/>\n<meta name=\"twitter:site\" content=\"@mmfssca\" \/>\n<meta name=\"twitter:label1\" content=\"Estimation du temps de lecture\" \/>\n\t<meta name=\"twitter:data1\" content=\"2 minutes\" \/>\n<script type=\"application\/ld+json\" class=\"yoast-schema-graph\">{\"@context\":\"https:\\\/\\\/schema.org\",\"@graph\":[{\"@type\":\"WebPage\",\"@id\":\"https:\\\/\\\/staging.safetysourcefire.ca\\\/product\\\/electric-vehicle-ev-fire-blanket\\\/\",\"url\":\"https:\\\/\\\/staging.safetysourcefire.ca\\\/product\\\/electric-vehicle-ev-fire-blanket\\\/\",\"name\":\"Electric Vehicle (EV) Fire Blanket - Safety Source Fire\",\"isPartOf\":{\"@id\":\"https:\\\/\\\/staging.safetysourcefire.ca\\\/#website\"},\"primaryImageOfPage\":{\"@id\":\"https:\\\/\\\/staging.safetysourcefire.ca\\\/product\\\/electric-vehicle-ev-fire-blanket\\\/#primaryimage\"},\"image\":{\"@id\":\"https:\\\/\\\/staging.safetysourcefire.ca\\\/product\\\/electric-vehicle-ev-fire-blanket\\\/#primaryimage\"},\"thumbnailUrl\":\"https:\\\/\\\/staging.safetysourcefire.ca\\\/wp-content\\\/uploads\\\/2023\\\/08\\\/bag_and_blanket.jpg\",\"datePublished\":\"2023-08-02T14:45:12+00:00\",\"dateModified\":\"2023-09-06T15:48:59+00:00\",\"breadcrumb\":{\"@id\":\"https:\\\/\\\/staging.safetysourcefire.ca\\\/product\\\/electric-vehicle-ev-fire-blanket\\\/#breadcrumb\"},\"inLanguage\":\"fr-CA\",\"potentialAction\":[{\"@type\":\"ReadAction\",\"target\":[\"https:\\\/\\\/staging.safetysourcefire.ca\\\/product\\\/electric-vehicle-ev-fire-blanket\\\/\"]}]},{\"@type\":\"ImageObject\",\"inLanguage\":\"fr-CA\",\"@id\":\"https:\\\/\\\/staging.safetysourcefire.ca\\\/product\\\/electric-vehicle-ev-fire-blanket\\\/#primaryimage\",\"url\":\"https:\\\/\\\/staging.safetysourcefire.ca\\\/wp-content\\\/uploads\\\/2023\\\/08\\\/bag_and_blanket.jpg\",\"contentUrl\":\"https:\\\/\\\/staging.safetysourcefire.ca\\\/wp-content\\\/uploads\\\/2023\\\/08\\\/bag_and_blanket.jpg\",\"width\":600,\"height\":600,\"caption\":\"blanket and bag\"},{\"@type\":\"BreadcrumbList\",\"@id\":\"https:\\\/\\\/staging.safetysourcefire.ca\\\/product\\\/electric-vehicle-ev-fire-blanket\\\/#breadcrumb\",\"itemListElement\":[{\"@type\":\"ListItem\",\"position\":1,\"name\":\"Home\",\"item\":\"https:\\\/\\\/staging.safetysourcefire.ca\\\/\"},{\"@type\":\"ListItem\",\"position\":2,\"name\":\"Products\",\"item\":\"https:\\\/\\\/staging.safetysourcefire.ca\\\/shop\\\/\"},{\"@type\":\"ListItem\",\"position\":3,\"name\":\"Electric Vehicle (EV) Fire Blanket\"}]},{\"@type\":\"WebSite\",\"@id\":\"https:\\\/\\\/staging.safetysourcefire.ca\\\/#website\",\"url\":\"https:\\\/\\\/staging.safetysourcefire.ca\\\/\",\"name\":\"Safety Source Fire\",\"description\":\"\",\"publisher\":{\"@id\":\"https:\\\/\\\/staging.safetysourcefire.ca\\\/#organization\"},\"potentialAction\":[{\"@type\":\"SearchAction\",\"target\":{\"@type\":\"EntryPoint\",\"urlTemplate\":\"https:\\\/\\\/staging.safetysourcefire.ca\\\/?s={search_term_string}\"},\"query-input\":{\"@type\":\"PropertyValueSpecification\",\"valueRequired\":true,\"valueName\":\"search_term_string\"}}],\"inLanguage\":\"fr-CA\"},{\"@type\":\"Organization\",\"@id\":\"https:\\\/\\\/staging.safetysourcefire.ca\\\/#organization\",\"name\":\"Safety Source Fire\",\"url\":\"https:\\\/\\\/staging.safetysourcefire.ca\\\/\",\"logo\":{\"@type\":\"ImageObject\",\"inLanguage\":\"fr-CA\",\"@id\":\"https:\\\/\\\/staging.safetysourcefire.ca\\\/#\\\/schema\\\/logo\\\/image\\\/\",\"url\":\"https:\\\/\\\/staging.safetysourcefire.ca\\\/wp-content\\\/uploads\\\/2021\\\/01\\\/SSF_logo_CC0000-3.png\",\"contentUrl\":\"https:\\\/\\\/staging.safetysourcefire.ca\\\/wp-content\\\/uploads\\\/2021\\\/01\\\/SSF_logo_CC0000-3.png\",\"width\":1107,\"height\":365,\"caption\":\"Safety Source Fire\"},\"image\":{\"@id\":\"https:\\\/\\\/staging.safetysourcefire.ca\\\/#\\\/schema\\\/logo\\\/image\\\/\"},\"sameAs\":[\"https:\\\/\\\/www.facebook.com\\\/mmfssca\",\"https:\\\/\\\/x.com\\\/mmfssca\"]}]}<\/script>\n<!-- \/ Yoast SEO plugin. -->","yoast_head_json":{"title":"Couverture anti-feu pour v\u00e9hicules \u00e9lectriques (VE) - S\u00e9curit\u00e9 incendie","robots":{"index":"noindex","follow":"follow","max-snippet":"max-snippet:-1","max-image-preview":"max-image-preview:large","max-video-preview":"max-video-preview:-1"},"og_locale":"fr_CA","og_type":"article","og_title":"Electric Vehicle (EV) Fire Blanket - Safety Source Fire","og_description":"Fire Cloak USA is a first line of defense in suppressing an EV Fire.","og_url":"https:\/\/staging.safetysourcefire.ca\/fr_ca\/produit\/electric-vehicle-ev-fire-blanket\/","og_site_name":"Safety Source Fire","article_publisher":"https:\/\/www.facebook.com\/mmfssca","article_modified_time":"2023-09-06T15:48:59+00:00","og_image":[{"width":600,"height":600,"url":"https:\/\/staging.safetysourcefire.ca\/wp-content\/uploads\/2023\/08\/bag_and_blanket.jpg","type":"image\/jpeg"}],"twitter_card":"summary_large_image","twitter_site":"@mmfssca","twitter_misc":{"Estimation du temps de lecture":"2 minutes"},"schema":{"@context":"https:\/\/schema.org","@graph":[{"@type":"WebPage","@id":"https:\/\/staging.safetysourcefire.ca\/product\/electric-vehicle-ev-fire-blanket\/","url":"https:\/\/staging.safetysourcefire.ca\/product\/electric-vehicle-ev-fire-blanket\/","name":"Couverture anti-feu pour v\u00e9hicules \u00e9lectriques (VE) - S\u00e9curit\u00e9 incendie","isPartOf":{"@id":"https:\/\/staging.safetysourcefire.ca\/#website"},"primaryImageOfPage":{"@id":"https:\/\/staging.safetysourcefire.ca\/product\/electric-vehicle-ev-fire-blanket\/#primaryimage"},"image":{"@id":"https:\/\/staging.safetysourcefire.ca\/product\/electric-vehicle-ev-fire-blanket\/#primaryimage"},"thumbnailUrl":"https:\/\/staging.safetysourcefire.ca\/wp-content\/uploads\/2023\/08\/bag_and_blanket.jpg","datePublished":"2023-08-02T14:45:12+00:00","dateModified":"2023-09-06T15:48:59+00:00","breadcrumb":{"@id":"https:\/\/staging.safetysourcefire.ca\/product\/electric-vehicle-ev-fire-blanket\/#breadcrumb"},"inLanguage":"fr-CA","potentialAction":[{"@type":"ReadAction","target":["https:\/\/staging.safetysourcefire.ca\/product\/electric-vehicle-ev-fire-blanket\/"]}]},{"@type":"ImageObject","inLanguage":"fr-CA","@id":"https:\/\/staging.safetysourcefire.ca\/product\/electric-vehicle-ev-fire-blanket\/#primaryimage","url":"https:\/\/staging.safetysourcefire.ca\/wp-content\/uploads\/2023\/08\/bag_and_blanket.jpg","contentUrl":"https:\/\/staging.safetysourcefire.ca\/wp-content\/uploads\/2023\/08\/bag_and_blanket.jpg","width":600,"height":600,"caption":"blanket and bag"},{"@type":"BreadcrumbList","@id":"https:\/\/staging.safetysourcefire.ca\/product\/electric-vehicle-ev-fire-blanket\/#breadcrumb","itemListElement":[{"@type":"ListItem","position":1,"name":"Home","item":"https:\/\/staging.safetysourcefire.ca\/"},{"@type":"ListItem","position":2,"name":"Products","item":"https:\/\/staging.safetysourcefire.ca\/shop\/"},{"@type":"ListItem","position":3,"name":"Electric Vehicle (EV) Fire Blanket"}]},{"@type":"WebSite","@id":"https:\/\/staging.safetysourcefire.ca\/#website","url":"https:\/\/staging.safetysourcefire.ca\/","name":"Safety Source Fire","description":"","publisher":{"@id":"https:\/\/staging.safetysourcefire.ca\/#organization"},"potentialAction":[{"@type":"SearchAction","target":{"@type":"EntryPoint","urlTemplate":"https:\/\/staging.safetysourcefire.ca\/?s={search_term_string}"},"query-input":{"@type":"PropertyValueSpecification","valueRequired":true,"valueName":"search_term_string"}}],"inLanguage":"fr-CA"},{"@type":"Organization","@id":"https:\/\/staging.safetysourcefire.ca\/#organization","name":"Safety Source Fire","url":"https:\/\/staging.safetysourcefire.ca\/","logo":{"@type":"ImageObject","inLanguage":"fr-CA","@id":"https:\/\/staging.safetysourcefire.ca\/#\/schema\/logo\/image\/","url":"https:\/\/staging.safetysourcefire.ca\/wp-content\/uploads\/2021\/01\/SSF_logo_CC0000-3.png","contentUrl":"https:\/\/staging.safetysourcefire.ca\/wp-content\/uploads\/2021\/01\/SSF_logo_CC0000-3.png","width":1107,"height":365,"caption":"Safety Source Fire"},"image":{"@id":"https:\/\/staging.safetysourcefire.ca\/#\/schema\/logo\/image\/"},"sameAs":["https:\/\/www.facebook.com\/mmfssca","https:\/\/x.com\/mmfssca"]}]}},"_links":{"self":[{"href":"https:\/\/staging.safetysourcefire.ca\/fr_ca\/wp-json\/wp\/v2\/product\/27943","targetHints":{"allow":["GET"]}}],"collection":[{"href":"https:\/\/staging.safetysourcefire.ca\/fr_ca\/wp-json\/wp\/v2\/product"}],"about":[{"href":"https:\/\/staging.safetysourcefire.ca\/fr_ca\/wp-json\/wp\/v2\/types\/product"}],"wp:featuredmedia":[{"embeddable":true,"href":"https:\/\/staging.safetysourcefire.ca\/fr_ca\/wp-json\/wp\/v2\/media\/27951"}],"wp:attachment":[{"href":"https:\/\/staging.safetysourcefire.ca\/fr_ca\/wp-json\/wp\/v2\/media?parent=27943"}],"wp:term":[{"taxonomy":"product_brand","embeddable":true,"href":"https:\/\/staging.safetysourcefire.ca\/fr_ca\/wp-json\/wp\/v2\/product_brand?post=27943"},{"taxonomy":"product_cat","embeddable":true,"href":"https:\/\/staging.safetysourcefire.ca\/fr_ca\/wp-json\/wp\/v2\/product_cat?post=27943"},{"taxonomy":"product_tag","embeddable":true,"href":"https:\/\/staging.safetysourcefire.ca\/fr_ca\/wp-json\/wp\/v2\/product_tag?post=27943"}],"curies":[{"name":"wp","href":"https:\/\/api.w.org\/{rel}","templated":true}]}}