{"id":27851,"date":"2023-06-16T19:01:42","date_gmt":"2023-06-16T19:01:42","guid":{"rendered":"https:\/\/safetysourcefire.ca\/?post_type=product&#038;p=27851"},"modified":"2025-05-26T15:45:05","modified_gmt":"2025-05-26T15:45:05","slug":"commando","status":"publish","type":"product","link":"https:\/\/staging.safetysourcefire.ca\/fr_ca\/produit\/commando\/","title":{"rendered":"Commando"},"content":{"rendered":"<p>Comme tous les ventilateurs BlowHard, le Commando est \u00e9quip\u00e9 de la technologie de commutation \u00e0 double alimentation de BlowHard pour basculer automatiquement entre la batterie et la climatisation (selon la source d&#039;alimentation), \u00e9liminant ainsi le risque d&#039;\u00e9missions des moteurs \u00e0 essence contribuant \u00e0 une atmosph\u00e8re d\u00e9j\u00e0 dangereuse. Capable de produire un CFM maximum de 16 300, il a plus qu&#039;assez de puissance pour pratiquement n&#039;importe quel travail.<\/p>\n<ul>\n<li>Taille de la lame : 24&quot; (610 mm)<\/li>\n<li>Taille : 25 \u00bc&quot; x 25 \u00bc&quot; x 10 \u00bd&quot; (642mm x 642mm x 261mm)<\/li>\n<li>Poids\u00a0: 62\u00a0lb (28\u00a0kg)<\/li>\n<li>Max CFM\u00a0: 16\u00a0300 \u00e9quivalent AMCA (27\u00a0694 m3\/h)<\/li>\n<li>D\u00e9bit d&#039;air ouvert : 34\u00a0000 CFM (57\u00a0600 m3\/h)<\/li>\n<li>Batterie : Li-Ion<\/li>\n<li>Autonomie : 45+ minutes \u00e0 16 300 CFM (27 694 m3\/h), 4 heures \u00e0 9 000 CFM (15 290 m3\/h), 6 heures \u00e0 8 000 CFM (13 590 m3\/h)<\/li>\n<li>Temps de charge : 0% \u2013 90% en 2 heures. Temps de charge complet 3 heures. Pas de m\u00e9moire.<\/li>\n<li>Cycle de vie de la batterie : jusqu&#039;\u00e0 500 d\u00e9charges compl\u00e8tes, standard de l&#039;industrie.<\/li>\n<li>Double alimentation : fonctionne sur batterie ou sur secteur, commutation automatique transparente.<\/li>\n<li>Indice de protection : IP-67<\/li>\n<li>Son\u00a0: 91\u00a0dB \u00e0 3\u00a0m (10\u00a0pi)<\/li>\n<li>Inclinaison : 0 \u2013 180 degr\u00e9s<\/li>\n<li>Indicateur de capacit\u00e9 de la batterie<\/li>\n<li>LED d&#039;\u00e9clairage de chemin d&#039;angle r\u00e9glable<\/li>\n<li>2 ans de garantie<\/li>\n<\/ul>\n<p style=\"text-align: center;\"><iframe loading=\"lazy\" class=\"youtubevideo\" title=\"lecteur vid\u00e9o YouTube\" src=\"https:\/\/www.youtube.com\/embed\/6cNjw-yku4s?si=DoeKkaHWoOTEFq6K\" width=\"560\" height=\"315\" frameborder=\"0\" allowfullscreen=\"allowfullscreen\"><span data-mce-type=\"bookmark\" style=\"display: inline-block; width: 0px; overflow: hidden; line-height: 0;\" class=\"mce_SELRES_start\"><\/span><\/iframe><\/p>","protected":false},"excerpt":{"rendered":"<p>Une version plus grande du Quickee qui est plus puissante que m\u00eame certaines options \u00e0 essence, le Commando est suffisamment l\u00e9ger et ergonomique pour \u00eatre configur\u00e9 et utilis\u00e9 par une seule personne.<\/p>","protected":false},"featured_media":27855,"template":"","meta":[],"product_brand":[196],"product_cat":[129,51],"product_tag":[264],"class_list":{"0":"post-27851","1":"product","2":"type-product","3":"status-publish","4":"has-post-thumbnail","6":"product_brand-blowhard","7":"product_cat-fans","8":"product_cat-rescue","9":"product_tag-blowhard","11":"first","12":"instock","13":"shipping-taxable","14":"product-type-simple"},"yoast_head":"<!-- This site is optimized with the Yoast SEO plugin v27.4 - https:\/\/yoast.com\/product\/yoast-seo-wordpress\/ -->\n<title>Commando - Safety Source Fire<\/title>\n<meta name=\"robots\" content=\"noindex, follow, max-snippet:-1, max-image-preview:large, max-video-preview:-1\" \/>\n<meta property=\"og:locale\" content=\"fr_CA\" \/>\n<meta property=\"og:type\" content=\"article\" \/>\n<meta property=\"og:title\" content=\"Commando - Safety Source Fire\" \/>\n<meta property=\"og:description\" content=\"A bigger version of the Quickee that is more powerful than even some gasoline-powered options, the Commando is light-weight and ergonomic enough to be set up and operated by a single person.\" \/>\n<meta property=\"og:url\" content=\"https:\/\/staging.safetysourcefire.ca\/fr_ca\/produit\/commando\/\" \/>\n<meta property=\"og:site_name\" content=\"Safety Source Fire\" \/>\n<meta property=\"article:publisher\" content=\"https:\/\/www.facebook.com\/mmfssca\" \/>\n<meta property=\"article:modified_time\" content=\"2025-05-26T15:45:05+00:00\" \/>\n<meta property=\"og:image\" content=\"https:\/\/staging.safetysourcefire.ca\/wp-content\/uploads\/2023\/06\/Commando.jpg\" \/>\n\t<meta property=\"og:image:width\" content=\"600\" \/>\n\t<meta property=\"og:image:height\" content=\"600\" \/>\n\t<meta property=\"og:image:type\" content=\"image\/jpeg\" \/>\n<meta name=\"twitter:card\" content=\"summary_large_image\" \/>\n<meta name=\"twitter:site\" content=\"@mmfssca\" \/>\n<meta name=\"twitter:label1\" content=\"Estimation du temps de lecture\" \/>\n\t<meta name=\"twitter:data1\" content=\"1 minute\" \/>\n<script type=\"application\/ld+json\" class=\"yoast-schema-graph\">{\"@context\":\"https:\\\/\\\/schema.org\",\"@graph\":[{\"@type\":\"WebPage\",\"@id\":\"https:\\\/\\\/staging.safetysourcefire.ca\\\/product\\\/commando\\\/\",\"url\":\"https:\\\/\\\/staging.safetysourcefire.ca\\\/product\\\/commando\\\/\",\"name\":\"Commando - Safety Source Fire\",\"isPartOf\":{\"@id\":\"https:\\\/\\\/staging.safetysourcefire.ca\\\/#website\"},\"primaryImageOfPage\":{\"@id\":\"https:\\\/\\\/staging.safetysourcefire.ca\\\/product\\\/commando\\\/#primaryimage\"},\"image\":{\"@id\":\"https:\\\/\\\/staging.safetysourcefire.ca\\\/product\\\/commando\\\/#primaryimage\"},\"thumbnailUrl\":\"https:\\\/\\\/staging.safetysourcefire.ca\\\/wp-content\\\/uploads\\\/2023\\\/06\\\/Commando.jpg\",\"datePublished\":\"2023-06-16T19:01:42+00:00\",\"dateModified\":\"2025-05-26T15:45:05+00:00\",\"breadcrumb\":{\"@id\":\"https:\\\/\\\/staging.safetysourcefire.ca\\\/product\\\/commando\\\/#breadcrumb\"},\"inLanguage\":\"fr-CA\",\"potentialAction\":[{\"@type\":\"ReadAction\",\"target\":[\"https:\\\/\\\/staging.safetysourcefire.ca\\\/product\\\/commando\\\/\"]}]},{\"@type\":\"ImageObject\",\"inLanguage\":\"fr-CA\",\"@id\":\"https:\\\/\\\/staging.safetysourcefire.ca\\\/product\\\/commando\\\/#primaryimage\",\"url\":\"https:\\\/\\\/staging.safetysourcefire.ca\\\/wp-content\\\/uploads\\\/2023\\\/06\\\/Commando.jpg\",\"contentUrl\":\"https:\\\/\\\/staging.safetysourcefire.ca\\\/wp-content\\\/uploads\\\/2023\\\/06\\\/Commando.jpg\",\"width\":600,\"height\":600,\"caption\":\"Commando\"},{\"@type\":\"BreadcrumbList\",\"@id\":\"https:\\\/\\\/staging.safetysourcefire.ca\\\/product\\\/commando\\\/#breadcrumb\",\"itemListElement\":[{\"@type\":\"ListItem\",\"position\":1,\"name\":\"Home\",\"item\":\"https:\\\/\\\/staging.safetysourcefire.ca\\\/\"},{\"@type\":\"ListItem\",\"position\":2,\"name\":\"Products\",\"item\":\"https:\\\/\\\/staging.safetysourcefire.ca\\\/shop\\\/\"},{\"@type\":\"ListItem\",\"position\":3,\"name\":\"Commando\"}]},{\"@type\":\"WebSite\",\"@id\":\"https:\\\/\\\/staging.safetysourcefire.ca\\\/#website\",\"url\":\"https:\\\/\\\/staging.safetysourcefire.ca\\\/\",\"name\":\"Safety Source Fire\",\"description\":\"\",\"publisher\":{\"@id\":\"https:\\\/\\\/staging.safetysourcefire.ca\\\/#organization\"},\"potentialAction\":[{\"@type\":\"SearchAction\",\"target\":{\"@type\":\"EntryPoint\",\"urlTemplate\":\"https:\\\/\\\/staging.safetysourcefire.ca\\\/?s={search_term_string}\"},\"query-input\":{\"@type\":\"PropertyValueSpecification\",\"valueRequired\":true,\"valueName\":\"search_term_string\"}}],\"inLanguage\":\"fr-CA\"},{\"@type\":\"Organization\",\"@id\":\"https:\\\/\\\/staging.safetysourcefire.ca\\\/#organization\",\"name\":\"Safety Source Fire\",\"url\":\"https:\\\/\\\/staging.safetysourcefire.ca\\\/\",\"logo\":{\"@type\":\"ImageObject\",\"inLanguage\":\"fr-CA\",\"@id\":\"https:\\\/\\\/staging.safetysourcefire.ca\\\/#\\\/schema\\\/logo\\\/image\\\/\",\"url\":\"https:\\\/\\\/staging.safetysourcefire.ca\\\/wp-content\\\/uploads\\\/2021\\\/01\\\/SSF_logo_CC0000-3.png\",\"contentUrl\":\"https:\\\/\\\/staging.safetysourcefire.ca\\\/wp-content\\\/uploads\\\/2021\\\/01\\\/SSF_logo_CC0000-3.png\",\"width\":1107,\"height\":365,\"caption\":\"Safety Source Fire\"},\"image\":{\"@id\":\"https:\\\/\\\/staging.safetysourcefire.ca\\\/#\\\/schema\\\/logo\\\/image\\\/\"},\"sameAs\":[\"https:\\\/\\\/www.facebook.com\\\/mmfssca\",\"https:\\\/\\\/x.com\\\/mmfssca\"]}]}<\/script>\n<!-- \/ Yoast SEO plugin. -->","yoast_head_json":{"title":"Commando - Source de s\u00e9curit\u00e9 incendie","robots":{"index":"noindex","follow":"follow","max-snippet":"max-snippet:-1","max-image-preview":"max-image-preview:large","max-video-preview":"max-video-preview:-1"},"og_locale":"fr_CA","og_type":"article","og_title":"Commando - Safety Source Fire","og_description":"A bigger version of the Quickee that is more powerful than even some gasoline-powered options, the Commando is light-weight and ergonomic enough to be set up and operated by a single person.","og_url":"https:\/\/staging.safetysourcefire.ca\/fr_ca\/produit\/commando\/","og_site_name":"Safety Source Fire","article_publisher":"https:\/\/www.facebook.com\/mmfssca","article_modified_time":"2025-05-26T15:45:05+00:00","og_image":[{"width":600,"height":600,"url":"https:\/\/staging.safetysourcefire.ca\/wp-content\/uploads\/2023\/06\/Commando.jpg","type":"image\/jpeg"}],"twitter_card":"summary_large_image","twitter_site":"@mmfssca","twitter_misc":{"Estimation du temps de lecture":"1 minute"},"schema":{"@context":"https:\/\/schema.org","@graph":[{"@type":"WebPage","@id":"https:\/\/staging.safetysourcefire.ca\/product\/commando\/","url":"https:\/\/staging.safetysourcefire.ca\/product\/commando\/","name":"Commando - Source de s\u00e9curit\u00e9 incendie","isPartOf":{"@id":"https:\/\/staging.safetysourcefire.ca\/#website"},"primaryImageOfPage":{"@id":"https:\/\/staging.safetysourcefire.ca\/product\/commando\/#primaryimage"},"image":{"@id":"https:\/\/staging.safetysourcefire.ca\/product\/commando\/#primaryimage"},"thumbnailUrl":"https:\/\/staging.safetysourcefire.ca\/wp-content\/uploads\/2023\/06\/Commando.jpg","datePublished":"2023-06-16T19:01:42+00:00","dateModified":"2025-05-26T15:45:05+00:00","breadcrumb":{"@id":"https:\/\/staging.safetysourcefire.ca\/product\/commando\/#breadcrumb"},"inLanguage":"fr-CA","potentialAction":[{"@type":"ReadAction","target":["https:\/\/staging.safetysourcefire.ca\/product\/commando\/"]}]},{"@type":"ImageObject","inLanguage":"fr-CA","@id":"https:\/\/staging.safetysourcefire.ca\/product\/commando\/#primaryimage","url":"https:\/\/staging.safetysourcefire.ca\/wp-content\/uploads\/2023\/06\/Commando.jpg","contentUrl":"https:\/\/staging.safetysourcefire.ca\/wp-content\/uploads\/2023\/06\/Commando.jpg","width":600,"height":600,"caption":"Commando"},{"@type":"BreadcrumbList","@id":"https:\/\/staging.safetysourcefire.ca\/product\/commando\/#breadcrumb","itemListElement":[{"@type":"ListItem","position":1,"name":"Home","item":"https:\/\/staging.safetysourcefire.ca\/"},{"@type":"ListItem","position":2,"name":"Products","item":"https:\/\/staging.safetysourcefire.ca\/shop\/"},{"@type":"ListItem","position":3,"name":"Commando"}]},{"@type":"WebSite","@id":"https:\/\/staging.safetysourcefire.ca\/#website","url":"https:\/\/staging.safetysourcefire.ca\/","name":"Safety Source Fire","description":"","publisher":{"@id":"https:\/\/staging.safetysourcefire.ca\/#organization"},"potentialAction":[{"@type":"SearchAction","target":{"@type":"EntryPoint","urlTemplate":"https:\/\/staging.safetysourcefire.ca\/?s={search_term_string}"},"query-input":{"@type":"PropertyValueSpecification","valueRequired":true,"valueName":"search_term_string"}}],"inLanguage":"fr-CA"},{"@type":"Organization","@id":"https:\/\/staging.safetysourcefire.ca\/#organization","name":"Safety Source Fire","url":"https:\/\/staging.safetysourcefire.ca\/","logo":{"@type":"ImageObject","inLanguage":"fr-CA","@id":"https:\/\/staging.safetysourcefire.ca\/#\/schema\/logo\/image\/","url":"https:\/\/staging.safetysourcefire.ca\/wp-content\/uploads\/2021\/01\/SSF_logo_CC0000-3.png","contentUrl":"https:\/\/staging.safetysourcefire.ca\/wp-content\/uploads\/2021\/01\/SSF_logo_CC0000-3.png","width":1107,"height":365,"caption":"Safety Source Fire"},"image":{"@id":"https:\/\/staging.safetysourcefire.ca\/#\/schema\/logo\/image\/"},"sameAs":["https:\/\/www.facebook.com\/mmfssca","https:\/\/x.com\/mmfssca"]}]}},"_links":{"self":[{"href":"https:\/\/staging.safetysourcefire.ca\/fr_ca\/wp-json\/wp\/v2\/product\/27851","targetHints":{"allow":["GET"]}}],"collection":[{"href":"https:\/\/staging.safetysourcefire.ca\/fr_ca\/wp-json\/wp\/v2\/product"}],"about":[{"href":"https:\/\/staging.safetysourcefire.ca\/fr_ca\/wp-json\/wp\/v2\/types\/product"}],"wp:featuredmedia":[{"embeddable":true,"href":"https:\/\/staging.safetysourcefire.ca\/fr_ca\/wp-json\/wp\/v2\/media\/27855"}],"wp:attachment":[{"href":"https:\/\/staging.safetysourcefire.ca\/fr_ca\/wp-json\/wp\/v2\/media?parent=27851"}],"wp:term":[{"taxonomy":"product_brand","embeddable":true,"href":"https:\/\/staging.safetysourcefire.ca\/fr_ca\/wp-json\/wp\/v2\/product_brand?post=27851"},{"taxonomy":"product_cat","embeddable":true,"href":"https:\/\/staging.safetysourcefire.ca\/fr_ca\/wp-json\/wp\/v2\/product_cat?post=27851"},{"taxonomy":"product_tag","embeddable":true,"href":"https:\/\/staging.safetysourcefire.ca\/fr_ca\/wp-json\/wp\/v2\/product_tag?post=27851"}],"curies":[{"name":"wp","href":"https:\/\/api.w.org\/{rel}","templated":true}]}}