{"id":27767,"date":"2023-05-24T20:16:17","date_gmt":"2023-05-24T20:16:17","guid":{"rendered":"https:\/\/safetysourcefire.ca\/?post_type=product&#038;p=27767"},"modified":"2023-06-01T17:28:19","modified_gmt":"2023-06-01T17:28:19","slug":"special-ops-gear-dryers","status":"publish","type":"product","link":"https:\/\/staging.safetysourcefire.ca\/fr_ca\/produit\/special-ops-gear-dryers\/","title":{"rendered":"S\u00e9cheurs d&#039;\u00e9quipement d&#039;op\u00e9rations sp\u00e9ciales"},"content":{"rendered":"<p>Ajustable \u00e0 n&#039;importe quelle taille d&#039;\u00e9quipement, le T4-IHT s\u00e8che rapidement et efficacement sans retourner l&#039;\u00e9quipement et sans l&#039;endommager. Il est \u00e9galement conforme aux exigences des fabricants d&#039;engrenages et est conforme aux recommandations de s\u00e9chage des engrenages NFPA 1851\/FEMSA.<\/p>\n<p><strong>AJUSTABLE \u00c0 TOUTES LES TAILLES<\/strong><br \/>\nLes s\u00e9choirs \u00e0 \u00e9quipement Ram Air Special-Ops s&#039;adaptent facilement aux tailles uniques des combinaisons de protection contre les mati\u00e8res dangereuses, d&#039;immersion et de sauvetage sur glace. Les stickmen r\u00e9glables en hauteur peuvent \u00eatre raccourcis ou rallong\u00e9s en fonction de la taille du v\u00eatement.<\/p>\n<p><strong>CONTRLE \u00c0 \u00c9CRAN TACTILE<\/strong><br \/>\nUne commande \u00e0 \u00e9cran tactile sur les s\u00e9cheurs Ram Air Gear affiche clairement l\u2019\u00e9tat de s\u00e9chage et le temps de s\u00e9chage restant. La commande comporte cinq pr\u00e9r\u00e9glages de temps de s\u00e9chage, dont une option de s\u00e9chage continu. Un bouton de temps personnalis\u00e9 vous permet de d\u00e9finir un temps de s\u00e9chage en fonction des besoins de s\u00e9chage uniques de votre service.<\/p>\n<p><strong>SEC DE LA T\u00caTE AUX PIEDS<\/strong><br \/>\nTravailler avec des bottes s\u00e8ches, des gants, des masques et des ARI rend votre travail plus s\u00fbr et plus confortable. Les s\u00e9choirs \u00e0 engrenages Ram Air Special-Ops disposent de 12 ports pour un s\u00e9chage rapide de tous les accessoires d&#039;\u00e9quipement.<\/p>\n<p><strong>UNE CONSTRUCTION DE QUALIT\u00c9 SUR LAQUELLE VOUS POUVEZ COMPTER<\/strong><br \/>\nFournir des produits de qualit\u00e9 est notre priorit\u00e9 absolue. Les roulettes robustes assurent la mobilit\u00e9 de l&#039;unit\u00e9 tandis que la construction en acier du cadre et des passages d&#039;air garantissent que les s\u00e9cheurs Ram Air Gear sont construits pour durer. Nous ne nous contentons pas de garantir nos produits, nous les garantissons pendant cinq ans !<\/p>\n<p><a href=\"https:\/\/www.ramairgeardryer.com\/wp-content\/uploads\/2017\/08\/RamAirProductBrochure-lores.09-16.pdf\">T\u00e9l\u00e9chargez la brochure<\/a><\/p>","protected":false},"excerpt":{"rendered":"<p>En permettant le s\u00e9chage invers\u00e9, les s\u00e9choirs \u00e0 engrenages Special-Ops de Ram Air sont capables de s\u00e9cher les combinaisons de mati\u00e8res dangereuses, d&#039;immersion et de sauvetage sur glace que les s\u00e9choirs \u00e0 engrenages standard ne peuvent pas accueillir tout en s\u00e9chant les \u00e9quipements et accessoires de soute standard.<\/p>","protected":false},"featured_media":27778,"template":"","meta":[],"product_brand":[242],"product_cat":[50,127],"product_tag":[335],"class_list":{"0":"post-27767","1":"product","2":"type-product","3":"status-publish","4":"has-post-thumbnail","6":"product_brand-ram-air-gear-dryer","7":"product_cat-personal-protective-equipment","8":"product_cat-washers-dryers","9":"product_tag-ram-air-gear-dryer","11":"first","12":"instock","13":"shipping-taxable","14":"product-type-simple"},"yoast_head":"<!-- This site is optimized with the Yoast SEO plugin v27.4 - https:\/\/yoast.com\/product\/yoast-seo-wordpress\/ -->\n<title>Special Ops Gear Dryers - Safety Source Fire<\/title>\n<meta name=\"robots\" content=\"noindex, follow, max-snippet:-1, max-image-preview:large, max-video-preview:-1\" \/>\n<meta property=\"og:locale\" content=\"fr_CA\" \/>\n<meta property=\"og:type\" content=\"article\" \/>\n<meta property=\"og:title\" content=\"Special Ops Gear Dryers - Safety Source Fire\" \/>\n<meta property=\"og:description\" content=\"By allowing for inverted drying, Ram Air\u2019s Special-Ops Gear Dryers are able to dry hazmat, immersion and ice-rescue suits that standard gear dryers cannot accommodate while still drying standard bunker gear and accessories.\" \/>\n<meta property=\"og:url\" content=\"https:\/\/staging.safetysourcefire.ca\/fr_ca\/produit\/special-ops-gear-dryers\/\" \/>\n<meta property=\"og:site_name\" content=\"Safety Source Fire\" \/>\n<meta property=\"article:publisher\" content=\"https:\/\/www.facebook.com\/mmfssca\" \/>\n<meta property=\"article:modified_time\" content=\"2023-06-01T17:28:19+00:00\" \/>\n<meta property=\"og:image\" content=\"https:\/\/staging.safetysourcefire.ca\/wp-content\/uploads\/2023\/05\/T4_IHT-Right-dressed.jpg\" \/>\n\t<meta property=\"og:image:width\" content=\"600\" \/>\n\t<meta property=\"og:image:height\" content=\"600\" \/>\n\t<meta property=\"og:image:type\" content=\"image\/jpeg\" \/>\n<meta name=\"twitter:card\" content=\"summary_large_image\" \/>\n<meta name=\"twitter:site\" content=\"@mmfssca\" \/>\n<meta name=\"twitter:label1\" content=\"Estimation du temps de lecture\" \/>\n\t<meta name=\"twitter:data1\" content=\"1 minute\" \/>\n<script type=\"application\/ld+json\" class=\"yoast-schema-graph\">{\"@context\":\"https:\\\/\\\/schema.org\",\"@graph\":[{\"@type\":\"WebPage\",\"@id\":\"https:\\\/\\\/staging.safetysourcefire.ca\\\/product\\\/special-ops-gear-dryers\\\/\",\"url\":\"https:\\\/\\\/staging.safetysourcefire.ca\\\/product\\\/special-ops-gear-dryers\\\/\",\"name\":\"Special Ops Gear Dryers - Safety Source Fire\",\"isPartOf\":{\"@id\":\"https:\\\/\\\/staging.safetysourcefire.ca\\\/#website\"},\"primaryImageOfPage\":{\"@id\":\"https:\\\/\\\/staging.safetysourcefire.ca\\\/product\\\/special-ops-gear-dryers\\\/#primaryimage\"},\"image\":{\"@id\":\"https:\\\/\\\/staging.safetysourcefire.ca\\\/product\\\/special-ops-gear-dryers\\\/#primaryimage\"},\"thumbnailUrl\":\"https:\\\/\\\/staging.safetysourcefire.ca\\\/wp-content\\\/uploads\\\/2023\\\/05\\\/T4_IHT-Right-dressed.jpg\",\"datePublished\":\"2023-05-24T20:16:17+00:00\",\"dateModified\":\"2023-06-01T17:28:19+00:00\",\"breadcrumb\":{\"@id\":\"https:\\\/\\\/staging.safetysourcefire.ca\\\/product\\\/special-ops-gear-dryers\\\/#breadcrumb\"},\"inLanguage\":\"fr-CA\",\"potentialAction\":[{\"@type\":\"ReadAction\",\"target\":[\"https:\\\/\\\/staging.safetysourcefire.ca\\\/product\\\/special-ops-gear-dryers\\\/\"]}]},{\"@type\":\"ImageObject\",\"inLanguage\":\"fr-CA\",\"@id\":\"https:\\\/\\\/staging.safetysourcefire.ca\\\/product\\\/special-ops-gear-dryers\\\/#primaryimage\",\"url\":\"https:\\\/\\\/staging.safetysourcefire.ca\\\/wp-content\\\/uploads\\\/2023\\\/05\\\/T4_IHT-Right-dressed.jpg\",\"contentUrl\":\"https:\\\/\\\/staging.safetysourcefire.ca\\\/wp-content\\\/uploads\\\/2023\\\/05\\\/T4_IHT-Right-dressed.jpg\",\"width\":600,\"height\":600,\"caption\":\"gear dryer\"},{\"@type\":\"BreadcrumbList\",\"@id\":\"https:\\\/\\\/staging.safetysourcefire.ca\\\/product\\\/special-ops-gear-dryers\\\/#breadcrumb\",\"itemListElement\":[{\"@type\":\"ListItem\",\"position\":1,\"name\":\"Home\",\"item\":\"https:\\\/\\\/staging.safetysourcefire.ca\\\/\"},{\"@type\":\"ListItem\",\"position\":2,\"name\":\"Products\",\"item\":\"https:\\\/\\\/staging.safetysourcefire.ca\\\/shop\\\/\"},{\"@type\":\"ListItem\",\"position\":3,\"name\":\"Special Ops Gear Dryers\"}]},{\"@type\":\"WebSite\",\"@id\":\"https:\\\/\\\/staging.safetysourcefire.ca\\\/#website\",\"url\":\"https:\\\/\\\/staging.safetysourcefire.ca\\\/\",\"name\":\"Safety Source Fire\",\"description\":\"\",\"publisher\":{\"@id\":\"https:\\\/\\\/staging.safetysourcefire.ca\\\/#organization\"},\"potentialAction\":[{\"@type\":\"SearchAction\",\"target\":{\"@type\":\"EntryPoint\",\"urlTemplate\":\"https:\\\/\\\/staging.safetysourcefire.ca\\\/?s={search_term_string}\"},\"query-input\":{\"@type\":\"PropertyValueSpecification\",\"valueRequired\":true,\"valueName\":\"search_term_string\"}}],\"inLanguage\":\"fr-CA\"},{\"@type\":\"Organization\",\"@id\":\"https:\\\/\\\/staging.safetysourcefire.ca\\\/#organization\",\"name\":\"Safety Source Fire\",\"url\":\"https:\\\/\\\/staging.safetysourcefire.ca\\\/\",\"logo\":{\"@type\":\"ImageObject\",\"inLanguage\":\"fr-CA\",\"@id\":\"https:\\\/\\\/staging.safetysourcefire.ca\\\/#\\\/schema\\\/logo\\\/image\\\/\",\"url\":\"https:\\\/\\\/staging.safetysourcefire.ca\\\/wp-content\\\/uploads\\\/2021\\\/01\\\/SSF_logo_CC0000-3.png\",\"contentUrl\":\"https:\\\/\\\/staging.safetysourcefire.ca\\\/wp-content\\\/uploads\\\/2021\\\/01\\\/SSF_logo_CC0000-3.png\",\"width\":1107,\"height\":365,\"caption\":\"Safety Source Fire\"},\"image\":{\"@id\":\"https:\\\/\\\/staging.safetysourcefire.ca\\\/#\\\/schema\\\/logo\\\/image\\\/\"},\"sameAs\":[\"https:\\\/\\\/www.facebook.com\\\/mmfssca\",\"https:\\\/\\\/x.com\\\/mmfssca\"]}]}<\/script>\n<!-- \/ Yoast SEO plugin. -->","yoast_head_json":{"title":"S\u00e9choirs d&#039;\u00e9quipement des op\u00e9rations sp\u00e9ciales - Incendie \u00e0 source de s\u00e9curit\u00e9","robots":{"index":"noindex","follow":"follow","max-snippet":"max-snippet:-1","max-image-preview":"max-image-preview:large","max-video-preview":"max-video-preview:-1"},"og_locale":"fr_CA","og_type":"article","og_title":"Special Ops Gear Dryers - Safety Source Fire","og_description":"By allowing for inverted drying, Ram Air\u2019s Special-Ops Gear Dryers are able to dry hazmat, immersion and ice-rescue suits that standard gear dryers cannot accommodate while still drying standard bunker gear and accessories.","og_url":"https:\/\/staging.safetysourcefire.ca\/fr_ca\/produit\/special-ops-gear-dryers\/","og_site_name":"Safety Source Fire","article_publisher":"https:\/\/www.facebook.com\/mmfssca","article_modified_time":"2023-06-01T17:28:19+00:00","og_image":[{"width":600,"height":600,"url":"https:\/\/staging.safetysourcefire.ca\/wp-content\/uploads\/2023\/05\/T4_IHT-Right-dressed.jpg","type":"image\/jpeg"}],"twitter_card":"summary_large_image","twitter_site":"@mmfssca","twitter_misc":{"Estimation du temps de lecture":"1 minute"},"schema":{"@context":"https:\/\/schema.org","@graph":[{"@type":"WebPage","@id":"https:\/\/staging.safetysourcefire.ca\/product\/special-ops-gear-dryers\/","url":"https:\/\/staging.safetysourcefire.ca\/product\/special-ops-gear-dryers\/","name":"S\u00e9choirs d&#039;\u00e9quipement des op\u00e9rations sp\u00e9ciales - Incendie \u00e0 source de s\u00e9curit\u00e9","isPartOf":{"@id":"https:\/\/staging.safetysourcefire.ca\/#website"},"primaryImageOfPage":{"@id":"https:\/\/staging.safetysourcefire.ca\/product\/special-ops-gear-dryers\/#primaryimage"},"image":{"@id":"https:\/\/staging.safetysourcefire.ca\/product\/special-ops-gear-dryers\/#primaryimage"},"thumbnailUrl":"https:\/\/staging.safetysourcefire.ca\/wp-content\/uploads\/2023\/05\/T4_IHT-Right-dressed.jpg","datePublished":"2023-05-24T20:16:17+00:00","dateModified":"2023-06-01T17:28:19+00:00","breadcrumb":{"@id":"https:\/\/staging.safetysourcefire.ca\/product\/special-ops-gear-dryers\/#breadcrumb"},"inLanguage":"fr-CA","potentialAction":[{"@type":"ReadAction","target":["https:\/\/staging.safetysourcefire.ca\/product\/special-ops-gear-dryers\/"]}]},{"@type":"ImageObject","inLanguage":"fr-CA","@id":"https:\/\/staging.safetysourcefire.ca\/product\/special-ops-gear-dryers\/#primaryimage","url":"https:\/\/staging.safetysourcefire.ca\/wp-content\/uploads\/2023\/05\/T4_IHT-Right-dressed.jpg","contentUrl":"https:\/\/staging.safetysourcefire.ca\/wp-content\/uploads\/2023\/05\/T4_IHT-Right-dressed.jpg","width":600,"height":600,"caption":"gear dryer"},{"@type":"BreadcrumbList","@id":"https:\/\/staging.safetysourcefire.ca\/product\/special-ops-gear-dryers\/#breadcrumb","itemListElement":[{"@type":"ListItem","position":1,"name":"Home","item":"https:\/\/staging.safetysourcefire.ca\/"},{"@type":"ListItem","position":2,"name":"Products","item":"https:\/\/staging.safetysourcefire.ca\/shop\/"},{"@type":"ListItem","position":3,"name":"Special Ops Gear Dryers"}]},{"@type":"WebSite","@id":"https:\/\/staging.safetysourcefire.ca\/#website","url":"https:\/\/staging.safetysourcefire.ca\/","name":"Safety Source Fire","description":"","publisher":{"@id":"https:\/\/staging.safetysourcefire.ca\/#organization"},"potentialAction":[{"@type":"SearchAction","target":{"@type":"EntryPoint","urlTemplate":"https:\/\/staging.safetysourcefire.ca\/?s={search_term_string}"},"query-input":{"@type":"PropertyValueSpecification","valueRequired":true,"valueName":"search_term_string"}}],"inLanguage":"fr-CA"},{"@type":"Organization","@id":"https:\/\/staging.safetysourcefire.ca\/#organization","name":"Safety Source Fire","url":"https:\/\/staging.safetysourcefire.ca\/","logo":{"@type":"ImageObject","inLanguage":"fr-CA","@id":"https:\/\/staging.safetysourcefire.ca\/#\/schema\/logo\/image\/","url":"https:\/\/staging.safetysourcefire.ca\/wp-content\/uploads\/2021\/01\/SSF_logo_CC0000-3.png","contentUrl":"https:\/\/staging.safetysourcefire.ca\/wp-content\/uploads\/2021\/01\/SSF_logo_CC0000-3.png","width":1107,"height":365,"caption":"Safety Source Fire"},"image":{"@id":"https:\/\/staging.safetysourcefire.ca\/#\/schema\/logo\/image\/"},"sameAs":["https:\/\/www.facebook.com\/mmfssca","https:\/\/x.com\/mmfssca"]}]}},"_links":{"self":[{"href":"https:\/\/staging.safetysourcefire.ca\/fr_ca\/wp-json\/wp\/v2\/product\/27767","targetHints":{"allow":["GET"]}}],"collection":[{"href":"https:\/\/staging.safetysourcefire.ca\/fr_ca\/wp-json\/wp\/v2\/product"}],"about":[{"href":"https:\/\/staging.safetysourcefire.ca\/fr_ca\/wp-json\/wp\/v2\/types\/product"}],"wp:featuredmedia":[{"embeddable":true,"href":"https:\/\/staging.safetysourcefire.ca\/fr_ca\/wp-json\/wp\/v2\/media\/27778"}],"wp:attachment":[{"href":"https:\/\/staging.safetysourcefire.ca\/fr_ca\/wp-json\/wp\/v2\/media?parent=27767"}],"wp:term":[{"taxonomy":"product_brand","embeddable":true,"href":"https:\/\/staging.safetysourcefire.ca\/fr_ca\/wp-json\/wp\/v2\/product_brand?post=27767"},{"taxonomy":"product_cat","embeddable":true,"href":"https:\/\/staging.safetysourcefire.ca\/fr_ca\/wp-json\/wp\/v2\/product_cat?post=27767"},{"taxonomy":"product_tag","embeddable":true,"href":"https:\/\/staging.safetysourcefire.ca\/fr_ca\/wp-json\/wp\/v2\/product_tag?post=27767"}],"curies":[{"name":"wp","href":"https:\/\/api.w.org\/{rel}","templated":true}]}}