{"id":27755,"date":"2023-05-24T19:44:50","date_gmt":"2023-05-24T19:44:50","guid":{"rendered":"https:\/\/safetysourcefire.ca\/?post_type=product&#038;p=27755"},"modified":"2023-05-24T19:47:31","modified_gmt":"2023-05-24T19:47:31","slug":"turnout-gear-dryers","status":"publish","type":"product","link":"https:\/\/staging.safetysourcefire.ca\/fr_ca\/produit\/turnout-gear-dryers\/","title":{"rendered":"S\u00e9cheurs de mat\u00e9riel d&#039;aiguillage"},"content":{"rendered":"<p>Les s\u00e9choirs Ram Air Gear s\u00e8chent en toute s\u00e9curit\u00e9 et rapidement tous les \u00e9quipements et accessoires de soute, y compris les casques, les gants, les bottes, les masques faciaux et les SCBA. Nos s\u00e9choirs sont disponibles en mod\u00e8les \u00e0 4, 6 ou 8 unit\u00e9s avec une commande \u00e0 \u00e9cran tactile ou \u00e0 bouton-poussoir qui permet le s\u00e9chage \u00e0 air ambiant ou chauff\u00e9. Tous les mod\u00e8les sont conformes aux exigences des fabricants d&#039;\u00e9quipements et sont conformes aux recommandations NFPA 1851\/FEMSA pour le s\u00e9chage des \u00e9quipements.<\/p>\n<p><strong>S\u00c9CHAGE CIBL\u00c9<\/strong><br \/>\nCela revient au pouvoir. La conception brevet\u00e9e de Ram Air utilise des ventilateurs puissants qui poussent l&#039;air \u00e0 travers l&#039;\u00e9quipement de l&#039;int\u00e9rieur vers l&#039;ext\u00e9rieur. Avec des sorties d&#039;air strat\u00e9giquement plac\u00e9es, les s\u00e9choirs Ram Air Gear s\u00e8chent efficacement les zones difficiles d&#039;acc\u00e8s et les pare-vapeur qui sont sujets \u00e0 la moisissure et \u00e0 la moisissure s&#039;ils ne sont pas s\u00e9ch\u00e9s correctement. La conception unique limite les pertes d&#039;air et emp\u00eache le flux d&#039;air de suivre le chemin de moindre r\u00e9sistance. Le r\u00e9sultat? S\u00e9chage plus rapide et plus efficace et capacit\u00e9 accrue \u00e0 s\u00e9cher plus de combinaisons dans le m\u00eame laps de temps.<\/p>\n<p><strong>CONFORT POUR TOUS<\/strong><br \/>\nEn tant qu&#039;entreprise appartenant \u00e0 des pompiers, nous savons ce que c&#039;est que de travailler avec des bottes et des gants mouill\u00e9s. C&#039;est pourquoi les s\u00e9choirs Ram Air Gear sont livr\u00e9s enti\u00e8rement \u00e9quip\u00e9s avec jusqu&#039;\u00e0 24 ports de composants pour s\u00e9cher tous les accessoires, y compris les casques, les gants, les bottes, les masques faciaux et les SCBA.<\/p>\n<p><strong>CONTR\u00d4LE CONVIVIAL<\/strong><br \/>\nLes s\u00e9choirs \u00e0 engrenages Ram Air sont dot\u00e9s de commandes \u00e0 \u00e9cran tactile qui permettent aux d\u00e9partements de basculer facilement entre le s\u00e9chage \u00e0 air ambiant ou \u00e0 air chaud en option. Lorsque la s\u00e9cheuse est en cours d&#039;utilisation, l&#039;\u00e9cran tactile affiche clairement l&#039;\u00e9tat de s\u00e9chage et le temps de s\u00e9chage restant. Pour faciliter l&#039;utilisation, la commande comporte cinq pr\u00e9r\u00e9glages de temps de s\u00e9chage, y compris une option de s\u00e9chage continu. Un bouton de minuterie personnalis\u00e9 suppl\u00e9mentaire permet aux utilisateurs de programmer un temps de s\u00e9chage personnalis\u00e9 en fonction des besoins de s\u00e9chage uniques de leur service.<\/p>\n<p><strong>CONSTRUCTION STRUCTURELLEMENT SUP\u00c9RIEURE<\/strong><br \/>\nNous nous effor\u00e7ons de fournir des produits qui \u00e9tablissent des normes de qualit\u00e9 au-del\u00e0 des produits de tout autre concurrent. Des mat\u00e9riaux de qualit\u00e9 sup\u00e9rieure sont utilis\u00e9s partout, y compris des stickmen en acier inoxydable, des boulons et des \u00e9crous et une chambre \u00e0 air en acier enduit de poudre. Nos s\u00e9cheuses utilisent des roulettes robustes qui assurent la mobilit\u00e9 de l&#039;unit\u00e9. Nous concevons nos s\u00e9cheuses pour qu&#039;elles durent et les soutenons avec une garantie de 5 ans \u00e0 la pointe de l&#039;industrie\u00a0!<\/p>\n<p><a href=\"https:\/\/www.ramairgeardryer.com\/wp-content\/uploads\/2019\/04\/RamAirProductBrochure.02-20.pdf\">T\u00e9l\u00e9charger la brochure<\/a><\/p>\n<p><strong>TG-4, TG-4H et 4-MU<\/strong><\/p>\n<ul>\n<li>S\u00e9choir \u00e0 engrenages d&#039;aiguillage \u00e0 4 unit\u00e9s avec commande \u00e0 \u00e9cran tactile (TG-4, TG-4H) ou commande de minuterie de base (4-MU)<\/li>\n<li>quatre unit\u00e9s de s\u00e9chage\u00a0; 4 s\u00e8che-casques\u00a0; 12 ports accessoires<\/li>\n<li>Mod\u00e8le TG-4 \u2013 Air ambiant uniquement\u00a0; Mod\u00e8le TG-4H \u2013 Air ambiant et chauff\u00e9<\/li>\n<\/ul>\n<p><strong>TG-6, TG-6H et 6-MU<\/strong><\/p>\n<ul>\n<li>S\u00e9choir \u00e0 engrenages d&#039;aiguillage \u00e0 6 unit\u00e9s avec commande \u00e0 \u00e9cran tactile (TG-6, TG-6H) ou commande de minuterie de base (6-MU)<\/li>\n<li>Six unit\u00e9s de s\u00e9chage\u00a0; 6 s\u00e8che-casques\u00a0; 18 ports accessoires<\/li>\n<li>Mod\u00e8le TG-6 \u2013 Air ambiant uniquement\u00a0; Mod\u00e8le TG-6H \u2013 Air ambiant et chauff\u00e9<\/li>\n<\/ul>\n<p><strong>TG-8, TG-8H et 8-MU<\/strong><\/p>\n<ul>\n<li>S\u00e9choir \u00e0 engrenages \u00e0 8 unit\u00e9s avec commande \u00e0 \u00e9cran tactile (TG-8, TG-8H) ou commande de minuterie de base (8-MU)<\/li>\n<li>Huit unit\u00e9s de s\u00e9chage\u00a0; 8 s\u00e8che-casques\u00a0; 24 ports accessoires<\/li>\n<li>Mod\u00e8le TG-8 \u2013 Air ambiant uniquement\u00a0; Mod\u00e8le TG-8H \u2013 Air ambiant et chauff\u00e9<\/li>\n<\/ul>","protected":false},"excerpt":{"rendered":"<p>Les pompiers doivent \u00eatre pr\u00eats \u00e0 l&#039;action, et non retard\u00e9s par des v\u00eatements mouill\u00e9s. Les s\u00e9choirs \u00e0 engrenages Ram Air vous ram\u00e8nent \u00e0 l&#039;action en une fraction du temps\u00a0!<\/p>","protected":false},"featured_media":27761,"template":"","meta":[],"product_brand":[242],"product_cat":[127],"product_tag":[335],"class_list":{"0":"post-27755","1":"product","2":"type-product","3":"status-publish","4":"has-post-thumbnail","6":"product_brand-ram-air-gear-dryer","7":"product_cat-washers-dryers","8":"product_tag-ram-air-gear-dryer","10":"first","11":"instock","12":"shipping-taxable","13":"product-type-simple"},"yoast_head":"<!-- This site is optimized with the Yoast SEO plugin v27.4 - https:\/\/yoast.com\/product\/yoast-seo-wordpress\/ -->\n<title>Turnout Gear Dryers - Safety Source Fire<\/title>\n<meta name=\"robots\" content=\"noindex, follow, max-snippet:-1, max-image-preview:large, max-video-preview:-1\" \/>\n<meta property=\"og:locale\" content=\"fr_CA\" \/>\n<meta property=\"og:type\" content=\"article\" \/>\n<meta property=\"og:title\" content=\"Turnout Gear Dryers - Safety Source Fire\" \/>\n<meta property=\"og:description\" content=\"Firefighters need to be ready for action\u2014not delayed with wet gear. Ram Air Gear Dryers get you back to action in a fraction of the time!\" \/>\n<meta property=\"og:url\" content=\"https:\/\/staging.safetysourcefire.ca\/fr_ca\/produit\/turnout-gear-dryers\/\" \/>\n<meta property=\"og:site_name\" content=\"Safety Source Fire\" \/>\n<meta property=\"article:publisher\" content=\"https:\/\/www.facebook.com\/mmfssca\" \/>\n<meta property=\"article:modified_time\" content=\"2023-05-24T19:47:31+00:00\" \/>\n<meta property=\"og:image\" content=\"https:\/\/staging.safetysourcefire.ca\/wp-content\/uploads\/2023\/05\/TG-4-Right-Dressed.jpg\" \/>\n\t<meta property=\"og:image:width\" content=\"600\" \/>\n\t<meta property=\"og:image:height\" content=\"600\" \/>\n\t<meta property=\"og:image:type\" content=\"image\/jpeg\" \/>\n<meta name=\"twitter:card\" content=\"summary_large_image\" \/>\n<meta name=\"twitter:site\" content=\"@mmfssca\" \/>\n<meta name=\"twitter:label1\" content=\"Estimation du temps de lecture\" \/>\n\t<meta name=\"twitter:data1\" content=\"2 minutes\" \/>\n<script type=\"application\/ld+json\" class=\"yoast-schema-graph\">{\"@context\":\"https:\\\/\\\/schema.org\",\"@graph\":[{\"@type\":\"WebPage\",\"@id\":\"https:\\\/\\\/staging.safetysourcefire.ca\\\/product\\\/turnout-gear-dryers\\\/\",\"url\":\"https:\\\/\\\/staging.safetysourcefire.ca\\\/product\\\/turnout-gear-dryers\\\/\",\"name\":\"Turnout Gear Dryers - Safety Source Fire\",\"isPartOf\":{\"@id\":\"https:\\\/\\\/staging.safetysourcefire.ca\\\/#website\"},\"primaryImageOfPage\":{\"@id\":\"https:\\\/\\\/staging.safetysourcefire.ca\\\/product\\\/turnout-gear-dryers\\\/#primaryimage\"},\"image\":{\"@id\":\"https:\\\/\\\/staging.safetysourcefire.ca\\\/product\\\/turnout-gear-dryers\\\/#primaryimage\"},\"thumbnailUrl\":\"https:\\\/\\\/staging.safetysourcefire.ca\\\/wp-content\\\/uploads\\\/2023\\\/05\\\/TG-4-Right-Dressed.jpg\",\"datePublished\":\"2023-05-24T19:44:50+00:00\",\"dateModified\":\"2023-05-24T19:47:31+00:00\",\"breadcrumb\":{\"@id\":\"https:\\\/\\\/staging.safetysourcefire.ca\\\/product\\\/turnout-gear-dryers\\\/#breadcrumb\"},\"inLanguage\":\"fr-CA\",\"potentialAction\":[{\"@type\":\"ReadAction\",\"target\":[\"https:\\\/\\\/staging.safetysourcefire.ca\\\/product\\\/turnout-gear-dryers\\\/\"]}]},{\"@type\":\"ImageObject\",\"inLanguage\":\"fr-CA\",\"@id\":\"https:\\\/\\\/staging.safetysourcefire.ca\\\/product\\\/turnout-gear-dryers\\\/#primaryimage\",\"url\":\"https:\\\/\\\/staging.safetysourcefire.ca\\\/wp-content\\\/uploads\\\/2023\\\/05\\\/TG-4-Right-Dressed.jpg\",\"contentUrl\":\"https:\\\/\\\/staging.safetysourcefire.ca\\\/wp-content\\\/uploads\\\/2023\\\/05\\\/TG-4-Right-Dressed.jpg\",\"width\":600,\"height\":600,\"caption\":\"gear dryer\"},{\"@type\":\"BreadcrumbList\",\"@id\":\"https:\\\/\\\/staging.safetysourcefire.ca\\\/product\\\/turnout-gear-dryers\\\/#breadcrumb\",\"itemListElement\":[{\"@type\":\"ListItem\",\"position\":1,\"name\":\"Home\",\"item\":\"https:\\\/\\\/staging.safetysourcefire.ca\\\/\"},{\"@type\":\"ListItem\",\"position\":2,\"name\":\"Products\",\"item\":\"https:\\\/\\\/staging.safetysourcefire.ca\\\/shop\\\/\"},{\"@type\":\"ListItem\",\"position\":3,\"name\":\"Turnout Gear Dryers\"}]},{\"@type\":\"WebSite\",\"@id\":\"https:\\\/\\\/staging.safetysourcefire.ca\\\/#website\",\"url\":\"https:\\\/\\\/staging.safetysourcefire.ca\\\/\",\"name\":\"Safety Source Fire\",\"description\":\"\",\"publisher\":{\"@id\":\"https:\\\/\\\/staging.safetysourcefire.ca\\\/#organization\"},\"potentialAction\":[{\"@type\":\"SearchAction\",\"target\":{\"@type\":\"EntryPoint\",\"urlTemplate\":\"https:\\\/\\\/staging.safetysourcefire.ca\\\/?s={search_term_string}\"},\"query-input\":{\"@type\":\"PropertyValueSpecification\",\"valueRequired\":true,\"valueName\":\"search_term_string\"}}],\"inLanguage\":\"fr-CA\"},{\"@type\":\"Organization\",\"@id\":\"https:\\\/\\\/staging.safetysourcefire.ca\\\/#organization\",\"name\":\"Safety Source Fire\",\"url\":\"https:\\\/\\\/staging.safetysourcefire.ca\\\/\",\"logo\":{\"@type\":\"ImageObject\",\"inLanguage\":\"fr-CA\",\"@id\":\"https:\\\/\\\/staging.safetysourcefire.ca\\\/#\\\/schema\\\/logo\\\/image\\\/\",\"url\":\"https:\\\/\\\/staging.safetysourcefire.ca\\\/wp-content\\\/uploads\\\/2021\\\/01\\\/SSF_logo_CC0000-3.png\",\"contentUrl\":\"https:\\\/\\\/staging.safetysourcefire.ca\\\/wp-content\\\/uploads\\\/2021\\\/01\\\/SSF_logo_CC0000-3.png\",\"width\":1107,\"height\":365,\"caption\":\"Safety Source Fire\"},\"image\":{\"@id\":\"https:\\\/\\\/staging.safetysourcefire.ca\\\/#\\\/schema\\\/logo\\\/image\\\/\"},\"sameAs\":[\"https:\\\/\\\/www.facebook.com\\\/mmfssca\",\"https:\\\/\\\/x.com\\\/mmfssca\"]}]}<\/script>\n<!-- \/ Yoast SEO plugin. -->","yoast_head_json":{"title":"S\u00e9choirs pour tenues de combat - S\u00e9curit\u00e9 incendie","robots":{"index":"noindex","follow":"follow","max-snippet":"max-snippet:-1","max-image-preview":"max-image-preview:large","max-video-preview":"max-video-preview:-1"},"og_locale":"fr_CA","og_type":"article","og_title":"Turnout Gear Dryers - Safety Source Fire","og_description":"Firefighters need to be ready for action\u2014not delayed with wet gear. Ram Air Gear Dryers get you back to action in a fraction of the time!","og_url":"https:\/\/staging.safetysourcefire.ca\/fr_ca\/produit\/turnout-gear-dryers\/","og_site_name":"Safety Source Fire","article_publisher":"https:\/\/www.facebook.com\/mmfssca","article_modified_time":"2023-05-24T19:47:31+00:00","og_image":[{"width":600,"height":600,"url":"https:\/\/staging.safetysourcefire.ca\/wp-content\/uploads\/2023\/05\/TG-4-Right-Dressed.jpg","type":"image\/jpeg"}],"twitter_card":"summary_large_image","twitter_site":"@mmfssca","twitter_misc":{"Estimation du temps de lecture":"2 minutes"},"schema":{"@context":"https:\/\/schema.org","@graph":[{"@type":"WebPage","@id":"https:\/\/staging.safetysourcefire.ca\/product\/turnout-gear-dryers\/","url":"https:\/\/staging.safetysourcefire.ca\/product\/turnout-gear-dryers\/","name":"S\u00e9choirs pour tenues de combat - S\u00e9curit\u00e9 incendie","isPartOf":{"@id":"https:\/\/staging.safetysourcefire.ca\/#website"},"primaryImageOfPage":{"@id":"https:\/\/staging.safetysourcefire.ca\/product\/turnout-gear-dryers\/#primaryimage"},"image":{"@id":"https:\/\/staging.safetysourcefire.ca\/product\/turnout-gear-dryers\/#primaryimage"},"thumbnailUrl":"https:\/\/staging.safetysourcefire.ca\/wp-content\/uploads\/2023\/05\/TG-4-Right-Dressed.jpg","datePublished":"2023-05-24T19:44:50+00:00","dateModified":"2023-05-24T19:47:31+00:00","breadcrumb":{"@id":"https:\/\/staging.safetysourcefire.ca\/product\/turnout-gear-dryers\/#breadcrumb"},"inLanguage":"fr-CA","potentialAction":[{"@type":"ReadAction","target":["https:\/\/staging.safetysourcefire.ca\/product\/turnout-gear-dryers\/"]}]},{"@type":"ImageObject","inLanguage":"fr-CA","@id":"https:\/\/staging.safetysourcefire.ca\/product\/turnout-gear-dryers\/#primaryimage","url":"https:\/\/staging.safetysourcefire.ca\/wp-content\/uploads\/2023\/05\/TG-4-Right-Dressed.jpg","contentUrl":"https:\/\/staging.safetysourcefire.ca\/wp-content\/uploads\/2023\/05\/TG-4-Right-Dressed.jpg","width":600,"height":600,"caption":"gear dryer"},{"@type":"BreadcrumbList","@id":"https:\/\/staging.safetysourcefire.ca\/product\/turnout-gear-dryers\/#breadcrumb","itemListElement":[{"@type":"ListItem","position":1,"name":"Home","item":"https:\/\/staging.safetysourcefire.ca\/"},{"@type":"ListItem","position":2,"name":"Products","item":"https:\/\/staging.safetysourcefire.ca\/shop\/"},{"@type":"ListItem","position":3,"name":"Turnout Gear Dryers"}]},{"@type":"WebSite","@id":"https:\/\/staging.safetysourcefire.ca\/#website","url":"https:\/\/staging.safetysourcefire.ca\/","name":"Safety Source Fire","description":"","publisher":{"@id":"https:\/\/staging.safetysourcefire.ca\/#organization"},"potentialAction":[{"@type":"SearchAction","target":{"@type":"EntryPoint","urlTemplate":"https:\/\/staging.safetysourcefire.ca\/?s={search_term_string}"},"query-input":{"@type":"PropertyValueSpecification","valueRequired":true,"valueName":"search_term_string"}}],"inLanguage":"fr-CA"},{"@type":"Organization","@id":"https:\/\/staging.safetysourcefire.ca\/#organization","name":"Safety Source Fire","url":"https:\/\/staging.safetysourcefire.ca\/","logo":{"@type":"ImageObject","inLanguage":"fr-CA","@id":"https:\/\/staging.safetysourcefire.ca\/#\/schema\/logo\/image\/","url":"https:\/\/staging.safetysourcefire.ca\/wp-content\/uploads\/2021\/01\/SSF_logo_CC0000-3.png","contentUrl":"https:\/\/staging.safetysourcefire.ca\/wp-content\/uploads\/2021\/01\/SSF_logo_CC0000-3.png","width":1107,"height":365,"caption":"Safety Source Fire"},"image":{"@id":"https:\/\/staging.safetysourcefire.ca\/#\/schema\/logo\/image\/"},"sameAs":["https:\/\/www.facebook.com\/mmfssca","https:\/\/x.com\/mmfssca"]}]}},"_links":{"self":[{"href":"https:\/\/staging.safetysourcefire.ca\/fr_ca\/wp-json\/wp\/v2\/product\/27755","targetHints":{"allow":["GET"]}}],"collection":[{"href":"https:\/\/staging.safetysourcefire.ca\/fr_ca\/wp-json\/wp\/v2\/product"}],"about":[{"href":"https:\/\/staging.safetysourcefire.ca\/fr_ca\/wp-json\/wp\/v2\/types\/product"}],"wp:featuredmedia":[{"embeddable":true,"href":"https:\/\/staging.safetysourcefire.ca\/fr_ca\/wp-json\/wp\/v2\/media\/27761"}],"wp:attachment":[{"href":"https:\/\/staging.safetysourcefire.ca\/fr_ca\/wp-json\/wp\/v2\/media?parent=27755"}],"wp:term":[{"taxonomy":"product_brand","embeddable":true,"href":"https:\/\/staging.safetysourcefire.ca\/fr_ca\/wp-json\/wp\/v2\/product_brand?post=27755"},{"taxonomy":"product_cat","embeddable":true,"href":"https:\/\/staging.safetysourcefire.ca\/fr_ca\/wp-json\/wp\/v2\/product_cat?post=27755"},{"taxonomy":"product_tag","embeddable":true,"href":"https:\/\/staging.safetysourcefire.ca\/fr_ca\/wp-json\/wp\/v2\/product_tag?post=27755"}],"curies":[{"name":"wp","href":"https:\/\/api.w.org\/{rel}","templated":true}]}}