{"id":27582,"date":"2023-04-05T14:58:28","date_gmt":"2023-04-05T14:58:28","guid":{"rendered":"https:\/\/safetysourcefire.ca\/?post_type=product&#038;p=27582"},"modified":"2023-04-05T16:36:55","modified_gmt":"2023-04-05T16:36:55","slug":"forcible-entry-tool-t1","status":"publish","type":"product","link":"https:\/\/staging.safetysourcefire.ca\/fr_ca\/produit\/forcible-entry-tool-t1\/","title":{"rendered":"Outil d&#039;entr\u00e9e forc\u00e9e T1"},"content":{"rendered":"<p><strong>Outil multifonctionnel<\/strong><\/p>\n<ul>\n<li>Le T1 peut couper, caler, enfoncer, \u00e9carter, marteler et soulever. Cela signifie que vous avez toujours le bon outil pour le travail.<\/li>\n<li>Avoir toutes ces fonctions dans un seul outil permet \u00e9galement d&#039;\u00e9conomiser du poids et de l&#039;espace dans votre v\u00e9hicule<\/li>\n<li>Le T1 est un outil autonome, vous n&#039;aurez donc pas besoin de piles ou d&#039;une pompe externe<\/li>\n<\/ul>\n<p><strong>Compacte et puissante<\/strong><\/p>\n<ul>\n<li>Le m\u00e9canisme de coupe\/\u00e9cartement hydraulique brevet\u00e9 du T1 permet des forces de coupe et d&#039;\u00e9cartement \u00e9lev\u00e9es dans une conception d&#039;outil compacte<\/li>\n<li>Facile \u00e0 utiliser dans les espaces confin\u00e9s<\/li>\n<li>Facile \u00e0 transporter et \u00e0 ranger<\/li>\n<\/ul>\n<p><strong>Cale d\u00e9tachable<\/strong><\/p>\n<ul>\n<li>Vous n&#039;avez pas besoin d&#039;une deuxi\u00e8me personne ou d&#039;un outil pour cr\u00e9er le premier espace, ce qui fait de l&#039;ouverture forc\u00e9e des portes lourdes vers l&#039;int\u00e9rieur un travail d&#039;une seule personne.<\/li>\n<li>La cale peut \u00e9galement \u00eatre utilis\u00e9e pour tirer des charni\u00e8res ou forcer manuellement des portes s&#039;ouvrant vers l&#039;ext\u00e9rieur<\/li>\n<\/ul>\n<p><strong>Conseils d&#039;\u00e9pandage<\/strong><\/p>\n<ul>\n<li>Pour ouvrir les portes lourdes de mani\u00e8re contr\u00f4l\u00e9e<\/li>\n<li>La fonction de maintien de charge rend l&#039;outil adapt\u00e9 au levage et au levage progressif<\/li>\n<li>Vous pouvez \u00e9galement utiliser les pointes d&#039;\u00e9pandage pour cr\u00e9er de l&#039;espace dans les v\u00e9hicules<\/li>\n<\/ul>\n<p><strong>Conception optimis\u00e9e des lames de coupe et des m\u00e2choires<\/strong><\/p>\n<ul>\n<li>Le T1 peut facilement couper les barres d&#039;armature, la cha\u00eene et le cadenas<\/li>\n<li>Il peut couper jusqu&#039;\u00e0 \u00f818 mm\/0,7 in de barres rondes (S235)<\/li>\n<li>Vous pouvez facilement remplacer les lames de coupe lorsqu&#039;elles sont endommag\u00e9es<\/li>\n<\/ul>\n<p><strong>pompe \u00e0 2 \u00e9tages<\/strong><\/p>\n<ul>\n<li>Haute transmission de puissance. 30 kg\/66 lb de force manuelle sur la tige de pompe vous donne jusqu&#039;\u00e0 14,2 tonnes\/31 248 lbf de force de coupe hydraulique et jusqu&#039;\u00e0 3,4 tonnes\/7 419 lbf de force d&#039;\u00e9cartement hydraulique.<\/li>\n<li>Vous aurez besoin de moins d&#039;\u00e9nergie ou d&#039;air respirable, par rapport aux outils traditionnels<\/li>\n<\/ul>\n<p><strong>T\u00eate de marteau<\/strong><\/p>\n<ul>\n<li>Vous pouvez utiliser l&#039;outil comme un b\u00e9lier ou un marteau<\/li>\n<li>Pour ouvrir rapidement des portes l\u00e9g\u00e8res \u00e0 ouverture vers l&#039;int\u00e9rieur<\/li>\n<li>Le poids optimis\u00e9 de 7,7 kg rend l&#039;outil suffisamment l\u00e9ger pour \u00eatre transport\u00e9 et suffisamment lourd pour faire le travail<\/li>\n<\/ul>\n<p>Options incluses:<\/p>\n<ul>\n<li>Lames de coupe amovibles<\/li>\n<li>Cale amovible<\/li>\n<\/ul>\n<p><iframe loading=\"lazy\" title=\"lecteur vid\u00e9o YouTube\" src=\"https:\/\/www.youtube.com\/embed\/H7yDedhupzY\" width=\"560\" height=\"315\" frameborder=\"0\" allowfullscreen=\"allowfullscreen\"><\/iframe><\/p>\n<p>&nbsp;<\/p>","protected":false},"excerpt":{"rendered":"<p>Cet outil d&#039;entr\u00e9e forc\u00e9e hydraulique vous permet de couper, caler, enfoncer, \u00e9carter, marteler et soulever. Avec le T1, vous avez toujours le bon outil pour le travail.<\/p>","protected":false},"featured_media":27583,"template":"","meta":[],"product_brand":[174],"product_cat":[128,70,46,51],"product_tag":[309],"class_list":{"0":"post-27582","1":"product","2":"type-product","3":"status-publish","4":"has-post-thumbnail","6":"product_brand-holmatro","7":"product_cat-extrication-rescue","8":"product_cat-forcible-entry","9":"product_cat-hand-tools","10":"product_cat-rescue","11":"product_tag-holmatro","13":"first","14":"instock","15":"featured","16":"shipping-taxable","17":"product-type-simple"},"yoast_head":"<!-- This site is optimized with the Yoast SEO plugin v27.4 - https:\/\/yoast.com\/product\/yoast-seo-wordpress\/ -->\n<title>Forcible Entry Tool T1 - Safety Source Fire<\/title>\n<meta name=\"robots\" content=\"noindex, follow, max-snippet:-1, max-image-preview:large, max-video-preview:-1\" \/>\n<meta property=\"og:locale\" content=\"fr_CA\" \/>\n<meta property=\"og:type\" content=\"article\" \/>\n<meta property=\"og:title\" content=\"Forcible Entry Tool T1 - Safety Source Fire\" \/>\n<meta property=\"og:description\" content=\"This hydraulic forcible entry tool allows you to cut, wedge, ram, spread, hammer, and lift. With the T1, you always have the right tool for the job.\" \/>\n<meta property=\"og:url\" content=\"https:\/\/staging.safetysourcefire.ca\/fr_ca\/produit\/forcible-entry-tool-t1\/\" \/>\n<meta property=\"og:site_name\" content=\"Safety Source Fire\" \/>\n<meta property=\"article:publisher\" content=\"https:\/\/www.facebook.com\/mmfssca\" \/>\n<meta property=\"article:modified_time\" content=\"2023-04-05T16:36:55+00:00\" \/>\n<meta property=\"og:image\" content=\"https:\/\/staging.safetysourcefire.ca\/wp-content\/uploads\/2023\/04\/Forcible-Entry-Tool-T1_96dpi_1181x378px_2_NR-26776.jpg\" \/>\n\t<meta property=\"og:image:width\" content=\"600\" \/>\n\t<meta property=\"og:image:height\" content=\"600\" \/>\n\t<meta property=\"og:image:type\" content=\"image\/jpeg\" \/>\n<meta name=\"twitter:card\" content=\"summary_large_image\" \/>\n<meta name=\"twitter:site\" content=\"@mmfssca\" \/>\n<meta name=\"twitter:label1\" content=\"Estimation du temps de lecture\" \/>\n\t<meta name=\"twitter:data1\" content=\"2 minutes\" \/>\n<script type=\"application\/ld+json\" class=\"yoast-schema-graph\">{\"@context\":\"https:\\\/\\\/schema.org\",\"@graph\":[{\"@type\":\"WebPage\",\"@id\":\"https:\\\/\\\/staging.safetysourcefire.ca\\\/product\\\/forcible-entry-tool-t1\\\/\",\"url\":\"https:\\\/\\\/staging.safetysourcefire.ca\\\/product\\\/forcible-entry-tool-t1\\\/\",\"name\":\"Forcible Entry Tool T1 - Safety Source Fire\",\"isPartOf\":{\"@id\":\"https:\\\/\\\/staging.safetysourcefire.ca\\\/#website\"},\"primaryImageOfPage\":{\"@id\":\"https:\\\/\\\/staging.safetysourcefire.ca\\\/product\\\/forcible-entry-tool-t1\\\/#primaryimage\"},\"image\":{\"@id\":\"https:\\\/\\\/staging.safetysourcefire.ca\\\/product\\\/forcible-entry-tool-t1\\\/#primaryimage\"},\"thumbnailUrl\":\"https:\\\/\\\/staging.safetysourcefire.ca\\\/wp-content\\\/uploads\\\/2023\\\/04\\\/Forcible-Entry-Tool-T1_96dpi_1181x378px_2_NR-26776.jpg\",\"datePublished\":\"2023-04-05T14:58:28+00:00\",\"dateModified\":\"2023-04-05T16:36:55+00:00\",\"breadcrumb\":{\"@id\":\"https:\\\/\\\/staging.safetysourcefire.ca\\\/product\\\/forcible-entry-tool-t1\\\/#breadcrumb\"},\"inLanguage\":\"fr-CA\",\"potentialAction\":[{\"@type\":\"ReadAction\",\"target\":[\"https:\\\/\\\/staging.safetysourcefire.ca\\\/product\\\/forcible-entry-tool-t1\\\/\"]}]},{\"@type\":\"ImageObject\",\"inLanguage\":\"fr-CA\",\"@id\":\"https:\\\/\\\/staging.safetysourcefire.ca\\\/product\\\/forcible-entry-tool-t1\\\/#primaryimage\",\"url\":\"https:\\\/\\\/staging.safetysourcefire.ca\\\/wp-content\\\/uploads\\\/2023\\\/04\\\/Forcible-Entry-Tool-T1_96dpi_1181x378px_2_NR-26776.jpg\",\"contentUrl\":\"https:\\\/\\\/staging.safetysourcefire.ca\\\/wp-content\\\/uploads\\\/2023\\\/04\\\/Forcible-Entry-Tool-T1_96dpi_1181x378px_2_NR-26776.jpg\",\"width\":600,\"height\":600,\"caption\":\"T1\"},{\"@type\":\"BreadcrumbList\",\"@id\":\"https:\\\/\\\/staging.safetysourcefire.ca\\\/product\\\/forcible-entry-tool-t1\\\/#breadcrumb\",\"itemListElement\":[{\"@type\":\"ListItem\",\"position\":1,\"name\":\"Home\",\"item\":\"https:\\\/\\\/staging.safetysourcefire.ca\\\/\"},{\"@type\":\"ListItem\",\"position\":2,\"name\":\"Products\",\"item\":\"https:\\\/\\\/staging.safetysourcefire.ca\\\/shop\\\/\"},{\"@type\":\"ListItem\",\"position\":3,\"name\":\"Forcible Entry Tool T1\"}]},{\"@type\":\"WebSite\",\"@id\":\"https:\\\/\\\/staging.safetysourcefire.ca\\\/#website\",\"url\":\"https:\\\/\\\/staging.safetysourcefire.ca\\\/\",\"name\":\"Safety Source Fire\",\"description\":\"\",\"publisher\":{\"@id\":\"https:\\\/\\\/staging.safetysourcefire.ca\\\/#organization\"},\"potentialAction\":[{\"@type\":\"SearchAction\",\"target\":{\"@type\":\"EntryPoint\",\"urlTemplate\":\"https:\\\/\\\/staging.safetysourcefire.ca\\\/?s={search_term_string}\"},\"query-input\":{\"@type\":\"PropertyValueSpecification\",\"valueRequired\":true,\"valueName\":\"search_term_string\"}}],\"inLanguage\":\"fr-CA\"},{\"@type\":\"Organization\",\"@id\":\"https:\\\/\\\/staging.safetysourcefire.ca\\\/#organization\",\"name\":\"Safety Source Fire\",\"url\":\"https:\\\/\\\/staging.safetysourcefire.ca\\\/\",\"logo\":{\"@type\":\"ImageObject\",\"inLanguage\":\"fr-CA\",\"@id\":\"https:\\\/\\\/staging.safetysourcefire.ca\\\/#\\\/schema\\\/logo\\\/image\\\/\",\"url\":\"https:\\\/\\\/staging.safetysourcefire.ca\\\/wp-content\\\/uploads\\\/2021\\\/01\\\/SSF_logo_CC0000-3.png\",\"contentUrl\":\"https:\\\/\\\/staging.safetysourcefire.ca\\\/wp-content\\\/uploads\\\/2021\\\/01\\\/SSF_logo_CC0000-3.png\",\"width\":1107,\"height\":365,\"caption\":\"Safety Source Fire\"},\"image\":{\"@id\":\"https:\\\/\\\/staging.safetysourcefire.ca\\\/#\\\/schema\\\/logo\\\/image\\\/\"},\"sameAs\":[\"https:\\\/\\\/www.facebook.com\\\/mmfssca\",\"https:\\\/\\\/x.com\\\/mmfssca\"]}]}<\/script>\n<!-- \/ Yoast SEO plugin. -->","yoast_head_json":{"title":"Outil d&#039;entr\u00e9e forc\u00e9e T1 - Incendie de source de s\u00e9curit\u00e9","robots":{"index":"noindex","follow":"follow","max-snippet":"max-snippet:-1","max-image-preview":"max-image-preview:large","max-video-preview":"max-video-preview:-1"},"og_locale":"fr_CA","og_type":"article","og_title":"Forcible Entry Tool T1 - Safety Source Fire","og_description":"This hydraulic forcible entry tool allows you to cut, wedge, ram, spread, hammer, and lift. With the T1, you always have the right tool for the job.","og_url":"https:\/\/staging.safetysourcefire.ca\/fr_ca\/produit\/forcible-entry-tool-t1\/","og_site_name":"Safety Source Fire","article_publisher":"https:\/\/www.facebook.com\/mmfssca","article_modified_time":"2023-04-05T16:36:55+00:00","og_image":[{"width":600,"height":600,"url":"https:\/\/staging.safetysourcefire.ca\/wp-content\/uploads\/2023\/04\/Forcible-Entry-Tool-T1_96dpi_1181x378px_2_NR-26776.jpg","type":"image\/jpeg"}],"twitter_card":"summary_large_image","twitter_site":"@mmfssca","twitter_misc":{"Estimation du temps de lecture":"2 minutes"},"schema":{"@context":"https:\/\/schema.org","@graph":[{"@type":"WebPage","@id":"https:\/\/staging.safetysourcefire.ca\/product\/forcible-entry-tool-t1\/","url":"https:\/\/staging.safetysourcefire.ca\/product\/forcible-entry-tool-t1\/","name":"Outil d&#039;entr\u00e9e forc\u00e9e T1 - Incendie de source de s\u00e9curit\u00e9","isPartOf":{"@id":"https:\/\/staging.safetysourcefire.ca\/#website"},"primaryImageOfPage":{"@id":"https:\/\/staging.safetysourcefire.ca\/product\/forcible-entry-tool-t1\/#primaryimage"},"image":{"@id":"https:\/\/staging.safetysourcefire.ca\/product\/forcible-entry-tool-t1\/#primaryimage"},"thumbnailUrl":"https:\/\/staging.safetysourcefire.ca\/wp-content\/uploads\/2023\/04\/Forcible-Entry-Tool-T1_96dpi_1181x378px_2_NR-26776.jpg","datePublished":"2023-04-05T14:58:28+00:00","dateModified":"2023-04-05T16:36:55+00:00","breadcrumb":{"@id":"https:\/\/staging.safetysourcefire.ca\/product\/forcible-entry-tool-t1\/#breadcrumb"},"inLanguage":"fr-CA","potentialAction":[{"@type":"ReadAction","target":["https:\/\/staging.safetysourcefire.ca\/product\/forcible-entry-tool-t1\/"]}]},{"@type":"ImageObject","inLanguage":"fr-CA","@id":"https:\/\/staging.safetysourcefire.ca\/product\/forcible-entry-tool-t1\/#primaryimage","url":"https:\/\/staging.safetysourcefire.ca\/wp-content\/uploads\/2023\/04\/Forcible-Entry-Tool-T1_96dpi_1181x378px_2_NR-26776.jpg","contentUrl":"https:\/\/staging.safetysourcefire.ca\/wp-content\/uploads\/2023\/04\/Forcible-Entry-Tool-T1_96dpi_1181x378px_2_NR-26776.jpg","width":600,"height":600,"caption":"T1"},{"@type":"BreadcrumbList","@id":"https:\/\/staging.safetysourcefire.ca\/product\/forcible-entry-tool-t1\/#breadcrumb","itemListElement":[{"@type":"ListItem","position":1,"name":"Home","item":"https:\/\/staging.safetysourcefire.ca\/"},{"@type":"ListItem","position":2,"name":"Products","item":"https:\/\/staging.safetysourcefire.ca\/shop\/"},{"@type":"ListItem","position":3,"name":"Forcible Entry Tool T1"}]},{"@type":"WebSite","@id":"https:\/\/staging.safetysourcefire.ca\/#website","url":"https:\/\/staging.safetysourcefire.ca\/","name":"Safety Source Fire","description":"","publisher":{"@id":"https:\/\/staging.safetysourcefire.ca\/#organization"},"potentialAction":[{"@type":"SearchAction","target":{"@type":"EntryPoint","urlTemplate":"https:\/\/staging.safetysourcefire.ca\/?s={search_term_string}"},"query-input":{"@type":"PropertyValueSpecification","valueRequired":true,"valueName":"search_term_string"}}],"inLanguage":"fr-CA"},{"@type":"Organization","@id":"https:\/\/staging.safetysourcefire.ca\/#organization","name":"Safety Source Fire","url":"https:\/\/staging.safetysourcefire.ca\/","logo":{"@type":"ImageObject","inLanguage":"fr-CA","@id":"https:\/\/staging.safetysourcefire.ca\/#\/schema\/logo\/image\/","url":"https:\/\/staging.safetysourcefire.ca\/wp-content\/uploads\/2021\/01\/SSF_logo_CC0000-3.png","contentUrl":"https:\/\/staging.safetysourcefire.ca\/wp-content\/uploads\/2021\/01\/SSF_logo_CC0000-3.png","width":1107,"height":365,"caption":"Safety Source Fire"},"image":{"@id":"https:\/\/staging.safetysourcefire.ca\/#\/schema\/logo\/image\/"},"sameAs":["https:\/\/www.facebook.com\/mmfssca","https:\/\/x.com\/mmfssca"]}]}},"_links":{"self":[{"href":"https:\/\/staging.safetysourcefire.ca\/fr_ca\/wp-json\/wp\/v2\/product\/27582","targetHints":{"allow":["GET"]}}],"collection":[{"href":"https:\/\/staging.safetysourcefire.ca\/fr_ca\/wp-json\/wp\/v2\/product"}],"about":[{"href":"https:\/\/staging.safetysourcefire.ca\/fr_ca\/wp-json\/wp\/v2\/types\/product"}],"wp:featuredmedia":[{"embeddable":true,"href":"https:\/\/staging.safetysourcefire.ca\/fr_ca\/wp-json\/wp\/v2\/media\/27583"}],"wp:attachment":[{"href":"https:\/\/staging.safetysourcefire.ca\/fr_ca\/wp-json\/wp\/v2\/media?parent=27582"}],"wp:term":[{"taxonomy":"product_brand","embeddable":true,"href":"https:\/\/staging.safetysourcefire.ca\/fr_ca\/wp-json\/wp\/v2\/product_brand?post=27582"},{"taxonomy":"product_cat","embeddable":true,"href":"https:\/\/staging.safetysourcefire.ca\/fr_ca\/wp-json\/wp\/v2\/product_cat?post=27582"},{"taxonomy":"product_tag","embeddable":true,"href":"https:\/\/staging.safetysourcefire.ca\/fr_ca\/wp-json\/wp\/v2\/product_tag?post=27582"}],"curies":[{"name":"wp","href":"https:\/\/api.w.org\/{rel}","templated":true}]}}