{"id":27445,"date":"2023-02-15T18:22:53","date_gmt":"2023-02-15T18:22:53","guid":{"rendered":"https:\/\/safetysourcefire.ca\/?post_type=product&#038;p=27445"},"modified":"2023-02-15T18:24:53","modified_gmt":"2023-02-15T18:24:53","slug":"s100c22-s101c22","status":"publish","type":"product","link":"https:\/\/staging.safetysourcefire.ca\/fr_ca\/produit\/s100c22-s101c22\/","title":{"rendered":"S100C22 \/ S101C22"},"content":{"rendered":"<p>Le mod\u00e8le S100\/S101 \u00e0 arbre divis\u00e9 est \u00e9quip\u00e9 d&#039;une transmission C22 entra\u00een\u00e9e par cha\u00eene. La transmission C22 offre le meilleur transfert de puissance de sa cat\u00e9gorie. L&#039;entra\u00eenement par cha\u00eene silencieux ne produit aucun g\u00e9missement de vitesse, fournit un changement de vitesse positif et n\u00e9cessite moins de puissance, ce qui am\u00e9liorera l&#039;efficacit\u00e9 de l&#039;appareil.<\/p>\n<ul>\n<li>Corps en fonte ductile<\/li>\n<li>Volute \u00e0 double d\u00e9nudage<\/li>\n<li>Syst\u00e8me de lubrification passive<\/li>\n<li>Garniture m\u00e9canique autor\u00e9glable<\/li>\n<li>Turbine \u00e9quilibr\u00e9e m\u00e9caniquement et hydrauliquement<\/li>\n<li>Bagues d&#039;usure en bronze rempla\u00e7ables<\/li>\n<li>Tous les roulements \u00e0 billes anti-friction \u00e0 gorge profonde, lubrifi\u00e9s par \u00e9claboussures d&#039;huile<\/li>\n<li>Bride ANSI de 5 pouces ou collecteur de refoulement \u00e0 bride d&#039;extr\u00e9mit\u00e9 en option<\/li>\n<li>C22 Transmission compos\u00e9e d&#039;un carter en aluminium et entra\u00een\u00e9e par cha\u00eene pour un fonctionnement silencieux<\/li>\n<li>Garantie limit\u00e9e de 7 ans<\/li>\n<\/ul>\n<p><a href=\"https:\/\/www.waterousco.com\/media\/pdfs\/Specs\/S100.pdf\">T\u00e9l\u00e9charger la fiche technique S100<\/a><\/p>\n<p><a href=\"https:\/\/www.waterousco.com\/media\/pdfs\/Specs\/S101.pdf\">T\u00e9l\u00e9charger la fiche technique S101<\/a><\/p>","protected":false},"excerpt":{"rendered":"<p>Obtenez la puissance et les performances d&#039;une pompe \u00e0 incendie centrale traditionnelle dans un design compact et l\u00e9ger. Fabriqu\u00e9es en fonte ductile, les S100 sont presque 35% plus l\u00e9g\u00e8res, et pourtant 25% plus r\u00e9sistantes que les pompes identiques en fonte grise. Disponible en montage direct sur moteur ou associ\u00e9 \u00e0 une transmission \u00e0 carter en aluminium Waterous.<\/p>","protected":false},"featured_media":27446,"template":"","meta":[],"product_brand":[607],"product_cat":[608],"product_tag":[609],"class_list":{"0":"post-27445","1":"product","2":"type-product","3":"status-publish","4":"has-post-thumbnail","6":"product_brand-waterous","7":"product_cat-vehicle-mounted-pumps","8":"product_tag-waterous","10":"first","11":"instock","12":"shipping-taxable","13":"product-type-simple"},"yoast_head":"<!-- This site is optimized with the Yoast SEO plugin v27.4 - https:\/\/yoast.com\/product\/yoast-seo-wordpress\/ -->\n<title>S100C22 \/ S101C22 - Safety Source Fire<\/title>\n<meta name=\"robots\" content=\"noindex, follow, max-snippet:-1, max-image-preview:large, max-video-preview:-1\" \/>\n<meta property=\"og:locale\" content=\"fr_CA\" \/>\n<meta property=\"og:type\" content=\"article\" \/>\n<meta property=\"og:title\" content=\"S100C22 \/ S101C22 - Safety Source Fire\" \/>\n<meta property=\"og:description\" content=\"Get the power and performance of a traditional midship fire pump in a compact, lightweight design. Made of ductile iron, the S100 are nearly 35% lighter, and yet 25% stronger than identical pumps made with gray iron. Available as a direct-engine mount or matched with a Waterous aluminum case transmission.\" \/>\n<meta property=\"og:url\" content=\"https:\/\/staging.safetysourcefire.ca\/fr_ca\/produit\/s100c22-s101c22\/\" \/>\n<meta property=\"og:site_name\" content=\"Safety Source Fire\" \/>\n<meta property=\"article:publisher\" content=\"https:\/\/www.facebook.com\/mmfssca\" \/>\n<meta property=\"article:modified_time\" content=\"2023-02-15T18:24:53+00:00\" \/>\n<meta property=\"og:image\" content=\"https:\/\/staging.safetysourcefire.ca\/wp-content\/uploads\/2023\/02\/s100c20_2_-600x569-1.jpg\" \/>\n\t<meta property=\"og:image:width\" content=\"600\" \/>\n\t<meta property=\"og:image:height\" content=\"600\" \/>\n\t<meta property=\"og:image:type\" content=\"image\/jpeg\" \/>\n<meta name=\"twitter:card\" content=\"summary_large_image\" \/>\n<meta name=\"twitter:site\" content=\"@mmfssca\" \/>\n<meta name=\"twitter:label1\" content=\"Estimation du temps de lecture\" \/>\n\t<meta name=\"twitter:data1\" content=\"1 minute\" \/>\n<script type=\"application\/ld+json\" class=\"yoast-schema-graph\">{\"@context\":\"https:\\\/\\\/schema.org\",\"@graph\":[{\"@type\":\"WebPage\",\"@id\":\"https:\\\/\\\/staging.safetysourcefire.ca\\\/product\\\/s100c22-s101c22\\\/\",\"url\":\"https:\\\/\\\/staging.safetysourcefire.ca\\\/product\\\/s100c22-s101c22\\\/\",\"name\":\"S100C22 \\\/ S101C22 - Safety Source Fire\",\"isPartOf\":{\"@id\":\"https:\\\/\\\/staging.safetysourcefire.ca\\\/#website\"},\"primaryImageOfPage\":{\"@id\":\"https:\\\/\\\/staging.safetysourcefire.ca\\\/product\\\/s100c22-s101c22\\\/#primaryimage\"},\"image\":{\"@id\":\"https:\\\/\\\/staging.safetysourcefire.ca\\\/product\\\/s100c22-s101c22\\\/#primaryimage\"},\"thumbnailUrl\":\"https:\\\/\\\/staging.safetysourcefire.ca\\\/wp-content\\\/uploads\\\/2023\\\/02\\\/s100c20_2_-600x569-1.jpg\",\"datePublished\":\"2023-02-15T18:22:53+00:00\",\"dateModified\":\"2023-02-15T18:24:53+00:00\",\"breadcrumb\":{\"@id\":\"https:\\\/\\\/staging.safetysourcefire.ca\\\/product\\\/s100c22-s101c22\\\/#breadcrumb\"},\"inLanguage\":\"fr-CA\",\"potentialAction\":[{\"@type\":\"ReadAction\",\"target\":[\"https:\\\/\\\/staging.safetysourcefire.ca\\\/product\\\/s100c22-s101c22\\\/\"]}]},{\"@type\":\"ImageObject\",\"inLanguage\":\"fr-CA\",\"@id\":\"https:\\\/\\\/staging.safetysourcefire.ca\\\/product\\\/s100c22-s101c22\\\/#primaryimage\",\"url\":\"https:\\\/\\\/staging.safetysourcefire.ca\\\/wp-content\\\/uploads\\\/2023\\\/02\\\/s100c20_2_-600x569-1.jpg\",\"contentUrl\":\"https:\\\/\\\/staging.safetysourcefire.ca\\\/wp-content\\\/uploads\\\/2023\\\/02\\\/s100c20_2_-600x569-1.jpg\",\"width\":600,\"height\":600,\"caption\":\"S100C pump\"},{\"@type\":\"BreadcrumbList\",\"@id\":\"https:\\\/\\\/staging.safetysourcefire.ca\\\/product\\\/s100c22-s101c22\\\/#breadcrumb\",\"itemListElement\":[{\"@type\":\"ListItem\",\"position\":1,\"name\":\"Home\",\"item\":\"https:\\\/\\\/staging.safetysourcefire.ca\\\/\"},{\"@type\":\"ListItem\",\"position\":2,\"name\":\"Products\",\"item\":\"https:\\\/\\\/staging.safetysourcefire.ca\\\/shop\\\/\"},{\"@type\":\"ListItem\",\"position\":3,\"name\":\"S100C22 \\\/ S101C22\"}]},{\"@type\":\"WebSite\",\"@id\":\"https:\\\/\\\/staging.safetysourcefire.ca\\\/#website\",\"url\":\"https:\\\/\\\/staging.safetysourcefire.ca\\\/\",\"name\":\"Safety Source Fire\",\"description\":\"\",\"publisher\":{\"@id\":\"https:\\\/\\\/staging.safetysourcefire.ca\\\/#organization\"},\"potentialAction\":[{\"@type\":\"SearchAction\",\"target\":{\"@type\":\"EntryPoint\",\"urlTemplate\":\"https:\\\/\\\/staging.safetysourcefire.ca\\\/?s={search_term_string}\"},\"query-input\":{\"@type\":\"PropertyValueSpecification\",\"valueRequired\":true,\"valueName\":\"search_term_string\"}}],\"inLanguage\":\"fr-CA\"},{\"@type\":\"Organization\",\"@id\":\"https:\\\/\\\/staging.safetysourcefire.ca\\\/#organization\",\"name\":\"Safety Source Fire\",\"url\":\"https:\\\/\\\/staging.safetysourcefire.ca\\\/\",\"logo\":{\"@type\":\"ImageObject\",\"inLanguage\":\"fr-CA\",\"@id\":\"https:\\\/\\\/staging.safetysourcefire.ca\\\/#\\\/schema\\\/logo\\\/image\\\/\",\"url\":\"https:\\\/\\\/staging.safetysourcefire.ca\\\/wp-content\\\/uploads\\\/2021\\\/01\\\/SSF_logo_CC0000-3.png\",\"contentUrl\":\"https:\\\/\\\/staging.safetysourcefire.ca\\\/wp-content\\\/uploads\\\/2021\\\/01\\\/SSF_logo_CC0000-3.png\",\"width\":1107,\"height\":365,\"caption\":\"Safety Source Fire\"},\"image\":{\"@id\":\"https:\\\/\\\/staging.safetysourcefire.ca\\\/#\\\/schema\\\/logo\\\/image\\\/\"},\"sameAs\":[\"https:\\\/\\\/www.facebook.com\\\/mmfssca\",\"https:\\\/\\\/x.com\\\/mmfssca\"]}]}<\/script>\n<!-- \/ Yoast SEO plugin. -->","yoast_head_json":{"title":"S100C22 \/ S101C22 - Incendie \u00e0 source de s\u00e9curit\u00e9","robots":{"index":"noindex","follow":"follow","max-snippet":"max-snippet:-1","max-image-preview":"max-image-preview:large","max-video-preview":"max-video-preview:-1"},"og_locale":"fr_CA","og_type":"article","og_title":"S100C22 \/ S101C22 - Safety Source Fire","og_description":"Get the power and performance of a traditional midship fire pump in a compact, lightweight design. Made of ductile iron, the S100 are nearly 35% lighter, and yet 25% stronger than identical pumps made with gray iron. Available as a direct-engine mount or matched with a Waterous aluminum case transmission.","og_url":"https:\/\/staging.safetysourcefire.ca\/fr_ca\/produit\/s100c22-s101c22\/","og_site_name":"Safety Source Fire","article_publisher":"https:\/\/www.facebook.com\/mmfssca","article_modified_time":"2023-02-15T18:24:53+00:00","og_image":[{"width":600,"height":600,"url":"https:\/\/staging.safetysourcefire.ca\/wp-content\/uploads\/2023\/02\/s100c20_2_-600x569-1.jpg","type":"image\/jpeg"}],"twitter_card":"summary_large_image","twitter_site":"@mmfssca","twitter_misc":{"Estimation du temps de lecture":"1 minute"},"schema":{"@context":"https:\/\/schema.org","@graph":[{"@type":"WebPage","@id":"https:\/\/staging.safetysourcefire.ca\/product\/s100c22-s101c22\/","url":"https:\/\/staging.safetysourcefire.ca\/product\/s100c22-s101c22\/","name":"S100C22 \/ S101C22 - Incendie \u00e0 source de s\u00e9curit\u00e9","isPartOf":{"@id":"https:\/\/staging.safetysourcefire.ca\/#website"},"primaryImageOfPage":{"@id":"https:\/\/staging.safetysourcefire.ca\/product\/s100c22-s101c22\/#primaryimage"},"image":{"@id":"https:\/\/staging.safetysourcefire.ca\/product\/s100c22-s101c22\/#primaryimage"},"thumbnailUrl":"https:\/\/staging.safetysourcefire.ca\/wp-content\/uploads\/2023\/02\/s100c20_2_-600x569-1.jpg","datePublished":"2023-02-15T18:22:53+00:00","dateModified":"2023-02-15T18:24:53+00:00","breadcrumb":{"@id":"https:\/\/staging.safetysourcefire.ca\/product\/s100c22-s101c22\/#breadcrumb"},"inLanguage":"fr-CA","potentialAction":[{"@type":"ReadAction","target":["https:\/\/staging.safetysourcefire.ca\/product\/s100c22-s101c22\/"]}]},{"@type":"ImageObject","inLanguage":"fr-CA","@id":"https:\/\/staging.safetysourcefire.ca\/product\/s100c22-s101c22\/#primaryimage","url":"https:\/\/staging.safetysourcefire.ca\/wp-content\/uploads\/2023\/02\/s100c20_2_-600x569-1.jpg","contentUrl":"https:\/\/staging.safetysourcefire.ca\/wp-content\/uploads\/2023\/02\/s100c20_2_-600x569-1.jpg","width":600,"height":600,"caption":"S100C pump"},{"@type":"BreadcrumbList","@id":"https:\/\/staging.safetysourcefire.ca\/product\/s100c22-s101c22\/#breadcrumb","itemListElement":[{"@type":"ListItem","position":1,"name":"Home","item":"https:\/\/staging.safetysourcefire.ca\/"},{"@type":"ListItem","position":2,"name":"Products","item":"https:\/\/staging.safetysourcefire.ca\/shop\/"},{"@type":"ListItem","position":3,"name":"S100C22 \/ S101C22"}]},{"@type":"WebSite","@id":"https:\/\/staging.safetysourcefire.ca\/#website","url":"https:\/\/staging.safetysourcefire.ca\/","name":"Safety Source Fire","description":"","publisher":{"@id":"https:\/\/staging.safetysourcefire.ca\/#organization"},"potentialAction":[{"@type":"SearchAction","target":{"@type":"EntryPoint","urlTemplate":"https:\/\/staging.safetysourcefire.ca\/?s={search_term_string}"},"query-input":{"@type":"PropertyValueSpecification","valueRequired":true,"valueName":"search_term_string"}}],"inLanguage":"fr-CA"},{"@type":"Organization","@id":"https:\/\/staging.safetysourcefire.ca\/#organization","name":"Safety Source Fire","url":"https:\/\/staging.safetysourcefire.ca\/","logo":{"@type":"ImageObject","inLanguage":"fr-CA","@id":"https:\/\/staging.safetysourcefire.ca\/#\/schema\/logo\/image\/","url":"https:\/\/staging.safetysourcefire.ca\/wp-content\/uploads\/2021\/01\/SSF_logo_CC0000-3.png","contentUrl":"https:\/\/staging.safetysourcefire.ca\/wp-content\/uploads\/2021\/01\/SSF_logo_CC0000-3.png","width":1107,"height":365,"caption":"Safety Source Fire"},"image":{"@id":"https:\/\/staging.safetysourcefire.ca\/#\/schema\/logo\/image\/"},"sameAs":["https:\/\/www.facebook.com\/mmfssca","https:\/\/x.com\/mmfssca"]}]}},"_links":{"self":[{"href":"https:\/\/staging.safetysourcefire.ca\/fr_ca\/wp-json\/wp\/v2\/product\/27445","targetHints":{"allow":["GET"]}}],"collection":[{"href":"https:\/\/staging.safetysourcefire.ca\/fr_ca\/wp-json\/wp\/v2\/product"}],"about":[{"href":"https:\/\/staging.safetysourcefire.ca\/fr_ca\/wp-json\/wp\/v2\/types\/product"}],"wp:featuredmedia":[{"embeddable":true,"href":"https:\/\/staging.safetysourcefire.ca\/fr_ca\/wp-json\/wp\/v2\/media\/27446"}],"wp:attachment":[{"href":"https:\/\/staging.safetysourcefire.ca\/fr_ca\/wp-json\/wp\/v2\/media?parent=27445"}],"wp:term":[{"taxonomy":"product_brand","embeddable":true,"href":"https:\/\/staging.safetysourcefire.ca\/fr_ca\/wp-json\/wp\/v2\/product_brand?post=27445"},{"taxonomy":"product_cat","embeddable":true,"href":"https:\/\/staging.safetysourcefire.ca\/fr_ca\/wp-json\/wp\/v2\/product_cat?post=27445"},{"taxonomy":"product_tag","embeddable":true,"href":"https:\/\/staging.safetysourcefire.ca\/fr_ca\/wp-json\/wp\/v2\/product_tag?post=27445"}],"curies":[{"name":"wp","href":"https:\/\/api.w.org\/{rel}","templated":true}]}}