{"id":2730,"date":"2017-06-13T22:36:32","date_gmt":"2017-06-13T22:36:32","guid":{"rendered":"http:\/\/mmfss.ca\/?post_type=product&#038;p=2730"},"modified":"2023-02-15T19:25:33","modified_gmt":"2023-02-15T19:25:33","slug":"hemisphere-monitor","status":"publish","type":"product","link":"https:\/\/staging.safetysourcefire.ca\/fr_ca\/produit\/hemisphere-monitor\/","title":{"rendered":"Moniteur h\u00e9misph\u00e8re"},"content":{"rendered":"<p>Le moniteur dispose d'une entr\u00e9e pivotante \u00e0 90 degr\u00e9s, d'une valve et d'une sortie pivotante rotative qui est r\u00e9glable manuellement via un double pivot \u00e0 bille. Inclin\u00e9 \u00e0 40 degr\u00e9s par rapport \u00e0 la voie navigable principale, il est capable de balayer jusqu'\u00e0 80 degr\u00e9s. Peut \u00eatre tourn\u00e9 sur la voie navigable principale \u00e0 360\u00b0 degr\u00e9s \u00e0 l'aide d'une manivelle. La sortie poss\u00e8de un redresseur de flux int\u00e9gr\u00e9. Le robinet \u00e0 tournant sph\u00e9rique quart de tour est dot\u00e9 d'une poign\u00e9e de type b\u00e9li\u00e8re, qui se verrouille en position ferm\u00e9e, pour \u00e9viter toute d\u00e9charge accidentelle. La fixation aux diff\u00e9rentes options de montage est tr\u00e8s simple : il suffit de faire glisser la prise \u00e0 la base du moniteur sur le support de fixation rapide. Un levier de d\u00e9verrouillage de rotation, s\u00e9par\u00e9 de la goupille de d\u00e9verrouillage, permet de faire pivoter le moniteur autour de son support sans qu'il soit n\u00e9cessaire de lib\u00e9rer le moniteur de son celui-ci. Les goupilles d'eau sous pression emp\u00eachent le moniteur de tourner ou de se rel\u00e2cher pendant l'\u00e9coulement, et un m\u00e9canisme s\u00e9par\u00e9 dans la goupille de d\u00e9verrouillage emp\u00eache le moniteur de se rel\u00e2cher lorsque le poids du moniteur n'est pas support\u00e9. Une poign\u00e9e de transport int\u00e9gr\u00e9e et une construction l\u00e9g\u00e8re en aluminium rendent le transport et le d\u00e9ploiement rapides et faciles. La taille globale (sans la buse) est de 22,5\u2033L x 12,2\u2033L x 12,0\u2033H (57,2 x 12,2 x 12,0 cm). L'entr\u00e9e standard est un raccord \u00e0 bascule de 2,5\u2033 (65 mm). La sortie standard est un filetage m\u00e2le rigide de 2,5\u2033 (65 mm).<\/p>\n<table>\n<tbody>\n<tr>\n<td><strong>Configuration du moniteur<\/strong><\/td>\n<td>Fixe\/Portable<\/td>\n<\/tr>\n<tr>\n<td><strong>D\u00e9bit<\/strong><\/td>\n<td>0-500 gpm (0-2000 l\/min)<\/td>\n<\/tr>\n<tr>\n<td><strong>Op\u00e9ration Source d&#039;\u00e9nergie<\/strong><\/td>\n<td>Manuel<\/td>\n<\/tr>\n<tr>\n<td><strong>Moniteur d&#039;entr\u00e9e<\/strong><\/td>\n<td>2,5 pouces-7,5 NH femelle<\/td>\n<\/tr>\n<tr>\n<td><strong>Prise de moniteur<\/strong><\/td>\n<td>2 1\/2\u2033NH (65mm) M\u00e2le<\/td>\n<\/tr>\n<tr>\n<td><strong>Contr\u00f4le horizontal<\/strong><\/td>\n<td>Manivelle en alun<\/td>\n<\/tr>\n<tr>\n<td><strong>Mouvement horizontal (degr\u00e9s)<\/strong><\/td>\n<td>360 en continu<\/td>\n<\/tr>\n<tr>\n<td><strong>Contr\u00f4le vertical<\/strong><\/td>\n<td>N \/ A<\/td>\n<\/tr>\n<tr>\n<td><strong>Mouvement vertical (degr\u00e9s)<\/strong><\/td>\n<td>N \/ A<\/td>\n<\/tr>\n<tr>\n<td><strong>Conception de vanne<\/strong><\/td>\n<td>Robinet \u00e0 tournant sph\u00e9rique (aluminium)<\/td>\n<\/tr>\n<tr>\n<td><strong>Finir<\/strong><\/td>\n<td>Bleu fonc\u00e9 enduit de poudre<\/td>\n<\/tr>\n<tr>\n<td><strong>Certifications<\/strong><\/td>\n<td>N \/ A<\/td>\n<\/tr>\n<\/tbody>\n<\/table>\n<p>&nbsp;<\/p>","protected":false},"excerpt":{"rendered":"<p>Plage de d\u00e9bit jusqu&#039;\u00e0 500 gpm (2000 l \/ min).<\/p>","protected":false},"featured_media":2608,"template":"","meta":[],"product_brand":[179],"product_cat":[44,66],"product_tag":[364,355,354,365],"class_list":{"0":"post-2730","1":"product","2":"type-product","3":"status-publish","4":"has-post-thumbnail","6":"product_brand-tft","7":"product_cat-fire-suppression","8":"product_cat-nozzles-monitors","9":"product_tag-attack-monitor","10":"product_tag-task-force-tips","11":"product_tag-tft","12":"product_tag-tft-attack-monitors","14":"first","15":"instock","16":"shipping-taxable","17":"product-type-simple"},"yoast_head":"<!-- This site is optimized with the Yoast SEO plugin v27.4 - https:\/\/yoast.com\/product\/yoast-seo-wordpress\/ -->\n<title>Hemisphere Monitor - Safety Source Fire<\/title>\n<meta name=\"robots\" content=\"noindex, follow, max-snippet:-1, max-image-preview:large, max-video-preview:-1\" \/>\n<meta property=\"og:locale\" content=\"fr_CA\" \/>\n<meta property=\"og:type\" content=\"article\" \/>\n<meta property=\"og:title\" content=\"Hemisphere Monitor - Safety Source Fire\" \/>\n<meta property=\"og:description\" content=\"Flow range up to 500 gpm (2000 l\/min).\" \/>\n<meta property=\"og:url\" content=\"https:\/\/staging.safetysourcefire.ca\/fr_ca\/produit\/hemisphere-monitor\/\" \/>\n<meta property=\"og:site_name\" content=\"Safety Source Fire\" \/>\n<meta property=\"article:publisher\" content=\"https:\/\/www.facebook.com\/mmfssca\" \/>\n<meta property=\"article:modified_time\" content=\"2023-02-15T19:25:33+00:00\" \/>\n<meta property=\"og:image\" content=\"https:\/\/staging.safetysourcefire.ca\/wp-content\/uploads\/2017\/06\/HPM111A.jpg\" \/>\n\t<meta property=\"og:image:width\" content=\"600\" \/>\n\t<meta property=\"og:image:height\" content=\"600\" \/>\n\t<meta property=\"og:image:type\" content=\"image\/jpeg\" \/>\n<meta name=\"twitter:card\" content=\"summary_large_image\" \/>\n<meta name=\"twitter:site\" content=\"@mmfssca\" \/>\n<meta name=\"twitter:label1\" content=\"Estimation du temps de lecture\" \/>\n\t<meta name=\"twitter:data1\" content=\"2 minutes\" \/>\n<script type=\"application\/ld+json\" class=\"yoast-schema-graph\">{\"@context\":\"https:\\\/\\\/schema.org\",\"@graph\":[{\"@type\":\"WebPage\",\"@id\":\"https:\\\/\\\/staging.safetysourcefire.ca\\\/product\\\/hemisphere-monitor\\\/\",\"url\":\"https:\\\/\\\/staging.safetysourcefire.ca\\\/product\\\/hemisphere-monitor\\\/\",\"name\":\"Hemisphere Monitor - Safety Source Fire\",\"isPartOf\":{\"@id\":\"https:\\\/\\\/staging.safetysourcefire.ca\\\/#website\"},\"primaryImageOfPage\":{\"@id\":\"https:\\\/\\\/staging.safetysourcefire.ca\\\/product\\\/hemisphere-monitor\\\/#primaryimage\"},\"image\":{\"@id\":\"https:\\\/\\\/staging.safetysourcefire.ca\\\/product\\\/hemisphere-monitor\\\/#primaryimage\"},\"thumbnailUrl\":\"https:\\\/\\\/staging.safetysourcefire.ca\\\/wp-content\\\/uploads\\\/2017\\\/06\\\/HPM111A.jpg\",\"datePublished\":\"2017-06-13T22:36:32+00:00\",\"dateModified\":\"2023-02-15T19:25:33+00:00\",\"breadcrumb\":{\"@id\":\"https:\\\/\\\/staging.safetysourcefire.ca\\\/product\\\/hemisphere-monitor\\\/#breadcrumb\"},\"inLanguage\":\"fr-CA\",\"potentialAction\":[{\"@type\":\"ReadAction\",\"target\":[\"https:\\\/\\\/staging.safetysourcefire.ca\\\/product\\\/hemisphere-monitor\\\/\"]}]},{\"@type\":\"ImageObject\",\"inLanguage\":\"fr-CA\",\"@id\":\"https:\\\/\\\/staging.safetysourcefire.ca\\\/product\\\/hemisphere-monitor\\\/#primaryimage\",\"url\":\"https:\\\/\\\/staging.safetysourcefire.ca\\\/wp-content\\\/uploads\\\/2017\\\/06\\\/HPM111A.jpg\",\"contentUrl\":\"https:\\\/\\\/staging.safetysourcefire.ca\\\/wp-content\\\/uploads\\\/2017\\\/06\\\/HPM111A.jpg\",\"width\":600,\"height\":600,\"caption\":\"Hemisphere Monitor\"},{\"@type\":\"BreadcrumbList\",\"@id\":\"https:\\\/\\\/staging.safetysourcefire.ca\\\/product\\\/hemisphere-monitor\\\/#breadcrumb\",\"itemListElement\":[{\"@type\":\"ListItem\",\"position\":1,\"name\":\"Home\",\"item\":\"https:\\\/\\\/staging.safetysourcefire.ca\\\/\"},{\"@type\":\"ListItem\",\"position\":2,\"name\":\"Products\",\"item\":\"https:\\\/\\\/staging.safetysourcefire.ca\\\/shop\\\/\"},{\"@type\":\"ListItem\",\"position\":3,\"name\":\"Hemisphere Monitor\"}]},{\"@type\":\"WebSite\",\"@id\":\"https:\\\/\\\/staging.safetysourcefire.ca\\\/#website\",\"url\":\"https:\\\/\\\/staging.safetysourcefire.ca\\\/\",\"name\":\"Safety Source Fire\",\"description\":\"\",\"publisher\":{\"@id\":\"https:\\\/\\\/staging.safetysourcefire.ca\\\/#organization\"},\"potentialAction\":[{\"@type\":\"SearchAction\",\"target\":{\"@type\":\"EntryPoint\",\"urlTemplate\":\"https:\\\/\\\/staging.safetysourcefire.ca\\\/?s={search_term_string}\"},\"query-input\":{\"@type\":\"PropertyValueSpecification\",\"valueRequired\":true,\"valueName\":\"search_term_string\"}}],\"inLanguage\":\"fr-CA\"},{\"@type\":\"Organization\",\"@id\":\"https:\\\/\\\/staging.safetysourcefire.ca\\\/#organization\",\"name\":\"Safety Source Fire\",\"url\":\"https:\\\/\\\/staging.safetysourcefire.ca\\\/\",\"logo\":{\"@type\":\"ImageObject\",\"inLanguage\":\"fr-CA\",\"@id\":\"https:\\\/\\\/staging.safetysourcefire.ca\\\/#\\\/schema\\\/logo\\\/image\\\/\",\"url\":\"https:\\\/\\\/staging.safetysourcefire.ca\\\/wp-content\\\/uploads\\\/2021\\\/01\\\/SSF_logo_CC0000-3.png\",\"contentUrl\":\"https:\\\/\\\/staging.safetysourcefire.ca\\\/wp-content\\\/uploads\\\/2021\\\/01\\\/SSF_logo_CC0000-3.png\",\"width\":1107,\"height\":365,\"caption\":\"Safety Source Fire\"},\"image\":{\"@id\":\"https:\\\/\\\/staging.safetysourcefire.ca\\\/#\\\/schema\\\/logo\\\/image\\\/\"},\"sameAs\":[\"https:\\\/\\\/www.facebook.com\\\/mmfssca\",\"https:\\\/\\\/x.com\\\/mmfssca\"]}]}<\/script>\n<!-- \/ Yoast SEO plugin. -->","yoast_head_json":{"title":"Moniteur Hemisphere - Incendie de source de s\u00e9curit\u00e9","robots":{"index":"noindex","follow":"follow","max-snippet":"max-snippet:-1","max-image-preview":"max-image-preview:large","max-video-preview":"max-video-preview:-1"},"og_locale":"fr_CA","og_type":"article","og_title":"Hemisphere Monitor - Safety Source Fire","og_description":"Flow range up to 500 gpm (2000 l\/min).","og_url":"https:\/\/staging.safetysourcefire.ca\/fr_ca\/produit\/hemisphere-monitor\/","og_site_name":"Safety Source Fire","article_publisher":"https:\/\/www.facebook.com\/mmfssca","article_modified_time":"2023-02-15T19:25:33+00:00","og_image":[{"width":600,"height":600,"url":"https:\/\/staging.safetysourcefire.ca\/wp-content\/uploads\/2017\/06\/HPM111A.jpg","type":"image\/jpeg"}],"twitter_card":"summary_large_image","twitter_site":"@mmfssca","twitter_misc":{"Estimation du temps de lecture":"2 minutes"},"schema":{"@context":"https:\/\/schema.org","@graph":[{"@type":"WebPage","@id":"https:\/\/staging.safetysourcefire.ca\/product\/hemisphere-monitor\/","url":"https:\/\/staging.safetysourcefire.ca\/product\/hemisphere-monitor\/","name":"Moniteur Hemisphere - Incendie de source de s\u00e9curit\u00e9","isPartOf":{"@id":"https:\/\/staging.safetysourcefire.ca\/#website"},"primaryImageOfPage":{"@id":"https:\/\/staging.safetysourcefire.ca\/product\/hemisphere-monitor\/#primaryimage"},"image":{"@id":"https:\/\/staging.safetysourcefire.ca\/product\/hemisphere-monitor\/#primaryimage"},"thumbnailUrl":"https:\/\/staging.safetysourcefire.ca\/wp-content\/uploads\/2017\/06\/HPM111A.jpg","datePublished":"2017-06-13T22:36:32+00:00","dateModified":"2023-02-15T19:25:33+00:00","breadcrumb":{"@id":"https:\/\/staging.safetysourcefire.ca\/product\/hemisphere-monitor\/#breadcrumb"},"inLanguage":"fr-CA","potentialAction":[{"@type":"ReadAction","target":["https:\/\/staging.safetysourcefire.ca\/product\/hemisphere-monitor\/"]}]},{"@type":"ImageObject","inLanguage":"fr-CA","@id":"https:\/\/staging.safetysourcefire.ca\/product\/hemisphere-monitor\/#primaryimage","url":"https:\/\/staging.safetysourcefire.ca\/wp-content\/uploads\/2017\/06\/HPM111A.jpg","contentUrl":"https:\/\/staging.safetysourcefire.ca\/wp-content\/uploads\/2017\/06\/HPM111A.jpg","width":600,"height":600,"caption":"Hemisphere Monitor"},{"@type":"BreadcrumbList","@id":"https:\/\/staging.safetysourcefire.ca\/product\/hemisphere-monitor\/#breadcrumb","itemListElement":[{"@type":"ListItem","position":1,"name":"Home","item":"https:\/\/staging.safetysourcefire.ca\/"},{"@type":"ListItem","position":2,"name":"Products","item":"https:\/\/staging.safetysourcefire.ca\/shop\/"},{"@type":"ListItem","position":3,"name":"Hemisphere Monitor"}]},{"@type":"WebSite","@id":"https:\/\/staging.safetysourcefire.ca\/#website","url":"https:\/\/staging.safetysourcefire.ca\/","name":"Safety Source Fire","description":"","publisher":{"@id":"https:\/\/staging.safetysourcefire.ca\/#organization"},"potentialAction":[{"@type":"SearchAction","target":{"@type":"EntryPoint","urlTemplate":"https:\/\/staging.safetysourcefire.ca\/?s={search_term_string}"},"query-input":{"@type":"PropertyValueSpecification","valueRequired":true,"valueName":"search_term_string"}}],"inLanguage":"fr-CA"},{"@type":"Organization","@id":"https:\/\/staging.safetysourcefire.ca\/#organization","name":"Safety Source Fire","url":"https:\/\/staging.safetysourcefire.ca\/","logo":{"@type":"ImageObject","inLanguage":"fr-CA","@id":"https:\/\/staging.safetysourcefire.ca\/#\/schema\/logo\/image\/","url":"https:\/\/staging.safetysourcefire.ca\/wp-content\/uploads\/2021\/01\/SSF_logo_CC0000-3.png","contentUrl":"https:\/\/staging.safetysourcefire.ca\/wp-content\/uploads\/2021\/01\/SSF_logo_CC0000-3.png","width":1107,"height":365,"caption":"Safety Source Fire"},"image":{"@id":"https:\/\/staging.safetysourcefire.ca\/#\/schema\/logo\/image\/"},"sameAs":["https:\/\/www.facebook.com\/mmfssca","https:\/\/x.com\/mmfssca"]}]}},"_links":{"self":[{"href":"https:\/\/staging.safetysourcefire.ca\/fr_ca\/wp-json\/wp\/v2\/product\/2730","targetHints":{"allow":["GET"]}}],"collection":[{"href":"https:\/\/staging.safetysourcefire.ca\/fr_ca\/wp-json\/wp\/v2\/product"}],"about":[{"href":"https:\/\/staging.safetysourcefire.ca\/fr_ca\/wp-json\/wp\/v2\/types\/product"}],"wp:featuredmedia":[{"embeddable":true,"href":"https:\/\/staging.safetysourcefire.ca\/fr_ca\/wp-json\/wp\/v2\/media\/2608"}],"wp:attachment":[{"href":"https:\/\/staging.safetysourcefire.ca\/fr_ca\/wp-json\/wp\/v2\/media?parent=2730"}],"wp:term":[{"taxonomy":"product_brand","embeddable":true,"href":"https:\/\/staging.safetysourcefire.ca\/fr_ca\/wp-json\/wp\/v2\/product_brand?post=2730"},{"taxonomy":"product_cat","embeddable":true,"href":"https:\/\/staging.safetysourcefire.ca\/fr_ca\/wp-json\/wp\/v2\/product_cat?post=2730"},{"taxonomy":"product_tag","embeddable":true,"href":"https:\/\/staging.safetysourcefire.ca\/fr_ca\/wp-json\/wp\/v2\/product_tag?post=2730"}],"curies":[{"name":"wp","href":"https:\/\/api.w.org\/{rel}","templated":true}]}}