{"id":27246,"date":"2023-01-04T17:59:38","date_gmt":"2023-01-04T17:59:38","guid":{"rendered":"https:\/\/safetysourcefire.ca\/?post_type=product&#038;p=27246"},"modified":"2023-02-13T20:50:20","modified_gmt":"2023-02-13T20:50:20","slug":"transformer-nozzle-system","status":"publish","type":"product","link":"https:\/\/staging.safetysourcefire.ca\/fr_ca\/produit\/transformer-nozzle-system\/","title":{"rendered":"Syst\u00e8me de buse de transformateur"},"content":{"rendered":"<p>Le Transformer Nozzle System est une s\u00e9rie de kits qui vous aident \u00e0 fournir de l&#039;eau dans des zones inaccessibles ou difficiles \u00e0 atteindre. Ces kits peuvent d\u00e9biter jusqu&#039;\u00e0 150 GPM (570 LPM) \u00e0 100 psi (7 bar) et sont faciles \u00e0 configurer selon vos besoins sp\u00e9cifiques.<\/p>\n<h4><strong>Kits de per\u00e7age et de v\u00e9hicules \u00e9lectriques<\/strong><\/h4>\n<p>Le Transformer Nozzle System dispose de diff\u00e9rents kits afin que vous puissiez choisir exactement ce dont vous avez besoin :<\/p>\n<p><strong>Syst\u00e8me de buse Transformer EV<\/strong><\/p>\n<p>Le kit EV (v\u00e9hicule \u00e9lectrique) est con\u00e7u pour faciliter l&#039;application d&#039;eau sous un v\u00e9hicule \u00e9lectrique pour votre \u00e9quipage. Chaque kit comprend quatre tubes d&#039;extension de 19&quot; (0,5 m) et une buse de distribution (cave) avec un large motif enti\u00e8rement rempli qui permet \u00e0 l&#039;eau de se r\u00e9pandre dans le compartiment de la batterie pour un refroidissement efficace.<\/p>\n<p>Atteignant une longueur totale de plus de 7 pi (2,2 m\u00e8tres) lorsqu&#039;ils sont enti\u00e8rement assembl\u00e9s, les tubes d&#039;extension ajout\u00e9s permettent \u00e0 votre \u00e9quipe de mettre de l&#039;espace entre eux et le feu.<\/p>\n<p>PA3 comprend\u00a0:<\/p>\n<ul>\n<li>Bloc de jonction 3 ports<\/li>\n<li>Buse de distribution<\/li>\n<li>Quatre tubes d&#039;extension de 19&quot; (0,5 m\u00e8tre)<\/li>\n<li>Vanne d&#039;arr\u00eat \u00e0 poign\u00e9e tournante<\/li>\n<li>Sac de transport robuste avec compartiments<\/li>\n<\/ul>\n<p>\u200b<br \/>\n<strong>Syst\u00e8me de buse de per\u00e7age de transformateur<\/strong><\/p>\n<p>Le syst\u00e8me de buse de per\u00e7age vous permet de fournir de l&#039;eau dans des espaces vides inaccessibles, tels qu&#039;un grenier ou un mur de genou. La buse de per\u00e7age a une s\u00e9rie de jets pr\u00e8s du point de per\u00e7age pour appliquer un motif large.<\/p>\n<p>Diff\u00e9rents kits sont disponibles qui incluent des accessoires optionnels, dont une buse de distribution (buse de cave) ou une poign\u00e9e pistolet.<\/p>\n<p>PA1 comprend\u00a0:<\/p>\n<ul>\n<li>Pointe de per\u00e7age en acier tremp\u00e9<\/li>\n<li>Deux tubes d&#039;extension de 19&quot; (0,5 m)<\/li>\n<li>Vanne d&#039;arr\u00eat \u00e0 poign\u00e9e tournante<\/li>\n<li>Bloc de jonction 3 ports<\/li>\n<li>T\u00eate de frappe amovible<\/li>\n<li>Sac de transport robuste avec compartiments<\/li>\n<\/ul>\n<p>PA2 comprend tout de PA1 plus\u00a0:<\/p>\n<ul>\n<li>Poign\u00e9e pistolet<\/li>\n<li>Buse de distribution<\/li>\n<li>Adaptateur de buse de distribution<\/li>\n<\/ul>\n<p><strong>Configurable selon vos besoins<\/strong><\/p>\n<p>Chaque kit est con\u00e7u pour que des accessoires puissent \u00eatre ajout\u00e9s ou retir\u00e9s pour r\u00e9pondre \u00e0 vos besoins sur le terrain de l&#039;incendie. Cela vous permet, \u00e0 vous et \u00e0 votre \u00e9quipage, de r\u00e9agir au sc\u00e9nario unique auquel vous \u00eates confront\u00e9.<\/p>\n<p><iframe loading=\"lazy\" title=\"Vid\u00e9o de la s\u00e9rie Transformer\" src=\"https:\/\/player.vimeo.com\/video\/336891150?h=f194f626d3&amp;dnt=1&amp;app_id=122963\" width=\"980\" height=\"551\" frameborder=\"0\" allow=\"autoplay; fullscreen; picture-in-picture\" allowfullscreen><\/iframe><\/p><\/p>\n<p style=\"text-align: center;\"><iframe loading=\"lazy\" title=\"lecteur vid\u00e9o YouTube\" src=\"https:\/\/www.youtube.com\/embed\/LpLasS7SyqQ\" width=\"560\" height=\"315\" frameborder=\"0\" allowfullscreen=\"allowfullscreen\"><\/iframe><\/p>\n<p><strong>FAQ sur le syst\u00e8me de buse Transformer EV<\/strong><\/p>\n<p style=\"padding-left: 40px;\">Le syst\u00e8me de buse Transformer EV est con\u00e7u pour vous aider \u00e0 refroidir et \u00e0 att\u00e9nuer efficacement un incendie dans le compartiment de la batterie sous un v\u00e9hicule \u00e9lectrique.<\/p>\n<p style=\"padding-left: 40px;\">Nous voulons nous assurer que vous savez exactement \u00e0 quoi vous attendre avec ce kit : Voici les r\u00e9ponses \u00e0 quelques questions standard sur le syst\u00e8me de buse Transformer EV :<\/p>\n<p>N&#039;est-ce pas le m\u00eame que le kit de buse de per\u00e7age Transformer\u00a0?<\/p>\n<p style=\"padding-left: 40px;\">Pas assez. Le kit EV comprend des tubes d&#039;extension suppl\u00e9mentaires pour une distance suppl\u00e9mentaire entre votre \u00e9quipe et le feu. Il ne comprend pas non plus de poign\u00e9e pistolet, de buse de per\u00e7age ou d&#039;adaptateur permettant d&#039;utiliser s\u00e9par\u00e9ment la buse de cave.<\/p>\n<p style=\"padding-left: 40px;\">Nous avons construit ce kit pour aider votre \u00e9quipage \u00e0 \u00eatre aussi s\u00fbr et efficace que possible lors d&#039;un incendie de v\u00e9hicule \u00e9lectrique. Lors de nos recherches, nous avons constat\u00e9 qu&#039;il existe une coh\u00e9rence dans les guides d&#039;intervention d&#039;urgence publi\u00e9s pour les v\u00e9hicules \u00e9lectriques\u00a0: en cas d&#039;incendie, utilisez de grandes quantit\u00e9s d&#039;eau pour refroidir et att\u00e9nuer l&#039;incendie.<\/p>\n<p style=\"padding-left: 40px;\">Nous avons \u00e9galement constat\u00e9 que percer le compartiment de la batterie causerait d&#039;autres dommages m\u00e9caniques et pourrait favoriser l&#039;emballement thermique, ce qui aggraverait le probl\u00e8me. Tout incendie de v\u00e9hicule \u00e9lectrique doit \u00eatre consid\u00e9r\u00e9 comme IDLH (imm\u00e9diatement dangereux pour la vie ou la sant\u00e9) en raison de la charge \u00e9lectrique dans le v\u00e9hicule et des fum\u00e9es toxiques provenant de l&#039;incendie de la batterie. Dans cet esprit, nous avons choisi de ne pas inclure la buse de per\u00e7age, mais d&#039;inclure des tubes d&#039;extension suppl\u00e9mentaires et une buse de distribution avec un motif de remplissage complet.<\/p>\n<p>Qu&#039;est-ce qui est inclus dans le kit EV\u00a0?<\/p>\n<ul>\n<li>Bloc de jonction \u00e0 trois ports (il s&#039;agit d&#039;un mini collecteur qui permet l&#039;installation de la buse de distribution)<\/li>\n<li>Buse distributrice (appel\u00e9e aussi buse Bresnan ou buse de cave)<\/li>\n<li>Quatre tubes d&#039;extension de 19&quot; (0,5 m\u00e8tre)<\/li>\n<li>Vanne d&#039;arr\u00eat \u00e0 poign\u00e9e tournante<\/li>\n<li>Sac de transport robuste avec compartiments<\/li>\n<\/ul>\n<p>Comment cela aide-t-il lors d&#039;un incendie de v\u00e9hicule \u00e9lectrique\u00a0?<\/p>\n<p style=\"padding-left: 40px;\">Ce kit permet \u00e0 votre \u00e9quipage de glisser facilement une buse de cave sous le v\u00e9hicule et de contr\u00f4ler le d\u00e9bit d&#039;eau pour refroidir le compartiment de stockage de la batterie. Les tubes d&#039;extension suppl\u00e9mentaires fournissent une distance entre vous et le feu pour plus de s\u00e9curit\u00e9.<\/p>\n<p>Combien d&#039;eau peut-il fournir?<\/p>\n<p style=\"padding-left: 40px;\">Vous pouvez fournir jusqu&#039;\u00e0 150 GPM (570 LPM) avec le syst\u00e8me de buse Transformer EV. Une valve \u00e0 torsion vous permet de contr\u00f4ler le d\u00e9bit d&#039;eau et d&#039;en fournir moins au besoin.<\/p>\n<p>Est-ce s\u00fbr?<\/p>\n<p style=\"padding-left: 40px;\">Vous et votre \u00e9quipage devez prendre des pr\u00e9cautions et suivre toutes les meilleures pratiques publi\u00e9es pour un incendie de v\u00e9hicule \u00e9lectrique. Le syst\u00e8me de buse Transformer EV est con\u00e7u pour vous aider \u00e0 combattre l&#039;incendie et \u00e0 refroidir le compartiment de stockage de la batterie lorsqu&#039;un v\u00e9hicule est encore sur ses quatre roues.<\/p>\n<p>Y a-t-il un risque de choc \u00e9lectrique\u00a0?<\/p>\n<p style=\"padding-left: 40px;\">Il existe un risque de choc \u00e9lectrique en cas d&#039;incendie impliquant des batteries, m\u00eame un moteur \u00e0 essence ordinaire. Un EPI complet, un SCBA et des pr\u00e9cautions appropri\u00e9es doivent \u00eatre pris avec tous les incendies impliquant une alimentation en tension charg\u00e9e.<br \/>\nChaque fabricant de VE a son propre guide d&#039;intervention d&#039;urgence qui d\u00e9taille les meilleures pratiques pour d\u00e9sactiver l&#039;alimentation d&#039;un VE en toute s\u00e9curit\u00e9. Ceux-ci doivent \u00eatre consult\u00e9s afin de minimiser les risques pour vous et votre \u00e9quipage.<\/p>\n<p>Combien cela p\u00e8se-t-il? C&#039;est lourd ?<\/p>\n<p style=\"padding-left: 40px;\">L&#039;unit\u00e9 enti\u00e8re une fois assembl\u00e9e p\u00e8se environ 15 livres. Puisqu&#039;il est con\u00e7u pour reposer sur le sol sous le v\u00e9hicule, il ne semblera pas lourd \u00e0 votre \u00e9quipage.<\/p>\n<p>Le syst\u00e8me de buse Transformer EV peut-il \u00eatre utilis\u00e9 pour d&#039;autres feux\u00a0?<\/p>\n<p style=\"padding-left: 40px;\">Oui! La buse de cave peut \u00eatre utilis\u00e9e pour attaquer les incendies dans des espaces vides tels que derri\u00e8re un muret ou dans un grenier apr\u00e8s la cr\u00e9ation d&#039;un trou d&#039;acc\u00e8s. Le kit est facile \u00e0 assembler dans diff\u00e9rentes configurations et peut \u00eatre adapt\u00e9. N&#039;oubliez pas que ce kit n&#039;inclut pas la buse de per\u00e7age, l&#039;adaptateur ou la poign\u00e9e pistolet. Vous devrez acheter ces articles s\u00e9par\u00e9ment si n\u00e9cessaire.<\/p>\n<p>Puis-je transformer mon kit de buse de per\u00e7age en kit EV\u00a0?<\/p>\n<p style=\"padding-left: 40px;\">Vous pouvez commander les pi\u00e8ces suivantes pour convertir votre kit existant en kit EV\u00a0!<\/p>\n<ul>\n<li>Tube prolongateur PA11 (19\u2033 \/ .5 m) X 2<\/li>\n<li>PA26 (t\u00eate de buse de distributeur) X 1<\/li>\n<\/ul>\n<p>TFT a-t-il d&#039;autres outils pour lutter contre les incendies de v\u00e9hicules \u00e9lectriques\u00a0?<\/p>\n<p style=\"padding-left: 40px;\">Les meilleures pratiques actuelles pour les feux de v\u00e9hicules \u00e9lectriques recommandent de mettre de grandes quantit\u00e9s d&#039;eau sur le feu. Pour les v\u00e9hicules encore sur les quatre roues, nous recommandons le syst\u00e8me de buse Transformer EV pour acc\u00e9der au soubassement du v\u00e9hicule et disperser l&#039;eau dans le compartiment de stockage de la batterie.<\/p>\n<p style=\"padding-left: 40px;\">Si le v\u00e9hicule a tourn\u00e9 sur le c\u00f4t\u00e9, ou si vous ne disposez pas d&#039;un kit permettant d&#039;acc\u00e9der facilement au dessous du v\u00e9hicule, nous vous conseillons d&#039;utiliser un <a href=\"https:\/\/staging.safetysourcefire.ca\/fr_ca\/produit\/blitzfire-monitor\/\">Blitzfire<\/a>. Vous pouvez configurer le moniteur portable, r\u00e9gler l&#039;oscillation et le laisser couler \u00e0 un angle bas et non assist\u00e9 de 10 degr\u00e9s ou \u00e0 tout angle n\u00e9cessaire pour refroidir le dessous du v\u00e9hicule.<\/p>\n<p style=\"padding-left: 40px;\">Vous pouvez \u00e9galement utiliser des lignes \u00e0 main courantes pour refroidir et att\u00e9nuer efficacement le feu si les ressources vous permettent, \u00e0 vous et \u00e0 votre \u00e9quipage, de les utiliser en toute s\u00e9curit\u00e9.<\/p>","protected":false},"excerpt":{"rendered":"<p>Attaquer les incendies dans les greniers, les espaces vides ou sous un v\u00e9hicule \u00e9lectrique peut \u00eatre difficile. Votre \u00e9quipe m\u00e9rite une solution qui rend le processus plus facile et plus efficace sans \u00e9quipement encombrant.<\/p>","protected":false},"featured_media":27251,"template":"","meta":[],"product_brand":[179],"product_cat":[44,64,66],"product_tag":[605,604,355,354],"class_list":{"0":"post-27246","1":"product","2":"type-product","3":"status-publish","4":"has-post-thumbnail","6":"product_brand-tft","7":"product_cat-fire-suppression","8":"product_cat-hardware-appliances-adapters","9":"product_cat-nozzles-monitors","10":"product_tag-electric-vehicle","11":"product_tag-ev","12":"product_tag-task-force-tips","13":"product_tag-tft","15":"first","16":"instock","17":"shipping-taxable","18":"product-type-simple"},"yoast_head":"<!-- This site is optimized with the Yoast SEO plugin v27.4 - https:\/\/yoast.com\/product\/yoast-seo-wordpress\/ -->\n<title>Transformer Nozzle System - Safety Source Fire<\/title>\n<meta name=\"robots\" content=\"noindex, follow, max-snippet:-1, max-image-preview:large, max-video-preview:-1\" \/>\n<meta property=\"og:locale\" content=\"fr_CA\" \/>\n<meta property=\"og:type\" content=\"article\" \/>\n<meta property=\"og:title\" content=\"Transformer Nozzle System - Safety Source Fire\" \/>\n<meta property=\"og:description\" content=\"Attacking fires in attics, void spaces, or under an electric vehicle can be difficult. Your crew deserves a solution that makes the process easier and more efficient without bulky equipment.\" \/>\n<meta property=\"og:url\" content=\"https:\/\/staging.safetysourcefire.ca\/fr_ca\/produit\/transformer-nozzle-system\/\" \/>\n<meta property=\"og:site_name\" content=\"Safety Source Fire\" \/>\n<meta property=\"article:publisher\" content=\"https:\/\/www.facebook.com\/mmfssca\" \/>\n<meta property=\"article:modified_time\" content=\"2023-02-13T20:50:20+00:00\" \/>\n<meta property=\"og:image\" content=\"https:\/\/staging.safetysourcefire.ca\/wp-content\/uploads\/2023\/01\/PA3-EV.jpg\" \/>\n\t<meta property=\"og:image:width\" content=\"600\" \/>\n\t<meta property=\"og:image:height\" content=\"600\" \/>\n\t<meta property=\"og:image:type\" content=\"image\/jpeg\" \/>\n<meta name=\"twitter:card\" content=\"summary_large_image\" \/>\n<meta name=\"twitter:site\" content=\"@mmfssca\" \/>\n<meta name=\"twitter:label1\" content=\"Estimation du temps de lecture\" \/>\n\t<meta name=\"twitter:data1\" content=\"5 minutes\" \/>\n<script type=\"application\/ld+json\" class=\"yoast-schema-graph\">{\"@context\":\"https:\\\/\\\/schema.org\",\"@graph\":[{\"@type\":\"WebPage\",\"@id\":\"https:\\\/\\\/staging.safetysourcefire.ca\\\/product\\\/transformer-nozzle-system\\\/\",\"url\":\"https:\\\/\\\/staging.safetysourcefire.ca\\\/product\\\/transformer-nozzle-system\\\/\",\"name\":\"Transformer Nozzle System - Safety Source Fire\",\"isPartOf\":{\"@id\":\"https:\\\/\\\/staging.safetysourcefire.ca\\\/#website\"},\"primaryImageOfPage\":{\"@id\":\"https:\\\/\\\/staging.safetysourcefire.ca\\\/product\\\/transformer-nozzle-system\\\/#primaryimage\"},\"image\":{\"@id\":\"https:\\\/\\\/staging.safetysourcefire.ca\\\/product\\\/transformer-nozzle-system\\\/#primaryimage\"},\"thumbnailUrl\":\"https:\\\/\\\/staging.safetysourcefire.ca\\\/wp-content\\\/uploads\\\/2023\\\/01\\\/PA3-EV.jpg\",\"datePublished\":\"2023-01-04T17:59:38+00:00\",\"dateModified\":\"2023-02-13T20:50:20+00:00\",\"breadcrumb\":{\"@id\":\"https:\\\/\\\/staging.safetysourcefire.ca\\\/product\\\/transformer-nozzle-system\\\/#breadcrumb\"},\"inLanguage\":\"fr-CA\",\"potentialAction\":[{\"@type\":\"ReadAction\",\"target\":[\"https:\\\/\\\/staging.safetysourcefire.ca\\\/product\\\/transformer-nozzle-system\\\/\"]}]},{\"@type\":\"ImageObject\",\"inLanguage\":\"fr-CA\",\"@id\":\"https:\\\/\\\/staging.safetysourcefire.ca\\\/product\\\/transformer-nozzle-system\\\/#primaryimage\",\"url\":\"https:\\\/\\\/staging.safetysourcefire.ca\\\/wp-content\\\/uploads\\\/2023\\\/01\\\/PA3-EV.jpg\",\"contentUrl\":\"https:\\\/\\\/staging.safetysourcefire.ca\\\/wp-content\\\/uploads\\\/2023\\\/01\\\/PA3-EV.jpg\",\"width\":600,\"height\":600,\"caption\":\"PA3\"},{\"@type\":\"BreadcrumbList\",\"@id\":\"https:\\\/\\\/staging.safetysourcefire.ca\\\/product\\\/transformer-nozzle-system\\\/#breadcrumb\",\"itemListElement\":[{\"@type\":\"ListItem\",\"position\":1,\"name\":\"Home\",\"item\":\"https:\\\/\\\/staging.safetysourcefire.ca\\\/\"},{\"@type\":\"ListItem\",\"position\":2,\"name\":\"Products\",\"item\":\"https:\\\/\\\/staging.safetysourcefire.ca\\\/shop\\\/\"},{\"@type\":\"ListItem\",\"position\":3,\"name\":\"Transformer Nozzle System\"}]},{\"@type\":\"WebSite\",\"@id\":\"https:\\\/\\\/staging.safetysourcefire.ca\\\/#website\",\"url\":\"https:\\\/\\\/staging.safetysourcefire.ca\\\/\",\"name\":\"Safety Source Fire\",\"description\":\"\",\"publisher\":{\"@id\":\"https:\\\/\\\/staging.safetysourcefire.ca\\\/#organization\"},\"potentialAction\":[{\"@type\":\"SearchAction\",\"target\":{\"@type\":\"EntryPoint\",\"urlTemplate\":\"https:\\\/\\\/staging.safetysourcefire.ca\\\/?s={search_term_string}\"},\"query-input\":{\"@type\":\"PropertyValueSpecification\",\"valueRequired\":true,\"valueName\":\"search_term_string\"}}],\"inLanguage\":\"fr-CA\"},{\"@type\":\"Organization\",\"@id\":\"https:\\\/\\\/staging.safetysourcefire.ca\\\/#organization\",\"name\":\"Safety Source Fire\",\"url\":\"https:\\\/\\\/staging.safetysourcefire.ca\\\/\",\"logo\":{\"@type\":\"ImageObject\",\"inLanguage\":\"fr-CA\",\"@id\":\"https:\\\/\\\/staging.safetysourcefire.ca\\\/#\\\/schema\\\/logo\\\/image\\\/\",\"url\":\"https:\\\/\\\/staging.safetysourcefire.ca\\\/wp-content\\\/uploads\\\/2021\\\/01\\\/SSF_logo_CC0000-3.png\",\"contentUrl\":\"https:\\\/\\\/staging.safetysourcefire.ca\\\/wp-content\\\/uploads\\\/2021\\\/01\\\/SSF_logo_CC0000-3.png\",\"width\":1107,\"height\":365,\"caption\":\"Safety Source Fire\"},\"image\":{\"@id\":\"https:\\\/\\\/staging.safetysourcefire.ca\\\/#\\\/schema\\\/logo\\\/image\\\/\"},\"sameAs\":[\"https:\\\/\\\/www.facebook.com\\\/mmfssca\",\"https:\\\/\\\/x.com\\\/mmfssca\"]}]}<\/script>\n<!-- \/ Yoast SEO plugin. -->","yoast_head_json":{"title":"Syst\u00e8me de buse de transformateur - Incendie de source de s\u00e9curit\u00e9","robots":{"index":"noindex","follow":"follow","max-snippet":"max-snippet:-1","max-image-preview":"max-image-preview:large","max-video-preview":"max-video-preview:-1"},"og_locale":"fr_CA","og_type":"article","og_title":"Transformer Nozzle System - Safety Source Fire","og_description":"Attacking fires in attics, void spaces, or under an electric vehicle can be difficult. Your crew deserves a solution that makes the process easier and more efficient without bulky equipment.","og_url":"https:\/\/staging.safetysourcefire.ca\/fr_ca\/produit\/transformer-nozzle-system\/","og_site_name":"Safety Source Fire","article_publisher":"https:\/\/www.facebook.com\/mmfssca","article_modified_time":"2023-02-13T20:50:20+00:00","og_image":[{"width":600,"height":600,"url":"https:\/\/staging.safetysourcefire.ca\/wp-content\/uploads\/2023\/01\/PA3-EV.jpg","type":"image\/jpeg"}],"twitter_card":"summary_large_image","twitter_site":"@mmfssca","twitter_misc":{"Estimation du temps de lecture":"5 minutes"},"schema":{"@context":"https:\/\/schema.org","@graph":[{"@type":"WebPage","@id":"https:\/\/staging.safetysourcefire.ca\/product\/transformer-nozzle-system\/","url":"https:\/\/staging.safetysourcefire.ca\/product\/transformer-nozzle-system\/","name":"Syst\u00e8me de buse de transformateur - Incendie de source de s\u00e9curit\u00e9","isPartOf":{"@id":"https:\/\/staging.safetysourcefire.ca\/#website"},"primaryImageOfPage":{"@id":"https:\/\/staging.safetysourcefire.ca\/product\/transformer-nozzle-system\/#primaryimage"},"image":{"@id":"https:\/\/staging.safetysourcefire.ca\/product\/transformer-nozzle-system\/#primaryimage"},"thumbnailUrl":"https:\/\/staging.safetysourcefire.ca\/wp-content\/uploads\/2023\/01\/PA3-EV.jpg","datePublished":"2023-01-04T17:59:38+00:00","dateModified":"2023-02-13T20:50:20+00:00","breadcrumb":{"@id":"https:\/\/staging.safetysourcefire.ca\/product\/transformer-nozzle-system\/#breadcrumb"},"inLanguage":"fr-CA","potentialAction":[{"@type":"ReadAction","target":["https:\/\/staging.safetysourcefire.ca\/product\/transformer-nozzle-system\/"]}]},{"@type":"ImageObject","inLanguage":"fr-CA","@id":"https:\/\/staging.safetysourcefire.ca\/product\/transformer-nozzle-system\/#primaryimage","url":"https:\/\/staging.safetysourcefire.ca\/wp-content\/uploads\/2023\/01\/PA3-EV.jpg","contentUrl":"https:\/\/staging.safetysourcefire.ca\/wp-content\/uploads\/2023\/01\/PA3-EV.jpg","width":600,"height":600,"caption":"PA3"},{"@type":"BreadcrumbList","@id":"https:\/\/staging.safetysourcefire.ca\/product\/transformer-nozzle-system\/#breadcrumb","itemListElement":[{"@type":"ListItem","position":1,"name":"Home","item":"https:\/\/staging.safetysourcefire.ca\/"},{"@type":"ListItem","position":2,"name":"Products","item":"https:\/\/staging.safetysourcefire.ca\/shop\/"},{"@type":"ListItem","position":3,"name":"Transformer Nozzle System"}]},{"@type":"WebSite","@id":"https:\/\/staging.safetysourcefire.ca\/#website","url":"https:\/\/staging.safetysourcefire.ca\/","name":"Safety Source Fire","description":"","publisher":{"@id":"https:\/\/staging.safetysourcefire.ca\/#organization"},"potentialAction":[{"@type":"SearchAction","target":{"@type":"EntryPoint","urlTemplate":"https:\/\/staging.safetysourcefire.ca\/?s={search_term_string}"},"query-input":{"@type":"PropertyValueSpecification","valueRequired":true,"valueName":"search_term_string"}}],"inLanguage":"fr-CA"},{"@type":"Organization","@id":"https:\/\/staging.safetysourcefire.ca\/#organization","name":"Safety Source Fire","url":"https:\/\/staging.safetysourcefire.ca\/","logo":{"@type":"ImageObject","inLanguage":"fr-CA","@id":"https:\/\/staging.safetysourcefire.ca\/#\/schema\/logo\/image\/","url":"https:\/\/staging.safetysourcefire.ca\/wp-content\/uploads\/2021\/01\/SSF_logo_CC0000-3.png","contentUrl":"https:\/\/staging.safetysourcefire.ca\/wp-content\/uploads\/2021\/01\/SSF_logo_CC0000-3.png","width":1107,"height":365,"caption":"Safety Source Fire"},"image":{"@id":"https:\/\/staging.safetysourcefire.ca\/#\/schema\/logo\/image\/"},"sameAs":["https:\/\/www.facebook.com\/mmfssca","https:\/\/x.com\/mmfssca"]}]}},"_links":{"self":[{"href":"https:\/\/staging.safetysourcefire.ca\/fr_ca\/wp-json\/wp\/v2\/product\/27246","targetHints":{"allow":["GET"]}}],"collection":[{"href":"https:\/\/staging.safetysourcefire.ca\/fr_ca\/wp-json\/wp\/v2\/product"}],"about":[{"href":"https:\/\/staging.safetysourcefire.ca\/fr_ca\/wp-json\/wp\/v2\/types\/product"}],"wp:featuredmedia":[{"embeddable":true,"href":"https:\/\/staging.safetysourcefire.ca\/fr_ca\/wp-json\/wp\/v2\/media\/27251"}],"wp:attachment":[{"href":"https:\/\/staging.safetysourcefire.ca\/fr_ca\/wp-json\/wp\/v2\/media?parent=27246"}],"wp:term":[{"taxonomy":"product_brand","embeddable":true,"href":"https:\/\/staging.safetysourcefire.ca\/fr_ca\/wp-json\/wp\/v2\/product_brand?post=27246"},{"taxonomy":"product_cat","embeddable":true,"href":"https:\/\/staging.safetysourcefire.ca\/fr_ca\/wp-json\/wp\/v2\/product_cat?post=27246"},{"taxonomy":"product_tag","embeddable":true,"href":"https:\/\/staging.safetysourcefire.ca\/fr_ca\/wp-json\/wp\/v2\/product_tag?post=27246"}],"curies":[{"name":"wp","href":"https:\/\/api.w.org\/{rel}","templated":true}]}}