{"id":27239,"date":"2023-01-03T17:05:33","date_gmt":"2023-01-03T17:05:33","guid":{"rendered":"https:\/\/safetysourcefire.ca\/?post_type=product&#038;p=27239"},"modified":"2023-01-03T17:10:23","modified_gmt":"2023-01-03T17:10:23","slug":"onyx-4k-camera-with-mount","status":"publish","type":"product","link":"https:\/\/staging.safetysourcefire.ca\/fr_ca\/produit\/onyx-4k-camera-with-mount\/","title":{"rendered":"Cam\u00e9ra ONYX 4K avec support"},"content":{"rendered":"<p>Enregistrement maintenant en v\u00e9ritable r\u00e9solution 4K \u00e0 30 images par seconde, la NOUVELLE cam\u00e9ra Fire Cam ONYX 4K est la plus r\u00e9cente et la meilleure cam\u00e9ra professionnelle 4K pour casque de pompier que nous ayons con\u00e7ue pour la lutte contre les incendies \u00e0 l&#039;int\u00e9rieur et \u00e0 l&#039;ext\u00e9rieur.<\/p>\n<ul>\n<li>Le capteur 4K de la plus haute qualit\u00e9 pour une vid\u00e9o parfaite<\/li>\n<li>La vue grand angle parfaite<\/li>\n<li>Le MEILLEUR absolu dans des conditions de faible luminosit\u00e9<\/li>\n<li>Option optionnelle de date et d&#039;horodatage SUR la vid\u00e9o<\/li>\n<\/ul>\n<p>Enregistrement en &quot;TRUE&quot; 4K@30fps, 1080@@120fps ou 1080@60fps Haute D\u00e9finition, la Fire Cam ONYX fait de cette cam\u00e9ra casque de pompier &quot;LE&quot; meilleur que nous ayons construit pour les pompiers.<\/p>\n<p>Con\u00e7ue pour supporter des temp\u00e9ratures allant jusqu&#039;\u00e0 900\u00a0F pendant de courtes p\u00e9riodes, la Fire Cam ONYX 4K est sp\u00e9cialement con\u00e7ue pour les pompiers d&#039;int\u00e9rieur qui souhaitent capturer des incidents \u00e0 des fins d&#039;enqu\u00eate, d&#039;examen ou de critique apr\u00e8s l&#039;incendie.<\/p>\n<p><strong>Qu&#039;y a-t-il dans la boite:<\/strong><\/p>\n<ul>\n<li>Cam\u00e9ra Fire Cam ONYX 4K pour casque de pompier. SP\u00c9CIFIQUEMENT CON\u00c7U PAR FIRE CAM POUR LES CONDITIONS DE LUTTE CONTRE L&#039;INCENDIE \u00c0 L&#039;INT\u00c9RIEUR.<\/li>\n<li>Carte Micro SDHC de classe 10 de 32 Go incluse (ou vous pouvez passer \u00e0 la carte de 64 Go)<\/li>\n<li>2 piles rechargeables.<\/li>\n<li>Vous pouvez utiliser le support de casque de pompier pour cam\u00e9ra BJ004 BlackJack pour les casques de pompiers de style am\u00e9ricain OU le support global Fire Cam pour un casque de style europ\u00e9en.<\/li>\n<li>Capuchon r\u00e9sistant \u00e0 l&#039;eau pour l&#039;audio, utilis\u00e9 pour la lutte contre les incendies, afin que vous puissiez tout entendre, y compris le trafic radio.<\/li>\n<li>Capuchon \u00e9tanche pour AUCUN son utilis\u00e9 pour les incidents sous-marins jusqu&#039;\u00e0 30 pieds.<\/li>\n<li>C\u00e2ble USB pour la connexion \u00e0 l&#039;ordinateur et au chargeur.<\/li>\n<li>Chargeur mural AC pour recharger la cam\u00e9ra incendie apr\u00e8s utilisation.<\/li>\n<li>Joints toriques \u00e9tanches de rechange<\/li>\n<li>Lentille en verre de rechange x2<\/li>\n<\/ul>\n<p><strong>Choix<\/strong><\/p>\n<p>Support : ce support de cam\u00e9ra pour casque de pompier BlackJack est destin\u00e9 \u00e0 la Fire Cam Onyx 4k, Fire Cam 1080, Fire Cam Mini1080.<\/p>\n<p>Taille de la carte SD : 32 Go, 64 Go<\/p>\n<p>Lampe de poche : le kit de lampe de poche pour casque Fire Cam BlackJack BJ800 est indispensable si vous \u00eates un pompier int\u00e9rieur.<\/p>\n<p>Chargeur externe\u00a0: avec le chargeur de batterie externe Fire Cam, votre deuxi\u00e8me batterie Fire Cam peut \u00eatre compl\u00e8tement charg\u00e9e et en attente \u00e0 tout moment.<\/p>\n<p>Cette cam\u00e9ra pour casque de pompier \u00e0 vendre est couverte par notre unique \u00ab\u00a0garantie contre les dommages caus\u00e9s par la cam\u00e9ra d&#039;incendie\u00a0\u00bb. Si les composants de votre Fire Cam ONYX sont accidentellement endommag\u00e9s lors d&#039;un incendie, vous \u00eates couvert pour un remplacement GRATUIT pendant la premi\u00e8re ann\u00e9e.<\/p>\n<p>Cette garantie s&#039;applique uniquement aux clients qui ach\u00e8tent directement aupr\u00e8s de Fire Cam, sauf indication contraire d&#039;un distributeur de Fire Cam. Nous sommes le seul fabricant d&#039;appareils photo \u00e0 proposer ce type de garantie.<\/p>\n<p>***La Fire Cam ONYX n&#039;est pas recommand\u00e9e pour la formation de b\u00e2timents br\u00fbl\u00e9s ou de b\u00e2timents flashover o\u00f9 les pompiers supportent des temp\u00e9ratures \u00e9lev\u00e9es pendant de longues p\u00e9riodes tout en observant le comportement du feu.***<\/p>\n<p><iframe loading=\"lazy\" title=\"vimeo-player\" src=\"https:\/\/player.vimeo.com\/video\/712933064?h=8844a72d7e\" width=\"640\" height=\"360\" frameborder=\"0\" allowfullscreen=\"allowfullscreen\"><\/iframe><\/p>","protected":false},"excerpt":{"rendered":"<p>S&#039;appuyant sur la durabilit\u00e9 l\u00e9gendaire de la gamme Fire Cam, l&#039;Onyx est la nouvelle g\u00e9n\u00e9ration de cam\u00e9ras de casque de pompier sp\u00e9cialement con\u00e7ues pour fonctionner dans l&#039;environnement hostile et impr\u00e9visible de la lutte contre les incendies en int\u00e9rieur.<\/p>","protected":false},"featured_media":27242,"template":"","meta":[],"product_brand":[373],"product_cat":[48,81],"product_tag":[377,375],"class_list":{"0":"post-27239","1":"product","2":"type-product","3":"status-publish","4":"has-post-thumbnail","6":"product_brand-fire-cam","7":"product_cat-lighting","8":"product_cat-personal-lighting","9":"product_tag-fire-cam","10":"product_tag-firecam","12":"first","13":"instock","14":"shipping-taxable","15":"product-type-simple"},"yoast_head":"<!-- This site is optimized with the Yoast SEO plugin v27.5 - https:\/\/yoast.com\/product\/yoast-seo-wordpress\/ -->\n<title>ONYX 4K Camera with Mount - Safety Source Fire<\/title>\n<meta name=\"robots\" content=\"noindex, follow, max-snippet:-1, max-image-preview:large, max-video-preview:-1\" \/>\n<meta property=\"og:locale\" content=\"fr_CA\" \/>\n<meta property=\"og:type\" content=\"article\" \/>\n<meta property=\"og:title\" content=\"ONYX 4K Camera with Mount - Safety Source Fire\" \/>\n<meta property=\"og:description\" content=\"Building on the legendary durability of the Fire Cam line, the Onyx is the next-generation of firefighter helmet cameras specifically engineered to perform in the hostile and unpredictable environment of interior firefighting.\" \/>\n<meta property=\"og:url\" content=\"https:\/\/staging.safetysourcefire.ca\/fr_ca\/produit\/onyx-4k-camera-with-mount\/\" \/>\n<meta property=\"og:site_name\" content=\"Safety Source Fire\" \/>\n<meta property=\"article:publisher\" content=\"https:\/\/www.facebook.com\/mmfssca\" \/>\n<meta property=\"article:modified_time\" content=\"2023-01-03T17:10:23+00:00\" \/>\n<meta property=\"og:image\" content=\"https:\/\/staging.safetysourcefire.ca\/wp-content\/uploads\/2023\/01\/products-Onyx_White_BG_JPG__50675.1632321556.1280.1280.jpg\" \/>\n\t<meta property=\"og:image:width\" content=\"600\" \/>\n\t<meta property=\"og:image:height\" content=\"600\" \/>\n\t<meta property=\"og:image:type\" content=\"image\/jpeg\" \/>\n<meta name=\"twitter:card\" content=\"summary_large_image\" \/>\n<meta name=\"twitter:site\" content=\"@mmfssca\" \/>\n<meta name=\"twitter:label1\" content=\"Estimation du temps de lecture\" \/>\n\t<meta name=\"twitter:data1\" content=\"2 minutes\" \/>\n<script type=\"application\/ld+json\" class=\"yoast-schema-graph\">{\"@context\":\"https:\\\/\\\/schema.org\",\"@graph\":[{\"@type\":\"WebPage\",\"@id\":\"https:\\\/\\\/staging.safetysourcefire.ca\\\/product\\\/onyx-4k-camera-with-mount\\\/\",\"url\":\"https:\\\/\\\/staging.safetysourcefire.ca\\\/product\\\/onyx-4k-camera-with-mount\\\/\",\"name\":\"ONYX 4K Camera with Mount - Safety Source Fire\",\"isPartOf\":{\"@id\":\"https:\\\/\\\/staging.safetysourcefire.ca\\\/#website\"},\"primaryImageOfPage\":{\"@id\":\"https:\\\/\\\/staging.safetysourcefire.ca\\\/product\\\/onyx-4k-camera-with-mount\\\/#primaryimage\"},\"image\":{\"@id\":\"https:\\\/\\\/staging.safetysourcefire.ca\\\/product\\\/onyx-4k-camera-with-mount\\\/#primaryimage\"},\"thumbnailUrl\":\"https:\\\/\\\/staging.safetysourcefire.ca\\\/wp-content\\\/uploads\\\/2023\\\/01\\\/products-Onyx_White_BG_JPG__50675.1632321556.1280.1280.jpg\",\"datePublished\":\"2023-01-03T17:05:33+00:00\",\"dateModified\":\"2023-01-03T17:10:23+00:00\",\"breadcrumb\":{\"@id\":\"https:\\\/\\\/staging.safetysourcefire.ca\\\/product\\\/onyx-4k-camera-with-mount\\\/#breadcrumb\"},\"inLanguage\":\"fr-CA\",\"potentialAction\":[{\"@type\":\"ReadAction\",\"target\":[\"https:\\\/\\\/staging.safetysourcefire.ca\\\/product\\\/onyx-4k-camera-with-mount\\\/\"]}]},{\"@type\":\"ImageObject\",\"inLanguage\":\"fr-CA\",\"@id\":\"https:\\\/\\\/staging.safetysourcefire.ca\\\/product\\\/onyx-4k-camera-with-mount\\\/#primaryimage\",\"url\":\"https:\\\/\\\/staging.safetysourcefire.ca\\\/wp-content\\\/uploads\\\/2023\\\/01\\\/products-Onyx_White_BG_JPG__50675.1632321556.1280.1280.jpg\",\"contentUrl\":\"https:\\\/\\\/staging.safetysourcefire.ca\\\/wp-content\\\/uploads\\\/2023\\\/01\\\/products-Onyx_White_BG_JPG__50675.1632321556.1280.1280.jpg\",\"width\":600,\"height\":600,\"caption\":\"camera with mount\"},{\"@type\":\"BreadcrumbList\",\"@id\":\"https:\\\/\\\/staging.safetysourcefire.ca\\\/product\\\/onyx-4k-camera-with-mount\\\/#breadcrumb\",\"itemListElement\":[{\"@type\":\"ListItem\",\"position\":1,\"name\":\"Home\",\"item\":\"https:\\\/\\\/staging.safetysourcefire.ca\\\/\"},{\"@type\":\"ListItem\",\"position\":2,\"name\":\"Products\",\"item\":\"https:\\\/\\\/staging.safetysourcefire.ca\\\/shop\\\/\"},{\"@type\":\"ListItem\",\"position\":3,\"name\":\"ONYX 4K Camera with Mount\"}]},{\"@type\":\"WebSite\",\"@id\":\"https:\\\/\\\/staging.safetysourcefire.ca\\\/#website\",\"url\":\"https:\\\/\\\/staging.safetysourcefire.ca\\\/\",\"name\":\"Safety Source Fire\",\"description\":\"\",\"publisher\":{\"@id\":\"https:\\\/\\\/staging.safetysourcefire.ca\\\/#organization\"},\"potentialAction\":[{\"@type\":\"SearchAction\",\"target\":{\"@type\":\"EntryPoint\",\"urlTemplate\":\"https:\\\/\\\/staging.safetysourcefire.ca\\\/?s={search_term_string}\"},\"query-input\":{\"@type\":\"PropertyValueSpecification\",\"valueRequired\":true,\"valueName\":\"search_term_string\"}}],\"inLanguage\":\"fr-CA\"},{\"@type\":\"Organization\",\"@id\":\"https:\\\/\\\/staging.safetysourcefire.ca\\\/#organization\",\"name\":\"Safety Source Fire\",\"url\":\"https:\\\/\\\/staging.safetysourcefire.ca\\\/\",\"logo\":{\"@type\":\"ImageObject\",\"inLanguage\":\"fr-CA\",\"@id\":\"https:\\\/\\\/staging.safetysourcefire.ca\\\/#\\\/schema\\\/logo\\\/image\\\/\",\"url\":\"https:\\\/\\\/staging.safetysourcefire.ca\\\/wp-content\\\/uploads\\\/2021\\\/01\\\/SSF_logo_CC0000-3.png\",\"contentUrl\":\"https:\\\/\\\/staging.safetysourcefire.ca\\\/wp-content\\\/uploads\\\/2021\\\/01\\\/SSF_logo_CC0000-3.png\",\"width\":1107,\"height\":365,\"caption\":\"Safety Source Fire\"},\"image\":{\"@id\":\"https:\\\/\\\/staging.safetysourcefire.ca\\\/#\\\/schema\\\/logo\\\/image\\\/\"},\"sameAs\":[\"https:\\\/\\\/www.facebook.com\\\/mmfssca\",\"https:\\\/\\\/x.com\\\/mmfssca\"]}]}<\/script>\n<!-- \/ Yoast SEO plugin. -->","yoast_head_json":{"title":"Cam\u00e9ra ONYX 4K avec support - Safety Source Fire","robots":{"index":"noindex","follow":"follow","max-snippet":"max-snippet:-1","max-image-preview":"max-image-preview:large","max-video-preview":"max-video-preview:-1"},"og_locale":"fr_CA","og_type":"article","og_title":"ONYX 4K Camera with Mount - Safety Source Fire","og_description":"Building on the legendary durability of the Fire Cam line, the Onyx is the next-generation of firefighter helmet cameras specifically engineered to perform in the hostile and unpredictable environment of interior firefighting.","og_url":"https:\/\/staging.safetysourcefire.ca\/fr_ca\/produit\/onyx-4k-camera-with-mount\/","og_site_name":"Safety Source Fire","article_publisher":"https:\/\/www.facebook.com\/mmfssca","article_modified_time":"2023-01-03T17:10:23+00:00","og_image":[{"width":600,"height":600,"url":"https:\/\/staging.safetysourcefire.ca\/wp-content\/uploads\/2023\/01\/products-Onyx_White_BG_JPG__50675.1632321556.1280.1280.jpg","type":"image\/jpeg"}],"twitter_card":"summary_large_image","twitter_site":"@mmfssca","twitter_misc":{"Estimation du temps de lecture":"2 minutes"},"schema":{"@context":"https:\/\/schema.org","@graph":[{"@type":"WebPage","@id":"https:\/\/staging.safetysourcefire.ca\/product\/onyx-4k-camera-with-mount\/","url":"https:\/\/staging.safetysourcefire.ca\/product\/onyx-4k-camera-with-mount\/","name":"Cam\u00e9ra ONYX 4K avec support - Safety Source Fire","isPartOf":{"@id":"https:\/\/staging.safetysourcefire.ca\/#website"},"primaryImageOfPage":{"@id":"https:\/\/staging.safetysourcefire.ca\/product\/onyx-4k-camera-with-mount\/#primaryimage"},"image":{"@id":"https:\/\/staging.safetysourcefire.ca\/product\/onyx-4k-camera-with-mount\/#primaryimage"},"thumbnailUrl":"https:\/\/staging.safetysourcefire.ca\/wp-content\/uploads\/2023\/01\/products-Onyx_White_BG_JPG__50675.1632321556.1280.1280.jpg","datePublished":"2023-01-03T17:05:33+00:00","dateModified":"2023-01-03T17:10:23+00:00","breadcrumb":{"@id":"https:\/\/staging.safetysourcefire.ca\/product\/onyx-4k-camera-with-mount\/#breadcrumb"},"inLanguage":"fr-CA","potentialAction":[{"@type":"ReadAction","target":["https:\/\/staging.safetysourcefire.ca\/product\/onyx-4k-camera-with-mount\/"]}]},{"@type":"ImageObject","inLanguage":"fr-CA","@id":"https:\/\/staging.safetysourcefire.ca\/product\/onyx-4k-camera-with-mount\/#primaryimage","url":"https:\/\/staging.safetysourcefire.ca\/wp-content\/uploads\/2023\/01\/products-Onyx_White_BG_JPG__50675.1632321556.1280.1280.jpg","contentUrl":"https:\/\/staging.safetysourcefire.ca\/wp-content\/uploads\/2023\/01\/products-Onyx_White_BG_JPG__50675.1632321556.1280.1280.jpg","width":600,"height":600,"caption":"camera with mount"},{"@type":"BreadcrumbList","@id":"https:\/\/staging.safetysourcefire.ca\/product\/onyx-4k-camera-with-mount\/#breadcrumb","itemListElement":[{"@type":"ListItem","position":1,"name":"Home","item":"https:\/\/staging.safetysourcefire.ca\/"},{"@type":"ListItem","position":2,"name":"Products","item":"https:\/\/staging.safetysourcefire.ca\/shop\/"},{"@type":"ListItem","position":3,"name":"ONYX 4K Camera with Mount"}]},{"@type":"WebSite","@id":"https:\/\/staging.safetysourcefire.ca\/#website","url":"https:\/\/staging.safetysourcefire.ca\/","name":"Safety Source Fire","description":"","publisher":{"@id":"https:\/\/staging.safetysourcefire.ca\/#organization"},"potentialAction":[{"@type":"SearchAction","target":{"@type":"EntryPoint","urlTemplate":"https:\/\/staging.safetysourcefire.ca\/?s={search_term_string}"},"query-input":{"@type":"PropertyValueSpecification","valueRequired":true,"valueName":"search_term_string"}}],"inLanguage":"fr-CA"},{"@type":"Organization","@id":"https:\/\/staging.safetysourcefire.ca\/#organization","name":"Safety Source Fire","url":"https:\/\/staging.safetysourcefire.ca\/","logo":{"@type":"ImageObject","inLanguage":"fr-CA","@id":"https:\/\/staging.safetysourcefire.ca\/#\/schema\/logo\/image\/","url":"https:\/\/staging.safetysourcefire.ca\/wp-content\/uploads\/2021\/01\/SSF_logo_CC0000-3.png","contentUrl":"https:\/\/staging.safetysourcefire.ca\/wp-content\/uploads\/2021\/01\/SSF_logo_CC0000-3.png","width":1107,"height":365,"caption":"Safety Source Fire"},"image":{"@id":"https:\/\/staging.safetysourcefire.ca\/#\/schema\/logo\/image\/"},"sameAs":["https:\/\/www.facebook.com\/mmfssca","https:\/\/x.com\/mmfssca"]}]}},"_links":{"self":[{"href":"https:\/\/staging.safetysourcefire.ca\/fr_ca\/wp-json\/wp\/v2\/product\/27239","targetHints":{"allow":["GET"]}}],"collection":[{"href":"https:\/\/staging.safetysourcefire.ca\/fr_ca\/wp-json\/wp\/v2\/product"}],"about":[{"href":"https:\/\/staging.safetysourcefire.ca\/fr_ca\/wp-json\/wp\/v2\/types\/product"}],"wp:featuredmedia":[{"embeddable":true,"href":"https:\/\/staging.safetysourcefire.ca\/fr_ca\/wp-json\/wp\/v2\/media\/27242"}],"wp:attachment":[{"href":"https:\/\/staging.safetysourcefire.ca\/fr_ca\/wp-json\/wp\/v2\/media?parent=27239"}],"wp:term":[{"taxonomy":"product_brand","embeddable":true,"href":"https:\/\/staging.safetysourcefire.ca\/fr_ca\/wp-json\/wp\/v2\/product_brand?post=27239"},{"taxonomy":"product_cat","embeddable":true,"href":"https:\/\/staging.safetysourcefire.ca\/fr_ca\/wp-json\/wp\/v2\/product_cat?post=27239"},{"taxonomy":"product_tag","embeddable":true,"href":"https:\/\/staging.safetysourcefire.ca\/fr_ca\/wp-json\/wp\/v2\/product_tag?post=27239"}],"curies":[{"name":"wp","href":"https:\/\/api.w.org\/{rel}","templated":true}]}}