{"id":2720,"date":"2017-06-13T22:22:39","date_gmt":"2017-06-13T22:22:39","guid":{"rendered":"http:\/\/mmfss.ca\/?post_type=product&#038;p=2720"},"modified":"2020-04-27T21:23:24","modified_gmt":"2020-04-27T21:23:24","slug":"blitzfire-he-high-elevation-monitor-2","status":"publish","type":"product","link":"https:\/\/staging.safetysourcefire.ca\/fr_ca\/produit\/blitzfire-he-high-elevation-monitor-2\/","title":{"rendered":"Moniteur Blitzfire HE (haute \u00e9l\u00e9vation)"},"content":{"rendered":"<p>Gamme de d\u00e9bit allant jusqu'\u00e0 500 gpm (2000 l\/min). Le moniteur est dot\u00e9 de pivots d'entr\u00e9e et de sortie \u00e0 faible friction. La sortie poss\u00e8de un fa\u00e7onneur de flux int\u00e9gr\u00e9. L'\u00e9l\u00e9vation horizontale est r\u00e9glable manuellement entre 10 et 86 degr\u00e9s. La rotation horizontale est r\u00e9glable manuellement \u00e0 20 degr\u00e9s de chaque c\u00f4t\u00e9 du centre. La vanne d'arr\u00eat d'urgence (SAFETY SHUT-OFF VALVE) permet d'arr\u00eater le d\u00e9bit si le moniteur glisse ou se soul\u00e8ve par inadvertance. L'appareil dispose de six positions de d\u00e9bit avec une vanne coulissante sans turbulence brevet\u00e9e pour le contr\u00f4le du d\u00e9bit par l'op\u00e9rateur. Lorsque les pattes sont pli\u00e9es, les pointes en carbure pointent vers le haut pour plus de s\u00e9curit\u00e9. Les pattes robustes \u00e0 pointe de carbure se d\u00e9plient facilement pour permettre des positions de d\u00e9ploiment plus larges. La taille globale du support de rangement est de 29,5\u2033L x 8,1\u2033L x 8,5\u2033H (74,9 x 20,6 x 21,6 cm). L'entr\u00e9e standard est un raccord pivotant \u00e0 cosse \u00e0 bascule de 2,5 po (65 mm). La sortie standard est un filetage m\u00e2le rigide de 2,5\u2033 (65mm).<\/p>\n<table>\n<tbody>\n<tr>\n<td><strong>Configuration du moniteur<\/strong><\/td>\n<td>Portable<\/td>\n<\/tr>\n<tr>\n<td><strong>D\u00e9bit \u2013 Moniteurs<\/strong><\/td>\n<td>0-500 gpm (0-2000 l\/min)<\/td>\n<\/tr>\n<tr>\n<td><strong>Op\u00e9ration Source d&#039;\u00e9nergie<\/strong><\/td>\n<td>Manuel<\/td>\n<\/tr>\n<tr>\n<td><strong>Moniteur d&#039;entr\u00e9e<\/strong><\/td>\n<td>2,5 pouces-7,5 NH femelle<\/td>\n<\/tr>\n<tr>\n<td><strong>Prise de moniteur<\/strong><\/td>\n<td>2,5 pouces (65 mm)<\/td>\n<\/tr>\n<tr>\n<td><strong>Contr\u00f4le horizontal<\/strong><\/td>\n<td>N \/ A<\/td>\n<\/tr>\n<tr>\n<td><strong>Mouvement horizontal (degr\u00e9s)<\/strong><\/td>\n<td>20 \u00e0 gauche et 20 \u00e0 droite du centre<\/td>\n<\/tr>\n<tr>\n<td><strong>Contr\u00f4le vertical<\/strong><\/td>\n<td>N \/ A<\/td>\n<\/tr>\n<tr>\n<td><strong>Mouvement vertical (degr\u00e9s)<\/strong><\/td>\n<td>10 au-dessus \u00e0 86 au-dessus de l&#039;horizontale<\/td>\n<\/tr>\n<tr>\n<td><strong>Arr\u00eat de s\u00e9curit\u00e9<\/strong><\/td>\n<td>Avec arr\u00eat de s\u00e9curit\u00e9<\/td>\n<\/tr>\n<tr>\n<td><strong>Soupape de limitation de pression<\/strong><\/td>\n<td>Pas de VRP<\/td>\n<\/tr>\n<tr>\n<td><strong>Conception de vanne<\/strong><\/td>\n<td>Vanne \u00e0 glissi\u00e8re (aluminium)<\/td>\n<\/tr>\n<tr>\n<td><strong>Finir<\/strong><\/td>\n<td>Bleu fonc\u00e9 enduit de poudre<\/td>\n<\/tr>\n<\/tbody>\n<\/table>\n<p>&nbsp;<\/p>","protected":false},"excerpt":{"rendered":"<p>Comprend un moniteur, un support de rangement et un jet \u00e0 embout triple.<\/p>","protected":false},"featured_media":2650,"template":"","meta":[],"product_brand":[179],"product_cat":[44,66],"product_tag":[364,355,354,365],"class_list":{"0":"post-2720","1":"product","2":"type-product","3":"status-publish","4":"has-post-thumbnail","6":"product_brand-tft","7":"product_cat-fire-suppression","8":"product_cat-nozzles-monitors","9":"product_tag-attack-monitor","10":"product_tag-task-force-tips","11":"product_tag-tft","12":"product_tag-tft-attack-monitors","14":"first","15":"instock","16":"shipping-taxable","17":"product-type-simple"},"yoast_head":"<!-- This site is optimized with the Yoast SEO plugin v27.4 - https:\/\/yoast.com\/product\/yoast-seo-wordpress\/ -->\n<title>Blitzfire HE (High Elevation) Monitor - Safety Source Fire<\/title>\n<meta name=\"robots\" content=\"noindex, follow, max-snippet:-1, max-image-preview:large, max-video-preview:-1\" \/>\n<meta property=\"og:locale\" content=\"fr_CA\" \/>\n<meta property=\"og:type\" content=\"article\" \/>\n<meta property=\"og:title\" content=\"Blitzfire HE (High Elevation) Monitor - Safety Source Fire\" \/>\n<meta property=\"og:description\" content=\"Includes Monitor, Storage Bracket &amp; Triple Stacked Tips\" \/>\n<meta property=\"og:url\" content=\"https:\/\/staging.safetysourcefire.ca\/fr_ca\/produit\/blitzfire-he-high-elevation-monitor-2\/\" \/>\n<meta property=\"og:site_name\" content=\"Safety Source Fire\" \/>\n<meta property=\"article:publisher\" content=\"https:\/\/www.facebook.com\/mmfssca\" \/>\n<meta property=\"article:modified_time\" content=\"2020-04-27T21:23:24+00:00\" \/>\n<meta property=\"og:image\" content=\"https:\/\/staging.safetysourcefire.ca\/wp-content\/uploads\/2017\/06\/XXC-42-HE.jpg\" \/>\n\t<meta property=\"og:image:width\" content=\"600\" \/>\n\t<meta property=\"og:image:height\" content=\"600\" \/>\n\t<meta property=\"og:image:type\" content=\"image\/jpeg\" \/>\n<meta name=\"twitter:card\" content=\"summary_large_image\" \/>\n<meta name=\"twitter:site\" content=\"@mmfssca\" \/>\n<meta name=\"twitter:label1\" content=\"Estimation du temps de lecture\" \/>\n\t<meta name=\"twitter:data1\" content=\"1 minute\" \/>\n<script type=\"application\/ld+json\" class=\"yoast-schema-graph\">{\"@context\":\"https:\\\/\\\/schema.org\",\"@graph\":[{\"@type\":\"WebPage\",\"@id\":\"https:\\\/\\\/staging.safetysourcefire.ca\\\/product\\\/blitzfire-he-high-elevation-monitor-2\\\/\",\"url\":\"https:\\\/\\\/staging.safetysourcefire.ca\\\/product\\\/blitzfire-he-high-elevation-monitor-2\\\/\",\"name\":\"Blitzfire HE (High Elevation) Monitor - Safety Source Fire\",\"isPartOf\":{\"@id\":\"https:\\\/\\\/staging.safetysourcefire.ca\\\/#website\"},\"primaryImageOfPage\":{\"@id\":\"https:\\\/\\\/staging.safetysourcefire.ca\\\/product\\\/blitzfire-he-high-elevation-monitor-2\\\/#primaryimage\"},\"image\":{\"@id\":\"https:\\\/\\\/staging.safetysourcefire.ca\\\/product\\\/blitzfire-he-high-elevation-monitor-2\\\/#primaryimage\"},\"thumbnailUrl\":\"https:\\\/\\\/staging.safetysourcefire.ca\\\/wp-content\\\/uploads\\\/2017\\\/06\\\/XXC-42-HE.jpg\",\"datePublished\":\"2017-06-13T22:22:39+00:00\",\"dateModified\":\"2020-04-27T21:23:24+00:00\",\"breadcrumb\":{\"@id\":\"https:\\\/\\\/staging.safetysourcefire.ca\\\/product\\\/blitzfire-he-high-elevation-monitor-2\\\/#breadcrumb\"},\"inLanguage\":\"fr-CA\",\"potentialAction\":[{\"@type\":\"ReadAction\",\"target\":[\"https:\\\/\\\/staging.safetysourcefire.ca\\\/product\\\/blitzfire-he-high-elevation-monitor-2\\\/\"]}]},{\"@type\":\"ImageObject\",\"inLanguage\":\"fr-CA\",\"@id\":\"https:\\\/\\\/staging.safetysourcefire.ca\\\/product\\\/blitzfire-he-high-elevation-monitor-2\\\/#primaryimage\",\"url\":\"https:\\\/\\\/staging.safetysourcefire.ca\\\/wp-content\\\/uploads\\\/2017\\\/06\\\/XXC-42-HE.jpg\",\"contentUrl\":\"https:\\\/\\\/staging.safetysourcefire.ca\\\/wp-content\\\/uploads\\\/2017\\\/06\\\/XXC-42-HE.jpg\",\"width\":600,\"height\":600,\"caption\":\"Blitzfire HE (High Elevation) Monitor\"},{\"@type\":\"BreadcrumbList\",\"@id\":\"https:\\\/\\\/staging.safetysourcefire.ca\\\/product\\\/blitzfire-he-high-elevation-monitor-2\\\/#breadcrumb\",\"itemListElement\":[{\"@type\":\"ListItem\",\"position\":1,\"name\":\"Home\",\"item\":\"https:\\\/\\\/staging.safetysourcefire.ca\\\/\"},{\"@type\":\"ListItem\",\"position\":2,\"name\":\"Products\",\"item\":\"https:\\\/\\\/staging.safetysourcefire.ca\\\/shop\\\/\"},{\"@type\":\"ListItem\",\"position\":3,\"name\":\"Blitzfire HE (High Elevation) Monitor\"}]},{\"@type\":\"WebSite\",\"@id\":\"https:\\\/\\\/staging.safetysourcefire.ca\\\/#website\",\"url\":\"https:\\\/\\\/staging.safetysourcefire.ca\\\/\",\"name\":\"Safety Source Fire\",\"description\":\"\",\"publisher\":{\"@id\":\"https:\\\/\\\/staging.safetysourcefire.ca\\\/#organization\"},\"potentialAction\":[{\"@type\":\"SearchAction\",\"target\":{\"@type\":\"EntryPoint\",\"urlTemplate\":\"https:\\\/\\\/staging.safetysourcefire.ca\\\/?s={search_term_string}\"},\"query-input\":{\"@type\":\"PropertyValueSpecification\",\"valueRequired\":true,\"valueName\":\"search_term_string\"}}],\"inLanguage\":\"fr-CA\"},{\"@type\":\"Organization\",\"@id\":\"https:\\\/\\\/staging.safetysourcefire.ca\\\/#organization\",\"name\":\"Safety Source Fire\",\"url\":\"https:\\\/\\\/staging.safetysourcefire.ca\\\/\",\"logo\":{\"@type\":\"ImageObject\",\"inLanguage\":\"fr-CA\",\"@id\":\"https:\\\/\\\/staging.safetysourcefire.ca\\\/#\\\/schema\\\/logo\\\/image\\\/\",\"url\":\"https:\\\/\\\/staging.safetysourcefire.ca\\\/wp-content\\\/uploads\\\/2021\\\/01\\\/SSF_logo_CC0000-3.png\",\"contentUrl\":\"https:\\\/\\\/staging.safetysourcefire.ca\\\/wp-content\\\/uploads\\\/2021\\\/01\\\/SSF_logo_CC0000-3.png\",\"width\":1107,\"height\":365,\"caption\":\"Safety Source Fire\"},\"image\":{\"@id\":\"https:\\\/\\\/staging.safetysourcefire.ca\\\/#\\\/schema\\\/logo\\\/image\\\/\"},\"sameAs\":[\"https:\\\/\\\/www.facebook.com\\\/mmfssca\",\"https:\\\/\\\/x.com\\\/mmfssca\"]}]}<\/script>\n<!-- \/ Yoast SEO plugin. -->","yoast_head_json":{"title":"Moniteur Blitzfire HE (Haute \u00e9l\u00e9vation) - Incendie de s\u00e9curit\u00e9","robots":{"index":"noindex","follow":"follow","max-snippet":"max-snippet:-1","max-image-preview":"max-image-preview:large","max-video-preview":"max-video-preview:-1"},"og_locale":"fr_CA","og_type":"article","og_title":"Blitzfire HE (High Elevation) Monitor - Safety Source Fire","og_description":"Includes Monitor, Storage Bracket &amp; Triple Stacked Tips","og_url":"https:\/\/staging.safetysourcefire.ca\/fr_ca\/produit\/blitzfire-he-high-elevation-monitor-2\/","og_site_name":"Safety Source Fire","article_publisher":"https:\/\/www.facebook.com\/mmfssca","article_modified_time":"2020-04-27T21:23:24+00:00","og_image":[{"width":600,"height":600,"url":"https:\/\/staging.safetysourcefire.ca\/wp-content\/uploads\/2017\/06\/XXC-42-HE.jpg","type":"image\/jpeg"}],"twitter_card":"summary_large_image","twitter_site":"@mmfssca","twitter_misc":{"Estimation du temps de lecture":"1 minute"},"schema":{"@context":"https:\/\/schema.org","@graph":[{"@type":"WebPage","@id":"https:\/\/staging.safetysourcefire.ca\/product\/blitzfire-he-high-elevation-monitor-2\/","url":"https:\/\/staging.safetysourcefire.ca\/product\/blitzfire-he-high-elevation-monitor-2\/","name":"Moniteur Blitzfire HE (Haute \u00e9l\u00e9vation) - Incendie de s\u00e9curit\u00e9","isPartOf":{"@id":"https:\/\/staging.safetysourcefire.ca\/#website"},"primaryImageOfPage":{"@id":"https:\/\/staging.safetysourcefire.ca\/product\/blitzfire-he-high-elevation-monitor-2\/#primaryimage"},"image":{"@id":"https:\/\/staging.safetysourcefire.ca\/product\/blitzfire-he-high-elevation-monitor-2\/#primaryimage"},"thumbnailUrl":"https:\/\/staging.safetysourcefire.ca\/wp-content\/uploads\/2017\/06\/XXC-42-HE.jpg","datePublished":"2017-06-13T22:22:39+00:00","dateModified":"2020-04-27T21:23:24+00:00","breadcrumb":{"@id":"https:\/\/staging.safetysourcefire.ca\/product\/blitzfire-he-high-elevation-monitor-2\/#breadcrumb"},"inLanguage":"fr-CA","potentialAction":[{"@type":"ReadAction","target":["https:\/\/staging.safetysourcefire.ca\/product\/blitzfire-he-high-elevation-monitor-2\/"]}]},{"@type":"ImageObject","inLanguage":"fr-CA","@id":"https:\/\/staging.safetysourcefire.ca\/product\/blitzfire-he-high-elevation-monitor-2\/#primaryimage","url":"https:\/\/staging.safetysourcefire.ca\/wp-content\/uploads\/2017\/06\/XXC-42-HE.jpg","contentUrl":"https:\/\/staging.safetysourcefire.ca\/wp-content\/uploads\/2017\/06\/XXC-42-HE.jpg","width":600,"height":600,"caption":"Blitzfire HE (High Elevation) Monitor"},{"@type":"BreadcrumbList","@id":"https:\/\/staging.safetysourcefire.ca\/product\/blitzfire-he-high-elevation-monitor-2\/#breadcrumb","itemListElement":[{"@type":"ListItem","position":1,"name":"Home","item":"https:\/\/staging.safetysourcefire.ca\/"},{"@type":"ListItem","position":2,"name":"Products","item":"https:\/\/staging.safetysourcefire.ca\/shop\/"},{"@type":"ListItem","position":3,"name":"Blitzfire HE (High Elevation) Monitor"}]},{"@type":"WebSite","@id":"https:\/\/staging.safetysourcefire.ca\/#website","url":"https:\/\/staging.safetysourcefire.ca\/","name":"Safety Source Fire","description":"","publisher":{"@id":"https:\/\/staging.safetysourcefire.ca\/#organization"},"potentialAction":[{"@type":"SearchAction","target":{"@type":"EntryPoint","urlTemplate":"https:\/\/staging.safetysourcefire.ca\/?s={search_term_string}"},"query-input":{"@type":"PropertyValueSpecification","valueRequired":true,"valueName":"search_term_string"}}],"inLanguage":"fr-CA"},{"@type":"Organization","@id":"https:\/\/staging.safetysourcefire.ca\/#organization","name":"Safety Source Fire","url":"https:\/\/staging.safetysourcefire.ca\/","logo":{"@type":"ImageObject","inLanguage":"fr-CA","@id":"https:\/\/staging.safetysourcefire.ca\/#\/schema\/logo\/image\/","url":"https:\/\/staging.safetysourcefire.ca\/wp-content\/uploads\/2021\/01\/SSF_logo_CC0000-3.png","contentUrl":"https:\/\/staging.safetysourcefire.ca\/wp-content\/uploads\/2021\/01\/SSF_logo_CC0000-3.png","width":1107,"height":365,"caption":"Safety Source Fire"},"image":{"@id":"https:\/\/staging.safetysourcefire.ca\/#\/schema\/logo\/image\/"},"sameAs":["https:\/\/www.facebook.com\/mmfssca","https:\/\/x.com\/mmfssca"]}]}},"_links":{"self":[{"href":"https:\/\/staging.safetysourcefire.ca\/fr_ca\/wp-json\/wp\/v2\/product\/2720","targetHints":{"allow":["GET"]}}],"collection":[{"href":"https:\/\/staging.safetysourcefire.ca\/fr_ca\/wp-json\/wp\/v2\/product"}],"about":[{"href":"https:\/\/staging.safetysourcefire.ca\/fr_ca\/wp-json\/wp\/v2\/types\/product"}],"wp:featuredmedia":[{"embeddable":true,"href":"https:\/\/staging.safetysourcefire.ca\/fr_ca\/wp-json\/wp\/v2\/media\/2650"}],"wp:attachment":[{"href":"https:\/\/staging.safetysourcefire.ca\/fr_ca\/wp-json\/wp\/v2\/media?parent=2720"}],"wp:term":[{"taxonomy":"product_brand","embeddable":true,"href":"https:\/\/staging.safetysourcefire.ca\/fr_ca\/wp-json\/wp\/v2\/product_brand?post=2720"},{"taxonomy":"product_cat","embeddable":true,"href":"https:\/\/staging.safetysourcefire.ca\/fr_ca\/wp-json\/wp\/v2\/product_cat?post=2720"},{"taxonomy":"product_tag","embeddable":true,"href":"https:\/\/staging.safetysourcefire.ca\/fr_ca\/wp-json\/wp\/v2\/product_tag?post=2720"}],"curies":[{"name":"wp","href":"https:\/\/api.w.org\/{rel}","templated":true}]}}