{"id":27081,"date":"2022-12-14T19:44:42","date_gmt":"2022-12-14T19:44:42","guid":{"rendered":"https:\/\/safetysourcefire.ca\/?post_type=product&#038;p=27081"},"modified":"2022-12-16T18:46:10","modified_gmt":"2022-12-16T18:46:10","slug":"rts-rapid-transport-ice-rescue-sled","status":"publish","type":"product","link":"https:\/\/staging.safetysourcefire.ca\/fr_ca\/produit\/rts-rapid-transport-ice-rescue-sled\/","title":{"rendered":"RTS - Tra\u00eeneau de sauvetage sur glace \u00e0 transport rapide"},"content":{"rendered":"<p>Le tra\u00eeneau de transport rapide emm\u00e8ne le sauveteur sur la glace, \u00e0 travers l&#039;eau et remonte sur la glace. Au fil des ans, nous avons pris de nombreuses suggestions de sauveteurs en termes de ce qu&#039;ils veulent dans un tra\u00eeneau de d\u00e9sincarc\u00e9ration. Le Rapid Transport Sled est un produit d\u00e9velopp\u00e9 \u00e0 partir du fait que nous sommes nous-m\u00eames formateurs et sauveteurs. Nous avons partag\u00e9 la m\u00eame exp\u00e9rience sur la glace, l&#039;eau et la neige; Forts de cette exp\u00e9rience et de cette collaboration, nous avons d\u00e9velopp\u00e9 le RTS, un dispositif de sauvetage sur glace \u00e0 la fine pointe de la technologie. Le RTS est un tra\u00eeneau de sauvetage sur glace complet qui offre des outils de sauvetage pr\u00eats \u00e0 l&#039;emploi pour des efforts de d\u00e9ploiement rapide. Apr\u00e8s tout, tout sauvetage r\u00e9ussi est une question de temps.<\/p>\n<p><a href=\"https:\/\/staging.safetysourcefire.ca\/wp-content\/uploads\/2022\/12\/Rapid-Transport-Sled.pdf\">T\u00e9l\u00e9charger la fiche technique<\/a><\/p>\n<p>Caract\u00e9ristiques du tra\u00eeneau de transport rapide :<\/p>\n<ul>\n<li>Conception sym\u00e9trique - simple et tr\u00e8s efficace<\/li>\n<li>Tapis de pont en mousse<\/li>\n<li>Poign\u00e9es surdimensionn\u00e9es<\/li>\n<li>Plusieurs trous de port<\/li>\n<li>Bridons rouges et bleus<\/li>\n<li>Fixation Pro-Recon Sling<\/li>\n<li>Canal de poteau 9-1-1<\/li>\n<li>Canal Ice Rescube Sling<\/li>\n<li>Puits d&#039;al\u00eane \u00e0 glace \u2013 Les deux extr\u00e9mit\u00e9s<\/li>\n<li>Doigt Wells - Les deux extr\u00e9mit\u00e9s<\/li>\n<li>Attache de sauvetage<\/li>\n<li>Coureurs de glace<\/li>\n<li>Canaux de d\u00e9neigement et de glace<\/li>\n<li>Canal de ligne Multi Sled<\/li>\n<li>D\u00e9coupes de tra\u00eeneau pour l&#039;utilisation des ailerons<\/li>\n<li>Broche \u00e0 glace ou fixation l\u00e9g\u00e8re<\/li>\n<li>Fabriqu\u00e9 en Am\u00e9rique<\/li>\n<\/ul>\n<p>Avantages:<\/p>\n<ul>\n<li>Conception \u00e0 profil bas pour les conditions venteuses<\/li>\n<li>Rembourrage en mousse pour les soins aux victimes<\/li>\n<li>Accessoires pi\u00e8ces jointes<\/li>\n<li>Capacit\u00e9 de victimes multiples<\/li>\n<li>Facilement redress\u00e9, si retourn\u00e9<\/li>\n<li>Dans l&#039;eau facilit\u00e9 des mouvements du sauveteur<\/li>\n<li>Formation sur les produits du fabricant disponible<\/li>\n<li>Facile \u00e0 utiliser<\/li>\n<li>Un sauveteur capable<\/li>\n<li>Pas d&#039;installation ni de gonflage<\/li>\n<li>Se range facilement dans\/sur les appareils d&#039;incendie<\/li>\n<li>Pi\u00e8ces jointes cod\u00e9es par couleur<\/li>\n<\/ul>\n<p>Accessoires:<\/p>\n<ul>\n<li>Sangle de sauvetage sur glace<\/li>\n<li>Le p\u00f4le 9-1-1<\/li>\n<li>Le Retriever 120&#039;<\/li>\n<li>Lignes d&#039;attache, rouges ou bleues<\/li>\n<li>Lignes d&#039;attache de d\u00e9ploiement<\/li>\n<li>Sac ou bobines<\/li>\n<li>Harnais d&#039;op\u00e9ration sur l&#039;eau<\/li>\n<li>Combinaisons de sauvetage sur glace<\/li>\n<li>Poin\u00e7ons \u00e0 glace<\/li>\n<li>Broche \u00e0 glace<\/li>\n<li>Protection des pieds<\/li>\n<li>Bons, meilleurs ou meilleurs forfaits disponibles<\/li>\n<\/ul>\n<table class=\"woocommerce-product-attributes shop_attributes\">\n<tbody>\n<tr class=\"woocommerce-product-attributes-item woocommerce-product-attributes-item--weight\">\n<th class=\"woocommerce-product-attributes-item__label\">Poids<\/th>\n<td class=\"woocommerce-product-attributes-item__value\">28 livres<\/td>\n<\/tr>\n<tr class=\"woocommerce-product-attributes-item woocommerce-product-attributes-item--dimensions\">\n<th class=\"woocommerce-product-attributes-item__label\">Dimensions<\/th>\n<td class=\"woocommerce-product-attributes-item__value\">62 \u00d7 26 \u00d7 6 po<\/td>\n<\/tr>\n<\/tbody>\n<\/table>\n<p>&nbsp;<\/p>","protected":false},"excerpt":{"rendered":"<p>Le RTS (Rapid Transport Sled) pour le sauvetage sur glace est le choix du sauveteur pour la d\u00e9sincarc\u00e9ration et les soins aux victimes. Le RTS est con\u00e7u avec pr\u00e9cision pour une utilisation facile.<\/p>","protected":false},"featured_media":27063,"template":"","meta":[],"product_brand":[601],"product_cat":[462,464,51,135],"product_tag":[602,603],"class_list":{"0":"post-27081","1":"product","2":"type-product","3":"status-publish","4":"has-post-thumbnail","6":"product_brand-ice-rescue-systems","7":"product_cat-emergency-preparedness","8":"product_cat-flood","9":"product_cat-rescue","10":"product_cat-water-ice-rescue","11":"product_tag-ice-rescue-systems","12":"product_tag-irs","14":"first","15":"instock","16":"shipping-taxable","17":"product-type-simple"},"yoast_head":"<!-- This site is optimized with the Yoast SEO plugin v27.4 - https:\/\/yoast.com\/product\/yoast-seo-wordpress\/ -->\n<title>RTS \u2013 Rapid Transport Ice Rescue Sled - Safety Source Fire<\/title>\n<meta name=\"robots\" content=\"noindex, follow, max-snippet:-1, max-image-preview:large, max-video-preview:-1\" \/>\n<meta property=\"og:locale\" content=\"fr_CA\" \/>\n<meta property=\"og:type\" content=\"article\" \/>\n<meta property=\"og:title\" content=\"RTS \u2013 Rapid Transport Ice Rescue Sled - Safety Source Fire\" \/>\n<meta property=\"og:description\" content=\"The R.T.S. (Rapid Transport Sled) for ice rescue is the rescuer\u2019s choice in ice extrication and victim care. The R.T.S. is precisely designed for ease of operation.\" \/>\n<meta property=\"og:url\" content=\"https:\/\/staging.safetysourcefire.ca\/fr_ca\/produit\/rts-rapid-transport-ice-rescue-sled\/\" \/>\n<meta property=\"og:site_name\" content=\"Safety Source Fire\" \/>\n<meta property=\"article:publisher\" content=\"https:\/\/www.facebook.com\/mmfssca\" \/>\n<meta property=\"article:modified_time\" content=\"2022-12-16T18:46:10+00:00\" \/>\n<meta property=\"og:image\" content=\"https:\/\/staging.safetysourcefire.ca\/wp-content\/uploads\/2022\/12\/rts_full_vertical2.jpg\" \/>\n\t<meta property=\"og:image:width\" content=\"600\" \/>\n\t<meta property=\"og:image:height\" content=\"600\" \/>\n\t<meta property=\"og:image:type\" content=\"image\/jpeg\" \/>\n<meta name=\"twitter:card\" content=\"summary_large_image\" \/>\n<meta name=\"twitter:site\" content=\"@mmfssca\" \/>\n<meta name=\"twitter:label1\" content=\"Estimation du temps de lecture\" \/>\n\t<meta name=\"twitter:data1\" content=\"2 minutes\" \/>\n<script type=\"application\/ld+json\" class=\"yoast-schema-graph\">{\"@context\":\"https:\\\/\\\/schema.org\",\"@graph\":[{\"@type\":\"WebPage\",\"@id\":\"https:\\\/\\\/staging.safetysourcefire.ca\\\/product\\\/rts-rapid-transport-ice-rescue-sled\\\/\",\"url\":\"https:\\\/\\\/staging.safetysourcefire.ca\\\/product\\\/rts-rapid-transport-ice-rescue-sled\\\/\",\"name\":\"RTS \u2013 Rapid Transport Ice Rescue Sled - Safety Source Fire\",\"isPartOf\":{\"@id\":\"https:\\\/\\\/staging.safetysourcefire.ca\\\/#website\"},\"primaryImageOfPage\":{\"@id\":\"https:\\\/\\\/staging.safetysourcefire.ca\\\/product\\\/rts-rapid-transport-ice-rescue-sled\\\/#primaryimage\"},\"image\":{\"@id\":\"https:\\\/\\\/staging.safetysourcefire.ca\\\/product\\\/rts-rapid-transport-ice-rescue-sled\\\/#primaryimage\"},\"thumbnailUrl\":\"https:\\\/\\\/staging.safetysourcefire.ca\\\/wp-content\\\/uploads\\\/2022\\\/12\\\/rts_full_vertical2.jpg\",\"datePublished\":\"2022-12-14T19:44:42+00:00\",\"dateModified\":\"2022-12-16T18:46:10+00:00\",\"breadcrumb\":{\"@id\":\"https:\\\/\\\/staging.safetysourcefire.ca\\\/product\\\/rts-rapid-transport-ice-rescue-sled\\\/#breadcrumb\"},\"inLanguage\":\"fr-CA\",\"potentialAction\":[{\"@type\":\"ReadAction\",\"target\":[\"https:\\\/\\\/staging.safetysourcefire.ca\\\/product\\\/rts-rapid-transport-ice-rescue-sled\\\/\"]}]},{\"@type\":\"ImageObject\",\"inLanguage\":\"fr-CA\",\"@id\":\"https:\\\/\\\/staging.safetysourcefire.ca\\\/product\\\/rts-rapid-transport-ice-rescue-sled\\\/#primaryimage\",\"url\":\"https:\\\/\\\/staging.safetysourcefire.ca\\\/wp-content\\\/uploads\\\/2022\\\/12\\\/rts_full_vertical2.jpg\",\"contentUrl\":\"https:\\\/\\\/staging.safetysourcefire.ca\\\/wp-content\\\/uploads\\\/2022\\\/12\\\/rts_full_vertical2.jpg\",\"width\":600,\"height\":600,\"caption\":\"ice rescue sled\"},{\"@type\":\"BreadcrumbList\",\"@id\":\"https:\\\/\\\/staging.safetysourcefire.ca\\\/product\\\/rts-rapid-transport-ice-rescue-sled\\\/#breadcrumb\",\"itemListElement\":[{\"@type\":\"ListItem\",\"position\":1,\"name\":\"Home\",\"item\":\"https:\\\/\\\/staging.safetysourcefire.ca\\\/\"},{\"@type\":\"ListItem\",\"position\":2,\"name\":\"Products\",\"item\":\"https:\\\/\\\/staging.safetysourcefire.ca\\\/shop\\\/\"},{\"@type\":\"ListItem\",\"position\":3,\"name\":\"RTS \u2013 Rapid Transport Ice Rescue Sled\"}]},{\"@type\":\"WebSite\",\"@id\":\"https:\\\/\\\/staging.safetysourcefire.ca\\\/#website\",\"url\":\"https:\\\/\\\/staging.safetysourcefire.ca\\\/\",\"name\":\"Safety Source Fire\",\"description\":\"\",\"publisher\":{\"@id\":\"https:\\\/\\\/staging.safetysourcefire.ca\\\/#organization\"},\"potentialAction\":[{\"@type\":\"SearchAction\",\"target\":{\"@type\":\"EntryPoint\",\"urlTemplate\":\"https:\\\/\\\/staging.safetysourcefire.ca\\\/?s={search_term_string}\"},\"query-input\":{\"@type\":\"PropertyValueSpecification\",\"valueRequired\":true,\"valueName\":\"search_term_string\"}}],\"inLanguage\":\"fr-CA\"},{\"@type\":\"Organization\",\"@id\":\"https:\\\/\\\/staging.safetysourcefire.ca\\\/#organization\",\"name\":\"Safety Source Fire\",\"url\":\"https:\\\/\\\/staging.safetysourcefire.ca\\\/\",\"logo\":{\"@type\":\"ImageObject\",\"inLanguage\":\"fr-CA\",\"@id\":\"https:\\\/\\\/staging.safetysourcefire.ca\\\/#\\\/schema\\\/logo\\\/image\\\/\",\"url\":\"https:\\\/\\\/staging.safetysourcefire.ca\\\/wp-content\\\/uploads\\\/2021\\\/01\\\/SSF_logo_CC0000-3.png\",\"contentUrl\":\"https:\\\/\\\/staging.safetysourcefire.ca\\\/wp-content\\\/uploads\\\/2021\\\/01\\\/SSF_logo_CC0000-3.png\",\"width\":1107,\"height\":365,\"caption\":\"Safety Source Fire\"},\"image\":{\"@id\":\"https:\\\/\\\/staging.safetysourcefire.ca\\\/#\\\/schema\\\/logo\\\/image\\\/\"},\"sameAs\":[\"https:\\\/\\\/www.facebook.com\\\/mmfssca\",\"https:\\\/\\\/x.com\\\/mmfssca\"]}]}<\/script>\n<!-- \/ Yoast SEO plugin. -->","yoast_head_json":{"title":"RTS \u2013 Tra\u00eeneau de sauvetage sur glace \u00e0 transport rapide \u2013 Incendie \u00e0 source de s\u00e9curit\u00e9","robots":{"index":"noindex","follow":"follow","max-snippet":"max-snippet:-1","max-image-preview":"max-image-preview:large","max-video-preview":"max-video-preview:-1"},"og_locale":"fr_CA","og_type":"article","og_title":"RTS \u2013 Rapid Transport Ice Rescue Sled - Safety Source Fire","og_description":"The R.T.S. (Rapid Transport Sled) for ice rescue is the rescuer\u2019s choice in ice extrication and victim care. The R.T.S. is precisely designed for ease of operation.","og_url":"https:\/\/staging.safetysourcefire.ca\/fr_ca\/produit\/rts-rapid-transport-ice-rescue-sled\/","og_site_name":"Safety Source Fire","article_publisher":"https:\/\/www.facebook.com\/mmfssca","article_modified_time":"2022-12-16T18:46:10+00:00","og_image":[{"width":600,"height":600,"url":"https:\/\/staging.safetysourcefire.ca\/wp-content\/uploads\/2022\/12\/rts_full_vertical2.jpg","type":"image\/jpeg"}],"twitter_card":"summary_large_image","twitter_site":"@mmfssca","twitter_misc":{"Estimation du temps de lecture":"2 minutes"},"schema":{"@context":"https:\/\/schema.org","@graph":[{"@type":"WebPage","@id":"https:\/\/staging.safetysourcefire.ca\/product\/rts-rapid-transport-ice-rescue-sled\/","url":"https:\/\/staging.safetysourcefire.ca\/product\/rts-rapid-transport-ice-rescue-sled\/","name":"RTS \u2013 Tra\u00eeneau de sauvetage sur glace \u00e0 transport rapide \u2013 Incendie \u00e0 source de s\u00e9curit\u00e9","isPartOf":{"@id":"https:\/\/staging.safetysourcefire.ca\/#website"},"primaryImageOfPage":{"@id":"https:\/\/staging.safetysourcefire.ca\/product\/rts-rapid-transport-ice-rescue-sled\/#primaryimage"},"image":{"@id":"https:\/\/staging.safetysourcefire.ca\/product\/rts-rapid-transport-ice-rescue-sled\/#primaryimage"},"thumbnailUrl":"https:\/\/staging.safetysourcefire.ca\/wp-content\/uploads\/2022\/12\/rts_full_vertical2.jpg","datePublished":"2022-12-14T19:44:42+00:00","dateModified":"2022-12-16T18:46:10+00:00","breadcrumb":{"@id":"https:\/\/staging.safetysourcefire.ca\/product\/rts-rapid-transport-ice-rescue-sled\/#breadcrumb"},"inLanguage":"fr-CA","potentialAction":[{"@type":"ReadAction","target":["https:\/\/staging.safetysourcefire.ca\/product\/rts-rapid-transport-ice-rescue-sled\/"]}]},{"@type":"ImageObject","inLanguage":"fr-CA","@id":"https:\/\/staging.safetysourcefire.ca\/product\/rts-rapid-transport-ice-rescue-sled\/#primaryimage","url":"https:\/\/staging.safetysourcefire.ca\/wp-content\/uploads\/2022\/12\/rts_full_vertical2.jpg","contentUrl":"https:\/\/staging.safetysourcefire.ca\/wp-content\/uploads\/2022\/12\/rts_full_vertical2.jpg","width":600,"height":600,"caption":"ice rescue sled"},{"@type":"BreadcrumbList","@id":"https:\/\/staging.safetysourcefire.ca\/product\/rts-rapid-transport-ice-rescue-sled\/#breadcrumb","itemListElement":[{"@type":"ListItem","position":1,"name":"Home","item":"https:\/\/staging.safetysourcefire.ca\/"},{"@type":"ListItem","position":2,"name":"Products","item":"https:\/\/staging.safetysourcefire.ca\/shop\/"},{"@type":"ListItem","position":3,"name":"RTS \u2013 Rapid Transport Ice Rescue Sled"}]},{"@type":"WebSite","@id":"https:\/\/staging.safetysourcefire.ca\/#website","url":"https:\/\/staging.safetysourcefire.ca\/","name":"Safety Source Fire","description":"","publisher":{"@id":"https:\/\/staging.safetysourcefire.ca\/#organization"},"potentialAction":[{"@type":"SearchAction","target":{"@type":"EntryPoint","urlTemplate":"https:\/\/staging.safetysourcefire.ca\/?s={search_term_string}"},"query-input":{"@type":"PropertyValueSpecification","valueRequired":true,"valueName":"search_term_string"}}],"inLanguage":"fr-CA"},{"@type":"Organization","@id":"https:\/\/staging.safetysourcefire.ca\/#organization","name":"Safety Source Fire","url":"https:\/\/staging.safetysourcefire.ca\/","logo":{"@type":"ImageObject","inLanguage":"fr-CA","@id":"https:\/\/staging.safetysourcefire.ca\/#\/schema\/logo\/image\/","url":"https:\/\/staging.safetysourcefire.ca\/wp-content\/uploads\/2021\/01\/SSF_logo_CC0000-3.png","contentUrl":"https:\/\/staging.safetysourcefire.ca\/wp-content\/uploads\/2021\/01\/SSF_logo_CC0000-3.png","width":1107,"height":365,"caption":"Safety Source Fire"},"image":{"@id":"https:\/\/staging.safetysourcefire.ca\/#\/schema\/logo\/image\/"},"sameAs":["https:\/\/www.facebook.com\/mmfssca","https:\/\/x.com\/mmfssca"]}]}},"_links":{"self":[{"href":"https:\/\/staging.safetysourcefire.ca\/fr_ca\/wp-json\/wp\/v2\/product\/27081","targetHints":{"allow":["GET"]}}],"collection":[{"href":"https:\/\/staging.safetysourcefire.ca\/fr_ca\/wp-json\/wp\/v2\/product"}],"about":[{"href":"https:\/\/staging.safetysourcefire.ca\/fr_ca\/wp-json\/wp\/v2\/types\/product"}],"wp:featuredmedia":[{"embeddable":true,"href":"https:\/\/staging.safetysourcefire.ca\/fr_ca\/wp-json\/wp\/v2\/media\/27063"}],"wp:attachment":[{"href":"https:\/\/staging.safetysourcefire.ca\/fr_ca\/wp-json\/wp\/v2\/media?parent=27081"}],"wp:term":[{"taxonomy":"product_brand","embeddable":true,"href":"https:\/\/staging.safetysourcefire.ca\/fr_ca\/wp-json\/wp\/v2\/product_brand?post=27081"},{"taxonomy":"product_cat","embeddable":true,"href":"https:\/\/staging.safetysourcefire.ca\/fr_ca\/wp-json\/wp\/v2\/product_cat?post=27081"},{"taxonomy":"product_tag","embeddable":true,"href":"https:\/\/staging.safetysourcefire.ca\/fr_ca\/wp-json\/wp\/v2\/product_tag?post=27081"}],"curies":[{"name":"wp","href":"https:\/\/api.w.org\/{rel}","templated":true}]}}