{"id":2676,"date":"2017-06-13T21:19:51","date_gmt":"2017-06-13T21:19:51","guid":{"rendered":"http:\/\/mmfss.ca\/?post_type=product&#038;p=2676"},"modified":"2020-04-27T21:24:04","modified_gmt":"2020-04-27T21:24:04","slug":"low-pressure-handline-with-grip-1-5-38mm","status":"publish","type":"product","link":"https:\/\/staging.safetysourcefire.ca\/fr_ca\/produit\/low-pressure-handline-with-grip-1-5-38mm\/","title":{"rendered":"Lance \u00e0 basse pression avec poign\u00e9e 1,5 po (38 mm)"},"content":{"rendered":"<p>Disponible dans d&#039;autres configurations<\/p>\n<p>Comprend la capacit\u00e9 de rin\u00e7age sans arr\u00eat, une vanne \u00e0 glissi\u00e8re brevet\u00e9e pour un contr\u00f4le du d\u00e9bit sans turbulence, six positions de d\u00e9bit \u00e0 cran, des dents en caoutchouc moul\u00e9 pour un \u00ab brouillard puissant \u00bb \u00e0 remplissage complet et un \u00e9cran d'entr\u00e9e \u00ab Gasket Grabber \u00bb. La poign\u00e9e pistolet est mont\u00e9e sous la valve. Fait de mat\u00e9riaux l\u00e9gers en aluminium anodis\u00e9 \u00e0 rev\u00eatement dur pour une r\u00e9sistance maximale \u00e0 la corrosion et \u00e0 l'usure. L'accouplement pivotant permanent \u00e0 oreilles \u00e0 bascule de 1,5\u2033 (38 mm) est standard.<\/p>\n<p>Poids\u00a0: 7\u00a0000\u00a0lb (3\u00a0764\u00a0kg)<\/p>\n<table>\n<tbody>\n<tr>\n<td><strong>D\u00e9bit<\/strong><\/td>\n<td>95-250 gal\/min (360-950 l\/min)<\/td>\n<\/tr>\n<tr>\n<td><strong>Taille de couplage (buses)<\/strong><\/td>\n<td>2,5 pouces (65 mm)<\/td>\n<\/tr>\n<tr>\n<td><strong>Style de couplage (buses)<\/strong><\/td>\n<td>Bascule<\/td>\n<\/tr>\n<tr>\n<td><strong>Couplage Pivotant\/Rigide (Buses)<\/strong><\/td>\n<td>Pivotant (en tout temps, m\u00eame apr\u00e8s serrage)<\/td>\n<\/tr>\n<tr>\n<td><strong>Pression<\/strong><\/td>\n<td>75 psi (5 bars)<\/td>\n<\/tr>\n<tr>\n<td><strong>Style de corps de buse<\/strong><\/td>\n<td>Buse avec arr\u00eat et poign\u00e9e pistolet<\/td>\n<\/tr>\n<tr>\n<td><strong>Conception de vanne<\/strong><\/td>\n<td>Vanne \u00e0 glissi\u00e8re (inox)<\/td>\n<\/tr>\n<tr>\n<td><strong>M\u00e9thode d&#039;actionnement de la vanne<\/strong><\/td>\n<td>Fer \u00e0 cheval (Nylon moul\u00e9 par injection avec poign\u00e9e color\u00e9e)<\/td>\n<\/tr>\n<tr>\n<td><strong>M\u00e9thode de motif de brouillard<\/strong><\/td>\n<td>Dents en caoutchouc moul\u00e9es (fixes)<\/td>\n<\/tr>\n<tr>\n<td><strong>Mat\u00e9riau du pare-chocs de la buse<\/strong><\/td>\n<td>Caoutchouc \u2013 coll\u00e9<\/td>\n<\/tr>\n<tr>\n<td><strong>Certifications<\/strong><\/td>\n<td>N \/ A<\/td>\n<\/tr>\n<\/tbody>\n<\/table>","protected":false},"excerpt":{"rendered":"<p>Contr\u00f4le automatique de la pression de 75 psi (5 bar) avec une capacit\u00e9 de d\u00e9bit de 95 \u00e0 250 gpm (360 \u00e0 950 l \/ min).<\/p>","protected":false},"featured_media":2598,"template":"","meta":[],"product_brand":[179],"product_cat":[44,66],"product_tag":[355,354],"class_list":{"0":"post-2676","1":"product","2":"type-product","3":"status-publish","4":"has-post-thumbnail","6":"product_brand-tft","7":"product_cat-fire-suppression","8":"product_cat-nozzles-monitors","9":"product_tag-task-force-tips","10":"product_tag-tft","12":"first","13":"instock","14":"shipping-taxable","15":"product-type-simple"},"yoast_head":"<!-- This site is optimized with the Yoast SEO plugin v27.4 - https:\/\/yoast.com\/product\/yoast-seo-wordpress\/ -->\n<title>Low Pressure Handline with Grip 1.5&quot; (38mm) - Safety Source Fire<\/title>\n<meta name=\"robots\" content=\"noindex, follow, max-snippet:-1, max-image-preview:large, max-video-preview:-1\" \/>\n<meta property=\"og:locale\" content=\"fr_CA\" \/>\n<meta property=\"og:type\" content=\"article\" \/>\n<meta property=\"og:title\" content=\"Low Pressure Handline with Grip 1.5&quot; (38mm) - Safety Source Fire\" \/>\n<meta property=\"og:description\" content=\"Automatic 75 psi (5 bar) pressure control with a flow capacity of 95-250 gpm (360-950 l\/min).\" \/>\n<meta property=\"og:url\" content=\"https:\/\/staging.safetysourcefire.ca\/fr_ca\/produit\/low-pressure-handline-with-grip-1-5-38mm\/\" \/>\n<meta property=\"og:site_name\" content=\"Safety Source Fire\" \/>\n<meta property=\"article:publisher\" content=\"https:\/\/www.facebook.com\/mmfssca\" \/>\n<meta property=\"article:modified_time\" content=\"2020-04-27T21:24:04+00:00\" \/>\n<meta property=\"og:image\" content=\"https:\/\/staging.safetysourcefire.ca\/wp-content\/uploads\/2017\/06\/HL-2VPGI.jpg\" \/>\n\t<meta property=\"og:image:width\" content=\"600\" \/>\n\t<meta property=\"og:image:height\" content=\"600\" \/>\n\t<meta property=\"og:image:type\" content=\"image\/jpeg\" \/>\n<meta name=\"twitter:card\" content=\"summary_large_image\" \/>\n<meta name=\"twitter:site\" content=\"@mmfssca\" \/>\n<meta name=\"twitter:label1\" content=\"Estimation du temps de lecture\" \/>\n\t<meta name=\"twitter:data1\" content=\"1 minute\" \/>\n<script type=\"application\/ld+json\" class=\"yoast-schema-graph\">{\"@context\":\"https:\\\/\\\/schema.org\",\"@graph\":[{\"@type\":\"WebPage\",\"@id\":\"https:\\\/\\\/staging.safetysourcefire.ca\\\/product\\\/low-pressure-handline-with-grip-1-5-38mm\\\/\",\"url\":\"https:\\\/\\\/staging.safetysourcefire.ca\\\/product\\\/low-pressure-handline-with-grip-1-5-38mm\\\/\",\"name\":\"Low Pressure Handline with Grip 1.5\\\" (38mm) - Safety Source Fire\",\"isPartOf\":{\"@id\":\"https:\\\/\\\/staging.safetysourcefire.ca\\\/#website\"},\"primaryImageOfPage\":{\"@id\":\"https:\\\/\\\/staging.safetysourcefire.ca\\\/product\\\/low-pressure-handline-with-grip-1-5-38mm\\\/#primaryimage\"},\"image\":{\"@id\":\"https:\\\/\\\/staging.safetysourcefire.ca\\\/product\\\/low-pressure-handline-with-grip-1-5-38mm\\\/#primaryimage\"},\"thumbnailUrl\":\"https:\\\/\\\/staging.safetysourcefire.ca\\\/wp-content\\\/uploads\\\/2017\\\/06\\\/HL-2VPGI.jpg\",\"datePublished\":\"2017-06-13T21:19:51+00:00\",\"dateModified\":\"2020-04-27T21:24:04+00:00\",\"breadcrumb\":{\"@id\":\"https:\\\/\\\/staging.safetysourcefire.ca\\\/product\\\/low-pressure-handline-with-grip-1-5-38mm\\\/#breadcrumb\"},\"inLanguage\":\"fr-CA\",\"potentialAction\":[{\"@type\":\"ReadAction\",\"target\":[\"https:\\\/\\\/staging.safetysourcefire.ca\\\/product\\\/low-pressure-handline-with-grip-1-5-38mm\\\/\"]}]},{\"@type\":\"ImageObject\",\"inLanguage\":\"fr-CA\",\"@id\":\"https:\\\/\\\/staging.safetysourcefire.ca\\\/product\\\/low-pressure-handline-with-grip-1-5-38mm\\\/#primaryimage\",\"url\":\"https:\\\/\\\/staging.safetysourcefire.ca\\\/wp-content\\\/uploads\\\/2017\\\/06\\\/HL-2VPGI.jpg\",\"contentUrl\":\"https:\\\/\\\/staging.safetysourcefire.ca\\\/wp-content\\\/uploads\\\/2017\\\/06\\\/HL-2VPGI.jpg\",\"width\":600,\"height\":600,\"caption\":\"Low Pressure Handline with Grip\"},{\"@type\":\"BreadcrumbList\",\"@id\":\"https:\\\/\\\/staging.safetysourcefire.ca\\\/product\\\/low-pressure-handline-with-grip-1-5-38mm\\\/#breadcrumb\",\"itemListElement\":[{\"@type\":\"ListItem\",\"position\":1,\"name\":\"Home\",\"item\":\"https:\\\/\\\/staging.safetysourcefire.ca\\\/\"},{\"@type\":\"ListItem\",\"position\":2,\"name\":\"Products\",\"item\":\"https:\\\/\\\/staging.safetysourcefire.ca\\\/shop\\\/\"},{\"@type\":\"ListItem\",\"position\":3,\"name\":\"Low Pressure Handline with Grip 1.5&#8243; (38mm)\"}]},{\"@type\":\"WebSite\",\"@id\":\"https:\\\/\\\/staging.safetysourcefire.ca\\\/#website\",\"url\":\"https:\\\/\\\/staging.safetysourcefire.ca\\\/\",\"name\":\"Safety Source Fire\",\"description\":\"\",\"publisher\":{\"@id\":\"https:\\\/\\\/staging.safetysourcefire.ca\\\/#organization\"},\"potentialAction\":[{\"@type\":\"SearchAction\",\"target\":{\"@type\":\"EntryPoint\",\"urlTemplate\":\"https:\\\/\\\/staging.safetysourcefire.ca\\\/?s={search_term_string}\"},\"query-input\":{\"@type\":\"PropertyValueSpecification\",\"valueRequired\":true,\"valueName\":\"search_term_string\"}}],\"inLanguage\":\"fr-CA\"},{\"@type\":\"Organization\",\"@id\":\"https:\\\/\\\/staging.safetysourcefire.ca\\\/#organization\",\"name\":\"Safety Source Fire\",\"url\":\"https:\\\/\\\/staging.safetysourcefire.ca\\\/\",\"logo\":{\"@type\":\"ImageObject\",\"inLanguage\":\"fr-CA\",\"@id\":\"https:\\\/\\\/staging.safetysourcefire.ca\\\/#\\\/schema\\\/logo\\\/image\\\/\",\"url\":\"https:\\\/\\\/staging.safetysourcefire.ca\\\/wp-content\\\/uploads\\\/2021\\\/01\\\/SSF_logo_CC0000-3.png\",\"contentUrl\":\"https:\\\/\\\/staging.safetysourcefire.ca\\\/wp-content\\\/uploads\\\/2021\\\/01\\\/SSF_logo_CC0000-3.png\",\"width\":1107,\"height\":365,\"caption\":\"Safety Source Fire\"},\"image\":{\"@id\":\"https:\\\/\\\/staging.safetysourcefire.ca\\\/#\\\/schema\\\/logo\\\/image\\\/\"},\"sameAs\":[\"https:\\\/\\\/www.facebook.com\\\/mmfssca\",\"https:\\\/\\\/x.com\\\/mmfssca\"]}]}<\/script>\n<!-- \/ Yoast SEO plugin. -->","yoast_head_json":{"title":"Low Pressure Handline with Grip 1.5\" (38mm) - Safety Source Fire","robots":{"index":"noindex","follow":"follow","max-snippet":"max-snippet:-1","max-image-preview":"max-image-preview:large","max-video-preview":"max-video-preview:-1"},"og_locale":"fr_CA","og_type":"article","og_title":"Low Pressure Handline with Grip 1.5\" (38mm) - Safety Source Fire","og_description":"Automatic 75 psi (5 bar) pressure control with a flow capacity of 95-250 gpm (360-950 l\/min).","og_url":"https:\/\/staging.safetysourcefire.ca\/fr_ca\/produit\/low-pressure-handline-with-grip-1-5-38mm\/","og_site_name":"Safety Source Fire","article_publisher":"https:\/\/www.facebook.com\/mmfssca","article_modified_time":"2020-04-27T21:24:04+00:00","og_image":[{"width":600,"height":600,"url":"https:\/\/staging.safetysourcefire.ca\/wp-content\/uploads\/2017\/06\/HL-2VPGI.jpg","type":"image\/jpeg"}],"twitter_card":"summary_large_image","twitter_site":"@mmfssca","twitter_misc":{"Estimation du temps de lecture":"1 minute"},"schema":{"@context":"https:\/\/schema.org","@graph":[{"@type":"WebPage","@id":"https:\/\/staging.safetysourcefire.ca\/product\/low-pressure-handline-with-grip-1-5-38mm\/","url":"https:\/\/staging.safetysourcefire.ca\/product\/low-pressure-handline-with-grip-1-5-38mm\/","name":"Low Pressure Handline with Grip 1.5\" (38mm) - Safety Source Fire","isPartOf":{"@id":"https:\/\/staging.safetysourcefire.ca\/#website"},"primaryImageOfPage":{"@id":"https:\/\/staging.safetysourcefire.ca\/product\/low-pressure-handline-with-grip-1-5-38mm\/#primaryimage"},"image":{"@id":"https:\/\/staging.safetysourcefire.ca\/product\/low-pressure-handline-with-grip-1-5-38mm\/#primaryimage"},"thumbnailUrl":"https:\/\/staging.safetysourcefire.ca\/wp-content\/uploads\/2017\/06\/HL-2VPGI.jpg","datePublished":"2017-06-13T21:19:51+00:00","dateModified":"2020-04-27T21:24:04+00:00","breadcrumb":{"@id":"https:\/\/staging.safetysourcefire.ca\/product\/low-pressure-handline-with-grip-1-5-38mm\/#breadcrumb"},"inLanguage":"fr-CA","potentialAction":[{"@type":"ReadAction","target":["https:\/\/staging.safetysourcefire.ca\/product\/low-pressure-handline-with-grip-1-5-38mm\/"]}]},{"@type":"ImageObject","inLanguage":"fr-CA","@id":"https:\/\/staging.safetysourcefire.ca\/product\/low-pressure-handline-with-grip-1-5-38mm\/#primaryimage","url":"https:\/\/staging.safetysourcefire.ca\/wp-content\/uploads\/2017\/06\/HL-2VPGI.jpg","contentUrl":"https:\/\/staging.safetysourcefire.ca\/wp-content\/uploads\/2017\/06\/HL-2VPGI.jpg","width":600,"height":600,"caption":"Low Pressure Handline with Grip"},{"@type":"BreadcrumbList","@id":"https:\/\/staging.safetysourcefire.ca\/product\/low-pressure-handline-with-grip-1-5-38mm\/#breadcrumb","itemListElement":[{"@type":"ListItem","position":1,"name":"Home","item":"https:\/\/staging.safetysourcefire.ca\/"},{"@type":"ListItem","position":2,"name":"Products","item":"https:\/\/staging.safetysourcefire.ca\/shop\/"},{"@type":"ListItem","position":3,"name":"Low Pressure Handline with Grip 1.5&#8243; (38mm)"}]},{"@type":"WebSite","@id":"https:\/\/staging.safetysourcefire.ca\/#website","url":"https:\/\/staging.safetysourcefire.ca\/","name":"Safety Source Fire","description":"","publisher":{"@id":"https:\/\/staging.safetysourcefire.ca\/#organization"},"potentialAction":[{"@type":"SearchAction","target":{"@type":"EntryPoint","urlTemplate":"https:\/\/staging.safetysourcefire.ca\/?s={search_term_string}"},"query-input":{"@type":"PropertyValueSpecification","valueRequired":true,"valueName":"search_term_string"}}],"inLanguage":"fr-CA"},{"@type":"Organization","@id":"https:\/\/staging.safetysourcefire.ca\/#organization","name":"Safety Source Fire","url":"https:\/\/staging.safetysourcefire.ca\/","logo":{"@type":"ImageObject","inLanguage":"fr-CA","@id":"https:\/\/staging.safetysourcefire.ca\/#\/schema\/logo\/image\/","url":"https:\/\/staging.safetysourcefire.ca\/wp-content\/uploads\/2021\/01\/SSF_logo_CC0000-3.png","contentUrl":"https:\/\/staging.safetysourcefire.ca\/wp-content\/uploads\/2021\/01\/SSF_logo_CC0000-3.png","width":1107,"height":365,"caption":"Safety Source Fire"},"image":{"@id":"https:\/\/staging.safetysourcefire.ca\/#\/schema\/logo\/image\/"},"sameAs":["https:\/\/www.facebook.com\/mmfssca","https:\/\/x.com\/mmfssca"]}]}},"_links":{"self":[{"href":"https:\/\/staging.safetysourcefire.ca\/fr_ca\/wp-json\/wp\/v2\/product\/2676","targetHints":{"allow":["GET"]}}],"collection":[{"href":"https:\/\/staging.safetysourcefire.ca\/fr_ca\/wp-json\/wp\/v2\/product"}],"about":[{"href":"https:\/\/staging.safetysourcefire.ca\/fr_ca\/wp-json\/wp\/v2\/types\/product"}],"wp:featuredmedia":[{"embeddable":true,"href":"https:\/\/staging.safetysourcefire.ca\/fr_ca\/wp-json\/wp\/v2\/media\/2598"}],"wp:attachment":[{"href":"https:\/\/staging.safetysourcefire.ca\/fr_ca\/wp-json\/wp\/v2\/media?parent=2676"}],"wp:term":[{"taxonomy":"product_brand","embeddable":true,"href":"https:\/\/staging.safetysourcefire.ca\/fr_ca\/wp-json\/wp\/v2\/product_brand?post=2676"},{"taxonomy":"product_cat","embeddable":true,"href":"https:\/\/staging.safetysourcefire.ca\/fr_ca\/wp-json\/wp\/v2\/product_cat?post=2676"},{"taxonomy":"product_tag","embeddable":true,"href":"https:\/\/staging.safetysourcefire.ca\/fr_ca\/wp-json\/wp\/v2\/product_tag?post=2676"}],"curies":[{"name":"wp","href":"https:\/\/api.w.org\/{rel}","templated":true}]}}