{"id":26496,"date":"2022-03-18T14:51:20","date_gmt":"2022-03-18T14:51:20","guid":{"rendered":"https:\/\/safetysourcefire.ca\/?post_type=product&#038;p=26496"},"modified":"2022-03-18T14:55:13","modified_gmt":"2022-03-18T14:55:13","slug":"px-series-fire-helmet","status":"publish","type":"product","link":"https:\/\/staging.safetysourcefire.ca\/fr_ca\/produit\/px-series-fire-helmet\/","title":{"rendered":"Casque de pompier s\u00e9rie PX"},"content":{"rendered":"<p>Le casque de pompier structurel en thermoplastique de la s\u00e9rie PX est de conception robuste qui ne se raye pas, ne se fissure pas et ne s'\u00e9caille pas comme la fibre de verre. Il r\u00e9siste bien \u00e0 la d\u00e9gradation apr\u00e8s des expositions r\u00e9p\u00e9t\u00e9es \u00e0 des temp\u00e9ratures \u00e9lev\u00e9es. Certifi\u00e9 NFPA 1971-2018, ce casque int\u00e8gre les recommandations de professionnels du feu chevronn\u00e9s du monde entier. Un centre de gravit\u00e9 bas offre aux mod\u00e8les PX un ajustement \u00e9quilibr\u00e9 et stable, augmentant le confort g\u00e9n\u00e9ral. Le bandeau \u00e0 cliquet Bullard Sure-Lock\u00ae s'ajuste \u00e0 la t\u00eate du porteur en tournant un simple bouton. Des points de r\u00e9glage suppl\u00e9mentaires permettent un ajustement personnalis\u00e9 et un \u00e9quilibre in\u00e9gal\u00e9. Les casques SCBA PX peuvent \u00e9galement \u00eatre personnalis\u00e9s par la boutique Bullard Logo. La boutique de logo Bullard utilise les derni\u00e8res technologies de tampographie pour imprimer vos logos ou insignes dans des couleurs vives.<\/p>\n<p>Les casques PX sont dot\u00e9s de rayures 3M Scotchlite\u00ae, qui conservent la r\u00e9flectivit\u00e9 jusqu'\u00e0 500\u00b0 F (260\u00b0 C). Cela fait de Scotchlite le mat\u00e9riel le plus r\u00e9sistant disponible pour les marquages de casque. Cette s\u00e9rie comprend un mod\u00e8le qui r\u00e9pond \u00e0 la norme australienne AS4067 pour la protection de la t\u00eate des pompiers.<\/p>\n<ul>\n<li>Coque ext\u00e9rieure en thermoplastique haute temp\u00e9rature<\/li>\n<li>Coque int\u00e9rieure en thermoplastique haute temp\u00e9rature<\/li>\n<li>Serre-t\u00eate \u00e0 cliquet Sure-Lock\u00ae confortable<\/li>\n<li>Sangles et coussinet de t\u00eate en nylon \u00e9quilibr\u00e9s \u00e0 6 points<\/li>\n<li>Jugulaire en Nomex\u00ae avec boucle \u00e0 d\u00e9gagement rapide et fermeture \u00e0 glissi\u00e8re<\/li>\n<li>Prot\u00e8ge-oreilles\/cou Rip-stop Nomex\u00ae<\/li>\n<li>Couvre cliquet en cuir<\/li>\n<li>Tampon frontal amovible en coton absorbant et r\u00e9sistant au feu<\/li>\n<li>\u00c9cran facial optiquement correct \u00e0 rev\u00eatement dur<\/li>\n<li>Bandes r\u00e9fl\u00e9chissantes Scotchlite\u00ae<\/li>\n<li>Conforme \u00e0 la norme australienne AS4067 (pour l'exportation uniquement) -mod\u00e8le PXAS<\/li>\n<li>Certifi\u00e9 selon la norme NFPA 1971-2018<\/li>\n<\/ul>\n<p>Options ou substitutions disponibles\u00a0:<\/p>\n<ul>\n<li>\u00c9cran facial de 6 pouces<\/li>\n<li>Lunettes ESS FirePro\u2122<\/li>\n<li>Bande r\u00e9fl\u00e9chissante Scotchlite\u00ae rouge-orange<\/li>\n<li>Prot\u00e8ge-oreilles\/cou Nomex\u00ae jaune<\/li>\n<li>Prot\u00e8ge-front en cuir<\/li>\n<\/ul>\n<p><a href=\"https:\/\/www.bullard.com\/uploads\/bullard_downloads\/FH_PX_SALESSHEET_AM_EN_LOW_8244.pdf\">T\u00e9l\u00e9charger la brochure Caract\u00e9ristiques et avantages de PX<\/a><\/p>\n<p><em>Dupont\u2122 Nomex\u00ae est une marque d\u00e9pos\u00e9e de EI DuPont de Nemours &amp; Company.<\/em><\/p>\n<p><em>Scotchlite\u00ae est une marque d\u00e9pos\u00e9e de 3M.<\/em><\/p>","protected":false},"excerpt":{"rendered":"<p>Construction thermoplastique. Obtenez un look contemporain avec une sensation de l\u00e9g\u00e8ret\u00e9.<\/p>","protected":false},"featured_media":26500,"template":"","meta":[],"product_brand":[201],"product_cat":[124,50],"product_tag":[265],"class_list":{"0":"post-26496","1":"product","2":"type-product","3":"status-publish","4":"has-post-thumbnail","6":"product_brand-bullard","7":"product_cat-helmets","8":"product_cat-personal-protective-equipment","9":"product_tag-bullard","11":"first","12":"instock","13":"shipping-taxable","14":"product-type-simple"},"yoast_head":"<!-- This site is optimized with the Yoast SEO plugin v27.4 - https:\/\/yoast.com\/product\/yoast-seo-wordpress\/ -->\n<title>PX Series Fire Helmet - Safety Source Fire<\/title>\n<meta name=\"robots\" content=\"noindex, follow, max-snippet:-1, max-image-preview:large, max-video-preview:-1\" \/>\n<meta property=\"og:locale\" content=\"fr_CA\" \/>\n<meta property=\"og:type\" content=\"article\" \/>\n<meta property=\"og:title\" content=\"PX Series Fire Helmet - Safety Source Fire\" \/>\n<meta property=\"og:description\" content=\"Thermoplastic construction. Get a contemporary look with lightweight feel.\" \/>\n<meta property=\"og:url\" content=\"https:\/\/staging.safetysourcefire.ca\/fr_ca\/produit\/px-series-fire-helmet\/\" \/>\n<meta property=\"og:site_name\" content=\"Safety Source Fire\" \/>\n<meta property=\"article:publisher\" content=\"https:\/\/www.facebook.com\/mmfssca\" \/>\n<meta property=\"article:modified_time\" content=\"2022-03-18T14:55:13+00:00\" \/>\n<meta property=\"og:image\" content=\"https:\/\/staging.safetysourcefire.ca\/wp-content\/uploads\/2022\/03\/PX_profile_img.jpg\" \/>\n\t<meta property=\"og:image:width\" content=\"600\" \/>\n\t<meta property=\"og:image:height\" content=\"600\" \/>\n\t<meta property=\"og:image:type\" content=\"image\/jpeg\" \/>\n<meta name=\"twitter:card\" content=\"summary_large_image\" \/>\n<meta name=\"twitter:site\" content=\"@mmfssca\" \/>\n<meta name=\"twitter:label1\" content=\"Estimation du temps de lecture\" \/>\n\t<meta name=\"twitter:data1\" content=\"2 minutes\" \/>\n<script type=\"application\/ld+json\" class=\"yoast-schema-graph\">{\"@context\":\"https:\\\/\\\/schema.org\",\"@graph\":[{\"@type\":\"WebPage\",\"@id\":\"https:\\\/\\\/staging.safetysourcefire.ca\\\/product\\\/px-series-fire-helmet\\\/\",\"url\":\"https:\\\/\\\/staging.safetysourcefire.ca\\\/product\\\/px-series-fire-helmet\\\/\",\"name\":\"PX Series Fire Helmet - Safety Source Fire\",\"isPartOf\":{\"@id\":\"https:\\\/\\\/staging.safetysourcefire.ca\\\/#website\"},\"primaryImageOfPage\":{\"@id\":\"https:\\\/\\\/staging.safetysourcefire.ca\\\/product\\\/px-series-fire-helmet\\\/#primaryimage\"},\"image\":{\"@id\":\"https:\\\/\\\/staging.safetysourcefire.ca\\\/product\\\/px-series-fire-helmet\\\/#primaryimage\"},\"thumbnailUrl\":\"https:\\\/\\\/staging.safetysourcefire.ca\\\/wp-content\\\/uploads\\\/2022\\\/03\\\/PX_profile_img.jpg\",\"datePublished\":\"2022-03-18T14:51:20+00:00\",\"dateModified\":\"2022-03-18T14:55:13+00:00\",\"breadcrumb\":{\"@id\":\"https:\\\/\\\/staging.safetysourcefire.ca\\\/product\\\/px-series-fire-helmet\\\/#breadcrumb\"},\"inLanguage\":\"fr-CA\",\"potentialAction\":[{\"@type\":\"ReadAction\",\"target\":[\"https:\\\/\\\/staging.safetysourcefire.ca\\\/product\\\/px-series-fire-helmet\\\/\"]}]},{\"@type\":\"ImageObject\",\"inLanguage\":\"fr-CA\",\"@id\":\"https:\\\/\\\/staging.safetysourcefire.ca\\\/product\\\/px-series-fire-helmet\\\/#primaryimage\",\"url\":\"https:\\\/\\\/staging.safetysourcefire.ca\\\/wp-content\\\/uploads\\\/2022\\\/03\\\/PX_profile_img.jpg\",\"contentUrl\":\"https:\\\/\\\/staging.safetysourcefire.ca\\\/wp-content\\\/uploads\\\/2022\\\/03\\\/PX_profile_img.jpg\",\"width\":600,\"height\":600,\"caption\":\"helmet\"},{\"@type\":\"BreadcrumbList\",\"@id\":\"https:\\\/\\\/staging.safetysourcefire.ca\\\/product\\\/px-series-fire-helmet\\\/#breadcrumb\",\"itemListElement\":[{\"@type\":\"ListItem\",\"position\":1,\"name\":\"Home\",\"item\":\"https:\\\/\\\/staging.safetysourcefire.ca\\\/\"},{\"@type\":\"ListItem\",\"position\":2,\"name\":\"Products\",\"item\":\"https:\\\/\\\/staging.safetysourcefire.ca\\\/shop\\\/\"},{\"@type\":\"ListItem\",\"position\":3,\"name\":\"PX Series Fire Helmet\"}]},{\"@type\":\"WebSite\",\"@id\":\"https:\\\/\\\/staging.safetysourcefire.ca\\\/#website\",\"url\":\"https:\\\/\\\/staging.safetysourcefire.ca\\\/\",\"name\":\"Safety Source Fire\",\"description\":\"\",\"publisher\":{\"@id\":\"https:\\\/\\\/staging.safetysourcefire.ca\\\/#organization\"},\"potentialAction\":[{\"@type\":\"SearchAction\",\"target\":{\"@type\":\"EntryPoint\",\"urlTemplate\":\"https:\\\/\\\/staging.safetysourcefire.ca\\\/?s={search_term_string}\"},\"query-input\":{\"@type\":\"PropertyValueSpecification\",\"valueRequired\":true,\"valueName\":\"search_term_string\"}}],\"inLanguage\":\"fr-CA\"},{\"@type\":\"Organization\",\"@id\":\"https:\\\/\\\/staging.safetysourcefire.ca\\\/#organization\",\"name\":\"Safety Source Fire\",\"url\":\"https:\\\/\\\/staging.safetysourcefire.ca\\\/\",\"logo\":{\"@type\":\"ImageObject\",\"inLanguage\":\"fr-CA\",\"@id\":\"https:\\\/\\\/staging.safetysourcefire.ca\\\/#\\\/schema\\\/logo\\\/image\\\/\",\"url\":\"https:\\\/\\\/staging.safetysourcefire.ca\\\/wp-content\\\/uploads\\\/2021\\\/01\\\/SSF_logo_CC0000-3.png\",\"contentUrl\":\"https:\\\/\\\/staging.safetysourcefire.ca\\\/wp-content\\\/uploads\\\/2021\\\/01\\\/SSF_logo_CC0000-3.png\",\"width\":1107,\"height\":365,\"caption\":\"Safety Source Fire\"},\"image\":{\"@id\":\"https:\\\/\\\/staging.safetysourcefire.ca\\\/#\\\/schema\\\/logo\\\/image\\\/\"},\"sameAs\":[\"https:\\\/\\\/www.facebook.com\\\/mmfssca\",\"https:\\\/\\\/x.com\\\/mmfssca\"]}]}<\/script>\n<!-- \/ Yoast SEO plugin. -->","yoast_head_json":{"title":"Casque de pompier s\u00e9rie PX - Safety Source Fire","robots":{"index":"noindex","follow":"follow","max-snippet":"max-snippet:-1","max-image-preview":"max-image-preview:large","max-video-preview":"max-video-preview:-1"},"og_locale":"fr_CA","og_type":"article","og_title":"PX Series Fire Helmet - Safety Source Fire","og_description":"Thermoplastic construction. Get a contemporary look with lightweight feel.","og_url":"https:\/\/staging.safetysourcefire.ca\/fr_ca\/produit\/px-series-fire-helmet\/","og_site_name":"Safety Source Fire","article_publisher":"https:\/\/www.facebook.com\/mmfssca","article_modified_time":"2022-03-18T14:55:13+00:00","og_image":[{"width":600,"height":600,"url":"https:\/\/staging.safetysourcefire.ca\/wp-content\/uploads\/2022\/03\/PX_profile_img.jpg","type":"image\/jpeg"}],"twitter_card":"summary_large_image","twitter_site":"@mmfssca","twitter_misc":{"Estimation du temps de lecture":"2 minutes"},"schema":{"@context":"https:\/\/schema.org","@graph":[{"@type":"WebPage","@id":"https:\/\/staging.safetysourcefire.ca\/product\/px-series-fire-helmet\/","url":"https:\/\/staging.safetysourcefire.ca\/product\/px-series-fire-helmet\/","name":"Casque de pompier s\u00e9rie PX - Safety Source Fire","isPartOf":{"@id":"https:\/\/staging.safetysourcefire.ca\/#website"},"primaryImageOfPage":{"@id":"https:\/\/staging.safetysourcefire.ca\/product\/px-series-fire-helmet\/#primaryimage"},"image":{"@id":"https:\/\/staging.safetysourcefire.ca\/product\/px-series-fire-helmet\/#primaryimage"},"thumbnailUrl":"https:\/\/staging.safetysourcefire.ca\/wp-content\/uploads\/2022\/03\/PX_profile_img.jpg","datePublished":"2022-03-18T14:51:20+00:00","dateModified":"2022-03-18T14:55:13+00:00","breadcrumb":{"@id":"https:\/\/staging.safetysourcefire.ca\/product\/px-series-fire-helmet\/#breadcrumb"},"inLanguage":"fr-CA","potentialAction":[{"@type":"ReadAction","target":["https:\/\/staging.safetysourcefire.ca\/product\/px-series-fire-helmet\/"]}]},{"@type":"ImageObject","inLanguage":"fr-CA","@id":"https:\/\/staging.safetysourcefire.ca\/product\/px-series-fire-helmet\/#primaryimage","url":"https:\/\/staging.safetysourcefire.ca\/wp-content\/uploads\/2022\/03\/PX_profile_img.jpg","contentUrl":"https:\/\/staging.safetysourcefire.ca\/wp-content\/uploads\/2022\/03\/PX_profile_img.jpg","width":600,"height":600,"caption":"helmet"},{"@type":"BreadcrumbList","@id":"https:\/\/staging.safetysourcefire.ca\/product\/px-series-fire-helmet\/#breadcrumb","itemListElement":[{"@type":"ListItem","position":1,"name":"Home","item":"https:\/\/staging.safetysourcefire.ca\/"},{"@type":"ListItem","position":2,"name":"Products","item":"https:\/\/staging.safetysourcefire.ca\/shop\/"},{"@type":"ListItem","position":3,"name":"PX Series Fire Helmet"}]},{"@type":"WebSite","@id":"https:\/\/staging.safetysourcefire.ca\/#website","url":"https:\/\/staging.safetysourcefire.ca\/","name":"Safety Source Fire","description":"","publisher":{"@id":"https:\/\/staging.safetysourcefire.ca\/#organization"},"potentialAction":[{"@type":"SearchAction","target":{"@type":"EntryPoint","urlTemplate":"https:\/\/staging.safetysourcefire.ca\/?s={search_term_string}"},"query-input":{"@type":"PropertyValueSpecification","valueRequired":true,"valueName":"search_term_string"}}],"inLanguage":"fr-CA"},{"@type":"Organization","@id":"https:\/\/staging.safetysourcefire.ca\/#organization","name":"Safety Source Fire","url":"https:\/\/staging.safetysourcefire.ca\/","logo":{"@type":"ImageObject","inLanguage":"fr-CA","@id":"https:\/\/staging.safetysourcefire.ca\/#\/schema\/logo\/image\/","url":"https:\/\/staging.safetysourcefire.ca\/wp-content\/uploads\/2021\/01\/SSF_logo_CC0000-3.png","contentUrl":"https:\/\/staging.safetysourcefire.ca\/wp-content\/uploads\/2021\/01\/SSF_logo_CC0000-3.png","width":1107,"height":365,"caption":"Safety Source Fire"},"image":{"@id":"https:\/\/staging.safetysourcefire.ca\/#\/schema\/logo\/image\/"},"sameAs":["https:\/\/www.facebook.com\/mmfssca","https:\/\/x.com\/mmfssca"]}]}},"_links":{"self":[{"href":"https:\/\/staging.safetysourcefire.ca\/fr_ca\/wp-json\/wp\/v2\/product\/26496","targetHints":{"allow":["GET"]}}],"collection":[{"href":"https:\/\/staging.safetysourcefire.ca\/fr_ca\/wp-json\/wp\/v2\/product"}],"about":[{"href":"https:\/\/staging.safetysourcefire.ca\/fr_ca\/wp-json\/wp\/v2\/types\/product"}],"wp:featuredmedia":[{"embeddable":true,"href":"https:\/\/staging.safetysourcefire.ca\/fr_ca\/wp-json\/wp\/v2\/media\/26500"}],"wp:attachment":[{"href":"https:\/\/staging.safetysourcefire.ca\/fr_ca\/wp-json\/wp\/v2\/media?parent=26496"}],"wp:term":[{"taxonomy":"product_brand","embeddable":true,"href":"https:\/\/staging.safetysourcefire.ca\/fr_ca\/wp-json\/wp\/v2\/product_brand?post=26496"},{"taxonomy":"product_cat","embeddable":true,"href":"https:\/\/staging.safetysourcefire.ca\/fr_ca\/wp-json\/wp\/v2\/product_cat?post=26496"},{"taxonomy":"product_tag","embeddable":true,"href":"https:\/\/staging.safetysourcefire.ca\/fr_ca\/wp-json\/wp\/v2\/product_tag?post=26496"}],"curies":[{"name":"wp","href":"https:\/\/api.w.org\/{rel}","templated":true}]}}