{"id":26483,"date":"2022-03-07T19:23:50","date_gmt":"2022-03-07T19:23:50","guid":{"rendered":"https:\/\/safetysourcefire.ca\/?post_type=product&#038;p=26483"},"modified":"2025-01-20T15:26:41","modified_gmt":"2025-01-20T15:26:41","slug":"ranger-series-bt1500","status":"publish","type":"product","link":"https:\/\/staging.safetysourcefire.ca\/fr_ca\/produit\/ranger-series-bt1500\/","title":{"rendered":"Bottes Ranger\u2122 BT1500"},"content":{"rendered":"<p>Le bout spacieux fait en acier offre un confort suppl\u00e9mentaire. Les plaques inf\u00e9rieures et les tiges en acier offrent une protection in\u00e9gal\u00e9e contre les chocs, la compression et les perforations.<\/p>\n<p>Caract\u00e9ristiques et avantages:<\/p>\n<ul>\n<li>En caoutchouc, facile \u00e0 enfiler -16 \u2033<\/li>\n<li>Efficaces contre les \u00e9claboussures structurelles et les liquides<\/li>\n<li>Poids (environ) 7,0 lb<\/li>\n<li>Fabriqu\u00e9 en Am\u00e9rique du Nord<\/li>\n<li>Largeurs\u00a0: \u00e9troites, moyennes et larges  \/ Pointures disponibles : 5 \u00e0 16 (demi-pointures disponibles)<\/li>\n<\/ul>\n<p>Certificats\u00a0:<\/p>\n<ul>\n<li>NFPA 1971<\/li>\n<li>NFPA 1992<\/li>\n<li>Protocole CSA et Mustard HD TOP-8-2-501 (1 h)<\/li>\n<\/ul>","protected":false},"excerpt":{"rendered":"<p>Ce mod\u00e8le isol\u00e9 et l\u00e9ger est dot\u00e9 d'une doublure en Kevlar\u00ae\/Nomex\u00ae ainsi que d'un prot\u00e8ge-tibia.<\/p>\n<div class=\"boxedtext\">\n<p><span style=\"color: #cc0000;\"><strong>LIQUIDATION EN STOCK<br \/>\n<\/strong><\/span><em>Quantit\u00e9s et tailles limit\u00e9es disponibles \u00e0 des prix de liquidation. Veuillez noter : les ventes d&#039;articles en liquidation sont d\u00e9finitives ; aucun \u00e9change ni retour. Veuillez demander un devis pour d&#039;autres tailles.<\/em><\/p>\n<p class=\"x_MsoNormal\">$125 par paire<\/p>\n<ul>\n<li class=\"x_MsoNormal\" style=\"text-align: left;\">(5) 12.5 Moyen (2020)<\/li>\n<li class=\"x_MsoNormal\" style=\"text-align: left;\">(6) 13 Moyen (2020)<\/li>\n<li class=\"x_MsoNormal\" style=\"text-align: left;\">(5) 14 Moyen (2020)<\/li>\n<li class=\"x_MsoNormal\" style=\"text-align: left;\">(2) 8 Large (2019)<\/li>\n<li class=\"x_MsoNormal\" style=\"text-align: left;\">(1) 10 Large (2020)<\/li>\n<li class=\"x_MsoNormal\" style=\"text-align: left;\">(2) 12 Large (2020)<\/li>\n<li class=\"x_MsoNormal\" style=\"text-align: left;\">(1) 14 Large (2020)<\/li>\n<\/ul>\n<\/div>","protected":false},"featured_media":26485,"template":"","meta":[],"product_brand":[237],"product_cat":[121,43,50],"product_tag":[310],"class_list":{"0":"post-26483","1":"product","2":"type-product","3":"status-publish","4":"has-post-thumbnail","6":"product_brand-honeywell","7":"product_cat-boots","8":"product_cat-clearance","9":"product_cat-personal-protective-equipment","10":"product_tag-honeywell","12":"first","13":"instock","14":"shipping-taxable","15":"product-type-simple"},"yoast_head":"<!-- This site is optimized with the Yoast SEO plugin v27.4 - https:\/\/yoast.com\/product\/yoast-seo-wordpress\/ -->\n<title>Ranger\u2122 Series BT1500 - Safety Source Fire<\/title>\n<meta name=\"robots\" content=\"noindex, follow, max-snippet:-1, max-image-preview:large, max-video-preview:-1\" \/>\n<meta property=\"og:locale\" content=\"fr_CA\" \/>\n<meta property=\"og:type\" content=\"article\" \/>\n<meta property=\"og:title\" content=\"Ranger\u2122 Series BT1500 - Safety Source Fire\" \/>\n<meta property=\"og:description\" content=\"Insulated and lightweight model features Kevlar\u00ae\/Nomex\u00ae lining and is equipped with a shinguard for additional ladder-rung shin protection.   IN-STOCK CLEARANCE Limited quantities and sizes available at clearance prices. Please note: Clearance item sales are final; no exchanges or returns. Please request a quote for other sizes. $125 per pair    (5) 12.5 Medium (2020)  (6) 13 Medium (2020)  (5) 14 Medium (2020)  (2) 8 Wide (2019)  (1) 10 Wide (2020)  (2) 12 Wide (2020)  (1) 14 Wide (2020)\" \/>\n<meta property=\"og:url\" content=\"https:\/\/staging.safetysourcefire.ca\/fr_ca\/produit\/ranger-series-bt1500\/\" \/>\n<meta property=\"og:site_name\" content=\"Safety Source Fire\" \/>\n<meta property=\"article:publisher\" content=\"https:\/\/www.facebook.com\/mmfssca\" \/>\n<meta property=\"article:modified_time\" content=\"2025-01-20T15:26:41+00:00\" \/>\n<meta property=\"og:image\" content=\"https:\/\/staging.safetysourcefire.ca\/wp-content\/uploads\/2022\/03\/HIS-BT1500-2.jpg\" \/>\n\t<meta property=\"og:image:width\" content=\"600\" \/>\n\t<meta property=\"og:image:height\" content=\"600\" \/>\n\t<meta property=\"og:image:type\" content=\"image\/jpeg\" \/>\n<meta name=\"twitter:card\" content=\"summary_large_image\" \/>\n<meta name=\"twitter:site\" content=\"@mmfssca\" \/>\n<meta name=\"twitter:label1\" content=\"Estimation du temps de lecture\" \/>\n\t<meta name=\"twitter:data1\" content=\"1 minute\" \/>\n<script type=\"application\/ld+json\" class=\"yoast-schema-graph\">{\"@context\":\"https:\\\/\\\/schema.org\",\"@graph\":[{\"@type\":\"WebPage\",\"@id\":\"https:\\\/\\\/staging.safetysourcefire.ca\\\/product\\\/ranger-series-bt1500\\\/\",\"url\":\"https:\\\/\\\/staging.safetysourcefire.ca\\\/product\\\/ranger-series-bt1500\\\/\",\"name\":\"Ranger\u2122 Series BT1500 - Safety Source Fire\",\"isPartOf\":{\"@id\":\"https:\\\/\\\/staging.safetysourcefire.ca\\\/#website\"},\"primaryImageOfPage\":{\"@id\":\"https:\\\/\\\/staging.safetysourcefire.ca\\\/product\\\/ranger-series-bt1500\\\/#primaryimage\"},\"image\":{\"@id\":\"https:\\\/\\\/staging.safetysourcefire.ca\\\/product\\\/ranger-series-bt1500\\\/#primaryimage\"},\"thumbnailUrl\":\"https:\\\/\\\/staging.safetysourcefire.ca\\\/wp-content\\\/uploads\\\/2022\\\/03\\\/HIS-BT1500-2.jpg\",\"datePublished\":\"2022-03-07T19:23:50+00:00\",\"dateModified\":\"2025-01-20T15:26:41+00:00\",\"breadcrumb\":{\"@id\":\"https:\\\/\\\/staging.safetysourcefire.ca\\\/product\\\/ranger-series-bt1500\\\/#breadcrumb\"},\"inLanguage\":\"fr-CA\",\"potentialAction\":[{\"@type\":\"ReadAction\",\"target\":[\"https:\\\/\\\/staging.safetysourcefire.ca\\\/product\\\/ranger-series-bt1500\\\/\"]}]},{\"@type\":\"ImageObject\",\"inLanguage\":\"fr-CA\",\"@id\":\"https:\\\/\\\/staging.safetysourcefire.ca\\\/product\\\/ranger-series-bt1500\\\/#primaryimage\",\"url\":\"https:\\\/\\\/staging.safetysourcefire.ca\\\/wp-content\\\/uploads\\\/2022\\\/03\\\/HIS-BT1500-2.jpg\",\"contentUrl\":\"https:\\\/\\\/staging.safetysourcefire.ca\\\/wp-content\\\/uploads\\\/2022\\\/03\\\/HIS-BT1500-2.jpg\",\"width\":600,\"height\":600,\"caption\":\"BT1500 boot\"},{\"@type\":\"BreadcrumbList\",\"@id\":\"https:\\\/\\\/staging.safetysourcefire.ca\\\/product\\\/ranger-series-bt1500\\\/#breadcrumb\",\"itemListElement\":[{\"@type\":\"ListItem\",\"position\":1,\"name\":\"Home\",\"item\":\"https:\\\/\\\/staging.safetysourcefire.ca\\\/\"},{\"@type\":\"ListItem\",\"position\":2,\"name\":\"Products\",\"item\":\"https:\\\/\\\/staging.safetysourcefire.ca\\\/shop\\\/\"},{\"@type\":\"ListItem\",\"position\":3,\"name\":\"Ranger\u2122 Series BT1500\"}]},{\"@type\":\"WebSite\",\"@id\":\"https:\\\/\\\/staging.safetysourcefire.ca\\\/#website\",\"url\":\"https:\\\/\\\/staging.safetysourcefire.ca\\\/\",\"name\":\"Safety Source Fire\",\"description\":\"\",\"publisher\":{\"@id\":\"https:\\\/\\\/staging.safetysourcefire.ca\\\/#organization\"},\"potentialAction\":[{\"@type\":\"SearchAction\",\"target\":{\"@type\":\"EntryPoint\",\"urlTemplate\":\"https:\\\/\\\/staging.safetysourcefire.ca\\\/?s={search_term_string}\"},\"query-input\":{\"@type\":\"PropertyValueSpecification\",\"valueRequired\":true,\"valueName\":\"search_term_string\"}}],\"inLanguage\":\"fr-CA\"},{\"@type\":\"Organization\",\"@id\":\"https:\\\/\\\/staging.safetysourcefire.ca\\\/#organization\",\"name\":\"Safety Source Fire\",\"url\":\"https:\\\/\\\/staging.safetysourcefire.ca\\\/\",\"logo\":{\"@type\":\"ImageObject\",\"inLanguage\":\"fr-CA\",\"@id\":\"https:\\\/\\\/staging.safetysourcefire.ca\\\/#\\\/schema\\\/logo\\\/image\\\/\",\"url\":\"https:\\\/\\\/staging.safetysourcefire.ca\\\/wp-content\\\/uploads\\\/2021\\\/01\\\/SSF_logo_CC0000-3.png\",\"contentUrl\":\"https:\\\/\\\/staging.safetysourcefire.ca\\\/wp-content\\\/uploads\\\/2021\\\/01\\\/SSF_logo_CC0000-3.png\",\"width\":1107,\"height\":365,\"caption\":\"Safety Source Fire\"},\"image\":{\"@id\":\"https:\\\/\\\/staging.safetysourcefire.ca\\\/#\\\/schema\\\/logo\\\/image\\\/\"},\"sameAs\":[\"https:\\\/\\\/www.facebook.com\\\/mmfssca\",\"https:\\\/\\\/x.com\\\/mmfssca\"]}]}<\/script>\n<!-- \/ Yoast SEO plugin. -->","yoast_head_json":{"title":"Ranger\u2122 S\u00e9rie BT1500 - Source de s\u00e9curit\u00e9 incendie","robots":{"index":"noindex","follow":"follow","max-snippet":"max-snippet:-1","max-image-preview":"max-image-preview:large","max-video-preview":"max-video-preview:-1"},"og_locale":"fr_CA","og_type":"article","og_title":"Ranger\u2122 Series BT1500 - Safety Source Fire","og_description":"Insulated and lightweight model features Kevlar\u00ae\/Nomex\u00ae lining and is equipped with a shinguard for additional ladder-rung shin protection.   IN-STOCK CLEARANCE Limited quantities and sizes available at clearance prices. Please note: Clearance item sales are final; no exchanges or returns. Please request a quote for other sizes. $125 per pair    (5) 12.5 Medium (2020)  (6) 13 Medium (2020)  (5) 14 Medium (2020)  (2) 8 Wide (2019)  (1) 10 Wide (2020)  (2) 12 Wide (2020)  (1) 14 Wide (2020)","og_url":"https:\/\/staging.safetysourcefire.ca\/fr_ca\/produit\/ranger-series-bt1500\/","og_site_name":"Safety Source Fire","article_publisher":"https:\/\/www.facebook.com\/mmfssca","article_modified_time":"2025-01-20T15:26:41+00:00","og_image":[{"width":600,"height":600,"url":"https:\/\/staging.safetysourcefire.ca\/wp-content\/uploads\/2022\/03\/HIS-BT1500-2.jpg","type":"image\/jpeg"}],"twitter_card":"summary_large_image","twitter_site":"@mmfssca","twitter_misc":{"Estimation du temps de lecture":"1 minute"},"schema":{"@context":"https:\/\/schema.org","@graph":[{"@type":"WebPage","@id":"https:\/\/staging.safetysourcefire.ca\/product\/ranger-series-bt1500\/","url":"https:\/\/staging.safetysourcefire.ca\/product\/ranger-series-bt1500\/","name":"Ranger\u2122 S\u00e9rie BT1500 - Source de s\u00e9curit\u00e9 incendie","isPartOf":{"@id":"https:\/\/staging.safetysourcefire.ca\/#website"},"primaryImageOfPage":{"@id":"https:\/\/staging.safetysourcefire.ca\/product\/ranger-series-bt1500\/#primaryimage"},"image":{"@id":"https:\/\/staging.safetysourcefire.ca\/product\/ranger-series-bt1500\/#primaryimage"},"thumbnailUrl":"https:\/\/staging.safetysourcefire.ca\/wp-content\/uploads\/2022\/03\/HIS-BT1500-2.jpg","datePublished":"2022-03-07T19:23:50+00:00","dateModified":"2025-01-20T15:26:41+00:00","breadcrumb":{"@id":"https:\/\/staging.safetysourcefire.ca\/product\/ranger-series-bt1500\/#breadcrumb"},"inLanguage":"fr-CA","potentialAction":[{"@type":"ReadAction","target":["https:\/\/staging.safetysourcefire.ca\/product\/ranger-series-bt1500\/"]}]},{"@type":"ImageObject","inLanguage":"fr-CA","@id":"https:\/\/staging.safetysourcefire.ca\/product\/ranger-series-bt1500\/#primaryimage","url":"https:\/\/staging.safetysourcefire.ca\/wp-content\/uploads\/2022\/03\/HIS-BT1500-2.jpg","contentUrl":"https:\/\/staging.safetysourcefire.ca\/wp-content\/uploads\/2022\/03\/HIS-BT1500-2.jpg","width":600,"height":600,"caption":"BT1500 boot"},{"@type":"BreadcrumbList","@id":"https:\/\/staging.safetysourcefire.ca\/product\/ranger-series-bt1500\/#breadcrumb","itemListElement":[{"@type":"ListItem","position":1,"name":"Home","item":"https:\/\/staging.safetysourcefire.ca\/"},{"@type":"ListItem","position":2,"name":"Products","item":"https:\/\/staging.safetysourcefire.ca\/shop\/"},{"@type":"ListItem","position":3,"name":"Ranger\u2122 Series BT1500"}]},{"@type":"WebSite","@id":"https:\/\/staging.safetysourcefire.ca\/#website","url":"https:\/\/staging.safetysourcefire.ca\/","name":"Safety Source Fire","description":"","publisher":{"@id":"https:\/\/staging.safetysourcefire.ca\/#organization"},"potentialAction":[{"@type":"SearchAction","target":{"@type":"EntryPoint","urlTemplate":"https:\/\/staging.safetysourcefire.ca\/?s={search_term_string}"},"query-input":{"@type":"PropertyValueSpecification","valueRequired":true,"valueName":"search_term_string"}}],"inLanguage":"fr-CA"},{"@type":"Organization","@id":"https:\/\/staging.safetysourcefire.ca\/#organization","name":"Safety Source Fire","url":"https:\/\/staging.safetysourcefire.ca\/","logo":{"@type":"ImageObject","inLanguage":"fr-CA","@id":"https:\/\/staging.safetysourcefire.ca\/#\/schema\/logo\/image\/","url":"https:\/\/staging.safetysourcefire.ca\/wp-content\/uploads\/2021\/01\/SSF_logo_CC0000-3.png","contentUrl":"https:\/\/staging.safetysourcefire.ca\/wp-content\/uploads\/2021\/01\/SSF_logo_CC0000-3.png","width":1107,"height":365,"caption":"Safety Source Fire"},"image":{"@id":"https:\/\/staging.safetysourcefire.ca\/#\/schema\/logo\/image\/"},"sameAs":["https:\/\/www.facebook.com\/mmfssca","https:\/\/x.com\/mmfssca"]}]}},"_links":{"self":[{"href":"https:\/\/staging.safetysourcefire.ca\/fr_ca\/wp-json\/wp\/v2\/product\/26483","targetHints":{"allow":["GET"]}}],"collection":[{"href":"https:\/\/staging.safetysourcefire.ca\/fr_ca\/wp-json\/wp\/v2\/product"}],"about":[{"href":"https:\/\/staging.safetysourcefire.ca\/fr_ca\/wp-json\/wp\/v2\/types\/product"}],"wp:featuredmedia":[{"embeddable":true,"href":"https:\/\/staging.safetysourcefire.ca\/fr_ca\/wp-json\/wp\/v2\/media\/26485"}],"wp:attachment":[{"href":"https:\/\/staging.safetysourcefire.ca\/fr_ca\/wp-json\/wp\/v2\/media?parent=26483"}],"wp:term":[{"taxonomy":"product_brand","embeddable":true,"href":"https:\/\/staging.safetysourcefire.ca\/fr_ca\/wp-json\/wp\/v2\/product_brand?post=26483"},{"taxonomy":"product_cat","embeddable":true,"href":"https:\/\/staging.safetysourcefire.ca\/fr_ca\/wp-json\/wp\/v2\/product_cat?post=26483"},{"taxonomy":"product_tag","embeddable":true,"href":"https:\/\/staging.safetysourcefire.ca\/fr_ca\/wp-json\/wp\/v2\/product_tag?post=26483"}],"curies":[{"name":"wp","href":"https:\/\/api.w.org\/{rel}","templated":true}]}}