{"id":26413,"date":"2022-02-07T16:23:36","date_gmt":"2022-02-07T16:23:36","guid":{"rendered":"https:\/\/safetysourcefire.ca\/?post_type=product&#038;p=26413"},"modified":"2022-02-07T16:27:27","modified_gmt":"2022-02-07T16:27:27","slug":"premium-duty-hand-crank-hose-reel-2","status":"publish","type":"product","link":"https:\/\/staging.safetysourcefire.ca\/fr_ca\/produit\/premium-duty-hand-crank-hose-reel-2\/","title":{"rendered":"Enrouleur de tuyau haut de gamme \u00e0 manivelle (CA30112 L)"},"content":{"rendered":"<p>Une construction unifi\u00e9e enti\u00e8rement boulonn\u00e9e et sans soudures, un cadre en acier \u00e9pais, une bobine solide ainsi qu'un tambour garantissent la longue dur\u00e9e de vie de ce produit. REMARQUE : L'enrouleur est utilis\u00e9 uniquement pour le stockage du tuyau et ne permet pas au liquide de s'\u00e9couler tant qu'il est encore sur l'enrouleur. Le tuyau doit \u00eatre retir\u00e9 de l'enrouleur pour \u00eatre connect\u00e9 et utilis\u00e9.<\/p>\n<ul>\n<li>Finition de qualit\u00e9 et r\u00e9sistant \u00e0 la corrosion - Les composants individuellement rev\u00eatus de poudre offrent une protection maximale contre la corrosion pr\u00e9matur\u00e9e.<\/li>\n<li>Acier renforc\u00e9 - La base en acier soud\u00e9e par robot offre une r\u00e9sistance maximale et une qualit\u00e9 constante.<\/li>\n<li>Remplacement facile du tuyau - le col peut \u00eatre facilement retir\u00e9 pour simplifier l'ajout de longs de tuyau \u00e0 l'enrouleur.<\/li>\n<li>Ajout facile de tension additionnelle - Le dispositif de tension \u00e0 poign\u00e9e en T permet d'appliquer une tension appropri\u00e9e \u00e0 la bobine pour \u00e9liminer l'enroulement libre de la bobine.<\/li>\n<\/ul>\n<p><a href=\"https:\/\/www.reelcraft.com\/wp-content\/uploads\/reelcraft_catalog.pdf\">Cliquez ici pour t\u00e9l\u00e9charger l&#039;int\u00e9gralit\u00e9 du catalogue Reelcraft (8,0 Mo)<\/a><\/p>","protected":false},"excerpt":{"rendered":"<p>Les enrouleurs Reelcraft s\u00e9rie 30000 sont con\u00e7us pour les applications robustes et intensives n\u00e9cessitant de grandes longueurs de tuyau et une grande capacit\u00e9 de stockage.<\/p>","protected":false},"featured_media":26410,"template":"","meta":[],"product_brand":[578],"product_cat":[44,181],"product_tag":[585],"class_list":{"0":"post-26413","1":"product","2":"type-product","3":"status-publish","4":"has-post-thumbnail","6":"product_brand-reelcraft","7":"product_cat-fire-suppression","8":"product_cat-storage","9":"product_tag-reelcraft","11":"first","12":"instock","13":"shipping-taxable","14":"product-type-simple"},"yoast_head":"<!-- This site is optimized with the Yoast SEO plugin v27.4 - https:\/\/yoast.com\/product\/yoast-seo-wordpress\/ -->\n<title>Premium Duty Hand Crank Hose Reel (CA30112 L) - Safety Source Fire<\/title>\n<meta name=\"robots\" content=\"noindex, follow, max-snippet:-1, max-image-preview:large, max-video-preview:-1\" \/>\n<meta property=\"og:locale\" content=\"fr_CA\" \/>\n<meta property=\"og:type\" content=\"article\" \/>\n<meta property=\"og:title\" content=\"Premium Duty Hand Crank Hose Reel (CA30112 L) - Safety Source Fire\" \/>\n<meta property=\"og:description\" content=\"Reelcraft Series 30000 reels are designed for rugged, heavy-duty applications requiring long lengths of hose and large storage capacity.\" \/>\n<meta property=\"og:url\" content=\"https:\/\/staging.safetysourcefire.ca\/fr_ca\/produit\/premium-duty-hand-crank-hose-reel-2\/\" \/>\n<meta property=\"og:site_name\" content=\"Safety Source Fire\" \/>\n<meta property=\"article:publisher\" content=\"https:\/\/www.facebook.com\/mmfssca\" \/>\n<meta property=\"article:modified_time\" content=\"2022-02-07T16:27:27+00:00\" \/>\n<meta property=\"og:image\" content=\"https:\/\/staging.safetysourcefire.ca\/wp-content\/uploads\/2022\/02\/CA33112_L.jpg\" \/>\n\t<meta property=\"og:image:width\" content=\"600\" \/>\n\t<meta property=\"og:image:height\" content=\"600\" \/>\n\t<meta property=\"og:image:type\" content=\"image\/jpeg\" \/>\n<meta name=\"twitter:card\" content=\"summary_large_image\" \/>\n<meta name=\"twitter:site\" content=\"@mmfssca\" \/>\n<meta name=\"twitter:label1\" content=\"Estimation du temps de lecture\" \/>\n\t<meta name=\"twitter:data1\" content=\"1 minute\" \/>\n<script type=\"application\/ld+json\" class=\"yoast-schema-graph\">{\"@context\":\"https:\\\/\\\/schema.org\",\"@graph\":[{\"@type\":\"WebPage\",\"@id\":\"https:\\\/\\\/staging.safetysourcefire.ca\\\/product\\\/premium-duty-hand-crank-hose-reel-2\\\/\",\"url\":\"https:\\\/\\\/staging.safetysourcefire.ca\\\/product\\\/premium-duty-hand-crank-hose-reel-2\\\/\",\"name\":\"Premium Duty Hand Crank Hose Reel (CA30112 L) - Safety Source Fire\",\"isPartOf\":{\"@id\":\"https:\\\/\\\/staging.safetysourcefire.ca\\\/#website\"},\"primaryImageOfPage\":{\"@id\":\"https:\\\/\\\/staging.safetysourcefire.ca\\\/product\\\/premium-duty-hand-crank-hose-reel-2\\\/#primaryimage\"},\"image\":{\"@id\":\"https:\\\/\\\/staging.safetysourcefire.ca\\\/product\\\/premium-duty-hand-crank-hose-reel-2\\\/#primaryimage\"},\"thumbnailUrl\":\"https:\\\/\\\/staging.safetysourcefire.ca\\\/wp-content\\\/uploads\\\/2022\\\/02\\\/CA33112_L.jpg\",\"datePublished\":\"2022-02-07T16:23:36+00:00\",\"dateModified\":\"2022-02-07T16:27:27+00:00\",\"breadcrumb\":{\"@id\":\"https:\\\/\\\/staging.safetysourcefire.ca\\\/product\\\/premium-duty-hand-crank-hose-reel-2\\\/#breadcrumb\"},\"inLanguage\":\"fr-CA\",\"potentialAction\":[{\"@type\":\"ReadAction\",\"target\":[\"https:\\\/\\\/staging.safetysourcefire.ca\\\/product\\\/premium-duty-hand-crank-hose-reel-2\\\/\"]}]},{\"@type\":\"ImageObject\",\"inLanguage\":\"fr-CA\",\"@id\":\"https:\\\/\\\/staging.safetysourcefire.ca\\\/product\\\/premium-duty-hand-crank-hose-reel-2\\\/#primaryimage\",\"url\":\"https:\\\/\\\/staging.safetysourcefire.ca\\\/wp-content\\\/uploads\\\/2022\\\/02\\\/CA33112_L.jpg\",\"contentUrl\":\"https:\\\/\\\/staging.safetysourcefire.ca\\\/wp-content\\\/uploads\\\/2022\\\/02\\\/CA33112_L.jpg\",\"width\":600,\"height\":600,\"caption\":\"hose reel\"},{\"@type\":\"BreadcrumbList\",\"@id\":\"https:\\\/\\\/staging.safetysourcefire.ca\\\/product\\\/premium-duty-hand-crank-hose-reel-2\\\/#breadcrumb\",\"itemListElement\":[{\"@type\":\"ListItem\",\"position\":1,\"name\":\"Home\",\"item\":\"https:\\\/\\\/staging.safetysourcefire.ca\\\/\"},{\"@type\":\"ListItem\",\"position\":2,\"name\":\"Products\",\"item\":\"https:\\\/\\\/staging.safetysourcefire.ca\\\/shop\\\/\"},{\"@type\":\"ListItem\",\"position\":3,\"name\":\"Premium Duty Hand Crank Hose Reel (CA30112 L)\"}]},{\"@type\":\"WebSite\",\"@id\":\"https:\\\/\\\/staging.safetysourcefire.ca\\\/#website\",\"url\":\"https:\\\/\\\/staging.safetysourcefire.ca\\\/\",\"name\":\"Safety Source Fire\",\"description\":\"\",\"publisher\":{\"@id\":\"https:\\\/\\\/staging.safetysourcefire.ca\\\/#organization\"},\"potentialAction\":[{\"@type\":\"SearchAction\",\"target\":{\"@type\":\"EntryPoint\",\"urlTemplate\":\"https:\\\/\\\/staging.safetysourcefire.ca\\\/?s={search_term_string}\"},\"query-input\":{\"@type\":\"PropertyValueSpecification\",\"valueRequired\":true,\"valueName\":\"search_term_string\"}}],\"inLanguage\":\"fr-CA\"},{\"@type\":\"Organization\",\"@id\":\"https:\\\/\\\/staging.safetysourcefire.ca\\\/#organization\",\"name\":\"Safety Source Fire\",\"url\":\"https:\\\/\\\/staging.safetysourcefire.ca\\\/\",\"logo\":{\"@type\":\"ImageObject\",\"inLanguage\":\"fr-CA\",\"@id\":\"https:\\\/\\\/staging.safetysourcefire.ca\\\/#\\\/schema\\\/logo\\\/image\\\/\",\"url\":\"https:\\\/\\\/staging.safetysourcefire.ca\\\/wp-content\\\/uploads\\\/2021\\\/01\\\/SSF_logo_CC0000-3.png\",\"contentUrl\":\"https:\\\/\\\/staging.safetysourcefire.ca\\\/wp-content\\\/uploads\\\/2021\\\/01\\\/SSF_logo_CC0000-3.png\",\"width\":1107,\"height\":365,\"caption\":\"Safety Source Fire\"},\"image\":{\"@id\":\"https:\\\/\\\/staging.safetysourcefire.ca\\\/#\\\/schema\\\/logo\\\/image\\\/\"},\"sameAs\":[\"https:\\\/\\\/www.facebook.com\\\/mmfssca\",\"https:\\\/\\\/x.com\\\/mmfssca\"]}]}<\/script>\n<!-- \/ Yoast SEO plugin. -->","yoast_head_json":{"title":"Enrouleur de tuyau manuel de qualit\u00e9 sup\u00e9rieure (CA30112 L) - Safety Source Fire","robots":{"index":"noindex","follow":"follow","max-snippet":"max-snippet:-1","max-image-preview":"max-image-preview:large","max-video-preview":"max-video-preview:-1"},"og_locale":"fr_CA","og_type":"article","og_title":"Premium Duty Hand Crank Hose Reel (CA30112 L) - Safety Source Fire","og_description":"Reelcraft Series 30000 reels are designed for rugged, heavy-duty applications requiring long lengths of hose and large storage capacity.","og_url":"https:\/\/staging.safetysourcefire.ca\/fr_ca\/produit\/premium-duty-hand-crank-hose-reel-2\/","og_site_name":"Safety Source Fire","article_publisher":"https:\/\/www.facebook.com\/mmfssca","article_modified_time":"2022-02-07T16:27:27+00:00","og_image":[{"width":600,"height":600,"url":"https:\/\/staging.safetysourcefire.ca\/wp-content\/uploads\/2022\/02\/CA33112_L.jpg","type":"image\/jpeg"}],"twitter_card":"summary_large_image","twitter_site":"@mmfssca","twitter_misc":{"Estimation du temps de lecture":"1 minute"},"schema":{"@context":"https:\/\/schema.org","@graph":[{"@type":"WebPage","@id":"https:\/\/staging.safetysourcefire.ca\/product\/premium-duty-hand-crank-hose-reel-2\/","url":"https:\/\/staging.safetysourcefire.ca\/product\/premium-duty-hand-crank-hose-reel-2\/","name":"Enrouleur de tuyau manuel de qualit\u00e9 sup\u00e9rieure (CA30112 L) - Safety Source Fire","isPartOf":{"@id":"https:\/\/staging.safetysourcefire.ca\/#website"},"primaryImageOfPage":{"@id":"https:\/\/staging.safetysourcefire.ca\/product\/premium-duty-hand-crank-hose-reel-2\/#primaryimage"},"image":{"@id":"https:\/\/staging.safetysourcefire.ca\/product\/premium-duty-hand-crank-hose-reel-2\/#primaryimage"},"thumbnailUrl":"https:\/\/staging.safetysourcefire.ca\/wp-content\/uploads\/2022\/02\/CA33112_L.jpg","datePublished":"2022-02-07T16:23:36+00:00","dateModified":"2022-02-07T16:27:27+00:00","breadcrumb":{"@id":"https:\/\/staging.safetysourcefire.ca\/product\/premium-duty-hand-crank-hose-reel-2\/#breadcrumb"},"inLanguage":"fr-CA","potentialAction":[{"@type":"ReadAction","target":["https:\/\/staging.safetysourcefire.ca\/product\/premium-duty-hand-crank-hose-reel-2\/"]}]},{"@type":"ImageObject","inLanguage":"fr-CA","@id":"https:\/\/staging.safetysourcefire.ca\/product\/premium-duty-hand-crank-hose-reel-2\/#primaryimage","url":"https:\/\/staging.safetysourcefire.ca\/wp-content\/uploads\/2022\/02\/CA33112_L.jpg","contentUrl":"https:\/\/staging.safetysourcefire.ca\/wp-content\/uploads\/2022\/02\/CA33112_L.jpg","width":600,"height":600,"caption":"hose reel"},{"@type":"BreadcrumbList","@id":"https:\/\/staging.safetysourcefire.ca\/product\/premium-duty-hand-crank-hose-reel-2\/#breadcrumb","itemListElement":[{"@type":"ListItem","position":1,"name":"Home","item":"https:\/\/staging.safetysourcefire.ca\/"},{"@type":"ListItem","position":2,"name":"Products","item":"https:\/\/staging.safetysourcefire.ca\/shop\/"},{"@type":"ListItem","position":3,"name":"Premium Duty Hand Crank Hose Reel (CA30112 L)"}]},{"@type":"WebSite","@id":"https:\/\/staging.safetysourcefire.ca\/#website","url":"https:\/\/staging.safetysourcefire.ca\/","name":"Safety Source Fire","description":"","publisher":{"@id":"https:\/\/staging.safetysourcefire.ca\/#organization"},"potentialAction":[{"@type":"SearchAction","target":{"@type":"EntryPoint","urlTemplate":"https:\/\/staging.safetysourcefire.ca\/?s={search_term_string}"},"query-input":{"@type":"PropertyValueSpecification","valueRequired":true,"valueName":"search_term_string"}}],"inLanguage":"fr-CA"},{"@type":"Organization","@id":"https:\/\/staging.safetysourcefire.ca\/#organization","name":"Safety Source Fire","url":"https:\/\/staging.safetysourcefire.ca\/","logo":{"@type":"ImageObject","inLanguage":"fr-CA","@id":"https:\/\/staging.safetysourcefire.ca\/#\/schema\/logo\/image\/","url":"https:\/\/staging.safetysourcefire.ca\/wp-content\/uploads\/2021\/01\/SSF_logo_CC0000-3.png","contentUrl":"https:\/\/staging.safetysourcefire.ca\/wp-content\/uploads\/2021\/01\/SSF_logo_CC0000-3.png","width":1107,"height":365,"caption":"Safety Source Fire"},"image":{"@id":"https:\/\/staging.safetysourcefire.ca\/#\/schema\/logo\/image\/"},"sameAs":["https:\/\/www.facebook.com\/mmfssca","https:\/\/x.com\/mmfssca"]}]}},"_links":{"self":[{"href":"https:\/\/staging.safetysourcefire.ca\/fr_ca\/wp-json\/wp\/v2\/product\/26413","targetHints":{"allow":["GET"]}}],"collection":[{"href":"https:\/\/staging.safetysourcefire.ca\/fr_ca\/wp-json\/wp\/v2\/product"}],"about":[{"href":"https:\/\/staging.safetysourcefire.ca\/fr_ca\/wp-json\/wp\/v2\/types\/product"}],"wp:featuredmedia":[{"embeddable":true,"href":"https:\/\/staging.safetysourcefire.ca\/fr_ca\/wp-json\/wp\/v2\/media\/26410"}],"wp:attachment":[{"href":"https:\/\/staging.safetysourcefire.ca\/fr_ca\/wp-json\/wp\/v2\/media?parent=26413"}],"wp:term":[{"taxonomy":"product_brand","embeddable":true,"href":"https:\/\/staging.safetysourcefire.ca\/fr_ca\/wp-json\/wp\/v2\/product_brand?post=26413"},{"taxonomy":"product_cat","embeddable":true,"href":"https:\/\/staging.safetysourcefire.ca\/fr_ca\/wp-json\/wp\/v2\/product_cat?post=26413"},{"taxonomy":"product_tag","embeddable":true,"href":"https:\/\/staging.safetysourcefire.ca\/fr_ca\/wp-json\/wp\/v2\/product_tag?post=26413"}],"curies":[{"name":"wp","href":"https:\/\/api.w.org\/{rel}","templated":true}]}}