{"id":26353,"date":"2022-01-31T15:05:41","date_gmt":"2022-01-31T15:05:41","guid":{"rendered":"https:\/\/safetysourcefire.ca\/?post_type=product&#038;p=26353"},"modified":"2022-01-31T15:05:41","modified_gmt":"2022-01-31T15:05:41","slug":"glow-baton-traffic-control-marshalling-wand","status":"publish","type":"product","link":"https:\/\/staging.safetysourcefire.ca\/fr_ca\/produit\/glow-baton-traffic-control-marshalling-wand\/","title":{"rendered":"Glow Baton\u00ae"},"content":{"rendered":"<ul>\n<li>Glow Baton\u00ae est r\u00e9sistant \u00e0 l&#039;eau et visible de toutes les directions<\/li>\n<li>Disponible en plusieurs couleurs de LED, y compris plusieurs couleurs dans le m\u00eame Glow Baton\u00ae<\/li>\n<li>Mod\u00e8le bicolore rouge-vert populaire pour le contr\u00f4le du trafic<\/li>\n<li>Options possibles d'embout magn\u00e9tique et base en caoutchouc (vendus s\u00e9par\u00e9ment)<\/li>\n<\/ul>\n<p>Caract\u00e9ristiques du Glow Baton\u00ae\u00a0:<\/p>\n<ul>\n<li>LED lumineuses, disponibles en plusieurs couleurs<\/li>\n<li>Grand corps tubulaire lumineux<\/li>\n<li>Bouton-poussoir unique Marche\/Arr\u00eat<\/li>\n<li>Couleurs disponibles: rouge, blanc, bleu, vert, ambre\/jaune<\/li>\n<li>Modes de fonctionnement 'Glow-only' ou 'Glow-Flash-Strobe' (brillance continue ou intermittente)<\/li>\n<li>Poign\u00e9e en caoutchouc antid\u00e9rapante<\/li>\n<li>\u00c9conomique (pas d'ampoules \u00e0 remplacer)<\/li>\n<li>R\u00e9sistant \u00e0 l&#039;eau, r\u00e9sistant aux chutes<\/li>\n<li>Plastique durable de qualit\u00e9 industrielle<\/li>\n<li>Aliment\u00e9 par 2 piles alcalines C-Cell<\/li>\n<li>Jusqu&#039;\u00e0 72 heures d&#039;utilisation continue en mode lumineux<\/li>\n<li>Jusqu'\u00e0 140 heures d'utilisation continue en mode stroboscopique ou c.ignotant<\/li>\n<\/ul>\n<p>Utilisations possibles :<\/p>\n<ul>\n<li>Contr\u00f4le de la circulation<\/li>\n<li>Contr\u00f4le des foules dans les \u00e9v\u00e9nements<\/li>\n<li>Interventions des pompiers et de la police<\/li>\n<li>Fus\u00e9e \u00e9clairante en bordure de route<\/li>\n<li>Chantiers<\/li>\n<li>Op\u00e9rations militaires<\/li>\n<li>Recherche et sauvetage<\/li>\n<li>Signalisation marine<\/li>\n<li>Stationnement \u00e9v\u00e9nementiel<\/li>\n<li>Signalisation a\u00e9rienne<\/li>\n<\/ul>","protected":false},"excerpt":{"rendered":"<p>Glow Baton\u00ae est une baguette LED robuste de haute visibilit\u00e9 qui peut s'utiliser dans de nombreuses applications comme le travail aupr\u00e8s des avions, le contr\u00f4le des foules, les chantiers de construction ou encore le contr\u00f4le de la circulation atutomobile.<\/p>","protected":false},"featured_media":26350,"template":"","meta":[],"product_brand":[557],"product_cat":[462,48,81,80],"product_tag":[558],"class_list":{"0":"post-26353","1":"product","2":"type-product","3":"status-publish","4":"has-post-thumbnail","6":"product_brand-grace-industries","7":"product_cat-emergency-preparedness","8":"product_cat-lighting","9":"product_cat-personal-lighting","10":"product_cat-scene-lighting","11":"product_tag-grace-industries","13":"first","14":"instock","15":"shipping-taxable","16":"product-type-simple"},"yoast_head":"<!-- This site is optimized with the Yoast SEO plugin v27.4 - https:\/\/yoast.com\/product\/yoast-seo-wordpress\/ -->\n<title>Glow Baton\u00ae Traffic Control Marshalling Wand - Safety Source Fire<\/title>\n<meta name=\"robots\" content=\"noindex, follow, max-snippet:-1, max-image-preview:large, max-video-preview:-1\" \/>\n<meta property=\"og:locale\" content=\"fr_CA\" \/>\n<meta property=\"og:type\" content=\"article\" \/>\n<meta property=\"og:title\" content=\"Glow Baton\u00ae Traffic Control Marshalling Wand - Safety Source Fire\" \/>\n<meta property=\"og:description\" content=\"Glow Baton\u00ae is a heavy duty, high visibility LED Marshalling Wand for use in many applications including aircraft, crowd and vehicle traffic control, construction and manufacturing.\" \/>\n<meta property=\"og:url\" content=\"https:\/\/staging.safetysourcefire.ca\/fr_ca\/produit\/glow-baton-traffic-control-marshalling-wand\/\" \/>\n<meta property=\"og:site_name\" content=\"Safety Source Fire\" \/>\n<meta property=\"article:publisher\" content=\"https:\/\/www.facebook.com\/mmfssca\" \/>\n<meta property=\"og:image\" content=\"https:\/\/staging.safetysourcefire.ca\/wp-content\/uploads\/2022\/01\/0614-Glow-Baton-with-Rubber-Base-Standing-374x1024-1.jpg\" \/>\n\t<meta property=\"og:image:width\" content=\"600\" \/>\n\t<meta property=\"og:image:height\" content=\"600\" \/>\n\t<meta property=\"og:image:type\" content=\"image\/jpeg\" \/>\n<meta name=\"twitter:card\" content=\"summary_large_image\" \/>\n<meta name=\"twitter:site\" content=\"@mmfssca\" \/>\n<meta name=\"twitter:label1\" content=\"Estimation du temps de lecture\" \/>\n\t<meta name=\"twitter:data1\" content=\"1 minute\" \/>\n<script type=\"application\/ld+json\" class=\"yoast-schema-graph\">{\"@context\":\"https:\\\/\\\/schema.org\",\"@graph\":[{\"@type\":\"WebPage\",\"@id\":\"https:\\\/\\\/staging.safetysourcefire.ca\\\/product\\\/glow-baton-traffic-control-marshalling-wand\\\/\",\"url\":\"https:\\\/\\\/staging.safetysourcefire.ca\\\/product\\\/glow-baton-traffic-control-marshalling-wand\\\/\",\"name\":\"Glow Baton\u00ae Traffic Control Marshalling Wand - Safety Source Fire\",\"isPartOf\":{\"@id\":\"https:\\\/\\\/staging.safetysourcefire.ca\\\/#website\"},\"primaryImageOfPage\":{\"@id\":\"https:\\\/\\\/staging.safetysourcefire.ca\\\/product\\\/glow-baton-traffic-control-marshalling-wand\\\/#primaryimage\"},\"image\":{\"@id\":\"https:\\\/\\\/staging.safetysourcefire.ca\\\/product\\\/glow-baton-traffic-control-marshalling-wand\\\/#primaryimage\"},\"thumbnailUrl\":\"https:\\\/\\\/staging.safetysourcefire.ca\\\/wp-content\\\/uploads\\\/2022\\\/01\\\/0614-Glow-Baton-with-Rubber-Base-Standing-374x1024-1.jpg\",\"datePublished\":\"2022-01-31T15:05:41+00:00\",\"breadcrumb\":{\"@id\":\"https:\\\/\\\/staging.safetysourcefire.ca\\\/product\\\/glow-baton-traffic-control-marshalling-wand\\\/#breadcrumb\"},\"inLanguage\":\"fr-CA\",\"potentialAction\":[{\"@type\":\"ReadAction\",\"target\":[\"https:\\\/\\\/staging.safetysourcefire.ca\\\/product\\\/glow-baton-traffic-control-marshalling-wand\\\/\"]}]},{\"@type\":\"ImageObject\",\"inLanguage\":\"fr-CA\",\"@id\":\"https:\\\/\\\/staging.safetysourcefire.ca\\\/product\\\/glow-baton-traffic-control-marshalling-wand\\\/#primaryimage\",\"url\":\"https:\\\/\\\/staging.safetysourcefire.ca\\\/wp-content\\\/uploads\\\/2022\\\/01\\\/0614-Glow-Baton-with-Rubber-Base-Standing-374x1024-1.jpg\",\"contentUrl\":\"https:\\\/\\\/staging.safetysourcefire.ca\\\/wp-content\\\/uploads\\\/2022\\\/01\\\/0614-Glow-Baton-with-Rubber-Base-Standing-374x1024-1.jpg\",\"width\":600,\"height\":600,\"caption\":\"glow baton\"},{\"@type\":\"BreadcrumbList\",\"@id\":\"https:\\\/\\\/staging.safetysourcefire.ca\\\/product\\\/glow-baton-traffic-control-marshalling-wand\\\/#breadcrumb\",\"itemListElement\":[{\"@type\":\"ListItem\",\"position\":1,\"name\":\"Home\",\"item\":\"https:\\\/\\\/staging.safetysourcefire.ca\\\/\"},{\"@type\":\"ListItem\",\"position\":2,\"name\":\"Products\",\"item\":\"https:\\\/\\\/staging.safetysourcefire.ca\\\/shop\\\/\"},{\"@type\":\"ListItem\",\"position\":3,\"name\":\"Glow Baton\u00ae Traffic Control Marshalling Wand\"}]},{\"@type\":\"WebSite\",\"@id\":\"https:\\\/\\\/staging.safetysourcefire.ca\\\/#website\",\"url\":\"https:\\\/\\\/staging.safetysourcefire.ca\\\/\",\"name\":\"Safety Source Fire\",\"description\":\"\",\"publisher\":{\"@id\":\"https:\\\/\\\/staging.safetysourcefire.ca\\\/#organization\"},\"potentialAction\":[{\"@type\":\"SearchAction\",\"target\":{\"@type\":\"EntryPoint\",\"urlTemplate\":\"https:\\\/\\\/staging.safetysourcefire.ca\\\/?s={search_term_string}\"},\"query-input\":{\"@type\":\"PropertyValueSpecification\",\"valueRequired\":true,\"valueName\":\"search_term_string\"}}],\"inLanguage\":\"fr-CA\"},{\"@type\":\"Organization\",\"@id\":\"https:\\\/\\\/staging.safetysourcefire.ca\\\/#organization\",\"name\":\"Safety Source Fire\",\"url\":\"https:\\\/\\\/staging.safetysourcefire.ca\\\/\",\"logo\":{\"@type\":\"ImageObject\",\"inLanguage\":\"fr-CA\",\"@id\":\"https:\\\/\\\/staging.safetysourcefire.ca\\\/#\\\/schema\\\/logo\\\/image\\\/\",\"url\":\"https:\\\/\\\/staging.safetysourcefire.ca\\\/wp-content\\\/uploads\\\/2021\\\/01\\\/SSF_logo_CC0000-3.png\",\"contentUrl\":\"https:\\\/\\\/staging.safetysourcefire.ca\\\/wp-content\\\/uploads\\\/2021\\\/01\\\/SSF_logo_CC0000-3.png\",\"width\":1107,\"height\":365,\"caption\":\"Safety Source Fire\"},\"image\":{\"@id\":\"https:\\\/\\\/staging.safetysourcefire.ca\\\/#\\\/schema\\\/logo\\\/image\\\/\"},\"sameAs\":[\"https:\\\/\\\/www.facebook.com\\\/mmfssca\",\"https:\\\/\\\/x.com\\\/mmfssca\"]}]}<\/script>\n<!-- \/ Yoast SEO plugin. -->","yoast_head_json":{"title":"Glow Baton\u00ae Baguette de contr\u00f4le du trafic - Source de s\u00e9curit\u00e9 incendie","robots":{"index":"noindex","follow":"follow","max-snippet":"max-snippet:-1","max-image-preview":"max-image-preview:large","max-video-preview":"max-video-preview:-1"},"og_locale":"fr_CA","og_type":"article","og_title":"Glow Baton\u00ae Traffic Control Marshalling Wand - Safety Source Fire","og_description":"Glow Baton\u00ae is a heavy duty, high visibility LED Marshalling Wand for use in many applications including aircraft, crowd and vehicle traffic control, construction and manufacturing.","og_url":"https:\/\/staging.safetysourcefire.ca\/fr_ca\/produit\/glow-baton-traffic-control-marshalling-wand\/","og_site_name":"Safety Source Fire","article_publisher":"https:\/\/www.facebook.com\/mmfssca","og_image":[{"width":600,"height":600,"url":"https:\/\/staging.safetysourcefire.ca\/wp-content\/uploads\/2022\/01\/0614-Glow-Baton-with-Rubber-Base-Standing-374x1024-1.jpg","type":"image\/jpeg"}],"twitter_card":"summary_large_image","twitter_site":"@mmfssca","twitter_misc":{"Estimation du temps de lecture":"1 minute"},"schema":{"@context":"https:\/\/schema.org","@graph":[{"@type":"WebPage","@id":"https:\/\/staging.safetysourcefire.ca\/product\/glow-baton-traffic-control-marshalling-wand\/","url":"https:\/\/staging.safetysourcefire.ca\/product\/glow-baton-traffic-control-marshalling-wand\/","name":"Glow Baton\u00ae Baguette de contr\u00f4le du trafic - Source de s\u00e9curit\u00e9 incendie","isPartOf":{"@id":"https:\/\/staging.safetysourcefire.ca\/#website"},"primaryImageOfPage":{"@id":"https:\/\/staging.safetysourcefire.ca\/product\/glow-baton-traffic-control-marshalling-wand\/#primaryimage"},"image":{"@id":"https:\/\/staging.safetysourcefire.ca\/product\/glow-baton-traffic-control-marshalling-wand\/#primaryimage"},"thumbnailUrl":"https:\/\/staging.safetysourcefire.ca\/wp-content\/uploads\/2022\/01\/0614-Glow-Baton-with-Rubber-Base-Standing-374x1024-1.jpg","datePublished":"2022-01-31T15:05:41+00:00","breadcrumb":{"@id":"https:\/\/staging.safetysourcefire.ca\/product\/glow-baton-traffic-control-marshalling-wand\/#breadcrumb"},"inLanguage":"fr-CA","potentialAction":[{"@type":"ReadAction","target":["https:\/\/staging.safetysourcefire.ca\/product\/glow-baton-traffic-control-marshalling-wand\/"]}]},{"@type":"ImageObject","inLanguage":"fr-CA","@id":"https:\/\/staging.safetysourcefire.ca\/product\/glow-baton-traffic-control-marshalling-wand\/#primaryimage","url":"https:\/\/staging.safetysourcefire.ca\/wp-content\/uploads\/2022\/01\/0614-Glow-Baton-with-Rubber-Base-Standing-374x1024-1.jpg","contentUrl":"https:\/\/staging.safetysourcefire.ca\/wp-content\/uploads\/2022\/01\/0614-Glow-Baton-with-Rubber-Base-Standing-374x1024-1.jpg","width":600,"height":600,"caption":"glow baton"},{"@type":"BreadcrumbList","@id":"https:\/\/staging.safetysourcefire.ca\/product\/glow-baton-traffic-control-marshalling-wand\/#breadcrumb","itemListElement":[{"@type":"ListItem","position":1,"name":"Home","item":"https:\/\/staging.safetysourcefire.ca\/"},{"@type":"ListItem","position":2,"name":"Products","item":"https:\/\/staging.safetysourcefire.ca\/shop\/"},{"@type":"ListItem","position":3,"name":"Glow Baton\u00ae Traffic Control Marshalling Wand"}]},{"@type":"WebSite","@id":"https:\/\/staging.safetysourcefire.ca\/#website","url":"https:\/\/staging.safetysourcefire.ca\/","name":"Safety Source Fire","description":"","publisher":{"@id":"https:\/\/staging.safetysourcefire.ca\/#organization"},"potentialAction":[{"@type":"SearchAction","target":{"@type":"EntryPoint","urlTemplate":"https:\/\/staging.safetysourcefire.ca\/?s={search_term_string}"},"query-input":{"@type":"PropertyValueSpecification","valueRequired":true,"valueName":"search_term_string"}}],"inLanguage":"fr-CA"},{"@type":"Organization","@id":"https:\/\/staging.safetysourcefire.ca\/#organization","name":"Safety Source Fire","url":"https:\/\/staging.safetysourcefire.ca\/","logo":{"@type":"ImageObject","inLanguage":"fr-CA","@id":"https:\/\/staging.safetysourcefire.ca\/#\/schema\/logo\/image\/","url":"https:\/\/staging.safetysourcefire.ca\/wp-content\/uploads\/2021\/01\/SSF_logo_CC0000-3.png","contentUrl":"https:\/\/staging.safetysourcefire.ca\/wp-content\/uploads\/2021\/01\/SSF_logo_CC0000-3.png","width":1107,"height":365,"caption":"Safety Source Fire"},"image":{"@id":"https:\/\/staging.safetysourcefire.ca\/#\/schema\/logo\/image\/"},"sameAs":["https:\/\/www.facebook.com\/mmfssca","https:\/\/x.com\/mmfssca"]}]}},"_links":{"self":[{"href":"https:\/\/staging.safetysourcefire.ca\/fr_ca\/wp-json\/wp\/v2\/product\/26353","targetHints":{"allow":["GET"]}}],"collection":[{"href":"https:\/\/staging.safetysourcefire.ca\/fr_ca\/wp-json\/wp\/v2\/product"}],"about":[{"href":"https:\/\/staging.safetysourcefire.ca\/fr_ca\/wp-json\/wp\/v2\/types\/product"}],"wp:featuredmedia":[{"embeddable":true,"href":"https:\/\/staging.safetysourcefire.ca\/fr_ca\/wp-json\/wp\/v2\/media\/26350"}],"wp:attachment":[{"href":"https:\/\/staging.safetysourcefire.ca\/fr_ca\/wp-json\/wp\/v2\/media?parent=26353"}],"wp:term":[{"taxonomy":"product_brand","embeddable":true,"href":"https:\/\/staging.safetysourcefire.ca\/fr_ca\/wp-json\/wp\/v2\/product_brand?post=26353"},{"taxonomy":"product_cat","embeddable":true,"href":"https:\/\/staging.safetysourcefire.ca\/fr_ca\/wp-json\/wp\/v2\/product_cat?post=26353"},{"taxonomy":"product_tag","embeddable":true,"href":"https:\/\/staging.safetysourcefire.ca\/fr_ca\/wp-json\/wp\/v2\/product_tag?post=26353"}],"curies":[{"name":"wp","href":"https:\/\/api.w.org\/{rel}","templated":true}]}}