{"id":26289,"date":"2022-01-27T16:26:20","date_gmt":"2022-01-27T16:26:20","guid":{"rendered":"https:\/\/safetysourcefire.ca\/?post_type=product&#038;p=26289"},"modified":"2022-01-27T19:24:50","modified_gmt":"2022-01-27T19:24:50","slug":"snagger-tool-2","status":"publish","type":"product","link":"https:\/\/staging.safetysourcefire.ca\/fr_ca\/produit\/snagger-tool-2\/","title":{"rendered":"Outil Snagger"},"content":{"rendered":"<p>L'outil Snagger est petit, l\u00e9ger, solide et simple. Le Snagger peut \u00eatre utilis\u00e9 pour enlever les cloisons s\u00e8ches ou les panneaux muraux dans les espaces restreints pour une sortie rapide, si n\u00e9cessaire. Le Snagger est con\u00e7u pour \u00eatre transport\u00e9 dans la poche de votre \u00e9quipement de soute. Ainsi, il est disponible d\u00e8s que vous en avez besoin. De plus, la polyvalence du Snagger vous permet de r\u00e9duire le nombre d'outils que vous amenez habituellement sur les lieux des incendies.<\/p>\n<p>Les utilisations de l&#039;outil Snagger incluent\u00a0:<\/p>\n<ul>\n<li>Manipuler des tuyaux d'incendies charg\u00e9s de 38, 45 ou 65mm (1 1\/2, 1 3\/4 ou 2 1\/2)<\/li>\n<li>Soutenir des tuyaux charg\u00e9s sur les \u00e9chelles et les garde-corps<\/li>\n<li>Casser du verre tremp\u00e9 en toute s\u00e9curit\u00e9<\/li>\n<li>Enlever des cloisons s\u00e8ches ou des panneaux de plafond dans les espaces restreints<\/li>\n<li>Raccorder du mat\u00e9riel (tout type) comme une ligne foresti\u00e8re \u00e0 grand volume avec raccords Storz (Spanner)<\/li>\n<li>Outil RIT pour un sauvetage plus rapide (Nance Drill)<\/li>\n<li>Outil de sortie rapide<\/li>\n<li>02 bouteille cl\u00e9<\/li>\n<li>Coupure de gaz naturel<\/li>\n<li>Cale de porte ou crochet d&#039;engrenage<\/li>\n<\/ul>\n<ol>\n<li>La pointe en carbure de tungst\u00e8ne est parfaite pour briser le verre tremp\u00e9, rapidement et sans effort.<\/li>\n<li>La petite rainure est con\u00e7ue pour saisir les languettes sur n&#039;importe quelle taille de raccord de tuyau d&#039;incendie. Cette rainure fait de l&#039;outil Snagger la cl\u00e9 \u00e0 tuyau parfaite, sa taille unique \u00e9tant parfaite pour tous les raccords. Il s&#039;adaptera \u00e9galement \u00e0 la tige de valve sur une bouteille d&#039;O2 en un clin d&#039;\u0153il.<\/li>\n<li>La poign\u00e9e rainur\u00e9e offre une prise confortable et elle est compatible pour les mains de toutes les tailles. La texture de l'outil lui permet de s'accrocher dans le tuyau d'incendie charg\u00e9 pour une meilleure adh\u00e9rence.<\/li>\n<li>La petite ouverture de l'outil est con\u00e7ue pour saisir des conduits flexibles de 38 mm (1 \u00bd \u201d) ou 45 mm (1 \u00be\u201d) ainsi que des conduits forestiers de diff\u00e9rentes tailles. Lorsque la ligne charg\u00e9e est \"accroch\u00e9e\" par cet outil, la main est automatiquement tourn\u00e9e \u00e0 90 degr\u00e9s par rapport \u00e0 sa position normale sur un tuyau d'incendie, ce qui donne au pompier une meilleure posture, plus de force, moins de fatigue et une position beaucoup plus s\u00fbre par rapport au feu et \u00e0 la ligne de tuyau.<\/li>\n<li>La grande ouverture est con\u00e7ue pour un tuyau flexible de 65 mm (2 \u00bd&quot;) remplissant les m\u00eames fonctions que celles \u00e9num\u00e9r\u00e9es ci-dessus.<\/li>\n<li>La rainure dans la grande ouverture permet au Snagger de saisir les languettes des raccords Storz et celles de plus grands diam\u00e8tres.<\/li>\n<li>La pointe en coin est destin\u00e9e \u00e0 p\u00e9n\u00e9trer dans les cloisons s\u00e8ches ou les panneaux muraux. Couper un pare-brise peut endommager le rev\u00eatement de l'outil, il n'est donc pas conseill\u00e9 de l'utiliser dans ce cas (sauf en cas d'absolue n\u00e9cessit\u00e9).<\/li>\n<\/ol>\n<p><iframe loading=\"lazy\" src=\"https:\/\/www.youtube.com\/embed\/1fRMQmUuL-Q\" width=\"368\" height=\"207\" frameborder=\"0\" allowfullscreen=\"allowfullscreen\"><\/iframe><\/p>","protected":false},"excerpt":{"rendered":"<p>L'outil Snagger de Motis \u2122 est un outil de lutte contre les incendies innovant qui vous permet de manipuler un tuyau d'incendie charg\u00e9 \u00e0 la fois en toute s\u00e9curit\u00e9 et rapidement. Gr\u00e2ce \u00e0 son design unique, vous pourrez remplacer plusieurs de vos outils par le Snagger !<\/p>","protected":false},"featured_media":26295,"template":"","meta":[],"product_brand":[207],"product_cat":[70,46,72,74],"product_tag":[325],"class_list":{"0":"post-26289","1":"product","2":"type-product","3":"status-publish","4":"has-post-thumbnail","6":"product_brand-motis","7":"product_cat-forcible-entry","8":"product_cat-hand-tools","9":"product_cat-miscellaneous-hand-tools","10":"product_cat-wrenches","11":"product_tag-motis","13":"first","14":"instock","15":"shipping-taxable","16":"product-type-simple"},"yoast_head":"<!-- This site is optimized with the Yoast SEO plugin v27.4 - https:\/\/yoast.com\/product\/yoast-seo-wordpress\/ -->\n<title>Snagger Tool - Safety Source Fire<\/title>\n<meta name=\"robots\" content=\"noindex, follow, max-snippet:-1, max-image-preview:large, max-video-preview:-1\" \/>\n<meta property=\"og:locale\" content=\"fr_CA\" \/>\n<meta property=\"og:type\" content=\"article\" \/>\n<meta property=\"og:title\" content=\"Snagger Tool - Safety Source Fire\" \/>\n<meta property=\"og:description\" content=\"The Snagger Tool by Motis\u2122 is an innovative firefighting tool that allows you to handle a charged fire hose both safely and quickly. Its unique design also allows you to replace several tools with the Snagger!\" \/>\n<meta property=\"og:url\" content=\"https:\/\/staging.safetysourcefire.ca\/fr_ca\/produit\/snagger-tool-2\/\" \/>\n<meta property=\"og:site_name\" content=\"Safety Source Fire\" \/>\n<meta property=\"article:publisher\" content=\"https:\/\/www.facebook.com\/mmfssca\" \/>\n<meta property=\"article:modified_time\" content=\"2022-01-27T19:24:50+00:00\" \/>\n<meta property=\"og:image\" content=\"https:\/\/staging.safetysourcefire.ca\/wp-content\/uploads\/2022\/01\/Red_Snagger_Textured_1080x.jpg\" \/>\n\t<meta property=\"og:image:width\" content=\"600\" \/>\n\t<meta property=\"og:image:height\" content=\"600\" \/>\n\t<meta property=\"og:image:type\" content=\"image\/jpeg\" \/>\n<meta name=\"twitter:card\" content=\"summary_large_image\" \/>\n<meta name=\"twitter:site\" content=\"@mmfssca\" \/>\n<meta name=\"twitter:label1\" content=\"Estimation du temps de lecture\" \/>\n\t<meta name=\"twitter:data1\" content=\"2 minutes\" \/>\n<script type=\"application\/ld+json\" class=\"yoast-schema-graph\">{\"@context\":\"https:\\\/\\\/schema.org\",\"@graph\":[{\"@type\":\"WebPage\",\"@id\":\"https:\\\/\\\/staging.safetysourcefire.ca\\\/product\\\/snagger-tool-2\\\/\",\"url\":\"https:\\\/\\\/staging.safetysourcefire.ca\\\/product\\\/snagger-tool-2\\\/\",\"name\":\"Snagger Tool - Safety Source Fire\",\"isPartOf\":{\"@id\":\"https:\\\/\\\/staging.safetysourcefire.ca\\\/#website\"},\"primaryImageOfPage\":{\"@id\":\"https:\\\/\\\/staging.safetysourcefire.ca\\\/product\\\/snagger-tool-2\\\/#primaryimage\"},\"image\":{\"@id\":\"https:\\\/\\\/staging.safetysourcefire.ca\\\/product\\\/snagger-tool-2\\\/#primaryimage\"},\"thumbnailUrl\":\"https:\\\/\\\/staging.safetysourcefire.ca\\\/wp-content\\\/uploads\\\/2022\\\/01\\\/Red_Snagger_Textured_1080x.jpg\",\"datePublished\":\"2022-01-27T16:26:20+00:00\",\"dateModified\":\"2022-01-27T19:24:50+00:00\",\"breadcrumb\":{\"@id\":\"https:\\\/\\\/staging.safetysourcefire.ca\\\/product\\\/snagger-tool-2\\\/#breadcrumb\"},\"inLanguage\":\"fr-CA\",\"potentialAction\":[{\"@type\":\"ReadAction\",\"target\":[\"https:\\\/\\\/staging.safetysourcefire.ca\\\/product\\\/snagger-tool-2\\\/\"]}]},{\"@type\":\"ImageObject\",\"inLanguage\":\"fr-CA\",\"@id\":\"https:\\\/\\\/staging.safetysourcefire.ca\\\/product\\\/snagger-tool-2\\\/#primaryimage\",\"url\":\"https:\\\/\\\/staging.safetysourcefire.ca\\\/wp-content\\\/uploads\\\/2022\\\/01\\\/Red_Snagger_Textured_1080x.jpg\",\"contentUrl\":\"https:\\\/\\\/staging.safetysourcefire.ca\\\/wp-content\\\/uploads\\\/2022\\\/01\\\/Red_Snagger_Textured_1080x.jpg\",\"width\":600,\"height\":600,\"caption\":\"snagger tool\"},{\"@type\":\"BreadcrumbList\",\"@id\":\"https:\\\/\\\/staging.safetysourcefire.ca\\\/product\\\/snagger-tool-2\\\/#breadcrumb\",\"itemListElement\":[{\"@type\":\"ListItem\",\"position\":1,\"name\":\"Home\",\"item\":\"https:\\\/\\\/staging.safetysourcefire.ca\\\/\"},{\"@type\":\"ListItem\",\"position\":2,\"name\":\"Products\",\"item\":\"https:\\\/\\\/staging.safetysourcefire.ca\\\/shop\\\/\"},{\"@type\":\"ListItem\",\"position\":3,\"name\":\"Snagger Tool\"}]},{\"@type\":\"WebSite\",\"@id\":\"https:\\\/\\\/staging.safetysourcefire.ca\\\/#website\",\"url\":\"https:\\\/\\\/staging.safetysourcefire.ca\\\/\",\"name\":\"Safety Source Fire\",\"description\":\"\",\"publisher\":{\"@id\":\"https:\\\/\\\/staging.safetysourcefire.ca\\\/#organization\"},\"potentialAction\":[{\"@type\":\"SearchAction\",\"target\":{\"@type\":\"EntryPoint\",\"urlTemplate\":\"https:\\\/\\\/staging.safetysourcefire.ca\\\/?s={search_term_string}\"},\"query-input\":{\"@type\":\"PropertyValueSpecification\",\"valueRequired\":true,\"valueName\":\"search_term_string\"}}],\"inLanguage\":\"fr-CA\"},{\"@type\":\"Organization\",\"@id\":\"https:\\\/\\\/staging.safetysourcefire.ca\\\/#organization\",\"name\":\"Safety Source Fire\",\"url\":\"https:\\\/\\\/staging.safetysourcefire.ca\\\/\",\"logo\":{\"@type\":\"ImageObject\",\"inLanguage\":\"fr-CA\",\"@id\":\"https:\\\/\\\/staging.safetysourcefire.ca\\\/#\\\/schema\\\/logo\\\/image\\\/\",\"url\":\"https:\\\/\\\/staging.safetysourcefire.ca\\\/wp-content\\\/uploads\\\/2021\\\/01\\\/SSF_logo_CC0000-3.png\",\"contentUrl\":\"https:\\\/\\\/staging.safetysourcefire.ca\\\/wp-content\\\/uploads\\\/2021\\\/01\\\/SSF_logo_CC0000-3.png\",\"width\":1107,\"height\":365,\"caption\":\"Safety Source Fire\"},\"image\":{\"@id\":\"https:\\\/\\\/staging.safetysourcefire.ca\\\/#\\\/schema\\\/logo\\\/image\\\/\"},\"sameAs\":[\"https:\\\/\\\/www.facebook.com\\\/mmfssca\",\"https:\\\/\\\/x.com\\\/mmfssca\"]}]}<\/script>\n<!-- \/ Yoast SEO plugin. -->","yoast_head_json":{"title":"Outil Snagger - Source de s\u00e9curit\u00e9 incendie","robots":{"index":"noindex","follow":"follow","max-snippet":"max-snippet:-1","max-image-preview":"max-image-preview:large","max-video-preview":"max-video-preview:-1"},"og_locale":"fr_CA","og_type":"article","og_title":"Snagger Tool - Safety Source Fire","og_description":"The Snagger Tool by Motis\u2122 is an innovative firefighting tool that allows you to handle a charged fire hose both safely and quickly. Its unique design also allows you to replace several tools with the Snagger!","og_url":"https:\/\/staging.safetysourcefire.ca\/fr_ca\/produit\/snagger-tool-2\/","og_site_name":"Safety Source Fire","article_publisher":"https:\/\/www.facebook.com\/mmfssca","article_modified_time":"2022-01-27T19:24:50+00:00","og_image":[{"width":600,"height":600,"url":"https:\/\/staging.safetysourcefire.ca\/wp-content\/uploads\/2022\/01\/Red_Snagger_Textured_1080x.jpg","type":"image\/jpeg"}],"twitter_card":"summary_large_image","twitter_site":"@mmfssca","twitter_misc":{"Estimation du temps de lecture":"2 minutes"},"schema":{"@context":"https:\/\/schema.org","@graph":[{"@type":"WebPage","@id":"https:\/\/staging.safetysourcefire.ca\/product\/snagger-tool-2\/","url":"https:\/\/staging.safetysourcefire.ca\/product\/snagger-tool-2\/","name":"Outil Snagger - Source de s\u00e9curit\u00e9 incendie","isPartOf":{"@id":"https:\/\/staging.safetysourcefire.ca\/#website"},"primaryImageOfPage":{"@id":"https:\/\/staging.safetysourcefire.ca\/product\/snagger-tool-2\/#primaryimage"},"image":{"@id":"https:\/\/staging.safetysourcefire.ca\/product\/snagger-tool-2\/#primaryimage"},"thumbnailUrl":"https:\/\/staging.safetysourcefire.ca\/wp-content\/uploads\/2022\/01\/Red_Snagger_Textured_1080x.jpg","datePublished":"2022-01-27T16:26:20+00:00","dateModified":"2022-01-27T19:24:50+00:00","breadcrumb":{"@id":"https:\/\/staging.safetysourcefire.ca\/product\/snagger-tool-2\/#breadcrumb"},"inLanguage":"fr-CA","potentialAction":[{"@type":"ReadAction","target":["https:\/\/staging.safetysourcefire.ca\/product\/snagger-tool-2\/"]}]},{"@type":"ImageObject","inLanguage":"fr-CA","@id":"https:\/\/staging.safetysourcefire.ca\/product\/snagger-tool-2\/#primaryimage","url":"https:\/\/staging.safetysourcefire.ca\/wp-content\/uploads\/2022\/01\/Red_Snagger_Textured_1080x.jpg","contentUrl":"https:\/\/staging.safetysourcefire.ca\/wp-content\/uploads\/2022\/01\/Red_Snagger_Textured_1080x.jpg","width":600,"height":600,"caption":"snagger tool"},{"@type":"BreadcrumbList","@id":"https:\/\/staging.safetysourcefire.ca\/product\/snagger-tool-2\/#breadcrumb","itemListElement":[{"@type":"ListItem","position":1,"name":"Home","item":"https:\/\/staging.safetysourcefire.ca\/"},{"@type":"ListItem","position":2,"name":"Products","item":"https:\/\/staging.safetysourcefire.ca\/shop\/"},{"@type":"ListItem","position":3,"name":"Snagger Tool"}]},{"@type":"WebSite","@id":"https:\/\/staging.safetysourcefire.ca\/#website","url":"https:\/\/staging.safetysourcefire.ca\/","name":"Safety Source Fire","description":"","publisher":{"@id":"https:\/\/staging.safetysourcefire.ca\/#organization"},"potentialAction":[{"@type":"SearchAction","target":{"@type":"EntryPoint","urlTemplate":"https:\/\/staging.safetysourcefire.ca\/?s={search_term_string}"},"query-input":{"@type":"PropertyValueSpecification","valueRequired":true,"valueName":"search_term_string"}}],"inLanguage":"fr-CA"},{"@type":"Organization","@id":"https:\/\/staging.safetysourcefire.ca\/#organization","name":"Safety Source Fire","url":"https:\/\/staging.safetysourcefire.ca\/","logo":{"@type":"ImageObject","inLanguage":"fr-CA","@id":"https:\/\/staging.safetysourcefire.ca\/#\/schema\/logo\/image\/","url":"https:\/\/staging.safetysourcefire.ca\/wp-content\/uploads\/2021\/01\/SSF_logo_CC0000-3.png","contentUrl":"https:\/\/staging.safetysourcefire.ca\/wp-content\/uploads\/2021\/01\/SSF_logo_CC0000-3.png","width":1107,"height":365,"caption":"Safety Source Fire"},"image":{"@id":"https:\/\/staging.safetysourcefire.ca\/#\/schema\/logo\/image\/"},"sameAs":["https:\/\/www.facebook.com\/mmfssca","https:\/\/x.com\/mmfssca"]}]}},"_links":{"self":[{"href":"https:\/\/staging.safetysourcefire.ca\/fr_ca\/wp-json\/wp\/v2\/product\/26289","targetHints":{"allow":["GET"]}}],"collection":[{"href":"https:\/\/staging.safetysourcefire.ca\/fr_ca\/wp-json\/wp\/v2\/product"}],"about":[{"href":"https:\/\/staging.safetysourcefire.ca\/fr_ca\/wp-json\/wp\/v2\/types\/product"}],"wp:featuredmedia":[{"embeddable":true,"href":"https:\/\/staging.safetysourcefire.ca\/fr_ca\/wp-json\/wp\/v2\/media\/26295"}],"wp:attachment":[{"href":"https:\/\/staging.safetysourcefire.ca\/fr_ca\/wp-json\/wp\/v2\/media?parent=26289"}],"wp:term":[{"taxonomy":"product_brand","embeddable":true,"href":"https:\/\/staging.safetysourcefire.ca\/fr_ca\/wp-json\/wp\/v2\/product_brand?post=26289"},{"taxonomy":"product_cat","embeddable":true,"href":"https:\/\/staging.safetysourcefire.ca\/fr_ca\/wp-json\/wp\/v2\/product_cat?post=26289"},{"taxonomy":"product_tag","embeddable":true,"href":"https:\/\/staging.safetysourcefire.ca\/fr_ca\/wp-json\/wp\/v2\/product_tag?post=26289"}],"curies":[{"name":"wp","href":"https:\/\/api.w.org\/{rel}","templated":true}]}}