{"id":26207,"date":"2022-01-26T20:07:11","date_gmt":"2022-01-26T20:07:11","guid":{"rendered":"https:\/\/safetysourcefire.ca\/?post_type=product&#038;p=26207"},"modified":"2022-01-26T20:41:34","modified_gmt":"2022-01-26T20:41:34","slug":"reactor-rescue-gloves","status":"publish","type":"product","link":"https:\/\/staging.safetysourcefire.ca\/fr_ca\/produit\/reactor-rescue-gloves\/","title":{"rendered":"Gants de sauvetage Reactor"},"content":{"rendered":"<ul>\n<li>Les gants Reactor sont fait de n\u00e9opr\u00e8ne de 3 mm avec un adh\u00e9sif lamin\u00e9 en titane pour fournir un maximum de chaleur lorsque vous travaillez dans des conditions froides.<\/li>\n<li>La paume et les doigts sont construits avec un mat\u00e9riau aramide super r\u00e9sistant qui offre une adh\u00e9rence tenace pour la manipulation des cordes et d&#039;autres travaux physiques exigeants.<\/li>\n<li>Les doigts sont pr\u00e9-courb\u00e9s pour soulager la fatigue des mains lors de la pr\u00e9hension des pagaies et des cordes.<\/li>\n<li>Les coutures sont coll\u00e9es et cousues pour plus de durabilit\u00e9 et de chaleur.<\/li>\n<li>Le tissu extensible dans les 4 sens PowerSpan\u2122 offre une mobilit\u00e9 accrue des doigts.<\/li>\n<li>La technologie GripCote\u2122 sur l'endos des doigts aide \u00e0 pr\u00e9venir le refroidissement \u00e9olien et le refroidissement par \u00e9vaporation.<\/li>\n<li>La douce bande de polar sur le c\u00f4t\u00e9 de votre pouce et de votre avant-bras est parfaite pour essuyer la sueur de votre front apr\u00e8s un sauvetage r\u00e9ussi.<\/li>\n<li>Le bracelet avec fermeture auto-agrippante assure un ajustement s\u00fbr.<\/li>\n<li>La languette en caoutchouc sur le poignet facilite l&#039;enfilage, m\u00eame lorsque vos mains sont mouill\u00e9es.<\/li>\n<li>Les boutons-pression sur les poignets permettent d'attacher les gants ensemble pour \u00e9viter les pertes et faciliter le transport.<\/li>\n<\/ul>","protected":false},"excerpt":{"rendered":"<p>Le sauvetage en eaux vives peut \u00eatre un travail extr\u00eamement froid et exigeant. C&#039;est pourquoi nous avons con\u00e7u les gants de sauvetage NRS Reactor extr\u00eamement chauds et r\u00e9sistants. Lorsque des vies sont en jeu, vous voudrez ces gants sur vos mains.<\/p>","protected":false},"featured_media":26208,"template":"","meta":[],"product_brand":[546],"product_cat":[462,464,236,50,51,135],"product_tag":[547],"class_list":{"0":"post-26207","1":"product","2":"type-product","3":"status-publish","4":"has-post-thumbnail","6":"product_brand-nrs","7":"product_cat-emergency-preparedness","8":"product_cat-flood","9":"product_cat-gloves","10":"product_cat-personal-protective-equipment","11":"product_cat-rescue","12":"product_cat-water-ice-rescue","13":"product_tag-nrs","15":"first","16":"instock","17":"shipping-taxable","18":"product-type-simple"},"yoast_head":"<!-- This site is optimized with the Yoast SEO plugin v27.4 - https:\/\/yoast.com\/product\/yoast-seo-wordpress\/ -->\n<title>Reactor Rescue Gloves - Safety Source Fire<\/title>\n<meta name=\"robots\" content=\"noindex, follow, max-snippet:-1, max-image-preview:large, max-video-preview:-1\" \/>\n<meta property=\"og:locale\" content=\"fr_CA\" \/>\n<meta property=\"og:type\" content=\"article\" \/>\n<meta property=\"og:title\" content=\"Reactor Rescue Gloves - Safety Source Fire\" \/>\n<meta property=\"og:description\" content=\"Swiftwater rescue can be extremely cold and demanding work. That&#039;s why we&#039;ve made NRS Reactor Rescue Gloves extremely warm and tough. When lives are on the line, you&#039;ll want these gloves on your hands.\" \/>\n<meta property=\"og:url\" content=\"https:\/\/staging.safetysourcefire.ca\/fr_ca\/produit\/reactor-rescue-gloves\/\" \/>\n<meta property=\"og:site_name\" content=\"Safety Source Fire\" \/>\n<meta property=\"article:publisher\" content=\"https:\/\/www.facebook.com\/mmfssca\" \/>\n<meta property=\"article:modified_time\" content=\"2022-01-26T20:41:34+00:00\" \/>\n<meta property=\"og:image\" content=\"https:\/\/staging.safetysourcefire.ca\/wp-content\/uploads\/2022\/01\/25032_02_Back_020818_1000x1000.jpg\" \/>\n\t<meta property=\"og:image:width\" content=\"600\" \/>\n\t<meta property=\"og:image:height\" content=\"600\" \/>\n\t<meta property=\"og:image:type\" content=\"image\/jpeg\" \/>\n<meta name=\"twitter:card\" content=\"summary_large_image\" \/>\n<meta name=\"twitter:site\" content=\"@mmfssca\" \/>\n<meta name=\"twitter:label1\" content=\"Estimation du temps de lecture\" \/>\n\t<meta name=\"twitter:data1\" content=\"1 minute\" \/>\n<script type=\"application\/ld+json\" class=\"yoast-schema-graph\">{\"@context\":\"https:\\\/\\\/schema.org\",\"@graph\":[{\"@type\":\"WebPage\",\"@id\":\"https:\\\/\\\/staging.safetysourcefire.ca\\\/product\\\/reactor-rescue-gloves\\\/\",\"url\":\"https:\\\/\\\/staging.safetysourcefire.ca\\\/product\\\/reactor-rescue-gloves\\\/\",\"name\":\"Reactor Rescue Gloves - Safety Source Fire\",\"isPartOf\":{\"@id\":\"https:\\\/\\\/staging.safetysourcefire.ca\\\/#website\"},\"primaryImageOfPage\":{\"@id\":\"https:\\\/\\\/staging.safetysourcefire.ca\\\/product\\\/reactor-rescue-gloves\\\/#primaryimage\"},\"image\":{\"@id\":\"https:\\\/\\\/staging.safetysourcefire.ca\\\/product\\\/reactor-rescue-gloves\\\/#primaryimage\"},\"thumbnailUrl\":\"https:\\\/\\\/staging.safetysourcefire.ca\\\/wp-content\\\/uploads\\\/2022\\\/01\\\/25032_02_Back_020818_1000x1000.jpg\",\"datePublished\":\"2022-01-26T20:07:11+00:00\",\"dateModified\":\"2022-01-26T20:41:34+00:00\",\"breadcrumb\":{\"@id\":\"https:\\\/\\\/staging.safetysourcefire.ca\\\/product\\\/reactor-rescue-gloves\\\/#breadcrumb\"},\"inLanguage\":\"fr-CA\",\"potentialAction\":[{\"@type\":\"ReadAction\",\"target\":[\"https:\\\/\\\/staging.safetysourcefire.ca\\\/product\\\/reactor-rescue-gloves\\\/\"]}]},{\"@type\":\"ImageObject\",\"inLanguage\":\"fr-CA\",\"@id\":\"https:\\\/\\\/staging.safetysourcefire.ca\\\/product\\\/reactor-rescue-gloves\\\/#primaryimage\",\"url\":\"https:\\\/\\\/staging.safetysourcefire.ca\\\/wp-content\\\/uploads\\\/2022\\\/01\\\/25032_02_Back_020818_1000x1000.jpg\",\"contentUrl\":\"https:\\\/\\\/staging.safetysourcefire.ca\\\/wp-content\\\/uploads\\\/2022\\\/01\\\/25032_02_Back_020818_1000x1000.jpg\",\"width\":600,\"height\":600,\"caption\":\"glove\"},{\"@type\":\"BreadcrumbList\",\"@id\":\"https:\\\/\\\/staging.safetysourcefire.ca\\\/product\\\/reactor-rescue-gloves\\\/#breadcrumb\",\"itemListElement\":[{\"@type\":\"ListItem\",\"position\":1,\"name\":\"Home\",\"item\":\"https:\\\/\\\/staging.safetysourcefire.ca\\\/\"},{\"@type\":\"ListItem\",\"position\":2,\"name\":\"Products\",\"item\":\"https:\\\/\\\/staging.safetysourcefire.ca\\\/shop\\\/\"},{\"@type\":\"ListItem\",\"position\":3,\"name\":\"Reactor Rescue Gloves\"}]},{\"@type\":\"WebSite\",\"@id\":\"https:\\\/\\\/staging.safetysourcefire.ca\\\/#website\",\"url\":\"https:\\\/\\\/staging.safetysourcefire.ca\\\/\",\"name\":\"Safety Source Fire\",\"description\":\"\",\"publisher\":{\"@id\":\"https:\\\/\\\/staging.safetysourcefire.ca\\\/#organization\"},\"potentialAction\":[{\"@type\":\"SearchAction\",\"target\":{\"@type\":\"EntryPoint\",\"urlTemplate\":\"https:\\\/\\\/staging.safetysourcefire.ca\\\/?s={search_term_string}\"},\"query-input\":{\"@type\":\"PropertyValueSpecification\",\"valueRequired\":true,\"valueName\":\"search_term_string\"}}],\"inLanguage\":\"fr-CA\"},{\"@type\":\"Organization\",\"@id\":\"https:\\\/\\\/staging.safetysourcefire.ca\\\/#organization\",\"name\":\"Safety Source Fire\",\"url\":\"https:\\\/\\\/staging.safetysourcefire.ca\\\/\",\"logo\":{\"@type\":\"ImageObject\",\"inLanguage\":\"fr-CA\",\"@id\":\"https:\\\/\\\/staging.safetysourcefire.ca\\\/#\\\/schema\\\/logo\\\/image\\\/\",\"url\":\"https:\\\/\\\/staging.safetysourcefire.ca\\\/wp-content\\\/uploads\\\/2021\\\/01\\\/SSF_logo_CC0000-3.png\",\"contentUrl\":\"https:\\\/\\\/staging.safetysourcefire.ca\\\/wp-content\\\/uploads\\\/2021\\\/01\\\/SSF_logo_CC0000-3.png\",\"width\":1107,\"height\":365,\"caption\":\"Safety Source Fire\"},\"image\":{\"@id\":\"https:\\\/\\\/staging.safetysourcefire.ca\\\/#\\\/schema\\\/logo\\\/image\\\/\"},\"sameAs\":[\"https:\\\/\\\/www.facebook.com\\\/mmfssca\",\"https:\\\/\\\/x.com\\\/mmfssca\"]}]}<\/script>\n<!-- \/ Yoast SEO plugin. -->","yoast_head_json":{"title":"Gants de sauvetage pour r\u00e9acteurs - S\u00e9curit\u00e9 incendie","robots":{"index":"noindex","follow":"follow","max-snippet":"max-snippet:-1","max-image-preview":"max-image-preview:large","max-video-preview":"max-video-preview:-1"},"og_locale":"fr_CA","og_type":"article","og_title":"Reactor Rescue Gloves - Safety Source Fire","og_description":"Swiftwater rescue can be extremely cold and demanding work. That's why we've made NRS Reactor Rescue Gloves extremely warm and tough. When lives are on the line, you'll want these gloves on your hands.","og_url":"https:\/\/staging.safetysourcefire.ca\/fr_ca\/produit\/reactor-rescue-gloves\/","og_site_name":"Safety Source Fire","article_publisher":"https:\/\/www.facebook.com\/mmfssca","article_modified_time":"2022-01-26T20:41:34+00:00","og_image":[{"width":600,"height":600,"url":"https:\/\/staging.safetysourcefire.ca\/wp-content\/uploads\/2022\/01\/25032_02_Back_020818_1000x1000.jpg","type":"image\/jpeg"}],"twitter_card":"summary_large_image","twitter_site":"@mmfssca","twitter_misc":{"Estimation du temps de lecture":"1 minute"},"schema":{"@context":"https:\/\/schema.org","@graph":[{"@type":"WebPage","@id":"https:\/\/staging.safetysourcefire.ca\/product\/reactor-rescue-gloves\/","url":"https:\/\/staging.safetysourcefire.ca\/product\/reactor-rescue-gloves\/","name":"Gants de sauvetage pour r\u00e9acteurs - S\u00e9curit\u00e9 incendie","isPartOf":{"@id":"https:\/\/staging.safetysourcefire.ca\/#website"},"primaryImageOfPage":{"@id":"https:\/\/staging.safetysourcefire.ca\/product\/reactor-rescue-gloves\/#primaryimage"},"image":{"@id":"https:\/\/staging.safetysourcefire.ca\/product\/reactor-rescue-gloves\/#primaryimage"},"thumbnailUrl":"https:\/\/staging.safetysourcefire.ca\/wp-content\/uploads\/2022\/01\/25032_02_Back_020818_1000x1000.jpg","datePublished":"2022-01-26T20:07:11+00:00","dateModified":"2022-01-26T20:41:34+00:00","breadcrumb":{"@id":"https:\/\/staging.safetysourcefire.ca\/product\/reactor-rescue-gloves\/#breadcrumb"},"inLanguage":"fr-CA","potentialAction":[{"@type":"ReadAction","target":["https:\/\/staging.safetysourcefire.ca\/product\/reactor-rescue-gloves\/"]}]},{"@type":"ImageObject","inLanguage":"fr-CA","@id":"https:\/\/staging.safetysourcefire.ca\/product\/reactor-rescue-gloves\/#primaryimage","url":"https:\/\/staging.safetysourcefire.ca\/wp-content\/uploads\/2022\/01\/25032_02_Back_020818_1000x1000.jpg","contentUrl":"https:\/\/staging.safetysourcefire.ca\/wp-content\/uploads\/2022\/01\/25032_02_Back_020818_1000x1000.jpg","width":600,"height":600,"caption":"glove"},{"@type":"BreadcrumbList","@id":"https:\/\/staging.safetysourcefire.ca\/product\/reactor-rescue-gloves\/#breadcrumb","itemListElement":[{"@type":"ListItem","position":1,"name":"Home","item":"https:\/\/staging.safetysourcefire.ca\/"},{"@type":"ListItem","position":2,"name":"Products","item":"https:\/\/staging.safetysourcefire.ca\/shop\/"},{"@type":"ListItem","position":3,"name":"Reactor Rescue Gloves"}]},{"@type":"WebSite","@id":"https:\/\/staging.safetysourcefire.ca\/#website","url":"https:\/\/staging.safetysourcefire.ca\/","name":"Safety Source Fire","description":"","publisher":{"@id":"https:\/\/staging.safetysourcefire.ca\/#organization"},"potentialAction":[{"@type":"SearchAction","target":{"@type":"EntryPoint","urlTemplate":"https:\/\/staging.safetysourcefire.ca\/?s={search_term_string}"},"query-input":{"@type":"PropertyValueSpecification","valueRequired":true,"valueName":"search_term_string"}}],"inLanguage":"fr-CA"},{"@type":"Organization","@id":"https:\/\/staging.safetysourcefire.ca\/#organization","name":"Safety Source Fire","url":"https:\/\/staging.safetysourcefire.ca\/","logo":{"@type":"ImageObject","inLanguage":"fr-CA","@id":"https:\/\/staging.safetysourcefire.ca\/#\/schema\/logo\/image\/","url":"https:\/\/staging.safetysourcefire.ca\/wp-content\/uploads\/2021\/01\/SSF_logo_CC0000-3.png","contentUrl":"https:\/\/staging.safetysourcefire.ca\/wp-content\/uploads\/2021\/01\/SSF_logo_CC0000-3.png","width":1107,"height":365,"caption":"Safety Source Fire"},"image":{"@id":"https:\/\/staging.safetysourcefire.ca\/#\/schema\/logo\/image\/"},"sameAs":["https:\/\/www.facebook.com\/mmfssca","https:\/\/x.com\/mmfssca"]}]}},"_links":{"self":[{"href":"https:\/\/staging.safetysourcefire.ca\/fr_ca\/wp-json\/wp\/v2\/product\/26207","targetHints":{"allow":["GET"]}}],"collection":[{"href":"https:\/\/staging.safetysourcefire.ca\/fr_ca\/wp-json\/wp\/v2\/product"}],"about":[{"href":"https:\/\/staging.safetysourcefire.ca\/fr_ca\/wp-json\/wp\/v2\/types\/product"}],"wp:featuredmedia":[{"embeddable":true,"href":"https:\/\/staging.safetysourcefire.ca\/fr_ca\/wp-json\/wp\/v2\/media\/26208"}],"wp:attachment":[{"href":"https:\/\/staging.safetysourcefire.ca\/fr_ca\/wp-json\/wp\/v2\/media?parent=26207"}],"wp:term":[{"taxonomy":"product_brand","embeddable":true,"href":"https:\/\/staging.safetysourcefire.ca\/fr_ca\/wp-json\/wp\/v2\/product_brand?post=26207"},{"taxonomy":"product_cat","embeddable":true,"href":"https:\/\/staging.safetysourcefire.ca\/fr_ca\/wp-json\/wp\/v2\/product_cat?post=26207"},{"taxonomy":"product_tag","embeddable":true,"href":"https:\/\/staging.safetysourcefire.ca\/fr_ca\/wp-json\/wp\/v2\/product_tag?post=26207"}],"curies":[{"name":"wp","href":"https:\/\/api.w.org\/{rel}","templated":true}]}}