{"id":26182,"date":"2022-01-26T19:43:21","date_gmt":"2022-01-26T19:43:21","guid":{"rendered":"https:\/\/safetysourcefire.ca\/?post_type=product&#038;p=26182"},"modified":"2022-01-26T20:45:11","modified_gmt":"2022-01-26T20:45:11","slug":"kokatat-mens-habanero-dry-suit-liner","status":"publish","type":"product","link":"https:\/\/staging.safetysourcefire.ca\/fr_ca\/produit\/kokatat-mens-habanero-dry-suit-liner\/","title":{"rendered":"Doublure Habanero pour combinaison \u00e9tanche Kokatat (homme)"},"content":{"rendered":"<ul>\n<li>Le mat\u00e9riel Polartec PowerDry est recycl\u00e9 \u00e0 90% . Il est extensible dans les quatre sens et tr\u00e8s \u00e9pais afin de vous garder au chaud. Cette doublure aide \u00e0 \u00e9vacuer l'humidit\u00e9 d\u00e9gag\u00e9e par votre peau afin que vous puissiez pagayer confortablement toute la journ\u00e9e.<\/li>\n<li>L&#039;int\u00e9rieur en velours doux est agr\u00e9able sur la peau.<\/li>\n<li>Le mat\u00e9riel ext\u00e9rieur en jersey est durable et permet une superposition lisse sous les couches ext\u00e9rieures telles que les combinaisons \u00e9tanches et les hauts secs.<\/li>\n<li>Une fermeture \u00e9clair \u00e0 l'avant rend cette doublure facile \u00e0 mettre et \u00e0 enlever. Le rabat \u00e0 fermeture \u00e9clair ainsi que le prot\u00e8ge-menton emp\u00eachent la fermeture \u00e9clair de frotter.<\/li>\n<li>La fermeture \u00e0 glissi\u00e8re arri\u00e8re et la braguette avant sont confortables et vous permettent de r\u00e9pondre facilement \u00e0 l'appel de la nature sans retirer compl\u00e8tement la doublure.<\/li>\n<li>Con\u00e7ue pour les pagayeurs, la doublure Habanero poss\u00e8de une cartographie corporelle articul\u00e9e avec un tissu quadrill\u00e9 plus l\u00e9ger aux aisselles, aux poignets et au cou pour un confort in\u00e9gal\u00e9 et une libert\u00e9 de mouvement illimit\u00e9e.<\/li>\n<li>Coutures plates pour une durabilit\u00e9 robuste et un confort in\u00e9gal\u00e9 sur la peau.<\/li>\n<li>La poche de poitrine \u00e0 fermeture \u00e9clair permet de ranger \u00e0 port\u00e9e de main vos cl\u00e9s, votre baume \u00e0 l\u00e8vres ou d'autres petits objets essentiels.<\/li>\n<li>Les caract\u00e9ristiques permettant d'aller aux toilettes, la poche de poitrine et les passants pour pouces situ\u00e9s dans les manches feront du Habanero un v\u00eatement de d\u00e9tente parfait pour le camp\u00a0!<\/li>\n<\/ul>","protected":false},"excerpt":{"rendered":"<p>Cette doublure Habanero fonctionne parfaitement sous une combinaison \u00e9tanche et offre une chaleur suppl\u00e9mentaire tout en \u00e9vacuant l'humidit\u00e9.<\/p>","protected":false},"featured_media":26189,"template":"","meta":[],"product_brand":[546],"product_cat":[51,135],"product_tag":[547],"class_list":{"0":"post-26182","1":"product","2":"type-product","3":"status-publish","4":"has-post-thumbnail","6":"product_brand-nrs","7":"product_cat-rescue","8":"product_cat-water-ice-rescue","9":"product_tag-nrs","11":"first","12":"instock","13":"shipping-taxable","14":"product-type-simple"},"yoast_head":"<!-- This site is optimized with the Yoast SEO plugin v27.4 - https:\/\/yoast.com\/product\/yoast-seo-wordpress\/ -->\n<title>Kokatat Men&#039;s Habanero Dry Suit Liner - Safety Source Fire<\/title>\n<meta name=\"robots\" content=\"noindex, follow, max-snippet:-1, max-image-preview:large, max-video-preview:-1\" \/>\n<meta property=\"og:locale\" content=\"fr_CA\" \/>\n<meta property=\"og:type\" content=\"article\" \/>\n<meta property=\"og:title\" content=\"Kokatat Men&#039;s Habanero Dry Suit Liner - Safety Source Fire\" \/>\n<meta property=\"og:description\" content=\"The Habanero&#039;s design works great under a dry suit and provides extra warmth and moisture wicking without excess bulk.\" \/>\n<meta property=\"og:url\" content=\"https:\/\/staging.safetysourcefire.ca\/fr_ca\/produit\/kokatat-mens-habanero-dry-suit-liner\/\" \/>\n<meta property=\"og:site_name\" content=\"Safety Source Fire\" \/>\n<meta property=\"article:publisher\" content=\"https:\/\/www.facebook.com\/mmfssca\" \/>\n<meta property=\"article:modified_time\" content=\"2022-01-26T20:45:11+00:00\" \/>\n<meta property=\"og:image\" content=\"https:\/\/staging.safetysourcefire.ca\/wp-content\/uploads\/2022\/01\/11504_01_coal_front_010917_1000x1000.jpg\" \/>\n\t<meta property=\"og:image:width\" content=\"600\" \/>\n\t<meta property=\"og:image:height\" content=\"600\" \/>\n\t<meta property=\"og:image:type\" content=\"image\/jpeg\" \/>\n<meta name=\"twitter:card\" content=\"summary_large_image\" \/>\n<meta name=\"twitter:site\" content=\"@mmfssca\" \/>\n<meta name=\"twitter:label1\" content=\"Estimation du temps de lecture\" \/>\n\t<meta name=\"twitter:data1\" content=\"1 minute\" \/>\n<script type=\"application\/ld+json\" class=\"yoast-schema-graph\">{\"@context\":\"https:\\\/\\\/schema.org\",\"@graph\":[{\"@type\":\"WebPage\",\"@id\":\"https:\\\/\\\/staging.safetysourcefire.ca\\\/product\\\/kokatat-mens-habanero-dry-suit-liner\\\/\",\"url\":\"https:\\\/\\\/staging.safetysourcefire.ca\\\/product\\\/kokatat-mens-habanero-dry-suit-liner\\\/\",\"name\":\"Kokatat Men's Habanero Dry Suit Liner - Safety Source Fire\",\"isPartOf\":{\"@id\":\"https:\\\/\\\/staging.safetysourcefire.ca\\\/#website\"},\"primaryImageOfPage\":{\"@id\":\"https:\\\/\\\/staging.safetysourcefire.ca\\\/product\\\/kokatat-mens-habanero-dry-suit-liner\\\/#primaryimage\"},\"image\":{\"@id\":\"https:\\\/\\\/staging.safetysourcefire.ca\\\/product\\\/kokatat-mens-habanero-dry-suit-liner\\\/#primaryimage\"},\"thumbnailUrl\":\"https:\\\/\\\/staging.safetysourcefire.ca\\\/wp-content\\\/uploads\\\/2022\\\/01\\\/11504_01_coal_front_010917_1000x1000.jpg\",\"datePublished\":\"2022-01-26T19:43:21+00:00\",\"dateModified\":\"2022-01-26T20:45:11+00:00\",\"breadcrumb\":{\"@id\":\"https:\\\/\\\/staging.safetysourcefire.ca\\\/product\\\/kokatat-mens-habanero-dry-suit-liner\\\/#breadcrumb\"},\"inLanguage\":\"fr-CA\",\"potentialAction\":[{\"@type\":\"ReadAction\",\"target\":[\"https:\\\/\\\/staging.safetysourcefire.ca\\\/product\\\/kokatat-mens-habanero-dry-suit-liner\\\/\"]}]},{\"@type\":\"ImageObject\",\"inLanguage\":\"fr-CA\",\"@id\":\"https:\\\/\\\/staging.safetysourcefire.ca\\\/product\\\/kokatat-mens-habanero-dry-suit-liner\\\/#primaryimage\",\"url\":\"https:\\\/\\\/staging.safetysourcefire.ca\\\/wp-content\\\/uploads\\\/2022\\\/01\\\/11504_01_coal_front_010917_1000x1000.jpg\",\"contentUrl\":\"https:\\\/\\\/staging.safetysourcefire.ca\\\/wp-content\\\/uploads\\\/2022\\\/01\\\/11504_01_coal_front_010917_1000x1000.jpg\",\"width\":600,\"height\":600,\"caption\":\"drysuit liner\"},{\"@type\":\"BreadcrumbList\",\"@id\":\"https:\\\/\\\/staging.safetysourcefire.ca\\\/product\\\/kokatat-mens-habanero-dry-suit-liner\\\/#breadcrumb\",\"itemListElement\":[{\"@type\":\"ListItem\",\"position\":1,\"name\":\"Home\",\"item\":\"https:\\\/\\\/staging.safetysourcefire.ca\\\/\"},{\"@type\":\"ListItem\",\"position\":2,\"name\":\"Products\",\"item\":\"https:\\\/\\\/staging.safetysourcefire.ca\\\/shop\\\/\"},{\"@type\":\"ListItem\",\"position\":3,\"name\":\"Kokatat Men&#8217;s Habanero Dry Suit Liner\"}]},{\"@type\":\"WebSite\",\"@id\":\"https:\\\/\\\/staging.safetysourcefire.ca\\\/#website\",\"url\":\"https:\\\/\\\/staging.safetysourcefire.ca\\\/\",\"name\":\"Safety Source Fire\",\"description\":\"\",\"publisher\":{\"@id\":\"https:\\\/\\\/staging.safetysourcefire.ca\\\/#organization\"},\"potentialAction\":[{\"@type\":\"SearchAction\",\"target\":{\"@type\":\"EntryPoint\",\"urlTemplate\":\"https:\\\/\\\/staging.safetysourcefire.ca\\\/?s={search_term_string}\"},\"query-input\":{\"@type\":\"PropertyValueSpecification\",\"valueRequired\":true,\"valueName\":\"search_term_string\"}}],\"inLanguage\":\"fr-CA\"},{\"@type\":\"Organization\",\"@id\":\"https:\\\/\\\/staging.safetysourcefire.ca\\\/#organization\",\"name\":\"Safety Source Fire\",\"url\":\"https:\\\/\\\/staging.safetysourcefire.ca\\\/\",\"logo\":{\"@type\":\"ImageObject\",\"inLanguage\":\"fr-CA\",\"@id\":\"https:\\\/\\\/staging.safetysourcefire.ca\\\/#\\\/schema\\\/logo\\\/image\\\/\",\"url\":\"https:\\\/\\\/staging.safetysourcefire.ca\\\/wp-content\\\/uploads\\\/2021\\\/01\\\/SSF_logo_CC0000-3.png\",\"contentUrl\":\"https:\\\/\\\/staging.safetysourcefire.ca\\\/wp-content\\\/uploads\\\/2021\\\/01\\\/SSF_logo_CC0000-3.png\",\"width\":1107,\"height\":365,\"caption\":\"Safety Source Fire\"},\"image\":{\"@id\":\"https:\\\/\\\/staging.safetysourcefire.ca\\\/#\\\/schema\\\/logo\\\/image\\\/\"},\"sameAs\":[\"https:\\\/\\\/www.facebook.com\\\/mmfssca\",\"https:\\\/\\\/x.com\\\/mmfssca\"]}]}<\/script>\n<!-- \/ Yoast SEO plugin. -->","yoast_head_json":{"title":"Doublure de combinaison \u00e9tanche Kokatat Habanero pour homme - Safety Source Fire","robots":{"index":"noindex","follow":"follow","max-snippet":"max-snippet:-1","max-image-preview":"max-image-preview:large","max-video-preview":"max-video-preview:-1"},"og_locale":"fr_CA","og_type":"article","og_title":"Kokatat Men's Habanero Dry Suit Liner - Safety Source Fire","og_description":"The Habanero's design works great under a dry suit and provides extra warmth and moisture wicking without excess bulk.","og_url":"https:\/\/staging.safetysourcefire.ca\/fr_ca\/produit\/kokatat-mens-habanero-dry-suit-liner\/","og_site_name":"Safety Source Fire","article_publisher":"https:\/\/www.facebook.com\/mmfssca","article_modified_time":"2022-01-26T20:45:11+00:00","og_image":[{"width":600,"height":600,"url":"https:\/\/staging.safetysourcefire.ca\/wp-content\/uploads\/2022\/01\/11504_01_coal_front_010917_1000x1000.jpg","type":"image\/jpeg"}],"twitter_card":"summary_large_image","twitter_site":"@mmfssca","twitter_misc":{"Estimation du temps de lecture":"1 minute"},"schema":{"@context":"https:\/\/schema.org","@graph":[{"@type":"WebPage","@id":"https:\/\/staging.safetysourcefire.ca\/product\/kokatat-mens-habanero-dry-suit-liner\/","url":"https:\/\/staging.safetysourcefire.ca\/product\/kokatat-mens-habanero-dry-suit-liner\/","name":"Doublure de combinaison \u00e9tanche Kokatat Habanero pour homme - Safety Source Fire","isPartOf":{"@id":"https:\/\/staging.safetysourcefire.ca\/#website"},"primaryImageOfPage":{"@id":"https:\/\/staging.safetysourcefire.ca\/product\/kokatat-mens-habanero-dry-suit-liner\/#primaryimage"},"image":{"@id":"https:\/\/staging.safetysourcefire.ca\/product\/kokatat-mens-habanero-dry-suit-liner\/#primaryimage"},"thumbnailUrl":"https:\/\/staging.safetysourcefire.ca\/wp-content\/uploads\/2022\/01\/11504_01_coal_front_010917_1000x1000.jpg","datePublished":"2022-01-26T19:43:21+00:00","dateModified":"2022-01-26T20:45:11+00:00","breadcrumb":{"@id":"https:\/\/staging.safetysourcefire.ca\/product\/kokatat-mens-habanero-dry-suit-liner\/#breadcrumb"},"inLanguage":"fr-CA","potentialAction":[{"@type":"ReadAction","target":["https:\/\/staging.safetysourcefire.ca\/product\/kokatat-mens-habanero-dry-suit-liner\/"]}]},{"@type":"ImageObject","inLanguage":"fr-CA","@id":"https:\/\/staging.safetysourcefire.ca\/product\/kokatat-mens-habanero-dry-suit-liner\/#primaryimage","url":"https:\/\/staging.safetysourcefire.ca\/wp-content\/uploads\/2022\/01\/11504_01_coal_front_010917_1000x1000.jpg","contentUrl":"https:\/\/staging.safetysourcefire.ca\/wp-content\/uploads\/2022\/01\/11504_01_coal_front_010917_1000x1000.jpg","width":600,"height":600,"caption":"drysuit liner"},{"@type":"BreadcrumbList","@id":"https:\/\/staging.safetysourcefire.ca\/product\/kokatat-mens-habanero-dry-suit-liner\/#breadcrumb","itemListElement":[{"@type":"ListItem","position":1,"name":"Home","item":"https:\/\/staging.safetysourcefire.ca\/"},{"@type":"ListItem","position":2,"name":"Products","item":"https:\/\/staging.safetysourcefire.ca\/shop\/"},{"@type":"ListItem","position":3,"name":"Kokatat Men&#8217;s Habanero Dry Suit Liner"}]},{"@type":"WebSite","@id":"https:\/\/staging.safetysourcefire.ca\/#website","url":"https:\/\/staging.safetysourcefire.ca\/","name":"Safety Source Fire","description":"","publisher":{"@id":"https:\/\/staging.safetysourcefire.ca\/#organization"},"potentialAction":[{"@type":"SearchAction","target":{"@type":"EntryPoint","urlTemplate":"https:\/\/staging.safetysourcefire.ca\/?s={search_term_string}"},"query-input":{"@type":"PropertyValueSpecification","valueRequired":true,"valueName":"search_term_string"}}],"inLanguage":"fr-CA"},{"@type":"Organization","@id":"https:\/\/staging.safetysourcefire.ca\/#organization","name":"Safety Source Fire","url":"https:\/\/staging.safetysourcefire.ca\/","logo":{"@type":"ImageObject","inLanguage":"fr-CA","@id":"https:\/\/staging.safetysourcefire.ca\/#\/schema\/logo\/image\/","url":"https:\/\/staging.safetysourcefire.ca\/wp-content\/uploads\/2021\/01\/SSF_logo_CC0000-3.png","contentUrl":"https:\/\/staging.safetysourcefire.ca\/wp-content\/uploads\/2021\/01\/SSF_logo_CC0000-3.png","width":1107,"height":365,"caption":"Safety Source Fire"},"image":{"@id":"https:\/\/staging.safetysourcefire.ca\/#\/schema\/logo\/image\/"},"sameAs":["https:\/\/www.facebook.com\/mmfssca","https:\/\/x.com\/mmfssca"]}]}},"_links":{"self":[{"href":"https:\/\/staging.safetysourcefire.ca\/fr_ca\/wp-json\/wp\/v2\/product\/26182","targetHints":{"allow":["GET"]}}],"collection":[{"href":"https:\/\/staging.safetysourcefire.ca\/fr_ca\/wp-json\/wp\/v2\/product"}],"about":[{"href":"https:\/\/staging.safetysourcefire.ca\/fr_ca\/wp-json\/wp\/v2\/types\/product"}],"wp:featuredmedia":[{"embeddable":true,"href":"https:\/\/staging.safetysourcefire.ca\/fr_ca\/wp-json\/wp\/v2\/media\/26189"}],"wp:attachment":[{"href":"https:\/\/staging.safetysourcefire.ca\/fr_ca\/wp-json\/wp\/v2\/media?parent=26182"}],"wp:term":[{"taxonomy":"product_brand","embeddable":true,"href":"https:\/\/staging.safetysourcefire.ca\/fr_ca\/wp-json\/wp\/v2\/product_brand?post=26182"},{"taxonomy":"product_cat","embeddable":true,"href":"https:\/\/staging.safetysourcefire.ca\/fr_ca\/wp-json\/wp\/v2\/product_cat?post=26182"},{"taxonomy":"product_tag","embeddable":true,"href":"https:\/\/staging.safetysourcefire.ca\/fr_ca\/wp-json\/wp\/v2\/product_tag?post=26182"}],"curies":[{"name":"wp","href":"https:\/\/api.w.org\/{rel}","templated":true}]}}