{"id":25954,"date":"2021-09-15T15:00:35","date_gmt":"2021-09-15T15:00:35","guid":{"rendered":"https:\/\/safetysourcefire.ca\/?post_type=product&#038;p=25954"},"modified":"2023-03-30T13:26:58","modified_gmt":"2023-03-30T13:26:58","slug":"ust-lw","status":"publish","type":"product","link":"https:\/\/staging.safetysourcefire.ca\/fr_ca\/produit\/ust-lw\/","title":{"rendered":"Casque UST\u2122-LW"},"content":{"rendered":"<div id=\"whatsTheSkinny\" class=\"section bg-white\">\n<div class=\"heading-block center\"><\/div>\n<div class=\"container\">\n<div class=\"row\">\n<div class=\"col-md-6 flex\">\n<ul>\n<li>Grande r\u00e9sistance et performance de protection<\/li>\n<li>Coque compos\u00e9e de nouveaux mat\u00e9riaux en composites de fibre de verre offrant une r\u00e9duction de poids allant jusqu'\u00e0 10 oz, sans compromettre la protection<\/li>\n<li>Nouvelle finition super mate disponible en couleur noir, rouge, blanc, ou jaune<\/li>\n<li>Maintenant l'un des plus l\u00e9gers sur le march\u00e9  (54,4 oz)<\/li>\n<\/ul>\n<\/div>\n<\/div>\n<\/div>\n<\/div>\n<div id=\"placeholder2\" class=\"section bg-white\">\n<div class=\"container clearfix\">\n<div class=\"row mb-5\">\n<div class=\"col-lg-6 flex\">\n<div class=\"custom-title mb-4\"><strong>S\u00e9curit\u00e9 et protection<\/strong><\/div>\n<div>\n<ul>\n<li>Con\u00e7u pour une r\u00e9sistance \u00e9lev\u00e9e aux chocs et \u00e0 la chaleur<\/li>\n<li>Doublure int\u00e9rieure en nylon moul\u00e9 avec barri\u00e8re thermique en mousse de polyur\u00e9thane offrant une protection contre les chocs et une r\u00e9sistance \u00e0 l'\u00e9chauffement interne<\/li>\n<li>D\u00e9passe la norme NFPA 1971(Standard on Protective Ensemble for Structural Firefighting and Proximity Firefighting) relative aux casques de pompiers structurels<\/li>\n<\/ul>\n<\/div>\n<\/div>\n<\/div>\n<div class=\"row mb-5\">\n<div class=\"col-lg-6 flex\">\n<div class=\"custom-title mb-4\"><strong>Option de visi\u00e8re int\u00e9gr\u00e9e<\/strong><\/div>\n<div>\n<ul>\n<li>ReTrak\u00ae disponible en option. S'adapte facilement aux lunettes et s'op\u00e8re facilement \u00e0 une seule main<\/li>\n<li>S'adapte confortablement aux traits du visage et du nez, sans ajouter de pression<\/li>\n<\/ul>\n<\/div>\n<\/div>\n<\/div>\n<div class=\"row mb-5\">\n<div class=\"col-lg-6 flex\">\n<div class=\"custom-title mb-4\"><strong>Confort personnalis\u00e9<\/strong><\/div>\n<div>\n<ul>\n<li>Syst\u00e8me exclusif de serre-t\u00eate U-Fit avec 36 possibilit\u00e9s de r\u00e9glage diff\u00e9rents. Le plus versatile dans l'industrie; s'adapte \u00e0 plusieurs tailles de t\u00eate<\/li>\n<\/ul>\n<\/div>\n<\/div>\n<\/div>\n<div class=\"row mb-5\">\n<div class=\"col-lg-6 flex\">\n<div class=\"custom-title mb-4\"><strong>Voyez tout!<\/strong><\/div>\n<div>\n<ul>\n<li>L'\u00e9clairage de casque int\u00e9gr\u00e9 TrakLite\u00ae (en option) comprend huit lumi\u00e8res LED lumineuses de longue dur\u00e9e orient\u00e9es vers l'avant<\/li>\n<\/ul>\n<\/div>\n<\/div>\n<\/div>\n<div class=\"row mb-5\">\n<div class=\"col-lg-6 flex\">\n<div class=\"custom-title mb-4\"><strong>Restez propres<\/strong><\/div>\n<div>\n<ul>\n<li>Housse \u00e0 cliquet en coton, coussin pour sourcils et prot\u00e8ge-oreilles\/cou facilement amovibles pour le nettoyage et la d\u00e9contamination<\/li>\n<\/ul>\n<p><a href=\"https:\/\/staging.safetysourcefire.ca\/wp-content\/uploads\/2021\/09\/FH_UST_LW_Sales_sheet_8753_0921_FINAL_DSR.pdf\">T\u00e9l\u00e9charger la brochure<\/a><\/p>\n<\/div>\n<\/div>\n<\/div>\n<\/div>\n<\/div>\n<p><iframe loading=\"lazy\" title=\"UST-LW Caract\u00e9ristiques et avantages Animation.mp4\" src=\"https:\/\/player.vimeo.com\/video\/594785529?dnt=1&amp;app_id=122963&amp;h=fade78f49c\" width=\"980\" height=\"551\" frameborder=\"0\" allow=\"autoplay; fullscreen; picture-in-picture\" allowfullscreen><\/iframe><\/p>\n<p>&nbsp;<\/p>","protected":false},"excerpt":{"rendered":"<p>Casque de pompier de style traditionnel super l\u00e9ger<\/p>","protected":false},"featured_media":25957,"template":"","meta":[],"product_brand":[201],"product_cat":[124,50],"product_tag":[265],"class_list":{"0":"post-25954","1":"product","2":"type-product","3":"status-publish","4":"has-post-thumbnail","6":"product_brand-bullard","7":"product_cat-helmets","8":"product_cat-personal-protective-equipment","9":"product_tag-bullard","11":"first","12":"instock","13":"shipping-taxable","14":"product-type-simple"},"yoast_head":"<!-- This site is optimized with the Yoast SEO plugin v27.4 - https:\/\/yoast.com\/product\/yoast-seo-wordpress\/ -->\n<title>UST\u2122-LW - Safety Source Fire<\/title>\n<meta name=\"robots\" content=\"noindex, follow, max-snippet:-1, max-image-preview:large, max-video-preview:-1\" \/>\n<meta property=\"og:locale\" content=\"fr_CA\" \/>\n<meta property=\"og:type\" content=\"article\" \/>\n<meta property=\"og:title\" content=\"UST\u2122-LW - Safety Source Fire\" \/>\n<meta property=\"og:description\" content=\"Super Lightweight Traditional Style Fire Helmet\" \/>\n<meta property=\"og:url\" content=\"https:\/\/staging.safetysourcefire.ca\/fr_ca\/produit\/ust-lw\/\" \/>\n<meta property=\"og:site_name\" content=\"Safety Source Fire\" \/>\n<meta property=\"article:publisher\" content=\"https:\/\/www.facebook.com\/mmfssca\" \/>\n<meta property=\"article:modified_time\" content=\"2023-03-30T13:26:58+00:00\" \/>\n<meta property=\"og:image\" content=\"https:\/\/staging.safetysourcefire.ca\/wp-content\/uploads\/2021\/09\/UST_LW_Front_red.jpg\" \/>\n\t<meta property=\"og:image:width\" content=\"600\" \/>\n\t<meta property=\"og:image:height\" content=\"600\" \/>\n\t<meta property=\"og:image:type\" content=\"image\/jpeg\" \/>\n<meta name=\"twitter:card\" content=\"summary_large_image\" \/>\n<meta name=\"twitter:site\" content=\"@mmfssca\" \/>\n<meta name=\"twitter:label1\" content=\"Estimation du temps de lecture\" \/>\n\t<meta name=\"twitter:data1\" content=\"1 minute\" \/>\n<script type=\"application\/ld+json\" class=\"yoast-schema-graph\">{\"@context\":\"https:\\\/\\\/schema.org\",\"@graph\":[{\"@type\":\"WebPage\",\"@id\":\"https:\\\/\\\/staging.safetysourcefire.ca\\\/product\\\/ust-lw\\\/\",\"url\":\"https:\\\/\\\/staging.safetysourcefire.ca\\\/product\\\/ust-lw\\\/\",\"name\":\"UST\u2122-LW - Safety Source Fire\",\"isPartOf\":{\"@id\":\"https:\\\/\\\/staging.safetysourcefire.ca\\\/#website\"},\"primaryImageOfPage\":{\"@id\":\"https:\\\/\\\/staging.safetysourcefire.ca\\\/product\\\/ust-lw\\\/#primaryimage\"},\"image\":{\"@id\":\"https:\\\/\\\/staging.safetysourcefire.ca\\\/product\\\/ust-lw\\\/#primaryimage\"},\"thumbnailUrl\":\"https:\\\/\\\/staging.safetysourcefire.ca\\\/wp-content\\\/uploads\\\/2021\\\/09\\\/UST_LW_Front_red.jpg\",\"datePublished\":\"2021-09-15T15:00:35+00:00\",\"dateModified\":\"2023-03-30T13:26:58+00:00\",\"breadcrumb\":{\"@id\":\"https:\\\/\\\/staging.safetysourcefire.ca\\\/product\\\/ust-lw\\\/#breadcrumb\"},\"inLanguage\":\"fr-CA\",\"potentialAction\":[{\"@type\":\"ReadAction\",\"target\":[\"https:\\\/\\\/staging.safetysourcefire.ca\\\/product\\\/ust-lw\\\/\"]}]},{\"@type\":\"ImageObject\",\"inLanguage\":\"fr-CA\",\"@id\":\"https:\\\/\\\/staging.safetysourcefire.ca\\\/product\\\/ust-lw\\\/#primaryimage\",\"url\":\"https:\\\/\\\/staging.safetysourcefire.ca\\\/wp-content\\\/uploads\\\/2021\\\/09\\\/UST_LW_Front_red.jpg\",\"contentUrl\":\"https:\\\/\\\/staging.safetysourcefire.ca\\\/wp-content\\\/uploads\\\/2021\\\/09\\\/UST_LW_Front_red.jpg\",\"width\":600,\"height\":600,\"caption\":\"red helmet\"},{\"@type\":\"BreadcrumbList\",\"@id\":\"https:\\\/\\\/staging.safetysourcefire.ca\\\/product\\\/ust-lw\\\/#breadcrumb\",\"itemListElement\":[{\"@type\":\"ListItem\",\"position\":1,\"name\":\"Home\",\"item\":\"https:\\\/\\\/staging.safetysourcefire.ca\\\/\"},{\"@type\":\"ListItem\",\"position\":2,\"name\":\"Products\",\"item\":\"https:\\\/\\\/staging.safetysourcefire.ca\\\/shop\\\/\"},{\"@type\":\"ListItem\",\"position\":3,\"name\":\"UST\u2122-LW\"}]},{\"@type\":\"WebSite\",\"@id\":\"https:\\\/\\\/staging.safetysourcefire.ca\\\/#website\",\"url\":\"https:\\\/\\\/staging.safetysourcefire.ca\\\/\",\"name\":\"Safety Source Fire\",\"description\":\"\",\"publisher\":{\"@id\":\"https:\\\/\\\/staging.safetysourcefire.ca\\\/#organization\"},\"potentialAction\":[{\"@type\":\"SearchAction\",\"target\":{\"@type\":\"EntryPoint\",\"urlTemplate\":\"https:\\\/\\\/staging.safetysourcefire.ca\\\/?s={search_term_string}\"},\"query-input\":{\"@type\":\"PropertyValueSpecification\",\"valueRequired\":true,\"valueName\":\"search_term_string\"}}],\"inLanguage\":\"fr-CA\"},{\"@type\":\"Organization\",\"@id\":\"https:\\\/\\\/staging.safetysourcefire.ca\\\/#organization\",\"name\":\"Safety Source Fire\",\"url\":\"https:\\\/\\\/staging.safetysourcefire.ca\\\/\",\"logo\":{\"@type\":\"ImageObject\",\"inLanguage\":\"fr-CA\",\"@id\":\"https:\\\/\\\/staging.safetysourcefire.ca\\\/#\\\/schema\\\/logo\\\/image\\\/\",\"url\":\"https:\\\/\\\/staging.safetysourcefire.ca\\\/wp-content\\\/uploads\\\/2021\\\/01\\\/SSF_logo_CC0000-3.png\",\"contentUrl\":\"https:\\\/\\\/staging.safetysourcefire.ca\\\/wp-content\\\/uploads\\\/2021\\\/01\\\/SSF_logo_CC0000-3.png\",\"width\":1107,\"height\":365,\"caption\":\"Safety Source Fire\"},\"image\":{\"@id\":\"https:\\\/\\\/staging.safetysourcefire.ca\\\/#\\\/schema\\\/logo\\\/image\\\/\"},\"sameAs\":[\"https:\\\/\\\/www.facebook.com\\\/mmfssca\",\"https:\\\/\\\/x.com\\\/mmfssca\"]}]}<\/script>\n<!-- \/ Yoast SEO plugin. -->","yoast_head_json":{"title":"UST\u2122-LW - Incendie de source de s\u00e9curit\u00e9","robots":{"index":"noindex","follow":"follow","max-snippet":"max-snippet:-1","max-image-preview":"max-image-preview:large","max-video-preview":"max-video-preview:-1"},"og_locale":"fr_CA","og_type":"article","og_title":"UST\u2122-LW - Safety Source Fire","og_description":"Super Lightweight Traditional Style Fire Helmet","og_url":"https:\/\/staging.safetysourcefire.ca\/fr_ca\/produit\/ust-lw\/","og_site_name":"Safety Source Fire","article_publisher":"https:\/\/www.facebook.com\/mmfssca","article_modified_time":"2023-03-30T13:26:58+00:00","og_image":[{"width":600,"height":600,"url":"https:\/\/staging.safetysourcefire.ca\/wp-content\/uploads\/2021\/09\/UST_LW_Front_red.jpg","type":"image\/jpeg"}],"twitter_card":"summary_large_image","twitter_site":"@mmfssca","twitter_misc":{"Estimation du temps de lecture":"1 minute"},"schema":{"@context":"https:\/\/schema.org","@graph":[{"@type":"WebPage","@id":"https:\/\/staging.safetysourcefire.ca\/product\/ust-lw\/","url":"https:\/\/staging.safetysourcefire.ca\/product\/ust-lw\/","name":"UST\u2122-LW - Incendie de source de s\u00e9curit\u00e9","isPartOf":{"@id":"https:\/\/staging.safetysourcefire.ca\/#website"},"primaryImageOfPage":{"@id":"https:\/\/staging.safetysourcefire.ca\/product\/ust-lw\/#primaryimage"},"image":{"@id":"https:\/\/staging.safetysourcefire.ca\/product\/ust-lw\/#primaryimage"},"thumbnailUrl":"https:\/\/staging.safetysourcefire.ca\/wp-content\/uploads\/2021\/09\/UST_LW_Front_red.jpg","datePublished":"2021-09-15T15:00:35+00:00","dateModified":"2023-03-30T13:26:58+00:00","breadcrumb":{"@id":"https:\/\/staging.safetysourcefire.ca\/product\/ust-lw\/#breadcrumb"},"inLanguage":"fr-CA","potentialAction":[{"@type":"ReadAction","target":["https:\/\/staging.safetysourcefire.ca\/product\/ust-lw\/"]}]},{"@type":"ImageObject","inLanguage":"fr-CA","@id":"https:\/\/staging.safetysourcefire.ca\/product\/ust-lw\/#primaryimage","url":"https:\/\/staging.safetysourcefire.ca\/wp-content\/uploads\/2021\/09\/UST_LW_Front_red.jpg","contentUrl":"https:\/\/staging.safetysourcefire.ca\/wp-content\/uploads\/2021\/09\/UST_LW_Front_red.jpg","width":600,"height":600,"caption":"red helmet"},{"@type":"BreadcrumbList","@id":"https:\/\/staging.safetysourcefire.ca\/product\/ust-lw\/#breadcrumb","itemListElement":[{"@type":"ListItem","position":1,"name":"Home","item":"https:\/\/staging.safetysourcefire.ca\/"},{"@type":"ListItem","position":2,"name":"Products","item":"https:\/\/staging.safetysourcefire.ca\/shop\/"},{"@type":"ListItem","position":3,"name":"UST\u2122-LW"}]},{"@type":"WebSite","@id":"https:\/\/staging.safetysourcefire.ca\/#website","url":"https:\/\/staging.safetysourcefire.ca\/","name":"Safety Source Fire","description":"","publisher":{"@id":"https:\/\/staging.safetysourcefire.ca\/#organization"},"potentialAction":[{"@type":"SearchAction","target":{"@type":"EntryPoint","urlTemplate":"https:\/\/staging.safetysourcefire.ca\/?s={search_term_string}"},"query-input":{"@type":"PropertyValueSpecification","valueRequired":true,"valueName":"search_term_string"}}],"inLanguage":"fr-CA"},{"@type":"Organization","@id":"https:\/\/staging.safetysourcefire.ca\/#organization","name":"Safety Source Fire","url":"https:\/\/staging.safetysourcefire.ca\/","logo":{"@type":"ImageObject","inLanguage":"fr-CA","@id":"https:\/\/staging.safetysourcefire.ca\/#\/schema\/logo\/image\/","url":"https:\/\/staging.safetysourcefire.ca\/wp-content\/uploads\/2021\/01\/SSF_logo_CC0000-3.png","contentUrl":"https:\/\/staging.safetysourcefire.ca\/wp-content\/uploads\/2021\/01\/SSF_logo_CC0000-3.png","width":1107,"height":365,"caption":"Safety Source Fire"},"image":{"@id":"https:\/\/staging.safetysourcefire.ca\/#\/schema\/logo\/image\/"},"sameAs":["https:\/\/www.facebook.com\/mmfssca","https:\/\/x.com\/mmfssca"]}]}},"_links":{"self":[{"href":"https:\/\/staging.safetysourcefire.ca\/fr_ca\/wp-json\/wp\/v2\/product\/25954","targetHints":{"allow":["GET"]}}],"collection":[{"href":"https:\/\/staging.safetysourcefire.ca\/fr_ca\/wp-json\/wp\/v2\/product"}],"about":[{"href":"https:\/\/staging.safetysourcefire.ca\/fr_ca\/wp-json\/wp\/v2\/types\/product"}],"wp:featuredmedia":[{"embeddable":true,"href":"https:\/\/staging.safetysourcefire.ca\/fr_ca\/wp-json\/wp\/v2\/media\/25957"}],"wp:attachment":[{"href":"https:\/\/staging.safetysourcefire.ca\/fr_ca\/wp-json\/wp\/v2\/media?parent=25954"}],"wp:term":[{"taxonomy":"product_brand","embeddable":true,"href":"https:\/\/staging.safetysourcefire.ca\/fr_ca\/wp-json\/wp\/v2\/product_brand?post=25954"},{"taxonomy":"product_cat","embeddable":true,"href":"https:\/\/staging.safetysourcefire.ca\/fr_ca\/wp-json\/wp\/v2\/product_cat?post=25954"},{"taxonomy":"product_tag","embeddable":true,"href":"https:\/\/staging.safetysourcefire.ca\/fr_ca\/wp-json\/wp\/v2\/product_tag?post=25954"}],"curies":[{"name":"wp","href":"https:\/\/api.w.org\/{rel}","templated":true}]}}