{"id":25766,"date":"2021-08-03T20:08:19","date_gmt":"2021-08-03T20:08:19","guid":{"rendered":"https:\/\/safetysourcefire.ca\/?post_type=product&#038;p=25766"},"modified":"2023-10-03T12:37:14","modified_gmt":"2023-10-03T12:37:14","slug":"crewprotect-multi-threat-air-filtration","status":"publish","type":"product","link":"https:\/\/staging.safetysourcefire.ca\/fr_ca\/produit\/crewprotect-multi-threat-air-filtration\/","title":{"rendered":"Filtration d&#039;air multi-menaces CrewProtect\u2122"},"content":{"rendered":"<p>Les pompiers d'aujourd'hui sont confront\u00e9s \u00e0 des risques importants: non seulement pendant l'intervention, mais \u00e9galement apr\u00e8s l'appel. En effet, apr\u00e8s avoir quitt\u00e9 un feu, le personnel, les v\u00eatements et l'\u00e9quipement sont contamin\u00e9s par des particules de suie canc\u00e9rig\u00e8nes et certains articles continueront \u00e0 d\u00e9gager des COV (compos\u00e9s organiques volatils) qui peuvent \u00eatre inhal\u00e9s jusqu'\u00e0 45 minutes apr\u00e8s l'exposition initiale. De plus, les op\u00e9rations de type m\u00e9dicales et la proximit\u00e9 des appareils augmentent les risques d'exposition \u00e0 une gamme de menaces bact\u00e9riennes et virales.<\/p>\n<p>Contrairement aux produits concurrents qui traitent habituellement une ou deux menaces, CrewProtect s'attaque aux trois probl\u00e8mes importants pour les pompiers, soit notamment les particules, les COV et les a\u00e9rosols transportant des bact\u00e9ries et des virus (y compris le SARS-CoV-2, le virus qui cause le COVID-19). CrewProtect est une solution compl\u00e8te et unique en son genre qui aide \u00e0 prot\u00e9ger les premiers intervenants contre les multiples contaminants atmosph\u00e9riques nocifs et canc\u00e9rig\u00e8nes.<\/p>\n<p><strong>FILTRATION 4 EN 1<a href=\"https:\/\/staging.safetysourcefire.ca\/wp-content\/uploads\/2021\/08\/Multi-Stage-Filtration-1.jpg\"><img loading=\"lazy\" decoding=\"async\" class=\"alignright wp-image-25769\" src=\"https:\/\/staging.safetysourcefire.ca\/wp-content\/uploads\/2021\/08\/Multi-Stage-Filtration-1-300x126.jpg\" alt=\"\" width=\"331\" height=\"139\" srcset=\"https:\/\/staging.safetysourcefire.ca\/wp-content\/uploads\/2021\/08\/Multi-Stage-Filtration-1-300x126.jpg 300w, https:\/\/staging.safetysourcefire.ca\/wp-content\/uploads\/2021\/08\/Multi-Stage-Filtration-1-150x63.jpg 150w, https:\/\/staging.safetysourcefire.ca\/wp-content\/uploads\/2021\/08\/Multi-Stage-Filtration-1-768x323.jpg 768w, https:\/\/staging.safetysourcefire.ca\/wp-content\/uploads\/2021\/08\/Multi-Stage-Filtration-1-18x8.jpg 18w, https:\/\/staging.safetysourcefire.ca\/wp-content\/uploads\/2021\/08\/Multi-Stage-Filtration-1-416x175.jpg 416w, https:\/\/staging.safetysourcefire.ca\/wp-content\/uploads\/2021\/08\/Multi-Stage-Filtration-1.jpg 1000w\" sizes=\"auto, (max-width: 331px) 100vw, 331px\" \/><\/a><\/strong><\/p>\n<ol>\n<li>Pr\u00e9-filtre : Pi\u00e8ge la poussi\u00e8re, le pollen et les grosses particules.<\/li>\n<li>Filtration mol\u00e9culaire brevet\u00e9 : \u00c9limine les a\u00e9rosols porteurs de virus en suspension dans l'air et oxyde les mol\u00e9cules en toute s\u00e9curit\u00e9 tout en \u00e9liminant les gaz toxiques et nocifs.<\/li>\n<li>Fibres PuraWard : Poss\u00e8de une micro-technologie int\u00e9gr\u00e9e contenant un additif antimicrobien enregistr\u00e9 EPA utilisant des ions de cuivre et d'argent pour combattre de nombreuses bact\u00e9ries et virus\u2020.<\/li>\n<li>Filtre final HEPA : capture les PM 0,3, PM 2,5 et autres particules, allerg\u00e8nes, bact\u00e9ries et virus.<\/li>\n<\/ol>\n<p>&nbsp;<\/p>\n<p><strong>UN SYST\u00c8ME DE FILTRATION D&#039;AIR UNIQUE, AUTONOME ET COMPLET POUR LES CABINES D&#039;APPAREILS FERM\u00c9S<\/strong><br \/>\nCrewProtect est un syst\u00e8me de filtration d&#039;air unique, autonome et complet pour les cabines d&#039;appareils ferm\u00e9es qui prot\u00e8ge les premiers intervenants contre les multiples menaces auxquelles ils sont confront\u00e9s chaque jour. CrewProtect peut \u00eatre facilement install\u00e9 dans des appareils nouveaux ou existants par les OEM, les revendeurs d&#039;appareils ou les ateliers d&#039;entretien d&#039;appareils<\/p>\n<p>CrewProtect est une solution ''plug-and-play'' pour les camions neufs ou d\u00e9j\u00e0 en service. Il se monte facilement sur le toit, le mur ou la niche et se connecte \u00e0 l'alimentation standard des camions, ne consommant que 2 amp\u00e8res.<\/p>\n<p><strong>PARTENARIAT AVEC PURAFIL<\/strong><br \/>\nTFT s'est associ\u00e9 \u00e0 notre soci\u00e9t\u00e9 s\u0153ur, Purafil - l'une des plus grandes soci\u00e9t\u00e9s de filtration d'air au monde - pour int\u00e9grer cette technologie de filtration \u00e9prouv\u00e9e et brevet\u00e9e dans CrewProtect. Des syst\u00e8mes de filtration similaires sont aujourd'hui utilis\u00e9s dans les h\u00f4pitaux, les sites industriels, les \u00e9coles, les sites \u00e9nerg\u00e9tiques, les sites d'agriculture et de production alimentaire du monde entier.<\/p>\n<p><a href=\"https:\/\/mozayassets.nyc3.cdn.digitaloceanspaces.com\/purafil\/assets\/crewprotect\/TFT_CrewProtect_Booklet_Final_Web_Small.pdf\">Voir la brochure<\/a><\/p>\n<p><iframe loading=\"lazy\" title=\"vimeo-player\" src=\"https:\/\/player.vimeo.com\/video\/580906080\" width=\"640\" height=\"337\" frameborder=\"0\" allowfullscreen=\"allowfullscreen\"><\/iframe><\/p>","protected":false},"excerpt":{"rendered":"<p>CrewProtect est une solution compl\u00e8te et simple pour aider \u00e0 prot\u00e9ger les premiers intervenants contre les multiples contaminants nocifs et canc\u00e9rig\u00e8nes en suspension dans l'air.<\/p>","protected":false},"featured_media":25768,"template":"","meta":[],"product_brand":[179],"product_cat":[75,47],"product_tag":[354],"class_list":{"0":"post-25766","1":"product","2":"type-product","3":"status-publish","4":"has-post-thumbnail","6":"product_brand-tft","7":"product_cat-decontamination","8":"product_cat-hazmat","9":"product_tag-tft","11":"first","12":"instock","13":"shipping-taxable","14":"product-type-simple"},"yoast_head":"<!-- This site is optimized with the Yoast SEO plugin v27.4 - https:\/\/yoast.com\/product\/yoast-seo-wordpress\/ -->\n<title>CrewProtect\u2122 Multi-Threat Air Filtration - Safety Source Fire<\/title>\n<meta name=\"robots\" content=\"noindex, follow, max-snippet:-1, max-image-preview:large, max-video-preview:-1\" \/>\n<meta property=\"og:locale\" content=\"fr_CA\" \/>\n<meta property=\"og:type\" content=\"article\" \/>\n<meta property=\"og:title\" content=\"CrewProtect\u2122 Multi-Threat Air Filtration - Safety Source Fire\" \/>\n<meta property=\"og:description\" content=\"CrewProtect is a comprehensive and simple solution to help protect first responders from the multiple harmful and carcinogenic airborne contaminants that other filtration systems miss.\" \/>\n<meta property=\"og:url\" content=\"https:\/\/staging.safetysourcefire.ca\/fr_ca\/produit\/crewprotect-multi-threat-air-filtration\/\" \/>\n<meta property=\"og:site_name\" content=\"Safety Source Fire\" \/>\n<meta property=\"article:publisher\" content=\"https:\/\/www.facebook.com\/mmfssca\" \/>\n<meta property=\"article:modified_time\" content=\"2023-10-03T12:37:14+00:00\" \/>\n<meta property=\"og:image\" content=\"https:\/\/staging.safetysourcefire.ca\/wp-content\/uploads\/2021\/08\/Filter_00-2x.jpg\" \/>\n\t<meta property=\"og:image:width\" content=\"600\" \/>\n\t<meta property=\"og:image:height\" content=\"600\" \/>\n\t<meta property=\"og:image:type\" content=\"image\/jpeg\" \/>\n<meta name=\"twitter:card\" content=\"summary_large_image\" \/>\n<meta name=\"twitter:site\" content=\"@mmfssca\" \/>\n<meta name=\"twitter:label1\" content=\"Estimation du temps de lecture\" \/>\n\t<meta name=\"twitter:data1\" content=\"2 minutes\" \/>\n<script type=\"application\/ld+json\" class=\"yoast-schema-graph\">{\"@context\":\"https:\\\/\\\/schema.org\",\"@graph\":[{\"@type\":\"WebPage\",\"@id\":\"https:\\\/\\\/staging.safetysourcefire.ca\\\/product\\\/crewprotect-multi-threat-air-filtration\\\/\",\"url\":\"https:\\\/\\\/staging.safetysourcefire.ca\\\/product\\\/crewprotect-multi-threat-air-filtration\\\/\",\"name\":\"CrewProtect\u2122 Multi-Threat Air Filtration - Safety Source Fire\",\"isPartOf\":{\"@id\":\"https:\\\/\\\/staging.safetysourcefire.ca\\\/#website\"},\"primaryImageOfPage\":{\"@id\":\"https:\\\/\\\/staging.safetysourcefire.ca\\\/product\\\/crewprotect-multi-threat-air-filtration\\\/#primaryimage\"},\"image\":{\"@id\":\"https:\\\/\\\/staging.safetysourcefire.ca\\\/product\\\/crewprotect-multi-threat-air-filtration\\\/#primaryimage\"},\"thumbnailUrl\":\"https:\\\/\\\/staging.safetysourcefire.ca\\\/wp-content\\\/uploads\\\/2021\\\/08\\\/Filter_00-2x.jpg\",\"datePublished\":\"2021-08-03T20:08:19+00:00\",\"dateModified\":\"2023-10-03T12:37:14+00:00\",\"breadcrumb\":{\"@id\":\"https:\\\/\\\/staging.safetysourcefire.ca\\\/product\\\/crewprotect-multi-threat-air-filtration\\\/#breadcrumb\"},\"inLanguage\":\"fr-CA\",\"potentialAction\":[{\"@type\":\"ReadAction\",\"target\":[\"https:\\\/\\\/staging.safetysourcefire.ca\\\/product\\\/crewprotect-multi-threat-air-filtration\\\/\"]}]},{\"@type\":\"ImageObject\",\"inLanguage\":\"fr-CA\",\"@id\":\"https:\\\/\\\/staging.safetysourcefire.ca\\\/product\\\/crewprotect-multi-threat-air-filtration\\\/#primaryimage\",\"url\":\"https:\\\/\\\/staging.safetysourcefire.ca\\\/wp-content\\\/uploads\\\/2021\\\/08\\\/Filter_00-2x.jpg\",\"contentUrl\":\"https:\\\/\\\/staging.safetysourcefire.ca\\\/wp-content\\\/uploads\\\/2021\\\/08\\\/Filter_00-2x.jpg\",\"width\":600,\"height\":600,\"caption\":\"filter\"},{\"@type\":\"BreadcrumbList\",\"@id\":\"https:\\\/\\\/staging.safetysourcefire.ca\\\/product\\\/crewprotect-multi-threat-air-filtration\\\/#breadcrumb\",\"itemListElement\":[{\"@type\":\"ListItem\",\"position\":1,\"name\":\"Home\",\"item\":\"https:\\\/\\\/staging.safetysourcefire.ca\\\/\"},{\"@type\":\"ListItem\",\"position\":2,\"name\":\"Products\",\"item\":\"https:\\\/\\\/staging.safetysourcefire.ca\\\/shop\\\/\"},{\"@type\":\"ListItem\",\"position\":3,\"name\":\"CrewProtect\u2122 Multi-Threat Air Filtration\"}]},{\"@type\":\"WebSite\",\"@id\":\"https:\\\/\\\/staging.safetysourcefire.ca\\\/#website\",\"url\":\"https:\\\/\\\/staging.safetysourcefire.ca\\\/\",\"name\":\"Safety Source Fire\",\"description\":\"\",\"publisher\":{\"@id\":\"https:\\\/\\\/staging.safetysourcefire.ca\\\/#organization\"},\"potentialAction\":[{\"@type\":\"SearchAction\",\"target\":{\"@type\":\"EntryPoint\",\"urlTemplate\":\"https:\\\/\\\/staging.safetysourcefire.ca\\\/?s={search_term_string}\"},\"query-input\":{\"@type\":\"PropertyValueSpecification\",\"valueRequired\":true,\"valueName\":\"search_term_string\"}}],\"inLanguage\":\"fr-CA\"},{\"@type\":\"Organization\",\"@id\":\"https:\\\/\\\/staging.safetysourcefire.ca\\\/#organization\",\"name\":\"Safety Source Fire\",\"url\":\"https:\\\/\\\/staging.safetysourcefire.ca\\\/\",\"logo\":{\"@type\":\"ImageObject\",\"inLanguage\":\"fr-CA\",\"@id\":\"https:\\\/\\\/staging.safetysourcefire.ca\\\/#\\\/schema\\\/logo\\\/image\\\/\",\"url\":\"https:\\\/\\\/staging.safetysourcefire.ca\\\/wp-content\\\/uploads\\\/2021\\\/01\\\/SSF_logo_CC0000-3.png\",\"contentUrl\":\"https:\\\/\\\/staging.safetysourcefire.ca\\\/wp-content\\\/uploads\\\/2021\\\/01\\\/SSF_logo_CC0000-3.png\",\"width\":1107,\"height\":365,\"caption\":\"Safety Source Fire\"},\"image\":{\"@id\":\"https:\\\/\\\/staging.safetysourcefire.ca\\\/#\\\/schema\\\/logo\\\/image\\\/\"},\"sameAs\":[\"https:\\\/\\\/www.facebook.com\\\/mmfssca\",\"https:\\\/\\\/x.com\\\/mmfssca\"]}]}<\/script>\n<!-- \/ Yoast SEO plugin. -->","yoast_head_json":{"title":"CrewProtect\u2122 Filtration d&#039;air multi-menaces - S\u00e9curit\u00e9 incendie","robots":{"index":"noindex","follow":"follow","max-snippet":"max-snippet:-1","max-image-preview":"max-image-preview:large","max-video-preview":"max-video-preview:-1"},"og_locale":"fr_CA","og_type":"article","og_title":"CrewProtect\u2122 Multi-Threat Air Filtration - Safety Source Fire","og_description":"CrewProtect is a comprehensive and simple solution to help protect first responders from the multiple harmful and carcinogenic airborne contaminants that other filtration systems miss.","og_url":"https:\/\/staging.safetysourcefire.ca\/fr_ca\/produit\/crewprotect-multi-threat-air-filtration\/","og_site_name":"Safety Source Fire","article_publisher":"https:\/\/www.facebook.com\/mmfssca","article_modified_time":"2023-10-03T12:37:14+00:00","og_image":[{"width":600,"height":600,"url":"https:\/\/staging.safetysourcefire.ca\/wp-content\/uploads\/2021\/08\/Filter_00-2x.jpg","type":"image\/jpeg"}],"twitter_card":"summary_large_image","twitter_site":"@mmfssca","twitter_misc":{"Estimation du temps de lecture":"2 minutes"},"schema":{"@context":"https:\/\/schema.org","@graph":[{"@type":"WebPage","@id":"https:\/\/staging.safetysourcefire.ca\/product\/crewprotect-multi-threat-air-filtration\/","url":"https:\/\/staging.safetysourcefire.ca\/product\/crewprotect-multi-threat-air-filtration\/","name":"CrewProtect\u2122 Filtration d&#039;air multi-menaces - S\u00e9curit\u00e9 incendie","isPartOf":{"@id":"https:\/\/staging.safetysourcefire.ca\/#website"},"primaryImageOfPage":{"@id":"https:\/\/staging.safetysourcefire.ca\/product\/crewprotect-multi-threat-air-filtration\/#primaryimage"},"image":{"@id":"https:\/\/staging.safetysourcefire.ca\/product\/crewprotect-multi-threat-air-filtration\/#primaryimage"},"thumbnailUrl":"https:\/\/staging.safetysourcefire.ca\/wp-content\/uploads\/2021\/08\/Filter_00-2x.jpg","datePublished":"2021-08-03T20:08:19+00:00","dateModified":"2023-10-03T12:37:14+00:00","breadcrumb":{"@id":"https:\/\/staging.safetysourcefire.ca\/product\/crewprotect-multi-threat-air-filtration\/#breadcrumb"},"inLanguage":"fr-CA","potentialAction":[{"@type":"ReadAction","target":["https:\/\/staging.safetysourcefire.ca\/product\/crewprotect-multi-threat-air-filtration\/"]}]},{"@type":"ImageObject","inLanguage":"fr-CA","@id":"https:\/\/staging.safetysourcefire.ca\/product\/crewprotect-multi-threat-air-filtration\/#primaryimage","url":"https:\/\/staging.safetysourcefire.ca\/wp-content\/uploads\/2021\/08\/Filter_00-2x.jpg","contentUrl":"https:\/\/staging.safetysourcefire.ca\/wp-content\/uploads\/2021\/08\/Filter_00-2x.jpg","width":600,"height":600,"caption":"filter"},{"@type":"BreadcrumbList","@id":"https:\/\/staging.safetysourcefire.ca\/product\/crewprotect-multi-threat-air-filtration\/#breadcrumb","itemListElement":[{"@type":"ListItem","position":1,"name":"Home","item":"https:\/\/staging.safetysourcefire.ca\/"},{"@type":"ListItem","position":2,"name":"Products","item":"https:\/\/staging.safetysourcefire.ca\/shop\/"},{"@type":"ListItem","position":3,"name":"CrewProtect\u2122 Multi-Threat Air Filtration"}]},{"@type":"WebSite","@id":"https:\/\/staging.safetysourcefire.ca\/#website","url":"https:\/\/staging.safetysourcefire.ca\/","name":"Safety Source Fire","description":"","publisher":{"@id":"https:\/\/staging.safetysourcefire.ca\/#organization"},"potentialAction":[{"@type":"SearchAction","target":{"@type":"EntryPoint","urlTemplate":"https:\/\/staging.safetysourcefire.ca\/?s={search_term_string}"},"query-input":{"@type":"PropertyValueSpecification","valueRequired":true,"valueName":"search_term_string"}}],"inLanguage":"fr-CA"},{"@type":"Organization","@id":"https:\/\/staging.safetysourcefire.ca\/#organization","name":"Safety Source Fire","url":"https:\/\/staging.safetysourcefire.ca\/","logo":{"@type":"ImageObject","inLanguage":"fr-CA","@id":"https:\/\/staging.safetysourcefire.ca\/#\/schema\/logo\/image\/","url":"https:\/\/staging.safetysourcefire.ca\/wp-content\/uploads\/2021\/01\/SSF_logo_CC0000-3.png","contentUrl":"https:\/\/staging.safetysourcefire.ca\/wp-content\/uploads\/2021\/01\/SSF_logo_CC0000-3.png","width":1107,"height":365,"caption":"Safety Source Fire"},"image":{"@id":"https:\/\/staging.safetysourcefire.ca\/#\/schema\/logo\/image\/"},"sameAs":["https:\/\/www.facebook.com\/mmfssca","https:\/\/x.com\/mmfssca"]}]}},"_links":{"self":[{"href":"https:\/\/staging.safetysourcefire.ca\/fr_ca\/wp-json\/wp\/v2\/product\/25766","targetHints":{"allow":["GET"]}}],"collection":[{"href":"https:\/\/staging.safetysourcefire.ca\/fr_ca\/wp-json\/wp\/v2\/product"}],"about":[{"href":"https:\/\/staging.safetysourcefire.ca\/fr_ca\/wp-json\/wp\/v2\/types\/product"}],"wp:featuredmedia":[{"embeddable":true,"href":"https:\/\/staging.safetysourcefire.ca\/fr_ca\/wp-json\/wp\/v2\/media\/25768"}],"wp:attachment":[{"href":"https:\/\/staging.safetysourcefire.ca\/fr_ca\/wp-json\/wp\/v2\/media?parent=25766"}],"wp:term":[{"taxonomy":"product_brand","embeddable":true,"href":"https:\/\/staging.safetysourcefire.ca\/fr_ca\/wp-json\/wp\/v2\/product_brand?post=25766"},{"taxonomy":"product_cat","embeddable":true,"href":"https:\/\/staging.safetysourcefire.ca\/fr_ca\/wp-json\/wp\/v2\/product_cat?post=25766"},{"taxonomy":"product_tag","embeddable":true,"href":"https:\/\/staging.safetysourcefire.ca\/fr_ca\/wp-json\/wp\/v2\/product_tag?post=25766"}],"curies":[{"name":"wp","href":"https:\/\/api.w.org\/{rel}","templated":true}]}}