{"id":25651,"date":"2021-05-31T23:43:44","date_gmt":"2021-05-31T23:43:44","guid":{"rendered":"https:\/\/safetysourcefire.ca\/?post_type=product&#038;p=25651"},"modified":"2023-04-05T15:19:09","modified_gmt":"2023-04-05T15:19:09","slug":"pentheon-spreader-psp50","status":"publish","type":"product","link":"https:\/\/staging.safetysourcefire.ca\/fr_ca\/produit\/pentheon-spreader-psp50\/","title":{"rendered":"\u00c9pandeur Pentheon PSP50"},"content":{"rendered":"<p><strong>Vitesse in\u00e9gal\u00e9e<\/strong><\/p>\n<ul>\n<li>Gr\u00e2ce \u00e0 la maximisation de la vitesse en continu (brevet\u00e9), voici l'\u00e9pandeur le plus rapide disponible sur le march\u00e9. Un syst\u00e8me m\u00e9catronique \u00e0 l'int\u00e9rieur de l'outil optimise en permanence les r\u00e9glages du moteur et de la pompe pour fournir un d\u00e9bit d'huile maximal sur toute la plage de pression. Il en r\u00e9sulte une vitesse in\u00e9gal\u00e9e quelle que soit la charge d'outil.<\/li>\n<li>Alors que tous les autres outils de sauvetage montrent une diminution significative de la vitesse lorsqu'ils font face \u00e0 des charges plus \u00e9lev\u00e9es, les outils Holmatro Pentheon s'en tiennent \u00e0 la courbe de vitesse continue id\u00e9ale.<\/li>\n<\/ul>\n<p><strong>Contr\u00f4le ultime<\/strong><\/p>\n<ul>\n<li>Une poign\u00e9e de commande \u00e0 deux modes vous permet de basculer \u00e0 tout moment entre la haute et basse vitesse pendant l'op\u00e9ration de sauvetage.<\/li>\n<li>Dans les deux modes, la vitesse est toujours proportionnelle \u00e0 la distance \u00e0 laquelle vous tournez la poign\u00e9e de commande vers la gauche ou la droite.<\/li>\n<\/ul>\n<p><strong>Temps de travail prolong\u00e9<\/strong><\/p>\n<ul>\n<li>Batterie sp\u00e9cialement con\u00e7ue avec capacit\u00e9 accrue.<\/li>\n<li>Technologie d'entra\u00eenement m\u00e9catronique brevet\u00e9e \u00e9nergiquement efficace.<\/li>\n<li>Fonction d\u00e9marrage\/arr\u00eat automatique. Lorsque l'outil n'est pas utilis\u00e9 ou a atteint sa pression maximale, le moteur s'arr\u00eate automatiquement. Cela permet d'\u00e9conomiser la batterie. Tournez simplement la poign\u00e9e de commande pour red\u00e9marrer l'outil.<\/li>\n<li>Les temp\u00e9ratures de l'outil et de la batterie sont surveill\u00e9es en permanence pour s'assurer qu'elles ne deviennent pas trop \u00e9lev\u00e9es, ce qui entra\u00eenerait l'arr\u00eat de l'outil. \u00c0 des temp\u00e9ratures extr\u00eamement \u00e9lev\u00e9es, les outils Pentheon passeront automatiquement en mode de faible consommation d'\u00e9nergie, sans perdre de force.<\/li>\n<\/ul>\n<p><strong>Gestion simplifi\u00e9e de la batterie<\/strong><\/p>\n<ul>\n<li>Gr\u00e2ce au syst\u00e8me de charge d'Holmatro, vous pouvez charger la batterie m\u00eame pendant qu'elle est sur l'outil. Connectez simplement votre outil au chargeur et l'ensemble du processus de charge se r\u00e9gulera de lui-m\u00eame. La batterie de l'outil a priorit\u00e9 sur celle du chargeur, qui reprendra la charge lorsque la batterie de l'outil sera pleine \u00e0 100% .<\/li>\n<li>Vous pouvez connecter jusqu'\u00e0 3 chargeurs sur une seule prise. Cela vous permet de charger jusqu'\u00e0 6 batteries automatiquement, qu'elles soient plac\u00e9es sur le chargeur ou sur l'outil qui est connect\u00e9 au chargeur.<\/li>\n<li>Il suffit de le brancher !<\/li>\n<\/ul>\n<p><strong>Utilisation sous l&#039;eau<\/strong><\/p>\n<ul>\n<li>Si vous rencontrez une situation o\u00f9 vous devez utiliser vos outils de sauvetage dans l'eau, nos outils Pentheon seront \u00e0 la hauteur !<\/li>\n<\/ul>\n<p><strong>Diagnostic en temps r\u00e9el<\/strong><\/p>\n<ul>\n<li>Les indicateurs LED pr\u00e9sents sur l'outil, la batterie et le chargeur vous fournissent des informations en direct sur la temp\u00e9rature de la batterie, l'\u00e9tat de charge et l'\u00e9tat de la performance. L'outil vous avertira lorsque la temp\u00e9rature ou la pression maximale a \u00e9t\u00e9 atteinte.<\/li>\n<li>Pour des informations plus d\u00e9taill\u00e9es sur la batterie, vous pouvez utiliser notre logiciel de diagnostic.<\/li>\n<li>Un logiciel plus complet pour les techniciens de service agr\u00e9\u00e9s Holmatro (revendeur) combine des diagnostics d'outils approfondis avec des proc\u00e9dures d'inspection automatis\u00e9es.<\/li>\n<\/ul>\n<p><strong>Facilit\u00e9 d&#039;utilisation<\/strong><\/p>\n<ul>\n<li>Poign\u00e9e de commande avec acc\u00e8s \u00e0 360\u00b0 pour une utilisation facile de l'outil sur les c\u00f4t\u00e9s des voitures.<br \/>\nPoign\u00e9e de transport \u00e0 360\u00b0 faisant tout le tour de l'outil. Vous pouvez donc tenir l'outil dans n'importe quelle position. Comprend une poign\u00e9e valise pour un transport facile. Fabriqu\u00e9 \u00e0 partir d'un polym\u00e8re synth\u00e9tique de haute qualit\u00e9 : un mat\u00e9riel extr\u00eamement r\u00e9sistant et \u00e9lastique qui reprend toujours sa forme d'origine. \u00c0 l'\u00e9preuve des dommages.<\/li>\n<li>Les lumi\u00e8res LED dans la poign\u00e9e de transport sont aliment\u00e9es par la batterie principale. Cela signifie qu'elles s'allument et s'\u00e9teignent automatiquement avec l'outil. L'outil poss\u00e8de un bouton s\u00e9par\u00e9 pour \u00e9teindre les lumi\u00e8res, mais ne vous inqui\u00e9tez pas, leur consommation d'\u00e9nergie est presque nulle.<\/li>\n<\/ul>\n<p><strong>\u00c9quip\u00e9 d'embouts \u00e9carteur Extreme Grip<\/strong><\/p>\n<ul>\n<li>De nombreuses dents pointues \u00e0 l'int\u00e9rieur ainsi qu'\u00e0 l'ext\u00e9rieur des pointes permettent \u00e0 l'outil de mordre ad\u00e9quatement dans tous les mat\u00e9riaux.<\/li>\n<li>Plus grande rang\u00e9e de dents du milieu \u00e0 l&#039;int\u00e9rieur, pour une adh\u00e9rence imm\u00e9diate.<\/li>\n<li>Les dents \u00e0 l'ext\u00e9rieur pointent alternativement dans la direction oppos\u00e9e pour offrir une meilleure adh\u00e9rence sur le mat\u00e9riel, augmentant ainsi la capacit\u00e9 d'\u00e9pandage.<\/li>\n<li>L'embo\u00eetement des embouts int\u00e9rieurs r\u00e9duit la dimension d'insertion de la pointe.<\/li>\n<\/ul>\n<p><a href=\"https:\/\/staging.safetysourcefire.ca\/wp-content\/uploads\/2020\/07\/pentheon-series-brochure-usa-en-21334.pdf\">T\u00e9l\u00e9chargez la brochure<\/a><\/p>\n<p><iframe loading=\"lazy\" width=\"560\" height=\"315\" src=\"https:\/\/www.youtube.com\/embed\/lph3rHWu6Dw\" title=\"lecteur vid\u00e9o YouTube\" frameborder=\"0\" allow=\"accelerometer; autoplay; clipboard-write; encrypted-media; gyroscope; picture-in-picture\" allowfullscreen><\/iframe><\/p>\n<p><iframe loading=\"lazy\" title=\"lecteur vid\u00e9o YouTube\" src=\"https:\/\/www.youtube.com\/embed\/NT1L0rutETE\" width=\"560\" height=\"315\" frameborder=\"0\" allowfullscreen=\"allowfullscreen\"><\/iframe><\/p>","protected":false},"excerpt":{"rendered":"<div class=\"pdp__main\">\n<div class=\"pdp__description show-full\">\n<p class=\"pdp__description__text\">\u00c9pandeur sans fil, faisant partie de la s\u00e9rie Holmatro Pentheon. Con\u00e7u pour vous offrir des performances sans limites, une vitesse in\u00e9gal\u00e9e et un contr\u00f4le ultime. Une qualit\u00e9 d'outils que vous n'avez jamais exp\u00e9riment\u00e9 auparavant!<\/p>\n<\/div>\n<\/div>","protected":false},"featured_media":25652,"template":"","meta":[],"product_brand":[174],"product_cat":[128,51],"product_tag":[309,490],"class_list":{"0":"post-25651","1":"product","2":"type-product","3":"status-publish","4":"has-post-thumbnail","6":"product_brand-holmatro","7":"product_cat-extrication-rescue","8":"product_cat-rescue","9":"product_tag-holmatro","10":"product_tag-pentheon","12":"first","13":"instock","14":"shipping-taxable","15":"product-type-simple"},"yoast_head":"<!-- This site is optimized with the Yoast SEO plugin v27.4 - https:\/\/yoast.com\/product\/yoast-seo-wordpress\/ -->\n<title>Pentheon Spreader PSP50 - Safety Source Fire<\/title>\n<meta name=\"robots\" content=\"noindex, follow, max-snippet:-1, max-image-preview:large, max-video-preview:-1\" \/>\n<meta property=\"og:locale\" content=\"fr_CA\" \/>\n<meta property=\"og:type\" content=\"article\" \/>\n<meta property=\"og:title\" content=\"Pentheon Spreader PSP50 - Safety Source Fire\" \/>\n<meta property=\"og:description\" content=\"Cordless Spreader, part of the Holmatro Pentheon Series. Designed to offer you the unrestrained performance, unparalleled speed and ultimate control you&#039;ve never experienced before!\" \/>\n<meta property=\"og:url\" content=\"https:\/\/staging.safetysourcefire.ca\/fr_ca\/produit\/pentheon-spreader-psp50\/\" \/>\n<meta property=\"og:site_name\" content=\"Safety Source Fire\" \/>\n<meta property=\"article:publisher\" content=\"https:\/\/www.facebook.com\/mmfssca\" \/>\n<meta property=\"article:modified_time\" content=\"2023-04-05T15:19:09+00:00\" \/>\n<meta property=\"og:image\" content=\"https:\/\/staging.safetysourcefire.ca\/wp-content\/uploads\/2021\/05\/psp50-en-25891.jpg\" \/>\n\t<meta property=\"og:image:width\" content=\"600\" \/>\n\t<meta property=\"og:image:height\" content=\"600\" \/>\n\t<meta property=\"og:image:type\" content=\"image\/jpeg\" \/>\n<meta name=\"twitter:card\" content=\"summary_large_image\" \/>\n<meta name=\"twitter:site\" content=\"@mmfssca\" \/>\n<meta name=\"twitter:label1\" content=\"Estimation du temps de lecture\" \/>\n\t<meta name=\"twitter:data1\" content=\"3 minutes\" \/>\n<script type=\"application\/ld+json\" class=\"yoast-schema-graph\">{\"@context\":\"https:\\\/\\\/schema.org\",\"@graph\":[{\"@type\":\"WebPage\",\"@id\":\"https:\\\/\\\/staging.safetysourcefire.ca\\\/product\\\/pentheon-spreader-psp50\\\/\",\"url\":\"https:\\\/\\\/staging.safetysourcefire.ca\\\/product\\\/pentheon-spreader-psp50\\\/\",\"name\":\"Pentheon Spreader PSP50 - Safety Source Fire\",\"isPartOf\":{\"@id\":\"https:\\\/\\\/staging.safetysourcefire.ca\\\/#website\"},\"primaryImageOfPage\":{\"@id\":\"https:\\\/\\\/staging.safetysourcefire.ca\\\/product\\\/pentheon-spreader-psp50\\\/#primaryimage\"},\"image\":{\"@id\":\"https:\\\/\\\/staging.safetysourcefire.ca\\\/product\\\/pentheon-spreader-psp50\\\/#primaryimage\"},\"thumbnailUrl\":\"https:\\\/\\\/staging.safetysourcefire.ca\\\/wp-content\\\/uploads\\\/2021\\\/05\\\/psp50-en-25891.jpg\",\"datePublished\":\"2021-05-31T23:43:44+00:00\",\"dateModified\":\"2023-04-05T15:19:09+00:00\",\"breadcrumb\":{\"@id\":\"https:\\\/\\\/staging.safetysourcefire.ca\\\/product\\\/pentheon-spreader-psp50\\\/#breadcrumb\"},\"inLanguage\":\"fr-CA\",\"potentialAction\":[{\"@type\":\"ReadAction\",\"target\":[\"https:\\\/\\\/staging.safetysourcefire.ca\\\/product\\\/pentheon-spreader-psp50\\\/\"]}]},{\"@type\":\"ImageObject\",\"inLanguage\":\"fr-CA\",\"@id\":\"https:\\\/\\\/staging.safetysourcefire.ca\\\/product\\\/pentheon-spreader-psp50\\\/#primaryimage\",\"url\":\"https:\\\/\\\/staging.safetysourcefire.ca\\\/wp-content\\\/uploads\\\/2021\\\/05\\\/psp50-en-25891.jpg\",\"contentUrl\":\"https:\\\/\\\/staging.safetysourcefire.ca\\\/wp-content\\\/uploads\\\/2021\\\/05\\\/psp50-en-25891.jpg\",\"width\":600,\"height\":600,\"caption\":\"spreader\"},{\"@type\":\"BreadcrumbList\",\"@id\":\"https:\\\/\\\/staging.safetysourcefire.ca\\\/product\\\/pentheon-spreader-psp50\\\/#breadcrumb\",\"itemListElement\":[{\"@type\":\"ListItem\",\"position\":1,\"name\":\"Home\",\"item\":\"https:\\\/\\\/staging.safetysourcefire.ca\\\/\"},{\"@type\":\"ListItem\",\"position\":2,\"name\":\"Products\",\"item\":\"https:\\\/\\\/staging.safetysourcefire.ca\\\/shop\\\/\"},{\"@type\":\"ListItem\",\"position\":3,\"name\":\"Pentheon Spreader PSP50\"}]},{\"@type\":\"WebSite\",\"@id\":\"https:\\\/\\\/staging.safetysourcefire.ca\\\/#website\",\"url\":\"https:\\\/\\\/staging.safetysourcefire.ca\\\/\",\"name\":\"Safety Source Fire\",\"description\":\"\",\"publisher\":{\"@id\":\"https:\\\/\\\/staging.safetysourcefire.ca\\\/#organization\"},\"potentialAction\":[{\"@type\":\"SearchAction\",\"target\":{\"@type\":\"EntryPoint\",\"urlTemplate\":\"https:\\\/\\\/staging.safetysourcefire.ca\\\/?s={search_term_string}\"},\"query-input\":{\"@type\":\"PropertyValueSpecification\",\"valueRequired\":true,\"valueName\":\"search_term_string\"}}],\"inLanguage\":\"fr-CA\"},{\"@type\":\"Organization\",\"@id\":\"https:\\\/\\\/staging.safetysourcefire.ca\\\/#organization\",\"name\":\"Safety Source Fire\",\"url\":\"https:\\\/\\\/staging.safetysourcefire.ca\\\/\",\"logo\":{\"@type\":\"ImageObject\",\"inLanguage\":\"fr-CA\",\"@id\":\"https:\\\/\\\/staging.safetysourcefire.ca\\\/#\\\/schema\\\/logo\\\/image\\\/\",\"url\":\"https:\\\/\\\/staging.safetysourcefire.ca\\\/wp-content\\\/uploads\\\/2021\\\/01\\\/SSF_logo_CC0000-3.png\",\"contentUrl\":\"https:\\\/\\\/staging.safetysourcefire.ca\\\/wp-content\\\/uploads\\\/2021\\\/01\\\/SSF_logo_CC0000-3.png\",\"width\":1107,\"height\":365,\"caption\":\"Safety Source Fire\"},\"image\":{\"@id\":\"https:\\\/\\\/staging.safetysourcefire.ca\\\/#\\\/schema\\\/logo\\\/image\\\/\"},\"sameAs\":[\"https:\\\/\\\/www.facebook.com\\\/mmfssca\",\"https:\\\/\\\/x.com\\\/mmfssca\"]}]}<\/script>\n<!-- \/ Yoast SEO plugin. -->","yoast_head_json":{"title":"Pentheon Spreader PSP50 - Source de s\u00e9curit\u00e9 incendie","robots":{"index":"noindex","follow":"follow","max-snippet":"max-snippet:-1","max-image-preview":"max-image-preview:large","max-video-preview":"max-video-preview:-1"},"og_locale":"fr_CA","og_type":"article","og_title":"Pentheon Spreader PSP50 - Safety Source Fire","og_description":"Cordless Spreader, part of the Holmatro Pentheon Series. Designed to offer you the unrestrained performance, unparalleled speed and ultimate control you've never experienced before!","og_url":"https:\/\/staging.safetysourcefire.ca\/fr_ca\/produit\/pentheon-spreader-psp50\/","og_site_name":"Safety Source Fire","article_publisher":"https:\/\/www.facebook.com\/mmfssca","article_modified_time":"2023-04-05T15:19:09+00:00","og_image":[{"width":600,"height":600,"url":"https:\/\/staging.safetysourcefire.ca\/wp-content\/uploads\/2021\/05\/psp50-en-25891.jpg","type":"image\/jpeg"}],"twitter_card":"summary_large_image","twitter_site":"@mmfssca","twitter_misc":{"Estimation du temps de lecture":"3 minutes"},"schema":{"@context":"https:\/\/schema.org","@graph":[{"@type":"WebPage","@id":"https:\/\/staging.safetysourcefire.ca\/product\/pentheon-spreader-psp50\/","url":"https:\/\/staging.safetysourcefire.ca\/product\/pentheon-spreader-psp50\/","name":"Pentheon Spreader PSP50 - Source de s\u00e9curit\u00e9 incendie","isPartOf":{"@id":"https:\/\/staging.safetysourcefire.ca\/#website"},"primaryImageOfPage":{"@id":"https:\/\/staging.safetysourcefire.ca\/product\/pentheon-spreader-psp50\/#primaryimage"},"image":{"@id":"https:\/\/staging.safetysourcefire.ca\/product\/pentheon-spreader-psp50\/#primaryimage"},"thumbnailUrl":"https:\/\/staging.safetysourcefire.ca\/wp-content\/uploads\/2021\/05\/psp50-en-25891.jpg","datePublished":"2021-05-31T23:43:44+00:00","dateModified":"2023-04-05T15:19:09+00:00","breadcrumb":{"@id":"https:\/\/staging.safetysourcefire.ca\/product\/pentheon-spreader-psp50\/#breadcrumb"},"inLanguage":"fr-CA","potentialAction":[{"@type":"ReadAction","target":["https:\/\/staging.safetysourcefire.ca\/product\/pentheon-spreader-psp50\/"]}]},{"@type":"ImageObject","inLanguage":"fr-CA","@id":"https:\/\/staging.safetysourcefire.ca\/product\/pentheon-spreader-psp50\/#primaryimage","url":"https:\/\/staging.safetysourcefire.ca\/wp-content\/uploads\/2021\/05\/psp50-en-25891.jpg","contentUrl":"https:\/\/staging.safetysourcefire.ca\/wp-content\/uploads\/2021\/05\/psp50-en-25891.jpg","width":600,"height":600,"caption":"spreader"},{"@type":"BreadcrumbList","@id":"https:\/\/staging.safetysourcefire.ca\/product\/pentheon-spreader-psp50\/#breadcrumb","itemListElement":[{"@type":"ListItem","position":1,"name":"Home","item":"https:\/\/staging.safetysourcefire.ca\/"},{"@type":"ListItem","position":2,"name":"Products","item":"https:\/\/staging.safetysourcefire.ca\/shop\/"},{"@type":"ListItem","position":3,"name":"Pentheon Spreader PSP50"}]},{"@type":"WebSite","@id":"https:\/\/staging.safetysourcefire.ca\/#website","url":"https:\/\/staging.safetysourcefire.ca\/","name":"Safety Source Fire","description":"","publisher":{"@id":"https:\/\/staging.safetysourcefire.ca\/#organization"},"potentialAction":[{"@type":"SearchAction","target":{"@type":"EntryPoint","urlTemplate":"https:\/\/staging.safetysourcefire.ca\/?s={search_term_string}"},"query-input":{"@type":"PropertyValueSpecification","valueRequired":true,"valueName":"search_term_string"}}],"inLanguage":"fr-CA"},{"@type":"Organization","@id":"https:\/\/staging.safetysourcefire.ca\/#organization","name":"Safety Source Fire","url":"https:\/\/staging.safetysourcefire.ca\/","logo":{"@type":"ImageObject","inLanguage":"fr-CA","@id":"https:\/\/staging.safetysourcefire.ca\/#\/schema\/logo\/image\/","url":"https:\/\/staging.safetysourcefire.ca\/wp-content\/uploads\/2021\/01\/SSF_logo_CC0000-3.png","contentUrl":"https:\/\/staging.safetysourcefire.ca\/wp-content\/uploads\/2021\/01\/SSF_logo_CC0000-3.png","width":1107,"height":365,"caption":"Safety Source Fire"},"image":{"@id":"https:\/\/staging.safetysourcefire.ca\/#\/schema\/logo\/image\/"},"sameAs":["https:\/\/www.facebook.com\/mmfssca","https:\/\/x.com\/mmfssca"]}]}},"_links":{"self":[{"href":"https:\/\/staging.safetysourcefire.ca\/fr_ca\/wp-json\/wp\/v2\/product\/25651","targetHints":{"allow":["GET"]}}],"collection":[{"href":"https:\/\/staging.safetysourcefire.ca\/fr_ca\/wp-json\/wp\/v2\/product"}],"about":[{"href":"https:\/\/staging.safetysourcefire.ca\/fr_ca\/wp-json\/wp\/v2\/types\/product"}],"wp:featuredmedia":[{"embeddable":true,"href":"https:\/\/staging.safetysourcefire.ca\/fr_ca\/wp-json\/wp\/v2\/media\/25652"}],"wp:attachment":[{"href":"https:\/\/staging.safetysourcefire.ca\/fr_ca\/wp-json\/wp\/v2\/media?parent=25651"}],"wp:term":[{"taxonomy":"product_brand","embeddable":true,"href":"https:\/\/staging.safetysourcefire.ca\/fr_ca\/wp-json\/wp\/v2\/product_brand?post=25651"},{"taxonomy":"product_cat","embeddable":true,"href":"https:\/\/staging.safetysourcefire.ca\/fr_ca\/wp-json\/wp\/v2\/product_cat?post=25651"},{"taxonomy":"product_tag","embeddable":true,"href":"https:\/\/staging.safetysourcefire.ca\/fr_ca\/wp-json\/wp\/v2\/product_tag?post=25651"}],"curies":[{"name":"wp","href":"https:\/\/api.w.org\/{rel}","templated":true}]}}