{"id":25519,"date":"2021-05-25T16:14:53","date_gmt":"2021-05-25T16:14:53","guid":{"rendered":"https:\/\/safetysourcefire.ca\/?post_type=product&#038;p=25519"},"modified":"2021-09-15T15:03:03","modified_gmt":"2021-09-15T15:03:03","slug":"modular-breathing-air-center-m-bac","status":"publish","type":"product","link":"https:\/\/staging.safetysourcefire.ca\/fr_ca\/produit\/modular-breathing-air-center-m-bac\/","title":{"rendered":"Centre modulaire d'air respirable (M-BAC)"},"content":{"rendered":"<p>Gr\u00e2ce \u00e0 ses composantes technologiquement avanc\u00e9s, le M-BAC est plus facile et plus s\u00fbr \u00e0 exp\u00e9dier ainsi qu'\u00e0 installer. Il est \u00e9galement plus facile \u00e0 man\u0153uvrer et \u00e0 livrer, car les \u00e9l\u00e9ments individuels permettent une pr\u00e9cision du hayon \u00e9l\u00e9vateur. En raison de sa conception bien pens\u00e9e, le M-BAC peut \u00eatre install\u00e9 m\u00eame dans des pi\u00e8ces o\u00f9 les ouvertures de porte sont restreintes. Ce centre modulaire est \u00e0 l'\u00e9preuve du temps, car les \u00e9l\u00e9ments peuvent \u00eatre mis \u00e0 jour au fur et \u00e0 mesure o\u00f9 \u00e9voluent les besoins de l'utilisateur (taille du compresseur, nombre de bonbonnes de rechange et nombre de postes de remplissage).<\/p>\n<p><strong>Flexibilit\u00e9 modulaire<\/strong><br \/>\nLe centre d'air respirable modulaire Mako offre la flexibilit\u00e9 n\u00e9cessaire pour r\u00e9pondre \u00e0 vos exigences en mati\u00e8re de technologie. Ce syst\u00e8me comprend le compresseur d'air, le support de rangement et la station de remplissage de confinement, le tout livr\u00e9 dans une centre au design unique.<\/p>\n<p>\u00c0 vous de choisir selon vos besoins sp\u00e9cifiques\u00a0:<\/p>\n<ul>\n<li>Compresseur de module d'air respirable avec \u00e9quipement (en option)<\/li>\n<li>Station de remplissage de confinement SCFS ou SSCFS avec \u00e9quipement (en option)<\/li>\n<li>\u00c9tag\u00e8re verticale pour 4 bouteilles, pouvant contenir jusqu'\u00e0 (4) bonbonnes UN ou ASME<\/li>\n<li>Enrouleur de tuyau \u00e0 ressort de 50, 75 ou 100 pieds (en option)<\/li>\n<\/ul>\n<p><a href=\"https:\/\/staging.safetysourcefire.ca\/wp-content\/uploads\/2021\/05\/Mako-Breathing-Air-Catalogue.pdf\">T\u00e9l\u00e9charger le catalogue Mako<\/a><\/p>","protected":false},"excerpt":{"rendered":"<p>Ce nouveau syst\u00e8me modulaire d'air respirable incorpore les derniers \u00e9l\u00e9ments de la gamme de produits MAKO. Le MBAC vous offre la synergie flexible d'un module d'air respirable et d'une station de remplissage de confinement.<\/p>","protected":false},"featured_media":25556,"template":"","meta":[],"product_brand":[525],"product_cat":[45,58],"product_tag":[528,527],"class_list":{"0":"post-25519","1":"product","2":"type-product","3":"status-publish","4":"has-post-thumbnail","6":"product_brand-mako","7":"product_cat-respiratory","8":"product_cat-accessories-scba","9":"product_tag-compressors","10":"product_tag-mako","12":"first","13":"instock","14":"shipping-taxable","15":"product-type-simple"},"yoast_head":"<!-- This site is optimized with the Yoast SEO plugin v27.4 - https:\/\/yoast.com\/product\/yoast-seo-wordpress\/ -->\n<title>Modular Breathing Air Center (M-BAC) - Safety Source Fire<\/title>\n<meta name=\"robots\" content=\"noindex, follow, max-snippet:-1, max-image-preview:large, max-video-preview:-1\" \/>\n<meta property=\"og:locale\" content=\"fr_CA\" \/>\n<meta property=\"og:type\" content=\"article\" \/>\n<meta property=\"og:title\" content=\"Modular Breathing Air Center (M-BAC) - Safety Source Fire\" \/>\n<meta property=\"og:description\" content=\"The new Modular Breathing Air System from MAKO delivers where lesser systems fail. Designed to incorporate the latest elements of MAKO\u2019s impressive product range, the MBAC provides you with a flexible synergy of a Breathing Air Module and a Containment Fill Station.\" \/>\n<meta property=\"og:url\" content=\"https:\/\/staging.safetysourcefire.ca\/fr_ca\/produit\/modular-breathing-air-center-m-bac\/\" \/>\n<meta property=\"og:site_name\" content=\"Safety Source Fire\" \/>\n<meta property=\"article:publisher\" content=\"https:\/\/www.facebook.com\/mmfssca\" \/>\n<meta property=\"article:modified_time\" content=\"2021-09-15T15:03:03+00:00\" \/>\n<meta property=\"og:image\" content=\"https:\/\/staging.safetysourcefire.ca\/wp-content\/uploads\/2021\/05\/MBAC.jpg\" \/>\n\t<meta property=\"og:image:width\" content=\"600\" \/>\n\t<meta property=\"og:image:height\" content=\"600\" \/>\n\t<meta property=\"og:image:type\" content=\"image\/jpeg\" \/>\n<meta name=\"twitter:card\" content=\"summary_large_image\" \/>\n<meta name=\"twitter:site\" content=\"@mmfssca\" \/>\n<meta name=\"twitter:label1\" content=\"Estimation du temps de lecture\" \/>\n\t<meta name=\"twitter:data1\" content=\"1 minute\" \/>\n<script type=\"application\/ld+json\" class=\"yoast-schema-graph\">{\"@context\":\"https:\\\/\\\/schema.org\",\"@graph\":[{\"@type\":\"WebPage\",\"@id\":\"https:\\\/\\\/staging.safetysourcefire.ca\\\/product\\\/modular-breathing-air-center-m-bac\\\/\",\"url\":\"https:\\\/\\\/staging.safetysourcefire.ca\\\/product\\\/modular-breathing-air-center-m-bac\\\/\",\"name\":\"Modular Breathing Air Center (M-BAC) - Safety Source Fire\",\"isPartOf\":{\"@id\":\"https:\\\/\\\/staging.safetysourcefire.ca\\\/#website\"},\"primaryImageOfPage\":{\"@id\":\"https:\\\/\\\/staging.safetysourcefire.ca\\\/product\\\/modular-breathing-air-center-m-bac\\\/#primaryimage\"},\"image\":{\"@id\":\"https:\\\/\\\/staging.safetysourcefire.ca\\\/product\\\/modular-breathing-air-center-m-bac\\\/#primaryimage\"},\"thumbnailUrl\":\"https:\\\/\\\/staging.safetysourcefire.ca\\\/wp-content\\\/uploads\\\/2021\\\/05\\\/MBAC.jpg\",\"datePublished\":\"2021-05-25T16:14:53+00:00\",\"dateModified\":\"2021-09-15T15:03:03+00:00\",\"breadcrumb\":{\"@id\":\"https:\\\/\\\/staging.safetysourcefire.ca\\\/product\\\/modular-breathing-air-center-m-bac\\\/#breadcrumb\"},\"inLanguage\":\"fr-CA\",\"potentialAction\":[{\"@type\":\"ReadAction\",\"target\":[\"https:\\\/\\\/staging.safetysourcefire.ca\\\/product\\\/modular-breathing-air-center-m-bac\\\/\"]}]},{\"@type\":\"ImageObject\",\"inLanguage\":\"fr-CA\",\"@id\":\"https:\\\/\\\/staging.safetysourcefire.ca\\\/product\\\/modular-breathing-air-center-m-bac\\\/#primaryimage\",\"url\":\"https:\\\/\\\/staging.safetysourcefire.ca\\\/wp-content\\\/uploads\\\/2021\\\/05\\\/MBAC.jpg\",\"contentUrl\":\"https:\\\/\\\/staging.safetysourcefire.ca\\\/wp-content\\\/uploads\\\/2021\\\/05\\\/MBAC.jpg\",\"width\":600,\"height\":600,\"caption\":\"MBAC\"},{\"@type\":\"BreadcrumbList\",\"@id\":\"https:\\\/\\\/staging.safetysourcefire.ca\\\/product\\\/modular-breathing-air-center-m-bac\\\/#breadcrumb\",\"itemListElement\":[{\"@type\":\"ListItem\",\"position\":1,\"name\":\"Home\",\"item\":\"https:\\\/\\\/staging.safetysourcefire.ca\\\/\"},{\"@type\":\"ListItem\",\"position\":2,\"name\":\"Products\",\"item\":\"https:\\\/\\\/staging.safetysourcefire.ca\\\/shop\\\/\"},{\"@type\":\"ListItem\",\"position\":3,\"name\":\"Modular Breathing Air Center (M-BAC)\"}]},{\"@type\":\"WebSite\",\"@id\":\"https:\\\/\\\/staging.safetysourcefire.ca\\\/#website\",\"url\":\"https:\\\/\\\/staging.safetysourcefire.ca\\\/\",\"name\":\"Safety Source Fire\",\"description\":\"\",\"publisher\":{\"@id\":\"https:\\\/\\\/staging.safetysourcefire.ca\\\/#organization\"},\"potentialAction\":[{\"@type\":\"SearchAction\",\"target\":{\"@type\":\"EntryPoint\",\"urlTemplate\":\"https:\\\/\\\/staging.safetysourcefire.ca\\\/?s={search_term_string}\"},\"query-input\":{\"@type\":\"PropertyValueSpecification\",\"valueRequired\":true,\"valueName\":\"search_term_string\"}}],\"inLanguage\":\"fr-CA\"},{\"@type\":\"Organization\",\"@id\":\"https:\\\/\\\/staging.safetysourcefire.ca\\\/#organization\",\"name\":\"Safety Source Fire\",\"url\":\"https:\\\/\\\/staging.safetysourcefire.ca\\\/\",\"logo\":{\"@type\":\"ImageObject\",\"inLanguage\":\"fr-CA\",\"@id\":\"https:\\\/\\\/staging.safetysourcefire.ca\\\/#\\\/schema\\\/logo\\\/image\\\/\",\"url\":\"https:\\\/\\\/staging.safetysourcefire.ca\\\/wp-content\\\/uploads\\\/2021\\\/01\\\/SSF_logo_CC0000-3.png\",\"contentUrl\":\"https:\\\/\\\/staging.safetysourcefire.ca\\\/wp-content\\\/uploads\\\/2021\\\/01\\\/SSF_logo_CC0000-3.png\",\"width\":1107,\"height\":365,\"caption\":\"Safety Source Fire\"},\"image\":{\"@id\":\"https:\\\/\\\/staging.safetysourcefire.ca\\\/#\\\/schema\\\/logo\\\/image\\\/\"},\"sameAs\":[\"https:\\\/\\\/www.facebook.com\\\/mmfssca\",\"https:\\\/\\\/x.com\\\/mmfssca\"]}]}<\/script>\n<!-- \/ Yoast SEO plugin. -->","yoast_head_json":{"title":"Centre d&#039;air respirable modulaire (M-BAC) - S\u00e9curit\u00e9 incendie","robots":{"index":"noindex","follow":"follow","max-snippet":"max-snippet:-1","max-image-preview":"max-image-preview:large","max-video-preview":"max-video-preview:-1"},"og_locale":"fr_CA","og_type":"article","og_title":"Modular Breathing Air Center (M-BAC) - Safety Source Fire","og_description":"The new Modular Breathing Air System from MAKO delivers where lesser systems fail. Designed to incorporate the latest elements of MAKO\u2019s impressive product range, the MBAC provides you with a flexible synergy of a Breathing Air Module and a Containment Fill Station.","og_url":"https:\/\/staging.safetysourcefire.ca\/fr_ca\/produit\/modular-breathing-air-center-m-bac\/","og_site_name":"Safety Source Fire","article_publisher":"https:\/\/www.facebook.com\/mmfssca","article_modified_time":"2021-09-15T15:03:03+00:00","og_image":[{"width":600,"height":600,"url":"https:\/\/staging.safetysourcefire.ca\/wp-content\/uploads\/2021\/05\/MBAC.jpg","type":"image\/jpeg"}],"twitter_card":"summary_large_image","twitter_site":"@mmfssca","twitter_misc":{"Estimation du temps de lecture":"1 minute"},"schema":{"@context":"https:\/\/schema.org","@graph":[{"@type":"WebPage","@id":"https:\/\/staging.safetysourcefire.ca\/product\/modular-breathing-air-center-m-bac\/","url":"https:\/\/staging.safetysourcefire.ca\/product\/modular-breathing-air-center-m-bac\/","name":"Centre d&#039;air respirable modulaire (M-BAC) - S\u00e9curit\u00e9 incendie","isPartOf":{"@id":"https:\/\/staging.safetysourcefire.ca\/#website"},"primaryImageOfPage":{"@id":"https:\/\/staging.safetysourcefire.ca\/product\/modular-breathing-air-center-m-bac\/#primaryimage"},"image":{"@id":"https:\/\/staging.safetysourcefire.ca\/product\/modular-breathing-air-center-m-bac\/#primaryimage"},"thumbnailUrl":"https:\/\/staging.safetysourcefire.ca\/wp-content\/uploads\/2021\/05\/MBAC.jpg","datePublished":"2021-05-25T16:14:53+00:00","dateModified":"2021-09-15T15:03:03+00:00","breadcrumb":{"@id":"https:\/\/staging.safetysourcefire.ca\/product\/modular-breathing-air-center-m-bac\/#breadcrumb"},"inLanguage":"fr-CA","potentialAction":[{"@type":"ReadAction","target":["https:\/\/staging.safetysourcefire.ca\/product\/modular-breathing-air-center-m-bac\/"]}]},{"@type":"ImageObject","inLanguage":"fr-CA","@id":"https:\/\/staging.safetysourcefire.ca\/product\/modular-breathing-air-center-m-bac\/#primaryimage","url":"https:\/\/staging.safetysourcefire.ca\/wp-content\/uploads\/2021\/05\/MBAC.jpg","contentUrl":"https:\/\/staging.safetysourcefire.ca\/wp-content\/uploads\/2021\/05\/MBAC.jpg","width":600,"height":600,"caption":"MBAC"},{"@type":"BreadcrumbList","@id":"https:\/\/staging.safetysourcefire.ca\/product\/modular-breathing-air-center-m-bac\/#breadcrumb","itemListElement":[{"@type":"ListItem","position":1,"name":"Home","item":"https:\/\/staging.safetysourcefire.ca\/"},{"@type":"ListItem","position":2,"name":"Products","item":"https:\/\/staging.safetysourcefire.ca\/shop\/"},{"@type":"ListItem","position":3,"name":"Modular Breathing Air Center (M-BAC)"}]},{"@type":"WebSite","@id":"https:\/\/staging.safetysourcefire.ca\/#website","url":"https:\/\/staging.safetysourcefire.ca\/","name":"Safety Source Fire","description":"","publisher":{"@id":"https:\/\/staging.safetysourcefire.ca\/#organization"},"potentialAction":[{"@type":"SearchAction","target":{"@type":"EntryPoint","urlTemplate":"https:\/\/staging.safetysourcefire.ca\/?s={search_term_string}"},"query-input":{"@type":"PropertyValueSpecification","valueRequired":true,"valueName":"search_term_string"}}],"inLanguage":"fr-CA"},{"@type":"Organization","@id":"https:\/\/staging.safetysourcefire.ca\/#organization","name":"Safety Source Fire","url":"https:\/\/staging.safetysourcefire.ca\/","logo":{"@type":"ImageObject","inLanguage":"fr-CA","@id":"https:\/\/staging.safetysourcefire.ca\/#\/schema\/logo\/image\/","url":"https:\/\/staging.safetysourcefire.ca\/wp-content\/uploads\/2021\/01\/SSF_logo_CC0000-3.png","contentUrl":"https:\/\/staging.safetysourcefire.ca\/wp-content\/uploads\/2021\/01\/SSF_logo_CC0000-3.png","width":1107,"height":365,"caption":"Safety Source Fire"},"image":{"@id":"https:\/\/staging.safetysourcefire.ca\/#\/schema\/logo\/image\/"},"sameAs":["https:\/\/www.facebook.com\/mmfssca","https:\/\/x.com\/mmfssca"]}]}},"_links":{"self":[{"href":"https:\/\/staging.safetysourcefire.ca\/fr_ca\/wp-json\/wp\/v2\/product\/25519","targetHints":{"allow":["GET"]}}],"collection":[{"href":"https:\/\/staging.safetysourcefire.ca\/fr_ca\/wp-json\/wp\/v2\/product"}],"about":[{"href":"https:\/\/staging.safetysourcefire.ca\/fr_ca\/wp-json\/wp\/v2\/types\/product"}],"wp:featuredmedia":[{"embeddable":true,"href":"https:\/\/staging.safetysourcefire.ca\/fr_ca\/wp-json\/wp\/v2\/media\/25556"}],"wp:attachment":[{"href":"https:\/\/staging.safetysourcefire.ca\/fr_ca\/wp-json\/wp\/v2\/media?parent=25519"}],"wp:term":[{"taxonomy":"product_brand","embeddable":true,"href":"https:\/\/staging.safetysourcefire.ca\/fr_ca\/wp-json\/wp\/v2\/product_brand?post=25519"},{"taxonomy":"product_cat","embeddable":true,"href":"https:\/\/staging.safetysourcefire.ca\/fr_ca\/wp-json\/wp\/v2\/product_cat?post=25519"},{"taxonomy":"product_tag","embeddable":true,"href":"https:\/\/staging.safetysourcefire.ca\/fr_ca\/wp-json\/wp\/v2\/product_tag?post=25519"}],"curies":[{"name":"wp","href":"https:\/\/api.w.org\/{rel}","templated":true}]}}