{"id":25468,"date":"2021-04-30T18:13:48","date_gmt":"2021-04-30T18:13:48","guid":{"rendered":"https:\/\/safetysourcefire.ca\/?post_type=product&#038;p=25468"},"modified":"2021-04-30T18:31:02","modified_gmt":"2021-04-30T18:31:02","slug":"interstate-vehicle-stabilization-kit-vsk","status":"publish","type":"product","link":"https:\/\/staging.safetysourcefire.ca\/fr_ca\/produit\/interstate-vehicle-stabilization-kit-vsk\/","title":{"rendered":"Trousse de stabilisation de v\u00e9hicule Interstate VSK"},"content":{"rendered":"<p>L'ensemble de stabilisation de v\u00e9hicule (VSK) permet une charge maximale de 120 000 lb (54,431 kg) avec un facteur de s\u00e9curit\u00e9 de 4:1. Cette trousse est con\u00e7ue pour stabiliser plusieurs v\u00e9hicules industriels ou commerciaux dans des sc\u00e9narios de collision complexes.<\/p>\n<p>Avec ses supports de force de sauvetage LongShore et jusqu'\u00e0 4 pi (122 cm) d'extensions, l'Interstate VSK peut atteindre jusqu'\u00e0 14 pi (4,3 m). Vous pourrez donc travailler m\u00eame sur les points les plus hauts des v\u00e9hicules avec ces outils. Gr\u00e2ce \u00e0 la r\u00e9sistance exceptionnelle des supports LongShore, il est maintenant possible de stabiliser m\u00eame les b\u00e9tonni\u00e8res charg\u00e9es.<\/p>\n<p>Avec 6 sangles \u00e0 cliquet et une base articul\u00e9e de 30 cm (12 po) avec anneau d'ancrage, vous pouvez attacher deux sangles \u00e0 chaque base, ce qui donne un deuxi\u00e8me triangle de stabilit\u00e9 reliant la base de la jambe de force \u00e0 la charge. Deux cha\u00eenes de qualit\u00e9 100 20 pi (6,1 m) 3\/8 po sont aussi incluses dans la trousse pour connecter les supports aux v\u00e9hicules industriels et commerciaux lourds. 4 crochets en ''J'' sont fournis pour vous permettre de trouver des points d'attaches solides.<\/p>\n<p>L'Interstate VSK est livr\u00e9 avec 3 bases: la base Contour, la V-Base et la Multibase. Toutes les trois vous fournirons un ensemble de fonctionnalit\u00e9s pour s'agriper correctement aux v\u00e9hicules et op\u00e9rer en toute s\u00e9curit\u00e9.<\/p>\n<p><a href=\"https:\/\/staging.safetysourcefire.ca\/wp-content\/uploads\/2021\/04\/Brochure-Interstate-VSK-22-796855.pdf\">T\u00e9l\u00e9charger la brochure Interstate VSK<\/a><\/p>\n<p><iframe loading=\"lazy\" title=\"Vid\u00e9o de stabilisation de v\u00e9hicule Paratech\" width=\"980\" height=\"551\" src=\"https:\/\/www.youtube.com\/embed\/XhXX-sb0RHM?feature=oembed&#038;enablejsapi=1&#038;origin=https:\/\/staging.safetysourcefire.ca\" frameborder=\"0\" allow=\"accelerometer; autoplay; clipboard-write; encrypted-media; gyroscope; picture-in-picture\" allowfullscreen><\/iframe><\/p>","protected":false},"excerpt":{"rendered":"<p>Le meilleur des meilleurs en stabilisation de v\u00e9hicule<\/p>","protected":false},"featured_media":25475,"template":"","meta":[],"product_brand":[152],"product_cat":[51,133],"product_tag":[328],"class_list":{"0":"post-25468","1":"product","2":"type-product","3":"status-publish","4":"has-post-thumbnail","6":"product_brand-paratech","7":"product_cat-rescue","8":"product_cat-stabilization-shoring","9":"product_tag-paratech","11":"first","12":"instock","13":"shipping-taxable","14":"product-type-simple"},"yoast_head":"<!-- This site is optimized with the Yoast SEO plugin v27.4 - https:\/\/yoast.com\/product\/yoast-seo-wordpress\/ -->\n<title>Interstate Vehicle Stabilization Kit (VSK) - Safety Source Fire<\/title>\n<meta name=\"robots\" content=\"noindex, follow, max-snippet:-1, max-image-preview:large, max-video-preview:-1\" \/>\n<meta property=\"og:locale\" content=\"fr_CA\" \/>\n<meta property=\"og:type\" content=\"article\" \/>\n<meta property=\"og:title\" content=\"Interstate Vehicle Stabilization Kit (VSK) - Safety Source Fire\" \/>\n<meta property=\"og:description\" content=\"The Gold Standard in Vehicle Stabilization\" \/>\n<meta property=\"og:url\" content=\"https:\/\/staging.safetysourcefire.ca\/fr_ca\/produit\/interstate-vehicle-stabilization-kit-vsk\/\" \/>\n<meta property=\"og:site_name\" content=\"Safety Source Fire\" \/>\n<meta property=\"article:publisher\" content=\"https:\/\/www.facebook.com\/mmfssca\" \/>\n<meta property=\"article:modified_time\" content=\"2021-04-30T18:31:02+00:00\" \/>\n<meta property=\"og:image\" content=\"https:\/\/staging.safetysourcefire.ca\/wp-content\/uploads\/2021\/04\/interstate-VSK.jpg\" \/>\n\t<meta property=\"og:image:width\" content=\"600\" \/>\n\t<meta property=\"og:image:height\" content=\"600\" \/>\n\t<meta property=\"og:image:type\" content=\"image\/jpeg\" \/>\n<meta name=\"twitter:card\" content=\"summary_large_image\" \/>\n<meta name=\"twitter:site\" content=\"@mmfssca\" \/>\n<meta name=\"twitter:label1\" content=\"Estimation du temps de lecture\" \/>\n\t<meta name=\"twitter:data1\" content=\"2 minutes\" \/>\n<script type=\"application\/ld+json\" class=\"yoast-schema-graph\">{\"@context\":\"https:\\\/\\\/schema.org\",\"@graph\":[{\"@type\":\"WebPage\",\"@id\":\"https:\\\/\\\/staging.safetysourcefire.ca\\\/product\\\/interstate-vehicle-stabilization-kit-vsk\\\/\",\"url\":\"https:\\\/\\\/staging.safetysourcefire.ca\\\/product\\\/interstate-vehicle-stabilization-kit-vsk\\\/\",\"name\":\"Interstate Vehicle Stabilization Kit (VSK) - Safety Source Fire\",\"isPartOf\":{\"@id\":\"https:\\\/\\\/staging.safetysourcefire.ca\\\/#website\"},\"primaryImageOfPage\":{\"@id\":\"https:\\\/\\\/staging.safetysourcefire.ca\\\/product\\\/interstate-vehicle-stabilization-kit-vsk\\\/#primaryimage\"},\"image\":{\"@id\":\"https:\\\/\\\/staging.safetysourcefire.ca\\\/product\\\/interstate-vehicle-stabilization-kit-vsk\\\/#primaryimage\"},\"thumbnailUrl\":\"https:\\\/\\\/staging.safetysourcefire.ca\\\/wp-content\\\/uploads\\\/2021\\\/04\\\/interstate-VSK.jpg\",\"datePublished\":\"2021-04-30T18:13:48+00:00\",\"dateModified\":\"2021-04-30T18:31:02+00:00\",\"breadcrumb\":{\"@id\":\"https:\\\/\\\/staging.safetysourcefire.ca\\\/product\\\/interstate-vehicle-stabilization-kit-vsk\\\/#breadcrumb\"},\"inLanguage\":\"fr-CA\",\"potentialAction\":[{\"@type\":\"ReadAction\",\"target\":[\"https:\\\/\\\/staging.safetysourcefire.ca\\\/product\\\/interstate-vehicle-stabilization-kit-vsk\\\/\"]}]},{\"@type\":\"ImageObject\",\"inLanguage\":\"fr-CA\",\"@id\":\"https:\\\/\\\/staging.safetysourcefire.ca\\\/product\\\/interstate-vehicle-stabilization-kit-vsk\\\/#primaryimage\",\"url\":\"https:\\\/\\\/staging.safetysourcefire.ca\\\/wp-content\\\/uploads\\\/2021\\\/04\\\/interstate-VSK.jpg\",\"contentUrl\":\"https:\\\/\\\/staging.safetysourcefire.ca\\\/wp-content\\\/uploads\\\/2021\\\/04\\\/interstate-VSK.jpg\",\"width\":600,\"height\":600,\"caption\":\"interstate vsk\"},{\"@type\":\"BreadcrumbList\",\"@id\":\"https:\\\/\\\/staging.safetysourcefire.ca\\\/product\\\/interstate-vehicle-stabilization-kit-vsk\\\/#breadcrumb\",\"itemListElement\":[{\"@type\":\"ListItem\",\"position\":1,\"name\":\"Home\",\"item\":\"https:\\\/\\\/staging.safetysourcefire.ca\\\/\"},{\"@type\":\"ListItem\",\"position\":2,\"name\":\"Products\",\"item\":\"https:\\\/\\\/staging.safetysourcefire.ca\\\/shop\\\/\"},{\"@type\":\"ListItem\",\"position\":3,\"name\":\"Interstate Vehicle Stabilization Kit (VSK)\"}]},{\"@type\":\"WebSite\",\"@id\":\"https:\\\/\\\/staging.safetysourcefire.ca\\\/#website\",\"url\":\"https:\\\/\\\/staging.safetysourcefire.ca\\\/\",\"name\":\"Safety Source Fire\",\"description\":\"\",\"publisher\":{\"@id\":\"https:\\\/\\\/staging.safetysourcefire.ca\\\/#organization\"},\"potentialAction\":[{\"@type\":\"SearchAction\",\"target\":{\"@type\":\"EntryPoint\",\"urlTemplate\":\"https:\\\/\\\/staging.safetysourcefire.ca\\\/?s={search_term_string}\"},\"query-input\":{\"@type\":\"PropertyValueSpecification\",\"valueRequired\":true,\"valueName\":\"search_term_string\"}}],\"inLanguage\":\"fr-CA\"},{\"@type\":\"Organization\",\"@id\":\"https:\\\/\\\/staging.safetysourcefire.ca\\\/#organization\",\"name\":\"Safety Source Fire\",\"url\":\"https:\\\/\\\/staging.safetysourcefire.ca\\\/\",\"logo\":{\"@type\":\"ImageObject\",\"inLanguage\":\"fr-CA\",\"@id\":\"https:\\\/\\\/staging.safetysourcefire.ca\\\/#\\\/schema\\\/logo\\\/image\\\/\",\"url\":\"https:\\\/\\\/staging.safetysourcefire.ca\\\/wp-content\\\/uploads\\\/2021\\\/01\\\/SSF_logo_CC0000-3.png\",\"contentUrl\":\"https:\\\/\\\/staging.safetysourcefire.ca\\\/wp-content\\\/uploads\\\/2021\\\/01\\\/SSF_logo_CC0000-3.png\",\"width\":1107,\"height\":365,\"caption\":\"Safety Source Fire\"},\"image\":{\"@id\":\"https:\\\/\\\/staging.safetysourcefire.ca\\\/#\\\/schema\\\/logo\\\/image\\\/\"},\"sameAs\":[\"https:\\\/\\\/www.facebook.com\\\/mmfssca\",\"https:\\\/\\\/x.com\\\/mmfssca\"]}]}<\/script>\n<!-- \/ Yoast SEO plugin. -->","yoast_head_json":{"title":"Kit de stabilisation de v\u00e9hicule inter-\u00c9tats (VSK) - Safety Source Fire","robots":{"index":"noindex","follow":"follow","max-snippet":"max-snippet:-1","max-image-preview":"max-image-preview:large","max-video-preview":"max-video-preview:-1"},"og_locale":"fr_CA","og_type":"article","og_title":"Interstate Vehicle Stabilization Kit (VSK) - Safety Source Fire","og_description":"The Gold Standard in Vehicle Stabilization","og_url":"https:\/\/staging.safetysourcefire.ca\/fr_ca\/produit\/interstate-vehicle-stabilization-kit-vsk\/","og_site_name":"Safety Source Fire","article_publisher":"https:\/\/www.facebook.com\/mmfssca","article_modified_time":"2021-04-30T18:31:02+00:00","og_image":[{"width":600,"height":600,"url":"https:\/\/staging.safetysourcefire.ca\/wp-content\/uploads\/2021\/04\/interstate-VSK.jpg","type":"image\/jpeg"}],"twitter_card":"summary_large_image","twitter_site":"@mmfssca","twitter_misc":{"Estimation du temps de lecture":"2 minutes"},"schema":{"@context":"https:\/\/schema.org","@graph":[{"@type":"WebPage","@id":"https:\/\/staging.safetysourcefire.ca\/product\/interstate-vehicle-stabilization-kit-vsk\/","url":"https:\/\/staging.safetysourcefire.ca\/product\/interstate-vehicle-stabilization-kit-vsk\/","name":"Kit de stabilisation de v\u00e9hicule inter-\u00c9tats (VSK) - Safety Source Fire","isPartOf":{"@id":"https:\/\/staging.safetysourcefire.ca\/#website"},"primaryImageOfPage":{"@id":"https:\/\/staging.safetysourcefire.ca\/product\/interstate-vehicle-stabilization-kit-vsk\/#primaryimage"},"image":{"@id":"https:\/\/staging.safetysourcefire.ca\/product\/interstate-vehicle-stabilization-kit-vsk\/#primaryimage"},"thumbnailUrl":"https:\/\/staging.safetysourcefire.ca\/wp-content\/uploads\/2021\/04\/interstate-VSK.jpg","datePublished":"2021-04-30T18:13:48+00:00","dateModified":"2021-04-30T18:31:02+00:00","breadcrumb":{"@id":"https:\/\/staging.safetysourcefire.ca\/product\/interstate-vehicle-stabilization-kit-vsk\/#breadcrumb"},"inLanguage":"fr-CA","potentialAction":[{"@type":"ReadAction","target":["https:\/\/staging.safetysourcefire.ca\/product\/interstate-vehicle-stabilization-kit-vsk\/"]}]},{"@type":"ImageObject","inLanguage":"fr-CA","@id":"https:\/\/staging.safetysourcefire.ca\/product\/interstate-vehicle-stabilization-kit-vsk\/#primaryimage","url":"https:\/\/staging.safetysourcefire.ca\/wp-content\/uploads\/2021\/04\/interstate-VSK.jpg","contentUrl":"https:\/\/staging.safetysourcefire.ca\/wp-content\/uploads\/2021\/04\/interstate-VSK.jpg","width":600,"height":600,"caption":"interstate vsk"},{"@type":"BreadcrumbList","@id":"https:\/\/staging.safetysourcefire.ca\/product\/interstate-vehicle-stabilization-kit-vsk\/#breadcrumb","itemListElement":[{"@type":"ListItem","position":1,"name":"Home","item":"https:\/\/staging.safetysourcefire.ca\/"},{"@type":"ListItem","position":2,"name":"Products","item":"https:\/\/staging.safetysourcefire.ca\/shop\/"},{"@type":"ListItem","position":3,"name":"Interstate Vehicle Stabilization Kit (VSK)"}]},{"@type":"WebSite","@id":"https:\/\/staging.safetysourcefire.ca\/#website","url":"https:\/\/staging.safetysourcefire.ca\/","name":"Safety Source Fire","description":"","publisher":{"@id":"https:\/\/staging.safetysourcefire.ca\/#organization"},"potentialAction":[{"@type":"SearchAction","target":{"@type":"EntryPoint","urlTemplate":"https:\/\/staging.safetysourcefire.ca\/?s={search_term_string}"},"query-input":{"@type":"PropertyValueSpecification","valueRequired":true,"valueName":"search_term_string"}}],"inLanguage":"fr-CA"},{"@type":"Organization","@id":"https:\/\/staging.safetysourcefire.ca\/#organization","name":"Safety Source Fire","url":"https:\/\/staging.safetysourcefire.ca\/","logo":{"@type":"ImageObject","inLanguage":"fr-CA","@id":"https:\/\/staging.safetysourcefire.ca\/#\/schema\/logo\/image\/","url":"https:\/\/staging.safetysourcefire.ca\/wp-content\/uploads\/2021\/01\/SSF_logo_CC0000-3.png","contentUrl":"https:\/\/staging.safetysourcefire.ca\/wp-content\/uploads\/2021\/01\/SSF_logo_CC0000-3.png","width":1107,"height":365,"caption":"Safety Source Fire"},"image":{"@id":"https:\/\/staging.safetysourcefire.ca\/#\/schema\/logo\/image\/"},"sameAs":["https:\/\/www.facebook.com\/mmfssca","https:\/\/x.com\/mmfssca"]}]}},"_links":{"self":[{"href":"https:\/\/staging.safetysourcefire.ca\/fr_ca\/wp-json\/wp\/v2\/product\/25468","targetHints":{"allow":["GET"]}}],"collection":[{"href":"https:\/\/staging.safetysourcefire.ca\/fr_ca\/wp-json\/wp\/v2\/product"}],"about":[{"href":"https:\/\/staging.safetysourcefire.ca\/fr_ca\/wp-json\/wp\/v2\/types\/product"}],"wp:featuredmedia":[{"embeddable":true,"href":"https:\/\/staging.safetysourcefire.ca\/fr_ca\/wp-json\/wp\/v2\/media\/25475"}],"wp:attachment":[{"href":"https:\/\/staging.safetysourcefire.ca\/fr_ca\/wp-json\/wp\/v2\/media?parent=25468"}],"wp:term":[{"taxonomy":"product_brand","embeddable":true,"href":"https:\/\/staging.safetysourcefire.ca\/fr_ca\/wp-json\/wp\/v2\/product_brand?post=25468"},{"taxonomy":"product_cat","embeddable":true,"href":"https:\/\/staging.safetysourcefire.ca\/fr_ca\/wp-json\/wp\/v2\/product_cat?post=25468"},{"taxonomy":"product_tag","embeddable":true,"href":"https:\/\/staging.safetysourcefire.ca\/fr_ca\/wp-json\/wp\/v2\/product_tag?post=25468"}],"curies":[{"name":"wp","href":"https:\/\/api.w.org\/{rel}","templated":true}]}}