{"id":25400,"date":"2021-04-26T21:24:52","date_gmt":"2021-04-26T21:24:52","guid":{"rendered":"https:\/\/safetysourcefire.ca\/?post_type=product&#038;p=25400"},"modified":"2021-09-30T14:59:24","modified_gmt":"2021-09-30T14:59:24","slug":"modular-live-fire-training-system","status":"publish","type":"product","link":"https:\/\/staging.safetysourcefire.ca\/fr_ca\/produit\/modular-live-fire-training-system\/","title":{"rendered":"Syst\u00e8me modulaire d'entra\u00eenement au tir avec effet r\u00e9aliste"},"content":{"rendered":"<p>Syst\u00e8me simplifi\u00e9<\/p>\n<ul>\n<li>Commencez avec un plateau de gravure, un module pilote et une console de contr\u00f4le.<\/li>\n<\/ul>\n<p>Flammes intenses et chaleur r\u00e9elle<\/p>\n<ul>\n<li>Le syst\u00e8me, aliment\u00e9 au propane, simule des sc\u00e9narios d'urgence d'incendie r\u00e9els pour un r\u00e9alisme maximal.<\/li>\n<\/ul>\n<p>Facilit\u00e9 des op\u00e9rations<\/p>\n<ul>\n<li>D\u00e9marrez et arr\u00eatez les \u00e9volutions d'une simple pression sur un bouton. De plus, le raccord \u00e0 connexion rapide vous permet de commencer \u00e0 vous entra\u00eener en quelques minutes seulement!<\/li>\n<\/ul>\n<p>Accessoires interchangeables<\/p>\n<ul>\n<li>Une fois que vous poss\u00e9dez le syst\u00e8me simplifi\u00e9, ajoutez l&#039;un des accessoires d&#039;entra\u00eenement au feu modulaires pour \u00e9largir votre arsenal d&#039;entra\u00eenement.<\/li>\n<\/ul>\n<p><a href=\"https:\/\/www.lionprotects.com\/cs\/c\/?cta_guid=a4b3581f-5f27-434c-aabb-f0a606d410dd&amp;signature=AAH58kF-8Azccdw9oq9lTIxG-gvyKmxhYA&amp;pageId=5452138122&amp;placement_guid=4065abbe-fc42-4ae8-a3c7-0fe7ed021f0a&amp;click=e9c568fb-af4d-4c64-b2df-55fbfa898ff3&amp;hsutk=d12f911d5883f4ab8ec83423e54b1d3f&amp;canon=https%3A%2F%2Fwww.lionprotects.com%2Ffirefighter-training-props-modular-fire-training-system&amp;utm_referrer=https%3A%2F%2Fwww.lionprotects.com%2Flive-fire-firefighter-training-props&amp;portal_id=3475623&amp;redirect_url=APefjpGeDCPWXWsm1BPn1otvGH-k8yyFsriD-979FgnGnB36NBlBsePfxOXTcoTmoTTxpQU5tbrhrcAx-6FPI7b8LAmHmIyWeLVcD6XIOuPplW1V8XspngkmBrjvnsGwdxG5st6NpgIFVC3d_bfNxZirrIEl-koXFD-eF6clHtMrUj-bF3hBw2N1QnH0eDYsY2b0OHm4gHHAnTf4btm4ss1DLQFy-JMvRBR1Fg_VUqbbLY61-S5LchJ4RGf43vC92gOMKOeK9Vo0gwF_LEPftFCjeHY-AaEUwAgfU-bJxgK8Hlsvq192EBTn2-mkHhP8HKNrIO4WHY8lrH52NtOeuaWFGuLmU9fmnW2UWN3BvtJbN5LcmK92lQc&amp;__hstc=47088440.d12f911d5883f4ab8ec83423e54b1d3f.1617731482883.1619455555674.1619464147827.11&amp;__hssc=47088440.27.1619464147827&amp;__hsfp=2282831983&amp;contentType=standard-page\">T\u00e9l\u00e9charger la fiche produit<\/a><\/p>\n<p>Les modules comprennent\u00a0:<\/p>\n<ul>\n<li><a href=\"https:\/\/www.lionprotects.com\/cs\/c\/?cta_guid=a4b3581f-5f27-434c-aabb-f0a606d410dd&amp;signature=AAH58kHYL2ZUrMrX8z7dlMHVr5u36XpXLg&amp;pageId=5452138122&amp;placement_guid=4065abbe-fc42-4ae8-a3c7-0fe7ed021f0a&amp;click=d4a560ce-d5f3-4c7d-8bc6-2490df1511a4&amp;hsutk=d12f911d5883f4ab8ec83423e54b1d3f&amp;canon=https%3A%2F%2Fwww.lionprotects.com%2Ffirefighter-training-props-modular-fire-training-system&amp;utm_referrer=https%3A%2F%2Fwww.lionprotects.com%2Flive-fire-firefighter-training-props&amp;portal_id=3475623&amp;redirect_url=APefjpHHeLOXC8wTyNnhPhQPTvq1EJQjlfvie1eoAXgsnmud4tFd1LnGXx9UZkA8lVj4VCKf2bgkqJrdhxzVKehEwwjWkOJVYAgbJj4FUF3oieFmUhqWY61zrOFBZkxPn16SUDyWUuLIwtw6hQhLMnnlnTiHSumXMseEQP1lOitrtZhDFTwC6K1xSBP506QFVplL4MXDx5KVoXwOFzokKes-gjjFFMNWoDZm8SWaxOpmeoLuXrzlMX_BKRcOo2hr9Gb_IV43CyOxUt5I_f4KhIw1wmxj3RIKqgr11KHaTHaQ7AKE2VoSHmHbAPBys-4g1U5tIerVKrlpt2SxCkMKb8kpEbM9l6u0170ienSbHEiNFOj-xmUSBW8&amp;__hstc=47088440.d12f911d5883f4ab8ec83423e54b1d3f.1617731482883.1619455555674.1619464147827.11&amp;__hssc=47088440.38.1619464147827&amp;__hsfp=2282831983&amp;contentType=standard-page\">Syst\u00e8me d&#039;entra\u00eenement \u00e0 tuyau flexible<\/a><\/li>\n<li><a href=\"https:\/\/www.lionprotects.com\/cs\/c\/?cta_guid=57f4085d-e620-47b5-98b1-e5832f3a39c9&amp;signature=AAH58kGCl1DxvHvnIERtAXv3LOzhlXqVkQ&amp;pageId=5453389178&amp;placement_guid=60e8841f-7e02-4348-b2cb-8056c0afef04&amp;click=1277b2e9-5e68-4d33-b97e-72d4ba8cf044&amp;hsutk=d12f911d5883f4ab8ec83423e54b1d3f&amp;canon=https%3A%2F%2Fwww.lionprotects.com%2Ffirefighter-training-props-vehicle-training&amp;utm_referrer=https%3A%2F%2Fwww.lionprotects.com%2Flive-fire-firefighter-training-props&amp;portal_id=3475623&amp;redirect_url=APefjpFNTMekscMEclfMZUEUY954bbVuDwjp_3IYH45kkyb5-MLAMJjMD9oqAbBv-_HQGaoullabjdGLN8vj_IsrFsNLlGLzFw8oa5jBBzmcn_05tG0VAeA-ktpJ8du_Cp6W82o0usJVtX2P29RkSIetV8HVOovfX8GGi0rKu-Id0R-VMC3NDGUjzEE6zZgYjv-akaUtnPl4WNFn8jcH_WUZX-qrgTHpBdE8AnuRqnZ59MrJ0eSbWgCaBJmi0Hii1qrjkX8kheRy3dEigfs4c22eBzkgsAI7rGJuWSIlmfWFOhLK4oKDqo5OfIwrGS-CZl2eeMe2zpnGz66NXM7AvQU4GCeJBlmwGn_9gRl-4FC5oONB2gmXwBiS2xymeFjIg5_9NwOs0ppr&amp;__hstc=47088440.d12f911d5883f4ab8ec83423e54b1d3f.1617731482883.1619455555674.1619464147827.11&amp;__hssc=47088440.40.1619464147827&amp;__hsfp=2282831983&amp;contentType=standard-page\">Accessoire d&#039;entra\u00eenement de v\u00e9hicule<\/a><\/li>\n<li><a href=\"https:\/\/staging.safetysourcefire.ca\/fr_ca\/produit\/magnum-hose-line-and-fire-extingisher-trainer\/\">Formation sur les tuyaux flexibles et les extincteurs MAGNUM<\/a><\/li>\n<li><a href=\"https:\/\/www.lionprotects.com\/cs\/c\/?cta_guid=a4b3581f-5f27-434c-aabb-f0a606d410dd&amp;signature=AAH58kEz0A0sES4Uteq_6-bmtiTJCgShcw&amp;pageId=5453816739&amp;placement_guid=4065abbe-fc42-4ae8-a3c7-0fe7ed021f0a&amp;click=82f5b218-8ed1-4005-9a50-edb1eb90a37d&amp;hsutk=d12f911d5883f4ab8ec83423e54b1d3f&amp;canon=https%3A%2F%2Fwww.lionprotects.com%2Ffirefighter-training-props-stove-fire&amp;utm_referrer=https%3A%2F%2Fwww.lionprotects.com%2Flive-fire-firefighter-training-props&amp;portal_id=3475623&amp;redirect_url=APefjpF_56AkMK82jLqI41YMsJMA2XnVW4vEWLlJ8XQMmJoSePUkaCKoepHn0z9qrGAjbPDgRlh3Ij3Rno1skCXtXKTYJtJ_Cd7wEuglVHLk6zwPXMI0Xiykh0RiXbRrNwehVnJ7g3KJ3ouzOrIRWYCYq1VMYp4MDxg26XNAEMBDhE43MnkMJ3y2VL1o7a-YFeT5yk_Nfpis-yC-9Dv5dVqyr_xOVgS9gxPnZLGtI6RFqOUOqMk34OIkPGDB63T0ljXS3RsSwUelc2UbC6LmDPi9WgbhTRAC2ara19Odp5c7YMtKXBBBbdb63-p1dh6mMwYWR3QoINbUGDNLBnEQFqywftT7fV3g248DNrDzT__oeVdNipZU6cw\">Accessoire d&#039;entra\u00eenement au feu de po\u00eale<\/a><\/li>\n<li>Accessoire d&#039;entra\u00eenement au feu de moteur \u00e9lectrique<\/li>\n<li>Accessoire d&#039;entra\u00eenement au feu de benne \u00e0 ordures<\/li>\n<li>Accessoire d&#039;entra\u00eenement au feu pour barbecue<\/li>\n<li>Accessoire d&#039;entra\u00eenement au feu de casier de peinture<\/li>\n<li>Accessoire de formation au feu \u00e0 bride de tuyau fendu<\/li>\n<li>Accessoire de formation au feu de compteur de gaz<\/li>\n<li>Accessoire d&#039;entra\u00eenement aux incendies en cas de d\u00e9versement de carburant<\/li>\n<li>Support d&#039;entra\u00eenement au feu de poubelle<\/li>\n<li>Accessoire d&#039;entra\u00eenement au feu de bouteille de propane<\/li>\n<li>Accessoire de formation aux incendies de tuyaux et de vannes<\/li>\n<li><a href=\"https:\/\/www.lionprotects.com\/cs\/c\/?cta_guid=435e3772-98b8-424c-8272-a70567b3e28f&amp;signature=AAH58kEsxwSC3-bQB3I1qDmKAbLHF3_V3w&amp;pageId=5454185936&amp;placement_guid=e39efa9f-182c-4316-b831-bf88025f3477&amp;click=58694ff9-de3b-4a52-9d00-8d498e9762ff&amp;hsutk=d12f911d5883f4ab8ec83423e54b1d3f&amp;canon=https%3A%2F%2Fwww.lionprotects.com%2Ffirefighter-training-props-helicopter&amp;utm_referrer=https%3A%2F%2Fwww.lionprotects.com%2Flive-fire-firefighter-training-props&amp;portal_id=3475623&amp;redirect_url=APefjpGQ0aFLaCKkEFREanKIkCj736PfQbfRZzF9ifQqZ3KOsP_-P-EkQKmk9fMa1tMoYJDVJZ72en8kPhmgEbXVtdK_Ffgcg6bOUsIix5IAYU0JEuRpM09T9DHGHfyDkHpNQyq_2LIYQt2bcEwlItUwM-1QQ5EUgq1BqD0r4g3LeK8pQMkY2sGoO483vqZV9PKA2YQfdT2IdO9EyTkfayxe7ySWzNO8O_gvzCc9qY7aZlssTFrH1r7d8luscfwxSi2tquTWFxGqsduLAusiR8crARTgH2B0o_JLUuSwpTcRQ62ZGOye7qxVEGWfTGvJqSX0JJFAOrNHsw0MalPESsQ2zteVHyK-ZV8PC4MeKEWHLWTVS8IVYao&amp;__hstc=47088440.d12f911d5883f4ab8ec83423e54b1d3f.1617731482883.1619455555674.1619464147827.11&amp;__hssc=47088440.62.1619464147827&amp;__hsfp=2282831983&amp;contentType=standard-page\">Accessoire d'entra\u00eenement pour feu d'h\u00e9licopt\u00e8re<\/a><\/li>\n<li>Accessoire d'entra\u00eenement pour aile d'avion<\/li>\n<li><a href=\"https:\/\/www.lionprotects.com\/cs\/c\/?cta_guid=ea5d85e5-cd5c-4299-ab05-22039b63c489&amp;signature=AAH58kHn1Vu4VEf26lZtYo08JRLDqSMjrw&amp;pageId=5454297975&amp;placement_guid=d1b63e4e-86cf-4988-bb6f-9bd961e22532&amp;click=95e81653-97cf-477a-a014-7bbac848bc88&amp;hsutk=d12f911d5883f4ab8ec83423e54b1d3f&amp;canon=https%3A%2F%2Fwww.lionprotects.com%2Ffirefighter-training-props-pressure-vessel&amp;utm_referrer=https%3A%2F%2Fwww.lionprotects.com%2Flive-fire-firefighter-training-props&amp;portal_id=3475623&amp;redirect_url=APefjpFnE6ppCaHCPXMxIkuIat9KDRXZcC6Wg5Gm0x_PJ91bMYZBncWhH9Zj-sgVhcUGgW0ejwFPuYCrrx14N__vKZWPQEvamqt6Gpgg5csgDGhFjLNX3e94Q3C-SJFplUvGrwIoROtf70mwNNyj6Lh_jt6r34SkPIySoNiGKA03Cqx8RXOeQRXj-7_GJvLy88SBcXOOEYcY3WtSn24hN-0fI5ecKkjodT5-6ceqL1KP7SPipNb-D_eNaGLOTB76WfSKoJjNkM4l8QwdBTzWzRAi4ZS5XuGwnFzCV24oKVtcEPzM2mcq9t94-ByPQUEeJQ-6k_nBuRemO2XPDk6_jXE9b7ZM7ydjBH3VDWbyWx3KyREQ1fwDaZo&amp;__hstc=47088440.d12f911d5883f4ab8ec83423e54b1d3f.1617731482883.1619455555674.1619464147827.11&amp;__hssc=47088440.67.1619464147827&amp;__hsfp=2282831983&amp;contentType=standard-page\">Accessoire d&#039;entra\u00eenement pour appareils \u00e0 pression<\/a><\/li>\n<\/ul>\n<p>&nbsp;<\/p>\n<p><iframe loading=\"lazy\" title=\"Syst\u00e8me d&#039;entra\u00eenement LION Hose Line\" width=\"980\" height=\"551\" src=\"https:\/\/www.youtube.com\/embed\/-A8k0P7KU4s?feature=oembed&#038;enablejsapi=1&#038;origin=https:\/\/staging.safetysourcefire.ca\" frameborder=\"0\" allow=\"accelerometer; autoplay; clipboard-write; encrypted-media; gyroscope; picture-in-picture\" allowfullscreen><\/iframe><\/p>\n<p><iframe loading=\"lazy\" title=\"Accessoires d&#039;entra\u00eenement au tir r\u00e9el LION Advanced\" width=\"980\" height=\"551\" src=\"https:\/\/www.youtube.com\/embed\/9xdNUozBhkE?feature=oembed&#038;enablejsapi=1&#038;origin=https:\/\/staging.safetysourcefire.ca\" frameborder=\"0\" allow=\"accelerometer; autoplay; clipboard-write; encrypted-media; gyroscope; picture-in-picture\" allowfullscreen><\/iframe><\/p>\n<p>CONFIGURATION FACILE<br \/>\nLe module pilote en acier inoxydable agit comme le cerveau du syst\u00e8me et se connecte rapidement \u00e0 la console de commande. Le plateau (Burn Tray) peut ensuite \u00eatre connect\u00e9 au module pilote pour commencer l'entra\u00eenement.<\/p>\n<p>CHALEUR RESSENTIE<br \/>\nLa formation n&#039;est efficace que si elle ressemble \u00e0 la r\u00e9alit\u00e9. Avoir des flammes intenses et une vraie chaleur gardera vos stagiaires excit\u00e9s et engag\u00e9s.<\/p>\n<p>EFFICACE<br \/>\nVous ne devriez pas perdre des heures pr\u00e9cieuses sur l'installation. Passez votre temps \u00e0 former votre \u00e9quipe, \u00e0 suivre les \u00e9volutions et \u00e0 vous concentrer sur le d\u00e9veloppement des comp\u00e9tences de vos stagiaires.<\/p>\n<p>BUDGET OPTIMIS\u00c9<br \/>\nEn commen\u00e7ant avec ce syst\u00e8me polyvalent, des accessoires suppl\u00e9mentaires peuvent \u00eatre ajout\u00e9s au besoin, sans probl\u00e8me. Cela vous permet de cr\u00e9er une vari\u00e9t\u00e9 de situations d'entra\u00eenement, sans avoir \u00e0 acheter plusieurs syst\u00e8mes s\u00e9par\u00e9s.<\/p>\n<p>BESOIN D&#039;UN ACCESSOIRE PERSONNALIS\u00c9\u00a0?<br \/>\nSi vous avez un objectif de formation sp\u00e9cifique qui doit \u00eatre atteint, notre \u00e9quipe de conception peut vous aider \u00e0 cr\u00e9er l'outil appropri\u00e9 pour le travail.<\/p>","protected":false},"excerpt":{"rendered":"<p>Une plateforme unique pour tous vos besoins de formation<\/p>","protected":false},"featured_media":25404,"template":"","meta":[],"product_brand":[421],"product_cat":[509,140,515],"product_tag":[266,493],"class_list":{"0":"post-25400","1":"product","2":"type-product","3":"status-publish","4":"has-post-thumbnail","6":"product_brand-lion","7":"product_cat-lion-firefighter-training-props","8":"product_cat-live-fire","9":"product_cat-live-fire-training-props","10":"product_tag-bullex","11":"product_tag-lion","13":"first","14":"instock","15":"shipping-taxable","16":"product-type-simple"},"yoast_head":"<!-- This site is optimized with the Yoast SEO plugin v27.4 - https:\/\/yoast.com\/product\/yoast-seo-wordpress\/ -->\n<title>Modular Live Fire Training System - Safety Source Fire<\/title>\n<meta name=\"robots\" content=\"noindex, follow, max-snippet:-1, max-image-preview:large, max-video-preview:-1\" \/>\n<meta property=\"og:locale\" content=\"fr_CA\" \/>\n<meta property=\"og:type\" content=\"article\" \/>\n<meta property=\"og:title\" content=\"Modular Live Fire Training System - Safety Source Fire\" \/>\n<meta property=\"og:description\" content=\"A single platform for all your training needs\" \/>\n<meta property=\"og:url\" content=\"https:\/\/staging.safetysourcefire.ca\/fr_ca\/produit\/modular-live-fire-training-system\/\" \/>\n<meta property=\"og:site_name\" content=\"Safety Source Fire\" \/>\n<meta property=\"article:publisher\" content=\"https:\/\/www.facebook.com\/mmfssca\" \/>\n<meta property=\"article:modified_time\" content=\"2021-09-30T14:59:24+00:00\" \/>\n<meta property=\"og:image\" content=\"https:\/\/staging.safetysourcefire.ca\/wp-content\/uploads\/2021\/04\/170719FVEF8043.jpg\" \/>\n\t<meta property=\"og:image:width\" content=\"600\" \/>\n\t<meta property=\"og:image:height\" content=\"600\" \/>\n\t<meta property=\"og:image:type\" content=\"image\/jpeg\" \/>\n<meta name=\"twitter:card\" content=\"summary_large_image\" \/>\n<meta name=\"twitter:site\" content=\"@mmfssca\" \/>\n<meta name=\"twitter:label1\" content=\"Estimation du temps de lecture\" \/>\n\t<meta name=\"twitter:data1\" content=\"2 minutes\" \/>\n<script type=\"application\/ld+json\" class=\"yoast-schema-graph\">{\"@context\":\"https:\\\/\\\/schema.org\",\"@graph\":[{\"@type\":\"WebPage\",\"@id\":\"https:\\\/\\\/staging.safetysourcefire.ca\\\/product\\\/modular-live-fire-training-system\\\/\",\"url\":\"https:\\\/\\\/staging.safetysourcefire.ca\\\/product\\\/modular-live-fire-training-system\\\/\",\"name\":\"Modular Live Fire Training System - Safety Source Fire\",\"isPartOf\":{\"@id\":\"https:\\\/\\\/staging.safetysourcefire.ca\\\/#website\"},\"primaryImageOfPage\":{\"@id\":\"https:\\\/\\\/staging.safetysourcefire.ca\\\/product\\\/modular-live-fire-training-system\\\/#primaryimage\"},\"image\":{\"@id\":\"https:\\\/\\\/staging.safetysourcefire.ca\\\/product\\\/modular-live-fire-training-system\\\/#primaryimage\"},\"thumbnailUrl\":\"https:\\\/\\\/staging.safetysourcefire.ca\\\/wp-content\\\/uploads\\\/2021\\\/04\\\/170719FVEF8043.jpg\",\"datePublished\":\"2021-04-26T21:24:52+00:00\",\"dateModified\":\"2021-09-30T14:59:24+00:00\",\"breadcrumb\":{\"@id\":\"https:\\\/\\\/staging.safetysourcefire.ca\\\/product\\\/modular-live-fire-training-system\\\/#breadcrumb\"},\"inLanguage\":\"fr-CA\",\"potentialAction\":[{\"@type\":\"ReadAction\",\"target\":[\"https:\\\/\\\/staging.safetysourcefire.ca\\\/product\\\/modular-live-fire-training-system\\\/\"]}]},{\"@type\":\"ImageObject\",\"inLanguage\":\"fr-CA\",\"@id\":\"https:\\\/\\\/staging.safetysourcefire.ca\\\/product\\\/modular-live-fire-training-system\\\/#primaryimage\",\"url\":\"https:\\\/\\\/staging.safetysourcefire.ca\\\/wp-content\\\/uploads\\\/2021\\\/04\\\/170719FVEF8043.jpg\",\"contentUrl\":\"https:\\\/\\\/staging.safetysourcefire.ca\\\/wp-content\\\/uploads\\\/2021\\\/04\\\/170719FVEF8043.jpg\",\"width\":600,\"height\":600,\"caption\":\"live fire in use\"},{\"@type\":\"BreadcrumbList\",\"@id\":\"https:\\\/\\\/staging.safetysourcefire.ca\\\/product\\\/modular-live-fire-training-system\\\/#breadcrumb\",\"itemListElement\":[{\"@type\":\"ListItem\",\"position\":1,\"name\":\"Home\",\"item\":\"https:\\\/\\\/staging.safetysourcefire.ca\\\/\"},{\"@type\":\"ListItem\",\"position\":2,\"name\":\"Products\",\"item\":\"https:\\\/\\\/staging.safetysourcefire.ca\\\/shop\\\/\"},{\"@type\":\"ListItem\",\"position\":3,\"name\":\"Modular Live Fire Training System\"}]},{\"@type\":\"WebSite\",\"@id\":\"https:\\\/\\\/staging.safetysourcefire.ca\\\/#website\",\"url\":\"https:\\\/\\\/staging.safetysourcefire.ca\\\/\",\"name\":\"Safety Source Fire\",\"description\":\"\",\"publisher\":{\"@id\":\"https:\\\/\\\/staging.safetysourcefire.ca\\\/#organization\"},\"potentialAction\":[{\"@type\":\"SearchAction\",\"target\":{\"@type\":\"EntryPoint\",\"urlTemplate\":\"https:\\\/\\\/staging.safetysourcefire.ca\\\/?s={search_term_string}\"},\"query-input\":{\"@type\":\"PropertyValueSpecification\",\"valueRequired\":true,\"valueName\":\"search_term_string\"}}],\"inLanguage\":\"fr-CA\"},{\"@type\":\"Organization\",\"@id\":\"https:\\\/\\\/staging.safetysourcefire.ca\\\/#organization\",\"name\":\"Safety Source Fire\",\"url\":\"https:\\\/\\\/staging.safetysourcefire.ca\\\/\",\"logo\":{\"@type\":\"ImageObject\",\"inLanguage\":\"fr-CA\",\"@id\":\"https:\\\/\\\/staging.safetysourcefire.ca\\\/#\\\/schema\\\/logo\\\/image\\\/\",\"url\":\"https:\\\/\\\/staging.safetysourcefire.ca\\\/wp-content\\\/uploads\\\/2021\\\/01\\\/SSF_logo_CC0000-3.png\",\"contentUrl\":\"https:\\\/\\\/staging.safetysourcefire.ca\\\/wp-content\\\/uploads\\\/2021\\\/01\\\/SSF_logo_CC0000-3.png\",\"width\":1107,\"height\":365,\"caption\":\"Safety Source Fire\"},\"image\":{\"@id\":\"https:\\\/\\\/staging.safetysourcefire.ca\\\/#\\\/schema\\\/logo\\\/image\\\/\"},\"sameAs\":[\"https:\\\/\\\/www.facebook.com\\\/mmfssca\",\"https:\\\/\\\/x.com\\\/mmfssca\"]}]}<\/script>\n<!-- \/ Yoast SEO plugin. -->","yoast_head_json":{"title":"Syst\u00e8me modulaire d&#039;entra\u00eenement au tir r\u00e9el - Safety Source Fire","robots":{"index":"noindex","follow":"follow","max-snippet":"max-snippet:-1","max-image-preview":"max-image-preview:large","max-video-preview":"max-video-preview:-1"},"og_locale":"fr_CA","og_type":"article","og_title":"Modular Live Fire Training System - Safety Source Fire","og_description":"A single platform for all your training needs","og_url":"https:\/\/staging.safetysourcefire.ca\/fr_ca\/produit\/modular-live-fire-training-system\/","og_site_name":"Safety Source Fire","article_publisher":"https:\/\/www.facebook.com\/mmfssca","article_modified_time":"2021-09-30T14:59:24+00:00","og_image":[{"width":600,"height":600,"url":"https:\/\/staging.safetysourcefire.ca\/wp-content\/uploads\/2021\/04\/170719FVEF8043.jpg","type":"image\/jpeg"}],"twitter_card":"summary_large_image","twitter_site":"@mmfssca","twitter_misc":{"Estimation du temps de lecture":"2 minutes"},"schema":{"@context":"https:\/\/schema.org","@graph":[{"@type":"WebPage","@id":"https:\/\/staging.safetysourcefire.ca\/product\/modular-live-fire-training-system\/","url":"https:\/\/staging.safetysourcefire.ca\/product\/modular-live-fire-training-system\/","name":"Syst\u00e8me modulaire d&#039;entra\u00eenement au tir r\u00e9el - Safety Source Fire","isPartOf":{"@id":"https:\/\/staging.safetysourcefire.ca\/#website"},"primaryImageOfPage":{"@id":"https:\/\/staging.safetysourcefire.ca\/product\/modular-live-fire-training-system\/#primaryimage"},"image":{"@id":"https:\/\/staging.safetysourcefire.ca\/product\/modular-live-fire-training-system\/#primaryimage"},"thumbnailUrl":"https:\/\/staging.safetysourcefire.ca\/wp-content\/uploads\/2021\/04\/170719FVEF8043.jpg","datePublished":"2021-04-26T21:24:52+00:00","dateModified":"2021-09-30T14:59:24+00:00","breadcrumb":{"@id":"https:\/\/staging.safetysourcefire.ca\/product\/modular-live-fire-training-system\/#breadcrumb"},"inLanguage":"fr-CA","potentialAction":[{"@type":"ReadAction","target":["https:\/\/staging.safetysourcefire.ca\/product\/modular-live-fire-training-system\/"]}]},{"@type":"ImageObject","inLanguage":"fr-CA","@id":"https:\/\/staging.safetysourcefire.ca\/product\/modular-live-fire-training-system\/#primaryimage","url":"https:\/\/staging.safetysourcefire.ca\/wp-content\/uploads\/2021\/04\/170719FVEF8043.jpg","contentUrl":"https:\/\/staging.safetysourcefire.ca\/wp-content\/uploads\/2021\/04\/170719FVEF8043.jpg","width":600,"height":600,"caption":"live fire in use"},{"@type":"BreadcrumbList","@id":"https:\/\/staging.safetysourcefire.ca\/product\/modular-live-fire-training-system\/#breadcrumb","itemListElement":[{"@type":"ListItem","position":1,"name":"Home","item":"https:\/\/staging.safetysourcefire.ca\/"},{"@type":"ListItem","position":2,"name":"Products","item":"https:\/\/staging.safetysourcefire.ca\/shop\/"},{"@type":"ListItem","position":3,"name":"Modular Live Fire Training System"}]},{"@type":"WebSite","@id":"https:\/\/staging.safetysourcefire.ca\/#website","url":"https:\/\/staging.safetysourcefire.ca\/","name":"Safety Source Fire","description":"","publisher":{"@id":"https:\/\/staging.safetysourcefire.ca\/#organization"},"potentialAction":[{"@type":"SearchAction","target":{"@type":"EntryPoint","urlTemplate":"https:\/\/staging.safetysourcefire.ca\/?s={search_term_string}"},"query-input":{"@type":"PropertyValueSpecification","valueRequired":true,"valueName":"search_term_string"}}],"inLanguage":"fr-CA"},{"@type":"Organization","@id":"https:\/\/staging.safetysourcefire.ca\/#organization","name":"Safety Source Fire","url":"https:\/\/staging.safetysourcefire.ca\/","logo":{"@type":"ImageObject","inLanguage":"fr-CA","@id":"https:\/\/staging.safetysourcefire.ca\/#\/schema\/logo\/image\/","url":"https:\/\/staging.safetysourcefire.ca\/wp-content\/uploads\/2021\/01\/SSF_logo_CC0000-3.png","contentUrl":"https:\/\/staging.safetysourcefire.ca\/wp-content\/uploads\/2021\/01\/SSF_logo_CC0000-3.png","width":1107,"height":365,"caption":"Safety Source Fire"},"image":{"@id":"https:\/\/staging.safetysourcefire.ca\/#\/schema\/logo\/image\/"},"sameAs":["https:\/\/www.facebook.com\/mmfssca","https:\/\/x.com\/mmfssca"]}]}},"_links":{"self":[{"href":"https:\/\/staging.safetysourcefire.ca\/fr_ca\/wp-json\/wp\/v2\/product\/25400","targetHints":{"allow":["GET"]}}],"collection":[{"href":"https:\/\/staging.safetysourcefire.ca\/fr_ca\/wp-json\/wp\/v2\/product"}],"about":[{"href":"https:\/\/staging.safetysourcefire.ca\/fr_ca\/wp-json\/wp\/v2\/types\/product"}],"wp:featuredmedia":[{"embeddable":true,"href":"https:\/\/staging.safetysourcefire.ca\/fr_ca\/wp-json\/wp\/v2\/media\/25404"}],"wp:attachment":[{"href":"https:\/\/staging.safetysourcefire.ca\/fr_ca\/wp-json\/wp\/v2\/media?parent=25400"}],"wp:term":[{"taxonomy":"product_brand","embeddable":true,"href":"https:\/\/staging.safetysourcefire.ca\/fr_ca\/wp-json\/wp\/v2\/product_brand?post=25400"},{"taxonomy":"product_cat","embeddable":true,"href":"https:\/\/staging.safetysourcefire.ca\/fr_ca\/wp-json\/wp\/v2\/product_cat?post=25400"},{"taxonomy":"product_tag","embeddable":true,"href":"https:\/\/staging.safetysourcefire.ca\/fr_ca\/wp-json\/wp\/v2\/product_tag?post=25400"}],"curies":[{"name":"wp","href":"https:\/\/api.w.org\/{rel}","templated":true}]}}