{"id":25378,"date":"2021-04-26T20:32:12","date_gmt":"2021-04-26T20:32:12","guid":{"rendered":"https:\/\/safetysourcefire.ca\/?post_type=product&#038;p=25378"},"modified":"2021-04-27T14:08:11","modified_gmt":"2021-04-27T14:08:11","slug":"gastrainer-2","status":"publish","type":"product","link":"https:\/\/staging.safetysourcefire.ca\/fr_ca\/produit\/gastrainer-2\/","title":{"rendered":"GasTrainer\u2122"},"content":{"rendered":"<p>Pratique<\/p>\n<ul>\n<li>Entra\u00eenez-vous n&#039;importe o\u00f9, n&#039;importe quand - \u00e0 l&#039;int\u00e9rieur ou \u00e0 l&#039;ext\u00e9rieur.<\/li>\n<\/ul>\n<p>Contr\u00f4le de l'instructeur (en option)<\/p>\n<ul>\n<li>Surveillez et ajustez l&#039;ensemble du sc\u00e9nario de formation en temps r\u00e9el.<\/li>\n<\/ul>\n<p>S\u00e9curitaire<\/p>\n<ul>\n<li>Aucune exposition n\u00e9cessaire \u00e0 des environnements IDLH mortels, aucun besoin de protection respiratoire pour s'entra\u00eener.<\/li>\n<\/ul>\n<p>Versatile<\/p>\n<ul>\n<li>Cr\u00e9ez diff\u00e9rents sc\u00e9narios d'urgence en ajustant l'alarme, l'intensit\u00e9 et le type de gaz d\u00e9tect\u00e9.<\/li>\n<\/ul>\n<p><a href=\"https:\/\/www.lionprotects.com\/cs\/c\/?cta_guid=fbf5c746-f42b-4653-8b3d-596491d1d0d1&amp;signature=AAH58kEYFj1gjnHuNJI7fxRLjCfUXjnWHQ&amp;pageId=5525351938&amp;placement_guid=b3771d96-2fa3-4996-8640-c13729355bf6&amp;click=48a99613-55f3-4a03-81a8-243156ee2a8b&amp;hsutk=d12f911d5883f4ab8ec83423e54b1d3f&amp;canon=https%3A%2F%2Fwww.lionprotects.com%2Fhazmat-gas-trainer&amp;utm_referrer=https%3A%2F%2Fwww.lionprotects.com%2Fhazmat-fire-training&amp;portal_id=3475623&amp;redirect_url=APefjpGK1DMFAM0soZTkSQT1_vBdr7ru7NrGNkxJBKR2H2GEztaeeLAJ3EfASy0_Rg8tJsD5ROXWNo3GUdUa23b5nxWbwY_qwW8Df2jh6-CW_3Iop1tpI3S15d3ghaLwQ8ffo_sy0MhLonbyRtbH9h1lhOerKMnqm5esA7kQIXJeZ0Y9iT2ZFaVFUp7dM1qosGOsyIIGJxY3d1OWOl2d1n08Z7RX_-4HfGi7jrcN5vtxGV653dgLGUGwLM0lHYgrs3kom3kj34nPnsgLqeJ5I_pCR0NFt-0_G1531DIVhUuWBniOlwM4-PdVJwgQk6BVCfrsjP-5i_QbAWXnWTFerkquWQm0t8wYUw&amp;__hstc=47088440.d12f911d5883f4ab8ec83423e54b1d3f.1617731482883.1619455555674.1619464147827.11&amp;__hssc=47088440.14.1619464147827&amp;__hsfp=2282831983&amp;contentType=standard-page\">T\u00e9l\u00e9charger la fiche produit<\/a><\/p>\n<p><iframe loading=\"lazy\" title=\"LION GasTrainer\u2122\" width=\"980\" height=\"551\" src=\"https:\/\/www.youtube.com\/embed\/N9sD-4uCBPk?feature=oembed&#038;enablejsapi=1&#038;origin=https:\/\/staging.safetysourcefire.ca\" frameborder=\"0\" allow=\"accelerometer; autoplay; clipboard-write; encrypted-media; gyroscope; picture-in-picture\" allowfullscreen><\/iframe><\/p>\n<p>&nbsp;<\/p>\n<p>FORMATION COMPL\u00c8TE ET R\u00c9ALISTE POUR PRATIQUER LA SURVEILLANCE ET LES INTERVENTIONS EN CAS DE GAZ<\/p>\n<p>SOUPLE<\/p>\n<ul>\n<li>Simulez les quatre gaz les plus courants dans les urgences\u00a0: l'oxyg\u00e8ne (O2), le sulfure d'hydrog\u00e8ne (H2S) ou le monoxyde de carbone (CO) et le LEL.<\/li>\n<\/ul>\n<p>PERSONNALISABLE<\/p>\n<ul>\n<li>Ajustez les niveaux d&#039;alarme et les param\u00e8tres d&#039;intensit\u00e9 pour cr\u00e9er divers sc\u00e9narios d&#039;urgence.<\/li>\n<\/ul>\n<p>PRATIQUE<\/p>\n<ul>\n<li>Remplacez les formations papier ou verbale par une formation active qui utilise des outils pratiques et des r\u00e9els sc\u00e9narios.<\/li>\n<\/ul>\n<p>R\u00c9ALISTE<\/p>\n<ul>\n<li>Con\u00e7u pour reproduire un compteur \u00e0 quatre gaz, le syst\u00e8me GasTrainer simule et \u00ab d\u00e9tecte \u00bb les nuages de gaz et les fuites que les pompiers sont les plus susceptibles de rencontrer.<\/li>\n<\/ul>\n<p>OPPORTUNIT\u00c9S DE FORMATION<\/p>\n<ul>\n<li>R\u00c9PONSE D&#039;URGENCE<br \/>\nApprenez aux stagiaires comment des atmosph\u00e8res sp\u00e9cifiques (la pr\u00e9sence ou l'absence de certains gaz) d\u00e9termineront le niveau d'intervention d'urgence.<\/li>\n<li>LOCALISATION DES SOURCES D'\u00c9MISSION<br \/>\nEnseignez aux stagiaires comment identifier et trouver la source d'une fuite de gaz afin de d\u00e9terminer la r\u00e9ponse appropri\u00e9e (simple fermeture de vanne versus \u00e9vacuation).<\/li>\n<li>\u00c9TABLISSEMENT DES P\u00c9RIM\u00c8TRES DE S\u00c9CURIT\u00c9<br \/>\nApprenez les distances qu'il est appropri\u00e9es de maintenir par rapport \u00e0 certains environnements dangereux, comprenez quelles protections respiratoires et autres EPI sont n\u00e9cessaires \u00e0 certains niveaux de concentration de gaz.<\/li>\n<\/ul>","protected":false},"excerpt":{"rendered":"<p>Formation compl\u00e8te et r\u00e9aliste pour la surveillance et l'intervention en cas de fuite de gaz.<\/p>","protected":false},"featured_media":25384,"template":"","meta":[],"product_brand":[421],"product_cat":[139,514,509,57],"product_tag":[266,493],"class_list":{"0":"post-25378","1":"product","2":"type-product","3":"status-publish","4":"has-post-thumbnail","6":"product_brand-lion","7":"product_cat-digital","8":"product_cat-hazmat-lion-firefighter-training-props","9":"product_cat-lion-firefighter-training-props","10":"product_cat-training-products","11":"product_tag-bullex","12":"product_tag-lion","14":"first","15":"instock","16":"shipping-taxable","17":"product-type-simple"},"yoast_head":"<!-- This site is optimized with the Yoast SEO plugin v27.4 - https:\/\/yoast.com\/product\/yoast-seo-wordpress\/ -->\n<title>GasTrainer\u2122 - Safety Source Fire<\/title>\n<meta name=\"robots\" content=\"noindex, follow, max-snippet:-1, max-image-preview:large, max-video-preview:-1\" \/>\n<meta property=\"og:locale\" content=\"fr_CA\" \/>\n<meta property=\"og:type\" content=\"article\" \/>\n<meta property=\"og:title\" content=\"GasTrainer\u2122 - Safety Source Fire\" \/>\n<meta property=\"og:description\" content=\"Comprehensive and realistic gas monitoring and response training.\" \/>\n<meta property=\"og:url\" content=\"https:\/\/staging.safetysourcefire.ca\/fr_ca\/produit\/gastrainer-2\/\" \/>\n<meta property=\"og:site_name\" content=\"Safety Source Fire\" \/>\n<meta property=\"article:publisher\" content=\"https:\/\/www.facebook.com\/mmfssca\" \/>\n<meta property=\"article:modified_time\" content=\"2021-04-27T14:08:11+00:00\" \/>\n<meta property=\"og:image\" content=\"https:\/\/staging.safetysourcefire.ca\/wp-content\/uploads\/2021\/04\/bullex_gastrainer_firefighters_DSC07423.jpg\" \/>\n\t<meta property=\"og:image:width\" content=\"600\" \/>\n\t<meta property=\"og:image:height\" content=\"600\" \/>\n\t<meta property=\"og:image:type\" content=\"image\/jpeg\" \/>\n<meta name=\"twitter:card\" content=\"summary_large_image\" \/>\n<meta name=\"twitter:site\" content=\"@mmfssca\" \/>\n<meta name=\"twitter:label1\" content=\"Estimation du temps de lecture\" \/>\n\t<meta name=\"twitter:data1\" content=\"1 minute\" \/>\n<script type=\"application\/ld+json\" class=\"yoast-schema-graph\">{\"@context\":\"https:\\\/\\\/schema.org\",\"@graph\":[{\"@type\":\"WebPage\",\"@id\":\"https:\\\/\\\/staging.safetysourcefire.ca\\\/product\\\/gastrainer-2\\\/\",\"url\":\"https:\\\/\\\/staging.safetysourcefire.ca\\\/product\\\/gastrainer-2\\\/\",\"name\":\"GasTrainer\u2122 - Safety Source Fire\",\"isPartOf\":{\"@id\":\"https:\\\/\\\/staging.safetysourcefire.ca\\\/#website\"},\"primaryImageOfPage\":{\"@id\":\"https:\\\/\\\/staging.safetysourcefire.ca\\\/product\\\/gastrainer-2\\\/#primaryimage\"},\"image\":{\"@id\":\"https:\\\/\\\/staging.safetysourcefire.ca\\\/product\\\/gastrainer-2\\\/#primaryimage\"},\"thumbnailUrl\":\"https:\\\/\\\/staging.safetysourcefire.ca\\\/wp-content\\\/uploads\\\/2021\\\/04\\\/bullex_gastrainer_firefighters_DSC07423.jpg\",\"datePublished\":\"2021-04-26T20:32:12+00:00\",\"dateModified\":\"2021-04-27T14:08:11+00:00\",\"breadcrumb\":{\"@id\":\"https:\\\/\\\/staging.safetysourcefire.ca\\\/product\\\/gastrainer-2\\\/#breadcrumb\"},\"inLanguage\":\"fr-CA\",\"potentialAction\":[{\"@type\":\"ReadAction\",\"target\":[\"https:\\\/\\\/staging.safetysourcefire.ca\\\/product\\\/gastrainer-2\\\/\"]}]},{\"@type\":\"ImageObject\",\"inLanguage\":\"fr-CA\",\"@id\":\"https:\\\/\\\/staging.safetysourcefire.ca\\\/product\\\/gastrainer-2\\\/#primaryimage\",\"url\":\"https:\\\/\\\/staging.safetysourcefire.ca\\\/wp-content\\\/uploads\\\/2021\\\/04\\\/bullex_gastrainer_firefighters_DSC07423.jpg\",\"contentUrl\":\"https:\\\/\\\/staging.safetysourcefire.ca\\\/wp-content\\\/uploads\\\/2021\\\/04\\\/bullex_gastrainer_firefighters_DSC07423.jpg\",\"width\":600,\"height\":600,\"caption\":\"firefighters with gastrainer\"},{\"@type\":\"BreadcrumbList\",\"@id\":\"https:\\\/\\\/staging.safetysourcefire.ca\\\/product\\\/gastrainer-2\\\/#breadcrumb\",\"itemListElement\":[{\"@type\":\"ListItem\",\"position\":1,\"name\":\"Home\",\"item\":\"https:\\\/\\\/staging.safetysourcefire.ca\\\/\"},{\"@type\":\"ListItem\",\"position\":2,\"name\":\"Products\",\"item\":\"https:\\\/\\\/staging.safetysourcefire.ca\\\/shop\\\/\"},{\"@type\":\"ListItem\",\"position\":3,\"name\":\"GasTrainer\u2122\"}]},{\"@type\":\"WebSite\",\"@id\":\"https:\\\/\\\/staging.safetysourcefire.ca\\\/#website\",\"url\":\"https:\\\/\\\/staging.safetysourcefire.ca\\\/\",\"name\":\"Safety Source Fire\",\"description\":\"\",\"publisher\":{\"@id\":\"https:\\\/\\\/staging.safetysourcefire.ca\\\/#organization\"},\"potentialAction\":[{\"@type\":\"SearchAction\",\"target\":{\"@type\":\"EntryPoint\",\"urlTemplate\":\"https:\\\/\\\/staging.safetysourcefire.ca\\\/?s={search_term_string}\"},\"query-input\":{\"@type\":\"PropertyValueSpecification\",\"valueRequired\":true,\"valueName\":\"search_term_string\"}}],\"inLanguage\":\"fr-CA\"},{\"@type\":\"Organization\",\"@id\":\"https:\\\/\\\/staging.safetysourcefire.ca\\\/#organization\",\"name\":\"Safety Source Fire\",\"url\":\"https:\\\/\\\/staging.safetysourcefire.ca\\\/\",\"logo\":{\"@type\":\"ImageObject\",\"inLanguage\":\"fr-CA\",\"@id\":\"https:\\\/\\\/staging.safetysourcefire.ca\\\/#\\\/schema\\\/logo\\\/image\\\/\",\"url\":\"https:\\\/\\\/staging.safetysourcefire.ca\\\/wp-content\\\/uploads\\\/2021\\\/01\\\/SSF_logo_CC0000-3.png\",\"contentUrl\":\"https:\\\/\\\/staging.safetysourcefire.ca\\\/wp-content\\\/uploads\\\/2021\\\/01\\\/SSF_logo_CC0000-3.png\",\"width\":1107,\"height\":365,\"caption\":\"Safety Source Fire\"},\"image\":{\"@id\":\"https:\\\/\\\/staging.safetysourcefire.ca\\\/#\\\/schema\\\/logo\\\/image\\\/\"},\"sameAs\":[\"https:\\\/\\\/www.facebook.com\\\/mmfssca\",\"https:\\\/\\\/x.com\\\/mmfssca\"]}]}<\/script>\n<!-- \/ Yoast SEO plugin. -->","yoast_head_json":{"title":"GasTrainer\u2122 - S\u00e9curit\u00e9 incendie \u00e0 source","robots":{"index":"noindex","follow":"follow","max-snippet":"max-snippet:-1","max-image-preview":"max-image-preview:large","max-video-preview":"max-video-preview:-1"},"og_locale":"fr_CA","og_type":"article","og_title":"GasTrainer\u2122 - Safety Source Fire","og_description":"Comprehensive and realistic gas monitoring and response training.","og_url":"https:\/\/staging.safetysourcefire.ca\/fr_ca\/produit\/gastrainer-2\/","og_site_name":"Safety Source Fire","article_publisher":"https:\/\/www.facebook.com\/mmfssca","article_modified_time":"2021-04-27T14:08:11+00:00","og_image":[{"width":600,"height":600,"url":"https:\/\/staging.safetysourcefire.ca\/wp-content\/uploads\/2021\/04\/bullex_gastrainer_firefighters_DSC07423.jpg","type":"image\/jpeg"}],"twitter_card":"summary_large_image","twitter_site":"@mmfssca","twitter_misc":{"Estimation du temps de lecture":"1 minute"},"schema":{"@context":"https:\/\/schema.org","@graph":[{"@type":"WebPage","@id":"https:\/\/staging.safetysourcefire.ca\/product\/gastrainer-2\/","url":"https:\/\/staging.safetysourcefire.ca\/product\/gastrainer-2\/","name":"GasTrainer\u2122 - S\u00e9curit\u00e9 incendie \u00e0 source","isPartOf":{"@id":"https:\/\/staging.safetysourcefire.ca\/#website"},"primaryImageOfPage":{"@id":"https:\/\/staging.safetysourcefire.ca\/product\/gastrainer-2\/#primaryimage"},"image":{"@id":"https:\/\/staging.safetysourcefire.ca\/product\/gastrainer-2\/#primaryimage"},"thumbnailUrl":"https:\/\/staging.safetysourcefire.ca\/wp-content\/uploads\/2021\/04\/bullex_gastrainer_firefighters_DSC07423.jpg","datePublished":"2021-04-26T20:32:12+00:00","dateModified":"2021-04-27T14:08:11+00:00","breadcrumb":{"@id":"https:\/\/staging.safetysourcefire.ca\/product\/gastrainer-2\/#breadcrumb"},"inLanguage":"fr-CA","potentialAction":[{"@type":"ReadAction","target":["https:\/\/staging.safetysourcefire.ca\/product\/gastrainer-2\/"]}]},{"@type":"ImageObject","inLanguage":"fr-CA","@id":"https:\/\/staging.safetysourcefire.ca\/product\/gastrainer-2\/#primaryimage","url":"https:\/\/staging.safetysourcefire.ca\/wp-content\/uploads\/2021\/04\/bullex_gastrainer_firefighters_DSC07423.jpg","contentUrl":"https:\/\/staging.safetysourcefire.ca\/wp-content\/uploads\/2021\/04\/bullex_gastrainer_firefighters_DSC07423.jpg","width":600,"height":600,"caption":"firefighters with gastrainer"},{"@type":"BreadcrumbList","@id":"https:\/\/staging.safetysourcefire.ca\/product\/gastrainer-2\/#breadcrumb","itemListElement":[{"@type":"ListItem","position":1,"name":"Home","item":"https:\/\/staging.safetysourcefire.ca\/"},{"@type":"ListItem","position":2,"name":"Products","item":"https:\/\/staging.safetysourcefire.ca\/shop\/"},{"@type":"ListItem","position":3,"name":"GasTrainer\u2122"}]},{"@type":"WebSite","@id":"https:\/\/staging.safetysourcefire.ca\/#website","url":"https:\/\/staging.safetysourcefire.ca\/","name":"Safety Source Fire","description":"","publisher":{"@id":"https:\/\/staging.safetysourcefire.ca\/#organization"},"potentialAction":[{"@type":"SearchAction","target":{"@type":"EntryPoint","urlTemplate":"https:\/\/staging.safetysourcefire.ca\/?s={search_term_string}"},"query-input":{"@type":"PropertyValueSpecification","valueRequired":true,"valueName":"search_term_string"}}],"inLanguage":"fr-CA"},{"@type":"Organization","@id":"https:\/\/staging.safetysourcefire.ca\/#organization","name":"Safety Source Fire","url":"https:\/\/staging.safetysourcefire.ca\/","logo":{"@type":"ImageObject","inLanguage":"fr-CA","@id":"https:\/\/staging.safetysourcefire.ca\/#\/schema\/logo\/image\/","url":"https:\/\/staging.safetysourcefire.ca\/wp-content\/uploads\/2021\/01\/SSF_logo_CC0000-3.png","contentUrl":"https:\/\/staging.safetysourcefire.ca\/wp-content\/uploads\/2021\/01\/SSF_logo_CC0000-3.png","width":1107,"height":365,"caption":"Safety Source Fire"},"image":{"@id":"https:\/\/staging.safetysourcefire.ca\/#\/schema\/logo\/image\/"},"sameAs":["https:\/\/www.facebook.com\/mmfssca","https:\/\/x.com\/mmfssca"]}]}},"_links":{"self":[{"href":"https:\/\/staging.safetysourcefire.ca\/fr_ca\/wp-json\/wp\/v2\/product\/25378","targetHints":{"allow":["GET"]}}],"collection":[{"href":"https:\/\/staging.safetysourcefire.ca\/fr_ca\/wp-json\/wp\/v2\/product"}],"about":[{"href":"https:\/\/staging.safetysourcefire.ca\/fr_ca\/wp-json\/wp\/v2\/types\/product"}],"wp:featuredmedia":[{"embeddable":true,"href":"https:\/\/staging.safetysourcefire.ca\/fr_ca\/wp-json\/wp\/v2\/media\/25384"}],"wp:attachment":[{"href":"https:\/\/staging.safetysourcefire.ca\/fr_ca\/wp-json\/wp\/v2\/media?parent=25378"}],"wp:term":[{"taxonomy":"product_brand","embeddable":true,"href":"https:\/\/staging.safetysourcefire.ca\/fr_ca\/wp-json\/wp\/v2\/product_brand?post=25378"},{"taxonomy":"product_cat","embeddable":true,"href":"https:\/\/staging.safetysourcefire.ca\/fr_ca\/wp-json\/wp\/v2\/product_cat?post=25378"},{"taxonomy":"product_tag","embeddable":true,"href":"https:\/\/staging.safetysourcefire.ca\/fr_ca\/wp-json\/wp\/v2\/product_tag?post=25378"}],"curies":[{"name":"wp","href":"https:\/\/api.w.org\/{rel}","templated":true}]}}