{"id":25366,"date":"2021-04-26T19:35:49","date_gmt":"2021-04-26T19:35:49","guid":{"rendered":"https:\/\/safetysourcefire.ca\/?post_type=product&#038;p=25366"},"modified":"2021-04-26T19:37:05","modified_gmt":"2021-04-26T19:37:05","slug":"smoke-liquid","status":"publish","type":"product","link":"https:\/\/staging.safetysourcefire.ca\/fr_ca\/produit\/smoke-liquid\/","title":{"rendered":"Fum\u00e9e liquide"},"content":{"rendered":"<p>Conditions r\u00e9alistes<\/p>\n<ul>\n<li>D\u00e9velopp\u00e9 pour produire une fum\u00e9e \u00e9paisse et dense avec temps de suspension prolong\u00e9.<\/li>\n<\/ul>\n<p>Plus s\u00fbr<\/p>\n<ul>\n<li>Notre liquide de fum\u00e9e \u00e0 base d&#039;eau a \u00e9t\u00e9 d\u00e9velopp\u00e9 pour ne produire pratiquement aucune trace de toxines ou de produits chimiques nocifs.<\/li>\n<\/ul>\n<p>Aucun r\u00e9sidu<\/p>\n<ul>\n<li>Des temp\u00e9ratures constantes emp\u00eachent la fum\u00e9e de devenir \u00abmouill\u00e9e\u00bb et de produire un r\u00e9sidu.<\/li>\n<\/ul>\n<p>Compatible avec le double chauffage<\/p>\n<ul>\n<li>Formul\u00e9 pour fonctionner de mani\u00e8re transparente avec tous les g\u00e9n\u00e9rateurs de fum\u00e9e LION, y compris ceux dot\u00e9s de noyaux \u00e0 double chauffage.<\/li>\n<\/ul>\n<p><a href=\"https:\/\/www.lionprotects.com\/cs\/c\/?cta_guid=17e2d02d-d0e1-4a5d-8c22-efb2f6e5d4a2&amp;signature=AAH58kFoKStXipB-WKbftNFDVJjijx7lRg&amp;pageId=5453557917&amp;placement_guid=638e09df-c26f-4e5f-bb1e-0684aba6f7b5&amp;click=6c6cf9e8-9e59-40b5-bff4-1fcca0f80739&amp;hsutk=d12f911d5883f4ab8ec83423e54b1d3f&amp;canon=https%3A%2F%2Fwww.lionprotects.com%2Ffire-training-smoke-machine-smoke-fluid&amp;utm_referrer=https%3A%2F%2Fwww.lionprotects.com%2Ffire-training-smoke-machines&amp;portal_id=3475623&amp;redirect_url=APefjpGwzuWQm5KSx0Y554FmN1fRA3QSQJ8zaZZyDeryWV0gorsQan8sGJLnFlek5ou8Javr85eP2G-kacjYnSSfYlcC_lOeNFUjhqMHlv75FW3f9Ay2EG_ZIIcT3OGnsKmzTqO0JcQTKUblZZTD2-_s8CV99KqNLia-r6YquuocNeQJ_hGHSlFjZRz8NufLJczYY5y-yU_dj3n7TADPty3xjExo821ybx-eLnHNz23MwZg81wq1Le45Zfvu6XTadbsZU96_q01Q9P0V5Wn2PCcEhHDCa9SSgxajaevwYbg43Gk1pLOrjRfvFfGo468dvVuVz2T8XrkmGzQ2x3DmPBdMV7KN3Ayw-g&amp;__hstc=47088440.d12f911d5883f4ab8ec83423e54b1d3f.1617731482883.1619455555674.1619464147827.11&amp;__hssc=47088440.5.1619464147827&amp;__hsfp=2282831983&amp;contentType=standard-page\">T\u00e9l\u00e9charger la fiche produit<\/a><\/p>\n<p>R\u00c9ALISTE<\/p>\n<ul>\n<li>Cr\u00e9ez une fum\u00e9e si \u00e9paisse et dense que vos stagiaires jureront qu&#039;il y a un vrai feu.<\/li>\n<li>Un entra\u00eenement r\u00e9aliste intensifie les sens et laisse une impression plus durable sur votre personnel.<\/li>\n<\/ul>\n<p>EXPOSITION CANC\u00c9ROG\u00c8NE R\u00c9DUITE<\/p>\n<ul>\n<li>L'entra\u00eenement avec de la fum\u00e9e simul\u00e9e est beaucoup plus saine pour votre \u00e9quipe que le tir r\u00e9el.<\/li>\n<li>R\u00e9duisez l'exposition aux agents canc\u00e9rig\u00e8nes nocifs, tout en menant une formation efficace.<\/li>\n<\/ul>\n<p>MOINS DE NETTOYAGE<\/p>\n<ul>\n<li>Il n'y a rien de pire que de devoir s'attaquer \u00e0 une corv\u00e9e de nettoyage ardue apr\u00e8s une dure journ\u00e9e d'entra\u00eenement.<\/li>\n<li>Avec notre fluide de fum\u00e9e \u00e0 base d&#039;eau de haute qualit\u00e9, le nettoyage est un jeu d&#039;enfant puisque la fum\u00e9e ne laisse pas de r\u00e9sidu collant.<\/li>\n<\/ul>\n<p>OPTIMIS\u00c9<\/p>\n<ul>\n<li>Disposer d&#039;un liquide de fum\u00e9e sp\u00e9cialement optimis\u00e9 pour fonctionner avec votre g\u00e9n\u00e9rateur de fum\u00e9e garantit un contr\u00f4le constant de la temp\u00e9rature et vous permet d&#039;obtenir la meilleure qualit\u00e9 de fum\u00e9e.<\/li>\n<\/ul>\n<p><strong>OPPORTUNIT\u00c9S DE FORMATION<\/strong><br \/>\nNotre liquide fumig\u00e8ne peut \u00eatre utilis\u00e9 pour ajouter du r\u00e9alisme \u00e0 n&#039;importe quelle situation d&#039;entra\u00eenement au feu.<\/p>\n<p>VENTILATION<br \/>\nLa fum\u00e9e \u00e0 haute densit\u00e9 facilite la pratique pratique de la ventilation hydraulique en continue, PPV, horizontale et verticale.<\/p>\n<p>RECHERCHE &amp; SAUVETAGE<br \/>\nCr\u00e9ez une vari\u00e9t\u00e9 de param\u00e8tres de fum\u00e9e (allant de faible \u00e0 z\u00e9ro visibilit\u00e9) pour vous entrainer \u00e0 trouver des victimes lors d'exercices de recherche et de sauvetage ou d'imagerie thermique.<\/p>\n<p>RECHERCHE EN GRANDE ZONE<br \/>\nSaturez un environnement d&#039;entra\u00eenement de fum\u00e9e \u00e0 haute densit\u00e9 pendant le temps qu&#039;il faut \u00e0 vos pompiers pour enfiler leur \u00e9quipement.<\/p>\n<p>V\u00c9RIFIEZ LES CONNAISSANCES<br \/>\nPlacez vos pompiers dans des conditions de visibilit\u00e9 nulle pour tester leurs connaissances et leur confiance en l'\u00e9quipement EPI.<\/p>\n<p>AIDEZ VOS COLL\u00c8GUES<br \/>\nFormez les pompiers pour localiser et r\u00e9cup\u00e9rer les pompiers abattus dans un sc\u00e9nario r\u00e9aliste impliquant de la fum\u00e9e.<\/p>","protected":false},"excerpt":{"rendered":"<p>Une fum\u00e9e plus s\u00e9curitaire, une meilleure formation<\/p>","protected":false},"featured_media":25369,"template":"","meta":[],"product_brand":[421],"product_cat":[509,512,141,57],"product_tag":[266,493],"class_list":{"0":"post-25366","1":"product","2":"type-product","3":"status-publish","4":"has-post-thumbnail","6":"product_brand-lion","7":"product_cat-lion-firefighter-training-props","8":"product_cat-smoke-generators","9":"product_cat-smoke-machines","10":"product_cat-training-products","11":"product_tag-bullex","12":"product_tag-lion","14":"first","15":"instock","16":"shipping-taxable","17":"product-type-simple"},"yoast_head":"<!-- This site is optimized with the Yoast SEO plugin v27.4 - https:\/\/yoast.com\/product\/yoast-seo-wordpress\/ -->\n<title>Smoke Liquid - Safety Source Fire<\/title>\n<meta name=\"robots\" content=\"noindex, follow, max-snippet:-1, max-image-preview:large, max-video-preview:-1\" \/>\n<meta property=\"og:locale\" content=\"fr_CA\" \/>\n<meta property=\"og:type\" content=\"article\" \/>\n<meta property=\"og:title\" content=\"Smoke Liquid - Safety Source Fire\" \/>\n<meta property=\"og:description\" content=\"Better training and safer smoke\" \/>\n<meta property=\"og:url\" content=\"https:\/\/staging.safetysourcefire.ca\/fr_ca\/produit\/smoke-liquid\/\" \/>\n<meta property=\"og:site_name\" content=\"Safety Source Fire\" \/>\n<meta property=\"article:publisher\" content=\"https:\/\/www.facebook.com\/mmfssca\" \/>\n<meta property=\"article:modified_time\" content=\"2021-04-26T19:37:05+00:00\" \/>\n<meta property=\"og:image\" content=\"https:\/\/staging.safetysourcefire.ca\/wp-content\/uploads\/2021\/04\/smoke-liquid_2-1_IMG_8684.jpg\" \/>\n\t<meta property=\"og:image:width\" content=\"600\" \/>\n\t<meta property=\"og:image:height\" content=\"600\" \/>\n\t<meta property=\"og:image:type\" content=\"image\/jpeg\" \/>\n<meta name=\"twitter:card\" content=\"summary_large_image\" \/>\n<meta name=\"twitter:site\" content=\"@mmfssca\" \/>\n<meta name=\"twitter:label1\" content=\"Estimation du temps de lecture\" \/>\n\t<meta name=\"twitter:data1\" content=\"2 minutes\" \/>\n<script type=\"application\/ld+json\" class=\"yoast-schema-graph\">{\"@context\":\"https:\\\/\\\/schema.org\",\"@graph\":[{\"@type\":\"WebPage\",\"@id\":\"https:\\\/\\\/staging.safetysourcefire.ca\\\/product\\\/smoke-liquid\\\/\",\"url\":\"https:\\\/\\\/staging.safetysourcefire.ca\\\/product\\\/smoke-liquid\\\/\",\"name\":\"Smoke Liquid - Safety Source Fire\",\"isPartOf\":{\"@id\":\"https:\\\/\\\/staging.safetysourcefire.ca\\\/#website\"},\"primaryImageOfPage\":{\"@id\":\"https:\\\/\\\/staging.safetysourcefire.ca\\\/product\\\/smoke-liquid\\\/#primaryimage\"},\"image\":{\"@id\":\"https:\\\/\\\/staging.safetysourcefire.ca\\\/product\\\/smoke-liquid\\\/#primaryimage\"},\"thumbnailUrl\":\"https:\\\/\\\/staging.safetysourcefire.ca\\\/wp-content\\\/uploads\\\/2021\\\/04\\\/smoke-liquid_2-1_IMG_8684.jpg\",\"datePublished\":\"2021-04-26T19:35:49+00:00\",\"dateModified\":\"2021-04-26T19:37:05+00:00\",\"breadcrumb\":{\"@id\":\"https:\\\/\\\/staging.safetysourcefire.ca\\\/product\\\/smoke-liquid\\\/#breadcrumb\"},\"inLanguage\":\"fr-CA\",\"potentialAction\":[{\"@type\":\"ReadAction\",\"target\":[\"https:\\\/\\\/staging.safetysourcefire.ca\\\/product\\\/smoke-liquid\\\/\"]}]},{\"@type\":\"ImageObject\",\"inLanguage\":\"fr-CA\",\"@id\":\"https:\\\/\\\/staging.safetysourcefire.ca\\\/product\\\/smoke-liquid\\\/#primaryimage\",\"url\":\"https:\\\/\\\/staging.safetysourcefire.ca\\\/wp-content\\\/uploads\\\/2021\\\/04\\\/smoke-liquid_2-1_IMG_8684.jpg\",\"contentUrl\":\"https:\\\/\\\/staging.safetysourcefire.ca\\\/wp-content\\\/uploads\\\/2021\\\/04\\\/smoke-liquid_2-1_IMG_8684.jpg\",\"width\":600,\"height\":600,\"caption\":\"fire and smoke\"},{\"@type\":\"BreadcrumbList\",\"@id\":\"https:\\\/\\\/staging.safetysourcefire.ca\\\/product\\\/smoke-liquid\\\/#breadcrumb\",\"itemListElement\":[{\"@type\":\"ListItem\",\"position\":1,\"name\":\"Home\",\"item\":\"https:\\\/\\\/staging.safetysourcefire.ca\\\/\"},{\"@type\":\"ListItem\",\"position\":2,\"name\":\"Products\",\"item\":\"https:\\\/\\\/staging.safetysourcefire.ca\\\/shop\\\/\"},{\"@type\":\"ListItem\",\"position\":3,\"name\":\"Smoke Liquid\"}]},{\"@type\":\"WebSite\",\"@id\":\"https:\\\/\\\/staging.safetysourcefire.ca\\\/#website\",\"url\":\"https:\\\/\\\/staging.safetysourcefire.ca\\\/\",\"name\":\"Safety Source Fire\",\"description\":\"\",\"publisher\":{\"@id\":\"https:\\\/\\\/staging.safetysourcefire.ca\\\/#organization\"},\"potentialAction\":[{\"@type\":\"SearchAction\",\"target\":{\"@type\":\"EntryPoint\",\"urlTemplate\":\"https:\\\/\\\/staging.safetysourcefire.ca\\\/?s={search_term_string}\"},\"query-input\":{\"@type\":\"PropertyValueSpecification\",\"valueRequired\":true,\"valueName\":\"search_term_string\"}}],\"inLanguage\":\"fr-CA\"},{\"@type\":\"Organization\",\"@id\":\"https:\\\/\\\/staging.safetysourcefire.ca\\\/#organization\",\"name\":\"Safety Source Fire\",\"url\":\"https:\\\/\\\/staging.safetysourcefire.ca\\\/\",\"logo\":{\"@type\":\"ImageObject\",\"inLanguage\":\"fr-CA\",\"@id\":\"https:\\\/\\\/staging.safetysourcefire.ca\\\/#\\\/schema\\\/logo\\\/image\\\/\",\"url\":\"https:\\\/\\\/staging.safetysourcefire.ca\\\/wp-content\\\/uploads\\\/2021\\\/01\\\/SSF_logo_CC0000-3.png\",\"contentUrl\":\"https:\\\/\\\/staging.safetysourcefire.ca\\\/wp-content\\\/uploads\\\/2021\\\/01\\\/SSF_logo_CC0000-3.png\",\"width\":1107,\"height\":365,\"caption\":\"Safety Source Fire\"},\"image\":{\"@id\":\"https:\\\/\\\/staging.safetysourcefire.ca\\\/#\\\/schema\\\/logo\\\/image\\\/\"},\"sameAs\":[\"https:\\\/\\\/www.facebook.com\\\/mmfssca\",\"https:\\\/\\\/x.com\\\/mmfssca\"]}]}<\/script>\n<!-- \/ Yoast SEO plugin. -->","yoast_head_json":{"title":"Liquide fumig\u00e8ne - Source de s\u00e9curit\u00e9 incendie","robots":{"index":"noindex","follow":"follow","max-snippet":"max-snippet:-1","max-image-preview":"max-image-preview:large","max-video-preview":"max-video-preview:-1"},"og_locale":"fr_CA","og_type":"article","og_title":"Smoke Liquid - Safety Source Fire","og_description":"Better training and safer smoke","og_url":"https:\/\/staging.safetysourcefire.ca\/fr_ca\/produit\/smoke-liquid\/","og_site_name":"Safety Source Fire","article_publisher":"https:\/\/www.facebook.com\/mmfssca","article_modified_time":"2021-04-26T19:37:05+00:00","og_image":[{"width":600,"height":600,"url":"https:\/\/staging.safetysourcefire.ca\/wp-content\/uploads\/2021\/04\/smoke-liquid_2-1_IMG_8684.jpg","type":"image\/jpeg"}],"twitter_card":"summary_large_image","twitter_site":"@mmfssca","twitter_misc":{"Estimation du temps de lecture":"2 minutes"},"schema":{"@context":"https:\/\/schema.org","@graph":[{"@type":"WebPage","@id":"https:\/\/staging.safetysourcefire.ca\/product\/smoke-liquid\/","url":"https:\/\/staging.safetysourcefire.ca\/product\/smoke-liquid\/","name":"Liquide fumig\u00e8ne - Source de s\u00e9curit\u00e9 incendie","isPartOf":{"@id":"https:\/\/staging.safetysourcefire.ca\/#website"},"primaryImageOfPage":{"@id":"https:\/\/staging.safetysourcefire.ca\/product\/smoke-liquid\/#primaryimage"},"image":{"@id":"https:\/\/staging.safetysourcefire.ca\/product\/smoke-liquid\/#primaryimage"},"thumbnailUrl":"https:\/\/staging.safetysourcefire.ca\/wp-content\/uploads\/2021\/04\/smoke-liquid_2-1_IMG_8684.jpg","datePublished":"2021-04-26T19:35:49+00:00","dateModified":"2021-04-26T19:37:05+00:00","breadcrumb":{"@id":"https:\/\/staging.safetysourcefire.ca\/product\/smoke-liquid\/#breadcrumb"},"inLanguage":"fr-CA","potentialAction":[{"@type":"ReadAction","target":["https:\/\/staging.safetysourcefire.ca\/product\/smoke-liquid\/"]}]},{"@type":"ImageObject","inLanguage":"fr-CA","@id":"https:\/\/staging.safetysourcefire.ca\/product\/smoke-liquid\/#primaryimage","url":"https:\/\/staging.safetysourcefire.ca\/wp-content\/uploads\/2021\/04\/smoke-liquid_2-1_IMG_8684.jpg","contentUrl":"https:\/\/staging.safetysourcefire.ca\/wp-content\/uploads\/2021\/04\/smoke-liquid_2-1_IMG_8684.jpg","width":600,"height":600,"caption":"fire and smoke"},{"@type":"BreadcrumbList","@id":"https:\/\/staging.safetysourcefire.ca\/product\/smoke-liquid\/#breadcrumb","itemListElement":[{"@type":"ListItem","position":1,"name":"Home","item":"https:\/\/staging.safetysourcefire.ca\/"},{"@type":"ListItem","position":2,"name":"Products","item":"https:\/\/staging.safetysourcefire.ca\/shop\/"},{"@type":"ListItem","position":3,"name":"Smoke Liquid"}]},{"@type":"WebSite","@id":"https:\/\/staging.safetysourcefire.ca\/#website","url":"https:\/\/staging.safetysourcefire.ca\/","name":"Safety Source Fire","description":"","publisher":{"@id":"https:\/\/staging.safetysourcefire.ca\/#organization"},"potentialAction":[{"@type":"SearchAction","target":{"@type":"EntryPoint","urlTemplate":"https:\/\/staging.safetysourcefire.ca\/?s={search_term_string}"},"query-input":{"@type":"PropertyValueSpecification","valueRequired":true,"valueName":"search_term_string"}}],"inLanguage":"fr-CA"},{"@type":"Organization","@id":"https:\/\/staging.safetysourcefire.ca\/#organization","name":"Safety Source Fire","url":"https:\/\/staging.safetysourcefire.ca\/","logo":{"@type":"ImageObject","inLanguage":"fr-CA","@id":"https:\/\/staging.safetysourcefire.ca\/#\/schema\/logo\/image\/","url":"https:\/\/staging.safetysourcefire.ca\/wp-content\/uploads\/2021\/01\/SSF_logo_CC0000-3.png","contentUrl":"https:\/\/staging.safetysourcefire.ca\/wp-content\/uploads\/2021\/01\/SSF_logo_CC0000-3.png","width":1107,"height":365,"caption":"Safety Source Fire"},"image":{"@id":"https:\/\/staging.safetysourcefire.ca\/#\/schema\/logo\/image\/"},"sameAs":["https:\/\/www.facebook.com\/mmfssca","https:\/\/x.com\/mmfssca"]}]}},"_links":{"self":[{"href":"https:\/\/staging.safetysourcefire.ca\/fr_ca\/wp-json\/wp\/v2\/product\/25366","targetHints":{"allow":["GET"]}}],"collection":[{"href":"https:\/\/staging.safetysourcefire.ca\/fr_ca\/wp-json\/wp\/v2\/product"}],"about":[{"href":"https:\/\/staging.safetysourcefire.ca\/fr_ca\/wp-json\/wp\/v2\/types\/product"}],"wp:featuredmedia":[{"embeddable":true,"href":"https:\/\/staging.safetysourcefire.ca\/fr_ca\/wp-json\/wp\/v2\/media\/25369"}],"wp:attachment":[{"href":"https:\/\/staging.safetysourcefire.ca\/fr_ca\/wp-json\/wp\/v2\/media?parent=25366"}],"wp:term":[{"taxonomy":"product_brand","embeddable":true,"href":"https:\/\/staging.safetysourcefire.ca\/fr_ca\/wp-json\/wp\/v2\/product_brand?post=25366"},{"taxonomy":"product_cat","embeddable":true,"href":"https:\/\/staging.safetysourcefire.ca\/fr_ca\/wp-json\/wp\/v2\/product_cat?post=25366"},{"taxonomy":"product_tag","embeddable":true,"href":"https:\/\/staging.safetysourcefire.ca\/fr_ca\/wp-json\/wp\/v2\/product_tag?post=25366"}],"curies":[{"name":"wp","href":"https:\/\/api.w.org\/{rel}","templated":true}]}}