{"id":25332,"date":"2021-04-26T17:50:26","date_gmt":"2021-04-26T17:50:26","guid":{"rendered":"https:\/\/safetysourcefire.ca\/?post_type=product&#038;p=25332"},"modified":"2021-04-26T19:54:01","modified_gmt":"2021-04-26T19:54:01","slug":"smartdummy-extrication-manikin","status":"publish","type":"product","link":"https:\/\/staging.safetysourcefire.ca\/fr_ca\/produit\/smartdummy-extrication-manikin\/","title":{"rendered":"Mannequin de d\u00e9sincarc\u00e9ration SmartDummy\u2122"},"content":{"rendered":"<p>Fait de mat\u00e9riaux robustes, r\u00e9sistants \u00e0 l'abrasion<\/p>\n<ul>\n<li>Vous permet d'\u00e9craser, d'\u00e9pingler et de faire glisser le mannequin de sauvetage SmartDummy\u2122 sur toute sortes de surfaces. R\u00e9siste \u00e0 des charges d'\u00e9crasement importantes.<\/li>\n<\/ul>\n<p>Conception anatomiquement correcte<\/p>\n<ul>\n<li>La r\u00e9partition uniforme du poids permet aux articulations du coude, du genou et de la taille de bouger sans cr\u00e9er de points de pincement. Les jambes et les bras ne resteront pas pris dans les espaces restreints pendant les op\u00e9rations de sauvetage.<\/li>\n<\/ul>\n<p>Fonction vocale<\/p>\n<ul>\n<li>Permet au mannequin d&#039;appeler \u00e0 l&#039;aide et d&#039;interagir avec les sauveteurs - enregistrez des messages personnalis\u00e9s avec un microphone int\u00e9gr\u00e9 pour une lecture continue ou activ\u00e9e par le son.<\/li>\n<\/ul>\n<p>Empalement des membres amovibles et du torse<\/p>\n<ul>\n<li>Simulez une vari\u00e9t\u00e9 de blessures corporelles graves, y compris un empalement du torse ou un bras ou une jambe sectionn\u00e9.<\/li>\n<\/ul>\n<p><a href=\"https:\/\/www.lionprotects.com\/cs\/c\/?cta_guid=6469a9dd-7a70-4136-bca8-52201987da95&amp;signature=AAH58kFKdkuRDs6-FOgnuimeyLdiKvRawQ&amp;pageId=5524680605&amp;placement_guid=713bdcec-47c7-4491-a06d-63b078cd8e87&amp;click=7183c480-6846-4ef9-9f6f-6c79eef63bca&amp;hsutk=d12f911d5883f4ab8ec83423e54b1d3f&amp;canon=https%3A%2F%2Fwww.lionprotects.com%2Fsmartdummy-extrication-manikin&amp;utm_referrer=https%3A%2F%2Fwww.lionprotects.com%2Frescue-manikin&amp;portal_id=3475623&amp;redirect_url=APefjpEWJZCAvDax2gY5m971i14fej7pyANeawLnBS7QOh-6QG1jDN9AfS41sJ1c0bJ0-5IF4zv34fS6Q84LBHOdagwCCcr7g1NrMY2srdRl3d7QOz4rzIXlxGkoMgr_6zP5b-nYXvmdEsE9O9BubLx0DbbuT4-Xi5yExH2jCw5G_JV3G7FQwB4hTV0v4AA-de-3GrZxXAvK98AMNqnICn7jJroDHyaRRkKbiFPjYVjVSvFD4BkrZ561aZ5P1y2LTkvzl20i0t7sfn3dC_QnAgBynoZ-yhnOEr3GWOTaNcKspU2SlRirAq5h5YXN2SvNcW3kKXkRIyJq3RFG3_NdNl8wH1nAxmzy5aFzfHrDxWzjy7BG7TCl2ayKNQ-mF7Ta50eWlHugRS276mPMElBFm2Z7hFszm99n8A&amp;__hstc=47088440.d12f911d5883f4ab8ec83423e54b1d3f.1617731482883.1619123413572.1619455555674.10&amp;__hssc=47088440.15.1619455555674&amp;__hsfp=2282831983&amp;contentType=standard-page\">T\u00e9l\u00e9charger la fiche produit<\/a><\/p>\n<p><strong>SUFFISAMMENT R\u00c9ALISTE POUR R\u00c9PONDRE \u00c0 VOS DEMANDES DE FORMATION<\/strong><\/p>\n<p>FAIT DE MAT\u00c9RIAUX SOUPLES<\/p>\n<ul>\n<li>De nombreux mannequins de sauvetage d'entra\u00eenement sont faits de plastique dur, qui ne donne pas le mouvement r\u00e9aliste d'un vrai humain. Ce n'est pas le cas avec SmartDummy\u2122.<\/li>\n<\/ul>\n<p>PAS DE POINTS DE PINCEMENT<\/p>\n<ul>\n<li>Les mannequins en plastique dur cr\u00e9ent des points de pincement au niveau des articulations, ce qui peut causer des blessures. Le SmartDummy\u2122 est fait d'un mat\u00e9riel plus doux.<\/li>\n<\/ul>\n<p>SIMULATION R\u00c9ALISTE<\/p>\n<ul>\n<li>Lorsque les pompiers font une entr\u00e9e forc\u00e9e dans une pi\u00e8ce obscure, le son cr\u00e9\u00e9 lorsque la barre halligan entre en contact avec une victime est diff\u00e9rent du son cr\u00e9\u00e9 lorsqu'il entre en contact avec une surface dure comme un meuble. Les mannequins en plastique dur ressemblent plus \u00e0 des meubles qu'\u00e0 un \u00eatre humain, contrairement au mannequin de d\u00e9sincarc\u00e9ration SmartDummy\u2122.<\/li>\n<\/ul>\n<p>MEILLEURE INTERACTION<\/p>\n<ul>\n<li>Le mannequin de d\u00e9sincarc\u00e9ration SmartDummy\u2122 est suffisamment robuste pour r\u00e9pondre aux exigences de formation les plus rigoureuses, et suffisamment intelligent pour interagir avec les sauveteurs. Il se sent, sonne et bouge comme une vraie victime.<\/li>\n<\/ul>\n<p><iframe loading=\"lazy\" title=\"Mannequins de sauvetage LION SmartDummy\u2122\" width=\"980\" height=\"551\" src=\"https:\/\/www.youtube.com\/embed\/WRdi8SmlLGU?feature=oembed&#038;enablejsapi=1&#038;origin=https:\/\/staging.safetysourcefire.ca\" frameborder=\"0\" allow=\"accelerometer; autoplay; clipboard-write; encrypted-media; gyroscope; picture-in-picture\" allowfullscreen><\/iframe><\/p>\n<p>&nbsp;<\/p>\n<p>OPPORTUNIT\u00c9S DE FORMATION<\/p>\n<p>Le mannequin de d\u00e9sincarc\u00e9ration SmartDummy\u2122 a \u00e9t\u00e9 con\u00e7u pour \u00eatre un meilleur mannequin de sauvetage pour une gamme compl\u00e8te de sc\u00e9narios d&#039;entra\u00eenement et d&#039;\u00e9volutions.<\/p>\n<p>EFFONDREMENT DES B\u00c2TIMENTS<\/p>\n<ul>\n<li>Utilisez le mannequin de d\u00e9sincarc\u00e9ration SmartDummy\u2122 pour aider les pompiers \u00e0 s'entra\u00eener \u00e0 sauver des personnes lors de l'effondrement d'un b\u00e2timent.<\/li>\n<\/ul>\n<p>RECHERCHE &amp; SAUVETAGE<\/p>\n<ul>\n<li>Le mannequin de d\u00e9sincarc\u00e9ration SmartDummy\u2122 peut aider les premiers intervenants \u00e0 s&#039;entra\u00eener \u00e0 trouver des personnes dans de grandes zones de recherche.<\/li>\n<\/ul>\n<p>SC\u00c9NARIOS PI\u00c8GES<\/p>\n<ul>\n<li>Les pompiers peuvent utiliser le mannequin de d\u00e9sincarc\u00e9ration SmartDummy\u2122 dans les exercices de pi\u00e9geage.<\/li>\n<\/ul>\n<p>\u00c9VACUATION DE POMPIER<\/p>\n<ul>\n<li>Entra\u00eenez-vous pour une \u00e9vacuation plus efficace des ''pompiers \u00e0 terre''.<\/li>\n<\/ul>\n<p>SORTIE DE V\u00c9HICULE<\/p>\n<ul>\n<li>Les secouristes peuvent utiliser le SmartDummy\u2122 pour s'entra\u00eener \u00e0 la d\u00e9sincarc\u00e9ration des v\u00e9hicules.<\/li>\n<\/ul>\n<p>ESPACE CONFIN\u00c9<\/p>\n<ul>\n<li>Entra\u00eenez-vous \u00e0 lib\u00e9rer les victimes prises dans des espaces confin\u00e9s.<\/li>\n<\/ul>","protected":false},"excerpt":{"rendered":"<p>Mannequin de sauvetage pour formation. Id\u00e9al pour les sc\u00e9narios de d\u00e9sincarc\u00e9ration.<\/p>","protected":false},"featured_media":25338,"template":"","meta":[],"product_brand":[421],"product_cat":[509,511,166,57],"product_tag":[266,493,513],"class_list":{"0":"post-25332","1":"product","2":"type-product","3":"status-publish","4":"has-post-thumbnail","6":"product_brand-lion","7":"product_cat-lion-firefighter-training-props","8":"product_cat-smartdummy-training-manikins","9":"product_cat-training-dummies","10":"product_cat-training-products","11":"product_tag-bullex","12":"product_tag-lion","13":"product_tag-mannequin","15":"first","16":"instock","17":"shipping-taxable","18":"product-type-simple"},"yoast_head":"<!-- This site is optimized with the Yoast SEO plugin v27.4 - https:\/\/yoast.com\/product\/yoast-seo-wordpress\/ -->\n<title>SmartDummy\u2122 Extrication Manikin - Safety Source Fire<\/title>\n<meta name=\"robots\" content=\"noindex, follow, max-snippet:-1, max-image-preview:large, max-video-preview:-1\" \/>\n<meta property=\"og:locale\" content=\"fr_CA\" \/>\n<meta property=\"og:type\" content=\"article\" \/>\n<meta property=\"og:title\" content=\"SmartDummy\u2122 Extrication Manikin - Safety Source Fire\" \/>\n<meta property=\"og:description\" content=\"Extrication Training Rescue Manikin\" \/>\n<meta property=\"og:url\" content=\"https:\/\/staging.safetysourcefire.ca\/fr_ca\/produit\/smartdummy-extrication-manikin\/\" \/>\n<meta property=\"og:site_name\" content=\"Safety Source Fire\" \/>\n<meta property=\"article:publisher\" content=\"https:\/\/www.facebook.com\/mmfssca\" \/>\n<meta property=\"article:modified_time\" content=\"2021-04-26T19:54:01+00:00\" \/>\n<meta property=\"og:image\" content=\"https:\/\/staging.safetysourcefire.ca\/wp-content\/uploads\/2021\/04\/T_USP_4.jpg\" \/>\n\t<meta property=\"og:image:width\" content=\"600\" \/>\n\t<meta property=\"og:image:height\" content=\"600\" \/>\n\t<meta property=\"og:image:type\" content=\"image\/jpeg\" \/>\n<meta name=\"twitter:card\" content=\"summary_large_image\" \/>\n<meta name=\"twitter:site\" content=\"@mmfssca\" \/>\n<meta name=\"twitter:label1\" content=\"Estimation du temps de lecture\" \/>\n\t<meta name=\"twitter:data1\" content=\"2 minutes\" \/>\n<script type=\"application\/ld+json\" class=\"yoast-schema-graph\">{\"@context\":\"https:\\\/\\\/schema.org\",\"@graph\":[{\"@type\":\"WebPage\",\"@id\":\"https:\\\/\\\/staging.safetysourcefire.ca\\\/product\\\/smartdummy-extrication-manikin\\\/\",\"url\":\"https:\\\/\\\/staging.safetysourcefire.ca\\\/product\\\/smartdummy-extrication-manikin\\\/\",\"name\":\"SmartDummy\u2122 Extrication Manikin - Safety Source Fire\",\"isPartOf\":{\"@id\":\"https:\\\/\\\/staging.safetysourcefire.ca\\\/#website\"},\"primaryImageOfPage\":{\"@id\":\"https:\\\/\\\/staging.safetysourcefire.ca\\\/product\\\/smartdummy-extrication-manikin\\\/#primaryimage\"},\"image\":{\"@id\":\"https:\\\/\\\/staging.safetysourcefire.ca\\\/product\\\/smartdummy-extrication-manikin\\\/#primaryimage\"},\"thumbnailUrl\":\"https:\\\/\\\/staging.safetysourcefire.ca\\\/wp-content\\\/uploads\\\/2021\\\/04\\\/T_USP_4.jpg\",\"datePublished\":\"2021-04-26T17:50:26+00:00\",\"dateModified\":\"2021-04-26T19:54:01+00:00\",\"breadcrumb\":{\"@id\":\"https:\\\/\\\/staging.safetysourcefire.ca\\\/product\\\/smartdummy-extrication-manikin\\\/#breadcrumb\"},\"inLanguage\":\"fr-CA\",\"potentialAction\":[{\"@type\":\"ReadAction\",\"target\":[\"https:\\\/\\\/staging.safetysourcefire.ca\\\/product\\\/smartdummy-extrication-manikin\\\/\"]}]},{\"@type\":\"ImageObject\",\"inLanguage\":\"fr-CA\",\"@id\":\"https:\\\/\\\/staging.safetysourcefire.ca\\\/product\\\/smartdummy-extrication-manikin\\\/#primaryimage\",\"url\":\"https:\\\/\\\/staging.safetysourcefire.ca\\\/wp-content\\\/uploads\\\/2021\\\/04\\\/T_USP_4.jpg\",\"contentUrl\":\"https:\\\/\\\/staging.safetysourcefire.ca\\\/wp-content\\\/uploads\\\/2021\\\/04\\\/T_USP_4.jpg\",\"width\":600,\"height\":600,\"caption\":\"extrication manikin\"},{\"@type\":\"BreadcrumbList\",\"@id\":\"https:\\\/\\\/staging.safetysourcefire.ca\\\/product\\\/smartdummy-extrication-manikin\\\/#breadcrumb\",\"itemListElement\":[{\"@type\":\"ListItem\",\"position\":1,\"name\":\"Home\",\"item\":\"https:\\\/\\\/staging.safetysourcefire.ca\\\/\"},{\"@type\":\"ListItem\",\"position\":2,\"name\":\"Products\",\"item\":\"https:\\\/\\\/staging.safetysourcefire.ca\\\/shop\\\/\"},{\"@type\":\"ListItem\",\"position\":3,\"name\":\"SmartDummy\u2122 Extrication Manikin\"}]},{\"@type\":\"WebSite\",\"@id\":\"https:\\\/\\\/staging.safetysourcefire.ca\\\/#website\",\"url\":\"https:\\\/\\\/staging.safetysourcefire.ca\\\/\",\"name\":\"Safety Source Fire\",\"description\":\"\",\"publisher\":{\"@id\":\"https:\\\/\\\/staging.safetysourcefire.ca\\\/#organization\"},\"potentialAction\":[{\"@type\":\"SearchAction\",\"target\":{\"@type\":\"EntryPoint\",\"urlTemplate\":\"https:\\\/\\\/staging.safetysourcefire.ca\\\/?s={search_term_string}\"},\"query-input\":{\"@type\":\"PropertyValueSpecification\",\"valueRequired\":true,\"valueName\":\"search_term_string\"}}],\"inLanguage\":\"fr-CA\"},{\"@type\":\"Organization\",\"@id\":\"https:\\\/\\\/staging.safetysourcefire.ca\\\/#organization\",\"name\":\"Safety Source Fire\",\"url\":\"https:\\\/\\\/staging.safetysourcefire.ca\\\/\",\"logo\":{\"@type\":\"ImageObject\",\"inLanguage\":\"fr-CA\",\"@id\":\"https:\\\/\\\/staging.safetysourcefire.ca\\\/#\\\/schema\\\/logo\\\/image\\\/\",\"url\":\"https:\\\/\\\/staging.safetysourcefire.ca\\\/wp-content\\\/uploads\\\/2021\\\/01\\\/SSF_logo_CC0000-3.png\",\"contentUrl\":\"https:\\\/\\\/staging.safetysourcefire.ca\\\/wp-content\\\/uploads\\\/2021\\\/01\\\/SSF_logo_CC0000-3.png\",\"width\":1107,\"height\":365,\"caption\":\"Safety Source Fire\"},\"image\":{\"@id\":\"https:\\\/\\\/staging.safetysourcefire.ca\\\/#\\\/schema\\\/logo\\\/image\\\/\"},\"sameAs\":[\"https:\\\/\\\/www.facebook.com\\\/mmfssca\",\"https:\\\/\\\/x.com\\\/mmfssca\"]}]}<\/script>\n<!-- \/ Yoast SEO plugin. -->","yoast_head_json":{"title":"Mannequin de d\u00e9sincarc\u00e9ration SmartDummy\u2122 - Source de s\u00e9curit\u00e9 incendie","robots":{"index":"noindex","follow":"follow","max-snippet":"max-snippet:-1","max-image-preview":"max-image-preview:large","max-video-preview":"max-video-preview:-1"},"og_locale":"fr_CA","og_type":"article","og_title":"SmartDummy\u2122 Extrication Manikin - Safety Source Fire","og_description":"Extrication Training Rescue Manikin","og_url":"https:\/\/staging.safetysourcefire.ca\/fr_ca\/produit\/smartdummy-extrication-manikin\/","og_site_name":"Safety Source Fire","article_publisher":"https:\/\/www.facebook.com\/mmfssca","article_modified_time":"2021-04-26T19:54:01+00:00","og_image":[{"width":600,"height":600,"url":"https:\/\/staging.safetysourcefire.ca\/wp-content\/uploads\/2021\/04\/T_USP_4.jpg","type":"image\/jpeg"}],"twitter_card":"summary_large_image","twitter_site":"@mmfssca","twitter_misc":{"Estimation du temps de lecture":"2 minutes"},"schema":{"@context":"https:\/\/schema.org","@graph":[{"@type":"WebPage","@id":"https:\/\/staging.safetysourcefire.ca\/product\/smartdummy-extrication-manikin\/","url":"https:\/\/staging.safetysourcefire.ca\/product\/smartdummy-extrication-manikin\/","name":"Mannequin de d\u00e9sincarc\u00e9ration SmartDummy\u2122 - Source de s\u00e9curit\u00e9 incendie","isPartOf":{"@id":"https:\/\/staging.safetysourcefire.ca\/#website"},"primaryImageOfPage":{"@id":"https:\/\/staging.safetysourcefire.ca\/product\/smartdummy-extrication-manikin\/#primaryimage"},"image":{"@id":"https:\/\/staging.safetysourcefire.ca\/product\/smartdummy-extrication-manikin\/#primaryimage"},"thumbnailUrl":"https:\/\/staging.safetysourcefire.ca\/wp-content\/uploads\/2021\/04\/T_USP_4.jpg","datePublished":"2021-04-26T17:50:26+00:00","dateModified":"2021-04-26T19:54:01+00:00","breadcrumb":{"@id":"https:\/\/staging.safetysourcefire.ca\/product\/smartdummy-extrication-manikin\/#breadcrumb"},"inLanguage":"fr-CA","potentialAction":[{"@type":"ReadAction","target":["https:\/\/staging.safetysourcefire.ca\/product\/smartdummy-extrication-manikin\/"]}]},{"@type":"ImageObject","inLanguage":"fr-CA","@id":"https:\/\/staging.safetysourcefire.ca\/product\/smartdummy-extrication-manikin\/#primaryimage","url":"https:\/\/staging.safetysourcefire.ca\/wp-content\/uploads\/2021\/04\/T_USP_4.jpg","contentUrl":"https:\/\/staging.safetysourcefire.ca\/wp-content\/uploads\/2021\/04\/T_USP_4.jpg","width":600,"height":600,"caption":"extrication manikin"},{"@type":"BreadcrumbList","@id":"https:\/\/staging.safetysourcefire.ca\/product\/smartdummy-extrication-manikin\/#breadcrumb","itemListElement":[{"@type":"ListItem","position":1,"name":"Home","item":"https:\/\/staging.safetysourcefire.ca\/"},{"@type":"ListItem","position":2,"name":"Products","item":"https:\/\/staging.safetysourcefire.ca\/shop\/"},{"@type":"ListItem","position":3,"name":"SmartDummy\u2122 Extrication Manikin"}]},{"@type":"WebSite","@id":"https:\/\/staging.safetysourcefire.ca\/#website","url":"https:\/\/staging.safetysourcefire.ca\/","name":"Safety Source Fire","description":"","publisher":{"@id":"https:\/\/staging.safetysourcefire.ca\/#organization"},"potentialAction":[{"@type":"SearchAction","target":{"@type":"EntryPoint","urlTemplate":"https:\/\/staging.safetysourcefire.ca\/?s={search_term_string}"},"query-input":{"@type":"PropertyValueSpecification","valueRequired":true,"valueName":"search_term_string"}}],"inLanguage":"fr-CA"},{"@type":"Organization","@id":"https:\/\/staging.safetysourcefire.ca\/#organization","name":"Safety Source Fire","url":"https:\/\/staging.safetysourcefire.ca\/","logo":{"@type":"ImageObject","inLanguage":"fr-CA","@id":"https:\/\/staging.safetysourcefire.ca\/#\/schema\/logo\/image\/","url":"https:\/\/staging.safetysourcefire.ca\/wp-content\/uploads\/2021\/01\/SSF_logo_CC0000-3.png","contentUrl":"https:\/\/staging.safetysourcefire.ca\/wp-content\/uploads\/2021\/01\/SSF_logo_CC0000-3.png","width":1107,"height":365,"caption":"Safety Source Fire"},"image":{"@id":"https:\/\/staging.safetysourcefire.ca\/#\/schema\/logo\/image\/"},"sameAs":["https:\/\/www.facebook.com\/mmfssca","https:\/\/x.com\/mmfssca"]}]}},"_links":{"self":[{"href":"https:\/\/staging.safetysourcefire.ca\/fr_ca\/wp-json\/wp\/v2\/product\/25332","targetHints":{"allow":["GET"]}}],"collection":[{"href":"https:\/\/staging.safetysourcefire.ca\/fr_ca\/wp-json\/wp\/v2\/product"}],"about":[{"href":"https:\/\/staging.safetysourcefire.ca\/fr_ca\/wp-json\/wp\/v2\/types\/product"}],"wp:featuredmedia":[{"embeddable":true,"href":"https:\/\/staging.safetysourcefire.ca\/fr_ca\/wp-json\/wp\/v2\/media\/25338"}],"wp:attachment":[{"href":"https:\/\/staging.safetysourcefire.ca\/fr_ca\/wp-json\/wp\/v2\/media?parent=25332"}],"wp:term":[{"taxonomy":"product_brand","embeddable":true,"href":"https:\/\/staging.safetysourcefire.ca\/fr_ca\/wp-json\/wp\/v2\/product_brand?post=25332"},{"taxonomy":"product_cat","embeddable":true,"href":"https:\/\/staging.safetysourcefire.ca\/fr_ca\/wp-json\/wp\/v2\/product_cat?post=25332"},{"taxonomy":"product_tag","embeddable":true,"href":"https:\/\/staging.safetysourcefire.ca\/fr_ca\/wp-json\/wp\/v2\/product_tag?post=25332"}],"curies":[{"name":"wp","href":"https:\/\/api.w.org\/{rel}","templated":true}]}}