{"id":25247,"date":"2021-04-21T18:05:56","date_gmt":"2021-04-21T18:05:56","guid":{"rendered":"https:\/\/safetysourcefire.ca\/?post_type=product&#038;p=25247"},"modified":"2021-05-12T15:23:00","modified_gmt":"2021-05-12T15:23:00","slug":"knockdown-elite-leather-boot","status":"publish","type":"product","link":"https:\/\/staging.safetysourcefire.ca\/fr_ca\/produit\/knockdown-elite-leather-boot\/","title":{"rendered":"Botte en cuir Knockdown Elite"},"content":{"rendered":"<p>Une fois votre pied \u00e0 l'int\u00e9rieur, le syst\u00e8me de verrouillage de la cheville vous maintient fermement en place jusqu'\u00e0 ce que vous utilisiez la plaque de protection du talon pour les retirer. Notre semelle Vibram\u00ae Fire &amp; Ice All-Terrain exclusive offre une traction exceptionnelle sur n'importe quelle surface; y compris les toits en pente et les remblais raides. Cette botte r\u00e9siste \u00e0 la chaleur et vous aidera \u00e0 garder les pieds stables lors de la lutte contre les incendies en hiver, o\u00f9 l'eau se transforme en glace. La barri\u00e8re d'humidit\u00e9 en PTFE repousse \u00e9galement les fluides dangereux. Gr\u00e2ce au rembourrage Poron\u00ae XRD\u00ae (la m\u00eame protection contre les chocs que celle utilis\u00e9e dans les courses de motocross) votre talon n'aura rien \u00e0 craindre. L'embout de s\u00e9curit\u00e9 en composite, la semelle int\u00e9rieure Lenzi L-Protection\u00ae et la tige d'\u00e9chelle \u00e0 triple nervure en acier prot\u00e8gent votre pied des chocs et de la fatigue du travail sur des \u00e9chelles. Parce que vous pourriez rester debout pendant des heures, la semelle int\u00e9rieure amovible \u00e0 double densit\u00e9 \u00e9pouse la forme de votre pied pour vous garder \u00e0 l'aise jusqu'\u00e0 votre retour \u00e0 la station.<\/p>\n<p>BOTTE EN CUIR 14\u2033<br \/>\n\u2022 Tige en cuir imperm\u00e9able, r\u00e9sistant aux flammes,   r\u00e9sistant \u00e0 l'abrasion, protection des orteils et du talon en caoutchouc<br \/>\n\u2022 Semelle int\u00e9rieure amovible en polyur\u00e9thane double densit\u00e9<br \/>\n\u2022 Semelle int\u00e9rieure Lenzi L-Protection\u00ae flexible, non m\u00e9tallique et r\u00e9sistante aux perforations<br \/>\n\u2022 Tige d&#039;\u00e9chelle \u00e0 triple nervure en acier<br \/>\n\u2022 Semelle Vibram\u00ae ATS exclusive avec technologie Fire &amp; Ice<br \/>\n\u2022 Construction en ciment<br \/>\n\u2022 Conforme \u00e0 la norme ASTM F2413-11<\/p>\n<p>Agr\u00e9\u00e9:<\/p>\n<ul>\n<li>Conforme \u00e0 la structure NFPA 1971<\/li>\n<li>Conforme \u00e0 la norme NFPA 1992 splash over hazmat<\/li>\n<li>CSA Z195-14 \u00c9dition 7<\/li>\n<\/ul>\n<p><em>Avertissement : La r\u00e9sistance aux chocs \u00e9lectriques se d\u00e9t\u00e9riore avec l'usure et\/ou dans les environnements humides.<\/em><\/p>","protected":false},"excerpt":{"rendered":"<p>Peu importe combien de fois l'alarme retentit pendant votre quart de travail, ces bottes ignifuge en cuir noir s'enfilent facilement et vous tiendront compagnie.<\/p>","protected":false},"featured_media":25249,"template":"","meta":[],"product_brand":[522],"product_cat":[121,50],"product_tag":[493,346,521],"class_list":{"0":"post-25247","1":"product","2":"type-product","3":"status-publish","4":"has-post-thumbnail","6":"product_brand-lion-fire-boots-by-thorogood","7":"product_cat-boots","8":"product_cat-personal-protective-equipment","9":"product_tag-lion","10":"product_tag-starfield","11":"product_tag-thorogood","13":"first","14":"instock","15":"shipping-taxable","16":"product-type-simple"},"yoast_head":"<!-- This site is optimized with the Yoast SEO plugin v27.4 - https:\/\/yoast.com\/product\/yoast-seo-wordpress\/ -->\n<title>Knockdown Elite Leather Boot - Safety Source Fire<\/title>\n<meta name=\"robots\" content=\"noindex, follow, max-snippet:-1, max-image-preview:large, max-video-preview:-1\" \/>\n<meta property=\"og:locale\" content=\"fr_CA\" \/>\n<meta property=\"og:type\" content=\"article\" \/>\n<meta property=\"og:title\" content=\"Knockdown Elite Leather Boot - Safety Source Fire\" \/>\n<meta property=\"og:description\" content=\"No matter how many times the alarm sounds during your shift, these black flame-resisting leather upper KnockDown boots go on with ease.\" \/>\n<meta property=\"og:url\" content=\"https:\/\/staging.safetysourcefire.ca\/fr_ca\/produit\/knockdown-elite-leather-boot\/\" \/>\n<meta property=\"og:site_name\" content=\"Safety Source Fire\" \/>\n<meta property=\"article:publisher\" content=\"https:\/\/www.facebook.com\/mmfssca\" \/>\n<meta property=\"article:modified_time\" content=\"2021-05-12T15:23:00+00:00\" \/>\n<meta property=\"og:image\" content=\"https:\/\/staging.safetysourcefire.ca\/wp-content\/uploads\/2021\/04\/KnockdownElite_double.jpg\" \/>\n\t<meta property=\"og:image:width\" content=\"600\" \/>\n\t<meta property=\"og:image:height\" content=\"600\" \/>\n\t<meta property=\"og:image:type\" content=\"image\/jpeg\" \/>\n<meta name=\"twitter:card\" content=\"summary_large_image\" \/>\n<meta name=\"twitter:site\" content=\"@mmfssca\" \/>\n<meta name=\"twitter:label1\" content=\"Estimation du temps de lecture\" \/>\n\t<meta name=\"twitter:data1\" content=\"1 minute\" \/>\n<script type=\"application\/ld+json\" class=\"yoast-schema-graph\">{\"@context\":\"https:\\\/\\\/schema.org\",\"@graph\":[{\"@type\":\"WebPage\",\"@id\":\"https:\\\/\\\/staging.safetysourcefire.ca\\\/product\\\/knockdown-elite-leather-boot\\\/\",\"url\":\"https:\\\/\\\/staging.safetysourcefire.ca\\\/product\\\/knockdown-elite-leather-boot\\\/\",\"name\":\"Knockdown Elite Leather Boot - Safety Source Fire\",\"isPartOf\":{\"@id\":\"https:\\\/\\\/staging.safetysourcefire.ca\\\/#website\"},\"primaryImageOfPage\":{\"@id\":\"https:\\\/\\\/staging.safetysourcefire.ca\\\/product\\\/knockdown-elite-leather-boot\\\/#primaryimage\"},\"image\":{\"@id\":\"https:\\\/\\\/staging.safetysourcefire.ca\\\/product\\\/knockdown-elite-leather-boot\\\/#primaryimage\"},\"thumbnailUrl\":\"https:\\\/\\\/staging.safetysourcefire.ca\\\/wp-content\\\/uploads\\\/2021\\\/04\\\/KnockdownElite_double.jpg\",\"datePublished\":\"2021-04-21T18:05:56+00:00\",\"dateModified\":\"2021-05-12T15:23:00+00:00\",\"breadcrumb\":{\"@id\":\"https:\\\/\\\/staging.safetysourcefire.ca\\\/product\\\/knockdown-elite-leather-boot\\\/#breadcrumb\"},\"inLanguage\":\"fr-CA\",\"potentialAction\":[{\"@type\":\"ReadAction\",\"target\":[\"https:\\\/\\\/staging.safetysourcefire.ca\\\/product\\\/knockdown-elite-leather-boot\\\/\"]}]},{\"@type\":\"ImageObject\",\"inLanguage\":\"fr-CA\",\"@id\":\"https:\\\/\\\/staging.safetysourcefire.ca\\\/product\\\/knockdown-elite-leather-boot\\\/#primaryimage\",\"url\":\"https:\\\/\\\/staging.safetysourcefire.ca\\\/wp-content\\\/uploads\\\/2021\\\/04\\\/KnockdownElite_double.jpg\",\"contentUrl\":\"https:\\\/\\\/staging.safetysourcefire.ca\\\/wp-content\\\/uploads\\\/2021\\\/04\\\/KnockdownElite_double.jpg\",\"width\":600,\"height\":600,\"caption\":\"boot\"},{\"@type\":\"BreadcrumbList\",\"@id\":\"https:\\\/\\\/staging.safetysourcefire.ca\\\/product\\\/knockdown-elite-leather-boot\\\/#breadcrumb\",\"itemListElement\":[{\"@type\":\"ListItem\",\"position\":1,\"name\":\"Home\",\"item\":\"https:\\\/\\\/staging.safetysourcefire.ca\\\/\"},{\"@type\":\"ListItem\",\"position\":2,\"name\":\"Products\",\"item\":\"https:\\\/\\\/staging.safetysourcefire.ca\\\/shop\\\/\"},{\"@type\":\"ListItem\",\"position\":3,\"name\":\"Knockdown Elite Leather Boot\"}]},{\"@type\":\"WebSite\",\"@id\":\"https:\\\/\\\/staging.safetysourcefire.ca\\\/#website\",\"url\":\"https:\\\/\\\/staging.safetysourcefire.ca\\\/\",\"name\":\"Safety Source Fire\",\"description\":\"\",\"publisher\":{\"@id\":\"https:\\\/\\\/staging.safetysourcefire.ca\\\/#organization\"},\"potentialAction\":[{\"@type\":\"SearchAction\",\"target\":{\"@type\":\"EntryPoint\",\"urlTemplate\":\"https:\\\/\\\/staging.safetysourcefire.ca\\\/?s={search_term_string}\"},\"query-input\":{\"@type\":\"PropertyValueSpecification\",\"valueRequired\":true,\"valueName\":\"search_term_string\"}}],\"inLanguage\":\"fr-CA\"},{\"@type\":\"Organization\",\"@id\":\"https:\\\/\\\/staging.safetysourcefire.ca\\\/#organization\",\"name\":\"Safety Source Fire\",\"url\":\"https:\\\/\\\/staging.safetysourcefire.ca\\\/\",\"logo\":{\"@type\":\"ImageObject\",\"inLanguage\":\"fr-CA\",\"@id\":\"https:\\\/\\\/staging.safetysourcefire.ca\\\/#\\\/schema\\\/logo\\\/image\\\/\",\"url\":\"https:\\\/\\\/staging.safetysourcefire.ca\\\/wp-content\\\/uploads\\\/2021\\\/01\\\/SSF_logo_CC0000-3.png\",\"contentUrl\":\"https:\\\/\\\/staging.safetysourcefire.ca\\\/wp-content\\\/uploads\\\/2021\\\/01\\\/SSF_logo_CC0000-3.png\",\"width\":1107,\"height\":365,\"caption\":\"Safety Source Fire\"},\"image\":{\"@id\":\"https:\\\/\\\/staging.safetysourcefire.ca\\\/#\\\/schema\\\/logo\\\/image\\\/\"},\"sameAs\":[\"https:\\\/\\\/www.facebook.com\\\/mmfssca\",\"https:\\\/\\\/x.com\\\/mmfssca\"]}]}<\/script>\n<!-- \/ Yoast SEO plugin. -->","yoast_head_json":{"title":"Botte en cuir Knockdown Elite - Safety Source Fire","robots":{"index":"noindex","follow":"follow","max-snippet":"max-snippet:-1","max-image-preview":"max-image-preview:large","max-video-preview":"max-video-preview:-1"},"og_locale":"fr_CA","og_type":"article","og_title":"Knockdown Elite Leather Boot - Safety Source Fire","og_description":"No matter how many times the alarm sounds during your shift, these black flame-resisting leather upper KnockDown boots go on with ease.","og_url":"https:\/\/staging.safetysourcefire.ca\/fr_ca\/produit\/knockdown-elite-leather-boot\/","og_site_name":"Safety Source Fire","article_publisher":"https:\/\/www.facebook.com\/mmfssca","article_modified_time":"2021-05-12T15:23:00+00:00","og_image":[{"width":600,"height":600,"url":"https:\/\/staging.safetysourcefire.ca\/wp-content\/uploads\/2021\/04\/KnockdownElite_double.jpg","type":"image\/jpeg"}],"twitter_card":"summary_large_image","twitter_site":"@mmfssca","twitter_misc":{"Estimation du temps de lecture":"1 minute"},"schema":{"@context":"https:\/\/schema.org","@graph":[{"@type":"WebPage","@id":"https:\/\/staging.safetysourcefire.ca\/product\/knockdown-elite-leather-boot\/","url":"https:\/\/staging.safetysourcefire.ca\/product\/knockdown-elite-leather-boot\/","name":"Botte en cuir Knockdown Elite - Safety Source Fire","isPartOf":{"@id":"https:\/\/staging.safetysourcefire.ca\/#website"},"primaryImageOfPage":{"@id":"https:\/\/staging.safetysourcefire.ca\/product\/knockdown-elite-leather-boot\/#primaryimage"},"image":{"@id":"https:\/\/staging.safetysourcefire.ca\/product\/knockdown-elite-leather-boot\/#primaryimage"},"thumbnailUrl":"https:\/\/staging.safetysourcefire.ca\/wp-content\/uploads\/2021\/04\/KnockdownElite_double.jpg","datePublished":"2021-04-21T18:05:56+00:00","dateModified":"2021-05-12T15:23:00+00:00","breadcrumb":{"@id":"https:\/\/staging.safetysourcefire.ca\/product\/knockdown-elite-leather-boot\/#breadcrumb"},"inLanguage":"fr-CA","potentialAction":[{"@type":"ReadAction","target":["https:\/\/staging.safetysourcefire.ca\/product\/knockdown-elite-leather-boot\/"]}]},{"@type":"ImageObject","inLanguage":"fr-CA","@id":"https:\/\/staging.safetysourcefire.ca\/product\/knockdown-elite-leather-boot\/#primaryimage","url":"https:\/\/staging.safetysourcefire.ca\/wp-content\/uploads\/2021\/04\/KnockdownElite_double.jpg","contentUrl":"https:\/\/staging.safetysourcefire.ca\/wp-content\/uploads\/2021\/04\/KnockdownElite_double.jpg","width":600,"height":600,"caption":"boot"},{"@type":"BreadcrumbList","@id":"https:\/\/staging.safetysourcefire.ca\/product\/knockdown-elite-leather-boot\/#breadcrumb","itemListElement":[{"@type":"ListItem","position":1,"name":"Home","item":"https:\/\/staging.safetysourcefire.ca\/"},{"@type":"ListItem","position":2,"name":"Products","item":"https:\/\/staging.safetysourcefire.ca\/shop\/"},{"@type":"ListItem","position":3,"name":"Knockdown Elite Leather Boot"}]},{"@type":"WebSite","@id":"https:\/\/staging.safetysourcefire.ca\/#website","url":"https:\/\/staging.safetysourcefire.ca\/","name":"Safety Source Fire","description":"","publisher":{"@id":"https:\/\/staging.safetysourcefire.ca\/#organization"},"potentialAction":[{"@type":"SearchAction","target":{"@type":"EntryPoint","urlTemplate":"https:\/\/staging.safetysourcefire.ca\/?s={search_term_string}"},"query-input":{"@type":"PropertyValueSpecification","valueRequired":true,"valueName":"search_term_string"}}],"inLanguage":"fr-CA"},{"@type":"Organization","@id":"https:\/\/staging.safetysourcefire.ca\/#organization","name":"Safety Source Fire","url":"https:\/\/staging.safetysourcefire.ca\/","logo":{"@type":"ImageObject","inLanguage":"fr-CA","@id":"https:\/\/staging.safetysourcefire.ca\/#\/schema\/logo\/image\/","url":"https:\/\/staging.safetysourcefire.ca\/wp-content\/uploads\/2021\/01\/SSF_logo_CC0000-3.png","contentUrl":"https:\/\/staging.safetysourcefire.ca\/wp-content\/uploads\/2021\/01\/SSF_logo_CC0000-3.png","width":1107,"height":365,"caption":"Safety Source Fire"},"image":{"@id":"https:\/\/staging.safetysourcefire.ca\/#\/schema\/logo\/image\/"},"sameAs":["https:\/\/www.facebook.com\/mmfssca","https:\/\/x.com\/mmfssca"]}]}},"_links":{"self":[{"href":"https:\/\/staging.safetysourcefire.ca\/fr_ca\/wp-json\/wp\/v2\/product\/25247","targetHints":{"allow":["GET"]}}],"collection":[{"href":"https:\/\/staging.safetysourcefire.ca\/fr_ca\/wp-json\/wp\/v2\/product"}],"about":[{"href":"https:\/\/staging.safetysourcefire.ca\/fr_ca\/wp-json\/wp\/v2\/types\/product"}],"wp:featuredmedia":[{"embeddable":true,"href":"https:\/\/staging.safetysourcefire.ca\/fr_ca\/wp-json\/wp\/v2\/media\/25249"}],"wp:attachment":[{"href":"https:\/\/staging.safetysourcefire.ca\/fr_ca\/wp-json\/wp\/v2\/media?parent=25247"}],"wp:term":[{"taxonomy":"product_brand","embeddable":true,"href":"https:\/\/staging.safetysourcefire.ca\/fr_ca\/wp-json\/wp\/v2\/product_brand?post=25247"},{"taxonomy":"product_cat","embeddable":true,"href":"https:\/\/staging.safetysourcefire.ca\/fr_ca\/wp-json\/wp\/v2\/product_cat?post=25247"},{"taxonomy":"product_tag","embeddable":true,"href":"https:\/\/staging.safetysourcefire.ca\/fr_ca\/wp-json\/wp\/v2\/product_tag?post=25247"}],"curies":[{"name":"wp","href":"https:\/\/api.w.org\/{rel}","templated":true}]}}