{"id":25245,"date":"2021-04-21T17:57:19","date_gmt":"2021-04-21T17:57:19","guid":{"rendered":"https:\/\/safetysourcefire.ca\/?post_type=product&#038;p=25245"},"modified":"2021-10-29T15:07:18","modified_gmt":"2021-10-29T15:07:18","slug":"hellfire-felt-rubber-boot","status":"publish","type":"product","link":"https:\/\/staging.safetysourcefire.ca\/fr_ca\/produit\/hellfire-felt-rubber-boot\/","title":{"rendered":"Botte en caoutchouc Hellfire\u2122"},"content":{"rendered":"<p>La plaque inf\u00e9rieure en acier inoxydable r\u00e9sistante aux perforations constitue une barri\u00e8re de taille entre vos pieds et tout ce qui peut se trouver au sol. Faites l'exp\u00e9rience d'une s\u00e9curit\u00e9 accrue gr\u00e2ce \u00e0 un embout en acier surdimensionn\u00e9 au bout de la botte. Gr\u00e2ce \u00e0 une doublure en feutre de polyester de 3,5 mm, vous serez confortable en tout temps. Le renfort au talon s'occupe de la stabilit\u00e9 de vos pieds pendant que votre corps combat les flammes. Travaillez sans g\u00eane sur des \u00e9chelles gr\u00e2ce aux prot\u00e8ge-tibias rembourr\u00e9s. La construction vulcanis\u00e9e garantit un ajustement durable et absorbant des chocs. Cette botte ne fondra pas et ne se d\u00e9gradera pas en cas de chaleur ou de froid extr\u00eame. La semelle int\u00e9rieure amovible recouverte de polyur\u00e9thane absorbe les chocs afin que vous puissiez r\u00e9sister aux flammes. Soyez confortables et en s\u00e9curit\u00e9 dans ces bottes NFPA.<\/p>\n<p>\u2022 Caoutchouc r\u00e9sistant aux flammes\/\u00e0 la chaleur<br \/>\n\u2022 \u00c9tanche<br \/>\n\u2022 Assise plantaire amovible recouverte en polyur\u00e9thane<br \/>\n\u2022 Tige d'\u00e9chelle en acier \u00e0 triple nervure<br \/>\n\u2022 Plaque inf\u00e9rieure en acier inoxydable r\u00e9sistante aux perforations<br \/>\n\u2022 Semelle \u00e0 crampons de traction Hellfire\u2122<br \/>\n\u2022 Bout en caoutchouc en ''T '' r\u00e9sistant \u00e0 l'abrasion<br \/>\n\u2022 Construction vulcanis\u00e9e<\/p>\n<p>Agr\u00e9\u00e9:<\/p>\n<ul>\n<li>NFPA 1971 structurel<\/li>\n<li>NFPA 1992 splash over hazmat<\/li>\n<li>CSA Z195-14 \u00c9dition 7<\/li>\n<\/ul>\n<p><em>Disponible en tailles enti\u00e8res et demi points. Disponibles en 3 largeurs pour assurer un ajustement et un confort appropri\u00e9s.<\/em><\/p>","protected":false},"excerpt":{"rendered":"<p>Profitez d'une protection et d'une adh\u00e9rence sup\u00e9rieures tout en luttant contre les incendies. Sentez-vous en s\u00e9curit\u00e9 au travail gr\u00e0ace \u00e0 ces bottes isol\u00e9es  en caoutchouc r\u00e9sistant aux flammes et \u00e0 la chaleur. Comprend des semelles \u00e0 crampons.<\/p>","protected":false},"featured_media":25265,"template":"","meta":[],"product_brand":[522],"product_cat":[121,50],"product_tag":[493,346,521],"class_list":{"0":"post-25245","1":"product","2":"type-product","3":"status-publish","4":"has-post-thumbnail","6":"product_brand-lion-fire-boots-by-thorogood","7":"product_cat-boots","8":"product_cat-personal-protective-equipment","9":"product_tag-lion","10":"product_tag-starfield","11":"product_tag-thorogood","13":"first","14":"instock","15":"shipping-taxable","16":"product-type-simple"},"yoast_head":"<!-- This site is optimized with the Yoast SEO plugin v27.4 - https:\/\/yoast.com\/product\/yoast-seo-wordpress\/ -->\n<title>Hellfire\u2122 Felt Rubber Boot - Safety Source Fire<\/title>\n<meta name=\"robots\" content=\"noindex, follow, max-snippet:-1, max-image-preview:large, max-video-preview:-1\" \/>\n<meta property=\"og:locale\" content=\"fr_CA\" \/>\n<meta property=\"og:type\" content=\"article\" \/>\n<meta property=\"og:title\" content=\"Hellfire\u2122 Felt Rubber Boot - Safety Source Fire\" \/>\n<meta property=\"og:description\" content=\"Enjoy superior protection and grip while fighting fires in these flame- and heat-resisting rubber light insulated structural bunker boots with lug sole.\" \/>\n<meta property=\"og:url\" content=\"https:\/\/staging.safetysourcefire.ca\/fr_ca\/produit\/hellfire-felt-rubber-boot\/\" \/>\n<meta property=\"og:site_name\" content=\"Safety Source Fire\" \/>\n<meta property=\"article:publisher\" content=\"https:\/\/www.facebook.com\/mmfssca\" \/>\n<meta property=\"article:modified_time\" content=\"2021-10-29T15:07:18+00:00\" \/>\n<meta property=\"og:image\" content=\"https:\/\/staging.safetysourcefire.ca\/wp-content\/uploads\/2021\/04\/Hellfire_double.jpg\" \/>\n\t<meta property=\"og:image:width\" content=\"600\" \/>\n\t<meta property=\"og:image:height\" content=\"600\" \/>\n\t<meta property=\"og:image:type\" content=\"image\/jpeg\" \/>\n<meta name=\"twitter:card\" content=\"summary_large_image\" \/>\n<meta name=\"twitter:site\" content=\"@mmfssca\" \/>\n<meta name=\"twitter:label1\" content=\"Estimation du temps de lecture\" \/>\n\t<meta name=\"twitter:data1\" content=\"1 minute\" \/>\n<script type=\"application\/ld+json\" class=\"yoast-schema-graph\">{\"@context\":\"https:\\\/\\\/schema.org\",\"@graph\":[{\"@type\":\"WebPage\",\"@id\":\"https:\\\/\\\/staging.safetysourcefire.ca\\\/product\\\/hellfire-felt-rubber-boot\\\/\",\"url\":\"https:\\\/\\\/staging.safetysourcefire.ca\\\/product\\\/hellfire-felt-rubber-boot\\\/\",\"name\":\"Hellfire\u2122 Felt Rubber Boot - Safety Source Fire\",\"isPartOf\":{\"@id\":\"https:\\\/\\\/staging.safetysourcefire.ca\\\/#website\"},\"primaryImageOfPage\":{\"@id\":\"https:\\\/\\\/staging.safetysourcefire.ca\\\/product\\\/hellfire-felt-rubber-boot\\\/#primaryimage\"},\"image\":{\"@id\":\"https:\\\/\\\/staging.safetysourcefire.ca\\\/product\\\/hellfire-felt-rubber-boot\\\/#primaryimage\"},\"thumbnailUrl\":\"https:\\\/\\\/staging.safetysourcefire.ca\\\/wp-content\\\/uploads\\\/2021\\\/04\\\/Hellfire_double.jpg\",\"datePublished\":\"2021-04-21T17:57:19+00:00\",\"dateModified\":\"2021-10-29T15:07:18+00:00\",\"breadcrumb\":{\"@id\":\"https:\\\/\\\/staging.safetysourcefire.ca\\\/product\\\/hellfire-felt-rubber-boot\\\/#breadcrumb\"},\"inLanguage\":\"fr-CA\",\"potentialAction\":[{\"@type\":\"ReadAction\",\"target\":[\"https:\\\/\\\/staging.safetysourcefire.ca\\\/product\\\/hellfire-felt-rubber-boot\\\/\"]}]},{\"@type\":\"ImageObject\",\"inLanguage\":\"fr-CA\",\"@id\":\"https:\\\/\\\/staging.safetysourcefire.ca\\\/product\\\/hellfire-felt-rubber-boot\\\/#primaryimage\",\"url\":\"https:\\\/\\\/staging.safetysourcefire.ca\\\/wp-content\\\/uploads\\\/2021\\\/04\\\/Hellfire_double.jpg\",\"contentUrl\":\"https:\\\/\\\/staging.safetysourcefire.ca\\\/wp-content\\\/uploads\\\/2021\\\/04\\\/Hellfire_double.jpg\",\"width\":600,\"height\":600,\"caption\":\"hellfire boots\"},{\"@type\":\"BreadcrumbList\",\"@id\":\"https:\\\/\\\/staging.safetysourcefire.ca\\\/product\\\/hellfire-felt-rubber-boot\\\/#breadcrumb\",\"itemListElement\":[{\"@type\":\"ListItem\",\"position\":1,\"name\":\"Home\",\"item\":\"https:\\\/\\\/staging.safetysourcefire.ca\\\/\"},{\"@type\":\"ListItem\",\"position\":2,\"name\":\"Products\",\"item\":\"https:\\\/\\\/staging.safetysourcefire.ca\\\/shop\\\/\"},{\"@type\":\"ListItem\",\"position\":3,\"name\":\"Hellfire\u2122 Felt Rubber Boot\"}]},{\"@type\":\"WebSite\",\"@id\":\"https:\\\/\\\/staging.safetysourcefire.ca\\\/#website\",\"url\":\"https:\\\/\\\/staging.safetysourcefire.ca\\\/\",\"name\":\"Safety Source Fire\",\"description\":\"\",\"publisher\":{\"@id\":\"https:\\\/\\\/staging.safetysourcefire.ca\\\/#organization\"},\"potentialAction\":[{\"@type\":\"SearchAction\",\"target\":{\"@type\":\"EntryPoint\",\"urlTemplate\":\"https:\\\/\\\/staging.safetysourcefire.ca\\\/?s={search_term_string}\"},\"query-input\":{\"@type\":\"PropertyValueSpecification\",\"valueRequired\":true,\"valueName\":\"search_term_string\"}}],\"inLanguage\":\"fr-CA\"},{\"@type\":\"Organization\",\"@id\":\"https:\\\/\\\/staging.safetysourcefire.ca\\\/#organization\",\"name\":\"Safety Source Fire\",\"url\":\"https:\\\/\\\/staging.safetysourcefire.ca\\\/\",\"logo\":{\"@type\":\"ImageObject\",\"inLanguage\":\"fr-CA\",\"@id\":\"https:\\\/\\\/staging.safetysourcefire.ca\\\/#\\\/schema\\\/logo\\\/image\\\/\",\"url\":\"https:\\\/\\\/staging.safetysourcefire.ca\\\/wp-content\\\/uploads\\\/2021\\\/01\\\/SSF_logo_CC0000-3.png\",\"contentUrl\":\"https:\\\/\\\/staging.safetysourcefire.ca\\\/wp-content\\\/uploads\\\/2021\\\/01\\\/SSF_logo_CC0000-3.png\",\"width\":1107,\"height\":365,\"caption\":\"Safety Source Fire\"},\"image\":{\"@id\":\"https:\\\/\\\/staging.safetysourcefire.ca\\\/#\\\/schema\\\/logo\\\/image\\\/\"},\"sameAs\":[\"https:\\\/\\\/www.facebook.com\\\/mmfssca\",\"https:\\\/\\\/x.com\\\/mmfssca\"]}]}<\/script>\n<!-- \/ Yoast SEO plugin. -->","yoast_head_json":{"title":"Botte en caoutchouc feutre Hellfire\u2122 - Safety Source Fire","robots":{"index":"noindex","follow":"follow","max-snippet":"max-snippet:-1","max-image-preview":"max-image-preview:large","max-video-preview":"max-video-preview:-1"},"og_locale":"fr_CA","og_type":"article","og_title":"Hellfire\u2122 Felt Rubber Boot - Safety Source Fire","og_description":"Enjoy superior protection and grip while fighting fires in these flame- and heat-resisting rubber light insulated structural bunker boots with lug sole.","og_url":"https:\/\/staging.safetysourcefire.ca\/fr_ca\/produit\/hellfire-felt-rubber-boot\/","og_site_name":"Safety Source Fire","article_publisher":"https:\/\/www.facebook.com\/mmfssca","article_modified_time":"2021-10-29T15:07:18+00:00","og_image":[{"width":600,"height":600,"url":"https:\/\/staging.safetysourcefire.ca\/wp-content\/uploads\/2021\/04\/Hellfire_double.jpg","type":"image\/jpeg"}],"twitter_card":"summary_large_image","twitter_site":"@mmfssca","twitter_misc":{"Estimation du temps de lecture":"1 minute"},"schema":{"@context":"https:\/\/schema.org","@graph":[{"@type":"WebPage","@id":"https:\/\/staging.safetysourcefire.ca\/product\/hellfire-felt-rubber-boot\/","url":"https:\/\/staging.safetysourcefire.ca\/product\/hellfire-felt-rubber-boot\/","name":"Botte en caoutchouc feutre Hellfire\u2122 - Safety Source Fire","isPartOf":{"@id":"https:\/\/staging.safetysourcefire.ca\/#website"},"primaryImageOfPage":{"@id":"https:\/\/staging.safetysourcefire.ca\/product\/hellfire-felt-rubber-boot\/#primaryimage"},"image":{"@id":"https:\/\/staging.safetysourcefire.ca\/product\/hellfire-felt-rubber-boot\/#primaryimage"},"thumbnailUrl":"https:\/\/staging.safetysourcefire.ca\/wp-content\/uploads\/2021\/04\/Hellfire_double.jpg","datePublished":"2021-04-21T17:57:19+00:00","dateModified":"2021-10-29T15:07:18+00:00","breadcrumb":{"@id":"https:\/\/staging.safetysourcefire.ca\/product\/hellfire-felt-rubber-boot\/#breadcrumb"},"inLanguage":"fr-CA","potentialAction":[{"@type":"ReadAction","target":["https:\/\/staging.safetysourcefire.ca\/product\/hellfire-felt-rubber-boot\/"]}]},{"@type":"ImageObject","inLanguage":"fr-CA","@id":"https:\/\/staging.safetysourcefire.ca\/product\/hellfire-felt-rubber-boot\/#primaryimage","url":"https:\/\/staging.safetysourcefire.ca\/wp-content\/uploads\/2021\/04\/Hellfire_double.jpg","contentUrl":"https:\/\/staging.safetysourcefire.ca\/wp-content\/uploads\/2021\/04\/Hellfire_double.jpg","width":600,"height":600,"caption":"hellfire boots"},{"@type":"BreadcrumbList","@id":"https:\/\/staging.safetysourcefire.ca\/product\/hellfire-felt-rubber-boot\/#breadcrumb","itemListElement":[{"@type":"ListItem","position":1,"name":"Home","item":"https:\/\/staging.safetysourcefire.ca\/"},{"@type":"ListItem","position":2,"name":"Products","item":"https:\/\/staging.safetysourcefire.ca\/shop\/"},{"@type":"ListItem","position":3,"name":"Hellfire\u2122 Felt Rubber Boot"}]},{"@type":"WebSite","@id":"https:\/\/staging.safetysourcefire.ca\/#website","url":"https:\/\/staging.safetysourcefire.ca\/","name":"Safety Source Fire","description":"","publisher":{"@id":"https:\/\/staging.safetysourcefire.ca\/#organization"},"potentialAction":[{"@type":"SearchAction","target":{"@type":"EntryPoint","urlTemplate":"https:\/\/staging.safetysourcefire.ca\/?s={search_term_string}"},"query-input":{"@type":"PropertyValueSpecification","valueRequired":true,"valueName":"search_term_string"}}],"inLanguage":"fr-CA"},{"@type":"Organization","@id":"https:\/\/staging.safetysourcefire.ca\/#organization","name":"Safety Source Fire","url":"https:\/\/staging.safetysourcefire.ca\/","logo":{"@type":"ImageObject","inLanguage":"fr-CA","@id":"https:\/\/staging.safetysourcefire.ca\/#\/schema\/logo\/image\/","url":"https:\/\/staging.safetysourcefire.ca\/wp-content\/uploads\/2021\/01\/SSF_logo_CC0000-3.png","contentUrl":"https:\/\/staging.safetysourcefire.ca\/wp-content\/uploads\/2021\/01\/SSF_logo_CC0000-3.png","width":1107,"height":365,"caption":"Safety Source Fire"},"image":{"@id":"https:\/\/staging.safetysourcefire.ca\/#\/schema\/logo\/image\/"},"sameAs":["https:\/\/www.facebook.com\/mmfssca","https:\/\/x.com\/mmfssca"]}]}},"_links":{"self":[{"href":"https:\/\/staging.safetysourcefire.ca\/fr_ca\/wp-json\/wp\/v2\/product\/25245","targetHints":{"allow":["GET"]}}],"collection":[{"href":"https:\/\/staging.safetysourcefire.ca\/fr_ca\/wp-json\/wp\/v2\/product"}],"about":[{"href":"https:\/\/staging.safetysourcefire.ca\/fr_ca\/wp-json\/wp\/v2\/types\/product"}],"wp:featuredmedia":[{"embeddable":true,"href":"https:\/\/staging.safetysourcefire.ca\/fr_ca\/wp-json\/wp\/v2\/media\/25265"}],"wp:attachment":[{"href":"https:\/\/staging.safetysourcefire.ca\/fr_ca\/wp-json\/wp\/v2\/media?parent=25245"}],"wp:term":[{"taxonomy":"product_brand","embeddable":true,"href":"https:\/\/staging.safetysourcefire.ca\/fr_ca\/wp-json\/wp\/v2\/product_brand?post=25245"},{"taxonomy":"product_cat","embeddable":true,"href":"https:\/\/staging.safetysourcefire.ca\/fr_ca\/wp-json\/wp\/v2\/product_cat?post=25245"},{"taxonomy":"product_tag","embeddable":true,"href":"https:\/\/staging.safetysourcefire.ca\/fr_ca\/wp-json\/wp\/v2\/product_tag?post=25245"}],"curies":[{"name":"wp","href":"https:\/\/api.w.org\/{rel}","templated":true}]}}