{"id":25151,"date":"2021-04-16T16:17:47","date_gmt":"2021-04-16T16:17:47","guid":{"rendered":"https:\/\/safetysourcefire.ca\/?post_type=product&#038;p=25151"},"modified":"2021-04-16T16:17:47","modified_gmt":"2021-04-16T16:17:47","slug":"ultra-compact-usb-rechargeable-high-performance-hands-free-light","status":"publish","type":"product","link":"https:\/\/staging.safetysourcefire.ca\/fr_ca\/produit\/ultra-compact-usb-rechargeable-high-performance-hands-free-light\/","title":{"rendered":"Lampe \u00abPocket Mate\u00bb - haute performance, ultra-compacte et rechargeable par USB"},"content":{"rendered":"<p>Gr\u00e2ce \u00e0 sa conception ultra-compacte, vous pouvez toujours transporter avec vous. Plus besoin de jongler avec vos affaires, attachez-la simplement \u00e0 une fermeture \u00e9clair ou gardez-la \u00e0 port\u00e9e de main sur votre porte-cl\u00e9s. Glissez-la dans votre poche ou encore attachez-la \u00e0 votre visi\u00e8re pour une utilisation mains libres!<\/p>\n<ul>\n<li>Comprend une LED blanche brillante avec des modes \u00e9lev\u00e9s et faibles\n<ul>\n<li>\u00c9lev\u00e9 : 325 lumens ; Faisceau de 76m ; fonctionne 20 minutes<\/li>\n<li>Faible : 45 lumens ; faisceau 28m; fonctionne 1 heure<\/li>\n<\/ul>\n<\/li>\n<li>\u00c9clairage optimal de la zone<\/li>\n<li>Batterie au lithium polym\u00e8re se chargeant en 4 heures<\/li>\n<li>Se charge facilement via une source d&#039;alimentation USB<\/li>\n<li>Interrupteur \u00e0 bouton-poussoir multifonction avec indicateur LED du chargeur : Rouge = charge ; Vert = charg\u00e9<\/li>\n<li>L'attache \u00e0 ressort en forme de mousqueton lui permet de s'accrocher facilement aux porte-cl\u00e9s, aux fermetures \u00e0 glissi\u00e8re, aux cordons, etc.<\/li>\n<li>Cadre en polycarbonate r\u00e9sistant aux chocs et en aluminium usin\u00e9<\/li>\n<li>Lentille en polycarbonate incassable<\/li>\n<li>IPX4 r\u00e9sistant aux intemp\u00e9ries\u00a0; R\u00e9sistance aux chocs de 1 m test\u00e9e<\/li>\n<li>Personnalisable - ajoutez-y votre logo pour des cadeaux d'entreprise, des r\u00e9compenses ou du mat\u00e9riel promotionnel<\/li>\n<li>Comprend un cordon micro-USB de 5&quot;<\/li>\n<li>2,0&quot; (5,1 cm)\u00a0; 0,5 oz (14,2 g)<\/li>\n<li>Garantie de deux ans<\/li>\n<\/ul>\n<p>SP\u00c9CIFICATIONS DU PRODUIT<br \/>\nLumens \u00e9lev\u00e9s : 45 \u2013 325<br \/>\nDur\u00e9e de fonctionnement \u00e0 haute intensit\u00e9\u00a0: 0,33\u00a0heures<br \/>\nDur\u00e9e de fonctionnement \u00e0 faible intensit\u00e9: 1,00\u00a0heure<br \/>\nDistance du faisceau : 76 m\u00e8tres<br \/>\nCand\u00e9la maximum : 200 \u2013 1 450<br \/>\nType de batterie\u00a0: cellule au lithium-polym\u00e8re<br \/>\nQuantit\u00e9 de batterie: 1<br \/>\nLongueur : 2,00 pouces (5,08 centim\u00e8tres)<br \/>\nPoids : 0,50 once (14,17 grammes)<br \/>\nCouleurs : rouge, argent, rose, bleu<\/p>","protected":false},"excerpt":{"rendered":"<p>Les lampes Pocket Mate sont rechargeables par USB. Ellse sont petites tailles, mais de grande puissance !  325 lumens. <\/p>","protected":false},"featured_media":25152,"template":"","meta":[],"product_brand":[144],"product_cat":[48,81],"product_tag":[350],"class_list":{"0":"post-25151","1":"product","2":"type-product","3":"status-publish","4":"has-post-thumbnail","6":"product_brand-streamlight","7":"product_cat-lighting","8":"product_cat-personal-lighting","9":"product_tag-streamlight","11":"first","12":"instock","13":"shipping-taxable","14":"product-type-simple"},"yoast_head":"<!-- This site is optimized with the Yoast SEO plugin v27.4 - https:\/\/yoast.com\/product\/yoast-seo-wordpress\/ -->\n<title>Ultra-Compact, USB Rechargeable High-Performance Hands-Free Light - Safety Source Fire<\/title>\n<meta name=\"robots\" content=\"noindex, follow, max-snippet:-1, max-image-preview:large, max-video-preview:-1\" \/>\n<meta property=\"og:locale\" content=\"fr_CA\" \/>\n<meta property=\"og:type\" content=\"article\" \/>\n<meta property=\"og:title\" content=\"Ultra-Compact, USB Rechargeable High-Performance Hands-Free Light - Safety Source Fire\" \/>\n<meta property=\"og:description\" content=\"The USB rechargeable Pocket Mate is small in size but big on power - producing 325 lumens.\" \/>\n<meta property=\"og:url\" content=\"https:\/\/staging.safetysourcefire.ca\/fr_ca\/produit\/ultra-compact-usb-rechargeable-high-performance-hands-free-light\/\" \/>\n<meta property=\"og:site_name\" content=\"Safety Source Fire\" \/>\n<meta property=\"article:publisher\" content=\"https:\/\/www.facebook.com\/mmfssca\" \/>\n<meta property=\"og:image\" content=\"https:\/\/staging.safetysourcefire.ca\/wp-content\/uploads\/2021\/04\/pocketmateusb_01.jpg\" \/>\n\t<meta property=\"og:image:width\" content=\"600\" \/>\n\t<meta property=\"og:image:height\" content=\"600\" \/>\n\t<meta property=\"og:image:type\" content=\"image\/jpeg\" \/>\n<meta name=\"twitter:card\" content=\"summary_large_image\" \/>\n<meta name=\"twitter:site\" content=\"@mmfssca\" \/>\n<meta name=\"twitter:label1\" content=\"Estimation du temps de lecture\" \/>\n\t<meta name=\"twitter:data1\" content=\"1 minute\" \/>\n<script type=\"application\/ld+json\" class=\"yoast-schema-graph\">{\"@context\":\"https:\\\/\\\/schema.org\",\"@graph\":[{\"@type\":\"WebPage\",\"@id\":\"https:\\\/\\\/staging.safetysourcefire.ca\\\/product\\\/ultra-compact-usb-rechargeable-high-performance-hands-free-light\\\/\",\"url\":\"https:\\\/\\\/staging.safetysourcefire.ca\\\/product\\\/ultra-compact-usb-rechargeable-high-performance-hands-free-light\\\/\",\"name\":\"Ultra-Compact, USB Rechargeable High-Performance Hands-Free Light - Safety Source Fire\",\"isPartOf\":{\"@id\":\"https:\\\/\\\/staging.safetysourcefire.ca\\\/#website\"},\"primaryImageOfPage\":{\"@id\":\"https:\\\/\\\/staging.safetysourcefire.ca\\\/product\\\/ultra-compact-usb-rechargeable-high-performance-hands-free-light\\\/#primaryimage\"},\"image\":{\"@id\":\"https:\\\/\\\/staging.safetysourcefire.ca\\\/product\\\/ultra-compact-usb-rechargeable-high-performance-hands-free-light\\\/#primaryimage\"},\"thumbnailUrl\":\"https:\\\/\\\/staging.safetysourcefire.ca\\\/wp-content\\\/uploads\\\/2021\\\/04\\\/pocketmateusb_01.jpg\",\"datePublished\":\"2021-04-16T16:17:47+00:00\",\"breadcrumb\":{\"@id\":\"https:\\\/\\\/staging.safetysourcefire.ca\\\/product\\\/ultra-compact-usb-rechargeable-high-performance-hands-free-light\\\/#breadcrumb\"},\"inLanguage\":\"fr-CA\",\"potentialAction\":[{\"@type\":\"ReadAction\",\"target\":[\"https:\\\/\\\/staging.safetysourcefire.ca\\\/product\\\/ultra-compact-usb-rechargeable-high-performance-hands-free-light\\\/\"]}]},{\"@type\":\"ImageObject\",\"inLanguage\":\"fr-CA\",\"@id\":\"https:\\\/\\\/staging.safetysourcefire.ca\\\/product\\\/ultra-compact-usb-rechargeable-high-performance-hands-free-light\\\/#primaryimage\",\"url\":\"https:\\\/\\\/staging.safetysourcefire.ca\\\/wp-content\\\/uploads\\\/2021\\\/04\\\/pocketmateusb_01.jpg\",\"contentUrl\":\"https:\\\/\\\/staging.safetysourcefire.ca\\\/wp-content\\\/uploads\\\/2021\\\/04\\\/pocketmateusb_01.jpg\",\"width\":600,\"height\":600,\"caption\":\"usb microlight\"},{\"@type\":\"BreadcrumbList\",\"@id\":\"https:\\\/\\\/staging.safetysourcefire.ca\\\/product\\\/ultra-compact-usb-rechargeable-high-performance-hands-free-light\\\/#breadcrumb\",\"itemListElement\":[{\"@type\":\"ListItem\",\"position\":1,\"name\":\"Home\",\"item\":\"https:\\\/\\\/staging.safetysourcefire.ca\\\/\"},{\"@type\":\"ListItem\",\"position\":2,\"name\":\"Products\",\"item\":\"https:\\\/\\\/staging.safetysourcefire.ca\\\/shop\\\/\"},{\"@type\":\"ListItem\",\"position\":3,\"name\":\"Ultra-Compact, USB Rechargeable High-Performance Hands-Free Light\"}]},{\"@type\":\"WebSite\",\"@id\":\"https:\\\/\\\/staging.safetysourcefire.ca\\\/#website\",\"url\":\"https:\\\/\\\/staging.safetysourcefire.ca\\\/\",\"name\":\"Safety Source Fire\",\"description\":\"\",\"publisher\":{\"@id\":\"https:\\\/\\\/staging.safetysourcefire.ca\\\/#organization\"},\"potentialAction\":[{\"@type\":\"SearchAction\",\"target\":{\"@type\":\"EntryPoint\",\"urlTemplate\":\"https:\\\/\\\/staging.safetysourcefire.ca\\\/?s={search_term_string}\"},\"query-input\":{\"@type\":\"PropertyValueSpecification\",\"valueRequired\":true,\"valueName\":\"search_term_string\"}}],\"inLanguage\":\"fr-CA\"},{\"@type\":\"Organization\",\"@id\":\"https:\\\/\\\/staging.safetysourcefire.ca\\\/#organization\",\"name\":\"Safety Source Fire\",\"url\":\"https:\\\/\\\/staging.safetysourcefire.ca\\\/\",\"logo\":{\"@type\":\"ImageObject\",\"inLanguage\":\"fr-CA\",\"@id\":\"https:\\\/\\\/staging.safetysourcefire.ca\\\/#\\\/schema\\\/logo\\\/image\\\/\",\"url\":\"https:\\\/\\\/staging.safetysourcefire.ca\\\/wp-content\\\/uploads\\\/2021\\\/01\\\/SSF_logo_CC0000-3.png\",\"contentUrl\":\"https:\\\/\\\/staging.safetysourcefire.ca\\\/wp-content\\\/uploads\\\/2021\\\/01\\\/SSF_logo_CC0000-3.png\",\"width\":1107,\"height\":365,\"caption\":\"Safety Source Fire\"},\"image\":{\"@id\":\"https:\\\/\\\/staging.safetysourcefire.ca\\\/#\\\/schema\\\/logo\\\/image\\\/\"},\"sameAs\":[\"https:\\\/\\\/www.facebook.com\\\/mmfssca\",\"https:\\\/\\\/x.com\\\/mmfssca\"]}]}<\/script>\n<!-- \/ Yoast SEO plugin. -->","yoast_head_json":{"title":"Ultra-Compact, USB Rechargeable High-Performance Hands-Free Light - Safety Source Fire","robots":{"index":"noindex","follow":"follow","max-snippet":"max-snippet:-1","max-image-preview":"max-image-preview:large","max-video-preview":"max-video-preview:-1"},"og_locale":"fr_CA","og_type":"article","og_title":"Ultra-Compact, USB Rechargeable High-Performance Hands-Free Light - Safety Source Fire","og_description":"The USB rechargeable Pocket Mate is small in size but big on power - producing 325 lumens.","og_url":"https:\/\/staging.safetysourcefire.ca\/fr_ca\/produit\/ultra-compact-usb-rechargeable-high-performance-hands-free-light\/","og_site_name":"Safety Source Fire","article_publisher":"https:\/\/www.facebook.com\/mmfssca","og_image":[{"width":600,"height":600,"url":"https:\/\/staging.safetysourcefire.ca\/wp-content\/uploads\/2021\/04\/pocketmateusb_01.jpg","type":"image\/jpeg"}],"twitter_card":"summary_large_image","twitter_site":"@mmfssca","twitter_misc":{"Estimation du temps de lecture":"1 minute"},"schema":{"@context":"https:\/\/schema.org","@graph":[{"@type":"WebPage","@id":"https:\/\/staging.safetysourcefire.ca\/product\/ultra-compact-usb-rechargeable-high-performance-hands-free-light\/","url":"https:\/\/staging.safetysourcefire.ca\/product\/ultra-compact-usb-rechargeable-high-performance-hands-free-light\/","name":"Ultra-Compact, USB Rechargeable High-Performance Hands-Free Light - Safety Source Fire","isPartOf":{"@id":"https:\/\/staging.safetysourcefire.ca\/#website"},"primaryImageOfPage":{"@id":"https:\/\/staging.safetysourcefire.ca\/product\/ultra-compact-usb-rechargeable-high-performance-hands-free-light\/#primaryimage"},"image":{"@id":"https:\/\/staging.safetysourcefire.ca\/product\/ultra-compact-usb-rechargeable-high-performance-hands-free-light\/#primaryimage"},"thumbnailUrl":"https:\/\/staging.safetysourcefire.ca\/wp-content\/uploads\/2021\/04\/pocketmateusb_01.jpg","datePublished":"2021-04-16T16:17:47+00:00","breadcrumb":{"@id":"https:\/\/staging.safetysourcefire.ca\/product\/ultra-compact-usb-rechargeable-high-performance-hands-free-light\/#breadcrumb"},"inLanguage":"fr-CA","potentialAction":[{"@type":"ReadAction","target":["https:\/\/staging.safetysourcefire.ca\/product\/ultra-compact-usb-rechargeable-high-performance-hands-free-light\/"]}]},{"@type":"ImageObject","inLanguage":"fr-CA","@id":"https:\/\/staging.safetysourcefire.ca\/product\/ultra-compact-usb-rechargeable-high-performance-hands-free-light\/#primaryimage","url":"https:\/\/staging.safetysourcefire.ca\/wp-content\/uploads\/2021\/04\/pocketmateusb_01.jpg","contentUrl":"https:\/\/staging.safetysourcefire.ca\/wp-content\/uploads\/2021\/04\/pocketmateusb_01.jpg","width":600,"height":600,"caption":"usb microlight"},{"@type":"BreadcrumbList","@id":"https:\/\/staging.safetysourcefire.ca\/product\/ultra-compact-usb-rechargeable-high-performance-hands-free-light\/#breadcrumb","itemListElement":[{"@type":"ListItem","position":1,"name":"Home","item":"https:\/\/staging.safetysourcefire.ca\/"},{"@type":"ListItem","position":2,"name":"Products","item":"https:\/\/staging.safetysourcefire.ca\/shop\/"},{"@type":"ListItem","position":3,"name":"Ultra-Compact, USB Rechargeable High-Performance Hands-Free Light"}]},{"@type":"WebSite","@id":"https:\/\/staging.safetysourcefire.ca\/#website","url":"https:\/\/staging.safetysourcefire.ca\/","name":"Safety Source Fire","description":"","publisher":{"@id":"https:\/\/staging.safetysourcefire.ca\/#organization"},"potentialAction":[{"@type":"SearchAction","target":{"@type":"EntryPoint","urlTemplate":"https:\/\/staging.safetysourcefire.ca\/?s={search_term_string}"},"query-input":{"@type":"PropertyValueSpecification","valueRequired":true,"valueName":"search_term_string"}}],"inLanguage":"fr-CA"},{"@type":"Organization","@id":"https:\/\/staging.safetysourcefire.ca\/#organization","name":"Safety Source Fire","url":"https:\/\/staging.safetysourcefire.ca\/","logo":{"@type":"ImageObject","inLanguage":"fr-CA","@id":"https:\/\/staging.safetysourcefire.ca\/#\/schema\/logo\/image\/","url":"https:\/\/staging.safetysourcefire.ca\/wp-content\/uploads\/2021\/01\/SSF_logo_CC0000-3.png","contentUrl":"https:\/\/staging.safetysourcefire.ca\/wp-content\/uploads\/2021\/01\/SSF_logo_CC0000-3.png","width":1107,"height":365,"caption":"Safety Source Fire"},"image":{"@id":"https:\/\/staging.safetysourcefire.ca\/#\/schema\/logo\/image\/"},"sameAs":["https:\/\/www.facebook.com\/mmfssca","https:\/\/x.com\/mmfssca"]}]}},"_links":{"self":[{"href":"https:\/\/staging.safetysourcefire.ca\/fr_ca\/wp-json\/wp\/v2\/product\/25151","targetHints":{"allow":["GET"]}}],"collection":[{"href":"https:\/\/staging.safetysourcefire.ca\/fr_ca\/wp-json\/wp\/v2\/product"}],"about":[{"href":"https:\/\/staging.safetysourcefire.ca\/fr_ca\/wp-json\/wp\/v2\/types\/product"}],"wp:featuredmedia":[{"embeddable":true,"href":"https:\/\/staging.safetysourcefire.ca\/fr_ca\/wp-json\/wp\/v2\/media\/25152"}],"wp:attachment":[{"href":"https:\/\/staging.safetysourcefire.ca\/fr_ca\/wp-json\/wp\/v2\/media?parent=25151"}],"wp:term":[{"taxonomy":"product_brand","embeddable":true,"href":"https:\/\/staging.safetysourcefire.ca\/fr_ca\/wp-json\/wp\/v2\/product_brand?post=25151"},{"taxonomy":"product_cat","embeddable":true,"href":"https:\/\/staging.safetysourcefire.ca\/fr_ca\/wp-json\/wp\/v2\/product_cat?post=25151"},{"taxonomy":"product_tag","embeddable":true,"href":"https:\/\/staging.safetysourcefire.ca\/fr_ca\/wp-json\/wp\/v2\/product_tag?post=25151"}],"curies":[{"name":"wp","href":"https:\/\/api.w.org\/{rel}","templated":true}]}}