{"id":25131,"date":"2021-04-14T21:09:10","date_gmt":"2021-04-14T21:09:10","guid":{"rendered":"https:\/\/safetysourcefire.ca\/?post_type=product&#038;p=25131"},"modified":"2024-08-16T12:59:41","modified_gmt":"2024-08-16T12:59:41","slug":"black-eagle-safety-52-mid-2","status":"publish","type":"product","link":"https:\/\/staging.safetysourcefire.ca\/fr_ca\/produit\/black-eagle-safety-52-mid-2\/","title":{"rendered":"Botte mi-haute Black Eagle Safety 52"},"content":{"rendered":"<p><strong>Quand vous voulez une botte sur laquelle vous pouvez compter, <\/strong><strong>Trust Black Eagle Safety 52 Mid<\/strong><br \/>\nHAIX\u00ae sait \u00e0 quel point vous travaillez dur. R\u00e9compensez vos pieds avec les bottes de travail l\u00e9g\u00e8res Black Eagle Safety 52 Mid. Cette botte mi-longue contre les risques d&#039;\u00e9lectricit\u00e9 se porte comme une chaussure confortable tout en prot\u00e9geant vos pieds comme un bouclier d&#039;armure. Les femmes comme les hommes trouveront leur taille parfaite. Les bottes de travail en cuir Black Eagle sont antid\u00e9rapantes, quelle que soit la surface sur laquelle vous marchez. Avec une hauteur de 5,5 pouces et un cuir noir assorti \u00e0 tout, ces chaussures sont s\u00fbres d&#039;\u00eatre un gagnant.<br \/>\nComme les chaussures de s\u00e9curit\u00e9 les plus l\u00e9g\u00e8res produites par HAIX\u00ae, cette chaussure, qui fonctionne comme une botte, vous gardera en s\u00e9curit\u00e9, m\u00eame lorsque vous travaillez \u00e0 proximit\u00e9 de risques \u00e9lectriques. Les tailles commencent \u00e0 4,5 et vont jusqu&#039;\u00e0 15 ; les femmes seront ravies d&#039;avoir une chaussure de s\u00e9curit\u00e9 qui leur offre des pointures plus petites tandis que les hommes aux grands pieds n&#039;ont plus besoin de se sentir entass\u00e9s dans des bottes trop petites. Essayez le Black Eagle et regardez vos r\u00e9sultats monter en fl\u00e8che.<\/p>\n<p><strong>Mat\u00e9riaux sup\u00e9rieurs utilis\u00e9s dans la construction<\/strong><br \/>\nFabriqu\u00e9 avec du cuir lisse et imperm\u00e9able \u00e0 l&#039;ext\u00e9rieur, le cuir HAIX\u00ae Sun Reflect aide \u00e0 garder vos chaussures belles et au frais. Le cuir trait\u00e9 avec protection solaire garantit \u00e0 vos pieds un climat frais et confortable, m\u00eame \u00e0 l&#039;int\u00e9rieur. Profitez des chaussures de s\u00e9curit\u00e9 \u00e0 embout en composite de carbone certifi\u00e9es ASTM\u00a0; vos orteils vous remercieront s&#039;ils sont un jour pinc\u00e9s\u00a0! \u00c9galement class\u00e9 ASTM pour la r\u00e9sistance aux risques \u00e9lectriques dans sa construction sans m\u00e9tal.<br \/>\nLe syst\u00e8me climatique HAIX\u00ae est con\u00e7u pour ces bottes EMS afin de fournir une circulation d&#039;air suffisante pour \u00e9viter l&#039;humidit\u00e9 et la transpiration inconfortables. Aide \u00e0 maintenir l&#039;\u00e9quilibre naturel de la temp\u00e9rature dans vos chaussures, ce qui est particuli\u00e8rement important lorsque vous devez passer de longues journ\u00e9es debout. Un compartiment de rangement \u00e0 l&#039;avant de la botte garde les lacets cach\u00e9s et hors de vue. Une tirette arri\u00e8re intelligente en haut du talon vous aide \u00e0 enfiler ces chaussures lorsque vous devez aller vite.<\/p>\n<p><strong>Semelle int\u00e9rieure et doublure Black Eagle HAIX\u00ae<\/strong><br \/>\nLes bottes de s\u00e9curit\u00e9 HAIX\u00ae Black Eagle sont con\u00e7ues pour amortir et soutenir vos pieds tout en vous offrant une semelle int\u00e9rieure antibact\u00e9rienne amovible et lavable qui est rembourr\u00e9e et repousse l'humidit\u00e9. La doublure int\u00e9rieure sp\u00e9ciale CROSSTECH\u00ae est r\u00e9sistante aux agents pathog\u00e8nes transmissibles par le sang et aux produits chimiques. CROSSTECH\u00ae a cr\u00e9\u00e9 une doublure isolante qui est \u00e9galement imperm\u00e9able et respirante pour un maximum de confort. Ce mat\u00e9riel \u00e9vacue l'humidit\u00e9 pour vous garder au sec dans toutes les conditions. Le HAIX Secura Liner\u00ae est sp\u00e9cialement con\u00e7u pour ne jamais se froisser ou se retirer des chaussures par inadvertance.<\/p>\n<p>\u00c0 l&#039;int\u00e9rieur, le support de vo\u00fbte plantaire int\u00e9gr\u00e9 des bottes de travail mi-l\u00e9g\u00e8res Black Eagle Safety 52 \u00e9pouse vos talons et soutient vos vo\u00fbtes plantaires pour \u00e9viter la fatigue debout. Le support de pronation au milieu et \u00e0 la semelle int\u00e9rieure emp\u00eache vos chevilles de rouler ou de se tordre loin de vous.<\/p>\n<p><strong>La semelle de HAIX\u00ae<\/strong><br \/>\nLa protection anti-crevaison sans m\u00e9tal est une partie standard des chaussures de s\u00e9curit\u00e9 \u00e0 embout composite HAIX\u00ae Black Eagle. Con\u00e7ue pour ne pas marquer, la semelle ext\u00e9rieure vous offre une adh\u00e9rence et un soutien par tous les temps, du talon aux orteils. Notez le motif en forme de dent sur le caoutchouc ext\u00e9rieur, con\u00e7u pour une adh\u00e9rence sans attraper et retenir de petites roches et autres d\u00e9bris. Une semelle ext\u00e9rieure en caoutchouc\/pu r\u00e9sistant \u00e0 l&#039;huile, au carburant et au d\u00e9rapage vous permet de rester sur vos gardes toute la journ\u00e9e. La semelle de la botte de s\u00e9curit\u00e9 Black Eagle peut \u00e9galement \u00eatre rechap\u00e9e, vous offrant ainsi de nombreuses ann\u00e9es de vie de la chaussure.<\/p>\n<p><strong>Certifications<\/strong><br \/>\nAvec ses certifications, HAIX\u00ae tient sa promesse de fournir des chaussures haut de gamme pour tous les hommes et femmes qui travaillent dur.<br \/>\nASTM F 2413-2011 - norme internationale sur les bottes de s\u00e9curit\u00e9 de l'ASTM.<br \/>\nCAN\/CSA-Z195-2014 \u2013 normes CSA et canadiennes pour les bottes de s\u00e9curit\u00e9 et de travail.<\/p>\n<p>Con\u00e7u en Allemagne<br \/>\nChaussure de s\u00e9curit\u00e9 la plus l\u00e9g\u00e8re de notre collection<br \/>\nLe cuir HAIX\u00ae Sun Reflect garde les pieds au frais, m\u00eame en plein soleil<br \/>\nProtection des orteils en composite de carbone<br \/>\nSemelle interm\u00e9diaire r\u00e9sistante aux perforations (sans m\u00e9tal)<br \/>\nDoublure int\u00e9rieure CROSSTECH\u00ae, imperm\u00e9able, respirante, r\u00e9sistante aux bact\u00e9ries, aux produits chimiques et aux agents pathog\u00e8nes transmissibles par le sang<br \/>\nBottes de travail class\u00e9es contre les risques \u00e9lectriques (EH)<br \/>\nSemelle int\u00e9rieure antibact\u00e9rienne, anti-humidit\u00e9 et coussin\u00e9e avec canaux \u00ab\u00a0AIRFLOW\u00a0\u00bb<br \/>\nPrise en charge de la pronation<br \/>\nCompl\u00e8tement sans m\u00e9tal<br \/>\nSemelle antid\u00e9rapante durable offrant un meilleur contr\u00f4le du talon aux orteils dans toutes les conditions m\u00e9t\u00e9orologiques. R\u00e9sistant \u00e0 la chaleur, \u00e0 l'huile et \u00e0 l'essence. Non marquant<br \/>\nLes chaussures hors garantie peuvent \u00eatre remises \u00e0 neuf avec des pi\u00e8ces d'origine usin\u00e9es gr\u00e2ce au forfait d'usure prolong\u00e9e. Ce forfait comprend tout remplacement ou r\u00e9paration n\u00e9cessaire des coutures, des embouts en caoutchouc profil\u00e9s, des semelles int\u00e9rieures et du rechapage des semelles. Les chaussures seront nettoy\u00e9es et d\u00e9sodoris\u00e9es. Les propri\u00e9taires de chaussures HAIX ont \u00e9galement le choix entre un rechapage de semelle (unique) ou un remplacement d'embout (unique).<\/p>\n<p>&nbsp;<\/p>\n<table class=\"product--properties-table\">\n<tbody>\n<tr class=\"product--properties-row\">\n<td class=\"product--properties-label is--bold\">Type de produit<\/td>\n<td class=\"product--properties-value\">Factory firsts<\/td>\n<\/tr>\n<tr class=\"product--properties-row\">\n<td class=\"product--properties-label is--bold\">Genre<\/td>\n<td class=\"product--properties-value\">Homme<\/td>\n<\/tr>\n<tr class=\"product--properties-row\">\n<td class=\"product--properties-label is--bold\">Attestation<\/td>\n<td class=\"product--properties-value\">ASTM F 2413, CAN\/CSA-Z195<\/td>\n<\/tr>\n<tr class=\"product--properties-row\">\n<td class=\"product--properties-label is--bold\">Les technologies<\/td>\n<td class=\"product--properties-value\">Embout composite, capuchon protecteur en caoutchouc ou en TPU, absorption, climat, antid\u00e9rapant, class\u00e9 UL Canada, r\u00e9sistance aux risques \u00e9lectriques<\/td>\n<\/tr>\n<tr class=\"product--properties-row\">\n<td class=\"product--properties-label is--bold\">\u00c9tanche<\/td>\n<td class=\"product--properties-value\">Oui<\/td>\n<\/tr>\n<tr class=\"product--properties-row\">\n<td class=\"product--properties-label is--bold\">Mat\u00e9riau sup\u00e9rieur<\/td>\n<td class=\"product--properties-value\">Cuir souple<\/td>\n<\/tr>\n<tr class=\"product--properties-row\">\n<td class=\"product--properties-label is--bold\">Doublure int\u00e9rieure<\/td>\n<td class=\"product--properties-value\">CROSSTECH\u00ae<\/td>\n<\/tr>\n<tr class=\"product--properties-row\">\n<td class=\"product--properties-label is--bold\">Unique<\/td>\n<td class=\"product--properties-value\">Semelle BLACK EAGLE\u00ae SAFETY 01<\/td>\n<\/tr>\n<tr class=\"product--properties-row\">\n<td class=\"product--properties-label is--bold\">Attache<\/td>\n<td class=\"product--properties-value\">Lacer<\/td>\n<\/tr>\n<tr class=\"product--properties-row\">\n<td class=\"product--properties-label is--bold\">Embout de s\u00e9curit\u00e9<\/td>\n<td class=\"product--properties-value\">Bout composite<\/td>\n<\/tr>\n<tr class=\"product--properties-row\">\n<td class=\"product--properties-label is--bold\">Hauteur de d\u00e9marrage en pouces<\/td>\n<td class=\"product--properties-value\">5 1\/2 pouces<\/td>\n<\/tr>\n<tr class=\"product--properties-row\">\n<td class=\"product--properties-label is--bold\">Couleur<\/td>\n<td class=\"product--properties-value\">Noir<\/td>\n<\/tr>\n<\/tbody>\n<\/table>","protected":false},"excerpt":{"rendered":"<p>Performance athl\u00e9tique avec protection suppl\u00e9mentaire pour les orteils<\/p>\n<p><strong>Prix de liquidation: $200<br \/>\n<\/strong><em>Jusqu&#039;\u00e0 \u00e9puisement des stocks. Veuillez noter : les ventes d&#039;articles en liquidation sont d\u00e9finitives ; aucun \u00e9change ni retour.<\/em><strong><br \/>\n<\/strong><\/p>\n<p>Tailles et quantit\u00e9s limit\u00e9es disponibles : 9 (1), 12,5 (1)<\/p>","protected":false},"featured_media":25130,"template":"","meta":[],"product_brand":[243],"product_cat":[121,43,50],"product_tag":[304],"class_list":{"0":"post-25131","1":"product","2":"type-product","3":"status-publish","4":"has-post-thumbnail","6":"product_brand-haix","7":"product_cat-boots","8":"product_cat-clearance","9":"product_cat-personal-protective-equipment","10":"product_tag-haix","12":"first","13":"instock","14":"shipping-taxable","15":"product-type-simple"},"yoast_head":"<!-- This site is optimized with the Yoast SEO plugin v27.4 - https:\/\/yoast.com\/product\/yoast-seo-wordpress\/ -->\n<title>Black Eagle Safety 52 Mid - Safety Source Fire<\/title>\n<meta name=\"robots\" content=\"noindex, follow, max-snippet:-1, max-image-preview:large, max-video-preview:-1\" \/>\n<meta property=\"og:locale\" content=\"fr_CA\" \/>\n<meta property=\"og:type\" content=\"article\" \/>\n<meta property=\"og:title\" content=\"Black Eagle Safety 52 Mid - Safety Source Fire\" \/>\n<meta property=\"og:description\" content=\"Athletic performance with safety toe protection  Clearance Price: $200 While quantities last. Please note: Clearance item sales are final; no exchanges or returns.   Limited Sizes and Quantities Available: 9 (1), 12.5 (1)\" \/>\n<meta property=\"og:url\" content=\"https:\/\/staging.safetysourcefire.ca\/fr_ca\/produit\/black-eagle-safety-52-mid-2\/\" \/>\n<meta property=\"og:site_name\" content=\"Safety Source Fire\" \/>\n<meta property=\"article:publisher\" content=\"https:\/\/www.facebook.com\/mmfssca\" \/>\n<meta property=\"article:modified_time\" content=\"2024-08-16T12:59:41+00:00\" \/>\n<meta property=\"og:image\" content=\"https:\/\/staging.safetysourcefire.ca\/wp-content\/uploads\/2021\/04\/blackeagle_safety52_mid_620006-7_web.jpg\" \/>\n\t<meta property=\"og:image:width\" content=\"600\" \/>\n\t<meta property=\"og:image:height\" content=\"600\" \/>\n\t<meta property=\"og:image:type\" content=\"image\/jpeg\" \/>\n<meta name=\"twitter:card\" content=\"summary_large_image\" \/>\n<meta name=\"twitter:site\" content=\"@mmfssca\" \/>\n<meta name=\"twitter:label1\" content=\"Estimation du temps de lecture\" \/>\n\t<meta name=\"twitter:data1\" content=\"4 minutes\" \/>\n<script type=\"application\/ld+json\" class=\"yoast-schema-graph\">{\"@context\":\"https:\\\/\\\/schema.org\",\"@graph\":[{\"@type\":\"WebPage\",\"@id\":\"https:\\\/\\\/staging.safetysourcefire.ca\\\/product\\\/black-eagle-safety-52-mid-2\\\/\",\"url\":\"https:\\\/\\\/staging.safetysourcefire.ca\\\/product\\\/black-eagle-safety-52-mid-2\\\/\",\"name\":\"Black Eagle Safety 52 Mid - Safety Source Fire\",\"isPartOf\":{\"@id\":\"https:\\\/\\\/staging.safetysourcefire.ca\\\/#website\"},\"primaryImageOfPage\":{\"@id\":\"https:\\\/\\\/staging.safetysourcefire.ca\\\/product\\\/black-eagle-safety-52-mid-2\\\/#primaryimage\"},\"image\":{\"@id\":\"https:\\\/\\\/staging.safetysourcefire.ca\\\/product\\\/black-eagle-safety-52-mid-2\\\/#primaryimage\"},\"thumbnailUrl\":\"https:\\\/\\\/staging.safetysourcefire.ca\\\/wp-content\\\/uploads\\\/2021\\\/04\\\/blackeagle_safety52_mid_620006-7_web.jpg\",\"datePublished\":\"2021-04-14T21:09:10+00:00\",\"dateModified\":\"2024-08-16T12:59:41+00:00\",\"breadcrumb\":{\"@id\":\"https:\\\/\\\/staging.safetysourcefire.ca\\\/product\\\/black-eagle-safety-52-mid-2\\\/#breadcrumb\"},\"inLanguage\":\"fr-CA\",\"potentialAction\":[{\"@type\":\"ReadAction\",\"target\":[\"https:\\\/\\\/staging.safetysourcefire.ca\\\/product\\\/black-eagle-safety-52-mid-2\\\/\"]}]},{\"@type\":\"ImageObject\",\"inLanguage\":\"fr-CA\",\"@id\":\"https:\\\/\\\/staging.safetysourcefire.ca\\\/product\\\/black-eagle-safety-52-mid-2\\\/#primaryimage\",\"url\":\"https:\\\/\\\/staging.safetysourcefire.ca\\\/wp-content\\\/uploads\\\/2021\\\/04\\\/blackeagle_safety52_mid_620006-7_web.jpg\",\"contentUrl\":\"https:\\\/\\\/staging.safetysourcefire.ca\\\/wp-content\\\/uploads\\\/2021\\\/04\\\/blackeagle_safety52_mid_620006-7_web.jpg\",\"width\":600,\"height\":600,\"caption\":\"boot\"},{\"@type\":\"BreadcrumbList\",\"@id\":\"https:\\\/\\\/staging.safetysourcefire.ca\\\/product\\\/black-eagle-safety-52-mid-2\\\/#breadcrumb\",\"itemListElement\":[{\"@type\":\"ListItem\",\"position\":1,\"name\":\"Home\",\"item\":\"https:\\\/\\\/staging.safetysourcefire.ca\\\/\"},{\"@type\":\"ListItem\",\"position\":2,\"name\":\"Products\",\"item\":\"https:\\\/\\\/staging.safetysourcefire.ca\\\/shop\\\/\"},{\"@type\":\"ListItem\",\"position\":3,\"name\":\"Black Eagle Safety 52 Mid\"}]},{\"@type\":\"WebSite\",\"@id\":\"https:\\\/\\\/staging.safetysourcefire.ca\\\/#website\",\"url\":\"https:\\\/\\\/staging.safetysourcefire.ca\\\/\",\"name\":\"Safety Source Fire\",\"description\":\"\",\"publisher\":{\"@id\":\"https:\\\/\\\/staging.safetysourcefire.ca\\\/#organization\"},\"potentialAction\":[{\"@type\":\"SearchAction\",\"target\":{\"@type\":\"EntryPoint\",\"urlTemplate\":\"https:\\\/\\\/staging.safetysourcefire.ca\\\/?s={search_term_string}\"},\"query-input\":{\"@type\":\"PropertyValueSpecification\",\"valueRequired\":true,\"valueName\":\"search_term_string\"}}],\"inLanguage\":\"fr-CA\"},{\"@type\":\"Organization\",\"@id\":\"https:\\\/\\\/staging.safetysourcefire.ca\\\/#organization\",\"name\":\"Safety Source Fire\",\"url\":\"https:\\\/\\\/staging.safetysourcefire.ca\\\/\",\"logo\":{\"@type\":\"ImageObject\",\"inLanguage\":\"fr-CA\",\"@id\":\"https:\\\/\\\/staging.safetysourcefire.ca\\\/#\\\/schema\\\/logo\\\/image\\\/\",\"url\":\"https:\\\/\\\/staging.safetysourcefire.ca\\\/wp-content\\\/uploads\\\/2021\\\/01\\\/SSF_logo_CC0000-3.png\",\"contentUrl\":\"https:\\\/\\\/staging.safetysourcefire.ca\\\/wp-content\\\/uploads\\\/2021\\\/01\\\/SSF_logo_CC0000-3.png\",\"width\":1107,\"height\":365,\"caption\":\"Safety Source Fire\"},\"image\":{\"@id\":\"https:\\\/\\\/staging.safetysourcefire.ca\\\/#\\\/schema\\\/logo\\\/image\\\/\"},\"sameAs\":[\"https:\\\/\\\/www.facebook.com\\\/mmfssca\",\"https:\\\/\\\/x.com\\\/mmfssca\"]}]}<\/script>\n<!-- \/ Yoast SEO plugin. -->","yoast_head_json":{"title":"Black Eagle Safety 52 Mid - S\u00e9curit\u00e9 incendie","robots":{"index":"noindex","follow":"follow","max-snippet":"max-snippet:-1","max-image-preview":"max-image-preview:large","max-video-preview":"max-video-preview:-1"},"og_locale":"fr_CA","og_type":"article","og_title":"Black Eagle Safety 52 Mid - Safety Source Fire","og_description":"Athletic performance with safety toe protection  Clearance Price: $200 While quantities last. Please note: Clearance item sales are final; no exchanges or returns.   Limited Sizes and Quantities Available: 9 (1), 12.5 (1)","og_url":"https:\/\/staging.safetysourcefire.ca\/fr_ca\/produit\/black-eagle-safety-52-mid-2\/","og_site_name":"Safety Source Fire","article_publisher":"https:\/\/www.facebook.com\/mmfssca","article_modified_time":"2024-08-16T12:59:41+00:00","og_image":[{"width":600,"height":600,"url":"https:\/\/staging.safetysourcefire.ca\/wp-content\/uploads\/2021\/04\/blackeagle_safety52_mid_620006-7_web.jpg","type":"image\/jpeg"}],"twitter_card":"summary_large_image","twitter_site":"@mmfssca","twitter_misc":{"Estimation du temps de lecture":"4 minutes"},"schema":{"@context":"https:\/\/schema.org","@graph":[{"@type":"WebPage","@id":"https:\/\/staging.safetysourcefire.ca\/product\/black-eagle-safety-52-mid-2\/","url":"https:\/\/staging.safetysourcefire.ca\/product\/black-eagle-safety-52-mid-2\/","name":"Black Eagle Safety 52 Mid - S\u00e9curit\u00e9 incendie","isPartOf":{"@id":"https:\/\/staging.safetysourcefire.ca\/#website"},"primaryImageOfPage":{"@id":"https:\/\/staging.safetysourcefire.ca\/product\/black-eagle-safety-52-mid-2\/#primaryimage"},"image":{"@id":"https:\/\/staging.safetysourcefire.ca\/product\/black-eagle-safety-52-mid-2\/#primaryimage"},"thumbnailUrl":"https:\/\/staging.safetysourcefire.ca\/wp-content\/uploads\/2021\/04\/blackeagle_safety52_mid_620006-7_web.jpg","datePublished":"2021-04-14T21:09:10+00:00","dateModified":"2024-08-16T12:59:41+00:00","breadcrumb":{"@id":"https:\/\/staging.safetysourcefire.ca\/product\/black-eagle-safety-52-mid-2\/#breadcrumb"},"inLanguage":"fr-CA","potentialAction":[{"@type":"ReadAction","target":["https:\/\/staging.safetysourcefire.ca\/product\/black-eagle-safety-52-mid-2\/"]}]},{"@type":"ImageObject","inLanguage":"fr-CA","@id":"https:\/\/staging.safetysourcefire.ca\/product\/black-eagle-safety-52-mid-2\/#primaryimage","url":"https:\/\/staging.safetysourcefire.ca\/wp-content\/uploads\/2021\/04\/blackeagle_safety52_mid_620006-7_web.jpg","contentUrl":"https:\/\/staging.safetysourcefire.ca\/wp-content\/uploads\/2021\/04\/blackeagle_safety52_mid_620006-7_web.jpg","width":600,"height":600,"caption":"boot"},{"@type":"BreadcrumbList","@id":"https:\/\/staging.safetysourcefire.ca\/product\/black-eagle-safety-52-mid-2\/#breadcrumb","itemListElement":[{"@type":"ListItem","position":1,"name":"Home","item":"https:\/\/staging.safetysourcefire.ca\/"},{"@type":"ListItem","position":2,"name":"Products","item":"https:\/\/staging.safetysourcefire.ca\/shop\/"},{"@type":"ListItem","position":3,"name":"Black Eagle Safety 52 Mid"}]},{"@type":"WebSite","@id":"https:\/\/staging.safetysourcefire.ca\/#website","url":"https:\/\/staging.safetysourcefire.ca\/","name":"Safety Source Fire","description":"","publisher":{"@id":"https:\/\/staging.safetysourcefire.ca\/#organization"},"potentialAction":[{"@type":"SearchAction","target":{"@type":"EntryPoint","urlTemplate":"https:\/\/staging.safetysourcefire.ca\/?s={search_term_string}"},"query-input":{"@type":"PropertyValueSpecification","valueRequired":true,"valueName":"search_term_string"}}],"inLanguage":"fr-CA"},{"@type":"Organization","@id":"https:\/\/staging.safetysourcefire.ca\/#organization","name":"Safety Source Fire","url":"https:\/\/staging.safetysourcefire.ca\/","logo":{"@type":"ImageObject","inLanguage":"fr-CA","@id":"https:\/\/staging.safetysourcefire.ca\/#\/schema\/logo\/image\/","url":"https:\/\/staging.safetysourcefire.ca\/wp-content\/uploads\/2021\/01\/SSF_logo_CC0000-3.png","contentUrl":"https:\/\/staging.safetysourcefire.ca\/wp-content\/uploads\/2021\/01\/SSF_logo_CC0000-3.png","width":1107,"height":365,"caption":"Safety Source Fire"},"image":{"@id":"https:\/\/staging.safetysourcefire.ca\/#\/schema\/logo\/image\/"},"sameAs":["https:\/\/www.facebook.com\/mmfssca","https:\/\/x.com\/mmfssca"]}]}},"_links":{"self":[{"href":"https:\/\/staging.safetysourcefire.ca\/fr_ca\/wp-json\/wp\/v2\/product\/25131","targetHints":{"allow":["GET"]}}],"collection":[{"href":"https:\/\/staging.safetysourcefire.ca\/fr_ca\/wp-json\/wp\/v2\/product"}],"about":[{"href":"https:\/\/staging.safetysourcefire.ca\/fr_ca\/wp-json\/wp\/v2\/types\/product"}],"wp:featuredmedia":[{"embeddable":true,"href":"https:\/\/staging.safetysourcefire.ca\/fr_ca\/wp-json\/wp\/v2\/media\/25130"}],"wp:attachment":[{"href":"https:\/\/staging.safetysourcefire.ca\/fr_ca\/wp-json\/wp\/v2\/media?parent=25131"}],"wp:term":[{"taxonomy":"product_brand","embeddable":true,"href":"https:\/\/staging.safetysourcefire.ca\/fr_ca\/wp-json\/wp\/v2\/product_brand?post=25131"},{"taxonomy":"product_cat","embeddable":true,"href":"https:\/\/staging.safetysourcefire.ca\/fr_ca\/wp-json\/wp\/v2\/product_cat?post=25131"},{"taxonomy":"product_tag","embeddable":true,"href":"https:\/\/staging.safetysourcefire.ca\/fr_ca\/wp-json\/wp\/v2\/product_tag?post=25131"}],"curies":[{"name":"wp","href":"https:\/\/api.w.org\/{rel}","templated":true}]}}